{"id":9975,"date":"2026-04-30T03:52:40","date_gmt":"2026-04-30T03:52:40","guid":{"rendered":"https:\/\/nghiepxuan.com\/product\/la-chuoi-dong-lanh-cao-cap-chat-luong-xuat-khau-nghiep-xuan-vietnam\/"},"modified":"2026-04-30T03:52:40","modified_gmt":"2026-04-30T03:52:40","slug":"la-chuoi-dong-lanh-cao-cap-chat-luong-xuat-khau-nghiep-xuan-vietnam","status":"publish","type":"product","link":"https:\/\/nghiepxuan.com\/vi\/product\/la-chuoi-dong-lanh-cao-cap-chat-luong-xuat-khau-nghiep-xuan-vietnam\/","title":{"rendered":"L\u00e1 chu\u1ed1i \u0111\u00f4ng l\u1ea1nh cao c\u1ea5p \u2013 Ch\u1ea5t l\u01b0\u1ee3ng xu\u1ea5t kh\u1ea9u | Nghiep Xuan Vietnam"},"content":{"rendered":"<h3 data-section-id=\"10rmw79\" data-start=\"312\" data-end=\"328\"><span role=\"text\"><strong data-start=\"316\" data-end=\"328\">T\u1ed5ng quan<\/strong><\/span><\/h3>\n<p data-start=\"329\" data-end=\"535\">C\u00f4ng ty Nghiep Xuan cung c\u1ea5p <strong data-start=\"350\" data-end=\"382\">l\u00e1 chu\u1ed1i \u0111\u00f4ng l\u1ea1nh cao c\u1ea5p<\/strong> , \u0111\u01b0\u1ee3c thu ho\u1ea1ch c\u1ea9n th\u1eadn t\u1eeb c\u00e1c \u0111\u1ed3n \u0111i\u1ec1n ch\u1ea5t l\u01b0\u1ee3ng cao t\u1ea1i Vi\u1ec7t Nam v\u00e0 \u0111\u01b0\u1ee3c ch\u1ebf bi\u1ebfn \u0111\u1ec3 gi\u1eef \u0111\u01b0\u1ee3c <strong data-start=\"475\" data-end=\"534\">\u0111\u1ed9 m\u1ec1m d\u1ebbo t\u1ef1 nhi\u00ean, m\u00e0u xanh t\u01b0\u01a1i v\u00e0 \u0111\u1ed9 t\u01b0\u01a1i ngon<\/strong> .<\/p>\n<p data-start=\"537\" data-end=\"716\">L\u00e1 chu\u1ed1i c\u1ee7a ch\u00fang t\u00f4i \u0111\u01b0\u1ee3c s\u1eed d\u1ee5ng r\u1ed9ng r\u00e3i nh\u01b0 gi\u1ea5y g\u00f3i th\u1ef1c ph\u1ea9m t\u1ef1 nhi\u00ean, nguy\u00ean li\u1ec7u n\u1ea5u \u0103n v\u00e0 gi\u1ea3i ph\u00e1p \u0111\u00f3ng g\u00f3i th\u00e2n thi\u1ec7n v\u1edbi m\u00f4i tr\u01b0\u1eddng, l\u00fd t\u01b0\u1edfng cho ng\u00e0nh d\u1ecbch v\u1ee5 th\u1ef1c ph\u1ea9m v\u00e0 c\u00f4ng nghi\u1ec7p to\u00e0n c\u1ea7u.<\/p>\n<hr data-start=\"718\" data-end=\"721\">\n<h3 data-section-id=\"1go9akp\" data-start=\"723\" data-end=\"746\"><span role=\"text\"><strong data-start=\"727\" data-end=\"746\">\ud83c\udf43 C\u00e1c t\u00ednh n\u0103ng ch\u00ednh<\/strong><\/span><\/h3>\n<ul data-start=\"747\" data-end=\"1148\">\n<li data-section-id=\"1pdvxep\" data-start=\"747\" data-end=\"834\"><strong data-start=\"749\" data-end=\"775\">T\u1ef1 nhi\u00ean &amp; Th\u00e2n thi\u1ec7n v\u1edbi m\u00f4i tr\u01b0\u1eddng<\/strong> \u2013 Ph\u00e2n h\u1ee7y sinh h\u1ecdc 100%, l\u00e0 gi\u1ea3i ph\u00e1p thay th\u1ebf b\u1ec1n v\u1eefng cho nh\u1ef1a.<\/li>\n<li data-section-id=\"1xy2vw3\" data-start=\"835\" data-end=\"912\"><strong data-start=\"837\" data-end=\"859\">Linh ho\u1ea1t &amp; B\u1ec1n b\u1ec9<\/strong> \u2013 Gi\u1eef nguy\u00ean \u0111\u1ed9 ch\u1eafc ch\u1eafn sau khi r\u00e3 \u0111\u00f4ng, d\u1ec5 s\u1eed d\u1ee5ng.<\/li>\n<li data-section-id=\"17mf04y\" data-start=\"913\" data-end=\"976\"><strong data-start=\"915\" data-end=\"936\">M\u00e0u xanh t\u01b0\u01a1i m\u00e1t<\/strong> \u2013 Thu h\u00fat th\u1ecb gi\u00e1c khi tr\u00ecnh b\u00e0y.<\/li>\n<li data-section-id=\"1j695l\" data-start=\"977\" data-end=\"1051\"><strong data-start=\"979\" data-end=\"1005\">\u0110\u01b0\u1ee3c ch\u1ebf bi\u1ebfn h\u1ee3p v\u1ec7 sinh<\/strong> \u2013 L\u00e0m s\u1ea1ch v\u00e0 \u0111\u00f4ng l\u1ea1nh theo c\u00e1c ti\u00eau chu\u1ea9n nghi\u00eam ng\u1eb7t.<\/li>\n<li data-section-id=\"1vur9x0\" data-start=\"1052\" data-end=\"1099\"><strong data-start=\"1054\" data-end=\"1070\">S\u1eb5n s\u00e0ng s\u1eed d\u1ee5ng<\/strong> \u2013 \u0110\u00e3 \u0111\u01b0\u1ee3c c\u1eaft s\u1eb5n v\u00e0 d\u1ec5 d\u00e0ng r\u00e3 \u0111\u00f4ng.<\/li>\n<li data-section-id=\"17qjupd\" data-start=\"1100\" data-end=\"1148\"><strong data-start=\"1102\" data-end=\"1123\">Ngu\u1ed3n cung \u1ed5n \u0111\u1ecbnh<\/strong> \u2013 C\u00f3 s\u1eb5n quanh n\u0103m<\/li>\n<\/ul>\n<hr data-start=\"1150\" data-end=\"1153\">\n<h3 data-section-id=\"f701lt\" data-start=\"1155\" data-end=\"1179\"><span role=\"text\"><strong data-start=\"1159\" data-end=\"1179\">\ud83c\udf7d\ufe0f \u0110\u01a1n \u0111\u0103ng k\u00fd<\/strong><\/span><\/h3>\n<p data-start=\"1180\" data-end=\"1224\">Ph\u00f9 h\u1ee3p v\u1edbi nhi\u1ec1u ng\u00e0nh ngh\u1ec1 v\u00e0 n\u1ec1n \u1ea9m th\u1ef1c kh\u00e1c nhau:<\/p>\n<ul data-start=\"1225\" data-end=\"1440\">\n<li data-section-id=\"uqarh4\" data-start=\"1225\" data-end=\"1294\">C\u00e1ch g\u00f3i th\u1ee9c \u0103n truy\u1ec1n th\u1ed1ng (b\u00e1nh g\u1ea1o, h\u00e1 c\u1ea3o, m\u00f3n n\u01b0\u1edbng)<\/li>\n<li data-section-id=\"ihn1pv\" data-start=\"1295\" data-end=\"1345\">Tr\u00ecnh b\u00e0y m\u00f3n \u0103n \u0111\u1eb9p m\u1eaft cho nh\u00e0 h\u00e0ng v\u00e0 d\u1ecbch v\u1ee5 \u0103n u\u1ed1ng<\/li>\n<li data-section-id=\"pzjlv4\" data-start=\"1346\" data-end=\"1393\">\u1ee8ng d\u1ee5ng h\u1ea5p, n\u01b0\u1edbng v\u00e0 quay<\/li>\n<li data-section-id=\"61vwql\" data-start=\"1394\" data-end=\"1440\">Bao b\u00ec th\u00e2n thi\u1ec7n v\u1edbi m\u00f4i tr\u01b0\u1eddng d\u00e0nh cho c\u00e1c doanh nghi\u1ec7p th\u1ef1c ph\u1ea9m<\/li>\n<\/ul>\n<hr data-start=\"1442\" data-end=\"1445\">\n<h3 data-section-id=\"grum48\" data-start=\"1447\" data-end=\"1480\"><span role=\"text\"><strong data-start=\"1451\" data-end=\"1480\">\ud83d\udce6 Th\u00f4ng s\u1ed1 k\u1ef9 thu\u1eadt s\u1ea3n ph\u1ea9m<\/strong><\/span><\/h3>\n<ul data-start=\"1481\" data-end=\"1757\">\n<li data-section-id=\"1h4za6h\" data-start=\"1481\" data-end=\"1544\"><strong data-start=\"1483\" data-end=\"1500\">Lo\u1ea1i s\u1ea3n ph\u1ea9m:<\/strong> L\u00e1 chu\u1ed1i \u0111\u00f4ng l\u1ea1nh (Nguy\u00ean l\u00e1 \/ L\u00e1 c\u1eaft nh\u1ecf)<\/li>\n<li data-section-id=\"yjfiup\" data-start=\"1545\" data-end=\"1581\"><strong data-start=\"1547\" data-end=\"1562\">Quy tr\u00ecnh ch\u1ebf bi\u1ebfn:<\/strong> L\u00e0m s\u1ea1ch &amp; \u0110\u00f4ng l\u1ea1nh<\/li>\n<li data-section-id=\"895jai\" data-start=\"1582\" data-end=\"1605\"><strong data-start=\"1584\" data-end=\"1595\">Xu\u1ea5t x\u1ee9:<\/strong> Vi\u1ec7t Nam<\/li>\n<li data-section-id=\"5d1acd\" data-start=\"1606\" data-end=\"1647\"><strong data-start=\"1608\" data-end=\"1623\">Th\u1eddi h\u1ea1n s\u1eed d\u1ee5ng:<\/strong> 18\u201324 th\u00e1ng \u1edf -18\u00b0C<\/li>\n<li data-section-id=\"hpqp2v\" data-start=\"1648\" data-end=\"1699\"><strong data-start=\"1650\" data-end=\"1664\">\u0110\u00f3ng g\u00f3i:<\/strong> S\u1ed1 l\u01b0\u1ee3ng l\u1edbn \/ B\u00e1n l\u1ebb \/ T\u00f9y ch\u1ec9nh theo y\u00eau c\u1ea7u OEM<\/li>\n<li data-section-id=\"14du7v2\" data-start=\"1700\" data-end=\"1757\"><strong data-start=\"1702\" data-end=\"1719\">T\u00f9y ch\u1ecdn k\u00edch th\u01b0\u1edbc:<\/strong> C\u00f3 th\u1ec3 \u0111\u1eb7t k\u00edch th\u01b0\u1edbc t\u00f9y ch\u1ec9nh theo y\u00eau c\u1ea7u.<\/li>\n<\/ul>\n<hr data-start=\"1759\" data-end=\"1762\">\n<h3 data-section-id=\"1a272qi\" data-start=\"1764\" data-end=\"1798\"><span role=\"text\"><strong data-start=\"1768\" data-end=\"1798\">\ud83d\ude9a T\u1ea1i sao n\u00ean ch\u1ecdn Nghiep Xuan?<\/strong><\/span><\/h3>\n<ul data-start=\"1799\" data-end=\"2071\">\n<li data-section-id=\"u8w0bd\" data-start=\"1799\" data-end=\"1859\">Nh\u00e0 xu\u1ea5t kh\u1ea9u uy t\u00edn <strong data-start=\"1821\" data-end=\"1857\">c\u00e1c s\u1ea3n ph\u1ea9m n\u00f4ng nghi\u1ec7p Vi\u1ec7t Nam.<\/strong><\/li>\n<li data-section-id=\"yzeyas\" data-start=\"1860\" data-end=\"1902\"><strong data-start=\"1869\" data-end=\"1900\">H\u1ec7 th\u1ed1ng h\u1eadu c\u1ea7n chu\u1ed7i cung \u1ee9ng l\u1ea1nh<\/strong> m\u1ea1nh m\u1ebd<\/li>\n<li data-section-id=\"3r6uft\" data-start=\"1903\" data-end=\"1959\">T\u1eadp trung v\u00e0o <strong data-start=\"1914\" data-end=\"1957\">ch\u1ea5t l\u01b0\u1ee3ng, t\u00ednh nh\u1ea5t qu\u00e1n v\u00e0 ti\u00eau chu\u1ea9n v\u1ec7 sinh.<\/strong><\/li>\n<li data-section-id=\"13ucr6z\" data-start=\"1960\" data-end=\"2014\"><strong data-start=\"1971\" data-end=\"2012\">Gi\u1ea3i ph\u00e1p \u0111\u00f3ng g\u00f3i OEM\/nh\u00e3n hi\u1ec7u ri\u00eang<\/strong> linh ho\u1ea1t<\/li>\n<li data-section-id=\"sqpunu\" data-start=\"2015\" data-end=\"2071\">H\u1ed7 tr\u1ee3 <strong data-start=\"2028\" data-end=\"2069\">c\u00e1c s\u1ea3n ph\u1ea9m b\u1ec1n v\u1eefng v\u00e0 th\u00e2n thi\u1ec7n v\u1edbi m\u00f4i tr\u01b0\u1eddng<\/strong><\/li>\n<\/ul>\n<hr data-start=\"2073\" data-end=\"2076\">\n<h3 data-section-id=\"sirax1\" data-start=\"2078\" data-end=\"2100\"><span role=\"text\"><strong data-start=\"2082\" data-end=\"2100\">\ud83d\udce9 Y\u00eau c\u1ea7u th\u00f4ng tin CTA<\/strong><\/span><\/h3>\n<p data-start=\"2101\" data-end=\"2251\">B\u1ea1n \u0111ang t\u00ecm ki\u1ebfm l\u00e1 chu\u1ed1i \u0111\u00f4ng l\u1ea1nh ch\u1ea5t l\u01b0\u1ee3ng cao cho doanh nghi\u1ec7p c\u1ee7a m\u00ecnh?<br data-start=\"2165\" data-end=\"2168\"> \ud83d\udc49 Li\u00ean h\u1ec7 v\u1edbi Nghiep Xuan ngay h\u00f4m nay \u0111\u1ec3 nh\u1eadn <strong data-start=\"2201\" data-end=\"2250\">b\u00e1o gi\u00e1, m\u1eabu s\u1ea3n ph\u1ea9m v\u00e0 h\u1ee3p t\u00e1c l\u00e2u d\u00e0i<\/strong> .<\/p>\n<p data-start=\"2101\" data-end=\"2251\">Email: info@nghiepxuan.com || WhatsApp\/Viber\/Zalo\/Wechat\/Hotline: +84939 345 598<\/p>\n","protected":false},"excerpt":{"rendered":"<p>L\u00e1 chu\u1ed1i \u0111\u00f4ng l\u1ea1nh b\u1ec1n v\u1eefng d\u00f9ng \u0111\u1ec3 g\u00f3i v\u00e0 \u0111\u00f3ng g\u00f3i th\u1ef1c ph\u1ea9m. T\u1ef1 nhi\u00ean, d\u1ebbo dai, ch\u1ea5t l\u01b0\u1ee3ng xu\u1ea5t kh\u1ea9u. Nh\u00e0 cung c\u1ea5p \u0111\u00e1ng tin c\u1eady t\u1ea1i Vi\u1ec7t Nam. Y\u00eau c\u1ea7u b\u00e1o gi\u00e1.   <\/p>\n","protected":false},"featured_media":9964,"comment_status":"open","ping_status":"closed","template":"","meta":{"content-type":""},"product_brand":[],"product_cat":[425],"product_tag":[1188,1190,1189,1160],"class_list":{"0":"post-9975","1":"product","2":"type-product","3":"status-publish","4":"has-post-thumbnail","6":"product_cat-frozen","7":"product_tag-la-chuoi-dong-lanh","8":"product_tag-san-pham-dong-lanh-viet-nam","9":"product_tag-trai-cay-dong-lanh","10":"product_tag-xuat-khau-cua-viet-nam","12":"first","13":"instock","14":"shipping-taxable","15":"product-type-simple"},"yoast_head":"<!-- This site is optimized with the Yoast SEO plugin v26.9 - https:\/\/yoast.com\/product\/yoast-seo-wordpress\/ -->\n<title>L\u00e1 chu\u1ed1i \u0111\u00f4ng l\u1ea1nh cao c\u1ea5p \u2013 Ch\u1ea5t l\u01b0\u1ee3ng xu\u1ea5t kh\u1ea9u | Nghiep Xuan Vietnam - Nghi\u1ec7p Xu\u00e2n - Xu\u1ea5t Nh\u1eadp Kh\u1ea9u N\u00f4ng S\u1ea3n<\/title>\n<meta name=\"description\" content=\"L\u00e1 chu\u1ed1i \u0111\u00f4ng l\u1ea1nh cao c\u1ea5p t\u1eeb Vi\u1ec7t Nam. M\u1ec1m d\u1ebbo, th\u00e2n thi\u1ec7n v\u1edbi m\u00f4i tr\u01b0\u1eddng, \u0111\u1ea1t ti\u00eau chu\u1ea9n an to\u00e0n th\u1ef1c ph\u1ea9m. Cung c\u1ea5p s\u1ed1 l\u01b0\u1ee3ng l\u1edbn &amp; \u0111\u00f3ng g\u00f3i OEM. Li\u00ean h\u1ec7 Nghiep Xuan ngay h\u00f4m nay.\" \/>\n<meta name=\"robots\" content=\"index, follow, max-snippet:-1, max-image-preview:large, max-video-preview:-1\" \/>\n<link rel=\"canonical\" href=\"https:\/\/nghiepxuan.com\/vi\/product\/la-chuoi-dong-lanh-cao-cap-chat-luong-xuat-khau-nghiep-xuan-vietnam\/\" \/>\n<meta property=\"og:locale\" content=\"vi_VN\" \/>\n<meta property=\"og:type\" content=\"article\" \/>\n<meta property=\"og:title\" content=\"L\u00e1 chu\u1ed1i \u0111\u00f4ng l\u1ea1nh cao c\u1ea5p \u2013 Ch\u1ea5t l\u01b0\u1ee3ng xu\u1ea5t kh\u1ea9u | Nghiep Xuan Vietnam - Nghi\u1ec7p Xu\u00e2n - Xu\u1ea5t Nh\u1eadp Kh\u1ea9u N\u00f4ng S\u1ea3n\" \/>\n<meta property=\"og:description\" content=\"L\u00e1 chu\u1ed1i \u0111\u00f4ng l\u1ea1nh cao c\u1ea5p t\u1eeb Vi\u1ec7t Nam. M\u1ec1m d\u1ebbo, th\u00e2n thi\u1ec7n v\u1edbi m\u00f4i tr\u01b0\u1eddng, \u0111\u1ea1t ti\u00eau chu\u1ea9n an to\u00e0n th\u1ef1c ph\u1ea9m. Cung c\u1ea5p s\u1ed1 l\u01b0\u1ee3ng l\u1edbn &amp; \u0111\u00f3ng g\u00f3i OEM. Li\u00ean h\u1ec7 Nghiep Xuan ngay h\u00f4m nay.\" \/>\n<meta property=\"og:url\" content=\"https:\/\/nghiepxuan.com\/vi\/product\/la-chuoi-dong-lanh-cao-cap-chat-luong-xuat-khau-nghiep-xuan-vietnam\/\" \/>\n<meta property=\"og:site_name\" content=\"Nghi\u1ec7p Xu\u00e2n - Xu\u1ea5t Nh\u1eadp Kh\u1ea9u N\u00f4ng S\u1ea3n\" \/>\n<meta property=\"article:publisher\" content=\"https:\/\/www.facebook.com\/nongsannghiepxuan\/\" \/>\n<meta property=\"og:image\" content=\"https:\/\/nghiepxuan.com\/wp-content\/uploads\/2026\/04\/JPEG-image-4118-9BE6-D9-0-228x272.jpeg\" \/>\n\t<meta property=\"og:image:width\" content=\"228\" \/>\n\t<meta property=\"og:image:height\" content=\"272\" \/>\n\t<meta property=\"og:image:type\" content=\"image\/jpeg\" \/>\n<meta name=\"twitter:card\" content=\"summary_large_image\" \/>\n<meta name=\"twitter:site\" content=\"@PhuTonBui\" \/>\n<meta name=\"twitter:label1\" content=\"Est. reading time\" \/>\n\t<meta name=\"twitter:data1\" content=\"3 minutes\" \/>\n<script type=\"application\/ld+json\" class=\"yoast-schema-graph\">{\"@context\":\"https:\/\/schema.org\",\"@graph\":[{\"@type\":\"WebPage\",\"@id\":\"https:\/\/nghiepxuan.com\/vi\/product\/la-chuoi-dong-lanh-cao-cap-chat-luong-xuat-khau-nghiep-xuan-vietnam\/\",\"url\":\"https:\/\/nghiepxuan.com\/vi\/product\/la-chuoi-dong-lanh-cao-cap-chat-luong-xuat-khau-nghiep-xuan-vietnam\/\",\"name\":\"L\u00e1 chu\u1ed1i \u0111\u00f4ng l\u1ea1nh cao c\u1ea5p \u2013 Ch\u1ea5t l\u01b0\u1ee3ng xu\u1ea5t kh\u1ea9u | Nghiep Xuan Vietnam - Nghi\u1ec7p Xu\u00e2n - Xu\u1ea5t Nh\u1eadp Kh\u1ea9u N\u00f4ng S\u1ea3n\",\"isPartOf\":{\"@id\":\"https:\/\/nghiepxuan.com\/vi\/#website\"},\"primaryImageOfPage\":{\"@id\":\"https:\/\/nghiepxuan.com\/vi\/product\/la-chuoi-dong-lanh-cao-cap-chat-luong-xuat-khau-nghiep-xuan-vietnam\/#primaryimage\"},\"image\":{\"@id\":\"https:\/\/nghiepxuan.com\/vi\/product\/la-chuoi-dong-lanh-cao-cap-chat-luong-xuat-khau-nghiep-xuan-vietnam\/#primaryimage\"},\"thumbnailUrl\":\"https:\/\/nghiepxuan.com\/wp-content\/uploads\/2026\/04\/JPEG-image-4118-9BE6-D9-0.jpeg\",\"datePublished\":\"2026-04-30T03:52:40+00:00\",\"description\":\"L\u00e1 chu\u1ed1i \u0111\u00f4ng l\u1ea1nh cao c\u1ea5p t\u1eeb Vi\u1ec7t Nam. M\u1ec1m d\u1ebbo, th\u00e2n thi\u1ec7n v\u1edbi m\u00f4i tr\u01b0\u1eddng, \u0111\u1ea1t ti\u00eau chu\u1ea9n an to\u00e0n th\u1ef1c ph\u1ea9m. Cung c\u1ea5p s\u1ed1 l\u01b0\u1ee3ng l\u1edbn & \u0111\u00f3ng g\u00f3i OEM. Li\u00ean h\u1ec7 Nghiep Xuan ngay h\u00f4m nay.\",\"breadcrumb\":{\"@id\":\"https:\/\/nghiepxuan.com\/vi\/product\/la-chuoi-dong-lanh-cao-cap-chat-luong-xuat-khau-nghiep-xuan-vietnam\/#breadcrumb\"},\"inLanguage\":\"vi-VN\",\"potentialAction\":[{\"@type\":\"ReadAction\",\"target\":[\"https:\/\/nghiepxuan.com\/vi\/product\/la-chuoi-dong-lanh-cao-cap-chat-luong-xuat-khau-nghiep-xuan-vietnam\/\"]}]},{\"@type\":\"ImageObject\",\"inLanguage\":\"vi-VN\",\"@id\":\"https:\/\/nghiepxuan.com\/vi\/product\/la-chuoi-dong-lanh-cao-cap-chat-luong-xuat-khau-nghiep-xuan-vietnam\/#primaryimage\",\"url\":\"https:\/\/nghiepxuan.com\/wp-content\/uploads\/2026\/04\/JPEG-image-4118-9BE6-D9-0.jpeg\",\"contentUrl\":\"https:\/\/nghiepxuan.com\/wp-content\/uploads\/2026\/04\/JPEG-image-4118-9BE6-D9-0.jpeg\",\"width\":2145,\"height\":2560,\"caption\":\"Frozen banana leaves\"},{\"@type\":\"BreadcrumbList\",\"@id\":\"https:\/\/nghiepxuan.com\/vi\/product\/la-chuoi-dong-lanh-cao-cap-chat-luong-xuat-khau-nghiep-xuan-vietnam\/#breadcrumb\",\"itemListElement\":[{\"@type\":\"ListItem\",\"position\":1,\"name\":\"Home\",\"item\":\"https:\/\/nghiepxuan.com\/vi\/\"},{\"@type\":\"ListItem\",\"position\":2,\"name\":\"C\u1eeda h\u00e0ng\",\"item\":\"https:\/\/nghiepxuan.com\/vi\/shop\/\"},{\"@type\":\"ListItem\",\"position\":3,\"name\":\"L\u00e1 chu\u1ed1i \u0111\u00f4ng l\u1ea1nh cao c\u1ea5p \u2013 Ch\u1ea5t l\u01b0\u1ee3ng xu\u1ea5t kh\u1ea9u | Nghiep Xuan Vietnam\"}]},{\"@type\":\"WebSite\",\"@id\":\"https:\/\/nghiepxuan.com\/vi\/#website\",\"url\":\"https:\/\/nghiepxuan.com\/vi\/\",\"name\":\"Nghiep Xuan - Agricultural Import and Export\",\"description\":\"Nu\u00f4i d\u01b0\u1ee1ng thi\u00ean nhi\u00ean, thu ho\u1ea1ch s\u1ee9c kh\u1ecfe: \u0110i\u1ec3m \u0111\u1ebfn l\u1ed1i s\u1ed1ng h\u1eefu c\u01a1 c\u1ee7a b\u1ea1n\",\"publisher\":{\"@id\":\"https:\/\/nghiepxuan.com\/vi\/#organization\"},\"potentialAction\":[{\"@type\":\"SearchAction\",\"target\":{\"@type\":\"EntryPoint\",\"urlTemplate\":\"https:\/\/nghiepxuan.com\/vi\/?s={search_term_string}\"},\"query-input\":{\"@type\":\"PropertyValueSpecification\",\"valueRequired\":true,\"valueName\":\"search_term_string\"}}],\"inLanguage\":\"vi-VN\"},{\"@type\":\"Organization\",\"@id\":\"https:\/\/nghiepxuan.com\/vi\/#organization\",\"name\":\"Nghiep Xuan - Agricultural Import and Export\",\"url\":\"https:\/\/nghiepxuan.com\/vi\/\",\"logo\":{\"@type\":\"ImageObject\",\"inLanguage\":\"vi-VN\",\"@id\":\"https:\/\/nghiepxuan.com\/vi\/#\/schema\/logo\/image\/\",\"url\":\"https:\/\/nghiepxuan.com\/wp-content\/uploads\/2025\/04\/Nghiep-Xuan-Logo-4.png\",\"contentUrl\":\"https:\/\/nghiepxuan.com\/wp-content\/uploads\/2025\/04\/Nghiep-Xuan-Logo-4.png\",\"width\":4167,\"height\":1015,\"caption\":\"Nghiep Xuan - Agricultural Import and Export\"},\"image\":{\"@id\":\"https:\/\/nghiepxuan.com\/vi\/#\/schema\/logo\/image\/\"},\"sameAs\":[\"https:\/\/www.facebook.com\/nongsannghiepxuan\/\",\"https:\/\/x.com\/PhuTonBui\",\"https:\/\/www.instagram.com\/xuatnhapkhaunghiepxuan\/\",\"https:\/\/www.youtube.com\/@nongsannghiepxuan2066\",\"https:\/\/www.tiktok.com\/@nghiepxuan\"]}]}<\/script>\n<!-- \/ Yoast SEO plugin. -->","yoast_head_json":{"title":"L\u00e1 chu\u1ed1i \u0111\u00f4ng l\u1ea1nh cao c\u1ea5p \u2013 Ch\u1ea5t l\u01b0\u1ee3ng xu\u1ea5t kh\u1ea9u | Nghiep Xuan Vietnam - Nghi\u1ec7p Xu\u00e2n - Xu\u1ea5t Nh\u1eadp Kh\u1ea9u N\u00f4ng S\u1ea3n","description":"L\u00e1 chu\u1ed1i \u0111\u00f4ng l\u1ea1nh cao c\u1ea5p t\u1eeb Vi\u1ec7t Nam. M\u1ec1m d\u1ebbo, th\u00e2n thi\u1ec7n v\u1edbi m\u00f4i tr\u01b0\u1eddng, \u0111\u1ea1t ti\u00eau chu\u1ea9n an to\u00e0n th\u1ef1c ph\u1ea9m. Cung c\u1ea5p s\u1ed1 l\u01b0\u1ee3ng l\u1edbn & \u0111\u00f3ng g\u00f3i OEM. Li\u00ean h\u1ec7 Nghiep Xuan ngay h\u00f4m nay.","robots":{"index":"index","follow":"follow","max-snippet":"max-snippet:-1","max-image-preview":"max-image-preview:large","max-video-preview":"max-video-preview:-1"},"canonical":"https:\/\/nghiepxuan.com\/vi\/product\/la-chuoi-dong-lanh-cao-cap-chat-luong-xuat-khau-nghiep-xuan-vietnam\/","og_locale":"vi_VN","og_type":"article","og_title":"L\u00e1 chu\u1ed1i \u0111\u00f4ng l\u1ea1nh cao c\u1ea5p \u2013 Ch\u1ea5t l\u01b0\u1ee3ng xu\u1ea5t kh\u1ea9u | Nghiep Xuan Vietnam - Nghi\u1ec7p Xu\u00e2n - Xu\u1ea5t Nh\u1eadp Kh\u1ea9u N\u00f4ng S\u1ea3n","og_description":"L\u00e1 chu\u1ed1i \u0111\u00f4ng l\u1ea1nh cao c\u1ea5p t\u1eeb Vi\u1ec7t Nam. M\u1ec1m d\u1ebbo, th\u00e2n thi\u1ec7n v\u1edbi m\u00f4i tr\u01b0\u1eddng, \u0111\u1ea1t ti\u00eau chu\u1ea9n an to\u00e0n th\u1ef1c ph\u1ea9m. Cung c\u1ea5p s\u1ed1 l\u01b0\u1ee3ng l\u1edbn & \u0111\u00f3ng g\u00f3i OEM. Li\u00ean h\u1ec7 Nghiep Xuan ngay h\u00f4m nay.","og_url":"https:\/\/nghiepxuan.com\/vi\/product\/la-chuoi-dong-lanh-cao-cap-chat-luong-xuat-khau-nghiep-xuan-vietnam\/","og_site_name":"Nghi\u1ec7p Xu\u00e2n - Xu\u1ea5t Nh\u1eadp Kh\u1ea9u N\u00f4ng S\u1ea3n","article_publisher":"https:\/\/www.facebook.com\/nongsannghiepxuan\/","og_image":[{"width":228,"height":272,"url":"https:\/\/nghiepxuan.com\/wp-content\/uploads\/2026\/04\/JPEG-image-4118-9BE6-D9-0-228x272.jpeg","type":"image\/jpeg"}],"twitter_card":"summary_large_image","twitter_site":"@PhuTonBui","twitter_misc":{"Est. reading time":"3 minutes"},"schema":{"@context":"https:\/\/schema.org","@graph":[{"@type":"WebPage","@id":"https:\/\/nghiepxuan.com\/vi\/product\/la-chuoi-dong-lanh-cao-cap-chat-luong-xuat-khau-nghiep-xuan-vietnam\/","url":"https:\/\/nghiepxuan.com\/vi\/product\/la-chuoi-dong-lanh-cao-cap-chat-luong-xuat-khau-nghiep-xuan-vietnam\/","name":"L\u00e1 chu\u1ed1i \u0111\u00f4ng l\u1ea1nh cao c\u1ea5p \u2013 Ch\u1ea5t l\u01b0\u1ee3ng xu\u1ea5t kh\u1ea9u | Nghiep Xuan Vietnam - Nghi\u1ec7p Xu\u00e2n - Xu\u1ea5t Nh\u1eadp Kh\u1ea9u N\u00f4ng S\u1ea3n","isPartOf":{"@id":"https:\/\/nghiepxuan.com\/vi\/#website"},"primaryImageOfPage":{"@id":"https:\/\/nghiepxuan.com\/vi\/product\/la-chuoi-dong-lanh-cao-cap-chat-luong-xuat-khau-nghiep-xuan-vietnam\/#primaryimage"},"image":{"@id":"https:\/\/nghiepxuan.com\/vi\/product\/la-chuoi-dong-lanh-cao-cap-chat-luong-xuat-khau-nghiep-xuan-vietnam\/#primaryimage"},"thumbnailUrl":"https:\/\/nghiepxuan.com\/wp-content\/uploads\/2026\/04\/JPEG-image-4118-9BE6-D9-0.jpeg","datePublished":"2026-04-30T03:52:40+00:00","description":"L\u00e1 chu\u1ed1i \u0111\u00f4ng l\u1ea1nh cao c\u1ea5p t\u1eeb Vi\u1ec7t Nam. M\u1ec1m d\u1ebbo, th\u00e2n thi\u1ec7n v\u1edbi m\u00f4i tr\u01b0\u1eddng, \u0111\u1ea1t ti\u00eau chu\u1ea9n an to\u00e0n th\u1ef1c ph\u1ea9m. Cung c\u1ea5p s\u1ed1 l\u01b0\u1ee3ng l\u1edbn & \u0111\u00f3ng g\u00f3i OEM. Li\u00ean h\u1ec7 Nghiep Xuan ngay h\u00f4m nay.","breadcrumb":{"@id":"https:\/\/nghiepxuan.com\/vi\/product\/la-chuoi-dong-lanh-cao-cap-chat-luong-xuat-khau-nghiep-xuan-vietnam\/#breadcrumb"},"inLanguage":"vi-VN","potentialAction":[{"@type":"ReadAction","target":["https:\/\/nghiepxuan.com\/vi\/product\/la-chuoi-dong-lanh-cao-cap-chat-luong-xuat-khau-nghiep-xuan-vietnam\/"]}]},{"@type":"ImageObject","inLanguage":"vi-VN","@id":"https:\/\/nghiepxuan.com\/vi\/product\/la-chuoi-dong-lanh-cao-cap-chat-luong-xuat-khau-nghiep-xuan-vietnam\/#primaryimage","url":"https:\/\/nghiepxuan.com\/wp-content\/uploads\/2026\/04\/JPEG-image-4118-9BE6-D9-0.jpeg","contentUrl":"https:\/\/nghiepxuan.com\/wp-content\/uploads\/2026\/04\/JPEG-image-4118-9BE6-D9-0.jpeg","width":2145,"height":2560,"caption":"Frozen banana leaves"},{"@type":"BreadcrumbList","@id":"https:\/\/nghiepxuan.com\/vi\/product\/la-chuoi-dong-lanh-cao-cap-chat-luong-xuat-khau-nghiep-xuan-vietnam\/#breadcrumb","itemListElement":[{"@type":"ListItem","position":1,"name":"Home","item":"https:\/\/nghiepxuan.com\/vi\/"},{"@type":"ListItem","position":2,"name":"C\u1eeda h\u00e0ng","item":"https:\/\/nghiepxuan.com\/vi\/shop\/"},{"@type":"ListItem","position":3,"name":"L\u00e1 chu\u1ed1i \u0111\u00f4ng l\u1ea1nh cao c\u1ea5p \u2013 Ch\u1ea5t l\u01b0\u1ee3ng xu\u1ea5t kh\u1ea9u | Nghiep Xuan Vietnam"}]},{"@type":"WebSite","@id":"https:\/\/nghiepxuan.com\/vi\/#website","url":"https:\/\/nghiepxuan.com\/vi\/","name":"Nghiep Xuan - Agricultural Import and Export","description":"Nu\u00f4i d\u01b0\u1ee1ng thi\u00ean nhi\u00ean, thu ho\u1ea1ch s\u1ee9c kh\u1ecfe: \u0110i\u1ec3m \u0111\u1ebfn l\u1ed1i s\u1ed1ng h\u1eefu c\u01a1 c\u1ee7a b\u1ea1n","publisher":{"@id":"https:\/\/nghiepxuan.com\/vi\/#organization"},"potentialAction":[{"@type":"SearchAction","target":{"@type":"EntryPoint","urlTemplate":"https:\/\/nghiepxuan.com\/vi\/?s={search_term_string}"},"query-input":{"@type":"PropertyValueSpecification","valueRequired":true,"valueName":"search_term_string"}}],"inLanguage":"vi-VN"},{"@type":"Organization","@id":"https:\/\/nghiepxuan.com\/vi\/#organization","name":"Nghiep Xuan - Agricultural Import and Export","url":"https:\/\/nghiepxuan.com\/vi\/","logo":{"@type":"ImageObject","inLanguage":"vi-VN","@id":"https:\/\/nghiepxuan.com\/vi\/#\/schema\/logo\/image\/","url":"https:\/\/nghiepxuan.com\/wp-content\/uploads\/2025\/04\/Nghiep-Xuan-Logo-4.png","contentUrl":"https:\/\/nghiepxuan.com\/wp-content\/uploads\/2025\/04\/Nghiep-Xuan-Logo-4.png","width":4167,"height":1015,"caption":"Nghiep Xuan - Agricultural Import and Export"},"image":{"@id":"https:\/\/nghiepxuan.com\/vi\/#\/schema\/logo\/image\/"},"sameAs":["https:\/\/www.facebook.com\/nongsannghiepxuan\/","https:\/\/x.com\/PhuTonBui","https:\/\/www.instagram.com\/xuatnhapkhaunghiepxuan\/","https:\/\/www.youtube.com\/@nongsannghiepxuan2066","https:\/\/www.tiktok.com\/@nghiepxuan"]}]}},"_links":{"self":[{"href":"https:\/\/nghiepxuan.com\/vi\/wp-json\/wp\/v2\/product\/9975","targetHints":{"allow":["GET"]}}],"collection":[{"href":"https:\/\/nghiepxuan.com\/vi\/wp-json\/wp\/v2\/product"}],"about":[{"href":"https:\/\/nghiepxuan.com\/vi\/wp-json\/wp\/v2\/types\/product"}],"replies":[{"embeddable":true,"href":"https:\/\/nghiepxuan.com\/vi\/wp-json\/wp\/v2\/comments?post=9975"}],"version-history":[{"count":0,"href":"https:\/\/nghiepxuan.com\/vi\/wp-json\/wp\/v2\/product\/9975\/revisions"}],"wp:featuredmedia":[{"embeddable":true,"href":"https:\/\/nghiepxuan.com\/vi\/wp-json\/wp\/v2\/media\/9964"}],"wp:attachment":[{"href":"https:\/\/nghiepxuan.com\/vi\/wp-json\/wp\/v2\/media?parent=9975"}],"wp:term":[{"taxonomy":"product_brand","embeddable":true,"href":"https:\/\/nghiepxuan.com\/vi\/wp-json\/wp\/v2\/product_brand?post=9975"},{"taxonomy":"product_cat","embeddable":true,"href":"https:\/\/nghiepxuan.com\/vi\/wp-json\/wp\/v2\/product_cat?post=9975"},{"taxonomy":"product_tag","embeddable":true,"href":"https:\/\/nghiepxuan.com\/vi\/wp-json\/wp\/v2\/product_tag?post=9975"}],"curies":[{"name":"wp","href":"https:\/\/api.w.org\/{rel}","templated":true}]}}