{"id":9923,"date":"2026-04-30T03:40:40","date_gmt":"2026-04-30T03:40:40","guid":{"rendered":"https:\/\/nghiepxuan.com\/product\/ot-do-dong-lanh-cao-cap-chat-luong-xuat-khau-nghiep-xuan-viet-nam\/"},"modified":"2026-04-30T03:40:40","modified_gmt":"2026-04-30T03:40:40","slug":"ot-do-dong-lanh-cao-cap-chat-luong-xuat-khau-nghiep-xuan-viet-nam","status":"publish","type":"product","link":"https:\/\/nghiepxuan.com\/vi\/product\/ot-do-dong-lanh-cao-cap-chat-luong-xuat-khau-nghiep-xuan-viet-nam\/","title":{"rendered":"\u1edat \u0111\u1ecf \u0111\u00f4ng l\u1ea1nh cao c\u1ea5p \u2013 Ch\u1ea5t l\u01b0\u1ee3ng xu\u1ea5t kh\u1ea9u | Nghiep Xuan, Vi\u1ec7t Nam"},"content":{"rendered":"<h3 data-section-id=\"10rmw79\" data-start=\"362\" data-end=\"378\"><span role=\"text\"><strong data-start=\"366\" data-end=\"378\">T\u1ed5ng quan<\/strong><\/span><\/h3>\n<p data-start=\"379\" data-end=\"603\">Nghiep Xuan cung c\u1ea5p <strong data-start=\"398\" data-end=\"433\">\u1edbt \u0111\u1ecf \u0111\u00f4ng l\u1ea1nh cao c\u1ea5p (IQF)<\/strong> , \u0111\u01b0\u1ee3c thu ho\u1ea1ch t\u1eeb c\u00e1c trang tr\u1ea1i \u0111\u01b0\u1ee3c l\u1ef1a ch\u1ecdn k\u1ef9 l\u01b0\u1ee1ng t\u1ea1i Vi\u1ec7t Nam v\u00e0 ch\u1ebf bi\u1ebfn b\u1eb1ng c\u00f4ng ngh\u1ec7 \u0111\u00f4ng l\u1ea1nh ti\u00ean ti\u1ebfn \u0111\u1ec3 gi\u1eef \u0111\u01b0\u1ee3c <strong data-start=\"549\" data-end=\"602\">\u0111\u1ed9 cay t\u1ef1 nhi\u00ean, m\u00e0u \u0111\u1ecf t\u01b0\u01a1i v\u00e0 h\u01b0\u01a1ng v\u1ecb t\u01b0\u01a1i ngon<\/strong> .<\/p>\n<p data-start=\"605\" data-end=\"751\">\u1edat \u0111\u1ecf \u0111\u00f4ng l\u1ea1nh c\u1ee7a ch\u00fang t\u00f4i r\u1ea5t l\u00fd t\u01b0\u1edfng cho <strong data-start=\"640\" data-end=\"705\">c\u00e1c nh\u00e0 s\u1ea3n xu\u1ea5t th\u1ef1c ph\u1ea9m, c\u00e1c nh\u00e0 ch\u1ebf bi\u1ebfn gia v\u1ecb v\u00e0 c\u00e1c nh\u00e0 ph\u00e2n ph\u1ed1i to\u00e0n c\u1ea7u<\/strong> \u0111ang t\u00ecm ki\u1ebfm ch\u1ea5t l\u01b0\u1ee3ng \u1ed5n \u0111\u1ecbnh v\u00e0 ngu\u1ed3n cung b\u1ec1n v\u1eefng.<\/p>\n<hr data-start=\"753\" data-end=\"756\">\n<h3 data-section-id=\"vkanar\" data-start=\"758\" data-end=\"782\"><span role=\"text\"><strong data-start=\"762\" data-end=\"782\">\ud83c\udf36\ufe0f C\u00e1c t\u00ednh n\u0103ng ch\u00ednh<\/strong><\/span><\/h3>\n<ul data-start=\"783\" data-end=\"1151\">\n<li data-section-id=\"1v05lko\" data-start=\"783\" data-end=\"844\"><strong data-start=\"785\" data-end=\"816\">\u0110\u1ed9 cay n\u1ed3ng &amp; H\u01b0\u01a1ng v\u1ecb \u0111\u1eadm \u0111\u00e0<\/strong> \u2013 H\u01b0\u01a1ng v\u1ecb cay \u0111\u1eb7c tr\u01b0ng \u0111\u00edch th\u1ef1c.<\/li>\n<li data-section-id=\"ffx0dx\" data-start=\"845\" data-end=\"901\"><strong data-start=\"847\" data-end=\"865\">C\u00f4ng ngh\u1ec7 IQF<\/strong> \u2013 Gi\u1eef g\u00ecn \u0111\u1ed9 t\u01b0\u01a1i ngon v\u00e0 k\u1ebft c\u1ea5u.<\/li>\n<li data-section-id=\"476tpv\" data-start=\"902\" data-end=\"963\"><strong data-start=\"904\" data-end=\"928\">M\u00e0u s\u1eafc t\u1ef1 nhi\u00ean t\u01b0\u01a1i s\u00e1ng<\/strong> \u2013 V\u1ebb ngo\u00e0i \u0111\u1ecf \u0111\u1eadm h\u1ea5p d\u1eabn<\/li>\n<li data-section-id=\"16zuj4u\" data-start=\"964\" data-end=\"1016\"><strong data-start=\"966\" data-end=\"982\">100% t\u1ef1 nhi\u00ean<\/strong> \u2013 Kh\u00f4ng ch\u1ea5t ph\u1ee5 gia hay ch\u1ea5t b\u1ea3o qu\u1ea3n<\/li>\n<li data-section-id=\"1puak36\" data-start=\"1017\" data-end=\"1082\"><strong data-start=\"1019\" data-end=\"1039\">\u0110\u1ecbnh d\u1ea1ng linh ho\u1ea1t<\/strong> \u2013 Nguy\u00ean qu\u1ea3, th\u00e1i l\u00e1t, b\u0103m nh\u1ecf ho\u1eb7c d\u1ea1ng nhuy\u1ec5n.<\/li>\n<li data-section-id=\"cweks5\" data-start=\"1083\" data-end=\"1151\"><strong data-start=\"1085\" data-end=\"1117\">Ki\u1ec3m so\u00e1t ch\u1ea5t l\u01b0\u1ee3ng \u0111\u1ea1t ti\u00eau chu\u1ea9n xu\u1ea5t kh\u1ea9u<\/strong> \u2013 \u0110\u00e1p \u1ee9ng c\u00e1c ti\u00eau chu\u1ea9n qu\u1ed1c t\u1ebf<\/li>\n<\/ul>\n<hr data-start=\"1153\" data-end=\"1156\">\n<h3 data-section-id=\"f701lt\" data-start=\"1158\" data-end=\"1182\"><span role=\"text\"><strong data-start=\"1162\" data-end=\"1182\">\ud83c\udf7d\ufe0f \u0110\u01a1n \u0111\u0103ng k\u00fd<\/strong><\/span><\/h3>\n<p data-start=\"1183\" data-end=\"1232\">Th\u00edch h\u1ee3p cho nhi\u1ec1u m\u1ee5c \u0111\u00edch s\u1eed d\u1ee5ng trong c\u00f4ng nghi\u1ec7p v\u00e0 \u1ea9m th\u1ef1c:<\/p>\n<ul data-start=\"1233\" data-end=\"1402\">\n<li data-section-id=\"33jgbz\" data-start=\"1233\" data-end=\"1283\">S\u1ea3n xu\u1ea5t n\u01b0\u1edbc s\u1ed1t, t\u01b0\u01a1ng \u1edbt v\u00e0 gia v\u1ecb<\/li>\n<li data-section-id=\"12lxq67\" data-start=\"1284\" data-end=\"1317\">C\u00e1c b\u1eefa \u0103n \u0111\u00f4ng l\u1ea1nh v\u00e0 \u0103n li\u1ec1n<\/li>\n<li data-section-id=\"18zx0t0\" data-start=\"1318\" data-end=\"1357\">\u1ea8m th\u1ef1c ch\u00e2u \u00c1, Mexico v\u00e0 qu\u1ed1c t\u1ebf<\/li>\n<li data-section-id=\"1rn0b24\" data-start=\"1358\" data-end=\"1402\">Chu\u1ed7i cung \u1ee9ng d\u1ecbch v\u1ee5 \u0103n u\u1ed1ng v\u00e0 nh\u00e0 h\u00e0ng<\/li>\n<\/ul>\n<hr data-start=\"1404\" data-end=\"1407\">\n<h3 data-section-id=\"grum48\" data-start=\"1409\" data-end=\"1442\"><span role=\"text\"><strong data-start=\"1413\" data-end=\"1442\">\ud83d\udce6 Th\u00f4ng s\u1ed1 k\u1ef9 thu\u1eadt s\u1ea3n ph\u1ea9m<\/strong><\/span><\/h3>\n<ul data-start=\"1443\" data-end=\"1743\">\n<li data-section-id=\"1yexywc\" data-start=\"1443\" data-end=\"1506\"><strong data-start=\"1445\" data-end=\"1462\">Lo\u1ea1i s\u1ea3n ph\u1ea9m:<\/strong> \u1edat \u0111\u1ecf \u0111\u00f4ng l\u1ea1nh (Nguy\u00ean qu\u1ea3 \/ C\u1eaft kh\u00fac \/ B\u0103m nh\u1ecf)<\/li>\n<li data-section-id=\"1mfsgr9\" data-start=\"1507\" data-end=\"1558\"><strong data-start=\"1509\" data-end=\"1524\">Ph\u01b0\u01a1ng ph\u00e1p ch\u1ebf bi\u1ebfn:<\/strong> IQF (\u0110\u00f4ng l\u1ea1nh nhanh t\u1eebng ph\u1ea7n)<\/li>\n<li data-section-id=\"895jai\" data-start=\"1559\" data-end=\"1582\"><strong data-start=\"1561\" data-end=\"1572\">Xu\u1ea5t x\u1ee9:<\/strong> Vi\u1ec7t Nam<\/li>\n<li data-section-id=\"5d1acd\" data-start=\"1583\" data-end=\"1624\"><strong data-start=\"1585\" data-end=\"1600\">Th\u1eddi h\u1ea1n s\u1eed d\u1ee5ng:<\/strong> 18\u201324 th\u00e1ng \u1edf -18\u00b0C<\/li>\n<li data-section-id=\"8l7ax0\" data-start=\"1625\" data-end=\"1673\"><strong data-start=\"1627\" data-end=\"1641\">\u0110\u00f3ng g\u00f3i:<\/strong> S\u1ed1 l\u01b0\u1ee3ng l\u1edbn \/ B\u00e1n l\u1ebb \/ OEM \u0111\u1ec1u c\u00f3 s\u1eb5n<\/li>\n<li data-section-id=\"1ynrigw\" data-start=\"1674\" data-end=\"1743\"><strong data-start=\"1676\" data-end=\"1695\">Ch\u1ee9ng nh\u1eadn:<\/strong> C\u00f3 s\u1eb5n theo y\u00eau c\u1ea7u (GlobalGAP, ISO, v.v.)<\/li>\n<\/ul>\n<hr data-start=\"1745\" data-end=\"1748\">\n<h3 data-section-id=\"1a272qi\" data-start=\"1750\" data-end=\"1784\"><span role=\"text\"><strong data-start=\"1754\" data-end=\"1784\">\ud83d\ude9a T\u1ea1i sao n\u00ean ch\u1ecdn Nghiep Xuan?<\/strong><\/span><\/h3>\n<ul data-start=\"1785\" data-end=\"2059\">\n<li data-section-id=\"1v18uxo\" data-start=\"1785\" data-end=\"1856\"><strong data-start=\"1799\" data-end=\"1854\">Nh\u00e0 xu\u1ea5t kh\u1ea9u n\u00f4ng s\u1ea3n \u0111\u00f4ng l\u1ea1nh gi\u00e0u kinh nghi\u1ec7m c\u1ee7a Vi\u1ec7t Nam.<\/strong><\/li>\n<li data-section-id=\"x54rxg\" data-start=\"1857\" data-end=\"1916\"><strong data-start=\"1866\" data-end=\"1914\">H\u1ec7 th\u1ed1ng chu\u1ed7i cung \u1ee9ng l\u1ea1nh m\u1ea1nh m\u1ebd \u0111\u1ea3m b\u1ea3o ch\u1ea5t l\u01b0\u1ee3ng s\u1ea3n ph\u1ea9m.<\/strong><\/li>\n<li data-section-id=\"itwb2v\" data-start=\"1917\" data-end=\"1960\"><strong data-start=\"1928\" data-end=\"1958\">Kh\u1ea3 n\u0103ng cung c\u1ea5p \u1ed5n \u0111\u1ecbnh quanh n\u0103m<\/strong><\/li>\n<li data-section-id=\"yfb7h\" data-start=\"1961\" data-end=\"2007\"><strong data-start=\"1972\" data-end=\"2005\">Gi\u1ea3i ph\u00e1p OEM v\u00e0 nh\u00e3n hi\u1ec7u ri\u00eang<\/strong> linh ho\u1ea1t<\/li>\n<li data-section-id=\"1qxssst\" data-start=\"2008\" data-end=\"2059\">Cam k\u1ebft x\u00e2y d\u1ef1ng <strong data-start=\"2024\" data-end=\"2057\">quan h\u1ec7 \u0111\u1ed1i t\u00e1c to\u00e0n c\u1ea7u l\u00e2u d\u00e0i<\/strong><\/li>\n<\/ul>\n<hr data-start=\"2061\" data-end=\"2064\">\n<h3 data-section-id=\"sirax1\" data-start=\"2066\" data-end=\"2088\"><span role=\"text\"><strong data-start=\"2070\" data-end=\"2088\">\ud83d\udce9 Y\u00eau c\u1ea7u th\u00f4ng tin CTA<\/strong><\/span><\/h3>\n<p data-start=\"2089\" data-end=\"2229\">B\u1ea1n \u0111ang t\u00ecm ki\u1ebfm nh\u00e0 cung c\u1ea5p \u1edbt \u0111\u1ecf \u0111\u00f4ng l\u1ea1nh \u0111\u00e1ng tin c\u1eady?<br data-start=\"2141\" data-end=\"2144\"> \ud83d\udc49 Li\u00ean h\u1ec7 v\u1edbi Nghiep Xuan ngay h\u00f4m nay \u0111\u1ec3 bi\u1ebft <strong data-start=\"2177\" data-end=\"2228\">gi\u00e1 c\u1ea3, m\u1eabu s\u1ea3n ph\u1ea9m v\u00e0 c\u01a1 h\u1ed9i h\u1ee3p t\u00e1c<\/strong> .<\/p>\n<p data-start=\"2089\" data-end=\"2229\">Email: info@nghiepxuan.com || WhatsApp\/Viber\/Zalo\/Wechat\/Hotline: +84939 345 598<\/p>\n","protected":false},"excerpt":{"rendered":"<p>\u1edat \u0111\u1ecf \u0111\u00f4ng l\u1ea1nh cao c\u1ea5p t\u1eeb Vi\u1ec7t Nam. \u0110\u1ed9 cay m\u1ea1nh, m\u00e0u s\u1eafc t\u01b0\u01a1i t\u1eafn, cung c\u1ea5p s\u1ed1 l\u01b0\u1ee3ng l\u1edbn v\u00e0 \u0111\u00f3ng g\u00f3i theo y\u00eau c\u1ea7u (OEM). Li\u00ean h\u1ec7 Nghi Xu\u00e2n \u0111\u1ec3 nh\u1eadn b\u00e1o gi\u00e1 t\u1ed1t nh\u1ea5t.  <\/p>\n","protected":false},"featured_media":9911,"comment_status":"open","ping_status":"closed","template":"","meta":{"content-type":""},"product_brand":[],"product_cat":[425],"product_tag":[1159,1139,1140,1160],"class_list":{"0":"post-9923","1":"product","2":"type-product","3":"status-publish","4":"has-post-thumbnail","6":"product_cat-frozen","7":"product_tag-ot-do-dong-lanh","8":"product_tag-san-pham-dong-lanh","9":"product_tag-trai-cay-dong-lanh-viet-nam","10":"product_tag-xuat-khau-cua-viet-nam","12":"first","13":"instock","14":"shipping-taxable","15":"product-type-simple"},"yoast_head":"<!-- This site is optimized with the Yoast SEO plugin v26.9 - https:\/\/yoast.com\/product\/yoast-seo-wordpress\/ -->\n<title>\u1edat \u0111\u1ecf \u0111\u00f4ng l\u1ea1nh cao c\u1ea5p \u2013 Ch\u1ea5t l\u01b0\u1ee3ng xu\u1ea5t kh\u1ea9u | Nghiep Xuan, Vi\u1ec7t Nam - Nghi\u1ec7p Xu\u00e2n - Xu\u1ea5t Nh\u1eadp Kh\u1ea9u N\u00f4ng S\u1ea3n<\/title>\n<meta name=\"description\" content=\"\u1edat \u0111\u1ecf \u0111\u00f4ng l\u1ea1nh IQF cao c\u1ea5p t\u1eeb Vi\u1ec7t Nam. \u0110\u1ed9 cay m\u1ea1nh, m\u00e0u s\u1eafc t\u01b0\u01a1i t\u1eafn, cung c\u1ea5p s\u1ed1 l\u01b0\u1ee3ng l\u1edbn v\u00e0 \u0111\u00f3ng g\u00f3i theo y\u00eau c\u1ea7u (OEM). Li\u00ean h\u1ec7 Nghiep Xuan \u0111\u1ec3 nh\u1eadn b\u00e1o gi\u00e1 t\u1ed1t nh\u1ea5t.\" \/>\n<meta name=\"robots\" content=\"index, follow, max-snippet:-1, max-image-preview:large, max-video-preview:-1\" \/>\n<link rel=\"canonical\" href=\"https:\/\/nghiepxuan.com\/vi\/product\/ot-do-dong-lanh-cao-cap-chat-luong-xuat-khau-nghiep-xuan-viet-nam\/\" \/>\n<meta property=\"og:locale\" content=\"vi_VN\" \/>\n<meta property=\"og:type\" content=\"article\" \/>\n<meta property=\"og:title\" content=\"\u1edat \u0111\u1ecf \u0111\u00f4ng l\u1ea1nh cao c\u1ea5p \u2013 Ch\u1ea5t l\u01b0\u1ee3ng xu\u1ea5t kh\u1ea9u | Nghiep Xuan, Vi\u1ec7t Nam - Nghi\u1ec7p Xu\u00e2n - Xu\u1ea5t Nh\u1eadp Kh\u1ea9u N\u00f4ng S\u1ea3n\" \/>\n<meta property=\"og:description\" content=\"\u1edat \u0111\u1ecf \u0111\u00f4ng l\u1ea1nh IQF cao c\u1ea5p t\u1eeb Vi\u1ec7t Nam. \u0110\u1ed9 cay m\u1ea1nh, m\u00e0u s\u1eafc t\u01b0\u01a1i t\u1eafn, cung c\u1ea5p s\u1ed1 l\u01b0\u1ee3ng l\u1edbn v\u00e0 \u0111\u00f3ng g\u00f3i theo y\u00eau c\u1ea7u (OEM). Li\u00ean h\u1ec7 Nghiep Xuan \u0111\u1ec3 nh\u1eadn b\u00e1o gi\u00e1 t\u1ed1t nh\u1ea5t.\" \/>\n<meta property=\"og:url\" content=\"https:\/\/nghiepxuan.com\/vi\/product\/ot-do-dong-lanh-cao-cap-chat-luong-xuat-khau-nghiep-xuan-viet-nam\/\" \/>\n<meta property=\"og:site_name\" content=\"Nghi\u1ec7p Xu\u00e2n - Xu\u1ea5t Nh\u1eadp Kh\u1ea9u N\u00f4ng S\u1ea3n\" \/>\n<meta property=\"article:publisher\" content=\"https:\/\/www.facebook.com\/nongsannghiepxuan\/\" \/>\n<meta property=\"og:image\" content=\"https:\/\/nghiepxuan.com\/wp-content\/uploads\/2026\/04\/JPEG-image-417C-8265-97-0-204x272.jpeg\" \/>\n\t<meta property=\"og:image:width\" content=\"204\" \/>\n\t<meta property=\"og:image:height\" content=\"272\" \/>\n\t<meta property=\"og:image:type\" content=\"image\/jpeg\" \/>\n<meta name=\"twitter:card\" content=\"summary_large_image\" \/>\n<meta name=\"twitter:site\" content=\"@PhuTonBui\" \/>\n<meta name=\"twitter:label1\" content=\"Est. reading time\" \/>\n\t<meta name=\"twitter:data1\" content=\"3 minutes\" \/>\n<script type=\"application\/ld+json\" class=\"yoast-schema-graph\">{\"@context\":\"https:\/\/schema.org\",\"@graph\":[{\"@type\":\"WebPage\",\"@id\":\"https:\/\/nghiepxuan.com\/vi\/product\/ot-do-dong-lanh-cao-cap-chat-luong-xuat-khau-nghiep-xuan-viet-nam\/\",\"url\":\"https:\/\/nghiepxuan.com\/vi\/product\/ot-do-dong-lanh-cao-cap-chat-luong-xuat-khau-nghiep-xuan-viet-nam\/\",\"name\":\"\u1edat \u0111\u1ecf \u0111\u00f4ng l\u1ea1nh cao c\u1ea5p \u2013 Ch\u1ea5t l\u01b0\u1ee3ng xu\u1ea5t kh\u1ea9u | Nghiep Xuan, Vi\u1ec7t Nam - Nghi\u1ec7p Xu\u00e2n - Xu\u1ea5t Nh\u1eadp Kh\u1ea9u N\u00f4ng S\u1ea3n\",\"isPartOf\":{\"@id\":\"https:\/\/nghiepxuan.com\/vi\/#website\"},\"primaryImageOfPage\":{\"@id\":\"https:\/\/nghiepxuan.com\/vi\/product\/ot-do-dong-lanh-cao-cap-chat-luong-xuat-khau-nghiep-xuan-viet-nam\/#primaryimage\"},\"image\":{\"@id\":\"https:\/\/nghiepxuan.com\/vi\/product\/ot-do-dong-lanh-cao-cap-chat-luong-xuat-khau-nghiep-xuan-viet-nam\/#primaryimage\"},\"thumbnailUrl\":\"https:\/\/nghiepxuan.com\/wp-content\/uploads\/2026\/04\/JPEG-image-417C-8265-97-0.jpeg\",\"datePublished\":\"2026-04-30T03:40:40+00:00\",\"description\":\"\u1edat \u0111\u1ecf \u0111\u00f4ng l\u1ea1nh IQF cao c\u1ea5p t\u1eeb Vi\u1ec7t Nam. \u0110\u1ed9 cay m\u1ea1nh, m\u00e0u s\u1eafc t\u01b0\u01a1i t\u1eafn, cung c\u1ea5p s\u1ed1 l\u01b0\u1ee3ng l\u1edbn v\u00e0 \u0111\u00f3ng g\u00f3i theo y\u00eau c\u1ea7u (OEM). Li\u00ean h\u1ec7 Nghiep Xuan \u0111\u1ec3 nh\u1eadn b\u00e1o gi\u00e1 t\u1ed1t nh\u1ea5t.\",\"breadcrumb\":{\"@id\":\"https:\/\/nghiepxuan.com\/vi\/product\/ot-do-dong-lanh-cao-cap-chat-luong-xuat-khau-nghiep-xuan-viet-nam\/#breadcrumb\"},\"inLanguage\":\"vi-VN\",\"potentialAction\":[{\"@type\":\"ReadAction\",\"target\":[\"https:\/\/nghiepxuan.com\/vi\/product\/ot-do-dong-lanh-cao-cap-chat-luong-xuat-khau-nghiep-xuan-viet-nam\/\"]}]},{\"@type\":\"ImageObject\",\"inLanguage\":\"vi-VN\",\"@id\":\"https:\/\/nghiepxuan.com\/vi\/product\/ot-do-dong-lanh-cao-cap-chat-luong-xuat-khau-nghiep-xuan-viet-nam\/#primaryimage\",\"url\":\"https:\/\/nghiepxuan.com\/wp-content\/uploads\/2026\/04\/JPEG-image-417C-8265-97-0.jpeg\",\"contentUrl\":\"https:\/\/nghiepxuan.com\/wp-content\/uploads\/2026\/04\/JPEG-image-417C-8265-97-0.jpeg\",\"width\":1920,\"height\":2560,\"caption\":\"Frozen Red Chilli\"},{\"@type\":\"BreadcrumbList\",\"@id\":\"https:\/\/nghiepxuan.com\/vi\/product\/ot-do-dong-lanh-cao-cap-chat-luong-xuat-khau-nghiep-xuan-viet-nam\/#breadcrumb\",\"itemListElement\":[{\"@type\":\"ListItem\",\"position\":1,\"name\":\"Home\",\"item\":\"https:\/\/nghiepxuan.com\/vi\/\"},{\"@type\":\"ListItem\",\"position\":2,\"name\":\"C\u1eeda h\u00e0ng\",\"item\":\"https:\/\/nghiepxuan.com\/vi\/shop\/\"},{\"@type\":\"ListItem\",\"position\":3,\"name\":\"\u1edat \u0111\u1ecf \u0111\u00f4ng l\u1ea1nh cao c\u1ea5p \u2013 Ch\u1ea5t l\u01b0\u1ee3ng xu\u1ea5t kh\u1ea9u | Nghiep Xuan, Vi\u1ec7t Nam\"}]},{\"@type\":\"WebSite\",\"@id\":\"https:\/\/nghiepxuan.com\/vi\/#website\",\"url\":\"https:\/\/nghiepxuan.com\/vi\/\",\"name\":\"Nghiep Xuan - Agricultural Import and Export\",\"description\":\"Nu\u00f4i d\u01b0\u1ee1ng thi\u00ean nhi\u00ean, thu ho\u1ea1ch s\u1ee9c kh\u1ecfe: \u0110i\u1ec3m \u0111\u1ebfn l\u1ed1i s\u1ed1ng h\u1eefu c\u01a1 c\u1ee7a b\u1ea1n\",\"publisher\":{\"@id\":\"https:\/\/nghiepxuan.com\/vi\/#organization\"},\"potentialAction\":[{\"@type\":\"SearchAction\",\"target\":{\"@type\":\"EntryPoint\",\"urlTemplate\":\"https:\/\/nghiepxuan.com\/vi\/?s={search_term_string}\"},\"query-input\":{\"@type\":\"PropertyValueSpecification\",\"valueRequired\":true,\"valueName\":\"search_term_string\"}}],\"inLanguage\":\"vi-VN\"},{\"@type\":\"Organization\",\"@id\":\"https:\/\/nghiepxuan.com\/vi\/#organization\",\"name\":\"Nghiep Xuan - Agricultural Import and Export\",\"url\":\"https:\/\/nghiepxuan.com\/vi\/\",\"logo\":{\"@type\":\"ImageObject\",\"inLanguage\":\"vi-VN\",\"@id\":\"https:\/\/nghiepxuan.com\/vi\/#\/schema\/logo\/image\/\",\"url\":\"https:\/\/nghiepxuan.com\/wp-content\/uploads\/2025\/04\/Nghiep-Xuan-Logo-4.png\",\"contentUrl\":\"https:\/\/nghiepxuan.com\/wp-content\/uploads\/2025\/04\/Nghiep-Xuan-Logo-4.png\",\"width\":4167,\"height\":1015,\"caption\":\"Nghiep Xuan - Agricultural Import and Export\"},\"image\":{\"@id\":\"https:\/\/nghiepxuan.com\/vi\/#\/schema\/logo\/image\/\"},\"sameAs\":[\"https:\/\/www.facebook.com\/nongsannghiepxuan\/\",\"https:\/\/x.com\/PhuTonBui\",\"https:\/\/www.instagram.com\/xuatnhapkhaunghiepxuan\/\",\"https:\/\/www.youtube.com\/@nongsannghiepxuan2066\",\"https:\/\/www.tiktok.com\/@nghiepxuan\"]}]}<\/script>\n<!-- \/ Yoast SEO plugin. -->","yoast_head_json":{"title":"\u1edat \u0111\u1ecf \u0111\u00f4ng l\u1ea1nh cao c\u1ea5p \u2013 Ch\u1ea5t l\u01b0\u1ee3ng xu\u1ea5t kh\u1ea9u | Nghiep Xuan, Vi\u1ec7t Nam - Nghi\u1ec7p Xu\u00e2n - Xu\u1ea5t Nh\u1eadp Kh\u1ea9u N\u00f4ng S\u1ea3n","description":"\u1edat \u0111\u1ecf \u0111\u00f4ng l\u1ea1nh IQF cao c\u1ea5p t\u1eeb Vi\u1ec7t Nam. \u0110\u1ed9 cay m\u1ea1nh, m\u00e0u s\u1eafc t\u01b0\u01a1i t\u1eafn, cung c\u1ea5p s\u1ed1 l\u01b0\u1ee3ng l\u1edbn v\u00e0 \u0111\u00f3ng g\u00f3i theo y\u00eau c\u1ea7u (OEM). Li\u00ean h\u1ec7 Nghiep Xuan \u0111\u1ec3 nh\u1eadn b\u00e1o gi\u00e1 t\u1ed1t nh\u1ea5t.","robots":{"index":"index","follow":"follow","max-snippet":"max-snippet:-1","max-image-preview":"max-image-preview:large","max-video-preview":"max-video-preview:-1"},"canonical":"https:\/\/nghiepxuan.com\/vi\/product\/ot-do-dong-lanh-cao-cap-chat-luong-xuat-khau-nghiep-xuan-viet-nam\/","og_locale":"vi_VN","og_type":"article","og_title":"\u1edat \u0111\u1ecf \u0111\u00f4ng l\u1ea1nh cao c\u1ea5p \u2013 Ch\u1ea5t l\u01b0\u1ee3ng xu\u1ea5t kh\u1ea9u | Nghiep Xuan, Vi\u1ec7t Nam - Nghi\u1ec7p Xu\u00e2n - Xu\u1ea5t Nh\u1eadp Kh\u1ea9u N\u00f4ng S\u1ea3n","og_description":"\u1edat \u0111\u1ecf \u0111\u00f4ng l\u1ea1nh IQF cao c\u1ea5p t\u1eeb Vi\u1ec7t Nam. \u0110\u1ed9 cay m\u1ea1nh, m\u00e0u s\u1eafc t\u01b0\u01a1i t\u1eafn, cung c\u1ea5p s\u1ed1 l\u01b0\u1ee3ng l\u1edbn v\u00e0 \u0111\u00f3ng g\u00f3i theo y\u00eau c\u1ea7u (OEM). Li\u00ean h\u1ec7 Nghiep Xuan \u0111\u1ec3 nh\u1eadn b\u00e1o gi\u00e1 t\u1ed1t nh\u1ea5t.","og_url":"https:\/\/nghiepxuan.com\/vi\/product\/ot-do-dong-lanh-cao-cap-chat-luong-xuat-khau-nghiep-xuan-viet-nam\/","og_site_name":"Nghi\u1ec7p Xu\u00e2n - Xu\u1ea5t Nh\u1eadp Kh\u1ea9u N\u00f4ng S\u1ea3n","article_publisher":"https:\/\/www.facebook.com\/nongsannghiepxuan\/","og_image":[{"width":204,"height":272,"url":"https:\/\/nghiepxuan.com\/wp-content\/uploads\/2026\/04\/JPEG-image-417C-8265-97-0-204x272.jpeg","type":"image\/jpeg"}],"twitter_card":"summary_large_image","twitter_site":"@PhuTonBui","twitter_misc":{"Est. reading time":"3 minutes"},"schema":{"@context":"https:\/\/schema.org","@graph":[{"@type":"WebPage","@id":"https:\/\/nghiepxuan.com\/vi\/product\/ot-do-dong-lanh-cao-cap-chat-luong-xuat-khau-nghiep-xuan-viet-nam\/","url":"https:\/\/nghiepxuan.com\/vi\/product\/ot-do-dong-lanh-cao-cap-chat-luong-xuat-khau-nghiep-xuan-viet-nam\/","name":"\u1edat \u0111\u1ecf \u0111\u00f4ng l\u1ea1nh cao c\u1ea5p \u2013 Ch\u1ea5t l\u01b0\u1ee3ng xu\u1ea5t kh\u1ea9u | Nghiep Xuan, Vi\u1ec7t Nam - Nghi\u1ec7p Xu\u00e2n - Xu\u1ea5t Nh\u1eadp Kh\u1ea9u N\u00f4ng S\u1ea3n","isPartOf":{"@id":"https:\/\/nghiepxuan.com\/vi\/#website"},"primaryImageOfPage":{"@id":"https:\/\/nghiepxuan.com\/vi\/product\/ot-do-dong-lanh-cao-cap-chat-luong-xuat-khau-nghiep-xuan-viet-nam\/#primaryimage"},"image":{"@id":"https:\/\/nghiepxuan.com\/vi\/product\/ot-do-dong-lanh-cao-cap-chat-luong-xuat-khau-nghiep-xuan-viet-nam\/#primaryimage"},"thumbnailUrl":"https:\/\/nghiepxuan.com\/wp-content\/uploads\/2026\/04\/JPEG-image-417C-8265-97-0.jpeg","datePublished":"2026-04-30T03:40:40+00:00","description":"\u1edat \u0111\u1ecf \u0111\u00f4ng l\u1ea1nh IQF cao c\u1ea5p t\u1eeb Vi\u1ec7t Nam. \u0110\u1ed9 cay m\u1ea1nh, m\u00e0u s\u1eafc t\u01b0\u01a1i t\u1eafn, cung c\u1ea5p s\u1ed1 l\u01b0\u1ee3ng l\u1edbn v\u00e0 \u0111\u00f3ng g\u00f3i theo y\u00eau c\u1ea7u (OEM). Li\u00ean h\u1ec7 Nghiep Xuan \u0111\u1ec3 nh\u1eadn b\u00e1o gi\u00e1 t\u1ed1t nh\u1ea5t.","breadcrumb":{"@id":"https:\/\/nghiepxuan.com\/vi\/product\/ot-do-dong-lanh-cao-cap-chat-luong-xuat-khau-nghiep-xuan-viet-nam\/#breadcrumb"},"inLanguage":"vi-VN","potentialAction":[{"@type":"ReadAction","target":["https:\/\/nghiepxuan.com\/vi\/product\/ot-do-dong-lanh-cao-cap-chat-luong-xuat-khau-nghiep-xuan-viet-nam\/"]}]},{"@type":"ImageObject","inLanguage":"vi-VN","@id":"https:\/\/nghiepxuan.com\/vi\/product\/ot-do-dong-lanh-cao-cap-chat-luong-xuat-khau-nghiep-xuan-viet-nam\/#primaryimage","url":"https:\/\/nghiepxuan.com\/wp-content\/uploads\/2026\/04\/JPEG-image-417C-8265-97-0.jpeg","contentUrl":"https:\/\/nghiepxuan.com\/wp-content\/uploads\/2026\/04\/JPEG-image-417C-8265-97-0.jpeg","width":1920,"height":2560,"caption":"Frozen Red Chilli"},{"@type":"BreadcrumbList","@id":"https:\/\/nghiepxuan.com\/vi\/product\/ot-do-dong-lanh-cao-cap-chat-luong-xuat-khau-nghiep-xuan-viet-nam\/#breadcrumb","itemListElement":[{"@type":"ListItem","position":1,"name":"Home","item":"https:\/\/nghiepxuan.com\/vi\/"},{"@type":"ListItem","position":2,"name":"C\u1eeda h\u00e0ng","item":"https:\/\/nghiepxuan.com\/vi\/shop\/"},{"@type":"ListItem","position":3,"name":"\u1edat \u0111\u1ecf \u0111\u00f4ng l\u1ea1nh cao c\u1ea5p \u2013 Ch\u1ea5t l\u01b0\u1ee3ng xu\u1ea5t kh\u1ea9u | Nghiep Xuan, Vi\u1ec7t Nam"}]},{"@type":"WebSite","@id":"https:\/\/nghiepxuan.com\/vi\/#website","url":"https:\/\/nghiepxuan.com\/vi\/","name":"Nghiep Xuan - Agricultural Import and Export","description":"Nu\u00f4i d\u01b0\u1ee1ng thi\u00ean nhi\u00ean, thu ho\u1ea1ch s\u1ee9c kh\u1ecfe: \u0110i\u1ec3m \u0111\u1ebfn l\u1ed1i s\u1ed1ng h\u1eefu c\u01a1 c\u1ee7a b\u1ea1n","publisher":{"@id":"https:\/\/nghiepxuan.com\/vi\/#organization"},"potentialAction":[{"@type":"SearchAction","target":{"@type":"EntryPoint","urlTemplate":"https:\/\/nghiepxuan.com\/vi\/?s={search_term_string}"},"query-input":{"@type":"PropertyValueSpecification","valueRequired":true,"valueName":"search_term_string"}}],"inLanguage":"vi-VN"},{"@type":"Organization","@id":"https:\/\/nghiepxuan.com\/vi\/#organization","name":"Nghiep Xuan - Agricultural Import and Export","url":"https:\/\/nghiepxuan.com\/vi\/","logo":{"@type":"ImageObject","inLanguage":"vi-VN","@id":"https:\/\/nghiepxuan.com\/vi\/#\/schema\/logo\/image\/","url":"https:\/\/nghiepxuan.com\/wp-content\/uploads\/2025\/04\/Nghiep-Xuan-Logo-4.png","contentUrl":"https:\/\/nghiepxuan.com\/wp-content\/uploads\/2025\/04\/Nghiep-Xuan-Logo-4.png","width":4167,"height":1015,"caption":"Nghiep Xuan - Agricultural Import and Export"},"image":{"@id":"https:\/\/nghiepxuan.com\/vi\/#\/schema\/logo\/image\/"},"sameAs":["https:\/\/www.facebook.com\/nongsannghiepxuan\/","https:\/\/x.com\/PhuTonBui","https:\/\/www.instagram.com\/xuatnhapkhaunghiepxuan\/","https:\/\/www.youtube.com\/@nongsannghiepxuan2066","https:\/\/www.tiktok.com\/@nghiepxuan"]}]}},"_links":{"self":[{"href":"https:\/\/nghiepxuan.com\/vi\/wp-json\/wp\/v2\/product\/9923","targetHints":{"allow":["GET"]}}],"collection":[{"href":"https:\/\/nghiepxuan.com\/vi\/wp-json\/wp\/v2\/product"}],"about":[{"href":"https:\/\/nghiepxuan.com\/vi\/wp-json\/wp\/v2\/types\/product"}],"replies":[{"embeddable":true,"href":"https:\/\/nghiepxuan.com\/vi\/wp-json\/wp\/v2\/comments?post=9923"}],"version-history":[{"count":0,"href":"https:\/\/nghiepxuan.com\/vi\/wp-json\/wp\/v2\/product\/9923\/revisions"}],"wp:featuredmedia":[{"embeddable":true,"href":"https:\/\/nghiepxuan.com\/vi\/wp-json\/wp\/v2\/media\/9911"}],"wp:attachment":[{"href":"https:\/\/nghiepxuan.com\/vi\/wp-json\/wp\/v2\/media?parent=9923"}],"wp:term":[{"taxonomy":"product_brand","embeddable":true,"href":"https:\/\/nghiepxuan.com\/vi\/wp-json\/wp\/v2\/product_brand?post=9923"},{"taxonomy":"product_cat","embeddable":true,"href":"https:\/\/nghiepxuan.com\/vi\/wp-json\/wp\/v2\/product_cat?post=9923"},{"taxonomy":"product_tag","embeddable":true,"href":"https:\/\/nghiepxuan.com\/vi\/wp-json\/wp\/v2\/product_tag?post=9923"}],"curies":[{"name":"wp","href":"https:\/\/api.w.org\/{rel}","templated":true}]}}