{"id":9869,"date":"2026-04-30T03:27:11","date_gmt":"2026-04-30T03:27:11","guid":{"rendered":"https:\/\/nghiepxuan.com\/product\/sa-dong-lanh-cao-cap-chat-luong-xuat-khau-nghiep-xuan-vietnam\/"},"modified":"2026-04-30T03:27:11","modified_gmt":"2026-04-30T03:27:11","slug":"sa-dong-lanh-cao-cap-chat-luong-xuat-khau-nghiep-xuan-vietnam","status":"publish","type":"product","link":"https:\/\/nghiepxuan.com\/vi\/product\/sa-dong-lanh-cao-cap-chat-luong-xuat-khau-nghiep-xuan-vietnam\/","title":{"rendered":"S\u1ea3 \u0111\u00f4ng l\u1ea1nh cao c\u1ea5p \u2013 Ch\u1ea5t l\u01b0\u1ee3ng xu\u1ea5t kh\u1ea9u | Nghiep Xuan Vietnam"},"content":{"rendered":"<h3 data-section-id=\"10rmw79\" data-start=\"311\" data-end=\"327\"><span role=\"text\"><strong data-start=\"315\" data-end=\"327\">T\u1ed5ng quan<\/strong><\/span><\/h3>\n<p data-start=\"328\" data-end=\"562\">C\u00f4ng ty Nghiep Xuan t\u1ef1 h\u00e0o gi\u1edbi thi\u1ec7u <strong data-start=\"355\" data-end=\"390\">S\u1ea3 \u0111\u00f4ng l\u1ea1nh cao c\u1ea5p<\/strong> , \u0111\u01b0\u1ee3c tuy\u1ec3n ch\u1ecdn k\u1ef9 l\u01b0\u1ee1ng t\u1eeb c\u00e1c trang tr\u1ea1i ch\u1ea5t l\u01b0\u1ee3ng cao t\u1ea1i Vi\u1ec7t Nam v\u00e0 ch\u1ebf bi\u1ebfn b\u1eb1ng c\u00f4ng ngh\u1ec7 \u0111\u00f4ng l\u1ea1nh ti\u00ean ti\u1ebfn \u0111\u1ec3 gi\u1eef tr\u1ecdn <strong data-start=\"511\" data-end=\"561\">h\u01b0\u01a1ng th\u01a1m t\u01b0\u01a1i m\u00e1t, v\u1ecb t\u1ef1 nhi\u00ean v\u00e0 m\u00e0u s\u1eafc t\u01b0\u01a1i t\u1eafn<\/strong> .<\/p>\n<p data-start=\"564\" data-end=\"733\">S\u1ea3 \u0111\u00f4ng l\u1ea1nh c\u1ee7a ch\u00fang t\u00f4i l\u00e0 s\u1ef1 l\u1ef1a ch\u1ecdn tuy\u1ec7t v\u1eddi cho c\u00e1c nh\u00e0 s\u1ea3n xu\u1ea5t th\u1ef1c ph\u1ea9m, nh\u00e0 h\u00e0ng v\u00e0 nh\u00e0 ph\u00e2n ph\u1ed1i qu\u1ed1c t\u1ebf c\u1ea7n ch\u1ea5t l\u01b0\u1ee3ng \u1ed5n \u0111\u1ecbnh v\u00e0 ngu\u1ed3n cung \u0111\u00e1ng tin c\u1eady cho th\u1ecb tr\u01b0\u1eddng to\u00e0n c\u1ea7u.<\/p>\n<h3 data-section-id=\"pqwi63\" data-start=\"740\" data-end=\"763\"><span role=\"text\"><strong data-start=\"744\" data-end=\"763\">\ud83c\udf31 C\u00e1c t\u00ednh n\u0103ng ch\u00ednh<\/strong><\/span><\/h3>\n<ul data-start=\"764\" data-end=\"1153\">\n<li data-section-id=\"16zuj4u\" data-start=\"764\" data-end=\"816\"><strong data-start=\"766\" data-end=\"782\">100% t\u1ef1 nhi\u00ean<\/strong> \u2013 Kh\u00f4ng ch\u1ea5t ph\u1ee5 gia hay ch\u1ea5t b\u1ea3o qu\u1ea3n<\/li>\n<li data-section-id=\"b1xbsj\" data-start=\"817\" data-end=\"889\"><strong data-start=\"819\" data-end=\"837\">C\u00f4ng ngh\u1ec7 IQF<\/strong> \u2013 \u0110\u00f4ng l\u1ea1nh nhanh t\u1eebng s\u1ea3n ph\u1ea9m \u0111\u1ec3 duy tr\u00ec \u0111\u1ed9 t\u01b0\u01a1i ngon.<\/li>\n<li data-section-id=\"jl4ko6\" data-start=\"890\" data-end=\"961\"><strong data-start=\"892\" data-end=\"917\">H\u01b0\u01a1ng th\u01a1m v\u00e0 v\u1ecb \u0111\u1eadm \u0111\u00e0<\/strong> \u2013 H\u01b0\u01a1ng v\u1ecb s\u1ea3 \u0111\u1eb7c tr\u01b0ng c\u1ee7a Vi\u1ec7t Nam.<\/li>\n<li data-section-id=\"1nww1p\" data-start=\"962\" data-end=\"1026\"><strong data-start=\"964\" data-end=\"990\">C\u00f3 nhi\u1ec1u ki\u1ec3u c\u1eaft \u0111\u1ed3ng \u0111\u1ec1u<\/strong> \u2013 Th\u00e2n c\u00e2y nguy\u00ean v\u1eb9n, th\u00e1i l\u00e1t ho\u1eb7c b\u0103m nh\u1ecf.<\/li>\n<li data-section-id=\"76kt9m\" data-start=\"1027\" data-end=\"1099\"><strong data-start=\"1029\" data-end=\"1055\">Ki\u1ec3m so\u00e1t ch\u1ea5t l\u01b0\u1ee3ng nghi\u00eam ng\u1eb7t<\/strong> \u2013 S\u1ea3n ph\u1ea9m \u0111\u01b0\u1ee3c ch\u1ebf bi\u1ebfn theo ti\u00eau chu\u1ea9n qu\u1ed1c t\u1ebf.<\/li>\n<li data-section-id=\"197pont\" data-start=\"1100\" data-end=\"1153\"><strong data-start=\"1102\" data-end=\"1125\">Chu\u1ed7i cung \u1ee9ng \u1ed5n \u0111\u1ecbnh<\/strong> \u2013 C\u00f3 s\u1eb5n quanh n\u0103m<\/li>\n<\/ul>\n<hr data-start=\"1155\" data-end=\"1158\">\n<h3 data-section-id=\"f701lt\" data-start=\"1160\" data-end=\"1184\"><span role=\"text\"><strong data-start=\"1164\" data-end=\"1184\">\ud83c\udf7d\ufe0f \u0110\u01a1n \u0111\u0103ng k\u00fd<\/strong><\/span><\/h3>\n<p data-start=\"1185\" data-end=\"1242\">Th\u00edch h\u1ee3p cho nhi\u1ec1u m\u1ee5c \u0111\u00edch s\u1eed d\u1ee5ng trong \u1ea9m th\u1ef1c v\u00e0 c\u00f4ng nghi\u1ec7p:<\/p>\n<ul data-start=\"1243\" data-end=\"1411\">\n<li data-section-id=\"uqk4pp\" data-start=\"1243\" data-end=\"1294\">\u1ea8m th\u1ef1c ch\u00e2u \u00c1 (m\u00f3n Th\u00e1i, m\u00f3n Vi\u1ec7t, m\u00f3n \u1ea4n \u0110\u1ed9)<\/li>\n<li data-section-id=\"bpxnsa\" data-start=\"1295\" data-end=\"1328\">S\u00fap, c\u00e0 ri v\u00e0 n\u01b0\u1edbc s\u1ed1t \u01b0\u1edbp<\/li>\n<li data-section-id=\"gik96f\" data-start=\"1329\" data-end=\"1364\">S\u1ea3n xu\u1ea5t n\u01b0\u1edbc s\u1ed1t v\u00e0 gia v\u1ecb<\/li>\n<li data-section-id=\"4j6s4s\" data-start=\"1365\" data-end=\"1411\">S\u1ea3n xu\u1ea5t th\u1ef1c ph\u1ea9m \u0103n li\u1ec1n v\u00e0 \u0111\u00f4ng l\u1ea1nh<\/li>\n<\/ul>\n<hr data-start=\"1413\" data-end=\"1416\">\n<h3 data-section-id=\"grum48\" data-start=\"1418\" data-end=\"1451\"><span role=\"text\"><strong data-start=\"1422\" data-end=\"1451\">\ud83d\udce6 Th\u00f4ng s\u1ed1 k\u1ef9 thu\u1eadt s\u1ea3n ph\u1ea9m<\/strong><\/span><\/h3>\n<ul data-start=\"1452\" data-end=\"1756\">\n<li data-section-id=\"126vdfs\" data-start=\"1452\" data-end=\"1514\"><strong data-start=\"1454\" data-end=\"1471\">Lo\u1ea1i s\u1ea3n ph\u1ea9m:<\/strong> S\u1ea3 \u0111\u00f4ng l\u1ea1nh (Nguy\u00ean c\u00e2y \/ C\u1eaft kh\u00fac \/ B\u0103m nh\u1ecf)<\/li>\n<li data-section-id=\"1mfsgr9\" data-start=\"1515\" data-end=\"1566\"><strong data-start=\"1517\" data-end=\"1532\">Ph\u01b0\u01a1ng ph\u00e1p ch\u1ebf bi\u1ebfn:<\/strong> IQF (\u0110\u00f4ng l\u1ea1nh nhanh t\u1eebng ph\u1ea7n)<\/li>\n<li data-section-id=\"895jai\" data-start=\"1567\" data-end=\"1590\"><strong data-start=\"1569\" data-end=\"1580\">Xu\u1ea5t x\u1ee9:<\/strong> Vi\u1ec7t Nam<\/li>\n<li data-section-id=\"5d1acd\" data-start=\"1591\" data-end=\"1632\"><strong data-start=\"1593\" data-end=\"1608\">Th\u1eddi h\u1ea1n s\u1eed d\u1ee5ng:<\/strong> 18\u201324 th\u00e1ng \u1edf -18\u00b0C<\/li>\n<li data-section-id=\"1oonqk6\" data-start=\"1633\" data-end=\"1686\"><strong data-start=\"1635\" data-end=\"1649\">Bao b\u00ec:<\/strong> C\u00f3 th\u1ec3 t\u00f9y ch\u1ec9nh (B\u00e1n l\u1ebb \/ S\u1ed1 l\u01b0\u1ee3ng l\u1edbn \/ OEM)<\/li>\n<li data-section-id=\"1ynrigw\" data-start=\"1687\" data-end=\"1756\"><strong data-start=\"1689\" data-end=\"1708\">Ch\u1ee9ng nh\u1eadn:<\/strong> C\u00f3 s\u1eb5n theo y\u00eau c\u1ea7u (GlobalGAP, ISO, v.v.)<\/li>\n<\/ul>\n<hr data-start=\"1758\" data-end=\"1761\">\n<h3 data-section-id=\"1a272qi\" data-start=\"1763\" data-end=\"1797\"><span role=\"text\"><strong data-start=\"1767\" data-end=\"1797\">\ud83d\ude9a T\u1ea1i sao n\u00ean ch\u1ecdn Nghiep Xuan?<\/strong><\/span><\/h3>\n<ul data-start=\"1798\" data-end=\"2072\">\n<li data-section-id=\"pis8qb\" data-start=\"1798\" data-end=\"1865\"><strong data-start=\"1808\" data-end=\"1863\">Nh\u00e0 xu\u1ea5t kh\u1ea9u n\u00f4ng s\u1ea3n \u0111\u00f4ng l\u1ea1nh uy t\u00edn c\u1ee7a Vi\u1ec7t Nam.<\/strong><\/li>\n<li data-section-id=\"1dluc3p\" data-start=\"1866\" data-end=\"1934\">Kinh nghi\u1ec7m chuy\u00ean s\u00e2u v\u1ec1 <strong data-start=\"1888\" data-end=\"1932\">logistics chu\u1ed7i cung \u1ee9ng l\u1ea1nh v\u00e0 v\u1eadn chuy\u1ec3n to\u00e0n c\u1ea7u.<\/strong><\/li>\n<li data-section-id=\"6kqz28\" data-start=\"1935\" data-end=\"2002\">Cam k\u1ebft <strong data-start=\"1951\" data-end=\"2000\">ch\u1ea5t l\u01b0\u1ee3ng \u1ed5n \u0111\u1ecbnh v\u00e0 quan h\u1ec7 \u0111\u1ed1i t\u00e1c l\u00e2u d\u00e0i<\/strong><\/li>\n<li data-section-id=\"9r4hrz\" data-start=\"2003\" data-end=\"2072\"><strong data-start=\"2014\" data-end=\"2045\">Gi\u1ea3i ph\u00e1p OEM\/Nh\u00e3n hi\u1ec7u ri\u00eang<\/strong> linh ho\u1ea1t d\u00e0nh cho ng\u01b0\u1eddi mua qu\u1ed1c t\u1ebf.<\/li>\n<\/ul>\n<hr data-start=\"2074\" data-end=\"2077\">\n<h3 data-section-id=\"6a2jx1\" data-start=\"2079\" data-end=\"2107\"><span role=\"text\"><strong data-start=\"2083\" data-end=\"2107\">\ud83d\udce9 Y\u00eau c\u1ea7u &amp; Li\u00ean h\u1ec7<\/strong><\/span><\/h3>\n<p data-start=\"2108\" data-end=\"2251\">B\u1ea1n \u0111ang t\u00ecm ki\u1ebfm nh\u00e0 cung c\u1ea5p s\u1ea3 \u0111\u00f4ng l\u1ea1nh \u0111\u00e1ng tin c\u1eady?<br data-start=\"2161\" data-end=\"2164\"> \ud83d\udc49 Li\u00ean h\u1ec7 v\u1edbi Nghiep Xuan ngay h\u00f4m nay \u0111\u1ec3 nh\u1eadn <strong data-start=\"2197\" data-end=\"2250\">b\u00e1o gi\u00e1, m\u1eabu s\u1ea3n ph\u1ea9m v\u00e0 c\u01a1 h\u1ed9i h\u1ee3p t\u00e1c<\/strong> .<\/p>\n<p data-start=\"2108\" data-end=\"2251\">Email: info@nghiepxuan.com || WhatsApp\/Viber\/Zalo\/Wechat\/Hotline: +84939 345 598<\/p>\n","protected":false},"excerpt":{"rendered":"<p>S\u1ea3 \u0111\u00f4ng l\u1ea1nh cao c\u1ea5p t\u1eeb Vi\u1ec7t Nam. H\u01b0\u01a1ng th\u01a1m n\u1ed3ng n\u00e0n, ch\u1ea5t l\u01b0\u1ee3ng xu\u1ea5t kh\u1ea9u, cung c\u1ea5p s\u1ed1 l\u01b0\u1ee3ng l\u1edbn v\u00e0 \u0111\u00f3ng g\u00f3i theo y\u00eau c\u1ea7u (OEM). Li\u00ean h\u1ec7 Nghi Xu\u00e2n \u0111\u1ec3 \u0111\u01b0\u1ee3c b\u00e1o gi\u00e1.  <\/p>\n","protected":false},"featured_media":9847,"comment_status":"open","ping_status":"closed","template":"","meta":{"content-type":""},"product_brand":[],"product_cat":[425],"product_tag":[1138,1137,1139,1140],"class_list":{"0":"post-9869","1":"product","2":"type-product","3":"status-publish","4":"has-post-thumbnail","6":"product_cat-frozen","7":"product_tag-rau-dong-lanh","8":"product_tag-sa-dong-lanh","9":"product_tag-san-pham-dong-lanh","10":"product_tag-trai-cay-dong-lanh-viet-nam","12":"first","13":"instock","14":"shipping-taxable","15":"product-type-simple"},"yoast_head":"<!-- This site is optimized with the Yoast SEO plugin v26.9 - https:\/\/yoast.com\/product\/yoast-seo-wordpress\/ -->\n<title>S\u1ea3 \u0111\u00f4ng l\u1ea1nh cao c\u1ea5p \u2013 Ch\u1ea5t l\u01b0\u1ee3ng xu\u1ea5t kh\u1ea9u | Nghiep Xuan Vietnam - Nghi\u1ec7p Xu\u00e2n - Xu\u1ea5t Nh\u1eadp Kh\u1ea9u N\u00f4ng S\u1ea3n<\/title>\n<meta name=\"description\" content=\"S\u1ea3 \u0111\u00f4ng l\u1ea1nh ch\u1ea5t l\u01b0\u1ee3ng cao t\u1eeb Vi\u1ec7t Nam. L\u00fd t\u01b0\u1edfng cho ch\u1ebf bi\u1ebfn th\u1ef1c ph\u1ea9m v\u00e0 b\u00e1n s\u1ec9. Ngu\u1ed3n cung \u1ed5n \u0111\u1ecbnh, gi\u00e1 c\u1ea3 c\u1ea1nh tranh. Y\u00eau c\u1ea7u b\u00e1o gi\u00e1 ngay.\" \/>\n<meta name=\"robots\" content=\"index, follow, max-snippet:-1, max-image-preview:large, max-video-preview:-1\" \/>\n<link rel=\"canonical\" href=\"https:\/\/nghiepxuan.com\/vi\/product\/sa-dong-lanh-cao-cap-chat-luong-xuat-khau-nghiep-xuan-vietnam\/\" \/>\n<meta property=\"og:locale\" content=\"vi_VN\" \/>\n<meta property=\"og:type\" content=\"article\" \/>\n<meta property=\"og:title\" content=\"S\u1ea3 \u0111\u00f4ng l\u1ea1nh cao c\u1ea5p \u2013 Ch\u1ea5t l\u01b0\u1ee3ng xu\u1ea5t kh\u1ea9u | Nghiep Xuan Vietnam - Nghi\u1ec7p Xu\u00e2n - Xu\u1ea5t Nh\u1eadp Kh\u1ea9u N\u00f4ng S\u1ea3n\" \/>\n<meta property=\"og:description\" content=\"S\u1ea3 \u0111\u00f4ng l\u1ea1nh ch\u1ea5t l\u01b0\u1ee3ng cao t\u1eeb Vi\u1ec7t Nam. L\u00fd t\u01b0\u1edfng cho ch\u1ebf bi\u1ebfn th\u1ef1c ph\u1ea9m v\u00e0 b\u00e1n s\u1ec9. Ngu\u1ed3n cung \u1ed5n \u0111\u1ecbnh, gi\u00e1 c\u1ea3 c\u1ea1nh tranh. Y\u00eau c\u1ea7u b\u00e1o gi\u00e1 ngay.\" \/>\n<meta property=\"og:url\" content=\"https:\/\/nghiepxuan.com\/vi\/product\/sa-dong-lanh-cao-cap-chat-luong-xuat-khau-nghiep-xuan-vietnam\/\" \/>\n<meta property=\"og:site_name\" content=\"Nghi\u1ec7p Xu\u00e2n - Xu\u1ea5t Nh\u1eadp Kh\u1ea9u N\u00f4ng S\u1ea3n\" \/>\n<meta property=\"article:publisher\" content=\"https:\/\/www.facebook.com\/nongsannghiepxuan\/\" \/>\n<meta property=\"og:image\" content=\"https:\/\/nghiepxuan.com\/wp-content\/uploads\/2026\/04\/JPEG-image-43E7-9EAF-44-0-scaled.jpeg\" \/>\n\t<meta property=\"og:image:width\" content=\"1920\" \/>\n\t<meta property=\"og:image:height\" content=\"2560\" \/>\n\t<meta property=\"og:image:type\" content=\"image\/jpeg\" \/>\n<meta name=\"twitter:card\" content=\"summary_large_image\" \/>\n<meta name=\"twitter:site\" content=\"@PhuTonBui\" \/>\n<meta name=\"twitter:label1\" content=\"Est. reading time\" \/>\n\t<meta name=\"twitter:data1\" content=\"3 minutes\" \/>\n<script type=\"application\/ld+json\" class=\"yoast-schema-graph\">{\"@context\":\"https:\/\/schema.org\",\"@graph\":[{\"@type\":\"WebPage\",\"@id\":\"https:\/\/nghiepxuan.com\/vi\/product\/sa-dong-lanh-cao-cap-chat-luong-xuat-khau-nghiep-xuan-vietnam\/\",\"url\":\"https:\/\/nghiepxuan.com\/vi\/product\/sa-dong-lanh-cao-cap-chat-luong-xuat-khau-nghiep-xuan-vietnam\/\",\"name\":\"S\u1ea3 \u0111\u00f4ng l\u1ea1nh cao c\u1ea5p \u2013 Ch\u1ea5t l\u01b0\u1ee3ng xu\u1ea5t kh\u1ea9u | Nghiep Xuan Vietnam - Nghi\u1ec7p Xu\u00e2n - Xu\u1ea5t Nh\u1eadp Kh\u1ea9u N\u00f4ng S\u1ea3n\",\"isPartOf\":{\"@id\":\"https:\/\/nghiepxuan.com\/vi\/#website\"},\"primaryImageOfPage\":{\"@id\":\"https:\/\/nghiepxuan.com\/vi\/product\/sa-dong-lanh-cao-cap-chat-luong-xuat-khau-nghiep-xuan-vietnam\/#primaryimage\"},\"image\":{\"@id\":\"https:\/\/nghiepxuan.com\/vi\/product\/sa-dong-lanh-cao-cap-chat-luong-xuat-khau-nghiep-xuan-vietnam\/#primaryimage\"},\"thumbnailUrl\":\"https:\/\/nghiepxuan.com\/wp-content\/uploads\/2026\/04\/JPEG-image-43E7-9EAF-44-0-scaled.jpeg\",\"datePublished\":\"2026-04-30T03:27:11+00:00\",\"description\":\"S\u1ea3 \u0111\u00f4ng l\u1ea1nh ch\u1ea5t l\u01b0\u1ee3ng cao t\u1eeb Vi\u1ec7t Nam. L\u00fd t\u01b0\u1edfng cho ch\u1ebf bi\u1ebfn th\u1ef1c ph\u1ea9m v\u00e0 b\u00e1n s\u1ec9. Ngu\u1ed3n cung \u1ed5n \u0111\u1ecbnh, gi\u00e1 c\u1ea3 c\u1ea1nh tranh. Y\u00eau c\u1ea7u b\u00e1o gi\u00e1 ngay.\",\"breadcrumb\":{\"@id\":\"https:\/\/nghiepxuan.com\/vi\/product\/sa-dong-lanh-cao-cap-chat-luong-xuat-khau-nghiep-xuan-vietnam\/#breadcrumb\"},\"inLanguage\":\"vi-VN\",\"potentialAction\":[{\"@type\":\"ReadAction\",\"target\":[\"https:\/\/nghiepxuan.com\/vi\/product\/sa-dong-lanh-cao-cap-chat-luong-xuat-khau-nghiep-xuan-vietnam\/\"]}]},{\"@type\":\"ImageObject\",\"inLanguage\":\"vi-VN\",\"@id\":\"https:\/\/nghiepxuan.com\/vi\/product\/sa-dong-lanh-cao-cap-chat-luong-xuat-khau-nghiep-xuan-vietnam\/#primaryimage\",\"url\":\"https:\/\/nghiepxuan.com\/wp-content\/uploads\/2026\/04\/JPEG-image-43E7-9EAF-44-0-scaled.jpeg\",\"contentUrl\":\"https:\/\/nghiepxuan.com\/wp-content\/uploads\/2026\/04\/JPEG-image-43E7-9EAF-44-0-scaled.jpeg\",\"width\":1920,\"height\":2560,\"caption\":\"Frozen lemongrass\"},{\"@type\":\"BreadcrumbList\",\"@id\":\"https:\/\/nghiepxuan.com\/vi\/product\/sa-dong-lanh-cao-cap-chat-luong-xuat-khau-nghiep-xuan-vietnam\/#breadcrumb\",\"itemListElement\":[{\"@type\":\"ListItem\",\"position\":1,\"name\":\"Home\",\"item\":\"https:\/\/nghiepxuan.com\/vi\/\"},{\"@type\":\"ListItem\",\"position\":2,\"name\":\"C\u1eeda h\u00e0ng\",\"item\":\"https:\/\/nghiepxuan.com\/vi\/shop\/\"},{\"@type\":\"ListItem\",\"position\":3,\"name\":\"S\u1ea3 \u0111\u00f4ng l\u1ea1nh cao c\u1ea5p \u2013 Ch\u1ea5t l\u01b0\u1ee3ng xu\u1ea5t kh\u1ea9u | Nghiep Xuan Vietnam\"}]},{\"@type\":\"WebSite\",\"@id\":\"https:\/\/nghiepxuan.com\/vi\/#website\",\"url\":\"https:\/\/nghiepxuan.com\/vi\/\",\"name\":\"Nghiep Xuan - Agricultural Import and Export\",\"description\":\"Nu\u00f4i d\u01b0\u1ee1ng thi\u00ean nhi\u00ean, thu ho\u1ea1ch s\u1ee9c kh\u1ecfe: \u0110i\u1ec3m \u0111\u1ebfn l\u1ed1i s\u1ed1ng h\u1eefu c\u01a1 c\u1ee7a b\u1ea1n\",\"publisher\":{\"@id\":\"https:\/\/nghiepxuan.com\/vi\/#organization\"},\"potentialAction\":[{\"@type\":\"SearchAction\",\"target\":{\"@type\":\"EntryPoint\",\"urlTemplate\":\"https:\/\/nghiepxuan.com\/vi\/?s={search_term_string}\"},\"query-input\":{\"@type\":\"PropertyValueSpecification\",\"valueRequired\":true,\"valueName\":\"search_term_string\"}}],\"inLanguage\":\"vi-VN\"},{\"@type\":\"Organization\",\"@id\":\"https:\/\/nghiepxuan.com\/vi\/#organization\",\"name\":\"Nghiep Xuan - Agricultural Import and Export\",\"url\":\"https:\/\/nghiepxuan.com\/vi\/\",\"logo\":{\"@type\":\"ImageObject\",\"inLanguage\":\"vi-VN\",\"@id\":\"https:\/\/nghiepxuan.com\/vi\/#\/schema\/logo\/image\/\",\"url\":\"https:\/\/nghiepxuan.com\/wp-content\/uploads\/2025\/04\/Nghiep-Xuan-Logo-4.png\",\"contentUrl\":\"https:\/\/nghiepxuan.com\/wp-content\/uploads\/2025\/04\/Nghiep-Xuan-Logo-4.png\",\"width\":4167,\"height\":1015,\"caption\":\"Nghiep Xuan - Agricultural Import and Export\"},\"image\":{\"@id\":\"https:\/\/nghiepxuan.com\/vi\/#\/schema\/logo\/image\/\"},\"sameAs\":[\"https:\/\/www.facebook.com\/nongsannghiepxuan\/\",\"https:\/\/x.com\/PhuTonBui\",\"https:\/\/www.instagram.com\/xuatnhapkhaunghiepxuan\/\",\"https:\/\/www.youtube.com\/@nongsannghiepxuan2066\",\"https:\/\/www.tiktok.com\/@nghiepxuan\"]}]}<\/script>\n<!-- \/ Yoast SEO plugin. -->","yoast_head_json":{"title":"S\u1ea3 \u0111\u00f4ng l\u1ea1nh cao c\u1ea5p \u2013 Ch\u1ea5t l\u01b0\u1ee3ng xu\u1ea5t kh\u1ea9u | Nghiep Xuan Vietnam - Nghi\u1ec7p Xu\u00e2n - Xu\u1ea5t Nh\u1eadp Kh\u1ea9u N\u00f4ng S\u1ea3n","description":"S\u1ea3 \u0111\u00f4ng l\u1ea1nh ch\u1ea5t l\u01b0\u1ee3ng cao t\u1eeb Vi\u1ec7t Nam. L\u00fd t\u01b0\u1edfng cho ch\u1ebf bi\u1ebfn th\u1ef1c ph\u1ea9m v\u00e0 b\u00e1n s\u1ec9. Ngu\u1ed3n cung \u1ed5n \u0111\u1ecbnh, gi\u00e1 c\u1ea3 c\u1ea1nh tranh. Y\u00eau c\u1ea7u b\u00e1o gi\u00e1 ngay.","robots":{"index":"index","follow":"follow","max-snippet":"max-snippet:-1","max-image-preview":"max-image-preview:large","max-video-preview":"max-video-preview:-1"},"canonical":"https:\/\/nghiepxuan.com\/vi\/product\/sa-dong-lanh-cao-cap-chat-luong-xuat-khau-nghiep-xuan-vietnam\/","og_locale":"vi_VN","og_type":"article","og_title":"S\u1ea3 \u0111\u00f4ng l\u1ea1nh cao c\u1ea5p \u2013 Ch\u1ea5t l\u01b0\u1ee3ng xu\u1ea5t kh\u1ea9u | Nghiep Xuan Vietnam - Nghi\u1ec7p Xu\u00e2n - Xu\u1ea5t Nh\u1eadp Kh\u1ea9u N\u00f4ng S\u1ea3n","og_description":"S\u1ea3 \u0111\u00f4ng l\u1ea1nh ch\u1ea5t l\u01b0\u1ee3ng cao t\u1eeb Vi\u1ec7t Nam. L\u00fd t\u01b0\u1edfng cho ch\u1ebf bi\u1ebfn th\u1ef1c ph\u1ea9m v\u00e0 b\u00e1n s\u1ec9. Ngu\u1ed3n cung \u1ed5n \u0111\u1ecbnh, gi\u00e1 c\u1ea3 c\u1ea1nh tranh. Y\u00eau c\u1ea7u b\u00e1o gi\u00e1 ngay.","og_url":"https:\/\/nghiepxuan.com\/vi\/product\/sa-dong-lanh-cao-cap-chat-luong-xuat-khau-nghiep-xuan-vietnam\/","og_site_name":"Nghi\u1ec7p Xu\u00e2n - Xu\u1ea5t Nh\u1eadp Kh\u1ea9u N\u00f4ng S\u1ea3n","article_publisher":"https:\/\/www.facebook.com\/nongsannghiepxuan\/","og_image":[{"width":1920,"height":2560,"url":"https:\/\/nghiepxuan.com\/wp-content\/uploads\/2026\/04\/JPEG-image-43E7-9EAF-44-0-scaled.jpeg","type":"image\/jpeg"}],"twitter_card":"summary_large_image","twitter_site":"@PhuTonBui","twitter_misc":{"Est. reading time":"3 minutes"},"schema":{"@context":"https:\/\/schema.org","@graph":[{"@type":"WebPage","@id":"https:\/\/nghiepxuan.com\/vi\/product\/sa-dong-lanh-cao-cap-chat-luong-xuat-khau-nghiep-xuan-vietnam\/","url":"https:\/\/nghiepxuan.com\/vi\/product\/sa-dong-lanh-cao-cap-chat-luong-xuat-khau-nghiep-xuan-vietnam\/","name":"S\u1ea3 \u0111\u00f4ng l\u1ea1nh cao c\u1ea5p \u2013 Ch\u1ea5t l\u01b0\u1ee3ng xu\u1ea5t kh\u1ea9u | Nghiep Xuan Vietnam - Nghi\u1ec7p Xu\u00e2n - Xu\u1ea5t Nh\u1eadp Kh\u1ea9u N\u00f4ng S\u1ea3n","isPartOf":{"@id":"https:\/\/nghiepxuan.com\/vi\/#website"},"primaryImageOfPage":{"@id":"https:\/\/nghiepxuan.com\/vi\/product\/sa-dong-lanh-cao-cap-chat-luong-xuat-khau-nghiep-xuan-vietnam\/#primaryimage"},"image":{"@id":"https:\/\/nghiepxuan.com\/vi\/product\/sa-dong-lanh-cao-cap-chat-luong-xuat-khau-nghiep-xuan-vietnam\/#primaryimage"},"thumbnailUrl":"https:\/\/nghiepxuan.com\/wp-content\/uploads\/2026\/04\/JPEG-image-43E7-9EAF-44-0-scaled.jpeg","datePublished":"2026-04-30T03:27:11+00:00","description":"S\u1ea3 \u0111\u00f4ng l\u1ea1nh ch\u1ea5t l\u01b0\u1ee3ng cao t\u1eeb Vi\u1ec7t Nam. L\u00fd t\u01b0\u1edfng cho ch\u1ebf bi\u1ebfn th\u1ef1c ph\u1ea9m v\u00e0 b\u00e1n s\u1ec9. Ngu\u1ed3n cung \u1ed5n \u0111\u1ecbnh, gi\u00e1 c\u1ea3 c\u1ea1nh tranh. Y\u00eau c\u1ea7u b\u00e1o gi\u00e1 ngay.","breadcrumb":{"@id":"https:\/\/nghiepxuan.com\/vi\/product\/sa-dong-lanh-cao-cap-chat-luong-xuat-khau-nghiep-xuan-vietnam\/#breadcrumb"},"inLanguage":"vi-VN","potentialAction":[{"@type":"ReadAction","target":["https:\/\/nghiepxuan.com\/vi\/product\/sa-dong-lanh-cao-cap-chat-luong-xuat-khau-nghiep-xuan-vietnam\/"]}]},{"@type":"ImageObject","inLanguage":"vi-VN","@id":"https:\/\/nghiepxuan.com\/vi\/product\/sa-dong-lanh-cao-cap-chat-luong-xuat-khau-nghiep-xuan-vietnam\/#primaryimage","url":"https:\/\/nghiepxuan.com\/wp-content\/uploads\/2026\/04\/JPEG-image-43E7-9EAF-44-0-scaled.jpeg","contentUrl":"https:\/\/nghiepxuan.com\/wp-content\/uploads\/2026\/04\/JPEG-image-43E7-9EAF-44-0-scaled.jpeg","width":1920,"height":2560,"caption":"Frozen lemongrass"},{"@type":"BreadcrumbList","@id":"https:\/\/nghiepxuan.com\/vi\/product\/sa-dong-lanh-cao-cap-chat-luong-xuat-khau-nghiep-xuan-vietnam\/#breadcrumb","itemListElement":[{"@type":"ListItem","position":1,"name":"Home","item":"https:\/\/nghiepxuan.com\/vi\/"},{"@type":"ListItem","position":2,"name":"C\u1eeda h\u00e0ng","item":"https:\/\/nghiepxuan.com\/vi\/shop\/"},{"@type":"ListItem","position":3,"name":"S\u1ea3 \u0111\u00f4ng l\u1ea1nh cao c\u1ea5p \u2013 Ch\u1ea5t l\u01b0\u1ee3ng xu\u1ea5t kh\u1ea9u | Nghiep Xuan Vietnam"}]},{"@type":"WebSite","@id":"https:\/\/nghiepxuan.com\/vi\/#website","url":"https:\/\/nghiepxuan.com\/vi\/","name":"Nghiep Xuan - Agricultural Import and Export","description":"Nu\u00f4i d\u01b0\u1ee1ng thi\u00ean nhi\u00ean, thu ho\u1ea1ch s\u1ee9c kh\u1ecfe: \u0110i\u1ec3m \u0111\u1ebfn l\u1ed1i s\u1ed1ng h\u1eefu c\u01a1 c\u1ee7a b\u1ea1n","publisher":{"@id":"https:\/\/nghiepxuan.com\/vi\/#organization"},"potentialAction":[{"@type":"SearchAction","target":{"@type":"EntryPoint","urlTemplate":"https:\/\/nghiepxuan.com\/vi\/?s={search_term_string}"},"query-input":{"@type":"PropertyValueSpecification","valueRequired":true,"valueName":"search_term_string"}}],"inLanguage":"vi-VN"},{"@type":"Organization","@id":"https:\/\/nghiepxuan.com\/vi\/#organization","name":"Nghiep Xuan - Agricultural Import and Export","url":"https:\/\/nghiepxuan.com\/vi\/","logo":{"@type":"ImageObject","inLanguage":"vi-VN","@id":"https:\/\/nghiepxuan.com\/vi\/#\/schema\/logo\/image\/","url":"https:\/\/nghiepxuan.com\/wp-content\/uploads\/2025\/04\/Nghiep-Xuan-Logo-4.png","contentUrl":"https:\/\/nghiepxuan.com\/wp-content\/uploads\/2025\/04\/Nghiep-Xuan-Logo-4.png","width":4167,"height":1015,"caption":"Nghiep Xuan - Agricultural Import and Export"},"image":{"@id":"https:\/\/nghiepxuan.com\/vi\/#\/schema\/logo\/image\/"},"sameAs":["https:\/\/www.facebook.com\/nongsannghiepxuan\/","https:\/\/x.com\/PhuTonBui","https:\/\/www.instagram.com\/xuatnhapkhaunghiepxuan\/","https:\/\/www.youtube.com\/@nongsannghiepxuan2066","https:\/\/www.tiktok.com\/@nghiepxuan"]}]}},"_links":{"self":[{"href":"https:\/\/nghiepxuan.com\/vi\/wp-json\/wp\/v2\/product\/9869","targetHints":{"allow":["GET"]}}],"collection":[{"href":"https:\/\/nghiepxuan.com\/vi\/wp-json\/wp\/v2\/product"}],"about":[{"href":"https:\/\/nghiepxuan.com\/vi\/wp-json\/wp\/v2\/types\/product"}],"replies":[{"embeddable":true,"href":"https:\/\/nghiepxuan.com\/vi\/wp-json\/wp\/v2\/comments?post=9869"}],"version-history":[{"count":0,"href":"https:\/\/nghiepxuan.com\/vi\/wp-json\/wp\/v2\/product\/9869\/revisions"}],"wp:featuredmedia":[{"embeddable":true,"href":"https:\/\/nghiepxuan.com\/vi\/wp-json\/wp\/v2\/media\/9847"}],"wp:attachment":[{"href":"https:\/\/nghiepxuan.com\/vi\/wp-json\/wp\/v2\/media?parent=9869"}],"wp:term":[{"taxonomy":"product_brand","embeddable":true,"href":"https:\/\/nghiepxuan.com\/vi\/wp-json\/wp\/v2\/product_brand?post=9869"},{"taxonomy":"product_cat","embeddable":true,"href":"https:\/\/nghiepxuan.com\/vi\/wp-json\/wp\/v2\/product_cat?post=9869"},{"taxonomy":"product_tag","embeddable":true,"href":"https:\/\/nghiepxuan.com\/vi\/wp-json\/wp\/v2\/product_tag?post=9869"}],"curies":[{"name":"wp","href":"https:\/\/api.w.org\/{rel}","templated":true}]}}