{"id":9710,"date":"2026-02-01T05:55:32","date_gmt":"2026-02-01T05:55:32","guid":{"rendered":"https:\/\/nghiepxuan.com\/product\/khoai-mo-tim-dong-lanh-dang-khoi-lat-khoai-mo-tu-nhien-tu-viet-nam\/"},"modified":"2026-02-01T05:55:32","modified_gmt":"2026-02-01T05:55:32","slug":"khoai-mo-tim-dong-lanh-dang-khoi-lat-khoai-mo-tu-nhien-tu-viet-nam","status":"publish","type":"product","link":"https:\/\/nghiepxuan.com\/vi\/product\/khoai-mo-tim-dong-lanh-dang-khoi-lat-khoai-mo-tu-nhien-tu-viet-nam\/","title":{"rendered":"Khoai m\u1ee1 t\u00edm \u0111\u00f4ng l\u1ea1nh d\u1ea1ng kh\u1ed1i\/l\u00e1t \u2013 Khoai m\u1ee1 t\u1ef1 nhi\u00ean t\u1eeb Vi\u1ec7t Nam"},"content":{"rendered":"<p dir=\"auto\"><strong>Khoai m\u1ee1 t\u00edm \u0111\u00f4ng l\u1ea1nh \u2013 Khoai m\u1ee1 \u0111\u00f4ng l\u1ea1nh cao c\u1ea5p t\u1eeb Nghiep Xuan, Vi\u1ec7t Nam.<\/strong><\/p>\n<figure id=\"attachment_9682\" aria-describedby=\"caption-attachment-9682\" style=\"width: 226px\" class=\"wp-caption aligncenter\"><img fetchpriority=\"high\" decoding=\"async\" class=\"size-medium wp-image-9673\" src=\"https:\/\/nghiepxuan.com\/wp-content\/uploads\/2026\/02\/frozen-purple-yam-cubes-226x272.jpg\" alt=\"khoai lang t\u00edm \u0111\u00f4ng l\u1ea1nh c\u1eaft kh\u1ed1i\" width=\"226\" height=\"272\"><figcaption id=\"caption-attachment-9682\" class=\"wp-caption-text\">khoai lang t\u00edm \u0111\u00f4ng l\u1ea1nh c\u1eaft kh\u1ed1i<\/figcaption><\/figure>\n<p dir=\"auto\">Kh\u00e1m ph\u00e1 h\u01b0\u01a1ng v\u1ecb th\u01a1m ngon v\u00e0 gi\u00e1 tr\u1ecb dinh d\u01b0\u1ee1ng tuy\u1ec7t v\u1eddi c\u1ee7a <strong>khoai m\u1ee1 t\u00edm \u0111\u00f4ng l\u1ea1nh<\/strong> , \u0111\u01b0\u1ee3c thu ho\u1ea1ch tr\u1ef1c ti\u1ebfp t\u1eeb v\u00f9ng cao nguy\u00ean m\u00e0u m\u1ee1 c\u1ee7a Vi\u1ec7t Nam b\u1edfi <a href=\"http:\/\/nghiepxuan.com\"><strong>Nghiep Xuan<\/strong><\/a> . <strong>Khoai m\u1ee1 t\u00edm \u0111\u00f4ng l\u1ea1nh cao c\u1ea5p c\u1ee7a ch\u00fang t\u00f4i \u0111\u01b0\u1ee3c l\u1ef1a ch\u1ecdn k\u1ef9 l\u01b0\u1ee1ng t\u1eeb nh\u1eefng v\u1ee5 thu ho\u1ea1ch t\u01b0\u01a1i ngon nh\u1ea5t, g\u1ecdt v\u1ecf, c\u1eaft l\u00e1t (ho\u1eb7c b\u00e0o\/\u0111\u1ec3 nguy\u00ean c\u1ee7 \u2013 vui l\u00f2ng cho bi\u1ebft \u0111\u1ecbnh d\u1ea1ng b\u1ea1n mu\u1ed1n), v\u00e0 \u0111\u01b0\u1ee3c \u0111\u00f4ng l\u1ea1nh nhanh b\u1eb1ng ph\u01b0\u01a1ng ph\u00e1p IQF (\u0110\u00f4ng l\u1ea1nh nhanh t\u1eebng c\u1ee7) \u1edf \u0111\u1ed9 t\u01b0\u01a1i ngon nh\u1ea5t \u0111\u1ec3 gi\u1eef tr\u1ecdn<\/strong> m\u00e0u t\u00edm t\u01b0\u01a1i \u0111\u1eb7c tr\u01b0ng, \u200b\u200bh\u01b0\u01a1ng v\u1ecb ng\u1ecdt b\u00e9o t\u1ef1 nhi\u00ean v\u00e0 \u0111\u1ed9 m\u1ec1m nh\u01b0ng v\u1eabn ch\u1eafc. <\/p>\n<p dir=\"auto\">V\u1edbi h\u01b0\u01a1ng v\u1ecb th\u01a1m ngon, ng\u1ecdt d\u1ecbu g\u1ee3i nh\u1edb \u0111\u1ebfn vani v\u00e0 h\u1ea1t d\u1ebb c\u01b0\u1eddi, c\u00f9ng ch\u00fat h\u01b0\u01a1ng d\u1eeba thoang tho\u1ea3ng, <strong>khoai lang t\u00edm \u0111\u00f4ng l\u1ea1nh Ube<\/strong> c\u1ee7a Vi\u1ec7t Nam v\u00f4 c\u00f9ng \u0111a d\u1ee5ng. Ho\u00e0n h\u1ea3o cho: <\/p>\n<ul dir=\"auto\">\n<li>C\u00e1c m\u00f3n \u0103n truy\u1ec1n th\u1ed1ng c\u1ee7a Philippines nh\u01b0 ube halaya, b\u00e1nh ng\u1ecdt, kem, mochi v\u00e0 latte.<\/li>\n<li>Sinh t\u1ed1, s\u1eefa l\u1eafc v\u00e0 c\u00e1c m\u00f3n tr\u00e1ng mi\u1ec7ng t\u1ed1t cho s\u1ee9c kh\u1ecfe<\/li>\n<li>L\u00e0m b\u00e1nh, nh\u00e2n b\u00e1nh ng\u1ecdt v\u00e0 c\u00e1c m\u00f3n tr\u00e1ng mi\u1ec7ng l\u1ea5y c\u1ea3m h\u1ee9ng t\u1eeb ch\u00e2u \u00c1.<\/li>\n<li>C\u00e1c m\u00f3n \u0103n m\u1eb7n ho\u1eb7c nh\u01b0 m\u1ed9t nguy\u00ean li\u1ec7u t\u1ef1 nhi\u00ean t\u1ea1o m\u00e0u s\u1eafc trong ch\u1ebf bi\u1ebfn th\u1ef1c ph\u1ea9m.<\/li>\n<\/ul>\n<p dir=\"auto\"><strong>L\u1ee3i \u00edch ch\u00ednh &amp; \u0110i\u1ec3m n\u1ed5i b\u1eadt v\u1ec1 dinh d\u01b0\u1ee1ng:<\/strong> Gi\u00e0u <strong>ch\u1ea5t ch\u1ed1ng oxy h\u00f3a<\/strong> (anthocyanin t\u1eeb m\u00e0u t\u00edm tuy\u1ec7t \u0111\u1eb9p), <strong>ch\u1ea5t x\u01a1<\/strong> , <strong>kali<\/strong> , <strong>vitamin C<\/strong> v\u00e0 carbohydrate ph\u1ee9c t\u1ea1p. H\u1ed7 tr\u1ee3 ti\u00eau h\u00f3a, s\u1ee9c kh\u1ecfe mi\u1ec5n d\u1ecbch, ki\u1ec3m so\u00e1t \u0111\u01b0\u1eddng huy\u1ebft v\u00e0 s\u1ee9c kh\u1ecfe t\u1ed5ng th\u1ec3 \u2014 m\u1ed9t l\u1ef1a ch\u1ecdn b\u1ed5 d\u01b0\u1ee1ng thay th\u1ebf cho khoai m\u1ee1 ho\u1eb7c khoai lang th\u00f4ng th\u01b0\u1eddng. <\/p>\n<p dir=\"auto\"><strong>T\u1ea1i sao n\u00ean ch\u1ecdn Khoai m\u1ee1 t\u00edm \u0111\u00f4ng l\u1ea1nh Nghiep Xuan?<\/strong><\/p>\n<ul dir=\"auto\">\n<li>100% t\u1ef1 nhi\u00ean, kh\u00f4ng ch\u1ea5t ph\u1ee5 gia hay ch\u1ea5t b\u1ea3o qu\u1ea3n<\/li>\n<li>Ngu\u1ed3n g\u1ed1c t\u1eeb c\u00e1c trang tr\u1ea1i uy t\u00edn c\u1ee7a Vi\u1ec7t Nam.<\/li>\n<li>C\u00f4ng ngh\u1ec7 IQF ti\u00ean ti\u1ebfn gi\u00fap b\u1ea3o qu\u1ea3n m\u00e0u s\u1eafc, h\u01b0\u01a1ng v\u1ecb v\u00e0 ch\u1ea5t dinh d\u01b0\u1ee1ng.<\/li>\n<li>\u0110\u1ea1t ti\u00eau chu\u1ea9n ch\u1ea5t l\u01b0\u1ee3ng xu\u1ea5t kh\u1ea9u, ho\u00e0n h\u1ea3o cho ng\u01b0\u1eddi n\u1ed9i tr\u1ee3, ti\u1ec7m b\u00e1nh, nh\u00e0 h\u00e0ng v\u00e0 c\u00e1c nh\u00e0 s\u1ea3n xu\u1ea5t th\u1ef1c ph\u1ea9m.<\/li>\n<li>S\u1ea3n ph\u1ea9m c\u00f3 bao b\u00ec ti\u1ec7n d\u1ee5ng (vui l\u00f2ng ghi r\u00f5: v\u00ed d\u1ee5: t\u00fai 500g\/1kg, th\u00f9ng carton l\u1edbn).<\/li>\n<\/ul>\n<p dir=\"auto\">N\u00e2ng t\u1ea7m c\u00e1c m\u00f3n \u0103n c\u1ee7a b\u1ea1n v\u1edbi h\u01b0\u01a1ng v\u1ecb th\u01a1m ngon \u0111\u00edch th\u1ef1c c\u1ee7a <strong>khoai m\u1ee1 t\u00edm \u0111\u00f4ng l\u1ea1nh<\/strong> Vi\u1ec7t Nam ngay h\u00f4m nay. \u0110\u1eb7t h\u00e0ng ngay t\u1ea1i <strong>nghiepxuan.com<\/strong> \u2013 nh\u00e0 cung c\u1ea5p rau c\u1ee7 qu\u1ea3 \u0111\u00f4ng l\u1ea1nh cao c\u1ea5p \u0111\u00e1ng tin c\u1eady c\u1ee7a b\u1ea1n! <\/p>\n<p dir=\"auto\">\n","protected":false},"excerpt":{"rendered":"<p dir=\"auto\">Khoai m\u1ee1 t\u00edm \u0111\u00f4ng l\u1ea1nh cao c\u1ea5p t\u1eeb Vi\u1ec7t Nam \u2013 \u0111\u01b0\u1ee3c \u0111\u00f4ng l\u1ea1nh nhanh (IQF) \u1edf \u0111\u1ed9 t\u01b0\u01a1i ngon nh\u1ea5t \u0111\u1ec3 gi\u1eef nguy\u00ean m\u00e0u t\u00edm r\u1ef1c r\u1ee1, h\u01b0\u01a1ng v\u1ecb ng\u1ecdt b\u00e9o t\u1ef1 nhi\u00ean v\u00e0 c\u00e1c ch\u1ea5t dinh d\u01b0\u1ee1ng. Ho\u00e0n h\u1ea3o cho c\u00e1c m\u00f3n tr\u00e1ng mi\u1ec7ng, halaya, b\u00e1nh ng\u1ecdt v\u00e0 sinh t\u1ed1. <\/p>\n","protected":false},"featured_media":9673,"comment_status":"open","ping_status":"closed","template":"","meta":{"content-type":""},"product_brand":[],"product_cat":[425],"product_tag":[1050,1051,1046,1052,1047,1049,1048],"class_list":{"0":"post-9710","1":"product","2":"type-product","3":"status-publish","4":"has-post-thumbnail","6":"product_cat-frozen","7":"product_tag-khoai-lang-dong-lanh-cao-cap","8":"product_tag-khoai-lang-tim-cat-khoi","9":"product_tag-khoai-lang-tim-dong-lanh","10":"product_tag-khoai-lang-tim-dong-lanh-bao-nho","11":"product_tag-khoai-lang-tim-dong-lanh-nhanh","12":"product_tag-khoai-lang-tim-tu-nhien","13":"product_tag-khoai-mo-tim-viet-nam","15":"first","16":"instock","17":"shipping-taxable","18":"product-type-simple"},"yoast_head":"<!-- This site is optimized with the Yoast SEO plugin v26.9 - https:\/\/yoast.com\/product\/yoast-seo-wordpress\/ -->\n<title>Khoai m\u1ee1 t\u00edm \u0111\u00f4ng l\u1ea1nh d\u1ea1ng kh\u1ed1i\/l\u00e1t \u2013 Khoai m\u1ee1 t\u1ef1 nhi\u00ean t\u1eeb Vi\u1ec7t Nam - Nghi\u1ec7p Xu\u00e2n - Xu\u1ea5t Nh\u1eadp Kh\u1ea9u N\u00f4ng S\u1ea3n<\/title>\n<meta name=\"description\" content=\"Mua khoai m\u1ee1 t\u00edm \u0111\u00f4ng l\u1ea1nh cao c\u1ea5p t\u1eeb Vi\u1ec7t Nam \u2013 \u0111\u00f4ng l\u1ea1nh IQF \u0111\u1ec3 gi\u1eef tr\u1ecdn h\u01b0\u01a1ng v\u1ecb t\u01b0\u01a1i ngon, m\u00e0u s\u1eafc r\u1ef1c r\u1ee1 v\u00e0 dinh d\u01b0\u1ee1ng. Ho\u00e0n h\u1ea3o cho c\u00e1c m\u00f3n tr\u00e1ng mi\u1ec7ng, l\u00e0m b\u00e1nh v\u00e0 m\u00f3n halaya.\" \/>\n<meta name=\"robots\" content=\"index, follow, max-snippet:-1, max-image-preview:large, max-video-preview:-1\" \/>\n<link rel=\"canonical\" href=\"https:\/\/nghiepxuan.com\/vi\/product\/khoai-mo-tim-dong-lanh-dang-khoi-lat-khoai-mo-tu-nhien-tu-viet-nam\/\" \/>\n<meta property=\"og:locale\" content=\"vi_VN\" \/>\n<meta property=\"og:type\" content=\"article\" \/>\n<meta property=\"og:title\" content=\"Khoai m\u1ee1 t\u00edm \u0111\u00f4ng l\u1ea1nh d\u1ea1ng kh\u1ed1i\/l\u00e1t \u2013 Khoai m\u1ee1 t\u1ef1 nhi\u00ean t\u1eeb Vi\u1ec7t Nam - Nghi\u1ec7p Xu\u00e2n - Xu\u1ea5t Nh\u1eadp Kh\u1ea9u N\u00f4ng S\u1ea3n\" \/>\n<meta property=\"og:description\" content=\"Mua khoai m\u1ee1 t\u00edm \u0111\u00f4ng l\u1ea1nh cao c\u1ea5p t\u1eeb Vi\u1ec7t Nam \u2013 \u0111\u00f4ng l\u1ea1nh IQF \u0111\u1ec3 gi\u1eef tr\u1ecdn h\u01b0\u01a1ng v\u1ecb t\u01b0\u01a1i ngon, m\u00e0u s\u1eafc r\u1ef1c r\u1ee1 v\u00e0 dinh d\u01b0\u1ee1ng. Ho\u00e0n h\u1ea3o cho c\u00e1c m\u00f3n tr\u00e1ng mi\u1ec7ng, l\u00e0m b\u00e1nh v\u00e0 m\u00f3n halaya.\" \/>\n<meta property=\"og:url\" content=\"https:\/\/nghiepxuan.com\/vi\/product\/khoai-mo-tim-dong-lanh-dang-khoi-lat-khoai-mo-tu-nhien-tu-viet-nam\/\" \/>\n<meta property=\"og:site_name\" content=\"Nghi\u1ec7p Xu\u00e2n - Xu\u1ea5t Nh\u1eadp Kh\u1ea9u N\u00f4ng S\u1ea3n\" \/>\n<meta property=\"article:publisher\" content=\"https:\/\/www.facebook.com\/nongsannghiepxuan\/\" \/>\n<meta property=\"og:image\" content=\"https:\/\/nghiepxuan.com\/wp-content\/uploads\/2026\/02\/frozen-purple-yam-cubes.jpg\" \/>\n\t<meta property=\"og:image:width\" content=\"431\" \/>\n\t<meta property=\"og:image:height\" content=\"519\" \/>\n\t<meta property=\"og:image:type\" content=\"image\/jpeg\" \/>\n<meta name=\"twitter:card\" content=\"summary_large_image\" \/>\n<meta name=\"twitter:site\" content=\"@PhuTonBui\" \/>\n<meta name=\"twitter:label1\" content=\"Est. reading time\" \/>\n\t<meta name=\"twitter:data1\" content=\"3 minutes\" \/>\n<script type=\"application\/ld+json\" class=\"yoast-schema-graph\">{\"@context\":\"https:\/\/schema.org\",\"@graph\":[{\"@type\":\"WebPage\",\"@id\":\"https:\/\/nghiepxuan.com\/vi\/product\/khoai-mo-tim-dong-lanh-dang-khoi-lat-khoai-mo-tu-nhien-tu-viet-nam\/\",\"url\":\"https:\/\/nghiepxuan.com\/vi\/product\/khoai-mo-tim-dong-lanh-dang-khoi-lat-khoai-mo-tu-nhien-tu-viet-nam\/\",\"name\":\"Khoai m\u1ee1 t\u00edm \u0111\u00f4ng l\u1ea1nh d\u1ea1ng kh\u1ed1i\/l\u00e1t \u2013 Khoai m\u1ee1 t\u1ef1 nhi\u00ean t\u1eeb Vi\u1ec7t Nam - Nghi\u1ec7p Xu\u00e2n - Xu\u1ea5t Nh\u1eadp Kh\u1ea9u N\u00f4ng S\u1ea3n\",\"isPartOf\":{\"@id\":\"https:\/\/nghiepxuan.com\/vi\/#website\"},\"primaryImageOfPage\":{\"@id\":\"https:\/\/nghiepxuan.com\/vi\/product\/khoai-mo-tim-dong-lanh-dang-khoi-lat-khoai-mo-tu-nhien-tu-viet-nam\/#primaryimage\"},\"image\":{\"@id\":\"https:\/\/nghiepxuan.com\/vi\/product\/khoai-mo-tim-dong-lanh-dang-khoi-lat-khoai-mo-tu-nhien-tu-viet-nam\/#primaryimage\"},\"thumbnailUrl\":\"https:\/\/nghiepxuan.com\/wp-content\/uploads\/2026\/02\/frozen-purple-yam-cubes.jpg\",\"datePublished\":\"2026-02-01T05:55:32+00:00\",\"description\":\"Mua khoai m\u1ee1 t\u00edm \u0111\u00f4ng l\u1ea1nh cao c\u1ea5p t\u1eeb Vi\u1ec7t Nam \u2013 \u0111\u00f4ng l\u1ea1nh IQF \u0111\u1ec3 gi\u1eef tr\u1ecdn h\u01b0\u01a1ng v\u1ecb t\u01b0\u01a1i ngon, m\u00e0u s\u1eafc r\u1ef1c r\u1ee1 v\u00e0 dinh d\u01b0\u1ee1ng. Ho\u00e0n h\u1ea3o cho c\u00e1c m\u00f3n tr\u00e1ng mi\u1ec7ng, l\u00e0m b\u00e1nh v\u00e0 m\u00f3n halaya.\",\"breadcrumb\":{\"@id\":\"https:\/\/nghiepxuan.com\/vi\/product\/khoai-mo-tim-dong-lanh-dang-khoi-lat-khoai-mo-tu-nhien-tu-viet-nam\/#breadcrumb\"},\"inLanguage\":\"vi-VN\",\"potentialAction\":[{\"@type\":\"ReadAction\",\"target\":[\"https:\/\/nghiepxuan.com\/vi\/product\/khoai-mo-tim-dong-lanh-dang-khoi-lat-khoai-mo-tu-nhien-tu-viet-nam\/\"]}]},{\"@type\":\"ImageObject\",\"inLanguage\":\"vi-VN\",\"@id\":\"https:\/\/nghiepxuan.com\/vi\/product\/khoai-mo-tim-dong-lanh-dang-khoi-lat-khoai-mo-tu-nhien-tu-viet-nam\/#primaryimage\",\"url\":\"https:\/\/nghiepxuan.com\/wp-content\/uploads\/2026\/02\/frozen-purple-yam-cubes.jpg\",\"contentUrl\":\"https:\/\/nghiepxuan.com\/wp-content\/uploads\/2026\/02\/frozen-purple-yam-cubes.jpg\",\"width\":431,\"height\":519,\"caption\":\"frozen purple yam cubes\"},{\"@type\":\"BreadcrumbList\",\"@id\":\"https:\/\/nghiepxuan.com\/vi\/product\/khoai-mo-tim-dong-lanh-dang-khoi-lat-khoai-mo-tu-nhien-tu-viet-nam\/#breadcrumb\",\"itemListElement\":[{\"@type\":\"ListItem\",\"position\":1,\"name\":\"Home\",\"item\":\"https:\/\/nghiepxuan.com\/vi\/\"},{\"@type\":\"ListItem\",\"position\":2,\"name\":\"C\u1eeda h\u00e0ng\",\"item\":\"https:\/\/nghiepxuan.com\/vi\/shop\/\"},{\"@type\":\"ListItem\",\"position\":3,\"name\":\"Khoai m\u1ee1 t\u00edm \u0111\u00f4ng l\u1ea1nh d\u1ea1ng kh\u1ed1i\/l\u00e1t \u2013 Khoai m\u1ee1 t\u1ef1 nhi\u00ean t\u1eeb Vi\u1ec7t Nam\"}]},{\"@type\":\"WebSite\",\"@id\":\"https:\/\/nghiepxuan.com\/vi\/#website\",\"url\":\"https:\/\/nghiepxuan.com\/vi\/\",\"name\":\"Nghiep Xuan - Agricultural Import and Export\",\"description\":\"Nu\u00f4i d\u01b0\u1ee1ng thi\u00ean nhi\u00ean, thu ho\u1ea1ch s\u1ee9c kh\u1ecfe: \u0110i\u1ec3m \u0111\u1ebfn l\u1ed1i s\u1ed1ng h\u1eefu c\u01a1 c\u1ee7a b\u1ea1n\",\"publisher\":{\"@id\":\"https:\/\/nghiepxuan.com\/vi\/#organization\"},\"potentialAction\":[{\"@type\":\"SearchAction\",\"target\":{\"@type\":\"EntryPoint\",\"urlTemplate\":\"https:\/\/nghiepxuan.com\/vi\/?s={search_term_string}\"},\"query-input\":{\"@type\":\"PropertyValueSpecification\",\"valueRequired\":true,\"valueName\":\"search_term_string\"}}],\"inLanguage\":\"vi-VN\"},{\"@type\":\"Organization\",\"@id\":\"https:\/\/nghiepxuan.com\/vi\/#organization\",\"name\":\"Nghiep Xuan - Agricultural Import and Export\",\"url\":\"https:\/\/nghiepxuan.com\/vi\/\",\"logo\":{\"@type\":\"ImageObject\",\"inLanguage\":\"vi-VN\",\"@id\":\"https:\/\/nghiepxuan.com\/vi\/#\/schema\/logo\/image\/\",\"url\":\"https:\/\/nghiepxuan.com\/wp-content\/uploads\/2025\/04\/Nghiep-Xuan-Logo-4.png\",\"contentUrl\":\"https:\/\/nghiepxuan.com\/wp-content\/uploads\/2025\/04\/Nghiep-Xuan-Logo-4.png\",\"width\":4167,\"height\":1015,\"caption\":\"Nghiep Xuan - Agricultural Import and Export\"},\"image\":{\"@id\":\"https:\/\/nghiepxuan.com\/vi\/#\/schema\/logo\/image\/\"},\"sameAs\":[\"https:\/\/www.facebook.com\/nongsannghiepxuan\/\",\"https:\/\/x.com\/PhuTonBui\",\"https:\/\/www.instagram.com\/xuatnhapkhaunghiepxuan\/\",\"https:\/\/www.youtube.com\/@nongsannghiepxuan2066\",\"https:\/\/www.tiktok.com\/@nghiepxuan\"]}]}<\/script>\n<!-- \/ Yoast SEO plugin. -->","yoast_head_json":{"title":"Khoai m\u1ee1 t\u00edm \u0111\u00f4ng l\u1ea1nh d\u1ea1ng kh\u1ed1i\/l\u00e1t \u2013 Khoai m\u1ee1 t\u1ef1 nhi\u00ean t\u1eeb Vi\u1ec7t Nam - Nghi\u1ec7p Xu\u00e2n - Xu\u1ea5t Nh\u1eadp Kh\u1ea9u N\u00f4ng S\u1ea3n","description":"Mua khoai m\u1ee1 t\u00edm \u0111\u00f4ng l\u1ea1nh cao c\u1ea5p t\u1eeb Vi\u1ec7t Nam \u2013 \u0111\u00f4ng l\u1ea1nh IQF \u0111\u1ec3 gi\u1eef tr\u1ecdn h\u01b0\u01a1ng v\u1ecb t\u01b0\u01a1i ngon, m\u00e0u s\u1eafc r\u1ef1c r\u1ee1 v\u00e0 dinh d\u01b0\u1ee1ng. Ho\u00e0n h\u1ea3o cho c\u00e1c m\u00f3n tr\u00e1ng mi\u1ec7ng, l\u00e0m b\u00e1nh v\u00e0 m\u00f3n halaya.","robots":{"index":"index","follow":"follow","max-snippet":"max-snippet:-1","max-image-preview":"max-image-preview:large","max-video-preview":"max-video-preview:-1"},"canonical":"https:\/\/nghiepxuan.com\/vi\/product\/khoai-mo-tim-dong-lanh-dang-khoi-lat-khoai-mo-tu-nhien-tu-viet-nam\/","og_locale":"vi_VN","og_type":"article","og_title":"Khoai m\u1ee1 t\u00edm \u0111\u00f4ng l\u1ea1nh d\u1ea1ng kh\u1ed1i\/l\u00e1t \u2013 Khoai m\u1ee1 t\u1ef1 nhi\u00ean t\u1eeb Vi\u1ec7t Nam - Nghi\u1ec7p Xu\u00e2n - Xu\u1ea5t Nh\u1eadp Kh\u1ea9u N\u00f4ng S\u1ea3n","og_description":"Mua khoai m\u1ee1 t\u00edm \u0111\u00f4ng l\u1ea1nh cao c\u1ea5p t\u1eeb Vi\u1ec7t Nam \u2013 \u0111\u00f4ng l\u1ea1nh IQF \u0111\u1ec3 gi\u1eef tr\u1ecdn h\u01b0\u01a1ng v\u1ecb t\u01b0\u01a1i ngon, m\u00e0u s\u1eafc r\u1ef1c r\u1ee1 v\u00e0 dinh d\u01b0\u1ee1ng. Ho\u00e0n h\u1ea3o cho c\u00e1c m\u00f3n tr\u00e1ng mi\u1ec7ng, l\u00e0m b\u00e1nh v\u00e0 m\u00f3n halaya.","og_url":"https:\/\/nghiepxuan.com\/vi\/product\/khoai-mo-tim-dong-lanh-dang-khoi-lat-khoai-mo-tu-nhien-tu-viet-nam\/","og_site_name":"Nghi\u1ec7p Xu\u00e2n - Xu\u1ea5t Nh\u1eadp Kh\u1ea9u N\u00f4ng S\u1ea3n","article_publisher":"https:\/\/www.facebook.com\/nongsannghiepxuan\/","og_image":[{"width":431,"height":519,"url":"https:\/\/nghiepxuan.com\/wp-content\/uploads\/2026\/02\/frozen-purple-yam-cubes.jpg","type":"image\/jpeg"}],"twitter_card":"summary_large_image","twitter_site":"@PhuTonBui","twitter_misc":{"Est. reading time":"3 minutes"},"schema":{"@context":"https:\/\/schema.org","@graph":[{"@type":"WebPage","@id":"https:\/\/nghiepxuan.com\/vi\/product\/khoai-mo-tim-dong-lanh-dang-khoi-lat-khoai-mo-tu-nhien-tu-viet-nam\/","url":"https:\/\/nghiepxuan.com\/vi\/product\/khoai-mo-tim-dong-lanh-dang-khoi-lat-khoai-mo-tu-nhien-tu-viet-nam\/","name":"Khoai m\u1ee1 t\u00edm \u0111\u00f4ng l\u1ea1nh d\u1ea1ng kh\u1ed1i\/l\u00e1t \u2013 Khoai m\u1ee1 t\u1ef1 nhi\u00ean t\u1eeb Vi\u1ec7t Nam - Nghi\u1ec7p Xu\u00e2n - Xu\u1ea5t Nh\u1eadp Kh\u1ea9u N\u00f4ng S\u1ea3n","isPartOf":{"@id":"https:\/\/nghiepxuan.com\/vi\/#website"},"primaryImageOfPage":{"@id":"https:\/\/nghiepxuan.com\/vi\/product\/khoai-mo-tim-dong-lanh-dang-khoi-lat-khoai-mo-tu-nhien-tu-viet-nam\/#primaryimage"},"image":{"@id":"https:\/\/nghiepxuan.com\/vi\/product\/khoai-mo-tim-dong-lanh-dang-khoi-lat-khoai-mo-tu-nhien-tu-viet-nam\/#primaryimage"},"thumbnailUrl":"https:\/\/nghiepxuan.com\/wp-content\/uploads\/2026\/02\/frozen-purple-yam-cubes.jpg","datePublished":"2026-02-01T05:55:32+00:00","description":"Mua khoai m\u1ee1 t\u00edm \u0111\u00f4ng l\u1ea1nh cao c\u1ea5p t\u1eeb Vi\u1ec7t Nam \u2013 \u0111\u00f4ng l\u1ea1nh IQF \u0111\u1ec3 gi\u1eef tr\u1ecdn h\u01b0\u01a1ng v\u1ecb t\u01b0\u01a1i ngon, m\u00e0u s\u1eafc r\u1ef1c r\u1ee1 v\u00e0 dinh d\u01b0\u1ee1ng. Ho\u00e0n h\u1ea3o cho c\u00e1c m\u00f3n tr\u00e1ng mi\u1ec7ng, l\u00e0m b\u00e1nh v\u00e0 m\u00f3n halaya.","breadcrumb":{"@id":"https:\/\/nghiepxuan.com\/vi\/product\/khoai-mo-tim-dong-lanh-dang-khoi-lat-khoai-mo-tu-nhien-tu-viet-nam\/#breadcrumb"},"inLanguage":"vi-VN","potentialAction":[{"@type":"ReadAction","target":["https:\/\/nghiepxuan.com\/vi\/product\/khoai-mo-tim-dong-lanh-dang-khoi-lat-khoai-mo-tu-nhien-tu-viet-nam\/"]}]},{"@type":"ImageObject","inLanguage":"vi-VN","@id":"https:\/\/nghiepxuan.com\/vi\/product\/khoai-mo-tim-dong-lanh-dang-khoi-lat-khoai-mo-tu-nhien-tu-viet-nam\/#primaryimage","url":"https:\/\/nghiepxuan.com\/wp-content\/uploads\/2026\/02\/frozen-purple-yam-cubes.jpg","contentUrl":"https:\/\/nghiepxuan.com\/wp-content\/uploads\/2026\/02\/frozen-purple-yam-cubes.jpg","width":431,"height":519,"caption":"frozen purple yam cubes"},{"@type":"BreadcrumbList","@id":"https:\/\/nghiepxuan.com\/vi\/product\/khoai-mo-tim-dong-lanh-dang-khoi-lat-khoai-mo-tu-nhien-tu-viet-nam\/#breadcrumb","itemListElement":[{"@type":"ListItem","position":1,"name":"Home","item":"https:\/\/nghiepxuan.com\/vi\/"},{"@type":"ListItem","position":2,"name":"C\u1eeda h\u00e0ng","item":"https:\/\/nghiepxuan.com\/vi\/shop\/"},{"@type":"ListItem","position":3,"name":"Khoai m\u1ee1 t\u00edm \u0111\u00f4ng l\u1ea1nh d\u1ea1ng kh\u1ed1i\/l\u00e1t \u2013 Khoai m\u1ee1 t\u1ef1 nhi\u00ean t\u1eeb Vi\u1ec7t Nam"}]},{"@type":"WebSite","@id":"https:\/\/nghiepxuan.com\/vi\/#website","url":"https:\/\/nghiepxuan.com\/vi\/","name":"Nghiep Xuan - Agricultural Import and Export","description":"Nu\u00f4i d\u01b0\u1ee1ng thi\u00ean nhi\u00ean, thu ho\u1ea1ch s\u1ee9c kh\u1ecfe: \u0110i\u1ec3m \u0111\u1ebfn l\u1ed1i s\u1ed1ng h\u1eefu c\u01a1 c\u1ee7a b\u1ea1n","publisher":{"@id":"https:\/\/nghiepxuan.com\/vi\/#organization"},"potentialAction":[{"@type":"SearchAction","target":{"@type":"EntryPoint","urlTemplate":"https:\/\/nghiepxuan.com\/vi\/?s={search_term_string}"},"query-input":{"@type":"PropertyValueSpecification","valueRequired":true,"valueName":"search_term_string"}}],"inLanguage":"vi-VN"},{"@type":"Organization","@id":"https:\/\/nghiepxuan.com\/vi\/#organization","name":"Nghiep Xuan - Agricultural Import and Export","url":"https:\/\/nghiepxuan.com\/vi\/","logo":{"@type":"ImageObject","inLanguage":"vi-VN","@id":"https:\/\/nghiepxuan.com\/vi\/#\/schema\/logo\/image\/","url":"https:\/\/nghiepxuan.com\/wp-content\/uploads\/2025\/04\/Nghiep-Xuan-Logo-4.png","contentUrl":"https:\/\/nghiepxuan.com\/wp-content\/uploads\/2025\/04\/Nghiep-Xuan-Logo-4.png","width":4167,"height":1015,"caption":"Nghiep Xuan - Agricultural Import and Export"},"image":{"@id":"https:\/\/nghiepxuan.com\/vi\/#\/schema\/logo\/image\/"},"sameAs":["https:\/\/www.facebook.com\/nongsannghiepxuan\/","https:\/\/x.com\/PhuTonBui","https:\/\/www.instagram.com\/xuatnhapkhaunghiepxuan\/","https:\/\/www.youtube.com\/@nongsannghiepxuan2066","https:\/\/www.tiktok.com\/@nghiepxuan"]}]}},"_links":{"self":[{"href":"https:\/\/nghiepxuan.com\/vi\/wp-json\/wp\/v2\/product\/9710","targetHints":{"allow":["GET"]}}],"collection":[{"href":"https:\/\/nghiepxuan.com\/vi\/wp-json\/wp\/v2\/product"}],"about":[{"href":"https:\/\/nghiepxuan.com\/vi\/wp-json\/wp\/v2\/types\/product"}],"replies":[{"embeddable":true,"href":"https:\/\/nghiepxuan.com\/vi\/wp-json\/wp\/v2\/comments?post=9710"}],"version-history":[{"count":0,"href":"https:\/\/nghiepxuan.com\/vi\/wp-json\/wp\/v2\/product\/9710\/revisions"}],"wp:featuredmedia":[{"embeddable":true,"href":"https:\/\/nghiepxuan.com\/vi\/wp-json\/wp\/v2\/media\/9673"}],"wp:attachment":[{"href":"https:\/\/nghiepxuan.com\/vi\/wp-json\/wp\/v2\/media?parent=9710"}],"wp:term":[{"taxonomy":"product_brand","embeddable":true,"href":"https:\/\/nghiepxuan.com\/vi\/wp-json\/wp\/v2\/product_brand?post=9710"},{"taxonomy":"product_cat","embeddable":true,"href":"https:\/\/nghiepxuan.com\/vi\/wp-json\/wp\/v2\/product_cat?post=9710"},{"taxonomy":"product_tag","embeddable":true,"href":"https:\/\/nghiepxuan.com\/vi\/wp-json\/wp\/v2\/product_tag?post=9710"}],"curies":[{"name":"wp","href":"https:\/\/api.w.org\/{rel}","templated":true}]}}