{"id":9206,"date":"2025-07-20T14:46:10","date_gmt":"2025-07-20T14:46:10","guid":{"rendered":"https:\/\/nghiepxuan.com\/product\/tan-huong-niem-vui-thuan-khiet-voi-sau-rieng-hao-hang-nghiep-xuan-dinh-cao-cua-sau-rieng-tuoi\/"},"modified":"2025-07-20T14:46:10","modified_gmt":"2025-07-20T14:46:10","slug":"tan-huong-niem-vui-thuan-khiet-voi-sau-rieng-hao-hang-nghiep-xuan-dinh-cao-cua-sau-rieng-tuoi","status":"publish","type":"product","link":"https:\/\/nghiepxuan.com\/vi\/product\/tan-huong-niem-vui-thuan-khiet-voi-sau-rieng-hao-hang-nghiep-xuan-dinh-cao-cua-sau-rieng-tuoi\/","title":{"rendered":"T\u1eadn h\u01b0\u1edfng ni\u1ec1m vui thu\u1ea7n khi\u1ebft v\u1edbi s\u1ea7u ri\u00eang h\u1ea3o h\u1ea1ng Nghi\u1ec7p Xu\u00e2n: \u0110\u1ec9nh cao c\u1ee7a s\u1ea7u ri\u00eang t\u01b0\u01a1i"},"content":{"rendered":"<p>H\u00e3y t\u1eadn h\u01b0\u1edfng h\u01b0\u01a1ng v\u1ecb \u0111\u1eadm \u0111\u00e0 tuy\u1ec7t h\u1ea3o c\u1ee7a <strong>s\u1ea7u ri\u00eang Monthoong Nghi\u1ec7p Xu\u00e2n Cao C\u1ea5p<\/strong> , \u0111\u01b0\u1ee3c l\u1ea5y tr\u1ef1c ti\u1ebfp t\u1eeb nh\u1eefng v\u01b0\u1eddn s\u1ea7u ri\u00eang ngon nh\u1ea5t Vi\u1ec7t Nam. N\u1ed5i ti\u1ebfng v\u1edbi k\u1ebft c\u1ea5u kem s\u1eefa tr\u1ee9ng b\u00e9o ng\u1eady v\u00e0 s\u1ef1 c\u00e2n b\u1eb1ng tinh t\u1ebf gi\u1eefa v\u1ecb ng\u1ecdt v\u00e0 v\u1ecb \u0111\u1eafng nh\u1eb9, s\u1ea7u ri\u00eang Monthoong ch\u00ednh l\u00e0 bi\u1ec3u t\u01b0\u1ee3ng c\u1ee7a s\u1ef1 ho\u00e0n h\u1ea3o trong t\u1eebng tr\u00e1i s\u1ea7u ri\u00eang. M\u1ed7i tr\u00e1i s\u1ea7u ri\u00eang \u0111\u01b0\u1ee3c tuy\u1ec3n ch\u1ecdn th\u1ee7 c\u00f4ng khi \u0111\u1ea1t \u0111\u1ed9 ch\u00edn ho\u00e0n h\u1ea3o \u0111\u1ec3 \u0111\u1ea3m b\u1ea3o h\u01b0\u01a1ng v\u1ecb v\u00e0 \u0111\u1ed9 t\u01b0\u01a1i ngon t\u1ed1i \u0111a, mang \u0111\u1ebfn tr\u1ea3i nghi\u1ec7m nhi\u1ec7t \u0111\u1edbi sang tr\u1ecdng trong t\u1eebng mi\u1ebfng c\u1eafn.  <\/p>\n<p>S\u1ea7u ri\u00eang Monthoong c\u1ee7a ch\u00fang t\u00f4i \u0111\u01b0\u1ee3c tr\u1ed3ng tr\u1ecdt t\u1ec9 m\u1ec9, kh\u00f4ng h\u00f3a ch\u1ea5t \u0111\u1ed9c h\u1ea1i, \u0111\u1ea3m b\u1ea3o h\u01b0\u01a1ng v\u1ecb thu\u1ea7n khi\u1ebft v\u00e0 \u0111\u00edch th\u1ef1c m\u00e0 nh\u1eefng ng\u01b0\u1eddi y\u00eau s\u1ea7u ri\u00eang lu\u00f4n khao kh\u00e1t. Ho\u00e0n h\u1ea3o \u0111\u1ec3 th\u01b0\u1edfng th\u1ee9c t\u01b0\u01a1i ho\u1eb7c k\u1ebft h\u1ee3p v\u1edbi c\u00e1c m\u00f3n tr\u00e1ng mi\u1ec7ng h\u1ea3o h\u1ea1ng, lo\u1ea1i &#8220;Vua c\u1ee7a c\u00e1c lo\u1ea1i tr\u00e1i c\u00e2y&#8221; n\u00e0y mang \u0111\u1ebfn l\u1edbp th\u1ecbt m\u1ec1m m\u1ecbn tan ch\u1ea3y trong mi\u1ec7ng, \u0111\u1ec3 l\u1ea1i d\u01b0 v\u1ecb \u0111\u1ecdng l\u1ea1i \u0111\u1ea7y th\u00fa v\u1ecb. <\/p>\n<ul>\n<li><strong>Ngu\u1ed3n g\u1ed1c<\/strong> : V\u01b0\u1eddn c\u00e2y \u0103n tr\u00e1i cao c\u1ea5p t\u1ea1i Vi\u1ec7t Nam<\/li>\n<li><strong>Gi\u1ed1ng<\/strong> : Monthoong<\/li>\n<li><strong>H\u01b0\u01a1ng v\u1ecb \u0111\u1eb7c tr\u01b0ng<\/strong> : \u0110\u1eadm \u0111\u00e0, b\u00e9o ng\u1eady, ng\u1ecdt ng\u00e0o v\u1edbi m\u1ed9t ch\u00fat \u0111\u1eafng<\/li>\n<li><strong>Bao b\u00ec<\/strong> : \u0110\u00f3ng g\u00f3i c\u1ea9n th\u1eadn \u0111\u1ec3 gi\u1eef \u0111\u1ed9 t\u01b0\u01a1i trong qu\u00e1 tr\u00ecnh giao h\u00e0ng<\/li>\n<li><strong>T\u00ecnh tr\u1ea1ng<\/strong> : Theo m\u00f9a, \u0111\u1ea3m b\u1ea3o \u0111\u1ed9 t\u01b0\u01a1i ngon khi giao h\u00e0ng<\/li>\n<\/ul>\n<p>N\u00e2ng t\u1ea7m h\u00e0nh tr\u00ecnh \u1ea9m th\u1ef1c c\u1ee7a b\u1ea1n v\u1edbi S\u1ea7u ri\u00eang Monthoong Nghi\u1ec7p Xu\u00e2n Cao c\u1ea5p \u2013 m\u1ed9t m\u00f3n ngon \u0111\u00edch th\u1ef1c d\u00e0nh cho c\u1ea3 ng\u01b0\u1eddi s\u00e0nh \u0103n l\u1eabn nh\u1eefng ng\u01b0\u1eddi \u01b0a kh\u00e1m ph\u00e1. \u0110\u1eb7t h\u00e0ng ngay \u0111\u1ec3 tr\u1ea3i nghi\u1ec7m h\u01b0\u01a1ng v\u1ecb s\u1ea7u ri\u00eang tuy\u1ec7t \u0111\u1ec9nh, \u0111\u01b0\u1ee3c giao t\u1eadn nh\u00e0 t\u1eeb nghiepxuan.com. <\/p>\n","protected":false},"excerpt":{"rendered":"<p>Tr\u1ea3i nghi\u1ec7m h\u01b0\u01a1ng v\u1ecb \u0111\u1eadm \u0111\u00e0 v\u00f4 song c\u1ee7a <strong>S\u1ea7u ri\u00eang Monthoong<\/strong> , lo\u1ea1i s\u1ea7u ri\u00eang t\u01b0\u01a1i ngon h\u1ea3o h\u1ea1ng c\u1ee7a ch\u00fang t\u00f4i, \u0111\u01b0\u1ee3c thu ho\u1ea1ch tr\u1ef1c ti\u1ebfp t\u1eeb nh\u1eefng v\u01b0\u1eddn c\u00e2y \u0103n tr\u00e1i t\u1ed1t nh\u1ea5t. N\u1ed5i ti\u1ebfng v\u1edbi k\u1ebft c\u1ea5u kem m\u1ecbn nh\u01b0 kem s\u1eefa tr\u1ee9ng v\u00e0 h\u01b0\u01a1ng v\u1ecb ng\u1ecdt \u0111\u1eafng c\u00e2n b\u1eb1ng ho\u00e0n h\u1ea3o, nh\u1eefng qu\u1ea3 s\u1ea7u ri\u00eang n\u00e0y \u0111\u01b0\u1ee3c tuy\u1ec3n ch\u1ecdn th\u1ee7 c\u00f4ng khi \u0111\u1ea1t \u0111\u1ed9 ch\u00edn ho\u00e0n h\u1ea3o \u0111\u1ec3 \u0111\u1ea3m b\u1ea3o ch\u1ea5t l\u01b0\u1ee3ng v\u01b0\u1ee3t tr\u1ed9i. M\u1ed7i qu\u1ea3 s\u1ea7u ri\u00eang \u0111\u1ec1u to\u00e1t l\u00ean tinh t\u00fay c\u1ee7a s\u1ef1 nu\u00f4ng chi\u1ec1u nhi\u1ec7t \u0111\u1edbi, mang \u0111\u1ebfn c\u1ea3m gi\u00e1c m\u1ec1m m\u1ea1i nh\u01b0 nhung v\u1edbi h\u01b0\u01a1ng caramel v\u00e0 h\u1ea1nh nh\u00e2n \u0111\u1ecdng l\u1ea1i tr\u00ean v\u00f2m mi\u1ec7ng. Ho\u00e0n h\u1ea3o cho c\u1ea3 nh\u1eefng ng\u01b0\u1eddi s\u00e0nh s\u1ea7u ri\u00eang l\u1eabn nh\u1eefng ng\u01b0\u1eddi m\u1edbi n\u1ebfm th\u1eed l\u1ea7n \u0111\u1ea7u, Monthoong Majesty mang \u0111\u1ebfn m\u1ed9t h\u00e0nh tr\u00ecnh c\u1ea3m x\u00fac kh\u00f3 qu\u00ean.   <\/p>\n","protected":false},"featured_media":9158,"comment_status":"open","ping_status":"closed","template":"","meta":{"content-type":""},"product_brand":[],"product_cat":[168],"product_tag":[853,851,848,854,852],"class_list":{"0":"post-9206","1":"product","2":"type-product","3":"status-publish","4":"has-post-thumbnail","6":"product_cat-fruits-vi","7":"product_tag-gacc-vi","8":"product_tag-morthoong-vi","9":"product_tag-sau-rieng-tuoi","10":"product_tag-thi-truong-trung-quoc","11":"product_tag-xuat-khau-sau-rieng-tuoi","13":"first","14":"instock","15":"shipping-taxable","16":"product-type-simple"},"yoast_head":"<!-- This site is optimized with the Yoast SEO plugin v26.9 - https:\/\/yoast.com\/product\/yoast-seo-wordpress\/ -->\n<title>T\u1eadn h\u01b0\u1edfng ni\u1ec1m vui thu\u1ea7n khi\u1ebft v\u1edbi s\u1ea7u ri\u00eang h\u1ea3o h\u1ea1ng Nghi\u1ec7p Xu\u00e2n: \u0110\u1ec9nh cao c\u1ee7a s\u1ea7u ri\u00eang t\u01b0\u01a1i - Nghi\u1ec7p Xu\u00e2n - Xu\u1ea5t Nh\u1eadp Kh\u1ea9u N\u00f4ng S\u1ea3n<\/title>\n<meta name=\"description\" content=\"N\u00e2ng t\u1ea7m h\u00e0nh tr\u00ecnh \u1ea9m th\u1ef1c c\u1ee7a b\u1ea1n v\u1edbi S\u1ea7u ri\u00eang Monthoong Nghi\u1ec7p Xu\u00e2n Cao c\u1ea5p \u2013 m\u00f3n ngon \u0111\u00edch th\u1ef1c d\u00e0nh cho c\u1ea3 ng\u01b0\u1eddi s\u00e0nh \u0103n v\u00e0 ng\u01b0\u1eddi \u01b0a m\u1ea1o hi\u1ec3m\" \/>\n<meta name=\"robots\" content=\"index, follow, max-snippet:-1, max-image-preview:large, max-video-preview:-1\" \/>\n<link rel=\"canonical\" href=\"https:\/\/nghiepxuan.com\/vi\/product\/tan-huong-niem-vui-thuan-khiet-voi-sau-rieng-hao-hang-nghiep-xuan-dinh-cao-cua-sau-rieng-tuoi\/\" \/>\n<meta property=\"og:locale\" content=\"vi_VN\" \/>\n<meta property=\"og:type\" content=\"article\" \/>\n<meta property=\"og:title\" content=\"T\u1eadn h\u01b0\u1edfng ni\u1ec1m vui thu\u1ea7n khi\u1ebft v\u1edbi s\u1ea7u ri\u00eang h\u1ea3o h\u1ea1ng Nghi\u1ec7p Xu\u00e2n: \u0110\u1ec9nh cao c\u1ee7a s\u1ea7u ri\u00eang t\u01b0\u01a1i - Nghi\u1ec7p Xu\u00e2n - Xu\u1ea5t Nh\u1eadp Kh\u1ea9u N\u00f4ng S\u1ea3n\" \/>\n<meta property=\"og:description\" content=\"N\u00e2ng t\u1ea7m h\u00e0nh tr\u00ecnh \u1ea9m th\u1ef1c c\u1ee7a b\u1ea1n v\u1edbi S\u1ea7u ri\u00eang Monthoong Nghi\u1ec7p Xu\u00e2n Cao c\u1ea5p \u2013 m\u00f3n ngon \u0111\u00edch th\u1ef1c d\u00e0nh cho c\u1ea3 ng\u01b0\u1eddi s\u00e0nh \u0103n v\u00e0 ng\u01b0\u1eddi \u01b0a m\u1ea1o hi\u1ec3m\" \/>\n<meta property=\"og:url\" content=\"https:\/\/nghiepxuan.com\/vi\/product\/tan-huong-niem-vui-thuan-khiet-voi-sau-rieng-hao-hang-nghiep-xuan-dinh-cao-cua-sau-rieng-tuoi\/\" \/>\n<meta property=\"og:site_name\" content=\"Nghi\u1ec7p Xu\u00e2n - Xu\u1ea5t Nh\u1eadp Kh\u1ea9u N\u00f4ng S\u1ea3n\" \/>\n<meta property=\"article:publisher\" content=\"https:\/\/www.facebook.com\/nongsannghiepxuan\/\" \/>\n<meta property=\"og:image\" content=\"https:\/\/nghiepxuan.com\/wp-content\/uploads\/2025\/07\/z5227556693523_7ab3686b16c44446dd51aaf89a70f10d.jpg\" \/>\n\t<meta property=\"og:image:width\" content=\"540\" \/>\n\t<meta property=\"og:image:height\" content=\"960\" \/>\n\t<meta property=\"og:image:type\" content=\"image\/jpeg\" \/>\n<meta name=\"twitter:card\" content=\"summary_large_image\" \/>\n<meta name=\"twitter:site\" content=\"@PhuTonBui\" \/>\n<meta name=\"twitter:label1\" content=\"Est. reading time\" \/>\n\t<meta name=\"twitter:data1\" content=\"2 minutes\" \/>\n<script type=\"application\/ld+json\" class=\"yoast-schema-graph\">{\"@context\":\"https:\/\/schema.org\",\"@graph\":[{\"@type\":\"WebPage\",\"@id\":\"https:\/\/nghiepxuan.com\/vi\/product\/tan-huong-niem-vui-thuan-khiet-voi-sau-rieng-hao-hang-nghiep-xuan-dinh-cao-cua-sau-rieng-tuoi\/\",\"url\":\"https:\/\/nghiepxuan.com\/vi\/product\/tan-huong-niem-vui-thuan-khiet-voi-sau-rieng-hao-hang-nghiep-xuan-dinh-cao-cua-sau-rieng-tuoi\/\",\"name\":\"T\u1eadn h\u01b0\u1edfng ni\u1ec1m vui thu\u1ea7n khi\u1ebft v\u1edbi s\u1ea7u ri\u00eang h\u1ea3o h\u1ea1ng Nghi\u1ec7p Xu\u00e2n: \u0110\u1ec9nh cao c\u1ee7a s\u1ea7u ri\u00eang t\u01b0\u01a1i - Nghi\u1ec7p Xu\u00e2n - Xu\u1ea5t Nh\u1eadp Kh\u1ea9u N\u00f4ng S\u1ea3n\",\"isPartOf\":{\"@id\":\"https:\/\/nghiepxuan.com\/vi\/#website\"},\"primaryImageOfPage\":{\"@id\":\"https:\/\/nghiepxuan.com\/vi\/product\/tan-huong-niem-vui-thuan-khiet-voi-sau-rieng-hao-hang-nghiep-xuan-dinh-cao-cua-sau-rieng-tuoi\/#primaryimage\"},\"image\":{\"@id\":\"https:\/\/nghiepxuan.com\/vi\/product\/tan-huong-niem-vui-thuan-khiet-voi-sau-rieng-hao-hang-nghiep-xuan-dinh-cao-cua-sau-rieng-tuoi\/#primaryimage\"},\"thumbnailUrl\":\"https:\/\/nghiepxuan.com\/wp-content\/uploads\/2025\/07\/z5227556693523_7ab3686b16c44446dd51aaf89a70f10d.jpg\",\"datePublished\":\"2025-07-20T14:46:10+00:00\",\"description\":\"N\u00e2ng t\u1ea7m h\u00e0nh tr\u00ecnh \u1ea9m th\u1ef1c c\u1ee7a b\u1ea1n v\u1edbi S\u1ea7u ri\u00eang Monthoong Nghi\u1ec7p Xu\u00e2n Cao c\u1ea5p \u2013 m\u00f3n ngon \u0111\u00edch th\u1ef1c d\u00e0nh cho c\u1ea3 ng\u01b0\u1eddi s\u00e0nh \u0103n v\u00e0 ng\u01b0\u1eddi \u01b0a m\u1ea1o hi\u1ec3m\",\"breadcrumb\":{\"@id\":\"https:\/\/nghiepxuan.com\/vi\/product\/tan-huong-niem-vui-thuan-khiet-voi-sau-rieng-hao-hang-nghiep-xuan-dinh-cao-cua-sau-rieng-tuoi\/#breadcrumb\"},\"inLanguage\":\"vi-VN\",\"potentialAction\":[{\"@type\":\"ReadAction\",\"target\":[\"https:\/\/nghiepxuan.com\/vi\/product\/tan-huong-niem-vui-thuan-khiet-voi-sau-rieng-hao-hang-nghiep-xuan-dinh-cao-cua-sau-rieng-tuoi\/\"]}]},{\"@type\":\"ImageObject\",\"inLanguage\":\"vi-VN\",\"@id\":\"https:\/\/nghiepxuan.com\/vi\/product\/tan-huong-niem-vui-thuan-khiet-voi-sau-rieng-hao-hang-nghiep-xuan-dinh-cao-cua-sau-rieng-tuoi\/#primaryimage\",\"url\":\"https:\/\/nghiepxuan.com\/wp-content\/uploads\/2025\/07\/z5227556693523_7ab3686b16c44446dd51aaf89a70f10d.jpg\",\"contentUrl\":\"https:\/\/nghiepxuan.com\/wp-content\/uploads\/2025\/07\/z5227556693523_7ab3686b16c44446dd51aaf89a70f10d.jpg\",\"width\":540,\"height\":960,\"caption\":\"Nghiep Xuan Premium Monthoong Durian\"},{\"@type\":\"BreadcrumbList\",\"@id\":\"https:\/\/nghiepxuan.com\/vi\/product\/tan-huong-niem-vui-thuan-khiet-voi-sau-rieng-hao-hang-nghiep-xuan-dinh-cao-cua-sau-rieng-tuoi\/#breadcrumb\",\"itemListElement\":[{\"@type\":\"ListItem\",\"position\":1,\"name\":\"Home\",\"item\":\"https:\/\/nghiepxuan.com\/vi\/\"},{\"@type\":\"ListItem\",\"position\":2,\"name\":\"C\u1eeda h\u00e0ng\",\"item\":\"https:\/\/nghiepxuan.com\/vi\/shop\/\"},{\"@type\":\"ListItem\",\"position\":3,\"name\":\"T\u1eadn h\u01b0\u1edfng ni\u1ec1m vui thu\u1ea7n khi\u1ebft v\u1edbi s\u1ea7u ri\u00eang h\u1ea3o h\u1ea1ng Nghi\u1ec7p Xu\u00e2n: \u0110\u1ec9nh cao c\u1ee7a s\u1ea7u ri\u00eang t\u01b0\u01a1i\"}]},{\"@type\":\"WebSite\",\"@id\":\"https:\/\/nghiepxuan.com\/vi\/#website\",\"url\":\"https:\/\/nghiepxuan.com\/vi\/\",\"name\":\"Nghiep Xuan - Agricultural Import and Export\",\"description\":\"Nu\u00f4i d\u01b0\u1ee1ng thi\u00ean nhi\u00ean, thu ho\u1ea1ch s\u1ee9c kh\u1ecfe: \u0110i\u1ec3m \u0111\u1ebfn l\u1ed1i s\u1ed1ng h\u1eefu c\u01a1 c\u1ee7a b\u1ea1n\",\"publisher\":{\"@id\":\"https:\/\/nghiepxuan.com\/vi\/#organization\"},\"potentialAction\":[{\"@type\":\"SearchAction\",\"target\":{\"@type\":\"EntryPoint\",\"urlTemplate\":\"https:\/\/nghiepxuan.com\/vi\/?s={search_term_string}\"},\"query-input\":{\"@type\":\"PropertyValueSpecification\",\"valueRequired\":true,\"valueName\":\"search_term_string\"}}],\"inLanguage\":\"vi-VN\"},{\"@type\":\"Organization\",\"@id\":\"https:\/\/nghiepxuan.com\/vi\/#organization\",\"name\":\"Nghiep Xuan - Agricultural Import and Export\",\"url\":\"https:\/\/nghiepxuan.com\/vi\/\",\"logo\":{\"@type\":\"ImageObject\",\"inLanguage\":\"vi-VN\",\"@id\":\"https:\/\/nghiepxuan.com\/vi\/#\/schema\/logo\/image\/\",\"url\":\"https:\/\/nghiepxuan.com\/wp-content\/uploads\/2025\/04\/Nghiep-Xuan-Logo-4.png\",\"contentUrl\":\"https:\/\/nghiepxuan.com\/wp-content\/uploads\/2025\/04\/Nghiep-Xuan-Logo-4.png\",\"width\":4167,\"height\":1015,\"caption\":\"Nghiep Xuan - Agricultural Import and Export\"},\"image\":{\"@id\":\"https:\/\/nghiepxuan.com\/vi\/#\/schema\/logo\/image\/\"},\"sameAs\":[\"https:\/\/www.facebook.com\/nongsannghiepxuan\/\",\"https:\/\/x.com\/PhuTonBui\",\"https:\/\/www.instagram.com\/xuatnhapkhaunghiepxuan\/\",\"https:\/\/www.youtube.com\/@nongsannghiepxuan2066\",\"https:\/\/www.tiktok.com\/@nghiepxuan\"]}]}<\/script>\n<!-- \/ Yoast SEO plugin. -->","yoast_head_json":{"title":"T\u1eadn h\u01b0\u1edfng ni\u1ec1m vui thu\u1ea7n khi\u1ebft v\u1edbi s\u1ea7u ri\u00eang h\u1ea3o h\u1ea1ng Nghi\u1ec7p Xu\u00e2n: \u0110\u1ec9nh cao c\u1ee7a s\u1ea7u ri\u00eang t\u01b0\u01a1i - Nghi\u1ec7p Xu\u00e2n - Xu\u1ea5t Nh\u1eadp Kh\u1ea9u N\u00f4ng S\u1ea3n","description":"N\u00e2ng t\u1ea7m h\u00e0nh tr\u00ecnh \u1ea9m th\u1ef1c c\u1ee7a b\u1ea1n v\u1edbi S\u1ea7u ri\u00eang Monthoong Nghi\u1ec7p Xu\u00e2n Cao c\u1ea5p \u2013 m\u00f3n ngon \u0111\u00edch th\u1ef1c d\u00e0nh cho c\u1ea3 ng\u01b0\u1eddi s\u00e0nh \u0103n v\u00e0 ng\u01b0\u1eddi \u01b0a m\u1ea1o hi\u1ec3m","robots":{"index":"index","follow":"follow","max-snippet":"max-snippet:-1","max-image-preview":"max-image-preview:large","max-video-preview":"max-video-preview:-1"},"canonical":"https:\/\/nghiepxuan.com\/vi\/product\/tan-huong-niem-vui-thuan-khiet-voi-sau-rieng-hao-hang-nghiep-xuan-dinh-cao-cua-sau-rieng-tuoi\/","og_locale":"vi_VN","og_type":"article","og_title":"T\u1eadn h\u01b0\u1edfng ni\u1ec1m vui thu\u1ea7n khi\u1ebft v\u1edbi s\u1ea7u ri\u00eang h\u1ea3o h\u1ea1ng Nghi\u1ec7p Xu\u00e2n: \u0110\u1ec9nh cao c\u1ee7a s\u1ea7u ri\u00eang t\u01b0\u01a1i - Nghi\u1ec7p Xu\u00e2n - Xu\u1ea5t Nh\u1eadp Kh\u1ea9u N\u00f4ng S\u1ea3n","og_description":"N\u00e2ng t\u1ea7m h\u00e0nh tr\u00ecnh \u1ea9m th\u1ef1c c\u1ee7a b\u1ea1n v\u1edbi S\u1ea7u ri\u00eang Monthoong Nghi\u1ec7p Xu\u00e2n Cao c\u1ea5p \u2013 m\u00f3n ngon \u0111\u00edch th\u1ef1c d\u00e0nh cho c\u1ea3 ng\u01b0\u1eddi s\u00e0nh \u0103n v\u00e0 ng\u01b0\u1eddi \u01b0a m\u1ea1o hi\u1ec3m","og_url":"https:\/\/nghiepxuan.com\/vi\/product\/tan-huong-niem-vui-thuan-khiet-voi-sau-rieng-hao-hang-nghiep-xuan-dinh-cao-cua-sau-rieng-tuoi\/","og_site_name":"Nghi\u1ec7p Xu\u00e2n - Xu\u1ea5t Nh\u1eadp Kh\u1ea9u N\u00f4ng S\u1ea3n","article_publisher":"https:\/\/www.facebook.com\/nongsannghiepxuan\/","og_image":[{"width":540,"height":960,"url":"https:\/\/nghiepxuan.com\/wp-content\/uploads\/2025\/07\/z5227556693523_7ab3686b16c44446dd51aaf89a70f10d.jpg","type":"image\/jpeg"}],"twitter_card":"summary_large_image","twitter_site":"@PhuTonBui","twitter_misc":{"Est. reading time":"2 minutes"},"schema":{"@context":"https:\/\/schema.org","@graph":[{"@type":"WebPage","@id":"https:\/\/nghiepxuan.com\/vi\/product\/tan-huong-niem-vui-thuan-khiet-voi-sau-rieng-hao-hang-nghiep-xuan-dinh-cao-cua-sau-rieng-tuoi\/","url":"https:\/\/nghiepxuan.com\/vi\/product\/tan-huong-niem-vui-thuan-khiet-voi-sau-rieng-hao-hang-nghiep-xuan-dinh-cao-cua-sau-rieng-tuoi\/","name":"T\u1eadn h\u01b0\u1edfng ni\u1ec1m vui thu\u1ea7n khi\u1ebft v\u1edbi s\u1ea7u ri\u00eang h\u1ea3o h\u1ea1ng Nghi\u1ec7p Xu\u00e2n: \u0110\u1ec9nh cao c\u1ee7a s\u1ea7u ri\u00eang t\u01b0\u01a1i - Nghi\u1ec7p Xu\u00e2n - Xu\u1ea5t Nh\u1eadp Kh\u1ea9u N\u00f4ng S\u1ea3n","isPartOf":{"@id":"https:\/\/nghiepxuan.com\/vi\/#website"},"primaryImageOfPage":{"@id":"https:\/\/nghiepxuan.com\/vi\/product\/tan-huong-niem-vui-thuan-khiet-voi-sau-rieng-hao-hang-nghiep-xuan-dinh-cao-cua-sau-rieng-tuoi\/#primaryimage"},"image":{"@id":"https:\/\/nghiepxuan.com\/vi\/product\/tan-huong-niem-vui-thuan-khiet-voi-sau-rieng-hao-hang-nghiep-xuan-dinh-cao-cua-sau-rieng-tuoi\/#primaryimage"},"thumbnailUrl":"https:\/\/nghiepxuan.com\/wp-content\/uploads\/2025\/07\/z5227556693523_7ab3686b16c44446dd51aaf89a70f10d.jpg","datePublished":"2025-07-20T14:46:10+00:00","description":"N\u00e2ng t\u1ea7m h\u00e0nh tr\u00ecnh \u1ea9m th\u1ef1c c\u1ee7a b\u1ea1n v\u1edbi S\u1ea7u ri\u00eang Monthoong Nghi\u1ec7p Xu\u00e2n Cao c\u1ea5p \u2013 m\u00f3n ngon \u0111\u00edch th\u1ef1c d\u00e0nh cho c\u1ea3 ng\u01b0\u1eddi s\u00e0nh \u0103n v\u00e0 ng\u01b0\u1eddi \u01b0a m\u1ea1o hi\u1ec3m","breadcrumb":{"@id":"https:\/\/nghiepxuan.com\/vi\/product\/tan-huong-niem-vui-thuan-khiet-voi-sau-rieng-hao-hang-nghiep-xuan-dinh-cao-cua-sau-rieng-tuoi\/#breadcrumb"},"inLanguage":"vi-VN","potentialAction":[{"@type":"ReadAction","target":["https:\/\/nghiepxuan.com\/vi\/product\/tan-huong-niem-vui-thuan-khiet-voi-sau-rieng-hao-hang-nghiep-xuan-dinh-cao-cua-sau-rieng-tuoi\/"]}]},{"@type":"ImageObject","inLanguage":"vi-VN","@id":"https:\/\/nghiepxuan.com\/vi\/product\/tan-huong-niem-vui-thuan-khiet-voi-sau-rieng-hao-hang-nghiep-xuan-dinh-cao-cua-sau-rieng-tuoi\/#primaryimage","url":"https:\/\/nghiepxuan.com\/wp-content\/uploads\/2025\/07\/z5227556693523_7ab3686b16c44446dd51aaf89a70f10d.jpg","contentUrl":"https:\/\/nghiepxuan.com\/wp-content\/uploads\/2025\/07\/z5227556693523_7ab3686b16c44446dd51aaf89a70f10d.jpg","width":540,"height":960,"caption":"Nghiep Xuan Premium Monthoong Durian"},{"@type":"BreadcrumbList","@id":"https:\/\/nghiepxuan.com\/vi\/product\/tan-huong-niem-vui-thuan-khiet-voi-sau-rieng-hao-hang-nghiep-xuan-dinh-cao-cua-sau-rieng-tuoi\/#breadcrumb","itemListElement":[{"@type":"ListItem","position":1,"name":"Home","item":"https:\/\/nghiepxuan.com\/vi\/"},{"@type":"ListItem","position":2,"name":"C\u1eeda h\u00e0ng","item":"https:\/\/nghiepxuan.com\/vi\/shop\/"},{"@type":"ListItem","position":3,"name":"T\u1eadn h\u01b0\u1edfng ni\u1ec1m vui thu\u1ea7n khi\u1ebft v\u1edbi s\u1ea7u ri\u00eang h\u1ea3o h\u1ea1ng Nghi\u1ec7p Xu\u00e2n: \u0110\u1ec9nh cao c\u1ee7a s\u1ea7u ri\u00eang t\u01b0\u01a1i"}]},{"@type":"WebSite","@id":"https:\/\/nghiepxuan.com\/vi\/#website","url":"https:\/\/nghiepxuan.com\/vi\/","name":"Nghiep Xuan - Agricultural Import and Export","description":"Nu\u00f4i d\u01b0\u1ee1ng thi\u00ean nhi\u00ean, thu ho\u1ea1ch s\u1ee9c kh\u1ecfe: \u0110i\u1ec3m \u0111\u1ebfn l\u1ed1i s\u1ed1ng h\u1eefu c\u01a1 c\u1ee7a b\u1ea1n","publisher":{"@id":"https:\/\/nghiepxuan.com\/vi\/#organization"},"potentialAction":[{"@type":"SearchAction","target":{"@type":"EntryPoint","urlTemplate":"https:\/\/nghiepxuan.com\/vi\/?s={search_term_string}"},"query-input":{"@type":"PropertyValueSpecification","valueRequired":true,"valueName":"search_term_string"}}],"inLanguage":"vi-VN"},{"@type":"Organization","@id":"https:\/\/nghiepxuan.com\/vi\/#organization","name":"Nghiep Xuan - Agricultural Import and Export","url":"https:\/\/nghiepxuan.com\/vi\/","logo":{"@type":"ImageObject","inLanguage":"vi-VN","@id":"https:\/\/nghiepxuan.com\/vi\/#\/schema\/logo\/image\/","url":"https:\/\/nghiepxuan.com\/wp-content\/uploads\/2025\/04\/Nghiep-Xuan-Logo-4.png","contentUrl":"https:\/\/nghiepxuan.com\/wp-content\/uploads\/2025\/04\/Nghiep-Xuan-Logo-4.png","width":4167,"height":1015,"caption":"Nghiep Xuan - Agricultural Import and Export"},"image":{"@id":"https:\/\/nghiepxuan.com\/vi\/#\/schema\/logo\/image\/"},"sameAs":["https:\/\/www.facebook.com\/nongsannghiepxuan\/","https:\/\/x.com\/PhuTonBui","https:\/\/www.instagram.com\/xuatnhapkhaunghiepxuan\/","https:\/\/www.youtube.com\/@nongsannghiepxuan2066","https:\/\/www.tiktok.com\/@nghiepxuan"]}]}},"_links":{"self":[{"href":"https:\/\/nghiepxuan.com\/vi\/wp-json\/wp\/v2\/product\/9206","targetHints":{"allow":["GET"]}}],"collection":[{"href":"https:\/\/nghiepxuan.com\/vi\/wp-json\/wp\/v2\/product"}],"about":[{"href":"https:\/\/nghiepxuan.com\/vi\/wp-json\/wp\/v2\/types\/product"}],"replies":[{"embeddable":true,"href":"https:\/\/nghiepxuan.com\/vi\/wp-json\/wp\/v2\/comments?post=9206"}],"version-history":[{"count":0,"href":"https:\/\/nghiepxuan.com\/vi\/wp-json\/wp\/v2\/product\/9206\/revisions"}],"wp:featuredmedia":[{"embeddable":true,"href":"https:\/\/nghiepxuan.com\/vi\/wp-json\/wp\/v2\/media\/9158"}],"wp:attachment":[{"href":"https:\/\/nghiepxuan.com\/vi\/wp-json\/wp\/v2\/media?parent=9206"}],"wp:term":[{"taxonomy":"product_brand","embeddable":true,"href":"https:\/\/nghiepxuan.com\/vi\/wp-json\/wp\/v2\/product_brand?post=9206"},{"taxonomy":"product_cat","embeddable":true,"href":"https:\/\/nghiepxuan.com\/vi\/wp-json\/wp\/v2\/product_cat?post=9206"},{"taxonomy":"product_tag","embeddable":true,"href":"https:\/\/nghiepxuan.com\/vi\/wp-json\/wp\/v2\/product_tag?post=9206"}],"curies":[{"name":"wp","href":"https:\/\/api.w.org\/{rel}","templated":true}]}}