{"id":8941,"date":"2025-04-12T02:58:47","date_gmt":"2025-04-12T02:58:47","guid":{"rendered":"https:\/\/nghiepxuan.com\/product\/sau-rieng-dong-lanh-cao-cap-thom-ngon-beo-ngay-va-san-sang-thuong-thuc\/"},"modified":"2025-04-12T02:58:47","modified_gmt":"2025-04-12T02:58:47","slug":"sau-rieng-dong-lanh-cao-cap-thom-ngon-beo-ngay-va-san-sang-thuong-thuc","status":"publish","type":"product","link":"https:\/\/nghiepxuan.com\/vi\/product\/sau-rieng-dong-lanh-cao-cap-thom-ngon-beo-ngay-va-san-sang-thuong-thuc\/","title":{"rendered":"S\u1ea7u ri\u00eang \u0111\u00f4ng l\u1ea1nh cao c\u1ea5p \u2013 Th\u01a1m ngon, b\u00e9o ng\u1eady v\u00e0 s\u1eb5n s\u00e0ng th\u01b0\u1edfng th\u1ee9c"},"content":{"rendered":"<p class=\"\" data-start=\"240\" data-end=\"492\">Tr\u1ea3i nghi\u1ec7m vua c\u1ee7a c\u00e1c lo\u1ea1i tr\u00e1i c\u00e2y \u1edf m\u1ee9c tuy\u1ec7t h\u1ea3o nh\u1ea5t v\u1edbi <strong data-start=\"293\" data-end=\"318\">S\u1ea7u ri\u00eang \u0111\u00f4ng l\u1ea1nh cao c\u1ea5p<\/strong> c\u1ee7a ch\u00fang t\u00f4i. \u0110\u01b0\u1ee3c l\u1ef1a ch\u1ecdn c\u1ea9n th\u1eadn t\u1eeb c\u00e1c trang tr\u1ea1i s\u1ea7u ri\u00eang t\u1ed1t nh\u1ea5t, m\u1ed7i lo\u1ea1i qu\u1ea3 \u0111\u01b0\u1ee3c thu ho\u1ea1ch khi ch\u00edn nh\u1ea5t, sau \u0111\u00f3 \u0111\u00f4ng l\u1ea1nh nhanh ch\u00f3ng \u0111\u1ec3 gi\u1eef nguy\u00ean h\u01b0\u01a1ng v\u1ecb \u0111\u1eadm \u0111\u00e0, k\u1ebft c\u1ea5u kem v\u00e0 h\u01b0\u01a1ng th\u01a1m t\u1ef1 nhi\u00ean. <\/p>\n<p class=\"\" data-start=\"494\" data-end=\"686\">Cho d\u00f9 b\u1ea1n l\u00e0 ng\u01b0\u1eddi y\u00eau th\u00edch s\u1ea7u ri\u00eang hay t\u00f2 m\u00f2 mu\u1ed1n th\u1eed l\u1ea7n \u0111\u1ea7u, s\u1ea7u ri\u00eang \u0111\u00f4ng l\u1ea1nh c\u1ee7a ch\u00fang t\u00f4i mang \u0111\u1ebfn h\u01b0\u01a1ng v\u1ecb \u0111\u00edch th\u1ef1c c\u1ee7a \u0110\u00f4ng Nam \u00c1 d\u01b0\u1edbi d\u1ea1ng ti\u1ec7n l\u1ee3i, s\u1eb5n s\u00e0ng \u0111\u1ec3 \u0103n. Ch\u1ec9 c\u1ea7n r\u00e3 \u0111\u00f4ng v\u00e0 th\u01b0\u1edfng th\u1ee9c! <\/p>\n<hr class=\"\" data-start=\"688\" data-end=\"691\">\n<h3 class=\"\" data-start=\"693\" data-end=\"714\"><strong data-start=\"697\" data-end=\"714\">C\u00e1c t\u00ednh n\u0103ng ch\u00ednh:<\/strong><\/h3>\n<ul data-start=\"715\" data-end=\"996\">\n<li class=\"\" data-start=\"715\" data-end=\"769\">\n<p class=\"\" data-start=\"717\" data-end=\"769\">100% s\u1ea7u ri\u00eang t\u1ef1 nhi\u00ean, kh\u00f4ng c\u00f3 ch\u1ea5t ph\u1ee5 gia ho\u1eb7c ch\u1ea5t b\u1ea3o qu\u1ea3n<\/p>\n<\/li>\n<li class=\"\" data-start=\"770\" data-end=\"827\">\n<p class=\"\" data-start=\"772\" data-end=\"827\">IQF (\u0110\u00f4ng l\u1ea1nh t\u1eebng ph\u1ea7n) \u0111\u1ec3 duy tr\u00ec \u0111\u1ed9 t\u01b0\u01a1i ngon<\/p>\n<\/li>\n<li class=\"\" data-start=\"828\" data-end=\"872\">\n<p class=\"\" data-start=\"830\" data-end=\"872\">K\u1ebft c\u1ea5u b\u00e9o ng\u1eady, m\u1ec1m m\u1ea1i v\u00e0 h\u01b0\u01a1ng v\u1ecb \u0111\u1eadm \u0111\u00e0<\/p>\n<\/li>\n<li class=\"\" data-start=\"873\" data-end=\"942\">\n<p class=\"\" data-start=\"875\" data-end=\"942\">Ho\u00e0n h\u1ea3o cho m\u00f3n tr\u00e1ng mi\u1ec7ng, sinh t\u1ed1 ho\u1eb7c \u0103n tr\u1ef1c ti\u1ebfp t\u1eeb g\u00f3i<\/p>\n<\/li>\n<li class=\"\" data-start=\"943\" data-end=\"996\">\n<p class=\"\" data-start=\"945\" data-end=\"996\">C\u00f3 s\u1eb5n \u1edf d\u1ea1ng nguy\u00ean kh\u1ed1i ho\u1eb7c d\u1ea1ng vi\u00ean nang h\u00fat ch\u00e2n kh\u00f4ng<\/p>\n<\/li>\n<\/ul>\n","protected":false},"excerpt":{"rendered":"<p>S\u1ea7u ri\u00eang \u0111\u00f4ng l\u1ea1nh cao c\u1ea5p \u2013 100% t\u1ef1 nhi\u00ean, \u0111\u1eadm \u0111\u00e0 v\u00e0 b\u00e9o ng\u1eady v\u1edbi h\u01b0\u01a1ng v\u1ecb nhi\u1ec7t \u0111\u1edbi \u0111\u00edch th\u1ef1c. \u0110\u00f4ng l\u1ea1nh nhanh \u0111\u1ec3 gi\u1eef \u0111\u1ed9 t\u01b0\u01a1i. Ho\u00e0n h\u1ea3o \u0111\u1ec3 \u0103n v\u1eb7t, l\u00e0m m\u00f3n tr\u00e1ng mi\u1ec7ng ho\u1eb7c sinh t\u1ed1. N\u1ebfm th\u1eed s\u1ea7u ri\u00eang th\u1eadt m\u1ecdi l\u00fac, m\u1ecdi n\u01a1i!   <\/p>\n","protected":false},"featured_media":8914,"comment_status":"open","ping_status":"closed","template":"","meta":{"content-type":""},"product_brand":[],"product_cat":[425],"product_tag":[],"class_list":{"0":"post-8941","1":"product","2":"type-product","3":"status-publish","4":"has-post-thumbnail","6":"product_cat-frozen","8":"first","9":"instock","10":"sale","11":"shipping-taxable","12":"purchasable","13":"product-type-variable","14":"has-default-attributes"},"yoast_head":"<!-- This site is optimized with the Yoast SEO plugin v26.9 - https:\/\/yoast.com\/product\/yoast-seo-wordpress\/ -->\n<title>S\u1ea7u ri\u00eang \u0111\u00f4ng l\u1ea1nh cao c\u1ea5p \u2013 Th\u01a1m ngon, b\u00e9o ng\u1eady v\u00e0 s\u1eb5n s\u00e0ng th\u01b0\u1edfng th\u1ee9c - Nghi\u1ec7p Xu\u00e2n - Xu\u1ea5t Nh\u1eadp Kh\u1ea9u N\u00f4ng S\u1ea3n<\/title>\n<meta name=\"robots\" content=\"index, follow, max-snippet:-1, max-image-preview:large, max-video-preview:-1\" \/>\n<link rel=\"canonical\" href=\"https:\/\/nghiepxuan.com\/vi\/product\/sau-rieng-dong-lanh-cao-cap-thom-ngon-beo-ngay-va-san-sang-thuong-thuc\/\" \/>\n<meta property=\"og:locale\" content=\"vi_VN\" \/>\n<meta property=\"og:type\" content=\"article\" \/>\n<meta property=\"og:title\" content=\"S\u1ea7u ri\u00eang \u0111\u00f4ng l\u1ea1nh cao c\u1ea5p \u2013 Th\u01a1m ngon, b\u00e9o ng\u1eady v\u00e0 s\u1eb5n s\u00e0ng th\u01b0\u1edfng th\u1ee9c - Nghi\u1ec7p Xu\u00e2n - Xu\u1ea5t Nh\u1eadp Kh\u1ea9u N\u00f4ng S\u1ea3n\" \/>\n<meta property=\"og:description\" content=\"S\u1ea7u ri\u00eang \u0111\u00f4ng l\u1ea1nh cao c\u1ea5p \u2013 100% t\u1ef1 nhi\u00ean, \u0111\u1eadm \u0111\u00e0 v\u00e0 b\u00e9o ng\u1eady v\u1edbi h\u01b0\u01a1ng v\u1ecb nhi\u1ec7t \u0111\u1edbi \u0111\u00edch th\u1ef1c. \u0110\u00f4ng l\u1ea1nh nhanh \u0111\u1ec3 gi\u1eef \u0111\u1ed9 t\u01b0\u01a1i. Ho\u00e0n h\u1ea3o \u0111\u1ec3 \u0103n v\u1eb7t, l\u00e0m m\u00f3n tr\u00e1ng mi\u1ec7ng ho\u1eb7c sinh t\u1ed1. N\u1ebfm th\u1eed s\u1ea7u ri\u00eang th\u1eadt m\u1ecdi l\u00fac, m\u1ecdi n\u01a1i!\" \/>\n<meta property=\"og:url\" content=\"https:\/\/nghiepxuan.com\/vi\/product\/sau-rieng-dong-lanh-cao-cap-thom-ngon-beo-ngay-va-san-sang-thuong-thuc\/\" \/>\n<meta property=\"og:site_name\" content=\"Nghi\u1ec7p Xu\u00e2n - Xu\u1ea5t Nh\u1eadp Kh\u1ea9u N\u00f4ng S\u1ea3n\" \/>\n<meta property=\"article:publisher\" content=\"https:\/\/www.facebook.com\/nongsannghiepxuan\/\" \/>\n<meta property=\"og:image\" content=\"https:\/\/nghiepxuan.com\/wp-content\/uploads\/2025\/04\/Frozen-durian-2-Nghiep-Xuan.png\" \/>\n\t<meta property=\"og:image:width\" content=\"600\" \/>\n\t<meta property=\"og:image:height\" content=\"600\" \/>\n\t<meta property=\"og:image:type\" content=\"image\/png\" \/>\n<meta name=\"twitter:card\" content=\"summary_large_image\" \/>\n<meta name=\"twitter:site\" content=\"@PhuTonBui\" \/>\n<meta name=\"twitter:label1\" content=\"Est. reading time\" \/>\n\t<meta name=\"twitter:data1\" content=\"1 minute\" \/>\n<script type=\"application\/ld+json\" class=\"yoast-schema-graph\">{\"@context\":\"https:\/\/schema.org\",\"@graph\":[{\"@type\":\"WebPage\",\"@id\":\"https:\/\/nghiepxuan.com\/vi\/product\/sau-rieng-dong-lanh-cao-cap-thom-ngon-beo-ngay-va-san-sang-thuong-thuc\/\",\"url\":\"https:\/\/nghiepxuan.com\/vi\/product\/sau-rieng-dong-lanh-cao-cap-thom-ngon-beo-ngay-va-san-sang-thuong-thuc\/\",\"name\":\"S\u1ea7u ri\u00eang \u0111\u00f4ng l\u1ea1nh cao c\u1ea5p \u2013 Th\u01a1m ngon, b\u00e9o ng\u1eady v\u00e0 s\u1eb5n s\u00e0ng th\u01b0\u1edfng th\u1ee9c - Nghi\u1ec7p Xu\u00e2n - Xu\u1ea5t Nh\u1eadp Kh\u1ea9u N\u00f4ng S\u1ea3n\",\"isPartOf\":{\"@id\":\"https:\/\/nghiepxuan.com\/vi\/#website\"},\"primaryImageOfPage\":{\"@id\":\"https:\/\/nghiepxuan.com\/vi\/product\/sau-rieng-dong-lanh-cao-cap-thom-ngon-beo-ngay-va-san-sang-thuong-thuc\/#primaryimage\"},\"image\":{\"@id\":\"https:\/\/nghiepxuan.com\/vi\/product\/sau-rieng-dong-lanh-cao-cap-thom-ngon-beo-ngay-va-san-sang-thuong-thuc\/#primaryimage\"},\"thumbnailUrl\":\"https:\/\/nghiepxuan.com\/wp-content\/uploads\/2025\/04\/Frozen-durian-2-Nghiep-Xuan.png\",\"datePublished\":\"2025-04-12T02:58:47+00:00\",\"breadcrumb\":{\"@id\":\"https:\/\/nghiepxuan.com\/vi\/product\/sau-rieng-dong-lanh-cao-cap-thom-ngon-beo-ngay-va-san-sang-thuong-thuc\/#breadcrumb\"},\"inLanguage\":\"vi-VN\",\"potentialAction\":[{\"@type\":\"ReadAction\",\"target\":[\"https:\/\/nghiepxuan.com\/vi\/product\/sau-rieng-dong-lanh-cao-cap-thom-ngon-beo-ngay-va-san-sang-thuong-thuc\/\"]}]},{\"@type\":\"ImageObject\",\"inLanguage\":\"vi-VN\",\"@id\":\"https:\/\/nghiepxuan.com\/vi\/product\/sau-rieng-dong-lanh-cao-cap-thom-ngon-beo-ngay-va-san-sang-thuong-thuc\/#primaryimage\",\"url\":\"https:\/\/nghiepxuan.com\/wp-content\/uploads\/2025\/04\/Frozen-durian-2-Nghiep-Xuan.png\",\"contentUrl\":\"https:\/\/nghiepxuan.com\/wp-content\/uploads\/2025\/04\/Frozen-durian-2-Nghiep-Xuan.png\",\"width\":600,\"height\":600},{\"@type\":\"BreadcrumbList\",\"@id\":\"https:\/\/nghiepxuan.com\/vi\/product\/sau-rieng-dong-lanh-cao-cap-thom-ngon-beo-ngay-va-san-sang-thuong-thuc\/#breadcrumb\",\"itemListElement\":[{\"@type\":\"ListItem\",\"position\":1,\"name\":\"Home\",\"item\":\"https:\/\/nghiepxuan.com\/vi\/\"},{\"@type\":\"ListItem\",\"position\":2,\"name\":\"C\u1eeda h\u00e0ng\",\"item\":\"https:\/\/nghiepxuan.com\/vi\/shop\/\"},{\"@type\":\"ListItem\",\"position\":3,\"name\":\"S\u1ea7u ri\u00eang \u0111\u00f4ng l\u1ea1nh cao c\u1ea5p \u2013 Th\u01a1m ngon, b\u00e9o ng\u1eady v\u00e0 s\u1eb5n s\u00e0ng th\u01b0\u1edfng th\u1ee9c\"}]},{\"@type\":\"WebSite\",\"@id\":\"https:\/\/nghiepxuan.com\/vi\/#website\",\"url\":\"https:\/\/nghiepxuan.com\/vi\/\",\"name\":\"Nghiep Xuan - Agricultural Import and Export\",\"description\":\"Nu\u00f4i d\u01b0\u1ee1ng thi\u00ean nhi\u00ean, thu ho\u1ea1ch s\u1ee9c kh\u1ecfe: \u0110i\u1ec3m \u0111\u1ebfn l\u1ed1i s\u1ed1ng h\u1eefu c\u01a1 c\u1ee7a b\u1ea1n\",\"publisher\":{\"@id\":\"https:\/\/nghiepxuan.com\/vi\/#organization\"},\"potentialAction\":[{\"@type\":\"SearchAction\",\"target\":{\"@type\":\"EntryPoint\",\"urlTemplate\":\"https:\/\/nghiepxuan.com\/vi\/?s={search_term_string}\"},\"query-input\":{\"@type\":\"PropertyValueSpecification\",\"valueRequired\":true,\"valueName\":\"search_term_string\"}}],\"inLanguage\":\"vi-VN\"},{\"@type\":\"Organization\",\"@id\":\"https:\/\/nghiepxuan.com\/vi\/#organization\",\"name\":\"Nghiep Xuan - Agricultural Import and Export\",\"url\":\"https:\/\/nghiepxuan.com\/vi\/\",\"logo\":{\"@type\":\"ImageObject\",\"inLanguage\":\"vi-VN\",\"@id\":\"https:\/\/nghiepxuan.com\/vi\/#\/schema\/logo\/image\/\",\"url\":\"https:\/\/nghiepxuan.com\/wp-content\/uploads\/2025\/04\/Nghiep-Xuan-Logo-4.png\",\"contentUrl\":\"https:\/\/nghiepxuan.com\/wp-content\/uploads\/2025\/04\/Nghiep-Xuan-Logo-4.png\",\"width\":4167,\"height\":1015,\"caption\":\"Nghiep Xuan - Agricultural Import and Export\"},\"image\":{\"@id\":\"https:\/\/nghiepxuan.com\/vi\/#\/schema\/logo\/image\/\"},\"sameAs\":[\"https:\/\/www.facebook.com\/nongsannghiepxuan\/\",\"https:\/\/x.com\/PhuTonBui\",\"https:\/\/www.instagram.com\/xuatnhapkhaunghiepxuan\/\",\"https:\/\/www.youtube.com\/@nongsannghiepxuan2066\",\"https:\/\/www.tiktok.com\/@nghiepxuan\"]}]}<\/script>\n<!-- \/ Yoast SEO plugin. -->","yoast_head_json":{"title":"S\u1ea7u ri\u00eang \u0111\u00f4ng l\u1ea1nh cao c\u1ea5p \u2013 Th\u01a1m ngon, b\u00e9o ng\u1eady v\u00e0 s\u1eb5n s\u00e0ng th\u01b0\u1edfng th\u1ee9c - Nghi\u1ec7p Xu\u00e2n - Xu\u1ea5t Nh\u1eadp Kh\u1ea9u N\u00f4ng S\u1ea3n","robots":{"index":"index","follow":"follow","max-snippet":"max-snippet:-1","max-image-preview":"max-image-preview:large","max-video-preview":"max-video-preview:-1"},"canonical":"https:\/\/nghiepxuan.com\/vi\/product\/sau-rieng-dong-lanh-cao-cap-thom-ngon-beo-ngay-va-san-sang-thuong-thuc\/","og_locale":"vi_VN","og_type":"article","og_title":"S\u1ea7u ri\u00eang \u0111\u00f4ng l\u1ea1nh cao c\u1ea5p \u2013 Th\u01a1m ngon, b\u00e9o ng\u1eady v\u00e0 s\u1eb5n s\u00e0ng th\u01b0\u1edfng th\u1ee9c - Nghi\u1ec7p Xu\u00e2n - Xu\u1ea5t Nh\u1eadp Kh\u1ea9u N\u00f4ng S\u1ea3n","og_description":"S\u1ea7u ri\u00eang \u0111\u00f4ng l\u1ea1nh cao c\u1ea5p \u2013 100% t\u1ef1 nhi\u00ean, \u0111\u1eadm \u0111\u00e0 v\u00e0 b\u00e9o ng\u1eady v\u1edbi h\u01b0\u01a1ng v\u1ecb nhi\u1ec7t \u0111\u1edbi \u0111\u00edch th\u1ef1c. \u0110\u00f4ng l\u1ea1nh nhanh \u0111\u1ec3 gi\u1eef \u0111\u1ed9 t\u01b0\u01a1i. Ho\u00e0n h\u1ea3o \u0111\u1ec3 \u0103n v\u1eb7t, l\u00e0m m\u00f3n tr\u00e1ng mi\u1ec7ng ho\u1eb7c sinh t\u1ed1. N\u1ebfm th\u1eed s\u1ea7u ri\u00eang th\u1eadt m\u1ecdi l\u00fac, m\u1ecdi n\u01a1i!","og_url":"https:\/\/nghiepxuan.com\/vi\/product\/sau-rieng-dong-lanh-cao-cap-thom-ngon-beo-ngay-va-san-sang-thuong-thuc\/","og_site_name":"Nghi\u1ec7p Xu\u00e2n - Xu\u1ea5t Nh\u1eadp Kh\u1ea9u N\u00f4ng S\u1ea3n","article_publisher":"https:\/\/www.facebook.com\/nongsannghiepxuan\/","og_image":[{"width":600,"height":600,"url":"https:\/\/nghiepxuan.com\/wp-content\/uploads\/2025\/04\/Frozen-durian-2-Nghiep-Xuan.png","type":"image\/png"}],"twitter_card":"summary_large_image","twitter_site":"@PhuTonBui","twitter_misc":{"Est. reading time":"1 minute"},"schema":{"@context":"https:\/\/schema.org","@graph":[{"@type":"WebPage","@id":"https:\/\/nghiepxuan.com\/vi\/product\/sau-rieng-dong-lanh-cao-cap-thom-ngon-beo-ngay-va-san-sang-thuong-thuc\/","url":"https:\/\/nghiepxuan.com\/vi\/product\/sau-rieng-dong-lanh-cao-cap-thom-ngon-beo-ngay-va-san-sang-thuong-thuc\/","name":"S\u1ea7u ri\u00eang \u0111\u00f4ng l\u1ea1nh cao c\u1ea5p \u2013 Th\u01a1m ngon, b\u00e9o ng\u1eady v\u00e0 s\u1eb5n s\u00e0ng th\u01b0\u1edfng th\u1ee9c - Nghi\u1ec7p Xu\u00e2n - Xu\u1ea5t Nh\u1eadp Kh\u1ea9u N\u00f4ng S\u1ea3n","isPartOf":{"@id":"https:\/\/nghiepxuan.com\/vi\/#website"},"primaryImageOfPage":{"@id":"https:\/\/nghiepxuan.com\/vi\/product\/sau-rieng-dong-lanh-cao-cap-thom-ngon-beo-ngay-va-san-sang-thuong-thuc\/#primaryimage"},"image":{"@id":"https:\/\/nghiepxuan.com\/vi\/product\/sau-rieng-dong-lanh-cao-cap-thom-ngon-beo-ngay-va-san-sang-thuong-thuc\/#primaryimage"},"thumbnailUrl":"https:\/\/nghiepxuan.com\/wp-content\/uploads\/2025\/04\/Frozen-durian-2-Nghiep-Xuan.png","datePublished":"2025-04-12T02:58:47+00:00","breadcrumb":{"@id":"https:\/\/nghiepxuan.com\/vi\/product\/sau-rieng-dong-lanh-cao-cap-thom-ngon-beo-ngay-va-san-sang-thuong-thuc\/#breadcrumb"},"inLanguage":"vi-VN","potentialAction":[{"@type":"ReadAction","target":["https:\/\/nghiepxuan.com\/vi\/product\/sau-rieng-dong-lanh-cao-cap-thom-ngon-beo-ngay-va-san-sang-thuong-thuc\/"]}]},{"@type":"ImageObject","inLanguage":"vi-VN","@id":"https:\/\/nghiepxuan.com\/vi\/product\/sau-rieng-dong-lanh-cao-cap-thom-ngon-beo-ngay-va-san-sang-thuong-thuc\/#primaryimage","url":"https:\/\/nghiepxuan.com\/wp-content\/uploads\/2025\/04\/Frozen-durian-2-Nghiep-Xuan.png","contentUrl":"https:\/\/nghiepxuan.com\/wp-content\/uploads\/2025\/04\/Frozen-durian-2-Nghiep-Xuan.png","width":600,"height":600},{"@type":"BreadcrumbList","@id":"https:\/\/nghiepxuan.com\/vi\/product\/sau-rieng-dong-lanh-cao-cap-thom-ngon-beo-ngay-va-san-sang-thuong-thuc\/#breadcrumb","itemListElement":[{"@type":"ListItem","position":1,"name":"Home","item":"https:\/\/nghiepxuan.com\/vi\/"},{"@type":"ListItem","position":2,"name":"C\u1eeda h\u00e0ng","item":"https:\/\/nghiepxuan.com\/vi\/shop\/"},{"@type":"ListItem","position":3,"name":"S\u1ea7u ri\u00eang \u0111\u00f4ng l\u1ea1nh cao c\u1ea5p \u2013 Th\u01a1m ngon, b\u00e9o ng\u1eady v\u00e0 s\u1eb5n s\u00e0ng th\u01b0\u1edfng th\u1ee9c"}]},{"@type":"WebSite","@id":"https:\/\/nghiepxuan.com\/vi\/#website","url":"https:\/\/nghiepxuan.com\/vi\/","name":"Nghiep Xuan - Agricultural Import and Export","description":"Nu\u00f4i d\u01b0\u1ee1ng thi\u00ean nhi\u00ean, thu ho\u1ea1ch s\u1ee9c kh\u1ecfe: \u0110i\u1ec3m \u0111\u1ebfn l\u1ed1i s\u1ed1ng h\u1eefu c\u01a1 c\u1ee7a b\u1ea1n","publisher":{"@id":"https:\/\/nghiepxuan.com\/vi\/#organization"},"potentialAction":[{"@type":"SearchAction","target":{"@type":"EntryPoint","urlTemplate":"https:\/\/nghiepxuan.com\/vi\/?s={search_term_string}"},"query-input":{"@type":"PropertyValueSpecification","valueRequired":true,"valueName":"search_term_string"}}],"inLanguage":"vi-VN"},{"@type":"Organization","@id":"https:\/\/nghiepxuan.com\/vi\/#organization","name":"Nghiep Xuan - Agricultural Import and Export","url":"https:\/\/nghiepxuan.com\/vi\/","logo":{"@type":"ImageObject","inLanguage":"vi-VN","@id":"https:\/\/nghiepxuan.com\/vi\/#\/schema\/logo\/image\/","url":"https:\/\/nghiepxuan.com\/wp-content\/uploads\/2025\/04\/Nghiep-Xuan-Logo-4.png","contentUrl":"https:\/\/nghiepxuan.com\/wp-content\/uploads\/2025\/04\/Nghiep-Xuan-Logo-4.png","width":4167,"height":1015,"caption":"Nghiep Xuan - Agricultural Import and Export"},"image":{"@id":"https:\/\/nghiepxuan.com\/vi\/#\/schema\/logo\/image\/"},"sameAs":["https:\/\/www.facebook.com\/nongsannghiepxuan\/","https:\/\/x.com\/PhuTonBui","https:\/\/www.instagram.com\/xuatnhapkhaunghiepxuan\/","https:\/\/www.youtube.com\/@nongsannghiepxuan2066","https:\/\/www.tiktok.com\/@nghiepxuan"]}]}},"_links":{"self":[{"href":"https:\/\/nghiepxuan.com\/vi\/wp-json\/wp\/v2\/product\/8941","targetHints":{"allow":["GET"]}}],"collection":[{"href":"https:\/\/nghiepxuan.com\/vi\/wp-json\/wp\/v2\/product"}],"about":[{"href":"https:\/\/nghiepxuan.com\/vi\/wp-json\/wp\/v2\/types\/product"}],"replies":[{"embeddable":true,"href":"https:\/\/nghiepxuan.com\/vi\/wp-json\/wp\/v2\/comments?post=8941"}],"version-history":[{"count":0,"href":"https:\/\/nghiepxuan.com\/vi\/wp-json\/wp\/v2\/product\/8941\/revisions"}],"wp:featuredmedia":[{"embeddable":true,"href":"https:\/\/nghiepxuan.com\/vi\/wp-json\/wp\/v2\/media\/8914"}],"wp:attachment":[{"href":"https:\/\/nghiepxuan.com\/vi\/wp-json\/wp\/v2\/media?parent=8941"}],"wp:term":[{"taxonomy":"product_brand","embeddable":true,"href":"https:\/\/nghiepxuan.com\/vi\/wp-json\/wp\/v2\/product_brand?post=8941"},{"taxonomy":"product_cat","embeddable":true,"href":"https:\/\/nghiepxuan.com\/vi\/wp-json\/wp\/v2\/product_cat?post=8941"},{"taxonomy":"product_tag","embeddable":true,"href":"https:\/\/nghiepxuan.com\/vi\/wp-json\/wp\/v2\/product_tag?post=8941"}],"curies":[{"name":"wp","href":"https:\/\/api.w.org\/{rel}","templated":true}]}}