{"id":8881,"date":"2025-04-12T02:45:19","date_gmt":"2025-04-12T02:45:19","guid":{"rendered":"https:\/\/nghiepxuan.com\/product\/puree-sau-rieng-dong-lanh-cao-cap-100-tu-nhien-huong-vi-dam-da\/"},"modified":"2025-04-12T02:45:19","modified_gmt":"2025-04-12T02:45:19","slug":"puree-sau-rieng-dong-lanh-cao-cap-100-tu-nhien-huong-vi-dam-da","status":"publish","type":"product","link":"https:\/\/nghiepxuan.com\/vi\/product\/puree-sau-rieng-dong-lanh-cao-cap-100-tu-nhien-huong-vi-dam-da\/","title":{"rendered":"Puree s\u1ea7u ri\u00eang \u0111\u00f4ng l\u1ea1nh cao c\u1ea5p \u2013 100% t\u1ef1 nhi\u00ean &amp; h\u01b0\u01a1ng v\u1ecb \u0111\u1eadm \u0111\u00e0"},"content":{"rendered":"<p class=\"\" data-start=\"211\" data-end=\"263\"><strong data-start=\"211\" data-end=\"263\">Tr\u1ea3i nghi\u1ec7m Vua c\u1ee7a c\u00e1c lo\u1ea1i tr\u00e1i c\u00e2y theo c\u00e1ch ch\u01b0a t\u1eebng c\u00f3!<\/strong><\/p>\n<p class=\"\" data-start=\"265\" data-end=\"572\"><strong data-start=\"269\" data-end=\"292\">Puree s\u1ea7u ri\u00eang \u0111\u00f4ng l\u1ea1nh<\/strong> c\u1ee7a ch\u00fang t\u00f4i \u0111\u01b0\u1ee3c l\u00e0m t\u1eeb <strong data-start=\"306\" data-end=\"334\">100% s\u1ea7u ri\u00eang t\u01b0\u01a1i, ch\u00edn<\/strong> , \u0111\u01b0\u1ee3c l\u1ef1a ch\u1ecdn v\u00e0 ch\u1ebf bi\u1ebfn c\u1ea9n th\u1eadn \u0111\u1ec3 gi\u1eef nguy\u00ean <strong data-start=\"387\" data-end=\"426\">h\u01b0\u01a1ng v\u1ecb nguy\u00ean b\u1ea3n v\u00e0 k\u1ebft c\u1ea5u kem<\/strong> c\u1ee7a ch\u00fang. \u0110\u01b0\u1ee3c \u0111\u00f4ng l\u1ea1nh nhanh \u1edf \u0111\u1ed9 ch\u00edn ho\u00e0n h\u1ea3o, lo\u1ea1i puree n\u00e0y gi\u1eef \u0111\u01b0\u1ee3c h\u01b0\u01a1ng th\u01a1m v\u00e0 \u0111\u1ed9 b\u00e9o ng\u1eady \u0111\u1ed9c \u0111\u00e1o c\u1ee7a s\u1ea7u ri\u00eang, l\u00e0m cho n\u00f3 ho\u00e0n h\u1ea3o cho nhi\u1ec1u m\u1ee5c \u0111\u00edch s\u1eed d\u1ee5ng \u1ea9m th\u1ef1c. <\/p>\n<p class=\"\" data-start=\"574\" data-end=\"759\">\u2705 <strong data-start=\"576\" data-end=\"609\">Kh\u00f4ng c\u00f3 ch\u1ea5t ph\u1ee5 gia ho\u1eb7c ch\u1ea5t b\u1ea3o qu\u1ea3n<\/strong><br data-start=\"609\" data-end=\"612\"> \u2705 <strong data-start=\"614\" data-end=\"630\">S\u1eb5n s\u00e0ng s\u1eed d\u1ee5ng<\/strong><br data-start=\"630\" data-end=\"633\"> \u2705 <strong data-start=\"635\" data-end=\"707\">Ho\u00e0n h\u1ea3o cho m\u00f3n tr\u00e1ng mi\u1ec7ng, sinh t\u1ed1, kem, b\u00e1nh ng\u1ecdt v\u00e0 \u0111\u1ed3 u\u1ed1ng<\/strong><br data-start=\"707\" data-end=\"710\"> \u2705 <strong data-start=\"712\" data-end=\"759\">Ch\u1ee9a \u0111\u1ea7y \u0111\u1ee7 ch\u1ea5t dinh d\u01b0\u1ee1ng v\u00e0 v\u1ecb ng\u1ecdt t\u1ef1 nhi\u00ean<\/strong><\/p>\n<p class=\"\" data-start=\"761\" data-end=\"889\">Cho d\u00f9 b\u1ea1n l\u00e0 ng\u01b0\u1eddi y\u00eau th\u00edch s\u1ea7u ri\u00eang hay l\u00e0 \u0111\u1ea7u b\u1ebfp chuy\u00ean nghi\u1ec7p, th\u00ec s\u1ed1t s\u1ea7u ri\u00eang \u0111\u00f4ng l\u1ea1nh ch\u00ednh l\u00e0 nguy\u00ean li\u1ec7u l\u00fd t\u01b0\u1edfng \u0111\u1ec3 b\u1ea1n t\u00ecm th\u1ea5y c\u1ea3m h\u1ee9ng nhi\u1ec7t \u0111\u1edbi.<\/p>\n","protected":false},"excerpt":{"rendered":"<p><strong data-start=\"158\" data-end=\"181\">Puree s\u1ea7u ri\u00eang \u0111\u00f4ng l\u1ea1nh<\/strong> th\u01a1m ngon v\u00e0 b\u00e9o ng\u1eady \u0111\u01b0\u1ee3c l\u00e0m t\u1eeb 100% s\u1ea7u ri\u00eang ch\u00edn. Ho\u00e0n h\u1ea3o cho m\u00f3n tr\u00e1ng mi\u1ec7ng, sinh t\u1ed1 v\u00e0 c\u00f4ng th\u1ee9c l\u00e0m b\u00e1nh. Kh\u00f4ng c\u00f3 ch\u1ea5t ph\u1ee5 gia, ho\u00e0n to\u00e0n t\u1ef1 nhi\u00ean v\u00e0 s\u1eb5n s\u00e0ng s\u1eed d\u1ee5ng. Th\u01b0\u1edfng th\u1ee9c h\u01b0\u01a1ng v\u1ecb th\u1ef1c s\u1ef1 c\u1ee7a tr\u00e1i c\u00e2y nhi\u1ec7t \u0111\u1edbi b\u1ea5t c\u1ee9 l\u00fac n\u00e0o!   <\/p>\n","protected":false},"featured_media":8853,"comment_status":"open","ping_status":"closed","template":"","meta":{"content-type":""},"product_brand":[],"product_cat":[425],"product_tag":[],"class_list":{"0":"post-8881","1":"product","2":"type-product","3":"status-publish","4":"has-post-thumbnail","6":"product_cat-frozen","8":"first","9":"instock","10":"sale","11":"shipping-taxable","12":"purchasable","13":"product-type-variable","14":"has-default-attributes"},"yoast_head":"<!-- This site is optimized with the Yoast SEO plugin v26.9 - https:\/\/yoast.com\/product\/yoast-seo-wordpress\/ -->\n<title>Puree s\u1ea7u ri\u00eang \u0111\u00f4ng l\u1ea1nh cao c\u1ea5p \u2013 100% t\u1ef1 nhi\u00ean &amp; h\u01b0\u01a1ng v\u1ecb \u0111\u1eadm \u0111\u00e0 - Nghi\u1ec7p Xu\u00e2n - Xu\u1ea5t Nh\u1eadp Kh\u1ea9u N\u00f4ng S\u1ea3n<\/title>\n<meta name=\"robots\" content=\"index, follow, max-snippet:-1, max-image-preview:large, max-video-preview:-1\" \/>\n<link rel=\"canonical\" href=\"https:\/\/nghiepxuan.com\/vi\/product\/puree-sau-rieng-dong-lanh-cao-cap-100-tu-nhien-huong-vi-dam-da\/\" \/>\n<meta property=\"og:locale\" content=\"vi_VN\" \/>\n<meta property=\"og:type\" content=\"article\" \/>\n<meta property=\"og:title\" content=\"Puree s\u1ea7u ri\u00eang \u0111\u00f4ng l\u1ea1nh cao c\u1ea5p \u2013 100% t\u1ef1 nhi\u00ean &amp; h\u01b0\u01a1ng v\u1ecb \u0111\u1eadm \u0111\u00e0 - Nghi\u1ec7p Xu\u00e2n - Xu\u1ea5t Nh\u1eadp Kh\u1ea9u N\u00f4ng S\u1ea3n\" \/>\n<meta property=\"og:description\" content=\"Puree s\u1ea7u ri\u00eang \u0111\u00f4ng l\u1ea1nh th\u01a1m ngon v\u00e0 b\u00e9o ng\u1eady \u0111\u01b0\u1ee3c l\u00e0m t\u1eeb 100% s\u1ea7u ri\u00eang ch\u00edn. Ho\u00e0n h\u1ea3o cho m\u00f3n tr\u00e1ng mi\u1ec7ng, sinh t\u1ed1 v\u00e0 c\u00f4ng th\u1ee9c l\u00e0m b\u00e1nh. Kh\u00f4ng c\u00f3 ch\u1ea5t ph\u1ee5 gia, ho\u00e0n to\u00e0n t\u1ef1 nhi\u00ean v\u00e0 s\u1eb5n s\u00e0ng s\u1eed d\u1ee5ng. Th\u01b0\u1edfng th\u1ee9c h\u01b0\u01a1ng v\u1ecb th\u1ef1c s\u1ef1 c\u1ee7a tr\u00e1i c\u00e2y nhi\u1ec7t \u0111\u1edbi b\u1ea5t c\u1ee9 l\u00fac n\u00e0o!\" \/>\n<meta property=\"og:url\" content=\"https:\/\/nghiepxuan.com\/vi\/product\/puree-sau-rieng-dong-lanh-cao-cap-100-tu-nhien-huong-vi-dam-da\/\" \/>\n<meta property=\"og:site_name\" content=\"Nghi\u1ec7p Xu\u00e2n - Xu\u1ea5t Nh\u1eadp Kh\u1ea9u N\u00f4ng S\u1ea3n\" \/>\n<meta property=\"article:publisher\" content=\"https:\/\/www.facebook.com\/nongsannghiepxuan\/\" \/>\n<meta property=\"og:image\" content=\"https:\/\/nghiepxuan.com\/wp-content\/uploads\/2025\/04\/Frozen-durian-puree-2-Nghiep-Xuan.jpg\" \/>\n\t<meta property=\"og:image:width\" content=\"1000\" \/>\n\t<meta property=\"og:image:height\" content=\"800\" \/>\n\t<meta property=\"og:image:type\" content=\"image\/jpeg\" \/>\n<meta name=\"twitter:card\" content=\"summary_large_image\" \/>\n<meta name=\"twitter:site\" content=\"@PhuTonBui\" \/>\n<meta name=\"twitter:label1\" content=\"Est. reading time\" \/>\n\t<meta name=\"twitter:data1\" content=\"1 minute\" \/>\n<script type=\"application\/ld+json\" class=\"yoast-schema-graph\">{\"@context\":\"https:\/\/schema.org\",\"@graph\":[{\"@type\":\"WebPage\",\"@id\":\"https:\/\/nghiepxuan.com\/vi\/product\/puree-sau-rieng-dong-lanh-cao-cap-100-tu-nhien-huong-vi-dam-da\/\",\"url\":\"https:\/\/nghiepxuan.com\/vi\/product\/puree-sau-rieng-dong-lanh-cao-cap-100-tu-nhien-huong-vi-dam-da\/\",\"name\":\"Puree s\u1ea7u ri\u00eang \u0111\u00f4ng l\u1ea1nh cao c\u1ea5p \u2013 100% t\u1ef1 nhi\u00ean &amp; h\u01b0\u01a1ng v\u1ecb \u0111\u1eadm \u0111\u00e0 - Nghi\u1ec7p Xu\u00e2n - Xu\u1ea5t Nh\u1eadp Kh\u1ea9u N\u00f4ng S\u1ea3n\",\"isPartOf\":{\"@id\":\"https:\/\/nghiepxuan.com\/vi\/#website\"},\"primaryImageOfPage\":{\"@id\":\"https:\/\/nghiepxuan.com\/vi\/product\/puree-sau-rieng-dong-lanh-cao-cap-100-tu-nhien-huong-vi-dam-da\/#primaryimage\"},\"image\":{\"@id\":\"https:\/\/nghiepxuan.com\/vi\/product\/puree-sau-rieng-dong-lanh-cao-cap-100-tu-nhien-huong-vi-dam-da\/#primaryimage\"},\"thumbnailUrl\":\"https:\/\/nghiepxuan.com\/wp-content\/uploads\/2025\/04\/Frozen-durian-puree-2-Nghiep-Xuan.jpg\",\"datePublished\":\"2025-04-12T02:45:19+00:00\",\"breadcrumb\":{\"@id\":\"https:\/\/nghiepxuan.com\/vi\/product\/puree-sau-rieng-dong-lanh-cao-cap-100-tu-nhien-huong-vi-dam-da\/#breadcrumb\"},\"inLanguage\":\"vi-VN\",\"potentialAction\":[{\"@type\":\"ReadAction\",\"target\":[\"https:\/\/nghiepxuan.com\/vi\/product\/puree-sau-rieng-dong-lanh-cao-cap-100-tu-nhien-huong-vi-dam-da\/\"]}]},{\"@type\":\"ImageObject\",\"inLanguage\":\"vi-VN\",\"@id\":\"https:\/\/nghiepxuan.com\/vi\/product\/puree-sau-rieng-dong-lanh-cao-cap-100-tu-nhien-huong-vi-dam-da\/#primaryimage\",\"url\":\"https:\/\/nghiepxuan.com\/wp-content\/uploads\/2025\/04\/Frozen-durian-puree-2-Nghiep-Xuan.jpg\",\"contentUrl\":\"https:\/\/nghiepxuan.com\/wp-content\/uploads\/2025\/04\/Frozen-durian-puree-2-Nghiep-Xuan.jpg\",\"width\":1000,\"height\":800},{\"@type\":\"BreadcrumbList\",\"@id\":\"https:\/\/nghiepxuan.com\/vi\/product\/puree-sau-rieng-dong-lanh-cao-cap-100-tu-nhien-huong-vi-dam-da\/#breadcrumb\",\"itemListElement\":[{\"@type\":\"ListItem\",\"position\":1,\"name\":\"Home\",\"item\":\"https:\/\/nghiepxuan.com\/vi\/\"},{\"@type\":\"ListItem\",\"position\":2,\"name\":\"C\u1eeda h\u00e0ng\",\"item\":\"https:\/\/nghiepxuan.com\/vi\/shop\/\"},{\"@type\":\"ListItem\",\"position\":3,\"name\":\"Puree s\u1ea7u ri\u00eang \u0111\u00f4ng l\u1ea1nh cao c\u1ea5p \u2013 100% t\u1ef1 nhi\u00ean &amp; h\u01b0\u01a1ng v\u1ecb \u0111\u1eadm \u0111\u00e0\"}]},{\"@type\":\"WebSite\",\"@id\":\"https:\/\/nghiepxuan.com\/vi\/#website\",\"url\":\"https:\/\/nghiepxuan.com\/vi\/\",\"name\":\"Nghiep Xuan - Agricultural Import and Export\",\"description\":\"Nu\u00f4i d\u01b0\u1ee1ng thi\u00ean nhi\u00ean, thu ho\u1ea1ch s\u1ee9c kh\u1ecfe: \u0110i\u1ec3m \u0111\u1ebfn l\u1ed1i s\u1ed1ng h\u1eefu c\u01a1 c\u1ee7a b\u1ea1n\",\"publisher\":{\"@id\":\"https:\/\/nghiepxuan.com\/vi\/#organization\"},\"potentialAction\":[{\"@type\":\"SearchAction\",\"target\":{\"@type\":\"EntryPoint\",\"urlTemplate\":\"https:\/\/nghiepxuan.com\/vi\/?s={search_term_string}\"},\"query-input\":{\"@type\":\"PropertyValueSpecification\",\"valueRequired\":true,\"valueName\":\"search_term_string\"}}],\"inLanguage\":\"vi-VN\"},{\"@type\":\"Organization\",\"@id\":\"https:\/\/nghiepxuan.com\/vi\/#organization\",\"name\":\"Nghiep Xuan - Agricultural Import and Export\",\"url\":\"https:\/\/nghiepxuan.com\/vi\/\",\"logo\":{\"@type\":\"ImageObject\",\"inLanguage\":\"vi-VN\",\"@id\":\"https:\/\/nghiepxuan.com\/vi\/#\/schema\/logo\/image\/\",\"url\":\"https:\/\/nghiepxuan.com\/wp-content\/uploads\/2025\/04\/Nghiep-Xuan-Logo-4.png\",\"contentUrl\":\"https:\/\/nghiepxuan.com\/wp-content\/uploads\/2025\/04\/Nghiep-Xuan-Logo-4.png\",\"width\":4167,\"height\":1015,\"caption\":\"Nghiep Xuan - Agricultural Import and Export\"},\"image\":{\"@id\":\"https:\/\/nghiepxuan.com\/vi\/#\/schema\/logo\/image\/\"},\"sameAs\":[\"https:\/\/www.facebook.com\/nongsannghiepxuan\/\",\"https:\/\/x.com\/PhuTonBui\",\"https:\/\/www.instagram.com\/xuatnhapkhaunghiepxuan\/\",\"https:\/\/www.youtube.com\/@nongsannghiepxuan2066\",\"https:\/\/www.tiktok.com\/@nghiepxuan\"]}]}<\/script>\n<!-- \/ Yoast SEO plugin. -->","yoast_head_json":{"title":"Puree s\u1ea7u ri\u00eang \u0111\u00f4ng l\u1ea1nh cao c\u1ea5p \u2013 100% t\u1ef1 nhi\u00ean &amp; h\u01b0\u01a1ng v\u1ecb \u0111\u1eadm \u0111\u00e0 - Nghi\u1ec7p Xu\u00e2n - Xu\u1ea5t Nh\u1eadp Kh\u1ea9u N\u00f4ng S\u1ea3n","robots":{"index":"index","follow":"follow","max-snippet":"max-snippet:-1","max-image-preview":"max-image-preview:large","max-video-preview":"max-video-preview:-1"},"canonical":"https:\/\/nghiepxuan.com\/vi\/product\/puree-sau-rieng-dong-lanh-cao-cap-100-tu-nhien-huong-vi-dam-da\/","og_locale":"vi_VN","og_type":"article","og_title":"Puree s\u1ea7u ri\u00eang \u0111\u00f4ng l\u1ea1nh cao c\u1ea5p \u2013 100% t\u1ef1 nhi\u00ean &amp; h\u01b0\u01a1ng v\u1ecb \u0111\u1eadm \u0111\u00e0 - Nghi\u1ec7p Xu\u00e2n - Xu\u1ea5t Nh\u1eadp Kh\u1ea9u N\u00f4ng S\u1ea3n","og_description":"Puree s\u1ea7u ri\u00eang \u0111\u00f4ng l\u1ea1nh th\u01a1m ngon v\u00e0 b\u00e9o ng\u1eady \u0111\u01b0\u1ee3c l\u00e0m t\u1eeb 100% s\u1ea7u ri\u00eang ch\u00edn. Ho\u00e0n h\u1ea3o cho m\u00f3n tr\u00e1ng mi\u1ec7ng, sinh t\u1ed1 v\u00e0 c\u00f4ng th\u1ee9c l\u00e0m b\u00e1nh. Kh\u00f4ng c\u00f3 ch\u1ea5t ph\u1ee5 gia, ho\u00e0n to\u00e0n t\u1ef1 nhi\u00ean v\u00e0 s\u1eb5n s\u00e0ng s\u1eed d\u1ee5ng. Th\u01b0\u1edfng th\u1ee9c h\u01b0\u01a1ng v\u1ecb th\u1ef1c s\u1ef1 c\u1ee7a tr\u00e1i c\u00e2y nhi\u1ec7t \u0111\u1edbi b\u1ea5t c\u1ee9 l\u00fac n\u00e0o!","og_url":"https:\/\/nghiepxuan.com\/vi\/product\/puree-sau-rieng-dong-lanh-cao-cap-100-tu-nhien-huong-vi-dam-da\/","og_site_name":"Nghi\u1ec7p Xu\u00e2n - Xu\u1ea5t Nh\u1eadp Kh\u1ea9u N\u00f4ng S\u1ea3n","article_publisher":"https:\/\/www.facebook.com\/nongsannghiepxuan\/","og_image":[{"width":1000,"height":800,"url":"https:\/\/nghiepxuan.com\/wp-content\/uploads\/2025\/04\/Frozen-durian-puree-2-Nghiep-Xuan.jpg","type":"image\/jpeg"}],"twitter_card":"summary_large_image","twitter_site":"@PhuTonBui","twitter_misc":{"Est. reading time":"1 minute"},"schema":{"@context":"https:\/\/schema.org","@graph":[{"@type":"WebPage","@id":"https:\/\/nghiepxuan.com\/vi\/product\/puree-sau-rieng-dong-lanh-cao-cap-100-tu-nhien-huong-vi-dam-da\/","url":"https:\/\/nghiepxuan.com\/vi\/product\/puree-sau-rieng-dong-lanh-cao-cap-100-tu-nhien-huong-vi-dam-da\/","name":"Puree s\u1ea7u ri\u00eang \u0111\u00f4ng l\u1ea1nh cao c\u1ea5p \u2013 100% t\u1ef1 nhi\u00ean &amp; h\u01b0\u01a1ng v\u1ecb \u0111\u1eadm \u0111\u00e0 - Nghi\u1ec7p Xu\u00e2n - Xu\u1ea5t Nh\u1eadp Kh\u1ea9u N\u00f4ng S\u1ea3n","isPartOf":{"@id":"https:\/\/nghiepxuan.com\/vi\/#website"},"primaryImageOfPage":{"@id":"https:\/\/nghiepxuan.com\/vi\/product\/puree-sau-rieng-dong-lanh-cao-cap-100-tu-nhien-huong-vi-dam-da\/#primaryimage"},"image":{"@id":"https:\/\/nghiepxuan.com\/vi\/product\/puree-sau-rieng-dong-lanh-cao-cap-100-tu-nhien-huong-vi-dam-da\/#primaryimage"},"thumbnailUrl":"https:\/\/nghiepxuan.com\/wp-content\/uploads\/2025\/04\/Frozen-durian-puree-2-Nghiep-Xuan.jpg","datePublished":"2025-04-12T02:45:19+00:00","breadcrumb":{"@id":"https:\/\/nghiepxuan.com\/vi\/product\/puree-sau-rieng-dong-lanh-cao-cap-100-tu-nhien-huong-vi-dam-da\/#breadcrumb"},"inLanguage":"vi-VN","potentialAction":[{"@type":"ReadAction","target":["https:\/\/nghiepxuan.com\/vi\/product\/puree-sau-rieng-dong-lanh-cao-cap-100-tu-nhien-huong-vi-dam-da\/"]}]},{"@type":"ImageObject","inLanguage":"vi-VN","@id":"https:\/\/nghiepxuan.com\/vi\/product\/puree-sau-rieng-dong-lanh-cao-cap-100-tu-nhien-huong-vi-dam-da\/#primaryimage","url":"https:\/\/nghiepxuan.com\/wp-content\/uploads\/2025\/04\/Frozen-durian-puree-2-Nghiep-Xuan.jpg","contentUrl":"https:\/\/nghiepxuan.com\/wp-content\/uploads\/2025\/04\/Frozen-durian-puree-2-Nghiep-Xuan.jpg","width":1000,"height":800},{"@type":"BreadcrumbList","@id":"https:\/\/nghiepxuan.com\/vi\/product\/puree-sau-rieng-dong-lanh-cao-cap-100-tu-nhien-huong-vi-dam-da\/#breadcrumb","itemListElement":[{"@type":"ListItem","position":1,"name":"Home","item":"https:\/\/nghiepxuan.com\/vi\/"},{"@type":"ListItem","position":2,"name":"C\u1eeda h\u00e0ng","item":"https:\/\/nghiepxuan.com\/vi\/shop\/"},{"@type":"ListItem","position":3,"name":"Puree s\u1ea7u ri\u00eang \u0111\u00f4ng l\u1ea1nh cao c\u1ea5p \u2013 100% t\u1ef1 nhi\u00ean &amp; h\u01b0\u01a1ng v\u1ecb \u0111\u1eadm \u0111\u00e0"}]},{"@type":"WebSite","@id":"https:\/\/nghiepxuan.com\/vi\/#website","url":"https:\/\/nghiepxuan.com\/vi\/","name":"Nghiep Xuan - Agricultural Import and Export","description":"Nu\u00f4i d\u01b0\u1ee1ng thi\u00ean nhi\u00ean, thu ho\u1ea1ch s\u1ee9c kh\u1ecfe: \u0110i\u1ec3m \u0111\u1ebfn l\u1ed1i s\u1ed1ng h\u1eefu c\u01a1 c\u1ee7a b\u1ea1n","publisher":{"@id":"https:\/\/nghiepxuan.com\/vi\/#organization"},"potentialAction":[{"@type":"SearchAction","target":{"@type":"EntryPoint","urlTemplate":"https:\/\/nghiepxuan.com\/vi\/?s={search_term_string}"},"query-input":{"@type":"PropertyValueSpecification","valueRequired":true,"valueName":"search_term_string"}}],"inLanguage":"vi-VN"},{"@type":"Organization","@id":"https:\/\/nghiepxuan.com\/vi\/#organization","name":"Nghiep Xuan - Agricultural Import and Export","url":"https:\/\/nghiepxuan.com\/vi\/","logo":{"@type":"ImageObject","inLanguage":"vi-VN","@id":"https:\/\/nghiepxuan.com\/vi\/#\/schema\/logo\/image\/","url":"https:\/\/nghiepxuan.com\/wp-content\/uploads\/2025\/04\/Nghiep-Xuan-Logo-4.png","contentUrl":"https:\/\/nghiepxuan.com\/wp-content\/uploads\/2025\/04\/Nghiep-Xuan-Logo-4.png","width":4167,"height":1015,"caption":"Nghiep Xuan - Agricultural Import and Export"},"image":{"@id":"https:\/\/nghiepxuan.com\/vi\/#\/schema\/logo\/image\/"},"sameAs":["https:\/\/www.facebook.com\/nongsannghiepxuan\/","https:\/\/x.com\/PhuTonBui","https:\/\/www.instagram.com\/xuatnhapkhaunghiepxuan\/","https:\/\/www.youtube.com\/@nongsannghiepxuan2066","https:\/\/www.tiktok.com\/@nghiepxuan"]}]}},"_links":{"self":[{"href":"https:\/\/nghiepxuan.com\/vi\/wp-json\/wp\/v2\/product\/8881","targetHints":{"allow":["GET"]}}],"collection":[{"href":"https:\/\/nghiepxuan.com\/vi\/wp-json\/wp\/v2\/product"}],"about":[{"href":"https:\/\/nghiepxuan.com\/vi\/wp-json\/wp\/v2\/types\/product"}],"replies":[{"embeddable":true,"href":"https:\/\/nghiepxuan.com\/vi\/wp-json\/wp\/v2\/comments?post=8881"}],"version-history":[{"count":0,"href":"https:\/\/nghiepxuan.com\/vi\/wp-json\/wp\/v2\/product\/8881\/revisions"}],"wp:featuredmedia":[{"embeddable":true,"href":"https:\/\/nghiepxuan.com\/vi\/wp-json\/wp\/v2\/media\/8853"}],"wp:attachment":[{"href":"https:\/\/nghiepxuan.com\/vi\/wp-json\/wp\/v2\/media?parent=8881"}],"wp:term":[{"taxonomy":"product_brand","embeddable":true,"href":"https:\/\/nghiepxuan.com\/vi\/wp-json\/wp\/v2\/product_brand?post=8881"},{"taxonomy":"product_cat","embeddable":true,"href":"https:\/\/nghiepxuan.com\/vi\/wp-json\/wp\/v2\/product_cat?post=8881"},{"taxonomy":"product_tag","embeddable":true,"href":"https:\/\/nghiepxuan.com\/vi\/wp-json\/wp\/v2\/product_tag?post=8881"}],"curies":[{"name":"wp","href":"https:\/\/api.w.org\/{rel}","templated":true}]}}