{"id":8828,"date":"2025-04-12T02:30:33","date_gmt":"2025-04-12T02:30:33","guid":{"rendered":"https:\/\/nghiepxuan.com\/product\/mieng-xoai-dong-lanh-cao-cap-ngot-tu-nhien-thom-ngon\/"},"modified":"2025-04-12T02:30:33","modified_gmt":"2025-04-12T02:30:33","slug":"mieng-xoai-dong-lanh-cao-cap-ngot-tu-nhien-thom-ngon","status":"publish","type":"product","link":"https:\/\/nghiepxuan.com\/vi\/product\/mieng-xoai-dong-lanh-cao-cap-ngot-tu-nhien-thom-ngon\/","title":{"rendered":"Mi\u1ebfng xo\u00e0i \u0111\u00f4ng l\u1ea1nh cao c\u1ea5p \u2013 Ng\u1ecdt t\u1ef1 nhi\u00ean &amp; Th\u01a1m ngon"},"content":{"rendered":"<p class=\"\" data-start=\"204\" data-end=\"459\">Th\u01b0\u1edfng th\u1ee9c h\u01b0\u01a1ng v\u1ecb nhi\u1ec7t \u0111\u1edbi c\u1ee7a xo\u00e0i ch\u00edn quanh n\u0103m v\u1edbi <strong data-start=\"269\" data-end=\"300\">Xo\u00e0i \u0111\u00f4ng l\u1ea1nh cao c\u1ea5p<\/strong> c\u1ee7a ch\u00fang t\u00f4i. \u0110\u01b0\u1ee3c l\u1ef1a ch\u1ecdn c\u1ea9n th\u1eadn khi \u0111\u1ea1t \u0111\u1ed9 ch\u00edn cao nh\u1ea5t, xo\u00e0i c\u1ee7a ch\u00fang t\u00f4i \u0111\u01b0\u1ee3c g\u1ecdt v\u1ecf, c\u1eaft v\u00e0 \u0111\u00f4ng l\u1ea1nh nhanh \u0111\u1ec3 gi\u1eef nguy\u00ean v\u1ecb ng\u1ecdt t\u1ef1 nhi\u00ean, m\u00e0u s\u1eafc r\u1ef1c r\u1ee1 v\u00e0 gi\u00e1 tr\u1ecb dinh d\u01b0\u1ee1ng. <\/p>\n<p class=\"\" data-start=\"461\" data-end=\"726\">Ho\u00e0n h\u1ea3o cho sinh t\u1ed1, m\u00f3n tr\u00e1ng mi\u1ec7ng, salad tr\u00e1i c\u00e2y ho\u1eb7c nh\u01b0 m\u1ed9t m\u00f3n \u0103n nh\u1eb9 gi\u1ea3i kh\u00e1t, nh\u1eefng mi\u1ebfng xo\u00e0i \u0111\u00f4ng l\u1ea1nh n\u00e0y ho\u00e0n to\u00e0n t\u1ef1 nhi\u00ean \u2013 kh\u00f4ng th\u00eam \u0111\u01b0\u1eddng, ch\u1ea5t b\u1ea3o qu\u1ea3n ho\u1eb7c h\u01b0\u01a1ng v\u1ecb nh\u00e2n t\u1ea1o. Ti\u1ec7n l\u1ee3i v\u00e0 s\u1eb5n s\u00e0ng s\u1eed d\u1ee5ng, ch\u00fang mang \u00e1nh n\u1eafng nhi\u1ec7t \u0111\u1edbi th\u1eb3ng \u0111\u1ebfn c\u0103n b\u1ebfp c\u1ee7a b\u1ea1n. <\/p>\n<ul data-start=\"728\" data-end=\"927\">\n<li class=\"\" data-start=\"728\" data-end=\"752\">\n<p class=\"\" data-start=\"730\" data-end=\"752\">\u2705 100% Xo\u00e0i t\u1ef1 nhi\u00ean<\/p>\n<\/li>\n<li class=\"\" data-start=\"753\" data-end=\"790\">\n<p class=\"\" data-start=\"755\" data-end=\"790\">\u2705 Kh\u00f4ng th\u00eam \u0111\u01b0\u1eddng ho\u1eb7c ch\u1ea5t b\u1ea3o qu\u1ea3n<\/p>\n<\/li>\n<li class=\"\" data-start=\"791\" data-end=\"831\">\n<p class=\"\" data-start=\"793\" data-end=\"831\">\u2705 Gi\u00e0u Vitamin C v\u00e0 Ch\u1ea5t ch\u1ed1ng oxy h\u00f3a<\/p>\n<\/li>\n<li class=\"\" data-start=\"832\" data-end=\"880\">\n<p class=\"\" data-start=\"834\" data-end=\"880\">\u2705 Th\u00edch h\u1ee3p cho sinh t\u1ed1, m\u00f3n tr\u00e1ng mi\u1ec7ng ho\u1eb7c \u0111\u1ed3 \u0103n nh\u1eb9<\/p>\n<\/li>\n<li class=\"\" data-start=\"881\" data-end=\"927\">\n<p class=\"\" data-start=\"883\" data-end=\"927\">\u2705 \u0110\u00f3ng g\u00f3i \u0111\u1ec3 gi\u1eef \u0111\u1ed9 t\u01b0\u01a1i v\u00e0 th\u1eddi h\u1ea1n s\u1eed d\u1ee5ng l\u00e2u d\u00e0i<\/p>\n<\/li>\n<\/ul>\n<p class=\"\" data-start=\"929\" data-end=\"981\">Mang h\u01b0\u01a1ng v\u1ecb nhi\u1ec7t \u0111\u1edbi v\u1ec1 nh\u00e0 qua t\u1eebng mi\u1ebfng \u0103n!<\/p>\n","protected":false},"excerpt":{"rendered":"<p>Th\u01b0\u1edfng th\u1ee9c h\u01b0\u01a1ng v\u1ecb nhi\u1ec7t \u0111\u1edbi ng\u1ecdt ng\u00e0o, m\u1ecdng n\u01b0\u1edbc b\u1ea5t c\u1ee9 l\u00fac n\u00e0o v\u1edbi nh\u1eefng mi\u1ebfng xo\u00e0i \u0111\u00f4ng l\u1ea1nh 100% t\u1ef1 nhi\u00ean c\u1ee7a ch\u00fang t\u00f4i. Ho\u00e0n h\u1ea3o cho sinh t\u1ed1, m\u00f3n tr\u00e1ng mi\u1ec7ng v\u00e0 \u0111\u1ed3 \u0103n nh\u1eb9 l\u00e0nh m\u1ea1nh\u2014kh\u00f4ng th\u00eam \u0111\u01b0\u1eddng ho\u1eb7c ch\u1ea5t b\u1ea3o qu\u1ea3n. <\/p>\n","protected":false},"featured_media":8782,"comment_status":"open","ping_status":"closed","template":"","meta":{"content-type":""},"product_brand":[],"product_cat":[425],"product_tag":[],"class_list":{"0":"post-8828","1":"product","2":"type-product","3":"status-publish","4":"has-post-thumbnail","6":"product_cat-frozen","8":"first","9":"instock","10":"sale","11":"shipping-taxable","12":"purchasable","13":"product-type-variable","14":"has-default-attributes"},"yoast_head":"<!-- This site is optimized with the Yoast SEO plugin v26.9 - https:\/\/yoast.com\/product\/yoast-seo-wordpress\/ -->\n<title>Mi\u1ebfng xo\u00e0i \u0111\u00f4ng l\u1ea1nh cao c\u1ea5p \u2013 Ng\u1ecdt t\u1ef1 nhi\u00ean &amp; Th\u01a1m ngon - Nghi\u1ec7p Xu\u00e2n - Xu\u1ea5t Nh\u1eadp Kh\u1ea9u N\u00f4ng S\u1ea3n<\/title>\n<meta name=\"robots\" content=\"index, follow, max-snippet:-1, max-image-preview:large, max-video-preview:-1\" \/>\n<link rel=\"canonical\" href=\"https:\/\/nghiepxuan.com\/vi\/product\/mieng-xoai-dong-lanh-cao-cap-ngot-tu-nhien-thom-ngon\/\" \/>\n<meta property=\"og:locale\" content=\"vi_VN\" \/>\n<meta property=\"og:type\" content=\"article\" \/>\n<meta property=\"og:title\" content=\"Mi\u1ebfng xo\u00e0i \u0111\u00f4ng l\u1ea1nh cao c\u1ea5p \u2013 Ng\u1ecdt t\u1ef1 nhi\u00ean &amp; Th\u01a1m ngon - Nghi\u1ec7p Xu\u00e2n - Xu\u1ea5t Nh\u1eadp Kh\u1ea9u N\u00f4ng S\u1ea3n\" \/>\n<meta property=\"og:description\" content=\"Th\u01b0\u1edfng th\u1ee9c h\u01b0\u01a1ng v\u1ecb nhi\u1ec7t \u0111\u1edbi ng\u1ecdt ng\u00e0o, m\u1ecdng n\u01b0\u1edbc b\u1ea5t c\u1ee9 l\u00fac n\u00e0o v\u1edbi nh\u1eefng mi\u1ebfng xo\u00e0i \u0111\u00f4ng l\u1ea1nh 100% t\u1ef1 nhi\u00ean c\u1ee7a ch\u00fang t\u00f4i. Ho\u00e0n h\u1ea3o cho sinh t\u1ed1, m\u00f3n tr\u00e1ng mi\u1ec7ng v\u00e0 \u0111\u1ed3 \u0103n nh\u1eb9 l\u00e0nh m\u1ea1nh\u2014kh\u00f4ng th\u00eam \u0111\u01b0\u1eddng ho\u1eb7c ch\u1ea5t b\u1ea3o qu\u1ea3n.\" \/>\n<meta property=\"og:url\" content=\"https:\/\/nghiepxuan.com\/vi\/product\/mieng-xoai-dong-lanh-cao-cap-ngot-tu-nhien-thom-ngon\/\" \/>\n<meta property=\"og:site_name\" content=\"Nghi\u1ec7p Xu\u00e2n - Xu\u1ea5t Nh\u1eadp Kh\u1ea9u N\u00f4ng S\u1ea3n\" \/>\n<meta property=\"article:publisher\" content=\"https:\/\/www.facebook.com\/nongsannghiepxuan\/\" \/>\n<meta property=\"og:image\" content=\"https:\/\/nghiepxuan.com\/wp-content\/uploads\/2025\/04\/Frozen-mango-3-Nghiep-Xuan.webp\" \/>\n\t<meta property=\"og:image:width\" content=\"640\" \/>\n\t<meta property=\"og:image:height\" content=\"640\" \/>\n\t<meta property=\"og:image:type\" content=\"image\/webp\" \/>\n<meta name=\"twitter:card\" content=\"summary_large_image\" \/>\n<meta name=\"twitter:site\" content=\"@PhuTonBui\" \/>\n<meta name=\"twitter:label1\" content=\"Est. reading time\" \/>\n\t<meta name=\"twitter:data1\" content=\"1 minute\" \/>\n<script type=\"application\/ld+json\" class=\"yoast-schema-graph\">{\"@context\":\"https:\/\/schema.org\",\"@graph\":[{\"@type\":\"WebPage\",\"@id\":\"https:\/\/nghiepxuan.com\/vi\/product\/mieng-xoai-dong-lanh-cao-cap-ngot-tu-nhien-thom-ngon\/\",\"url\":\"https:\/\/nghiepxuan.com\/vi\/product\/mieng-xoai-dong-lanh-cao-cap-ngot-tu-nhien-thom-ngon\/\",\"name\":\"Mi\u1ebfng xo\u00e0i \u0111\u00f4ng l\u1ea1nh cao c\u1ea5p \u2013 Ng\u1ecdt t\u1ef1 nhi\u00ean &amp; Th\u01a1m ngon - Nghi\u1ec7p Xu\u00e2n - Xu\u1ea5t Nh\u1eadp Kh\u1ea9u N\u00f4ng S\u1ea3n\",\"isPartOf\":{\"@id\":\"https:\/\/nghiepxuan.com\/vi\/#website\"},\"primaryImageOfPage\":{\"@id\":\"https:\/\/nghiepxuan.com\/vi\/product\/mieng-xoai-dong-lanh-cao-cap-ngot-tu-nhien-thom-ngon\/#primaryimage\"},\"image\":{\"@id\":\"https:\/\/nghiepxuan.com\/vi\/product\/mieng-xoai-dong-lanh-cao-cap-ngot-tu-nhien-thom-ngon\/#primaryimage\"},\"thumbnailUrl\":\"https:\/\/nghiepxuan.com\/wp-content\/uploads\/2025\/04\/Frozen-mango-3-Nghiep-Xuan.webp\",\"datePublished\":\"2025-04-12T02:30:33+00:00\",\"breadcrumb\":{\"@id\":\"https:\/\/nghiepxuan.com\/vi\/product\/mieng-xoai-dong-lanh-cao-cap-ngot-tu-nhien-thom-ngon\/#breadcrumb\"},\"inLanguage\":\"vi-VN\",\"potentialAction\":[{\"@type\":\"ReadAction\",\"target\":[\"https:\/\/nghiepxuan.com\/vi\/product\/mieng-xoai-dong-lanh-cao-cap-ngot-tu-nhien-thom-ngon\/\"]}]},{\"@type\":\"ImageObject\",\"inLanguage\":\"vi-VN\",\"@id\":\"https:\/\/nghiepxuan.com\/vi\/product\/mieng-xoai-dong-lanh-cao-cap-ngot-tu-nhien-thom-ngon\/#primaryimage\",\"url\":\"https:\/\/nghiepxuan.com\/wp-content\/uploads\/2025\/04\/Frozen-mango-3-Nghiep-Xuan.webp\",\"contentUrl\":\"https:\/\/nghiepxuan.com\/wp-content\/uploads\/2025\/04\/Frozen-mango-3-Nghiep-Xuan.webp\",\"width\":640,\"height\":640},{\"@type\":\"BreadcrumbList\",\"@id\":\"https:\/\/nghiepxuan.com\/vi\/product\/mieng-xoai-dong-lanh-cao-cap-ngot-tu-nhien-thom-ngon\/#breadcrumb\",\"itemListElement\":[{\"@type\":\"ListItem\",\"position\":1,\"name\":\"Home\",\"item\":\"https:\/\/nghiepxuan.com\/vi\/\"},{\"@type\":\"ListItem\",\"position\":2,\"name\":\"C\u1eeda h\u00e0ng\",\"item\":\"https:\/\/nghiepxuan.com\/vi\/shop\/\"},{\"@type\":\"ListItem\",\"position\":3,\"name\":\"Mi\u1ebfng xo\u00e0i \u0111\u00f4ng l\u1ea1nh cao c\u1ea5p \u2013 Ng\u1ecdt t\u1ef1 nhi\u00ean &amp; Th\u01a1m ngon\"}]},{\"@type\":\"WebSite\",\"@id\":\"https:\/\/nghiepxuan.com\/vi\/#website\",\"url\":\"https:\/\/nghiepxuan.com\/vi\/\",\"name\":\"Nghiep Xuan - Agricultural Import and Export\",\"description\":\"Nu\u00f4i d\u01b0\u1ee1ng thi\u00ean nhi\u00ean, thu ho\u1ea1ch s\u1ee9c kh\u1ecfe: \u0110i\u1ec3m \u0111\u1ebfn l\u1ed1i s\u1ed1ng h\u1eefu c\u01a1 c\u1ee7a b\u1ea1n\",\"publisher\":{\"@id\":\"https:\/\/nghiepxuan.com\/vi\/#organization\"},\"potentialAction\":[{\"@type\":\"SearchAction\",\"target\":{\"@type\":\"EntryPoint\",\"urlTemplate\":\"https:\/\/nghiepxuan.com\/vi\/?s={search_term_string}\"},\"query-input\":{\"@type\":\"PropertyValueSpecification\",\"valueRequired\":true,\"valueName\":\"search_term_string\"}}],\"inLanguage\":\"vi-VN\"},{\"@type\":\"Organization\",\"@id\":\"https:\/\/nghiepxuan.com\/vi\/#organization\",\"name\":\"Nghiep Xuan - Agricultural Import and Export\",\"url\":\"https:\/\/nghiepxuan.com\/vi\/\",\"logo\":{\"@type\":\"ImageObject\",\"inLanguage\":\"vi-VN\",\"@id\":\"https:\/\/nghiepxuan.com\/vi\/#\/schema\/logo\/image\/\",\"url\":\"https:\/\/nghiepxuan.com\/wp-content\/uploads\/2025\/04\/Nghiep-Xuan-Logo-4.png\",\"contentUrl\":\"https:\/\/nghiepxuan.com\/wp-content\/uploads\/2025\/04\/Nghiep-Xuan-Logo-4.png\",\"width\":4167,\"height\":1015,\"caption\":\"Nghiep Xuan - Agricultural Import and Export\"},\"image\":{\"@id\":\"https:\/\/nghiepxuan.com\/vi\/#\/schema\/logo\/image\/\"},\"sameAs\":[\"https:\/\/www.facebook.com\/nongsannghiepxuan\/\",\"https:\/\/x.com\/PhuTonBui\",\"https:\/\/www.instagram.com\/xuatnhapkhaunghiepxuan\/\",\"https:\/\/www.youtube.com\/@nongsannghiepxuan2066\",\"https:\/\/www.tiktok.com\/@nghiepxuan\"]}]}<\/script>\n<!-- \/ Yoast SEO plugin. -->","yoast_head_json":{"title":"Mi\u1ebfng xo\u00e0i \u0111\u00f4ng l\u1ea1nh cao c\u1ea5p \u2013 Ng\u1ecdt t\u1ef1 nhi\u00ean &amp; Th\u01a1m ngon - Nghi\u1ec7p Xu\u00e2n - Xu\u1ea5t Nh\u1eadp Kh\u1ea9u N\u00f4ng S\u1ea3n","robots":{"index":"index","follow":"follow","max-snippet":"max-snippet:-1","max-image-preview":"max-image-preview:large","max-video-preview":"max-video-preview:-1"},"canonical":"https:\/\/nghiepxuan.com\/vi\/product\/mieng-xoai-dong-lanh-cao-cap-ngot-tu-nhien-thom-ngon\/","og_locale":"vi_VN","og_type":"article","og_title":"Mi\u1ebfng xo\u00e0i \u0111\u00f4ng l\u1ea1nh cao c\u1ea5p \u2013 Ng\u1ecdt t\u1ef1 nhi\u00ean &amp; Th\u01a1m ngon - Nghi\u1ec7p Xu\u00e2n - Xu\u1ea5t Nh\u1eadp Kh\u1ea9u N\u00f4ng S\u1ea3n","og_description":"Th\u01b0\u1edfng th\u1ee9c h\u01b0\u01a1ng v\u1ecb nhi\u1ec7t \u0111\u1edbi ng\u1ecdt ng\u00e0o, m\u1ecdng n\u01b0\u1edbc b\u1ea5t c\u1ee9 l\u00fac n\u00e0o v\u1edbi nh\u1eefng mi\u1ebfng xo\u00e0i \u0111\u00f4ng l\u1ea1nh 100% t\u1ef1 nhi\u00ean c\u1ee7a ch\u00fang t\u00f4i. Ho\u00e0n h\u1ea3o cho sinh t\u1ed1, m\u00f3n tr\u00e1ng mi\u1ec7ng v\u00e0 \u0111\u1ed3 \u0103n nh\u1eb9 l\u00e0nh m\u1ea1nh\u2014kh\u00f4ng th\u00eam \u0111\u01b0\u1eddng ho\u1eb7c ch\u1ea5t b\u1ea3o qu\u1ea3n.","og_url":"https:\/\/nghiepxuan.com\/vi\/product\/mieng-xoai-dong-lanh-cao-cap-ngot-tu-nhien-thom-ngon\/","og_site_name":"Nghi\u1ec7p Xu\u00e2n - Xu\u1ea5t Nh\u1eadp Kh\u1ea9u N\u00f4ng S\u1ea3n","article_publisher":"https:\/\/www.facebook.com\/nongsannghiepxuan\/","og_image":[{"width":640,"height":640,"url":"https:\/\/nghiepxuan.com\/wp-content\/uploads\/2025\/04\/Frozen-mango-3-Nghiep-Xuan.webp","type":"image\/webp"}],"twitter_card":"summary_large_image","twitter_site":"@PhuTonBui","twitter_misc":{"Est. reading time":"1 minute"},"schema":{"@context":"https:\/\/schema.org","@graph":[{"@type":"WebPage","@id":"https:\/\/nghiepxuan.com\/vi\/product\/mieng-xoai-dong-lanh-cao-cap-ngot-tu-nhien-thom-ngon\/","url":"https:\/\/nghiepxuan.com\/vi\/product\/mieng-xoai-dong-lanh-cao-cap-ngot-tu-nhien-thom-ngon\/","name":"Mi\u1ebfng xo\u00e0i \u0111\u00f4ng l\u1ea1nh cao c\u1ea5p \u2013 Ng\u1ecdt t\u1ef1 nhi\u00ean &amp; Th\u01a1m ngon - Nghi\u1ec7p Xu\u00e2n - Xu\u1ea5t Nh\u1eadp Kh\u1ea9u N\u00f4ng S\u1ea3n","isPartOf":{"@id":"https:\/\/nghiepxuan.com\/vi\/#website"},"primaryImageOfPage":{"@id":"https:\/\/nghiepxuan.com\/vi\/product\/mieng-xoai-dong-lanh-cao-cap-ngot-tu-nhien-thom-ngon\/#primaryimage"},"image":{"@id":"https:\/\/nghiepxuan.com\/vi\/product\/mieng-xoai-dong-lanh-cao-cap-ngot-tu-nhien-thom-ngon\/#primaryimage"},"thumbnailUrl":"https:\/\/nghiepxuan.com\/wp-content\/uploads\/2025\/04\/Frozen-mango-3-Nghiep-Xuan.webp","datePublished":"2025-04-12T02:30:33+00:00","breadcrumb":{"@id":"https:\/\/nghiepxuan.com\/vi\/product\/mieng-xoai-dong-lanh-cao-cap-ngot-tu-nhien-thom-ngon\/#breadcrumb"},"inLanguage":"vi-VN","potentialAction":[{"@type":"ReadAction","target":["https:\/\/nghiepxuan.com\/vi\/product\/mieng-xoai-dong-lanh-cao-cap-ngot-tu-nhien-thom-ngon\/"]}]},{"@type":"ImageObject","inLanguage":"vi-VN","@id":"https:\/\/nghiepxuan.com\/vi\/product\/mieng-xoai-dong-lanh-cao-cap-ngot-tu-nhien-thom-ngon\/#primaryimage","url":"https:\/\/nghiepxuan.com\/wp-content\/uploads\/2025\/04\/Frozen-mango-3-Nghiep-Xuan.webp","contentUrl":"https:\/\/nghiepxuan.com\/wp-content\/uploads\/2025\/04\/Frozen-mango-3-Nghiep-Xuan.webp","width":640,"height":640},{"@type":"BreadcrumbList","@id":"https:\/\/nghiepxuan.com\/vi\/product\/mieng-xoai-dong-lanh-cao-cap-ngot-tu-nhien-thom-ngon\/#breadcrumb","itemListElement":[{"@type":"ListItem","position":1,"name":"Home","item":"https:\/\/nghiepxuan.com\/vi\/"},{"@type":"ListItem","position":2,"name":"C\u1eeda h\u00e0ng","item":"https:\/\/nghiepxuan.com\/vi\/shop\/"},{"@type":"ListItem","position":3,"name":"Mi\u1ebfng xo\u00e0i \u0111\u00f4ng l\u1ea1nh cao c\u1ea5p \u2013 Ng\u1ecdt t\u1ef1 nhi\u00ean &amp; Th\u01a1m ngon"}]},{"@type":"WebSite","@id":"https:\/\/nghiepxuan.com\/vi\/#website","url":"https:\/\/nghiepxuan.com\/vi\/","name":"Nghiep Xuan - Agricultural Import and Export","description":"Nu\u00f4i d\u01b0\u1ee1ng thi\u00ean nhi\u00ean, thu ho\u1ea1ch s\u1ee9c kh\u1ecfe: \u0110i\u1ec3m \u0111\u1ebfn l\u1ed1i s\u1ed1ng h\u1eefu c\u01a1 c\u1ee7a b\u1ea1n","publisher":{"@id":"https:\/\/nghiepxuan.com\/vi\/#organization"},"potentialAction":[{"@type":"SearchAction","target":{"@type":"EntryPoint","urlTemplate":"https:\/\/nghiepxuan.com\/vi\/?s={search_term_string}"},"query-input":{"@type":"PropertyValueSpecification","valueRequired":true,"valueName":"search_term_string"}}],"inLanguage":"vi-VN"},{"@type":"Organization","@id":"https:\/\/nghiepxuan.com\/vi\/#organization","name":"Nghiep Xuan - Agricultural Import and Export","url":"https:\/\/nghiepxuan.com\/vi\/","logo":{"@type":"ImageObject","inLanguage":"vi-VN","@id":"https:\/\/nghiepxuan.com\/vi\/#\/schema\/logo\/image\/","url":"https:\/\/nghiepxuan.com\/wp-content\/uploads\/2025\/04\/Nghiep-Xuan-Logo-4.png","contentUrl":"https:\/\/nghiepxuan.com\/wp-content\/uploads\/2025\/04\/Nghiep-Xuan-Logo-4.png","width":4167,"height":1015,"caption":"Nghiep Xuan - Agricultural Import and Export"},"image":{"@id":"https:\/\/nghiepxuan.com\/vi\/#\/schema\/logo\/image\/"},"sameAs":["https:\/\/www.facebook.com\/nongsannghiepxuan\/","https:\/\/x.com\/PhuTonBui","https:\/\/www.instagram.com\/xuatnhapkhaunghiepxuan\/","https:\/\/www.youtube.com\/@nongsannghiepxuan2066","https:\/\/www.tiktok.com\/@nghiepxuan"]}]}},"_links":{"self":[{"href":"https:\/\/nghiepxuan.com\/vi\/wp-json\/wp\/v2\/product\/8828","targetHints":{"allow":["GET"]}}],"collection":[{"href":"https:\/\/nghiepxuan.com\/vi\/wp-json\/wp\/v2\/product"}],"about":[{"href":"https:\/\/nghiepxuan.com\/vi\/wp-json\/wp\/v2\/types\/product"}],"replies":[{"embeddable":true,"href":"https:\/\/nghiepxuan.com\/vi\/wp-json\/wp\/v2\/comments?post=8828"}],"version-history":[{"count":0,"href":"https:\/\/nghiepxuan.com\/vi\/wp-json\/wp\/v2\/product\/8828\/revisions"}],"wp:featuredmedia":[{"embeddable":true,"href":"https:\/\/nghiepxuan.com\/vi\/wp-json\/wp\/v2\/media\/8782"}],"wp:attachment":[{"href":"https:\/\/nghiepxuan.com\/vi\/wp-json\/wp\/v2\/media?parent=8828"}],"wp:term":[{"taxonomy":"product_brand","embeddable":true,"href":"https:\/\/nghiepxuan.com\/vi\/wp-json\/wp\/v2\/product_brand?post=8828"},{"taxonomy":"product_cat","embeddable":true,"href":"https:\/\/nghiepxuan.com\/vi\/wp-json\/wp\/v2\/product_cat?post=8828"},{"taxonomy":"product_tag","embeddable":true,"href":"https:\/\/nghiepxuan.com\/vi\/wp-json\/wp\/v2\/product_tag?post=8828"}],"curies":[{"name":"wp","href":"https:\/\/api.w.org\/{rel}","templated":true}]}}