{"id":8703,"date":"2025-04-12T02:58:14","date_gmt":"2025-04-12T02:58:14","guid":{"rendered":"https:\/\/nghiepxuan.com\/product\/mit-dong-lanh-cao-cap-100-tu-nhien-san-sang-de-an\/"},"modified":"2025-04-12T02:02:14","modified_gmt":"2025-04-12T02:02:14","slug":"mit-dong-lanh-cao-cap-100-tu-nhien-san-sang-de-an","status":"publish","type":"product","link":"https:\/\/nghiepxuan.com\/vi\/product\/mit-dong-lanh-cao-cap-100-tu-nhien-san-sang-de-an\/","title":{"rendered":"M\u00edt \u0111\u00f4ng l\u1ea1nh cao c\u1ea5p \u2013 100% t\u1ef1 nhi\u00ean &amp; S\u1eb5n s\u00e0ng \u0111\u1ec3 \u0103n"},"content":{"rendered":"<p class=\"\" data-start=\"169\" data-end=\"472\">Th\u01b0\u1edfng th\u1ee9c v\u1ecb ng\u1ecdt nhi\u1ec7t \u0111\u1edbi c\u1ee7a m\u00edt ch\u00edn quanh n\u0103m v\u1edbi <strong data-start=\"270\" data-end=\"298\">M\u00edt \u0111\u00f4ng l\u1ea1nh cao c\u1ea5p<\/strong> c\u1ee7a ch\u00fang t\u00f4i. \u0110\u01b0\u1ee3c thu ho\u1ea1ch khi ch\u00edn nh\u1ea5t v\u00e0 \u0111\u00f4ng l\u1ea1nh nhanh \u0111\u1ec3 gi\u1eef nguy\u00ean \u0111\u1ed9 t\u01b0\u01a1i, h\u01b0\u01a1ng v\u1ecb v\u00e0 ch\u1ea5t dinh d\u01b0\u1ee1ng, m\u00edt c\u1ee7a ch\u00fang t\u00f4i l\u00e0 m\u00f3n \u0103n nh\u1eb9 t\u1ef1 nhi\u00ean ho\u00e0n h\u1ea3o ho\u1eb7c l\u00e0 nguy\u00ean li\u1ec7u cho c\u00f4ng th\u1ee9c n\u1ea5u \u0103n y\u00eau th\u00edch c\u1ee7a b\u1ea1n. <\/p>\n<p class=\"\" data-start=\"474\" data-end=\"809\">\u2705 <strong data-start=\"476\" data-end=\"492\">100% t\u1ef1 nhi\u00ean<\/strong> \u2013 Kh\u00f4ng th\u00eam \u0111\u01b0\u1eddng, ch\u1ea5t b\u1ea3o qu\u1ea3n ho\u1eb7c m\u00e0u nh\u00e2n t\u1ea1o.<br data-start=\"547\" data-end=\"550\"> \u2705 <strong data-start=\"552\" data-end=\"581\">Ti\u1ec7n l\u1ee3i &amp; S\u1eb5n s\u00e0ng s\u1eed d\u1ee5ng<\/strong> \u2013 C\u1eaft s\u1eb5n v\u00e0 \u0111\u00f4ng l\u1ea1nh \u0111\u1ec3 s\u1eed d\u1ee5ng nhanh trong sinh t\u1ed1, m\u00f3n tr\u00e1ng mi\u1ec7ng v\u00e0 c\u00e1c m\u00f3n \u0103n m\u1eb7n.<br data-start=\"659\" data-end=\"662\"> \u2705 <strong data-start=\"664\" data-end=\"692\">Gi\u00e0u ch\u1ea5t x\u01a1 v\u00e0 vitamin<\/strong> \u2013 M\u1ed9t l\u1ef1a ch\u1ecdn l\u00e0nh m\u1ea1nh c\u00f3 ngu\u1ed3n g\u1ed1c th\u1ef1c v\u1eadt, gi\u00e0u vitamin C, kali v\u00e0 ch\u1ea5t ch\u1ed1ng oxy h\u00f3a.<br data-start=\"772\" data-end=\"775\"> \u2705 <strong data-start=\"777\" data-end=\"809\" data-is-only-node=\"\">Th\u00e2n thi\u1ec7n v\u1edbi ng\u01b0\u1eddi \u0103n chay v\u00e0 kh\u00f4ng ch\u1ee9a gluten<\/strong><\/p>\n<p class=\"\" data-start=\"811\" data-end=\"1034\">Cho d\u00f9 b\u1ea1n xay n\u00f3 th\u00e0nh sinh t\u1ed1 nhi\u1ec7t \u0111\u1edbi, tr\u1ed9n v\u00e0o kem hay ch\u1ebf bi\u1ebfn th\u00e0nh m\u00f3n \u0103n chay m\u1eb7n, <strong data-start=\"934\" data-end=\"954\">M\u00edt \u0111\u00f4ng l\u1ea1nh<\/strong> c\u1ee7a ch\u00fang t\u00f4i s\u1ebd mang h\u01b0\u01a1ng v\u1ecb v\u00e0 dinh d\u01b0\u1ee1ng \u0111\u00edch th\u1ef1c t\u1eeb v\u00f9ng nhi\u1ec7t \u0111\u1edbi \u0111\u1ebfn t\u1eadn c\u0103n b\u1ebfp c\u1ee7a b\u1ea1n.<\/p>\n","protected":false},"excerpt":{"rendered":"<p><strong data-start=\"191\" data-end=\"211\">M\u00edt \u0111\u00f4ng l\u1ea1nh<\/strong> ngon v\u00e0 b\u1ed5 d\u01b0\u1ee1ng \u0111\u01b0\u1ee3c l\u00e0m t\u1eeb 100% tr\u00e1i c\u00e2y ch\u00edn t\u1ef1 nhi\u00ean. Ho\u00e0n h\u1ea3o cho sinh t\u1ed1, m\u00f3n tr\u00e1ng mi\u1ec7ng ho\u1eb7c n\u1ea5u \u0103n. Kh\u00f4ng th\u00eam \u0111\u01b0\u1eddng ho\u1eb7c ch\u1ea5t b\u1ea3o qu\u1ea3n. Thu\u1ea7n chay v\u00e0 kh\u00f4ng ch\u1ee9a gluten.   <\/p>\n","protected":false},"featured_media":8660,"comment_status":"open","ping_status":"closed","template":"","meta":{"content-type":""},"product_brand":[],"product_cat":[425],"product_tag":[],"class_list":{"0":"post-8703","1":"product","2":"type-product","3":"status-publish","4":"has-post-thumbnail","6":"product_cat-frozen","8":"first","9":"instock","10":"sale","11":"shipping-taxable","12":"purchasable","13":"product-type-variable","14":"has-default-attributes"},"yoast_head":"<!-- This site is optimized with the Yoast SEO plugin v26.9 - https:\/\/yoast.com\/product\/yoast-seo-wordpress\/ -->\n<title>M\u00edt \u0111\u00f4ng l\u1ea1nh cao c\u1ea5p \u2013 100% t\u1ef1 nhi\u00ean &amp; S\u1eb5n s\u00e0ng \u0111\u1ec3 \u0103n - Nghi\u1ec7p Xu\u00e2n - Xu\u1ea5t Nh\u1eadp Kh\u1ea9u N\u00f4ng S\u1ea3n<\/title>\n<meta name=\"robots\" content=\"index, follow, max-snippet:-1, max-image-preview:large, max-video-preview:-1\" \/>\n<link rel=\"canonical\" href=\"https:\/\/nghiepxuan.com\/vi\/product\/mit-dong-lanh-cao-cap-100-tu-nhien-san-sang-de-an\/\" \/>\n<meta property=\"og:locale\" content=\"vi_VN\" \/>\n<meta property=\"og:type\" content=\"article\" \/>\n<meta property=\"og:title\" content=\"M\u00edt \u0111\u00f4ng l\u1ea1nh cao c\u1ea5p \u2013 100% t\u1ef1 nhi\u00ean &amp; S\u1eb5n s\u00e0ng \u0111\u1ec3 \u0103n - Nghi\u1ec7p Xu\u00e2n - Xu\u1ea5t Nh\u1eadp Kh\u1ea9u N\u00f4ng S\u1ea3n\" \/>\n<meta property=\"og:description\" content=\"M\u00edt \u0111\u00f4ng l\u1ea1nh ngon v\u00e0 b\u1ed5 d\u01b0\u1ee1ng \u0111\u01b0\u1ee3c l\u00e0m t\u1eeb 100% tr\u00e1i c\u00e2y ch\u00edn t\u1ef1 nhi\u00ean. Ho\u00e0n h\u1ea3o cho sinh t\u1ed1, m\u00f3n tr\u00e1ng mi\u1ec7ng ho\u1eb7c n\u1ea5u \u0103n. Kh\u00f4ng th\u00eam \u0111\u01b0\u1eddng ho\u1eb7c ch\u1ea5t b\u1ea3o qu\u1ea3n. Thu\u1ea7n chay v\u00e0 kh\u00f4ng ch\u1ee9a gluten.\" \/>\n<meta property=\"og:url\" content=\"https:\/\/nghiepxuan.com\/vi\/product\/mit-dong-lanh-cao-cap-100-tu-nhien-san-sang-de-an\/\" \/>\n<meta property=\"og:site_name\" content=\"Nghi\u1ec7p Xu\u00e2n - Xu\u1ea5t Nh\u1eadp Kh\u1ea9u N\u00f4ng S\u1ea3n\" \/>\n<meta property=\"article:publisher\" content=\"https:\/\/www.facebook.com\/nongsannghiepxuan\/\" \/>\n<meta property=\"og:image\" content=\"https:\/\/nghiepxuan.com\/wp-content\/uploads\/2025\/04\/Frozen-Jackfruit-3-Nghiep-Xuan.jpg\" \/>\n\t<meta property=\"og:image:width\" content=\"1208\" \/>\n\t<meta property=\"og:image:height\" content=\"808\" \/>\n\t<meta property=\"og:image:type\" content=\"image\/jpeg\" \/>\n<meta name=\"twitter:card\" content=\"summary_large_image\" \/>\n<meta name=\"twitter:site\" content=\"@PhuTonBui\" \/>\n<meta name=\"twitter:label1\" content=\"Est. reading time\" \/>\n\t<meta name=\"twitter:data1\" content=\"1 minute\" \/>\n<script type=\"application\/ld+json\" class=\"yoast-schema-graph\">{\"@context\":\"https:\/\/schema.org\",\"@graph\":[{\"@type\":\"WebPage\",\"@id\":\"https:\/\/nghiepxuan.com\/vi\/product\/mit-dong-lanh-cao-cap-100-tu-nhien-san-sang-de-an\/\",\"url\":\"https:\/\/nghiepxuan.com\/vi\/product\/mit-dong-lanh-cao-cap-100-tu-nhien-san-sang-de-an\/\",\"name\":\"M\u00edt \u0111\u00f4ng l\u1ea1nh cao c\u1ea5p \u2013 100% t\u1ef1 nhi\u00ean &amp; S\u1eb5n s\u00e0ng \u0111\u1ec3 \u0103n - Nghi\u1ec7p Xu\u00e2n - Xu\u1ea5t Nh\u1eadp Kh\u1ea9u N\u00f4ng S\u1ea3n\",\"isPartOf\":{\"@id\":\"https:\/\/nghiepxuan.com\/vi\/#website\"},\"primaryImageOfPage\":{\"@id\":\"https:\/\/nghiepxuan.com\/vi\/product\/mit-dong-lanh-cao-cap-100-tu-nhien-san-sang-de-an\/#primaryimage\"},\"image\":{\"@id\":\"https:\/\/nghiepxuan.com\/vi\/product\/mit-dong-lanh-cao-cap-100-tu-nhien-san-sang-de-an\/#primaryimage\"},\"thumbnailUrl\":\"https:\/\/nghiepxuan.com\/wp-content\/uploads\/2025\/04\/Frozen-Jackfruit-3-Nghiep-Xuan.jpg\",\"datePublished\":\"2025-04-12T02:58:14+00:00\",\"breadcrumb\":{\"@id\":\"https:\/\/nghiepxuan.com\/vi\/product\/mit-dong-lanh-cao-cap-100-tu-nhien-san-sang-de-an\/#breadcrumb\"},\"inLanguage\":\"vi-VN\",\"potentialAction\":[{\"@type\":\"ReadAction\",\"target\":[\"https:\/\/nghiepxuan.com\/vi\/product\/mit-dong-lanh-cao-cap-100-tu-nhien-san-sang-de-an\/\"]}]},{\"@type\":\"ImageObject\",\"inLanguage\":\"vi-VN\",\"@id\":\"https:\/\/nghiepxuan.com\/vi\/product\/mit-dong-lanh-cao-cap-100-tu-nhien-san-sang-de-an\/#primaryimage\",\"url\":\"https:\/\/nghiepxuan.com\/wp-content\/uploads\/2025\/04\/Frozen-Jackfruit-3-Nghiep-Xuan.jpg\",\"contentUrl\":\"https:\/\/nghiepxuan.com\/wp-content\/uploads\/2025\/04\/Frozen-Jackfruit-3-Nghiep-Xuan.jpg\",\"width\":1208,\"height\":808},{\"@type\":\"BreadcrumbList\",\"@id\":\"https:\/\/nghiepxuan.com\/vi\/product\/mit-dong-lanh-cao-cap-100-tu-nhien-san-sang-de-an\/#breadcrumb\",\"itemListElement\":[{\"@type\":\"ListItem\",\"position\":1,\"name\":\"Home\",\"item\":\"https:\/\/nghiepxuan.com\/vi\/\"},{\"@type\":\"ListItem\",\"position\":2,\"name\":\"C\u1eeda h\u00e0ng\",\"item\":\"https:\/\/nghiepxuan.com\/vi\/shop\/\"},{\"@type\":\"ListItem\",\"position\":3,\"name\":\"M\u00edt \u0111\u00f4ng l\u1ea1nh cao c\u1ea5p \u2013 100% t\u1ef1 nhi\u00ean &amp; S\u1eb5n s\u00e0ng \u0111\u1ec3 \u0103n\"}]},{\"@type\":\"WebSite\",\"@id\":\"https:\/\/nghiepxuan.com\/vi\/#website\",\"url\":\"https:\/\/nghiepxuan.com\/vi\/\",\"name\":\"Nghiep Xuan - Agricultural Import and Export\",\"description\":\"Nu\u00f4i d\u01b0\u1ee1ng thi\u00ean nhi\u00ean, thu ho\u1ea1ch s\u1ee9c kh\u1ecfe: \u0110i\u1ec3m \u0111\u1ebfn l\u1ed1i s\u1ed1ng h\u1eefu c\u01a1 c\u1ee7a b\u1ea1n\",\"publisher\":{\"@id\":\"https:\/\/nghiepxuan.com\/vi\/#organization\"},\"potentialAction\":[{\"@type\":\"SearchAction\",\"target\":{\"@type\":\"EntryPoint\",\"urlTemplate\":\"https:\/\/nghiepxuan.com\/vi\/?s={search_term_string}\"},\"query-input\":{\"@type\":\"PropertyValueSpecification\",\"valueRequired\":true,\"valueName\":\"search_term_string\"}}],\"inLanguage\":\"vi-VN\"},{\"@type\":\"Organization\",\"@id\":\"https:\/\/nghiepxuan.com\/vi\/#organization\",\"name\":\"Nghiep Xuan - Agricultural Import and Export\",\"url\":\"https:\/\/nghiepxuan.com\/vi\/\",\"logo\":{\"@type\":\"ImageObject\",\"inLanguage\":\"vi-VN\",\"@id\":\"https:\/\/nghiepxuan.com\/vi\/#\/schema\/logo\/image\/\",\"url\":\"https:\/\/nghiepxuan.com\/wp-content\/uploads\/2025\/04\/Nghiep-Xuan-Logo-4.png\",\"contentUrl\":\"https:\/\/nghiepxuan.com\/wp-content\/uploads\/2025\/04\/Nghiep-Xuan-Logo-4.png\",\"width\":4167,\"height\":1015,\"caption\":\"Nghiep Xuan - Agricultural Import and Export\"},\"image\":{\"@id\":\"https:\/\/nghiepxuan.com\/vi\/#\/schema\/logo\/image\/\"},\"sameAs\":[\"https:\/\/www.facebook.com\/nongsannghiepxuan\/\",\"https:\/\/x.com\/PhuTonBui\",\"https:\/\/www.instagram.com\/xuatnhapkhaunghiepxuan\/\",\"https:\/\/www.youtube.com\/@nongsannghiepxuan2066\",\"https:\/\/www.tiktok.com\/@nghiepxuan\"]}]}<\/script>\n<!-- \/ Yoast SEO plugin. -->","yoast_head_json":{"title":"M\u00edt \u0111\u00f4ng l\u1ea1nh cao c\u1ea5p \u2013 100% t\u1ef1 nhi\u00ean &amp; S\u1eb5n s\u00e0ng \u0111\u1ec3 \u0103n - Nghi\u1ec7p Xu\u00e2n - Xu\u1ea5t Nh\u1eadp Kh\u1ea9u N\u00f4ng S\u1ea3n","robots":{"index":"index","follow":"follow","max-snippet":"max-snippet:-1","max-image-preview":"max-image-preview:large","max-video-preview":"max-video-preview:-1"},"canonical":"https:\/\/nghiepxuan.com\/vi\/product\/mit-dong-lanh-cao-cap-100-tu-nhien-san-sang-de-an\/","og_locale":"vi_VN","og_type":"article","og_title":"M\u00edt \u0111\u00f4ng l\u1ea1nh cao c\u1ea5p \u2013 100% t\u1ef1 nhi\u00ean &amp; S\u1eb5n s\u00e0ng \u0111\u1ec3 \u0103n - Nghi\u1ec7p Xu\u00e2n - Xu\u1ea5t Nh\u1eadp Kh\u1ea9u N\u00f4ng S\u1ea3n","og_description":"M\u00edt \u0111\u00f4ng l\u1ea1nh ngon v\u00e0 b\u1ed5 d\u01b0\u1ee1ng \u0111\u01b0\u1ee3c l\u00e0m t\u1eeb 100% tr\u00e1i c\u00e2y ch\u00edn t\u1ef1 nhi\u00ean. Ho\u00e0n h\u1ea3o cho sinh t\u1ed1, m\u00f3n tr\u00e1ng mi\u1ec7ng ho\u1eb7c n\u1ea5u \u0103n. Kh\u00f4ng th\u00eam \u0111\u01b0\u1eddng ho\u1eb7c ch\u1ea5t b\u1ea3o qu\u1ea3n. Thu\u1ea7n chay v\u00e0 kh\u00f4ng ch\u1ee9a gluten.","og_url":"https:\/\/nghiepxuan.com\/vi\/product\/mit-dong-lanh-cao-cap-100-tu-nhien-san-sang-de-an\/","og_site_name":"Nghi\u1ec7p Xu\u00e2n - Xu\u1ea5t Nh\u1eadp Kh\u1ea9u N\u00f4ng S\u1ea3n","article_publisher":"https:\/\/www.facebook.com\/nongsannghiepxuan\/","og_image":[{"width":1208,"height":808,"url":"https:\/\/nghiepxuan.com\/wp-content\/uploads\/2025\/04\/Frozen-Jackfruit-3-Nghiep-Xuan.jpg","type":"image\/jpeg"}],"twitter_card":"summary_large_image","twitter_site":"@PhuTonBui","twitter_misc":{"Est. reading time":"1 minute"},"schema":{"@context":"https:\/\/schema.org","@graph":[{"@type":"WebPage","@id":"https:\/\/nghiepxuan.com\/vi\/product\/mit-dong-lanh-cao-cap-100-tu-nhien-san-sang-de-an\/","url":"https:\/\/nghiepxuan.com\/vi\/product\/mit-dong-lanh-cao-cap-100-tu-nhien-san-sang-de-an\/","name":"M\u00edt \u0111\u00f4ng l\u1ea1nh cao c\u1ea5p \u2013 100% t\u1ef1 nhi\u00ean &amp; S\u1eb5n s\u00e0ng \u0111\u1ec3 \u0103n - Nghi\u1ec7p Xu\u00e2n - Xu\u1ea5t Nh\u1eadp Kh\u1ea9u N\u00f4ng S\u1ea3n","isPartOf":{"@id":"https:\/\/nghiepxuan.com\/vi\/#website"},"primaryImageOfPage":{"@id":"https:\/\/nghiepxuan.com\/vi\/product\/mit-dong-lanh-cao-cap-100-tu-nhien-san-sang-de-an\/#primaryimage"},"image":{"@id":"https:\/\/nghiepxuan.com\/vi\/product\/mit-dong-lanh-cao-cap-100-tu-nhien-san-sang-de-an\/#primaryimage"},"thumbnailUrl":"https:\/\/nghiepxuan.com\/wp-content\/uploads\/2025\/04\/Frozen-Jackfruit-3-Nghiep-Xuan.jpg","datePublished":"2025-04-12T02:58:14+00:00","breadcrumb":{"@id":"https:\/\/nghiepxuan.com\/vi\/product\/mit-dong-lanh-cao-cap-100-tu-nhien-san-sang-de-an\/#breadcrumb"},"inLanguage":"vi-VN","potentialAction":[{"@type":"ReadAction","target":["https:\/\/nghiepxuan.com\/vi\/product\/mit-dong-lanh-cao-cap-100-tu-nhien-san-sang-de-an\/"]}]},{"@type":"ImageObject","inLanguage":"vi-VN","@id":"https:\/\/nghiepxuan.com\/vi\/product\/mit-dong-lanh-cao-cap-100-tu-nhien-san-sang-de-an\/#primaryimage","url":"https:\/\/nghiepxuan.com\/wp-content\/uploads\/2025\/04\/Frozen-Jackfruit-3-Nghiep-Xuan.jpg","contentUrl":"https:\/\/nghiepxuan.com\/wp-content\/uploads\/2025\/04\/Frozen-Jackfruit-3-Nghiep-Xuan.jpg","width":1208,"height":808},{"@type":"BreadcrumbList","@id":"https:\/\/nghiepxuan.com\/vi\/product\/mit-dong-lanh-cao-cap-100-tu-nhien-san-sang-de-an\/#breadcrumb","itemListElement":[{"@type":"ListItem","position":1,"name":"Home","item":"https:\/\/nghiepxuan.com\/vi\/"},{"@type":"ListItem","position":2,"name":"C\u1eeda h\u00e0ng","item":"https:\/\/nghiepxuan.com\/vi\/shop\/"},{"@type":"ListItem","position":3,"name":"M\u00edt \u0111\u00f4ng l\u1ea1nh cao c\u1ea5p \u2013 100% t\u1ef1 nhi\u00ean &amp; S\u1eb5n s\u00e0ng \u0111\u1ec3 \u0103n"}]},{"@type":"WebSite","@id":"https:\/\/nghiepxuan.com\/vi\/#website","url":"https:\/\/nghiepxuan.com\/vi\/","name":"Nghiep Xuan - Agricultural Import and Export","description":"Nu\u00f4i d\u01b0\u1ee1ng thi\u00ean nhi\u00ean, thu ho\u1ea1ch s\u1ee9c kh\u1ecfe: \u0110i\u1ec3m \u0111\u1ebfn l\u1ed1i s\u1ed1ng h\u1eefu c\u01a1 c\u1ee7a b\u1ea1n","publisher":{"@id":"https:\/\/nghiepxuan.com\/vi\/#organization"},"potentialAction":[{"@type":"SearchAction","target":{"@type":"EntryPoint","urlTemplate":"https:\/\/nghiepxuan.com\/vi\/?s={search_term_string}"},"query-input":{"@type":"PropertyValueSpecification","valueRequired":true,"valueName":"search_term_string"}}],"inLanguage":"vi-VN"},{"@type":"Organization","@id":"https:\/\/nghiepxuan.com\/vi\/#organization","name":"Nghiep Xuan - Agricultural Import and Export","url":"https:\/\/nghiepxuan.com\/vi\/","logo":{"@type":"ImageObject","inLanguage":"vi-VN","@id":"https:\/\/nghiepxuan.com\/vi\/#\/schema\/logo\/image\/","url":"https:\/\/nghiepxuan.com\/wp-content\/uploads\/2025\/04\/Nghiep-Xuan-Logo-4.png","contentUrl":"https:\/\/nghiepxuan.com\/wp-content\/uploads\/2025\/04\/Nghiep-Xuan-Logo-4.png","width":4167,"height":1015,"caption":"Nghiep Xuan - Agricultural Import and Export"},"image":{"@id":"https:\/\/nghiepxuan.com\/vi\/#\/schema\/logo\/image\/"},"sameAs":["https:\/\/www.facebook.com\/nongsannghiepxuan\/","https:\/\/x.com\/PhuTonBui","https:\/\/www.instagram.com\/xuatnhapkhaunghiepxuan\/","https:\/\/www.youtube.com\/@nongsannghiepxuan2066","https:\/\/www.tiktok.com\/@nghiepxuan"]}]}},"_links":{"self":[{"href":"https:\/\/nghiepxuan.com\/vi\/wp-json\/wp\/v2\/product\/8703","targetHints":{"allow":["GET"]}}],"collection":[{"href":"https:\/\/nghiepxuan.com\/vi\/wp-json\/wp\/v2\/product"}],"about":[{"href":"https:\/\/nghiepxuan.com\/vi\/wp-json\/wp\/v2\/types\/product"}],"replies":[{"embeddable":true,"href":"https:\/\/nghiepxuan.com\/vi\/wp-json\/wp\/v2\/comments?post=8703"}],"version-history":[{"count":0,"href":"https:\/\/nghiepxuan.com\/vi\/wp-json\/wp\/v2\/product\/8703\/revisions"}],"wp:featuredmedia":[{"embeddable":true,"href":"https:\/\/nghiepxuan.com\/vi\/wp-json\/wp\/v2\/media\/8660"}],"wp:attachment":[{"href":"https:\/\/nghiepxuan.com\/vi\/wp-json\/wp\/v2\/media?parent=8703"}],"wp:term":[{"taxonomy":"product_brand","embeddable":true,"href":"https:\/\/nghiepxuan.com\/vi\/wp-json\/wp\/v2\/product_brand?post=8703"},{"taxonomy":"product_cat","embeddable":true,"href":"https:\/\/nghiepxuan.com\/vi\/wp-json\/wp\/v2\/product_cat?post=8703"},{"taxonomy":"product_tag","embeddable":true,"href":"https:\/\/nghiepxuan.com\/vi\/wp-json\/wp\/v2\/product_tag?post=8703"}],"curies":[{"name":"wp","href":"https:\/\/api.w.org\/{rel}","templated":true}]}}