{"id":8640,"date":"2025-04-12T01:44:42","date_gmt":"2025-04-12T01:44:42","guid":{"rendered":"https:\/\/nghiepxuan.com\/product\/san-dong-lanh-cao-cap-san-sang-de-nau\/"},"modified":"2025-04-12T01:44:42","modified_gmt":"2025-04-12T01:44:42","slug":"san-dong-lanh-cao-cap-san-sang-de-nau","status":"publish","type":"product","link":"https:\/\/nghiepxuan.com\/vi\/product\/san-dong-lanh-cao-cap-san-sang-de-nau\/","title":{"rendered":"S\u1eafn \u0111\u00f4ng l\u1ea1nh cao c\u1ea5p \u2013 S\u1eb5n s\u00e0ng \u0111\u1ec3 n\u1ea5u"},"content":{"rendered":"<p class=\"\" data-start=\"188\" data-end=\"448\">Th\u01b0\u1edfng th\u1ee9c h\u01b0\u01a1ng v\u1ecb \u0111\u00edch th\u1ef1c c\u1ee7a thi\u00ean nhi\u00ean v\u1edbi <strong data-start=\"263\" data-end=\"289\">S\u1eafn \u0111\u00f4ng l\u1ea1nh cao c\u1ea5p<\/strong> c\u1ee7a ch\u00fang t\u00f4i. \u0110\u01b0\u1ee3c l\u1ef1a ch\u1ecdn c\u1ea9n th\u1eadn t\u1eeb nh\u1eefng c\u1ee7 t\u1ed1t nh\u1ea5t, s\u1eafn c\u1ee7a ch\u00fang t\u00f4i \u0111\u01b0\u1ee3c g\u1ecdt v\u1ecf, r\u1eeda s\u1ea1ch v\u00e0 \u0111\u00f4ng l\u1ea1nh nhanh \u0111\u1ec3 gi\u1eef nguy\u00ean \u0111\u1ed9 t\u01b0\u01a1i, h\u01b0\u01a1ng v\u1ecb v\u00e0 gi\u00e1 tr\u1ecb dinh d\u01b0\u1ee1ng t\u1ef1 nhi\u00ean. <\/p>\n<p class=\"\" data-start=\"450\" data-end=\"714\">L\u00fd t\u01b0\u1edfng \u0111\u1ec3 lu\u1ed9c, chi\u00ean ho\u1eb7c n\u01b0\u1edbng, th\u00e0nh ph\u1ea7n \u0111a n\u0103ng n\u00e0y ho\u00e0n h\u1ea3o cho c\u1ea3 c\u00e1c m\u00f3n \u0103n truy\u1ec1n th\u1ed1ng v\u00e0 hi\u1ec7n \u0111\u1ea1i. Cho d\u00f9 b\u1ea1n \u0111ang ch\u1ebf bi\u1ebfn khoai t\u00e2y chi\u00ean, b\u00e1nh ng\u1ecdt hay s\u00fap, khoai m\u00ec \u0111\u00f4ng l\u1ea1nh c\u1ee7a ch\u00fang t\u00f4i gi\u00fap vi\u1ec7c n\u1ea5u n\u01b0\u1edbng d\u1ec5 d\u00e0ng v\u00e0 thu\u1eadn ti\u1ec7n h\u01a1n m\u00e0 kh\u00f4ng \u1ea3nh h\u01b0\u1edfng \u0111\u1ebfn ch\u1ea5t l\u01b0\u1ee3ng. <\/p>\n<p class=\"\" data-start=\"716\" data-end=\"860\"><strong data-start=\"716\" data-end=\"734\">\u2705 100% t\u1ef1 nhi\u00ean<\/strong><br data-start=\"734\" data-end=\"737\"> <strong data-start=\"737\" data-end=\"772\">\u2705 Kh\u00f4ng c\u00f3 ch\u1ea5t b\u1ea3o qu\u1ea3n ho\u1eb7c ph\u1ee5 gia<\/strong><br data-start=\"772\" data-end=\"775\"> <strong data-start=\"775\" data-end=\"818\">\u2705 Kh\u00f4ng ch\u1ee9a gluten v\u00e0 gi\u00e0u carbohydrate<\/strong><br data-start=\"818\" data-end=\"821\"> <strong data-start=\"821\" data-end=\"860\">\u2705 D\u1ec5 n\u1ea5u \u2013 Ch\u1ec9 c\u1ea7n lu\u1ed9c ho\u1eb7c h\u1ea5p<\/strong><\/p>\n<p class=\"\" data-start=\"862\" data-end=\"994\"><strong data-start=\"862\" data-end=\"876\">Bao b\u00ec:<\/strong> H\u00fat ch\u00e2n kh\u00f4ng \u0111\u1ec3 gi\u1eef \u0111\u1ed9 t\u01b0\u01a1i ngon<br data-start=\"912\" data-end=\"915\"> <strong data-start=\"966\" data-end=\"981\">Th\u1eddi h\u1ea1n s\u1eed d\u1ee5ng:<\/strong> 12\u201318 th\u00e1ng<\/p>\n","protected":false},"excerpt":{"rendered":"<p class=\"\" data-start=\"120\" data-end=\"351\">S\u1eafn \u0111\u00f4ng l\u1ea1nh ch\u1ea5t l\u01b0\u1ee3ng cao, m\u1edbi g\u1ecdt v\u1ecf v\u00e0 \u0111\u00f4ng l\u1ea1nh nhanh \u0111\u1ec3 gi\u1eef nguy\u00ean h\u01b0\u01a1ng v\u1ecb v\u00e0 ch\u1ea5t dinh d\u01b0\u1ee1ng t\u1ef1 nhi\u00ean. Ho\u00e0n h\u1ea3o \u0111\u1ec3 lu\u1ed9c, chi\u00ean ho\u1eb7c n\u01b0\u1edbng. 100% t\u1ef1 nhi\u00ean, kh\u00f4ng ch\u1ee9a gluten v\u00e0 kh\u00f4ng ch\u1ee9a ch\u1ea5t b\u1ea3o qu\u1ea3n.  <\/p>\n","protected":false},"featured_media":8608,"comment_status":"open","ping_status":"closed","template":"","meta":{"content-type":""},"product_brand":[],"product_cat":[425],"product_tag":[],"class_list":{"0":"post-8640","1":"product","2":"type-product","3":"status-publish","4":"has-post-thumbnail","6":"product_cat-frozen","8":"first","9":"instock","10":"sale","11":"shipping-taxable","12":"purchasable","13":"product-type-variable","14":"has-default-attributes"},"yoast_head":"<!-- This site is optimized with the Yoast SEO plugin v26.9 - https:\/\/yoast.com\/product\/yoast-seo-wordpress\/ -->\n<title>S\u1eafn \u0111\u00f4ng l\u1ea1nh cao c\u1ea5p \u2013 S\u1eb5n s\u00e0ng \u0111\u1ec3 n\u1ea5u - Nghi\u1ec7p Xu\u00e2n - Xu\u1ea5t Nh\u1eadp Kh\u1ea9u N\u00f4ng S\u1ea3n<\/title>\n<meta name=\"robots\" content=\"index, follow, max-snippet:-1, max-image-preview:large, max-video-preview:-1\" \/>\n<link rel=\"canonical\" href=\"https:\/\/nghiepxuan.com\/vi\/product\/san-dong-lanh-cao-cap-san-sang-de-nau\/\" \/>\n<meta property=\"og:locale\" content=\"vi_VN\" \/>\n<meta property=\"og:type\" content=\"article\" \/>\n<meta property=\"og:title\" content=\"S\u1eafn \u0111\u00f4ng l\u1ea1nh cao c\u1ea5p \u2013 S\u1eb5n s\u00e0ng \u0111\u1ec3 n\u1ea5u - Nghi\u1ec7p Xu\u00e2n - Xu\u1ea5t Nh\u1eadp Kh\u1ea9u N\u00f4ng S\u1ea3n\" \/>\n<meta property=\"og:description\" content=\"S\u1eafn \u0111\u00f4ng l\u1ea1nh ch\u1ea5t l\u01b0\u1ee3ng cao, m\u1edbi g\u1ecdt v\u1ecf v\u00e0 \u0111\u00f4ng l\u1ea1nh nhanh \u0111\u1ec3 gi\u1eef nguy\u00ean h\u01b0\u01a1ng v\u1ecb v\u00e0 ch\u1ea5t dinh d\u01b0\u1ee1ng t\u1ef1 nhi\u00ean. Ho\u00e0n h\u1ea3o \u0111\u1ec3 lu\u1ed9c, chi\u00ean ho\u1eb7c n\u01b0\u1edbng. 100% t\u1ef1 nhi\u00ean, kh\u00f4ng ch\u1ee9a gluten v\u00e0 kh\u00f4ng ch\u1ee9a ch\u1ea5t b\u1ea3o qu\u1ea3n.\" \/>\n<meta property=\"og:url\" content=\"https:\/\/nghiepxuan.com\/vi\/product\/san-dong-lanh-cao-cap-san-sang-de-nau\/\" \/>\n<meta property=\"og:site_name\" content=\"Nghi\u1ec7p Xu\u00e2n - Xu\u1ea5t Nh\u1eadp Kh\u1ea9u N\u00f4ng S\u1ea3n\" \/>\n<meta property=\"article:publisher\" content=\"https:\/\/www.facebook.com\/nongsannghiepxuan\/\" \/>\n<meta property=\"og:image\" content=\"https:\/\/nghiepxuan.com\/wp-content\/uploads\/2025\/04\/Frozen-Cassava-2-Nghiep-Xuan.jpg\" \/>\n\t<meta property=\"og:image:width\" content=\"1024\" \/>\n\t<meta property=\"og:image:height\" content=\"768\" \/>\n\t<meta property=\"og:image:type\" content=\"image\/jpeg\" \/>\n<meta name=\"twitter:card\" content=\"summary_large_image\" \/>\n<meta name=\"twitter:site\" content=\"@PhuTonBui\" \/>\n<meta name=\"twitter:label1\" content=\"Est. reading time\" \/>\n\t<meta name=\"twitter:data1\" content=\"1 minute\" \/>\n<script type=\"application\/ld+json\" class=\"yoast-schema-graph\">{\"@context\":\"https:\/\/schema.org\",\"@graph\":[{\"@type\":\"WebPage\",\"@id\":\"https:\/\/nghiepxuan.com\/vi\/product\/san-dong-lanh-cao-cap-san-sang-de-nau\/\",\"url\":\"https:\/\/nghiepxuan.com\/vi\/product\/san-dong-lanh-cao-cap-san-sang-de-nau\/\",\"name\":\"S\u1eafn \u0111\u00f4ng l\u1ea1nh cao c\u1ea5p \u2013 S\u1eb5n s\u00e0ng \u0111\u1ec3 n\u1ea5u - Nghi\u1ec7p Xu\u00e2n - Xu\u1ea5t Nh\u1eadp Kh\u1ea9u N\u00f4ng S\u1ea3n\",\"isPartOf\":{\"@id\":\"https:\/\/nghiepxuan.com\/vi\/#website\"},\"primaryImageOfPage\":{\"@id\":\"https:\/\/nghiepxuan.com\/vi\/product\/san-dong-lanh-cao-cap-san-sang-de-nau\/#primaryimage\"},\"image\":{\"@id\":\"https:\/\/nghiepxuan.com\/vi\/product\/san-dong-lanh-cao-cap-san-sang-de-nau\/#primaryimage\"},\"thumbnailUrl\":\"https:\/\/nghiepxuan.com\/wp-content\/uploads\/2025\/04\/Frozen-Cassava-2-Nghiep-Xuan.jpg\",\"datePublished\":\"2025-04-12T01:44:42+00:00\",\"breadcrumb\":{\"@id\":\"https:\/\/nghiepxuan.com\/vi\/product\/san-dong-lanh-cao-cap-san-sang-de-nau\/#breadcrumb\"},\"inLanguage\":\"vi-VN\",\"potentialAction\":[{\"@type\":\"ReadAction\",\"target\":[\"https:\/\/nghiepxuan.com\/vi\/product\/san-dong-lanh-cao-cap-san-sang-de-nau\/\"]}]},{\"@type\":\"ImageObject\",\"inLanguage\":\"vi-VN\",\"@id\":\"https:\/\/nghiepxuan.com\/vi\/product\/san-dong-lanh-cao-cap-san-sang-de-nau\/#primaryimage\",\"url\":\"https:\/\/nghiepxuan.com\/wp-content\/uploads\/2025\/04\/Frozen-Cassava-2-Nghiep-Xuan.jpg\",\"contentUrl\":\"https:\/\/nghiepxuan.com\/wp-content\/uploads\/2025\/04\/Frozen-Cassava-2-Nghiep-Xuan.jpg\",\"width\":1024,\"height\":768},{\"@type\":\"BreadcrumbList\",\"@id\":\"https:\/\/nghiepxuan.com\/vi\/product\/san-dong-lanh-cao-cap-san-sang-de-nau\/#breadcrumb\",\"itemListElement\":[{\"@type\":\"ListItem\",\"position\":1,\"name\":\"Home\",\"item\":\"https:\/\/nghiepxuan.com\/vi\/\"},{\"@type\":\"ListItem\",\"position\":2,\"name\":\"C\u1eeda h\u00e0ng\",\"item\":\"https:\/\/nghiepxuan.com\/vi\/shop\/\"},{\"@type\":\"ListItem\",\"position\":3,\"name\":\"S\u1eafn \u0111\u00f4ng l\u1ea1nh cao c\u1ea5p \u2013 S\u1eb5n s\u00e0ng \u0111\u1ec3 n\u1ea5u\"}]},{\"@type\":\"WebSite\",\"@id\":\"https:\/\/nghiepxuan.com\/vi\/#website\",\"url\":\"https:\/\/nghiepxuan.com\/vi\/\",\"name\":\"Nghiep Xuan - Agricultural Import and Export\",\"description\":\"Nu\u00f4i d\u01b0\u1ee1ng thi\u00ean nhi\u00ean, thu ho\u1ea1ch s\u1ee9c kh\u1ecfe: \u0110i\u1ec3m \u0111\u1ebfn l\u1ed1i s\u1ed1ng h\u1eefu c\u01a1 c\u1ee7a b\u1ea1n\",\"publisher\":{\"@id\":\"https:\/\/nghiepxuan.com\/vi\/#organization\"},\"potentialAction\":[{\"@type\":\"SearchAction\",\"target\":{\"@type\":\"EntryPoint\",\"urlTemplate\":\"https:\/\/nghiepxuan.com\/vi\/?s={search_term_string}\"},\"query-input\":{\"@type\":\"PropertyValueSpecification\",\"valueRequired\":true,\"valueName\":\"search_term_string\"}}],\"inLanguage\":\"vi-VN\"},{\"@type\":\"Organization\",\"@id\":\"https:\/\/nghiepxuan.com\/vi\/#organization\",\"name\":\"Nghiep Xuan - Agricultural Import and Export\",\"url\":\"https:\/\/nghiepxuan.com\/vi\/\",\"logo\":{\"@type\":\"ImageObject\",\"inLanguage\":\"vi-VN\",\"@id\":\"https:\/\/nghiepxuan.com\/vi\/#\/schema\/logo\/image\/\",\"url\":\"https:\/\/nghiepxuan.com\/wp-content\/uploads\/2025\/04\/Nghiep-Xuan-Logo-4.png\",\"contentUrl\":\"https:\/\/nghiepxuan.com\/wp-content\/uploads\/2025\/04\/Nghiep-Xuan-Logo-4.png\",\"width\":4167,\"height\":1015,\"caption\":\"Nghiep Xuan - Agricultural Import and Export\"},\"image\":{\"@id\":\"https:\/\/nghiepxuan.com\/vi\/#\/schema\/logo\/image\/\"},\"sameAs\":[\"https:\/\/www.facebook.com\/nongsannghiepxuan\/\",\"https:\/\/x.com\/PhuTonBui\",\"https:\/\/www.instagram.com\/xuatnhapkhaunghiepxuan\/\",\"https:\/\/www.youtube.com\/@nongsannghiepxuan2066\",\"https:\/\/www.tiktok.com\/@nghiepxuan\"]}]}<\/script>\n<!-- \/ Yoast SEO plugin. -->","yoast_head_json":{"title":"S\u1eafn \u0111\u00f4ng l\u1ea1nh cao c\u1ea5p \u2013 S\u1eb5n s\u00e0ng \u0111\u1ec3 n\u1ea5u - Nghi\u1ec7p Xu\u00e2n - Xu\u1ea5t Nh\u1eadp Kh\u1ea9u N\u00f4ng S\u1ea3n","robots":{"index":"index","follow":"follow","max-snippet":"max-snippet:-1","max-image-preview":"max-image-preview:large","max-video-preview":"max-video-preview:-1"},"canonical":"https:\/\/nghiepxuan.com\/vi\/product\/san-dong-lanh-cao-cap-san-sang-de-nau\/","og_locale":"vi_VN","og_type":"article","og_title":"S\u1eafn \u0111\u00f4ng l\u1ea1nh cao c\u1ea5p \u2013 S\u1eb5n s\u00e0ng \u0111\u1ec3 n\u1ea5u - Nghi\u1ec7p Xu\u00e2n - Xu\u1ea5t Nh\u1eadp Kh\u1ea9u N\u00f4ng S\u1ea3n","og_description":"S\u1eafn \u0111\u00f4ng l\u1ea1nh ch\u1ea5t l\u01b0\u1ee3ng cao, m\u1edbi g\u1ecdt v\u1ecf v\u00e0 \u0111\u00f4ng l\u1ea1nh nhanh \u0111\u1ec3 gi\u1eef nguy\u00ean h\u01b0\u01a1ng v\u1ecb v\u00e0 ch\u1ea5t dinh d\u01b0\u1ee1ng t\u1ef1 nhi\u00ean. Ho\u00e0n h\u1ea3o \u0111\u1ec3 lu\u1ed9c, chi\u00ean ho\u1eb7c n\u01b0\u1edbng. 100% t\u1ef1 nhi\u00ean, kh\u00f4ng ch\u1ee9a gluten v\u00e0 kh\u00f4ng ch\u1ee9a ch\u1ea5t b\u1ea3o qu\u1ea3n.","og_url":"https:\/\/nghiepxuan.com\/vi\/product\/san-dong-lanh-cao-cap-san-sang-de-nau\/","og_site_name":"Nghi\u1ec7p Xu\u00e2n - Xu\u1ea5t Nh\u1eadp Kh\u1ea9u N\u00f4ng S\u1ea3n","article_publisher":"https:\/\/www.facebook.com\/nongsannghiepxuan\/","og_image":[{"width":1024,"height":768,"url":"https:\/\/nghiepxuan.com\/wp-content\/uploads\/2025\/04\/Frozen-Cassava-2-Nghiep-Xuan.jpg","type":"image\/jpeg"}],"twitter_card":"summary_large_image","twitter_site":"@PhuTonBui","twitter_misc":{"Est. reading time":"1 minute"},"schema":{"@context":"https:\/\/schema.org","@graph":[{"@type":"WebPage","@id":"https:\/\/nghiepxuan.com\/vi\/product\/san-dong-lanh-cao-cap-san-sang-de-nau\/","url":"https:\/\/nghiepxuan.com\/vi\/product\/san-dong-lanh-cao-cap-san-sang-de-nau\/","name":"S\u1eafn \u0111\u00f4ng l\u1ea1nh cao c\u1ea5p \u2013 S\u1eb5n s\u00e0ng \u0111\u1ec3 n\u1ea5u - Nghi\u1ec7p Xu\u00e2n - Xu\u1ea5t Nh\u1eadp Kh\u1ea9u N\u00f4ng S\u1ea3n","isPartOf":{"@id":"https:\/\/nghiepxuan.com\/vi\/#website"},"primaryImageOfPage":{"@id":"https:\/\/nghiepxuan.com\/vi\/product\/san-dong-lanh-cao-cap-san-sang-de-nau\/#primaryimage"},"image":{"@id":"https:\/\/nghiepxuan.com\/vi\/product\/san-dong-lanh-cao-cap-san-sang-de-nau\/#primaryimage"},"thumbnailUrl":"https:\/\/nghiepxuan.com\/wp-content\/uploads\/2025\/04\/Frozen-Cassava-2-Nghiep-Xuan.jpg","datePublished":"2025-04-12T01:44:42+00:00","breadcrumb":{"@id":"https:\/\/nghiepxuan.com\/vi\/product\/san-dong-lanh-cao-cap-san-sang-de-nau\/#breadcrumb"},"inLanguage":"vi-VN","potentialAction":[{"@type":"ReadAction","target":["https:\/\/nghiepxuan.com\/vi\/product\/san-dong-lanh-cao-cap-san-sang-de-nau\/"]}]},{"@type":"ImageObject","inLanguage":"vi-VN","@id":"https:\/\/nghiepxuan.com\/vi\/product\/san-dong-lanh-cao-cap-san-sang-de-nau\/#primaryimage","url":"https:\/\/nghiepxuan.com\/wp-content\/uploads\/2025\/04\/Frozen-Cassava-2-Nghiep-Xuan.jpg","contentUrl":"https:\/\/nghiepxuan.com\/wp-content\/uploads\/2025\/04\/Frozen-Cassava-2-Nghiep-Xuan.jpg","width":1024,"height":768},{"@type":"BreadcrumbList","@id":"https:\/\/nghiepxuan.com\/vi\/product\/san-dong-lanh-cao-cap-san-sang-de-nau\/#breadcrumb","itemListElement":[{"@type":"ListItem","position":1,"name":"Home","item":"https:\/\/nghiepxuan.com\/vi\/"},{"@type":"ListItem","position":2,"name":"C\u1eeda h\u00e0ng","item":"https:\/\/nghiepxuan.com\/vi\/shop\/"},{"@type":"ListItem","position":3,"name":"S\u1eafn \u0111\u00f4ng l\u1ea1nh cao c\u1ea5p \u2013 S\u1eb5n s\u00e0ng \u0111\u1ec3 n\u1ea5u"}]},{"@type":"WebSite","@id":"https:\/\/nghiepxuan.com\/vi\/#website","url":"https:\/\/nghiepxuan.com\/vi\/","name":"Nghiep Xuan - Agricultural Import and Export","description":"Nu\u00f4i d\u01b0\u1ee1ng thi\u00ean nhi\u00ean, thu ho\u1ea1ch s\u1ee9c kh\u1ecfe: \u0110i\u1ec3m \u0111\u1ebfn l\u1ed1i s\u1ed1ng h\u1eefu c\u01a1 c\u1ee7a b\u1ea1n","publisher":{"@id":"https:\/\/nghiepxuan.com\/vi\/#organization"},"potentialAction":[{"@type":"SearchAction","target":{"@type":"EntryPoint","urlTemplate":"https:\/\/nghiepxuan.com\/vi\/?s={search_term_string}"},"query-input":{"@type":"PropertyValueSpecification","valueRequired":true,"valueName":"search_term_string"}}],"inLanguage":"vi-VN"},{"@type":"Organization","@id":"https:\/\/nghiepxuan.com\/vi\/#organization","name":"Nghiep Xuan - Agricultural Import and Export","url":"https:\/\/nghiepxuan.com\/vi\/","logo":{"@type":"ImageObject","inLanguage":"vi-VN","@id":"https:\/\/nghiepxuan.com\/vi\/#\/schema\/logo\/image\/","url":"https:\/\/nghiepxuan.com\/wp-content\/uploads\/2025\/04\/Nghiep-Xuan-Logo-4.png","contentUrl":"https:\/\/nghiepxuan.com\/wp-content\/uploads\/2025\/04\/Nghiep-Xuan-Logo-4.png","width":4167,"height":1015,"caption":"Nghiep Xuan - Agricultural Import and Export"},"image":{"@id":"https:\/\/nghiepxuan.com\/vi\/#\/schema\/logo\/image\/"},"sameAs":["https:\/\/www.facebook.com\/nongsannghiepxuan\/","https:\/\/x.com\/PhuTonBui","https:\/\/www.instagram.com\/xuatnhapkhaunghiepxuan\/","https:\/\/www.youtube.com\/@nongsannghiepxuan2066","https:\/\/www.tiktok.com\/@nghiepxuan"]}]}},"_links":{"self":[{"href":"https:\/\/nghiepxuan.com\/vi\/wp-json\/wp\/v2\/product\/8640","targetHints":{"allow":["GET"]}}],"collection":[{"href":"https:\/\/nghiepxuan.com\/vi\/wp-json\/wp\/v2\/product"}],"about":[{"href":"https:\/\/nghiepxuan.com\/vi\/wp-json\/wp\/v2\/types\/product"}],"replies":[{"embeddable":true,"href":"https:\/\/nghiepxuan.com\/vi\/wp-json\/wp\/v2\/comments?post=8640"}],"version-history":[{"count":0,"href":"https:\/\/nghiepxuan.com\/vi\/wp-json\/wp\/v2\/product\/8640\/revisions"}],"wp:featuredmedia":[{"embeddable":true,"href":"https:\/\/nghiepxuan.com\/vi\/wp-json\/wp\/v2\/media\/8608"}],"wp:attachment":[{"href":"https:\/\/nghiepxuan.com\/vi\/wp-json\/wp\/v2\/media?parent=8640"}],"wp:term":[{"taxonomy":"product_brand","embeddable":true,"href":"https:\/\/nghiepxuan.com\/vi\/wp-json\/wp\/v2\/product_brand?post=8640"},{"taxonomy":"product_cat","embeddable":true,"href":"https:\/\/nghiepxuan.com\/vi\/wp-json\/wp\/v2\/product_cat?post=8640"},{"taxonomy":"product_tag","embeddable":true,"href":"https:\/\/nghiepxuan.com\/vi\/wp-json\/wp\/v2\/product_tag?post=8640"}],"curies":[{"name":"wp","href":"https:\/\/api.w.org\/{rel}","templated":true}]}}