{"id":8570,"date":"2025-04-12T01:27:50","date_gmt":"2025-04-12T01:27:50","guid":{"rendered":"https:\/\/nghiepxuan.com\/product\/qua-bo-dong-lanh-cao-cap-tuoi-dong-lanh-san-sang-su-dung\/"},"modified":"2025-04-12T01:27:50","modified_gmt":"2025-04-12T01:27:50","slug":"qua-bo-dong-lanh-cao-cap-tuoi-dong-lanh-san-sang-su-dung","status":"publish","type":"product","link":"https:\/\/nghiepxuan.com\/vi\/product\/qua-bo-dong-lanh-cao-cap-tuoi-dong-lanh-san-sang-su-dung\/","title":{"rendered":"Qu\u1ea3 b\u01a1 \u0111\u00f4ng l\u1ea1nh cao c\u1ea5p \u2013 T\u01b0\u01a1i \u0111\u00f4ng l\u1ea1nh &amp; S\u1eb5n s\u00e0ng s\u1eed d\u1ee5ng"},"content":{"rendered":"<p class=\"\" data-start=\"173\" data-end=\"557\">Th\u01b0\u1edfng th\u1ee9c h\u01b0\u01a1ng v\u1ecb b\u00e9o ng\u1eady, th\u01a1m ngon c\u1ee7a qu\u1ea3 b\u01a1 b\u1ea5t c\u1ee9 l\u00fac n\u00e0o v\u1edbi <strong data-start=\"261\" data-end=\"287\">B\u01a1 \u0111\u00f4ng l\u1ea1nh cao c\u1ea5p<\/strong> c\u1ee7a ch\u00fang t\u00f4i. \u0110\u01b0\u1ee3c h\u00e1i b\u1eb1ng tay khi \u0111\u1ea1t \u0111\u1ed9 ch\u00edn nh\u1ea5t, qu\u1ea3 b\u01a1 c\u1ee7a ch\u00fang t\u00f4i \u0111\u01b0\u1ee3c g\u1ecdt v\u1ecf, th\u00e1i l\u00e1t v\u00e0 \u0111\u00f4ng l\u1ea1nh c\u1ea9n th\u1eadn \u0111\u1ec3 gi\u1eef nguy\u00ean h\u01b0\u01a1ng v\u1ecb, k\u1ebft c\u1ea5u v\u00e0 ch\u1ea5t dinh d\u01b0\u1ee1ng t\u1ef1 nhi\u00ean. Ho\u00e0n h\u1ea3o cho sinh t\u1ed1, salad, guacamole v\u00e0 n\u01b0\u1edbng, l\u1ef1a ch\u1ecdn s\u1eb5n s\u00e0ng s\u1eed d\u1ee5ng n\u00e0y gi\u00fap b\u1ea1n ti\u1ebft ki\u1ec7m th\u1eddi gian m\u00e0 kh\u00f4ng \u1ea3nh h\u01b0\u1edfng \u0111\u1ebfn ch\u1ea5t l\u01b0\u1ee3ng.  <\/p>\n<p>\u2705 100% b\u01a1 Hass t\u1ef1 nhi\u00ean<\/p>\n<p>\u2705 Kh\u00f4ng th\u00eam \u0111\u01b0\u1eddng ho\u1eb7c ch\u1ea5t b\u1ea3o qu\u1ea3n<\/p>\n<p>\u2705 Ch\u1ee9a nhi\u1ec1u ch\u1ea5t b\u00e9o l\u00e0nh m\u1ea1nh v\u00e0 ch\u1ea5t x\u01a1<\/p>\n<p>\u2705 Ti\u1ec7n l\u1ee3i v\u00e0 s\u1eb5n s\u00e0ng trong v\u00e0i gi\u00e2y<\/p>\n<p>\u2705 L\u00fd t\u01b0\u1edfng cho d\u1ecbch v\u1ee5 th\u1ef1c ph\u1ea9m v\u00e0 s\u1eed d\u1ee5ng t\u1ea1i nh\u00e0<\/p>\n","protected":false},"excerpt":{"rendered":"<p>B\u01a1 \u0111\u00f4ng l\u1ea1nh cao c\u1ea5p l\u00e0m t\u1eeb b\u01a1 Hass ch\u00edn. Ho\u00e0n h\u1ea3o cho sinh t\u1ed1, guacamole, salad, v.v. 100% t\u1ef1 nhi\u00ean, kh\u00f4ng c\u00f3 ch\u1ea5t ph\u1ee5 gia \u2013 ti\u1ec7n l\u1ee3i v\u00e0 s\u1eb5n s\u00e0ng s\u1eed d\u1ee5ng.  <\/p>\n","protected":false},"featured_media":8537,"comment_status":"open","ping_status":"closed","template":"","meta":{"content-type":""},"product_brand":[],"product_cat":[425],"product_tag":[],"class_list":{"0":"post-8570","1":"product","2":"type-product","3":"status-publish","4":"has-post-thumbnail","6":"product_cat-frozen","8":"first","9":"instock","10":"sale","11":"shipping-taxable","12":"purchasable","13":"product-type-variable","14":"has-default-attributes"},"yoast_head":"<!-- This site is optimized with the Yoast SEO plugin v26.9 - https:\/\/yoast.com\/product\/yoast-seo-wordpress\/ -->\n<title>Qu\u1ea3 b\u01a1 \u0111\u00f4ng l\u1ea1nh cao c\u1ea5p \u2013 T\u01b0\u01a1i \u0111\u00f4ng l\u1ea1nh &amp; S\u1eb5n s\u00e0ng s\u1eed d\u1ee5ng - Nghi\u1ec7p Xu\u00e2n - Xu\u1ea5t Nh\u1eadp Kh\u1ea9u N\u00f4ng S\u1ea3n<\/title>\n<meta name=\"robots\" content=\"index, follow, max-snippet:-1, max-image-preview:large, max-video-preview:-1\" \/>\n<link rel=\"canonical\" href=\"https:\/\/nghiepxuan.com\/vi\/product\/qua-bo-dong-lanh-cao-cap-tuoi-dong-lanh-san-sang-su-dung\/\" \/>\n<meta property=\"og:locale\" content=\"vi_VN\" \/>\n<meta property=\"og:type\" content=\"article\" \/>\n<meta property=\"og:title\" content=\"Qu\u1ea3 b\u01a1 \u0111\u00f4ng l\u1ea1nh cao c\u1ea5p \u2013 T\u01b0\u01a1i \u0111\u00f4ng l\u1ea1nh &amp; S\u1eb5n s\u00e0ng s\u1eed d\u1ee5ng - Nghi\u1ec7p Xu\u00e2n - Xu\u1ea5t Nh\u1eadp Kh\u1ea9u N\u00f4ng S\u1ea3n\" \/>\n<meta property=\"og:description\" content=\"B\u01a1 \u0111\u00f4ng l\u1ea1nh cao c\u1ea5p l\u00e0m t\u1eeb b\u01a1 Hass ch\u00edn. Ho\u00e0n h\u1ea3o cho sinh t\u1ed1, guacamole, salad, v.v. 100% t\u1ef1 nhi\u00ean, kh\u00f4ng c\u00f3 ch\u1ea5t ph\u1ee5 gia \u2013 ti\u1ec7n l\u1ee3i v\u00e0 s\u1eb5n s\u00e0ng s\u1eed d\u1ee5ng.\" \/>\n<meta property=\"og:url\" content=\"https:\/\/nghiepxuan.com\/vi\/product\/qua-bo-dong-lanh-cao-cap-tuoi-dong-lanh-san-sang-su-dung\/\" \/>\n<meta property=\"og:site_name\" content=\"Nghi\u1ec7p Xu\u00e2n - Xu\u1ea5t Nh\u1eadp Kh\u1ea9u N\u00f4ng S\u1ea3n\" \/>\n<meta property=\"article:publisher\" content=\"https:\/\/www.facebook.com\/nongsannghiepxuan\/\" \/>\n<meta property=\"og:image\" content=\"https:\/\/nghiepxuan.com\/wp-content\/uploads\/2025\/04\/Frozen-avocado-1-Nghiep-Xuan.png\" \/>\n\t<meta property=\"og:image:width\" content=\"741\" \/>\n\t<meta property=\"og:image:height\" content=\"399\" \/>\n\t<meta property=\"og:image:type\" content=\"image\/png\" \/>\n<meta name=\"twitter:card\" content=\"summary_large_image\" \/>\n<meta name=\"twitter:site\" content=\"@PhuTonBui\" \/>\n<meta name=\"twitter:label1\" content=\"Est. reading time\" \/>\n\t<meta name=\"twitter:data1\" content=\"1 minute\" \/>\n<script type=\"application\/ld+json\" class=\"yoast-schema-graph\">{\"@context\":\"https:\/\/schema.org\",\"@graph\":[{\"@type\":\"WebPage\",\"@id\":\"https:\/\/nghiepxuan.com\/vi\/product\/qua-bo-dong-lanh-cao-cap-tuoi-dong-lanh-san-sang-su-dung\/\",\"url\":\"https:\/\/nghiepxuan.com\/vi\/product\/qua-bo-dong-lanh-cao-cap-tuoi-dong-lanh-san-sang-su-dung\/\",\"name\":\"Qu\u1ea3 b\u01a1 \u0111\u00f4ng l\u1ea1nh cao c\u1ea5p \u2013 T\u01b0\u01a1i \u0111\u00f4ng l\u1ea1nh &amp; S\u1eb5n s\u00e0ng s\u1eed d\u1ee5ng - Nghi\u1ec7p Xu\u00e2n - Xu\u1ea5t Nh\u1eadp Kh\u1ea9u N\u00f4ng S\u1ea3n\",\"isPartOf\":{\"@id\":\"https:\/\/nghiepxuan.com\/vi\/#website\"},\"primaryImageOfPage\":{\"@id\":\"https:\/\/nghiepxuan.com\/vi\/product\/qua-bo-dong-lanh-cao-cap-tuoi-dong-lanh-san-sang-su-dung\/#primaryimage\"},\"image\":{\"@id\":\"https:\/\/nghiepxuan.com\/vi\/product\/qua-bo-dong-lanh-cao-cap-tuoi-dong-lanh-san-sang-su-dung\/#primaryimage\"},\"thumbnailUrl\":\"https:\/\/nghiepxuan.com\/wp-content\/uploads\/2025\/04\/Frozen-avocado-1-Nghiep-Xuan.png\",\"datePublished\":\"2025-04-12T01:27:50+00:00\",\"breadcrumb\":{\"@id\":\"https:\/\/nghiepxuan.com\/vi\/product\/qua-bo-dong-lanh-cao-cap-tuoi-dong-lanh-san-sang-su-dung\/#breadcrumb\"},\"inLanguage\":\"vi-VN\",\"potentialAction\":[{\"@type\":\"ReadAction\",\"target\":[\"https:\/\/nghiepxuan.com\/vi\/product\/qua-bo-dong-lanh-cao-cap-tuoi-dong-lanh-san-sang-su-dung\/\"]}]},{\"@type\":\"ImageObject\",\"inLanguage\":\"vi-VN\",\"@id\":\"https:\/\/nghiepxuan.com\/vi\/product\/qua-bo-dong-lanh-cao-cap-tuoi-dong-lanh-san-sang-su-dung\/#primaryimage\",\"url\":\"https:\/\/nghiepxuan.com\/wp-content\/uploads\/2025\/04\/Frozen-avocado-1-Nghiep-Xuan.png\",\"contentUrl\":\"https:\/\/nghiepxuan.com\/wp-content\/uploads\/2025\/04\/Frozen-avocado-1-Nghiep-Xuan.png\",\"width\":741,\"height\":399},{\"@type\":\"BreadcrumbList\",\"@id\":\"https:\/\/nghiepxuan.com\/vi\/product\/qua-bo-dong-lanh-cao-cap-tuoi-dong-lanh-san-sang-su-dung\/#breadcrumb\",\"itemListElement\":[{\"@type\":\"ListItem\",\"position\":1,\"name\":\"Home\",\"item\":\"https:\/\/nghiepxuan.com\/vi\/\"},{\"@type\":\"ListItem\",\"position\":2,\"name\":\"C\u1eeda h\u00e0ng\",\"item\":\"https:\/\/nghiepxuan.com\/vi\/shop\/\"},{\"@type\":\"ListItem\",\"position\":3,\"name\":\"Qu\u1ea3 b\u01a1 \u0111\u00f4ng l\u1ea1nh cao c\u1ea5p \u2013 T\u01b0\u01a1i \u0111\u00f4ng l\u1ea1nh &amp; S\u1eb5n s\u00e0ng s\u1eed d\u1ee5ng\"}]},{\"@type\":\"WebSite\",\"@id\":\"https:\/\/nghiepxuan.com\/vi\/#website\",\"url\":\"https:\/\/nghiepxuan.com\/vi\/\",\"name\":\"Nghiep Xuan - Agricultural Import and Export\",\"description\":\"Nu\u00f4i d\u01b0\u1ee1ng thi\u00ean nhi\u00ean, thu ho\u1ea1ch s\u1ee9c kh\u1ecfe: \u0110i\u1ec3m \u0111\u1ebfn l\u1ed1i s\u1ed1ng h\u1eefu c\u01a1 c\u1ee7a b\u1ea1n\",\"publisher\":{\"@id\":\"https:\/\/nghiepxuan.com\/vi\/#organization\"},\"potentialAction\":[{\"@type\":\"SearchAction\",\"target\":{\"@type\":\"EntryPoint\",\"urlTemplate\":\"https:\/\/nghiepxuan.com\/vi\/?s={search_term_string}\"},\"query-input\":{\"@type\":\"PropertyValueSpecification\",\"valueRequired\":true,\"valueName\":\"search_term_string\"}}],\"inLanguage\":\"vi-VN\"},{\"@type\":\"Organization\",\"@id\":\"https:\/\/nghiepxuan.com\/vi\/#organization\",\"name\":\"Nghiep Xuan - Agricultural Import and Export\",\"url\":\"https:\/\/nghiepxuan.com\/vi\/\",\"logo\":{\"@type\":\"ImageObject\",\"inLanguage\":\"vi-VN\",\"@id\":\"https:\/\/nghiepxuan.com\/vi\/#\/schema\/logo\/image\/\",\"url\":\"https:\/\/nghiepxuan.com\/wp-content\/uploads\/2025\/04\/Nghiep-Xuan-Logo-4.png\",\"contentUrl\":\"https:\/\/nghiepxuan.com\/wp-content\/uploads\/2025\/04\/Nghiep-Xuan-Logo-4.png\",\"width\":4167,\"height\":1015,\"caption\":\"Nghiep Xuan - Agricultural Import and Export\"},\"image\":{\"@id\":\"https:\/\/nghiepxuan.com\/vi\/#\/schema\/logo\/image\/\"},\"sameAs\":[\"https:\/\/www.facebook.com\/nongsannghiepxuan\/\",\"https:\/\/x.com\/PhuTonBui\",\"https:\/\/www.instagram.com\/xuatnhapkhaunghiepxuan\/\",\"https:\/\/www.youtube.com\/@nongsannghiepxuan2066\",\"https:\/\/www.tiktok.com\/@nghiepxuan\"]}]}<\/script>\n<!-- \/ Yoast SEO plugin. -->","yoast_head_json":{"title":"Qu\u1ea3 b\u01a1 \u0111\u00f4ng l\u1ea1nh cao c\u1ea5p \u2013 T\u01b0\u01a1i \u0111\u00f4ng l\u1ea1nh &amp; S\u1eb5n s\u00e0ng s\u1eed d\u1ee5ng - Nghi\u1ec7p Xu\u00e2n - Xu\u1ea5t Nh\u1eadp Kh\u1ea9u N\u00f4ng S\u1ea3n","robots":{"index":"index","follow":"follow","max-snippet":"max-snippet:-1","max-image-preview":"max-image-preview:large","max-video-preview":"max-video-preview:-1"},"canonical":"https:\/\/nghiepxuan.com\/vi\/product\/qua-bo-dong-lanh-cao-cap-tuoi-dong-lanh-san-sang-su-dung\/","og_locale":"vi_VN","og_type":"article","og_title":"Qu\u1ea3 b\u01a1 \u0111\u00f4ng l\u1ea1nh cao c\u1ea5p \u2013 T\u01b0\u01a1i \u0111\u00f4ng l\u1ea1nh &amp; S\u1eb5n s\u00e0ng s\u1eed d\u1ee5ng - Nghi\u1ec7p Xu\u00e2n - Xu\u1ea5t Nh\u1eadp Kh\u1ea9u N\u00f4ng S\u1ea3n","og_description":"B\u01a1 \u0111\u00f4ng l\u1ea1nh cao c\u1ea5p l\u00e0m t\u1eeb b\u01a1 Hass ch\u00edn. Ho\u00e0n h\u1ea3o cho sinh t\u1ed1, guacamole, salad, v.v. 100% t\u1ef1 nhi\u00ean, kh\u00f4ng c\u00f3 ch\u1ea5t ph\u1ee5 gia \u2013 ti\u1ec7n l\u1ee3i v\u00e0 s\u1eb5n s\u00e0ng s\u1eed d\u1ee5ng.","og_url":"https:\/\/nghiepxuan.com\/vi\/product\/qua-bo-dong-lanh-cao-cap-tuoi-dong-lanh-san-sang-su-dung\/","og_site_name":"Nghi\u1ec7p Xu\u00e2n - Xu\u1ea5t Nh\u1eadp Kh\u1ea9u N\u00f4ng S\u1ea3n","article_publisher":"https:\/\/www.facebook.com\/nongsannghiepxuan\/","og_image":[{"width":741,"height":399,"url":"https:\/\/nghiepxuan.com\/wp-content\/uploads\/2025\/04\/Frozen-avocado-1-Nghiep-Xuan.png","type":"image\/png"}],"twitter_card":"summary_large_image","twitter_site":"@PhuTonBui","twitter_misc":{"Est. reading time":"1 minute"},"schema":{"@context":"https:\/\/schema.org","@graph":[{"@type":"WebPage","@id":"https:\/\/nghiepxuan.com\/vi\/product\/qua-bo-dong-lanh-cao-cap-tuoi-dong-lanh-san-sang-su-dung\/","url":"https:\/\/nghiepxuan.com\/vi\/product\/qua-bo-dong-lanh-cao-cap-tuoi-dong-lanh-san-sang-su-dung\/","name":"Qu\u1ea3 b\u01a1 \u0111\u00f4ng l\u1ea1nh cao c\u1ea5p \u2013 T\u01b0\u01a1i \u0111\u00f4ng l\u1ea1nh &amp; S\u1eb5n s\u00e0ng s\u1eed d\u1ee5ng - Nghi\u1ec7p Xu\u00e2n - Xu\u1ea5t Nh\u1eadp Kh\u1ea9u N\u00f4ng S\u1ea3n","isPartOf":{"@id":"https:\/\/nghiepxuan.com\/vi\/#website"},"primaryImageOfPage":{"@id":"https:\/\/nghiepxuan.com\/vi\/product\/qua-bo-dong-lanh-cao-cap-tuoi-dong-lanh-san-sang-su-dung\/#primaryimage"},"image":{"@id":"https:\/\/nghiepxuan.com\/vi\/product\/qua-bo-dong-lanh-cao-cap-tuoi-dong-lanh-san-sang-su-dung\/#primaryimage"},"thumbnailUrl":"https:\/\/nghiepxuan.com\/wp-content\/uploads\/2025\/04\/Frozen-avocado-1-Nghiep-Xuan.png","datePublished":"2025-04-12T01:27:50+00:00","breadcrumb":{"@id":"https:\/\/nghiepxuan.com\/vi\/product\/qua-bo-dong-lanh-cao-cap-tuoi-dong-lanh-san-sang-su-dung\/#breadcrumb"},"inLanguage":"vi-VN","potentialAction":[{"@type":"ReadAction","target":["https:\/\/nghiepxuan.com\/vi\/product\/qua-bo-dong-lanh-cao-cap-tuoi-dong-lanh-san-sang-su-dung\/"]}]},{"@type":"ImageObject","inLanguage":"vi-VN","@id":"https:\/\/nghiepxuan.com\/vi\/product\/qua-bo-dong-lanh-cao-cap-tuoi-dong-lanh-san-sang-su-dung\/#primaryimage","url":"https:\/\/nghiepxuan.com\/wp-content\/uploads\/2025\/04\/Frozen-avocado-1-Nghiep-Xuan.png","contentUrl":"https:\/\/nghiepxuan.com\/wp-content\/uploads\/2025\/04\/Frozen-avocado-1-Nghiep-Xuan.png","width":741,"height":399},{"@type":"BreadcrumbList","@id":"https:\/\/nghiepxuan.com\/vi\/product\/qua-bo-dong-lanh-cao-cap-tuoi-dong-lanh-san-sang-su-dung\/#breadcrumb","itemListElement":[{"@type":"ListItem","position":1,"name":"Home","item":"https:\/\/nghiepxuan.com\/vi\/"},{"@type":"ListItem","position":2,"name":"C\u1eeda h\u00e0ng","item":"https:\/\/nghiepxuan.com\/vi\/shop\/"},{"@type":"ListItem","position":3,"name":"Qu\u1ea3 b\u01a1 \u0111\u00f4ng l\u1ea1nh cao c\u1ea5p \u2013 T\u01b0\u01a1i \u0111\u00f4ng l\u1ea1nh &amp; S\u1eb5n s\u00e0ng s\u1eed d\u1ee5ng"}]},{"@type":"WebSite","@id":"https:\/\/nghiepxuan.com\/vi\/#website","url":"https:\/\/nghiepxuan.com\/vi\/","name":"Nghiep Xuan - Agricultural Import and Export","description":"Nu\u00f4i d\u01b0\u1ee1ng thi\u00ean nhi\u00ean, thu ho\u1ea1ch s\u1ee9c kh\u1ecfe: \u0110i\u1ec3m \u0111\u1ebfn l\u1ed1i s\u1ed1ng h\u1eefu c\u01a1 c\u1ee7a b\u1ea1n","publisher":{"@id":"https:\/\/nghiepxuan.com\/vi\/#organization"},"potentialAction":[{"@type":"SearchAction","target":{"@type":"EntryPoint","urlTemplate":"https:\/\/nghiepxuan.com\/vi\/?s={search_term_string}"},"query-input":{"@type":"PropertyValueSpecification","valueRequired":true,"valueName":"search_term_string"}}],"inLanguage":"vi-VN"},{"@type":"Organization","@id":"https:\/\/nghiepxuan.com\/vi\/#organization","name":"Nghiep Xuan - Agricultural Import and Export","url":"https:\/\/nghiepxuan.com\/vi\/","logo":{"@type":"ImageObject","inLanguage":"vi-VN","@id":"https:\/\/nghiepxuan.com\/vi\/#\/schema\/logo\/image\/","url":"https:\/\/nghiepxuan.com\/wp-content\/uploads\/2025\/04\/Nghiep-Xuan-Logo-4.png","contentUrl":"https:\/\/nghiepxuan.com\/wp-content\/uploads\/2025\/04\/Nghiep-Xuan-Logo-4.png","width":4167,"height":1015,"caption":"Nghiep Xuan - Agricultural Import and Export"},"image":{"@id":"https:\/\/nghiepxuan.com\/vi\/#\/schema\/logo\/image\/"},"sameAs":["https:\/\/www.facebook.com\/nongsannghiepxuan\/","https:\/\/x.com\/PhuTonBui","https:\/\/www.instagram.com\/xuatnhapkhaunghiepxuan\/","https:\/\/www.youtube.com\/@nongsannghiepxuan2066","https:\/\/www.tiktok.com\/@nghiepxuan"]}]}},"_links":{"self":[{"href":"https:\/\/nghiepxuan.com\/vi\/wp-json\/wp\/v2\/product\/8570","targetHints":{"allow":["GET"]}}],"collection":[{"href":"https:\/\/nghiepxuan.com\/vi\/wp-json\/wp\/v2\/product"}],"about":[{"href":"https:\/\/nghiepxuan.com\/vi\/wp-json\/wp\/v2\/types\/product"}],"replies":[{"embeddable":true,"href":"https:\/\/nghiepxuan.com\/vi\/wp-json\/wp\/v2\/comments?post=8570"}],"version-history":[{"count":0,"href":"https:\/\/nghiepxuan.com\/vi\/wp-json\/wp\/v2\/product\/8570\/revisions"}],"wp:featuredmedia":[{"embeddable":true,"href":"https:\/\/nghiepxuan.com\/vi\/wp-json\/wp\/v2\/media\/8537"}],"wp:attachment":[{"href":"https:\/\/nghiepxuan.com\/vi\/wp-json\/wp\/v2\/media?parent=8570"}],"wp:term":[{"taxonomy":"product_brand","embeddable":true,"href":"https:\/\/nghiepxuan.com\/vi\/wp-json\/wp\/v2\/product_brand?post=8570"},{"taxonomy":"product_cat","embeddable":true,"href":"https:\/\/nghiepxuan.com\/vi\/wp-json\/wp\/v2\/product_cat?post=8570"},{"taxonomy":"product_tag","embeddable":true,"href":"https:\/\/nghiepxuan.com\/vi\/wp-json\/wp\/v2\/product_tag?post=8570"}],"curies":[{"name":"wp","href":"https:\/\/api.w.org\/{rel}","templated":true}]}}