{"id":8371,"date":"2025-04-07T07:58:35","date_gmt":"2025-04-07T07:58:35","guid":{"rendered":"https:\/\/nghiepxuan.com\/product\/chanh-day-dong-lanh-tuoi-tu-nhien-va-tien-loi\/"},"modified":"2025-04-07T08:02:27","modified_gmt":"2025-04-07T08:02:27","slug":"chanh-day-dong-lanh-tuoi-tu-nhien-va-tien-loi","status":"publish","type":"product","link":"https:\/\/nghiepxuan.com\/vi\/product\/chanh-day-dong-lanh-tuoi-tu-nhien-va-tien-loi\/","title":{"rendered":"Chanh d\u00e2y \u0111\u00f4ng l\u1ea1nh &#8211; T\u01b0\u01a1i, T\u1ef1 nhi\u00ean v\u00e0 Ti\u1ec7n l\u1ee3i"},"content":{"rendered":"<p class=\"\" data-start=\"179\" data-end=\"445\">Tr\u1ea3i nghi\u1ec7m h\u01b0\u01a1ng v\u1ecb t\u01b0\u01a1i m\u00e1t, chua chua c\u1ee7a chanh d\u00e2y \u0111\u00f4ng l\u1ea1nh \u2013 m\u1ed9t s\u1ef1 b\u1ed5 sung t\u01b0\u01a1i m\u00e1t v\u00e0 l\u00e0nh m\u1ea1nh cho b\u1eefa \u0103n v\u00e0 \u0111\u1ed3 u\u1ed1ng c\u1ee7a b\u1ea1n. Chanh d\u00e2y \u0111\u00f4ng l\u1ea1nh cao c\u1ea5p c\u1ee7a ch\u00fang t\u00f4i c\u00f3 ngu\u1ed3n g\u1ed1c t\u1eeb nh\u1eefng trang tr\u1ea1i t\u1ed1t nh\u1ea5t, \u0111\u1ea3m b\u1ea3o m\u1ecdi lo\u1ea1i qu\u1ea3 \u0111\u1ec1u ch\u00edn, m\u1ecdng n\u01b0\u1edbc v\u00e0 ch\u1ee9a \u0111\u1ea7y \u0111\u1ee7 c\u00e1c ch\u1ea5t dinh d\u01b0\u1ee1ng thi\u1ebft y\u1ebfu. <\/p>\n<p class=\"\" data-start=\"447\" data-end=\"464\"><strong data-start=\"447\" data-end=\"464\">C\u00e1c t\u00ednh n\u0103ng ch\u00ednh:<\/strong><\/p>\n<ul data-start=\"465\" data-end=\"1042\">\n<li class=\"\" data-start=\"465\" data-end=\"588\">\n<p class=\"\" data-start=\"467\" data-end=\"588\"><strong data-start=\"467\" data-end=\"483\">100% t\u1ef1 nhi\u00ean<\/strong> : \u0110\u01b0\u1ee3c l\u00e0m t\u1eeb nh\u1eefng qu\u1ea3 chanh d\u00e2y \u0111\u01b0\u1ee3c h\u00e1i b\u1eb1ng tay, \u0111\u00f4ng l\u1ea1nh khi ch\u00edn ho\u00e0n to\u00e0n \u0111\u1ec3 gi\u1eef nguy\u00ean \u0111\u1ed9 t\u01b0\u01a1i v\u00e0 ch\u1ea5t dinh d\u01b0\u1ee1ng.<\/p>\n<\/li>\n<li class=\"\" data-start=\"589\" data-end=\"714\">\n<p class=\"\" data-start=\"591\" data-end=\"714\"><strong data-start=\"591\" data-end=\"620\">Ti\u1ec7n l\u1ee3i &amp; S\u1eb5n s\u00e0ng s\u1eed d\u1ee5ng<\/strong> : Ho\u00e0n h\u1ea3o cho sinh t\u1ed1, m\u00f3n tr\u00e1ng mi\u1ec7ng, salad tr\u00e1i c\u00e2y ho\u1eb7c cocktail. Kh\u00f4ng c\u1ea7n g\u1ecdt v\u1ecf ho\u1eb7c c\u1eaft! <\/p>\n<\/li>\n<li class=\"\" data-start=\"715\" data-end=\"835\">\n<p class=\"\" data-start=\"717\" data-end=\"835\"><strong data-start=\"717\" data-end=\"738\">Gi\u00e0u dinh d\u01b0\u1ee1ng<\/strong> : Chanh d\u00e2y ch\u1ee9a nhi\u1ec1u vitamin C, ch\u1ea5t x\u01a1 v\u00e0 ch\u1ea5t ch\u1ed1ng oxy h\u00f3a, mang l\u1ea1i nhi\u1ec1u l\u1ee3i \u00edch cho s\u1ee9c kh\u1ecfe.<\/p>\n<\/li>\n<li class=\"\" data-start=\"836\" data-end=\"932\">\n<p class=\"\" data-start=\"838\" data-end=\"932\"><strong data-start=\"838\" data-end=\"857\">Th\u1eddi h\u1ea1n s\u1eed d\u1ee5ng d\u00e0i<\/strong> : B\u1ea3o qu\u1ea3n trong t\u1ee7 \u0111\u00f4ng v\u00e0 th\u01b0\u1edfng th\u1ee9c h\u01b0\u01a1ng v\u1ecb nhi\u1ec7t \u0111\u1edbi th\u01a1m ngon quanh n\u0103m.<\/p>\n<\/li>\n<li class=\"\" data-start=\"933\" data-end=\"1042\">\n<p class=\"\" data-start=\"935\" data-end=\"1042\"><strong data-start=\"935\" data-end=\"952\">S\u1eed d\u1ee5ng \u0111a n\u0103ng<\/strong> : L\u00fd t\u01b0\u1edfng \u0111\u1ec3 n\u01b0\u1edbng b\u00e1nh, l\u00e0m m\u1ee9t ho\u1eb7c th\u00eam v\u00e0o c\u00f4ng th\u1ee9c n\u1ea5u \u0103n y\u00eau th\u00edch c\u1ee7a b\u1ea1n \u0111\u1ec3 t\u0103ng th\u00eam h\u01b0\u01a1ng v\u1ecb.<\/p>\n<\/li>\n<\/ul>\n<p class=\"\" data-start=\"1044\" data-end=\"1415\"><strong data-start=\"1044\" data-end=\"1084\">T\u1ea1i sao n\u00ean ch\u1ecdn chanh d\u00e2y \u0111\u00f4ng l\u1ea1nh c\u1ee7a ch\u00fang t\u00f4i?<\/strong>  Chanh d\u00e2y \u0111\u00f4ng l\u1ea1nh c\u1ee7a ch\u00fang t\u00f4i \u0111\u01b0\u1ee3c ch\u1ebf bi\u1ebfn c\u1ea9n th\u1eadn \u0111\u1ec3 gi\u1eef nguy\u00ean h\u01b0\u01a1ng v\u1ecb v\u00e0 k\u1ebft c\u1ea5u t\u1ef1 nhi\u00ean. \u0110\u00e2y l\u00e0 c\u00e1ch tuy\u1ec7t v\u1eddi \u0111\u1ec3 th\u01b0\u1edfng th\u1ee9c h\u01b0\u01a1ng v\u1ecb nhi\u1ec7t \u0111\u1edbi c\u1ee7a chanh d\u00e2y, ngay c\u1ea3 khi kh\u00f4ng ph\u1ea3i m\u00f9a. Cho d\u00f9 b\u1ea1n mu\u1ed1n t\u0103ng h\u01b0\u01a1ng v\u1ecb cho m\u00f3n \u0103n hay c\u1ea7n th\u00eam m\u1ed9t ch\u00fat v\u00e0o \u0111\u1ed3 u\u1ed1ng gi\u1ea3i kh\u00e1t, chanh d\u00e2y \u0111\u00f4ng l\u1ea1nh c\u1ee7a ch\u00fang t\u00f4i l\u00e0 l\u1ef1a ch\u1ecdn ph\u00f9 h\u1ee3p v\u1edbi b\u1ea1n.  <\/p>\n<p class=\"\" data-start=\"1417\" data-end=\"1740\"><strong data-start=\"1417\" data-end=\"1471\">Ho\u00e0n h\u1ea3o cho nh\u1eefng ng\u01b0\u1eddi \u0111am m\u00ea s\u1ee9c kh\u1ecfe v\u00e0 l\u1ed1i s\u1ed1ng b\u1eadn r\u1ed9n<\/strong> Ch\u1ee9a nhi\u1ec1u ch\u1ea5t ch\u1ed1ng oxy h\u00f3a, vitamin v\u00e0 ch\u1ea5t x\u01a1, chanh d\u00e2y r\u1ea5t t\u1ed1t cho vi\u1ec7c t\u0103ng c\u01b0\u1eddng h\u1ec7 mi\u1ec5n d\u1ecbch, c\u1ea3i thi\u1ec7n ti\u00eau h\u00f3a v\u00e0 gi\u1eef cho l\u00e0n da c\u1ee7a b\u1ea1n kh\u1ecfe m\u1ea1nh. \u0110\u00e2y l\u00e0 th\u00e0nh ph\u1ea7n ho\u00e0n h\u1ea3o cho nh\u1eefng ng\u01b0\u1eddi mu\u1ed1n th\u00eam nhi\u1ec1u lo\u1ea1i tr\u00e1i c\u00e2y v\u00e0o ch\u1ebf \u0111\u1ed9 \u0103n u\u1ed1ng c\u1ee7a m\u00ecnh m\u00e0 kh\u00f4ng c\u1ea7n ph\u1ea3i m\u1ea5t c\u00f4ng chu\u1ea9n b\u1ecb. <\/p>\n<p class=\"\" data-start=\"1742\" data-end=\"1839\">\u0110\u1eb7t h\u00e0ng ngay h\u00f4m nay v\u00e0 kh\u00e1m ph\u00e1 s\u1ef1 ti\u1ec7n l\u1ee3i c\u1ee7a chanh d\u00e2y \u0111\u00f4ng l\u1ea1nh \u0111\u01b0\u1ee3c giao th\u1eb3ng \u0111\u1ebfn t\u1eadn nh\u00e0 b\u1ea1n.<\/p>\n","protected":false},"excerpt":{"rendered":"<p>Th\u01b0\u1edfng th\u1ee9c h\u01b0\u01a1ng v\u1ecb nhi\u1ec7t \u0111\u1edbi c\u1ee7a 100% chanh d\u00e2y \u0111\u00f4ng l\u1ea1nh t\u1ef1 nhi\u00ean. Ho\u00e0n h\u1ea3o cho sinh t\u1ed1, m\u00f3n tr\u00e1ng mi\u1ec7ng v\u00e0 nhi\u1ec1u h\u01a1n n\u1eefa, n\u00f3 ch\u1ee9a \u0111\u1ea7y \u0111\u1ee7 vitamin, ch\u1ea5t ch\u1ed1ng oxy h\u00f3a v\u00e0 ch\u1ea5t x\u01a1. Ti\u1ec7n l\u1ee3i, s\u1eb5n s\u00e0ng s\u1eed d\u1ee5ng v\u00e0 ho\u00e0n h\u1ea3o cho b\u1ea5t k\u1ef3 c\u00f4ng th\u1ee9c n\u00e0o quanh n\u0103m.  <\/p>\n","protected":false},"featured_media":8339,"comment_status":"open","ping_status":"closed","template":"","meta":{"content-type":""},"product_brand":[],"product_cat":[425],"product_tag":[652,654,653],"class_list":{"0":"post-8371","1":"product","2":"type-product","3":"status-publish","4":"has-post-thumbnail","6":"product_cat-frozen","7":"product_tag-chanh-day-dong-lanh","8":"product_tag-chat-dinh-duong","9":"product_tag-tu-nhien","11":"first","12":"instock","13":"sale","14":"shipping-taxable","15":"purchasable","16":"product-type-variable","17":"has-default-attributes"},"yoast_head":"<!-- This site is optimized with the Yoast SEO plugin v26.9 - https:\/\/yoast.com\/product\/yoast-seo-wordpress\/ -->\n<title>Chanh d\u00e2y \u0111\u00f4ng l\u1ea1nh - T\u01b0\u01a1i, T\u1ef1 nhi\u00ean v\u00e0 Ti\u1ec7n l\u1ee3i - Nghi\u1ec7p Xu\u00e2n - Xu\u1ea5t Nh\u1eadp Kh\u1ea9u N\u00f4ng S\u1ea3n<\/title>\n<meta name=\"robots\" content=\"index, follow, max-snippet:-1, max-image-preview:large, max-video-preview:-1\" \/>\n<link rel=\"canonical\" href=\"https:\/\/nghiepxuan.com\/vi\/product\/chanh-day-dong-lanh-tuoi-tu-nhien-va-tien-loi\/\" \/>\n<meta property=\"og:locale\" content=\"vi_VN\" \/>\n<meta property=\"og:type\" content=\"article\" \/>\n<meta property=\"og:title\" content=\"Chanh d\u00e2y \u0111\u00f4ng l\u1ea1nh - T\u01b0\u01a1i, T\u1ef1 nhi\u00ean v\u00e0 Ti\u1ec7n l\u1ee3i - Nghi\u1ec7p Xu\u00e2n - Xu\u1ea5t Nh\u1eadp Kh\u1ea9u N\u00f4ng S\u1ea3n\" \/>\n<meta property=\"og:description\" content=\"Th\u01b0\u1edfng th\u1ee9c h\u01b0\u01a1ng v\u1ecb nhi\u1ec7t \u0111\u1edbi c\u1ee7a 100% chanh d\u00e2y \u0111\u00f4ng l\u1ea1nh t\u1ef1 nhi\u00ean. Ho\u00e0n h\u1ea3o cho sinh t\u1ed1, m\u00f3n tr\u00e1ng mi\u1ec7ng v\u00e0 nhi\u1ec1u h\u01a1n n\u1eefa, n\u00f3 ch\u1ee9a \u0111\u1ea7y \u0111\u1ee7 vitamin, ch\u1ea5t ch\u1ed1ng oxy h\u00f3a v\u00e0 ch\u1ea5t x\u01a1. Ti\u1ec7n l\u1ee3i, s\u1eb5n s\u00e0ng s\u1eed d\u1ee5ng v\u00e0 ho\u00e0n h\u1ea3o cho b\u1ea5t k\u1ef3 c\u00f4ng th\u1ee9c n\u00e0o quanh n\u0103m.\" \/>\n<meta property=\"og:url\" content=\"https:\/\/nghiepxuan.com\/vi\/product\/chanh-day-dong-lanh-tuoi-tu-nhien-va-tien-loi\/\" \/>\n<meta property=\"og:site_name\" content=\"Nghi\u1ec7p Xu\u00e2n - Xu\u1ea5t Nh\u1eadp Kh\u1ea9u N\u00f4ng S\u1ea3n\" \/>\n<meta property=\"article:publisher\" content=\"https:\/\/www.facebook.com\/nongsannghiepxuan\/\" \/>\n<meta property=\"article:modified_time\" content=\"2025-04-07T08:02:27+00:00\" \/>\n<meta property=\"og:image\" content=\"https:\/\/nghiepxuan.com\/wp-content\/uploads\/2025\/04\/Passion-Fruit-Frozen-Nghiep-Xuan.png\" \/>\n\t<meta property=\"og:image:width\" content=\"586\" \/>\n\t<meta property=\"og:image:height\" content=\"592\" \/>\n\t<meta property=\"og:image:type\" content=\"image\/png\" \/>\n<meta name=\"twitter:card\" content=\"summary_large_image\" \/>\n<meta name=\"twitter:site\" content=\"@PhuTonBui\" \/>\n<meta name=\"twitter:label1\" content=\"Est. reading time\" \/>\n\t<meta name=\"twitter:data1\" content=\"3 minutes\" \/>\n<script type=\"application\/ld+json\" class=\"yoast-schema-graph\">{\"@context\":\"https:\/\/schema.org\",\"@graph\":[{\"@type\":\"WebPage\",\"@id\":\"https:\/\/nghiepxuan.com\/vi\/product\/chanh-day-dong-lanh-tuoi-tu-nhien-va-tien-loi\/\",\"url\":\"https:\/\/nghiepxuan.com\/vi\/product\/chanh-day-dong-lanh-tuoi-tu-nhien-va-tien-loi\/\",\"name\":\"Chanh d\u00e2y \u0111\u00f4ng l\u1ea1nh - T\u01b0\u01a1i, T\u1ef1 nhi\u00ean v\u00e0 Ti\u1ec7n l\u1ee3i - Nghi\u1ec7p Xu\u00e2n - Xu\u1ea5t Nh\u1eadp Kh\u1ea9u N\u00f4ng S\u1ea3n\",\"isPartOf\":{\"@id\":\"https:\/\/nghiepxuan.com\/vi\/#website\"},\"primaryImageOfPage\":{\"@id\":\"https:\/\/nghiepxuan.com\/vi\/product\/chanh-day-dong-lanh-tuoi-tu-nhien-va-tien-loi\/#primaryimage\"},\"image\":{\"@id\":\"https:\/\/nghiepxuan.com\/vi\/product\/chanh-day-dong-lanh-tuoi-tu-nhien-va-tien-loi\/#primaryimage\"},\"thumbnailUrl\":\"https:\/\/nghiepxuan.com\/wp-content\/uploads\/2025\/04\/Passion-Fruit-Frozen-Nghiep-Xuan.png\",\"datePublished\":\"2025-04-07T07:58:35+00:00\",\"dateModified\":\"2025-04-07T08:02:27+00:00\",\"breadcrumb\":{\"@id\":\"https:\/\/nghiepxuan.com\/vi\/product\/chanh-day-dong-lanh-tuoi-tu-nhien-va-tien-loi\/#breadcrumb\"},\"inLanguage\":\"vi-VN\",\"potentialAction\":[{\"@type\":\"ReadAction\",\"target\":[\"https:\/\/nghiepxuan.com\/vi\/product\/chanh-day-dong-lanh-tuoi-tu-nhien-va-tien-loi\/\"]}]},{\"@type\":\"ImageObject\",\"inLanguage\":\"vi-VN\",\"@id\":\"https:\/\/nghiepxuan.com\/vi\/product\/chanh-day-dong-lanh-tuoi-tu-nhien-va-tien-loi\/#primaryimage\",\"url\":\"https:\/\/nghiepxuan.com\/wp-content\/uploads\/2025\/04\/Passion-Fruit-Frozen-Nghiep-Xuan.png\",\"contentUrl\":\"https:\/\/nghiepxuan.com\/wp-content\/uploads\/2025\/04\/Passion-Fruit-Frozen-Nghiep-Xuan.png\",\"width\":586,\"height\":592},{\"@type\":\"BreadcrumbList\",\"@id\":\"https:\/\/nghiepxuan.com\/vi\/product\/chanh-day-dong-lanh-tuoi-tu-nhien-va-tien-loi\/#breadcrumb\",\"itemListElement\":[{\"@type\":\"ListItem\",\"position\":1,\"name\":\"Home\",\"item\":\"https:\/\/nghiepxuan.com\/vi\/\"},{\"@type\":\"ListItem\",\"position\":2,\"name\":\"C\u1eeda h\u00e0ng\",\"item\":\"https:\/\/nghiepxuan.com\/vi\/shop\/\"},{\"@type\":\"ListItem\",\"position\":3,\"name\":\"Chanh d\u00e2y \u0111\u00f4ng l\u1ea1nh &#8211; T\u01b0\u01a1i, T\u1ef1 nhi\u00ean v\u00e0 Ti\u1ec7n l\u1ee3i\"}]},{\"@type\":\"WebSite\",\"@id\":\"https:\/\/nghiepxuan.com\/vi\/#website\",\"url\":\"https:\/\/nghiepxuan.com\/vi\/\",\"name\":\"Nghiep Xuan - Agricultural Import and Export\",\"description\":\"Nu\u00f4i d\u01b0\u1ee1ng thi\u00ean nhi\u00ean, thu ho\u1ea1ch s\u1ee9c kh\u1ecfe: \u0110i\u1ec3m \u0111\u1ebfn l\u1ed1i s\u1ed1ng h\u1eefu c\u01a1 c\u1ee7a b\u1ea1n\",\"publisher\":{\"@id\":\"https:\/\/nghiepxuan.com\/vi\/#organization\"},\"potentialAction\":[{\"@type\":\"SearchAction\",\"target\":{\"@type\":\"EntryPoint\",\"urlTemplate\":\"https:\/\/nghiepxuan.com\/vi\/?s={search_term_string}\"},\"query-input\":{\"@type\":\"PropertyValueSpecification\",\"valueRequired\":true,\"valueName\":\"search_term_string\"}}],\"inLanguage\":\"vi-VN\"},{\"@type\":\"Organization\",\"@id\":\"https:\/\/nghiepxuan.com\/vi\/#organization\",\"name\":\"Nghiep Xuan - Agricultural Import and Export\",\"url\":\"https:\/\/nghiepxuan.com\/vi\/\",\"logo\":{\"@type\":\"ImageObject\",\"inLanguage\":\"vi-VN\",\"@id\":\"https:\/\/nghiepxuan.com\/vi\/#\/schema\/logo\/image\/\",\"url\":\"https:\/\/nghiepxuan.com\/wp-content\/uploads\/2025\/04\/Nghiep-Xuan-Logo-4.png\",\"contentUrl\":\"https:\/\/nghiepxuan.com\/wp-content\/uploads\/2025\/04\/Nghiep-Xuan-Logo-4.png\",\"width\":4167,\"height\":1015,\"caption\":\"Nghiep Xuan - Agricultural Import and Export\"},\"image\":{\"@id\":\"https:\/\/nghiepxuan.com\/vi\/#\/schema\/logo\/image\/\"},\"sameAs\":[\"https:\/\/www.facebook.com\/nongsannghiepxuan\/\",\"https:\/\/x.com\/PhuTonBui\",\"https:\/\/www.instagram.com\/xuatnhapkhaunghiepxuan\/\",\"https:\/\/www.youtube.com\/@nongsannghiepxuan2066\",\"https:\/\/www.tiktok.com\/@nghiepxuan\"]}]}<\/script>\n<!-- \/ Yoast SEO plugin. -->","yoast_head_json":{"title":"Chanh d\u00e2y \u0111\u00f4ng l\u1ea1nh - T\u01b0\u01a1i, T\u1ef1 nhi\u00ean v\u00e0 Ti\u1ec7n l\u1ee3i - Nghi\u1ec7p Xu\u00e2n - Xu\u1ea5t Nh\u1eadp Kh\u1ea9u N\u00f4ng S\u1ea3n","robots":{"index":"index","follow":"follow","max-snippet":"max-snippet:-1","max-image-preview":"max-image-preview:large","max-video-preview":"max-video-preview:-1"},"canonical":"https:\/\/nghiepxuan.com\/vi\/product\/chanh-day-dong-lanh-tuoi-tu-nhien-va-tien-loi\/","og_locale":"vi_VN","og_type":"article","og_title":"Chanh d\u00e2y \u0111\u00f4ng l\u1ea1nh - T\u01b0\u01a1i, T\u1ef1 nhi\u00ean v\u00e0 Ti\u1ec7n l\u1ee3i - Nghi\u1ec7p Xu\u00e2n - Xu\u1ea5t Nh\u1eadp Kh\u1ea9u N\u00f4ng S\u1ea3n","og_description":"Th\u01b0\u1edfng th\u1ee9c h\u01b0\u01a1ng v\u1ecb nhi\u1ec7t \u0111\u1edbi c\u1ee7a 100% chanh d\u00e2y \u0111\u00f4ng l\u1ea1nh t\u1ef1 nhi\u00ean. Ho\u00e0n h\u1ea3o cho sinh t\u1ed1, m\u00f3n tr\u00e1ng mi\u1ec7ng v\u00e0 nhi\u1ec1u h\u01a1n n\u1eefa, n\u00f3 ch\u1ee9a \u0111\u1ea7y \u0111\u1ee7 vitamin, ch\u1ea5t ch\u1ed1ng oxy h\u00f3a v\u00e0 ch\u1ea5t x\u01a1. Ti\u1ec7n l\u1ee3i, s\u1eb5n s\u00e0ng s\u1eed d\u1ee5ng v\u00e0 ho\u00e0n h\u1ea3o cho b\u1ea5t k\u1ef3 c\u00f4ng th\u1ee9c n\u00e0o quanh n\u0103m.","og_url":"https:\/\/nghiepxuan.com\/vi\/product\/chanh-day-dong-lanh-tuoi-tu-nhien-va-tien-loi\/","og_site_name":"Nghi\u1ec7p Xu\u00e2n - Xu\u1ea5t Nh\u1eadp Kh\u1ea9u N\u00f4ng S\u1ea3n","article_publisher":"https:\/\/www.facebook.com\/nongsannghiepxuan\/","article_modified_time":"2025-04-07T08:02:27+00:00","og_image":[{"width":586,"height":592,"url":"https:\/\/nghiepxuan.com\/wp-content\/uploads\/2025\/04\/Passion-Fruit-Frozen-Nghiep-Xuan.png","type":"image\/png"}],"twitter_card":"summary_large_image","twitter_site":"@PhuTonBui","twitter_misc":{"Est. reading time":"3 minutes"},"schema":{"@context":"https:\/\/schema.org","@graph":[{"@type":"WebPage","@id":"https:\/\/nghiepxuan.com\/vi\/product\/chanh-day-dong-lanh-tuoi-tu-nhien-va-tien-loi\/","url":"https:\/\/nghiepxuan.com\/vi\/product\/chanh-day-dong-lanh-tuoi-tu-nhien-va-tien-loi\/","name":"Chanh d\u00e2y \u0111\u00f4ng l\u1ea1nh - T\u01b0\u01a1i, T\u1ef1 nhi\u00ean v\u00e0 Ti\u1ec7n l\u1ee3i - Nghi\u1ec7p Xu\u00e2n - Xu\u1ea5t Nh\u1eadp Kh\u1ea9u N\u00f4ng S\u1ea3n","isPartOf":{"@id":"https:\/\/nghiepxuan.com\/vi\/#website"},"primaryImageOfPage":{"@id":"https:\/\/nghiepxuan.com\/vi\/product\/chanh-day-dong-lanh-tuoi-tu-nhien-va-tien-loi\/#primaryimage"},"image":{"@id":"https:\/\/nghiepxuan.com\/vi\/product\/chanh-day-dong-lanh-tuoi-tu-nhien-va-tien-loi\/#primaryimage"},"thumbnailUrl":"https:\/\/nghiepxuan.com\/wp-content\/uploads\/2025\/04\/Passion-Fruit-Frozen-Nghiep-Xuan.png","datePublished":"2025-04-07T07:58:35+00:00","dateModified":"2025-04-07T08:02:27+00:00","breadcrumb":{"@id":"https:\/\/nghiepxuan.com\/vi\/product\/chanh-day-dong-lanh-tuoi-tu-nhien-va-tien-loi\/#breadcrumb"},"inLanguage":"vi-VN","potentialAction":[{"@type":"ReadAction","target":["https:\/\/nghiepxuan.com\/vi\/product\/chanh-day-dong-lanh-tuoi-tu-nhien-va-tien-loi\/"]}]},{"@type":"ImageObject","inLanguage":"vi-VN","@id":"https:\/\/nghiepxuan.com\/vi\/product\/chanh-day-dong-lanh-tuoi-tu-nhien-va-tien-loi\/#primaryimage","url":"https:\/\/nghiepxuan.com\/wp-content\/uploads\/2025\/04\/Passion-Fruit-Frozen-Nghiep-Xuan.png","contentUrl":"https:\/\/nghiepxuan.com\/wp-content\/uploads\/2025\/04\/Passion-Fruit-Frozen-Nghiep-Xuan.png","width":586,"height":592},{"@type":"BreadcrumbList","@id":"https:\/\/nghiepxuan.com\/vi\/product\/chanh-day-dong-lanh-tuoi-tu-nhien-va-tien-loi\/#breadcrumb","itemListElement":[{"@type":"ListItem","position":1,"name":"Home","item":"https:\/\/nghiepxuan.com\/vi\/"},{"@type":"ListItem","position":2,"name":"C\u1eeda h\u00e0ng","item":"https:\/\/nghiepxuan.com\/vi\/shop\/"},{"@type":"ListItem","position":3,"name":"Chanh d\u00e2y \u0111\u00f4ng l\u1ea1nh &#8211; T\u01b0\u01a1i, T\u1ef1 nhi\u00ean v\u00e0 Ti\u1ec7n l\u1ee3i"}]},{"@type":"WebSite","@id":"https:\/\/nghiepxuan.com\/vi\/#website","url":"https:\/\/nghiepxuan.com\/vi\/","name":"Nghiep Xuan - Agricultural Import and Export","description":"Nu\u00f4i d\u01b0\u1ee1ng thi\u00ean nhi\u00ean, thu ho\u1ea1ch s\u1ee9c kh\u1ecfe: \u0110i\u1ec3m \u0111\u1ebfn l\u1ed1i s\u1ed1ng h\u1eefu c\u01a1 c\u1ee7a b\u1ea1n","publisher":{"@id":"https:\/\/nghiepxuan.com\/vi\/#organization"},"potentialAction":[{"@type":"SearchAction","target":{"@type":"EntryPoint","urlTemplate":"https:\/\/nghiepxuan.com\/vi\/?s={search_term_string}"},"query-input":{"@type":"PropertyValueSpecification","valueRequired":true,"valueName":"search_term_string"}}],"inLanguage":"vi-VN"},{"@type":"Organization","@id":"https:\/\/nghiepxuan.com\/vi\/#organization","name":"Nghiep Xuan - Agricultural Import and Export","url":"https:\/\/nghiepxuan.com\/vi\/","logo":{"@type":"ImageObject","inLanguage":"vi-VN","@id":"https:\/\/nghiepxuan.com\/vi\/#\/schema\/logo\/image\/","url":"https:\/\/nghiepxuan.com\/wp-content\/uploads\/2025\/04\/Nghiep-Xuan-Logo-4.png","contentUrl":"https:\/\/nghiepxuan.com\/wp-content\/uploads\/2025\/04\/Nghiep-Xuan-Logo-4.png","width":4167,"height":1015,"caption":"Nghiep Xuan - Agricultural Import and Export"},"image":{"@id":"https:\/\/nghiepxuan.com\/vi\/#\/schema\/logo\/image\/"},"sameAs":["https:\/\/www.facebook.com\/nongsannghiepxuan\/","https:\/\/x.com\/PhuTonBui","https:\/\/www.instagram.com\/xuatnhapkhaunghiepxuan\/","https:\/\/www.youtube.com\/@nongsannghiepxuan2066","https:\/\/www.tiktok.com\/@nghiepxuan"]}]}},"_links":{"self":[{"href":"https:\/\/nghiepxuan.com\/vi\/wp-json\/wp\/v2\/product\/8371","targetHints":{"allow":["GET"]}}],"collection":[{"href":"https:\/\/nghiepxuan.com\/vi\/wp-json\/wp\/v2\/product"}],"about":[{"href":"https:\/\/nghiepxuan.com\/vi\/wp-json\/wp\/v2\/types\/product"}],"replies":[{"embeddable":true,"href":"https:\/\/nghiepxuan.com\/vi\/wp-json\/wp\/v2\/comments?post=8371"}],"version-history":[{"count":1,"href":"https:\/\/nghiepxuan.com\/vi\/wp-json\/wp\/v2\/product\/8371\/revisions"}],"predecessor-version":[{"id":8401,"href":"https:\/\/nghiepxuan.com\/vi\/wp-json\/wp\/v2\/product\/8371\/revisions\/8401"}],"wp:featuredmedia":[{"embeddable":true,"href":"https:\/\/nghiepxuan.com\/vi\/wp-json\/wp\/v2\/media\/8339"}],"wp:attachment":[{"href":"https:\/\/nghiepxuan.com\/vi\/wp-json\/wp\/v2\/media?parent=8371"}],"wp:term":[{"taxonomy":"product_brand","embeddable":true,"href":"https:\/\/nghiepxuan.com\/vi\/wp-json\/wp\/v2\/product_brand?post=8371"},{"taxonomy":"product_cat","embeddable":true,"href":"https:\/\/nghiepxuan.com\/vi\/wp-json\/wp\/v2\/product_cat?post=8371"},{"taxonomy":"product_tag","embeddable":true,"href":"https:\/\/nghiepxuan.com\/vi\/wp-json\/wp\/v2\/product_tag?post=8371"}],"curies":[{"name":"wp","href":"https:\/\/api.w.org\/{rel}","templated":true}]}}