{"id":8285,"date":"2025-04-12T02:58:29","date_gmt":"2025-04-12T02:58:29","guid":{"rendered":"https:\/\/nghiepxuan.com\/product\/chanh-day-ngot-chua-va-chua-nhieu-chat-dinh-duong\/"},"modified":"2025-04-07T06:34:31","modified_gmt":"2025-04-07T06:34:31","slug":"chanh-day-ngot-chua-va-chua-nhieu-chat-dinh-duong","status":"publish","type":"product","link":"https:\/\/nghiepxuan.com\/vi\/product\/chanh-day-ngot-chua-va-chua-nhieu-chat-dinh-duong\/","title":{"rendered":"Chanh d\u00e2y \u2013 Ng\u1ecdt, chua v\u00e0 ch\u1ee9a nhi\u1ec1u ch\u1ea5t dinh d\u01b0\u1ee1ng"},"content":{"rendered":"<p class=\"\" data-start=\"206\" data-end=\"519\">Kh\u00e1m ph\u00e1 ni\u1ec1m vui nhi\u1ec7t \u0111\u1edbi c\u1ee7a <strong data-start=\"239\" data-end=\"262\">chanh d\u00e2y t\u01b0\u01a1i<\/strong> \u2013 tr\u00e0n \u0111\u1ea7y h\u01b0\u01a1ng v\u1ecb, gi\u00e0u ch\u1ea5t dinh d\u01b0\u1ee1ng v\u00e0 \u0111\u01b0\u1ee3c tr\u1ed3ng t\u1ef1 nhi\u00ean m\u00e0 kh\u00f4ng c\u00f3 h\u00f3a ch\u1ea5t \u0111\u1ed9c h\u1ea1i. Chanh d\u00e2y ch\u1ea5t l\u01b0\u1ee3ng cao c\u1ee7a ch\u00fang t\u00f4i \u0111\u01b0\u1ee3c h\u00e1i b\u1eb1ng tay \u0111\u1ec3 \u0111\u1ea3m b\u1ea3o \u0111\u1ed9 ch\u00edn ho\u00e0n h\u1ea3o, mang \u0111\u1ebfn h\u01b0\u01a1ng v\u1ecb chua chua ngon mi\u1ec7ng v\u00e0 h\u01b0\u01a1ng th\u01a1m n\u1ed3ng n\u00e0n gi\u00fap n\u00e2ng t\u1ea7m b\u1ea5t k\u1ef3 c\u00f4ng th\u1ee9c ho\u1eb7c \u0111\u1ed3 u\u1ed1ng n\u00e0o. <\/p>\n<p class=\"\" data-start=\"521\" data-end=\"756\">Ch\u1ee9a nhi\u1ec1u <strong data-start=\"533\" data-end=\"546\">vitamin C<\/strong> , <strong data-start=\"548\" data-end=\"564\">ch\u1ea5t ch\u1ed1ng oxy h\u00f3a<\/strong> v\u00e0 <strong data-start=\"570\" data-end=\"579\">ch\u1ea5t x\u01a1<\/strong> , chanh d\u00e2y kh\u00f4ng ch\u1ec9 ngon m\u00e0 c\u00f2n r\u1ea5t t\u1ed1t cho s\u1ee9c kh\u1ecfe c\u1ee7a b\u1ea1n. L\u00fd t\u01b0\u1edfng cho sinh t\u1ed1, m\u00f3n tr\u00e1ng mi\u1ec7ng, n\u01b0\u1edbc \u00e9p ho\u1eb7c ch\u1ec9 \u0111\u01a1n gi\u1ea3n l\u00e0 \u0103n t\u01b0\u01a1i &#8211; \u0111\u00e2y l\u00e0 l\u1ef1a ch\u1ecdn ho\u00e0n h\u1ea3o cho l\u1ed1i s\u1ed1ng l\u00e0nh m\u1ea1nh. <\/p>\n<p class=\"\" data-start=\"758\" data-end=\"909\">\u2714 100% h\u1eefu c\u01a1 v\u00e0 t\u01b0\u01a1i t\u1eeb trang tr\u1ea1i<br data-start=\"787\" data-end=\"790\"> \u2714 H\u01b0\u01a1ng v\u1ecb chua ng\u1ecdt c\u00f3 m\u00f9i th\u01a1m n\u1ed3ng n\u00e0n<br data-start=\"831\" data-end=\"834\"> \u2714 H\u1ed7 tr\u1ee3 ti\u00eau h\u00f3a v\u00e0 t\u0103ng c\u01b0\u1eddng kh\u1ea3 n\u0103ng mi\u1ec5n d\u1ecbch<br data-start=\"874\" data-end=\"877\"> \u2714 Giao h\u00e0ng to\u00e0n qu\u1ed1c thu\u1eadn ti\u1ec7n<\/p>\n<p class=\"\" data-start=\"911\" data-end=\"1005\">H\u00e3y \u0111\u1eb7t mua <strong data-start=\"930\" data-end=\"958\">chanh d\u00e2y Vi\u1ec7t Nam<\/strong> h\u1ea3o h\u1ea1ng ngay h\u00f4m nay v\u00e0 mang h\u01b0\u01a1ng v\u1ecb nhi\u1ec7t \u0111\u1edbi v\u1ec1 nh\u00e0 nh\u00e9!<\/p>\n","protected":false},"excerpt":{"rendered":"<ul>\n<li>Chanh d\u00e2y t\u01b0\u01a1i h\u1eefu c\u01a1 c\u1ee7a Vi\u1ec7t Nam c\u00f3 h\u01b0\u01a1ng v\u1ecb chua ng\u1ecdt v\u00e0 h\u01b0\u01a1ng th\u01a1m n\u1ed3ng n\u00e0n. Ch\u1ee9a nhi\u1ec1u vitamin v\u00e0 ch\u1ea5t ch\u1ed1ng oxy h\u00f3a \u2013 ho\u00e0n h\u1ea3o cho n\u01b0\u1edbc \u00e9p, m\u00f3n tr\u00e1ng mi\u1ec7ng v\u00e0 \u0111\u1ed3 \u0103n nh\u1eb9 l\u00e0nh m\u1ea1nh. <\/li>\n<\/ul>\n","protected":false},"featured_media":8253,"comment_status":"open","ping_status":"closed","template":"","meta":{"content-type":""},"product_brand":[],"product_cat":[168],"product_tag":[],"class_list":{"0":"post-8285","1":"product","2":"type-product","3":"status-publish","4":"has-post-thumbnail","6":"product_cat-fruits-vi","8":"first","9":"instock","10":"sale","11":"shipping-taxable","12":"purchasable","13":"product-type-variable","14":"has-default-attributes"},"yoast_head":"<!-- This site is optimized with the Yoast SEO plugin v26.9 - https:\/\/yoast.com\/product\/yoast-seo-wordpress\/ -->\n<title>Chanh d\u00e2y \u2013 Ng\u1ecdt, chua v\u00e0 ch\u1ee9a nhi\u1ec1u ch\u1ea5t dinh d\u01b0\u1ee1ng - Nghi\u1ec7p Xu\u00e2n - Xu\u1ea5t Nh\u1eadp Kh\u1ea9u N\u00f4ng S\u1ea3n<\/title>\n<meta name=\"robots\" content=\"index, follow, max-snippet:-1, max-image-preview:large, max-video-preview:-1\" \/>\n<link rel=\"canonical\" href=\"https:\/\/nghiepxuan.com\/vi\/product\/chanh-day-ngot-chua-va-chua-nhieu-chat-dinh-duong\/\" \/>\n<meta property=\"og:locale\" content=\"vi_VN\" \/>\n<meta property=\"og:type\" content=\"article\" \/>\n<meta property=\"og:title\" content=\"Chanh d\u00e2y \u2013 Ng\u1ecdt, chua v\u00e0 ch\u1ee9a nhi\u1ec1u ch\u1ea5t dinh d\u01b0\u1ee1ng - Nghi\u1ec7p Xu\u00e2n - Xu\u1ea5t Nh\u1eadp Kh\u1ea9u N\u00f4ng S\u1ea3n\" \/>\n<meta property=\"og:description\" content=\"Chanh d\u00e2y t\u01b0\u01a1i h\u1eefu c\u01a1 c\u1ee7a Vi\u1ec7t Nam c\u00f3 h\u01b0\u01a1ng v\u1ecb chua ng\u1ecdt v\u00e0 h\u01b0\u01a1ng th\u01a1m n\u1ed3ng n\u00e0n. Ch\u1ee9a nhi\u1ec1u vitamin v\u00e0 ch\u1ea5t ch\u1ed1ng oxy h\u00f3a \u2013 ho\u00e0n h\u1ea3o cho n\u01b0\u1edbc \u00e9p, m\u00f3n tr\u00e1ng mi\u1ec7ng v\u00e0 \u0111\u1ed3 \u0103n nh\u1eb9 l\u00e0nh m\u1ea1nh.\" \/>\n<meta property=\"og:url\" content=\"https:\/\/nghiepxuan.com\/vi\/product\/chanh-day-ngot-chua-va-chua-nhieu-chat-dinh-duong\/\" \/>\n<meta property=\"og:site_name\" content=\"Nghi\u1ec7p Xu\u00e2n - Xu\u1ea5t Nh\u1eadp Kh\u1ea9u N\u00f4ng S\u1ea3n\" \/>\n<meta property=\"article:publisher\" content=\"https:\/\/www.facebook.com\/nongsannghiepxuan\/\" \/>\n<meta property=\"og:image\" content=\"https:\/\/nghiepxuan.com\/wp-content\/uploads\/2025\/04\/passion-fruits.jpg\" \/>\n\t<meta property=\"og:image:width\" content=\"1417\" \/>\n\t<meta property=\"og:image:height\" content=\"1134\" \/>\n\t<meta property=\"og:image:type\" content=\"image\/jpeg\" \/>\n<meta name=\"twitter:card\" content=\"summary_large_image\" \/>\n<meta name=\"twitter:site\" content=\"@PhuTonBui\" \/>\n<meta name=\"twitter:label1\" content=\"Est. reading time\" \/>\n\t<meta name=\"twitter:data1\" content=\"1 minute\" \/>\n<script type=\"application\/ld+json\" class=\"yoast-schema-graph\">{\"@context\":\"https:\/\/schema.org\",\"@graph\":[{\"@type\":\"WebPage\",\"@id\":\"https:\/\/nghiepxuan.com\/vi\/product\/chanh-day-ngot-chua-va-chua-nhieu-chat-dinh-duong\/\",\"url\":\"https:\/\/nghiepxuan.com\/vi\/product\/chanh-day-ngot-chua-va-chua-nhieu-chat-dinh-duong\/\",\"name\":\"Chanh d\u00e2y \u2013 Ng\u1ecdt, chua v\u00e0 ch\u1ee9a nhi\u1ec1u ch\u1ea5t dinh d\u01b0\u1ee1ng - Nghi\u1ec7p Xu\u00e2n - Xu\u1ea5t Nh\u1eadp Kh\u1ea9u N\u00f4ng S\u1ea3n\",\"isPartOf\":{\"@id\":\"https:\/\/nghiepxuan.com\/vi\/#website\"},\"primaryImageOfPage\":{\"@id\":\"https:\/\/nghiepxuan.com\/vi\/product\/chanh-day-ngot-chua-va-chua-nhieu-chat-dinh-duong\/#primaryimage\"},\"image\":{\"@id\":\"https:\/\/nghiepxuan.com\/vi\/product\/chanh-day-ngot-chua-va-chua-nhieu-chat-dinh-duong\/#primaryimage\"},\"thumbnailUrl\":\"https:\/\/nghiepxuan.com\/wp-content\/uploads\/2025\/04\/passion-fruits.jpg\",\"datePublished\":\"2025-04-12T02:58:29+00:00\",\"breadcrumb\":{\"@id\":\"https:\/\/nghiepxuan.com\/vi\/product\/chanh-day-ngot-chua-va-chua-nhieu-chat-dinh-duong\/#breadcrumb\"},\"inLanguage\":\"vi-VN\",\"potentialAction\":[{\"@type\":\"ReadAction\",\"target\":[\"https:\/\/nghiepxuan.com\/vi\/product\/chanh-day-ngot-chua-va-chua-nhieu-chat-dinh-duong\/\"]}]},{\"@type\":\"ImageObject\",\"inLanguage\":\"vi-VN\",\"@id\":\"https:\/\/nghiepxuan.com\/vi\/product\/chanh-day-ngot-chua-va-chua-nhieu-chat-dinh-duong\/#primaryimage\",\"url\":\"https:\/\/nghiepxuan.com\/wp-content\/uploads\/2025\/04\/passion-fruits.jpg\",\"contentUrl\":\"https:\/\/nghiepxuan.com\/wp-content\/uploads\/2025\/04\/passion-fruits.jpg\",\"width\":1417,\"height\":1134},{\"@type\":\"BreadcrumbList\",\"@id\":\"https:\/\/nghiepxuan.com\/vi\/product\/chanh-day-ngot-chua-va-chua-nhieu-chat-dinh-duong\/#breadcrumb\",\"itemListElement\":[{\"@type\":\"ListItem\",\"position\":1,\"name\":\"Home\",\"item\":\"https:\/\/nghiepxuan.com\/vi\/\"},{\"@type\":\"ListItem\",\"position\":2,\"name\":\"C\u1eeda h\u00e0ng\",\"item\":\"https:\/\/nghiepxuan.com\/vi\/shop\/\"},{\"@type\":\"ListItem\",\"position\":3,\"name\":\"Chanh d\u00e2y \u2013 Ng\u1ecdt, chua v\u00e0 ch\u1ee9a nhi\u1ec1u ch\u1ea5t dinh d\u01b0\u1ee1ng\"}]},{\"@type\":\"WebSite\",\"@id\":\"https:\/\/nghiepxuan.com\/vi\/#website\",\"url\":\"https:\/\/nghiepxuan.com\/vi\/\",\"name\":\"Nghiep Xuan - Agricultural Import and Export\",\"description\":\"Nu\u00f4i d\u01b0\u1ee1ng thi\u00ean nhi\u00ean, thu ho\u1ea1ch s\u1ee9c kh\u1ecfe: \u0110i\u1ec3m \u0111\u1ebfn l\u1ed1i s\u1ed1ng h\u1eefu c\u01a1 c\u1ee7a b\u1ea1n\",\"publisher\":{\"@id\":\"https:\/\/nghiepxuan.com\/vi\/#organization\"},\"potentialAction\":[{\"@type\":\"SearchAction\",\"target\":{\"@type\":\"EntryPoint\",\"urlTemplate\":\"https:\/\/nghiepxuan.com\/vi\/?s={search_term_string}\"},\"query-input\":{\"@type\":\"PropertyValueSpecification\",\"valueRequired\":true,\"valueName\":\"search_term_string\"}}],\"inLanguage\":\"vi-VN\"},{\"@type\":\"Organization\",\"@id\":\"https:\/\/nghiepxuan.com\/vi\/#organization\",\"name\":\"Nghiep Xuan - Agricultural Import and Export\",\"url\":\"https:\/\/nghiepxuan.com\/vi\/\",\"logo\":{\"@type\":\"ImageObject\",\"inLanguage\":\"vi-VN\",\"@id\":\"https:\/\/nghiepxuan.com\/vi\/#\/schema\/logo\/image\/\",\"url\":\"https:\/\/nghiepxuan.com\/wp-content\/uploads\/2025\/04\/Nghiep-Xuan-Logo-4.png\",\"contentUrl\":\"https:\/\/nghiepxuan.com\/wp-content\/uploads\/2025\/04\/Nghiep-Xuan-Logo-4.png\",\"width\":4167,\"height\":1015,\"caption\":\"Nghiep Xuan - Agricultural Import and Export\"},\"image\":{\"@id\":\"https:\/\/nghiepxuan.com\/vi\/#\/schema\/logo\/image\/\"},\"sameAs\":[\"https:\/\/www.facebook.com\/nongsannghiepxuan\/\",\"https:\/\/x.com\/PhuTonBui\",\"https:\/\/www.instagram.com\/xuatnhapkhaunghiepxuan\/\",\"https:\/\/www.youtube.com\/@nongsannghiepxuan2066\",\"https:\/\/www.tiktok.com\/@nghiepxuan\"]}]}<\/script>\n<!-- \/ Yoast SEO plugin. -->","yoast_head_json":{"title":"Chanh d\u00e2y \u2013 Ng\u1ecdt, chua v\u00e0 ch\u1ee9a nhi\u1ec1u ch\u1ea5t dinh d\u01b0\u1ee1ng - Nghi\u1ec7p Xu\u00e2n - Xu\u1ea5t Nh\u1eadp Kh\u1ea9u N\u00f4ng S\u1ea3n","robots":{"index":"index","follow":"follow","max-snippet":"max-snippet:-1","max-image-preview":"max-image-preview:large","max-video-preview":"max-video-preview:-1"},"canonical":"https:\/\/nghiepxuan.com\/vi\/product\/chanh-day-ngot-chua-va-chua-nhieu-chat-dinh-duong\/","og_locale":"vi_VN","og_type":"article","og_title":"Chanh d\u00e2y \u2013 Ng\u1ecdt, chua v\u00e0 ch\u1ee9a nhi\u1ec1u ch\u1ea5t dinh d\u01b0\u1ee1ng - Nghi\u1ec7p Xu\u00e2n - Xu\u1ea5t Nh\u1eadp Kh\u1ea9u N\u00f4ng S\u1ea3n","og_description":"Chanh d\u00e2y t\u01b0\u01a1i h\u1eefu c\u01a1 c\u1ee7a Vi\u1ec7t Nam c\u00f3 h\u01b0\u01a1ng v\u1ecb chua ng\u1ecdt v\u00e0 h\u01b0\u01a1ng th\u01a1m n\u1ed3ng n\u00e0n. Ch\u1ee9a nhi\u1ec1u vitamin v\u00e0 ch\u1ea5t ch\u1ed1ng oxy h\u00f3a \u2013 ho\u00e0n h\u1ea3o cho n\u01b0\u1edbc \u00e9p, m\u00f3n tr\u00e1ng mi\u1ec7ng v\u00e0 \u0111\u1ed3 \u0103n nh\u1eb9 l\u00e0nh m\u1ea1nh.","og_url":"https:\/\/nghiepxuan.com\/vi\/product\/chanh-day-ngot-chua-va-chua-nhieu-chat-dinh-duong\/","og_site_name":"Nghi\u1ec7p Xu\u00e2n - Xu\u1ea5t Nh\u1eadp Kh\u1ea9u N\u00f4ng S\u1ea3n","article_publisher":"https:\/\/www.facebook.com\/nongsannghiepxuan\/","og_image":[{"width":1417,"height":1134,"url":"https:\/\/nghiepxuan.com\/wp-content\/uploads\/2025\/04\/passion-fruits.jpg","type":"image\/jpeg"}],"twitter_card":"summary_large_image","twitter_site":"@PhuTonBui","twitter_misc":{"Est. reading time":"1 minute"},"schema":{"@context":"https:\/\/schema.org","@graph":[{"@type":"WebPage","@id":"https:\/\/nghiepxuan.com\/vi\/product\/chanh-day-ngot-chua-va-chua-nhieu-chat-dinh-duong\/","url":"https:\/\/nghiepxuan.com\/vi\/product\/chanh-day-ngot-chua-va-chua-nhieu-chat-dinh-duong\/","name":"Chanh d\u00e2y \u2013 Ng\u1ecdt, chua v\u00e0 ch\u1ee9a nhi\u1ec1u ch\u1ea5t dinh d\u01b0\u1ee1ng - Nghi\u1ec7p Xu\u00e2n - Xu\u1ea5t Nh\u1eadp Kh\u1ea9u N\u00f4ng S\u1ea3n","isPartOf":{"@id":"https:\/\/nghiepxuan.com\/vi\/#website"},"primaryImageOfPage":{"@id":"https:\/\/nghiepxuan.com\/vi\/product\/chanh-day-ngot-chua-va-chua-nhieu-chat-dinh-duong\/#primaryimage"},"image":{"@id":"https:\/\/nghiepxuan.com\/vi\/product\/chanh-day-ngot-chua-va-chua-nhieu-chat-dinh-duong\/#primaryimage"},"thumbnailUrl":"https:\/\/nghiepxuan.com\/wp-content\/uploads\/2025\/04\/passion-fruits.jpg","datePublished":"2025-04-12T02:58:29+00:00","breadcrumb":{"@id":"https:\/\/nghiepxuan.com\/vi\/product\/chanh-day-ngot-chua-va-chua-nhieu-chat-dinh-duong\/#breadcrumb"},"inLanguage":"vi-VN","potentialAction":[{"@type":"ReadAction","target":["https:\/\/nghiepxuan.com\/vi\/product\/chanh-day-ngot-chua-va-chua-nhieu-chat-dinh-duong\/"]}]},{"@type":"ImageObject","inLanguage":"vi-VN","@id":"https:\/\/nghiepxuan.com\/vi\/product\/chanh-day-ngot-chua-va-chua-nhieu-chat-dinh-duong\/#primaryimage","url":"https:\/\/nghiepxuan.com\/wp-content\/uploads\/2025\/04\/passion-fruits.jpg","contentUrl":"https:\/\/nghiepxuan.com\/wp-content\/uploads\/2025\/04\/passion-fruits.jpg","width":1417,"height":1134},{"@type":"BreadcrumbList","@id":"https:\/\/nghiepxuan.com\/vi\/product\/chanh-day-ngot-chua-va-chua-nhieu-chat-dinh-duong\/#breadcrumb","itemListElement":[{"@type":"ListItem","position":1,"name":"Home","item":"https:\/\/nghiepxuan.com\/vi\/"},{"@type":"ListItem","position":2,"name":"C\u1eeda h\u00e0ng","item":"https:\/\/nghiepxuan.com\/vi\/shop\/"},{"@type":"ListItem","position":3,"name":"Chanh d\u00e2y \u2013 Ng\u1ecdt, chua v\u00e0 ch\u1ee9a nhi\u1ec1u ch\u1ea5t dinh d\u01b0\u1ee1ng"}]},{"@type":"WebSite","@id":"https:\/\/nghiepxuan.com\/vi\/#website","url":"https:\/\/nghiepxuan.com\/vi\/","name":"Nghiep Xuan - Agricultural Import and Export","description":"Nu\u00f4i d\u01b0\u1ee1ng thi\u00ean nhi\u00ean, thu ho\u1ea1ch s\u1ee9c kh\u1ecfe: \u0110i\u1ec3m \u0111\u1ebfn l\u1ed1i s\u1ed1ng h\u1eefu c\u01a1 c\u1ee7a b\u1ea1n","publisher":{"@id":"https:\/\/nghiepxuan.com\/vi\/#organization"},"potentialAction":[{"@type":"SearchAction","target":{"@type":"EntryPoint","urlTemplate":"https:\/\/nghiepxuan.com\/vi\/?s={search_term_string}"},"query-input":{"@type":"PropertyValueSpecification","valueRequired":true,"valueName":"search_term_string"}}],"inLanguage":"vi-VN"},{"@type":"Organization","@id":"https:\/\/nghiepxuan.com\/vi\/#organization","name":"Nghiep Xuan - Agricultural Import and Export","url":"https:\/\/nghiepxuan.com\/vi\/","logo":{"@type":"ImageObject","inLanguage":"vi-VN","@id":"https:\/\/nghiepxuan.com\/vi\/#\/schema\/logo\/image\/","url":"https:\/\/nghiepxuan.com\/wp-content\/uploads\/2025\/04\/Nghiep-Xuan-Logo-4.png","contentUrl":"https:\/\/nghiepxuan.com\/wp-content\/uploads\/2025\/04\/Nghiep-Xuan-Logo-4.png","width":4167,"height":1015,"caption":"Nghiep Xuan - Agricultural Import and Export"},"image":{"@id":"https:\/\/nghiepxuan.com\/vi\/#\/schema\/logo\/image\/"},"sameAs":["https:\/\/www.facebook.com\/nongsannghiepxuan\/","https:\/\/x.com\/PhuTonBui","https:\/\/www.instagram.com\/xuatnhapkhaunghiepxuan\/","https:\/\/www.youtube.com\/@nongsannghiepxuan2066","https:\/\/www.tiktok.com\/@nghiepxuan"]}]}},"_links":{"self":[{"href":"https:\/\/nghiepxuan.com\/vi\/wp-json\/wp\/v2\/product\/8285","targetHints":{"allow":["GET"]}}],"collection":[{"href":"https:\/\/nghiepxuan.com\/vi\/wp-json\/wp\/v2\/product"}],"about":[{"href":"https:\/\/nghiepxuan.com\/vi\/wp-json\/wp\/v2\/types\/product"}],"replies":[{"embeddable":true,"href":"https:\/\/nghiepxuan.com\/vi\/wp-json\/wp\/v2\/comments?post=8285"}],"version-history":[{"count":1,"href":"https:\/\/nghiepxuan.com\/vi\/wp-json\/wp\/v2\/product\/8285\/revisions"}],"predecessor-version":[{"id":8314,"href":"https:\/\/nghiepxuan.com\/vi\/wp-json\/wp\/v2\/product\/8285\/revisions\/8314"}],"wp:featuredmedia":[{"embeddable":true,"href":"https:\/\/nghiepxuan.com\/vi\/wp-json\/wp\/v2\/media\/8253"}],"wp:attachment":[{"href":"https:\/\/nghiepxuan.com\/vi\/wp-json\/wp\/v2\/media?parent=8285"}],"wp:term":[{"taxonomy":"product_brand","embeddable":true,"href":"https:\/\/nghiepxuan.com\/vi\/wp-json\/wp\/v2\/product_brand?post=8285"},{"taxonomy":"product_cat","embeddable":true,"href":"https:\/\/nghiepxuan.com\/vi\/wp-json\/wp\/v2\/product_cat?post=8285"},{"taxonomy":"product_tag","embeddable":true,"href":"https:\/\/nghiepxuan.com\/vi\/wp-json\/wp\/v2\/product_tag?post=8285"}],"curies":[{"name":"wp","href":"https:\/\/api.w.org\/{rel}","templated":true}]}}