{"id":7622,"date":"2025-04-06T01:29:25","date_gmt":"2025-04-06T01:29:25","guid":{"rendered":"https:\/\/nghiepxuan.com\/?post_type=product&#038;p=7622"},"modified":"2025-04-06T01:34:54","modified_gmt":"2025-04-06T01:34:54","slug":"thuong-thuc-su-thanh-lich-tinh-te-cua-ca-phe-arabica-copy","status":"publish","type":"product","link":"https:\/\/nghiepxuan.com\/vi\/product\/thuong-thuc-su-thanh-lich-tinh-te-cua-ca-phe-arabica-copy\/","title":{"rendered":"C\u00e0 ph\u00ea Robusta \u0111\u1eadm \u0111\u00e0 d\u00e0nh cho ng\u01b0\u1eddi y\u00eau th\u00edch Espresso"},"content":{"rendered":"<p>T\u1ea1i qu\u00e1n c\u00e0 ph\u00ea c\u1ee7a ch\u00fang t\u00f4i, ch\u00fang t\u00f4i t\u1ef1 h\u00e0o ph\u1ee5c v\u1ee5 b\u1ea1n nh\u1eefng h\u1ea1t c\u00e0 ph\u00ea Robusta h\u1ea3o h\u1ea1ng nh\u1ea5t, \u0111\u01b0\u1ee3c l\u1ea5y c\u1ea9n th\u1eadn t\u1eeb nh\u1eefng \u0111\u1ed3n \u0111i\u1ec1n c\u00e0 ph\u00ea t\u01b0\u01a1i t\u1ed1t. C\u00e0 ph\u00ea Robusta n\u1ed5i ti\u1ebfng v\u1edbi h\u01b0\u01a1ng v\u1ecb \u0111\u1eadm \u0111\u00e0, \u0111\u1eb7c tr\u01b0ng b\u1edfi h\u01b0\u01a1ng v\u1ecb s\u00e2u l\u1eafng, \u0111\u1eadm \u0111\u00e0 v\u00e0 m\u1ed9t ch\u00fat ng\u1ecdt ng\u00e0o c\u1ee7a h\u1ea1t. V\u1edbi h\u00e0m l\u01b0\u1ee3ng caffeine cao h\u01a1n so v\u1edbi lo\u1ea1i t\u01b0\u01a1ng \u0111\u01b0\u01a1ng l\u00e0 Arabica, c\u00e0 ph\u00ea Robusta mang \u0111\u1ebfn tr\u1ea3i nghi\u1ec7m m\u1ea1nh m\u1ebd v\u00e0 s\u1ea3ng kho\u00e1i m\u00e0 nh\u1eefng ng\u01b0\u1eddi \u0111am m\u00ea c\u00e0 ph\u00ea th\u00e8m mu\u1ed1n.  <\/p>\n<p>C\u00e1c barista l\u00e0nh ngh\u1ec1 c\u1ee7a ch\u00fang t\u00f4i t\u1ec9 m\u1ec9 pha ch\u1ebf t\u1eebng t\u00e1ch c\u00e0 ph\u00ea, \u0111\u1ea3m b\u1ea3o b\u1ea1n s\u1ebd tr\u1ea3i nghi\u1ec7m \u0111\u01b0\u1ee3c h\u01b0\u01a1ng v\u1ecb \u0111\u1eadm \u0111\u00e0 v\u00e0 \u0111\u1eb7c tr\u01b0ng c\u1ee7a c\u00e0 ph\u00ea Robusta. Cho d\u00f9 b\u1ea1n th\u00edch espresso c\u1ed5 \u0111i\u1ec3n, cappuccino b\u00e9o ng\u1eady hay cold brew m\u1ecbn, th\u1ef1c \u0111\u01a1n c\u1ee7a ch\u00fang t\u00f4i c\u00f3 nhi\u1ec1u lo\u1ea1i \u0111\u1ed3 u\u1ed1ng t\u1eeb Robusta \u0111\u1ec3 \u0111\u00e1p \u1ee9ng s\u1edf th\u00edch c\u1ee7a b\u1ea1n. <\/p>\n<p>C\u00e0 ph\u00ea Robusta kh\u00f4ng ch\u1ec9 l\u00e0m th\u1ecfa m\u00e3n v\u1ecb gi\u00e1c c\u1ee7a b\u1ea1n m\u00e0 c\u00f2n cung c\u1ea5p ngu\u1ed3n n\u0103ng l\u01b0\u1ee3ng d\u1ed3i d\u00e0o, khi\u1ebfn n\u00f3 tr\u1edf th\u00e0nh l\u1ef1a ch\u1ecdn ho\u00e0n h\u1ea3o cho bu\u1ed5i s\u00e1ng ho\u1eb7c b\u1eefa \u0103n nh\u1eb9 bu\u1ed5i chi\u1ec1u c\u1ee7a b\u1ea1n. Ngo\u00e0i ra, c\u00e0 ph\u00ea Robusta c\u00f2n n\u1ed5i ti\u1ebfng v\u1edbi l\u1edbp crema, l\u1edbp b\u1ecdt v\u00e0ng d\u00e0y bao ph\u1ee7 ly espresso c\u1ee7a b\u1ea1n, t\u1ea1o n\u00ean s\u1ef1 th\u00edch th\u00fa v\u1ec1 m\u1eb7t th\u1ecb gi\u00e1c cho tr\u1ea3i nghi\u1ec7m c\u00e0 ph\u00ea c\u1ee7a b\u1ea1n. <\/p>\n<p>B\u01b0\u1edbc v\u00e0o qu\u00e1n c\u00e0 ph\u00ea c\u1ee7a ch\u00fang t\u00f4i v\u00e0 b\u1eaft \u0111\u1ea7u m\u1ed9t cu\u1ed9c h\u00e0nh tr\u00ecnh c\u1ee7a h\u01b0\u01a1ng v\u1ecb v\u00e0 h\u01b0\u01a1ng th\u01a1m v\u1edbi c\u00e1c d\u1ecbch v\u1ee5 c\u00e0 ph\u00ea Robusta \u0111\u1eb7c bi\u1ec7t c\u1ee7a ch\u00fang t\u00f4i. B\u1ea7u kh\u00f4ng kh\u00ed \u1ea5m c\u00fang v\u00e0 \u0111\u1ed9i ng\u0169 nh\u00e2n vi\u00ean th\u00e2n thi\u1ec7n c\u1ee7a ch\u00fang t\u00f4i t\u1ea1o ra b\u1ea7u kh\u00f4ng kh\u00ed l\u00fd t\u01b0\u1edfng \u0111\u1ec3 b\u1ea1n th\u01b0 gi\u00e3n, th\u01b0 gi\u00e3n v\u00e0 th\u01b0\u1edfng th\u1ee9c t\u1eebng ng\u1ee5m. Cho d\u00f9 b\u1ea1n l\u00e0 ng\u01b0\u1eddi s\u00e0nh c\u00e0 ph\u00ea hay ch\u1ec9 l\u00e0 ng\u01b0\u1eddi y\u00eau th\u00edch c\u00e0 ph\u00ea th\u00f4ng th\u01b0\u1eddng, c\u00e0 ph\u00ea Robusta c\u1ee7a ch\u00fang t\u00f4i s\u1ebd khi\u1ebfn b\u1ea1n th\u00e8m mu\u1ed1n nhi\u1ec1u h\u01a1n.<\/p>\n","protected":false},"excerpt":{"rendered":"<p>T\u1eadn h\u01b0\u1edfng s\u1ee9c h\u1ea5p d\u1eabn \u0111\u1eadm \u0111\u00e0 c\u1ee7a c\u00e0 ph\u00ea Robusta t\u1ea1i C\u00e0 ph\u00ea c\u1ee7a ch\u00fang t\u00f4i. C\u00f3 ngu\u1ed3n g\u1ed1c t\u1eeb c\u00e1c \u0111\u1ed3n \u0111i\u1ec1n t\u1ed1t nh\u1ea5t, c\u00e0 ph\u00ea Robusta c\u1ee7a ch\u00fang t\u00f4i mang \u0111\u1ebfn h\u01b0\u01a1ng v\u1ecb \u0111\u1ea5t m\u1ea1nh m\u1ebd v\u1edbi m\u1ed9t ch\u00fat h\u1ea5p d\u1eabn, t\u1ea1o ra tr\u1ea3i nghi\u1ec7m c\u00e0 ph\u00ea th\u1ef1c s\u1ef1 \u0111\u1eb7c bi\u1ec7t. Cho d\u00f9 b\u1ea1n th\u00edch n\u00f3 nh\u01b0 m\u1ed9t t\u00e1ch espresso m\u1ea1nh, latte m\u01b0\u1ee3t m\u00e0 hay cold brew s\u1ea3ng kho\u00e1i, nh\u1eefng s\u00e1ng t\u1ea1o Robusta c\u1ee7a ch\u00fang t\u00f4i h\u1ee9a h\u1eb9n m\u1ed9t h\u01b0\u01a1ng v\u1ecb m\u00e3nh li\u1ec7t, th\u1ecfa m\u00e3n \u0111\u1ecdng l\u1ea1i tr\u00ean v\u00f2m mi\u1ec7ng c\u1ee7a b\u1ea1n. N\u00e2ng t\u1ea7m kho\u1ea3nh kh\u1eafc c\u00e0 ph\u00ea c\u1ee7a b\u1ea1n v\u1edbi c\u00e1c s\u1ea3n ph\u1ea9m Robusta \u0111\u1eb7c bi\u1ec7t c\u1ee7a ch\u00fang t\u00f4i, n\u01a1i m\u1ed7i t\u00e1ch c\u00e0 ph\u00ea k\u1ec3 m\u1ed9t c\u00e2u chuy\u1ec7n v\u1ec1 ni\u1ec1m \u0111am m\u00ea v\u00e0 s\u1ef1 ho\u00e0n h\u1ea3o.<\/p>\n","protected":false},"featured_media":4530,"comment_status":"open","ping_status":"closed","template":"","meta":{"content-type":""},"product_brand":[],"product_cat":[151],"product_tag":[555],"class_list":{"0":"post-7622","1":"product","2":"type-product","3":"status-publish","4":"has-post-thumbnail","6":"product_cat-cafe-cashew-nuts-pepper-vi","7":"product_tag-ca-phe","9":"first","10":"instock","11":"sale","12":"shipping-taxable","13":"purchasable","14":"product-type-variable","15":"has-default-attributes"},"yoast_head":"<!-- This site is optimized with the Yoast SEO plugin v26.9 - https:\/\/yoast.com\/product\/yoast-seo-wordpress\/ -->\n<title>C\u00e0 ph\u00ea Robusta \u0111\u1eadm \u0111\u00e0 d\u00e0nh cho ng\u01b0\u1eddi y\u00eau th\u00edch Espresso - Nghi\u1ec7p Xu\u00e2n - Xu\u1ea5t Nh\u1eadp Kh\u1ea9u N\u00f4ng S\u1ea3n<\/title>\n<meta name=\"robots\" content=\"index, follow, max-snippet:-1, max-image-preview:large, max-video-preview:-1\" \/>\n<link rel=\"canonical\" href=\"https:\/\/nghiepxuan.com\/vi\/product\/thuong-thuc-su-thanh-lich-tinh-te-cua-ca-phe-arabica-copy\/\" \/>\n<meta property=\"og:locale\" content=\"vi_VN\" \/>\n<meta property=\"og:type\" content=\"article\" \/>\n<meta property=\"og:title\" content=\"C\u00e0 ph\u00ea Robusta \u0111\u1eadm \u0111\u00e0 d\u00e0nh cho ng\u01b0\u1eddi y\u00eau th\u00edch Espresso - Nghi\u1ec7p Xu\u00e2n - Xu\u1ea5t Nh\u1eadp Kh\u1ea9u N\u00f4ng S\u1ea3n\" \/>\n<meta property=\"og:description\" content=\"T\u1eadn h\u01b0\u1edfng s\u1ee9c h\u1ea5p d\u1eabn \u0111\u1eadm \u0111\u00e0 c\u1ee7a c\u00e0 ph\u00ea Robusta t\u1ea1i C\u00e0 ph\u00ea c\u1ee7a ch\u00fang t\u00f4i. C\u00f3 ngu\u1ed3n g\u1ed1c t\u1eeb c\u00e1c \u0111\u1ed3n \u0111i\u1ec1n t\u1ed1t nh\u1ea5t, c\u00e0 ph\u00ea Robusta c\u1ee7a ch\u00fang t\u00f4i mang \u0111\u1ebfn h\u01b0\u01a1ng v\u1ecb \u0111\u1ea5t m\u1ea1nh m\u1ebd v\u1edbi m\u1ed9t ch\u00fat h\u1ea5p d\u1eabn, t\u1ea1o ra tr\u1ea3i nghi\u1ec7m c\u00e0 ph\u00ea th\u1ef1c s\u1ef1 \u0111\u1eb7c bi\u1ec7t. Cho d\u00f9 b\u1ea1n th\u00edch n\u00f3 nh\u01b0 m\u1ed9t t\u00e1ch espresso m\u1ea1nh, latte m\u01b0\u1ee3t m\u00e0 hay cold brew s\u1ea3ng kho\u00e1i, nh\u1eefng s\u00e1ng t\u1ea1o Robusta c\u1ee7a ch\u00fang t\u00f4i h\u1ee9a h\u1eb9n m\u1ed9t h\u01b0\u01a1ng v\u1ecb m\u00e3nh li\u1ec7t, th\u1ecfa m\u00e3n \u0111\u1ecdng l\u1ea1i tr\u00ean v\u00f2m mi\u1ec7ng c\u1ee7a b\u1ea1n. N\u00e2ng t\u1ea7m kho\u1ea3nh kh\u1eafc c\u00e0 ph\u00ea c\u1ee7a b\u1ea1n v\u1edbi c\u00e1c s\u1ea3n ph\u1ea9m Robusta \u0111\u1eb7c bi\u1ec7t c\u1ee7a ch\u00fang t\u00f4i, n\u01a1i m\u1ed7i t\u00e1ch c\u00e0 ph\u00ea k\u1ec3 m\u1ed9t c\u00e2u chuy\u1ec7n v\u1ec1 ni\u1ec1m \u0111am m\u00ea v\u00e0 s\u1ef1 ho\u00e0n h\u1ea3o.\" \/>\n<meta property=\"og:url\" content=\"https:\/\/nghiepxuan.com\/vi\/product\/thuong-thuc-su-thanh-lich-tinh-te-cua-ca-phe-arabica-copy\/\" \/>\n<meta property=\"og:site_name\" content=\"Nghi\u1ec7p Xu\u00e2n - Xu\u1ea5t Nh\u1eadp Kh\u1ea9u N\u00f4ng S\u1ea3n\" \/>\n<meta property=\"article:publisher\" content=\"https:\/\/www.facebook.com\/nongsannghiepxuan\/\" \/>\n<meta property=\"article:modified_time\" content=\"2025-04-06T01:34:54+00:00\" \/>\n<meta property=\"og:image\" content=\"https:\/\/nghiepxuan.com\/wp-content\/uploads\/2023\/10\/Asset-4-100.jpg\" \/>\n\t<meta property=\"og:image:width\" content=\"900\" \/>\n\t<meta property=\"og:image:height\" content=\"500\" \/>\n\t<meta property=\"og:image:type\" content=\"image\/jpeg\" \/>\n<meta name=\"twitter:card\" content=\"summary_large_image\" \/>\n<meta name=\"twitter:site\" content=\"@PhuTonBui\" \/>\n<meta name=\"twitter:label1\" content=\"Est. reading time\" \/>\n\t<meta name=\"twitter:data1\" content=\"3 minutes\" \/>\n<script type=\"application\/ld+json\" class=\"yoast-schema-graph\">{\"@context\":\"https:\/\/schema.org\",\"@graph\":[{\"@type\":\"WebPage\",\"@id\":\"https:\/\/nghiepxuan.com\/vi\/product\/thuong-thuc-su-thanh-lich-tinh-te-cua-ca-phe-arabica-copy\/\",\"url\":\"https:\/\/nghiepxuan.com\/vi\/product\/thuong-thuc-su-thanh-lich-tinh-te-cua-ca-phe-arabica-copy\/\",\"name\":\"C\u00e0 ph\u00ea Robusta \u0111\u1eadm \u0111\u00e0 d\u00e0nh cho ng\u01b0\u1eddi y\u00eau th\u00edch Espresso - Nghi\u1ec7p Xu\u00e2n - Xu\u1ea5t Nh\u1eadp Kh\u1ea9u N\u00f4ng S\u1ea3n\",\"isPartOf\":{\"@id\":\"https:\/\/nghiepxuan.com\/vi\/#website\"},\"primaryImageOfPage\":{\"@id\":\"https:\/\/nghiepxuan.com\/vi\/product\/thuong-thuc-su-thanh-lich-tinh-te-cua-ca-phe-arabica-copy\/#primaryimage\"},\"image\":{\"@id\":\"https:\/\/nghiepxuan.com\/vi\/product\/thuong-thuc-su-thanh-lich-tinh-te-cua-ca-phe-arabica-copy\/#primaryimage\"},\"thumbnailUrl\":\"https:\/\/nghiepxuan.com\/wp-content\/uploads\/2023\/10\/Asset-4-100.jpg\",\"datePublished\":\"2025-04-06T01:29:25+00:00\",\"dateModified\":\"2025-04-06T01:34:54+00:00\",\"breadcrumb\":{\"@id\":\"https:\/\/nghiepxuan.com\/vi\/product\/thuong-thuc-su-thanh-lich-tinh-te-cua-ca-phe-arabica-copy\/#breadcrumb\"},\"inLanguage\":\"vi-VN\",\"potentialAction\":[{\"@type\":\"ReadAction\",\"target\":[\"https:\/\/nghiepxuan.com\/vi\/product\/thuong-thuc-su-thanh-lich-tinh-te-cua-ca-phe-arabica-copy\/\"]}]},{\"@type\":\"ImageObject\",\"inLanguage\":\"vi-VN\",\"@id\":\"https:\/\/nghiepxuan.com\/vi\/product\/thuong-thuc-su-thanh-lich-tinh-te-cua-ca-phe-arabica-copy\/#primaryimage\",\"url\":\"https:\/\/nghiepxuan.com\/wp-content\/uploads\/2023\/10\/Asset-4-100.jpg\",\"contentUrl\":\"https:\/\/nghiepxuan.com\/wp-content\/uploads\/2023\/10\/Asset-4-100.jpg\",\"width\":900,\"height\":500,\"caption\":\"Bold, Rich, and Absolutely Irresistible. Elevate your coffee experience with our Cafe Robusta \u2013 where every sip is a journey into intense flavors and unparalleled freshness. \u2615\ufe0f\u2728 #RobustaPerfection #CoffeeLoversDream\"},{\"@type\":\"BreadcrumbList\",\"@id\":\"https:\/\/nghiepxuan.com\/vi\/product\/thuong-thuc-su-thanh-lich-tinh-te-cua-ca-phe-arabica-copy\/#breadcrumb\",\"itemListElement\":[{\"@type\":\"ListItem\",\"position\":1,\"name\":\"Home\",\"item\":\"https:\/\/nghiepxuan.com\/vi\/\"},{\"@type\":\"ListItem\",\"position\":2,\"name\":\"C\u1eeda h\u00e0ng\",\"item\":\"https:\/\/nghiepxuan.com\/vi\/shop\/\"},{\"@type\":\"ListItem\",\"position\":3,\"name\":\"C\u00e0 ph\u00ea Robusta \u0111\u1eadm \u0111\u00e0 d\u00e0nh cho ng\u01b0\u1eddi y\u00eau th\u00edch Espresso\"}]},{\"@type\":\"WebSite\",\"@id\":\"https:\/\/nghiepxuan.com\/vi\/#website\",\"url\":\"https:\/\/nghiepxuan.com\/vi\/\",\"name\":\"Nghiep Xuan - Agricultural Import and Export\",\"description\":\"Nu\u00f4i d\u01b0\u1ee1ng thi\u00ean nhi\u00ean, thu ho\u1ea1ch s\u1ee9c kh\u1ecfe: \u0110i\u1ec3m \u0111\u1ebfn l\u1ed1i s\u1ed1ng h\u1eefu c\u01a1 c\u1ee7a b\u1ea1n\",\"publisher\":{\"@id\":\"https:\/\/nghiepxuan.com\/vi\/#organization\"},\"potentialAction\":[{\"@type\":\"SearchAction\",\"target\":{\"@type\":\"EntryPoint\",\"urlTemplate\":\"https:\/\/nghiepxuan.com\/vi\/?s={search_term_string}\"},\"query-input\":{\"@type\":\"PropertyValueSpecification\",\"valueRequired\":true,\"valueName\":\"search_term_string\"}}],\"inLanguage\":\"vi-VN\"},{\"@type\":\"Organization\",\"@id\":\"https:\/\/nghiepxuan.com\/vi\/#organization\",\"name\":\"Nghiep Xuan - Agricultural Import and Export\",\"url\":\"https:\/\/nghiepxuan.com\/vi\/\",\"logo\":{\"@type\":\"ImageObject\",\"inLanguage\":\"vi-VN\",\"@id\":\"https:\/\/nghiepxuan.com\/vi\/#\/schema\/logo\/image\/\",\"url\":\"https:\/\/nghiepxuan.com\/wp-content\/uploads\/2025\/04\/Nghiep-Xuan-Logo-4.png\",\"contentUrl\":\"https:\/\/nghiepxuan.com\/wp-content\/uploads\/2025\/04\/Nghiep-Xuan-Logo-4.png\",\"width\":4167,\"height\":1015,\"caption\":\"Nghiep Xuan - Agricultural Import and Export\"},\"image\":{\"@id\":\"https:\/\/nghiepxuan.com\/vi\/#\/schema\/logo\/image\/\"},\"sameAs\":[\"https:\/\/www.facebook.com\/nongsannghiepxuan\/\",\"https:\/\/x.com\/PhuTonBui\",\"https:\/\/www.instagram.com\/xuatnhapkhaunghiepxuan\/\",\"https:\/\/www.youtube.com\/@nongsannghiepxuan2066\",\"https:\/\/www.tiktok.com\/@nghiepxuan\"]}]}<\/script>\n<!-- \/ Yoast SEO plugin. -->","yoast_head_json":{"title":"C\u00e0 ph\u00ea Robusta \u0111\u1eadm \u0111\u00e0 d\u00e0nh cho ng\u01b0\u1eddi y\u00eau th\u00edch Espresso - Nghi\u1ec7p Xu\u00e2n - Xu\u1ea5t Nh\u1eadp Kh\u1ea9u N\u00f4ng S\u1ea3n","robots":{"index":"index","follow":"follow","max-snippet":"max-snippet:-1","max-image-preview":"max-image-preview:large","max-video-preview":"max-video-preview:-1"},"canonical":"https:\/\/nghiepxuan.com\/vi\/product\/thuong-thuc-su-thanh-lich-tinh-te-cua-ca-phe-arabica-copy\/","og_locale":"vi_VN","og_type":"article","og_title":"C\u00e0 ph\u00ea Robusta \u0111\u1eadm \u0111\u00e0 d\u00e0nh cho ng\u01b0\u1eddi y\u00eau th\u00edch Espresso - Nghi\u1ec7p Xu\u00e2n - Xu\u1ea5t Nh\u1eadp Kh\u1ea9u N\u00f4ng S\u1ea3n","og_description":"T\u1eadn h\u01b0\u1edfng s\u1ee9c h\u1ea5p d\u1eabn \u0111\u1eadm \u0111\u00e0 c\u1ee7a c\u00e0 ph\u00ea Robusta t\u1ea1i C\u00e0 ph\u00ea c\u1ee7a ch\u00fang t\u00f4i. C\u00f3 ngu\u1ed3n g\u1ed1c t\u1eeb c\u00e1c \u0111\u1ed3n \u0111i\u1ec1n t\u1ed1t nh\u1ea5t, c\u00e0 ph\u00ea Robusta c\u1ee7a ch\u00fang t\u00f4i mang \u0111\u1ebfn h\u01b0\u01a1ng v\u1ecb \u0111\u1ea5t m\u1ea1nh m\u1ebd v\u1edbi m\u1ed9t ch\u00fat h\u1ea5p d\u1eabn, t\u1ea1o ra tr\u1ea3i nghi\u1ec7m c\u00e0 ph\u00ea th\u1ef1c s\u1ef1 \u0111\u1eb7c bi\u1ec7t. Cho d\u00f9 b\u1ea1n th\u00edch n\u00f3 nh\u01b0 m\u1ed9t t\u00e1ch espresso m\u1ea1nh, latte m\u01b0\u1ee3t m\u00e0 hay cold brew s\u1ea3ng kho\u00e1i, nh\u1eefng s\u00e1ng t\u1ea1o Robusta c\u1ee7a ch\u00fang t\u00f4i h\u1ee9a h\u1eb9n m\u1ed9t h\u01b0\u01a1ng v\u1ecb m\u00e3nh li\u1ec7t, th\u1ecfa m\u00e3n \u0111\u1ecdng l\u1ea1i tr\u00ean v\u00f2m mi\u1ec7ng c\u1ee7a b\u1ea1n. N\u00e2ng t\u1ea7m kho\u1ea3nh kh\u1eafc c\u00e0 ph\u00ea c\u1ee7a b\u1ea1n v\u1edbi c\u00e1c s\u1ea3n ph\u1ea9m Robusta \u0111\u1eb7c bi\u1ec7t c\u1ee7a ch\u00fang t\u00f4i, n\u01a1i m\u1ed7i t\u00e1ch c\u00e0 ph\u00ea k\u1ec3 m\u1ed9t c\u00e2u chuy\u1ec7n v\u1ec1 ni\u1ec1m \u0111am m\u00ea v\u00e0 s\u1ef1 ho\u00e0n h\u1ea3o.","og_url":"https:\/\/nghiepxuan.com\/vi\/product\/thuong-thuc-su-thanh-lich-tinh-te-cua-ca-phe-arabica-copy\/","og_site_name":"Nghi\u1ec7p Xu\u00e2n - Xu\u1ea5t Nh\u1eadp Kh\u1ea9u N\u00f4ng S\u1ea3n","article_publisher":"https:\/\/www.facebook.com\/nongsannghiepxuan\/","article_modified_time":"2025-04-06T01:34:54+00:00","og_image":[{"width":900,"height":500,"url":"https:\/\/nghiepxuan.com\/wp-content\/uploads\/2023\/10\/Asset-4-100.jpg","type":"image\/jpeg"}],"twitter_card":"summary_large_image","twitter_site":"@PhuTonBui","twitter_misc":{"Est. reading time":"3 minutes"},"schema":{"@context":"https:\/\/schema.org","@graph":[{"@type":"WebPage","@id":"https:\/\/nghiepxuan.com\/vi\/product\/thuong-thuc-su-thanh-lich-tinh-te-cua-ca-phe-arabica-copy\/","url":"https:\/\/nghiepxuan.com\/vi\/product\/thuong-thuc-su-thanh-lich-tinh-te-cua-ca-phe-arabica-copy\/","name":"C\u00e0 ph\u00ea Robusta \u0111\u1eadm \u0111\u00e0 d\u00e0nh cho ng\u01b0\u1eddi y\u00eau th\u00edch Espresso - Nghi\u1ec7p Xu\u00e2n - Xu\u1ea5t Nh\u1eadp Kh\u1ea9u N\u00f4ng S\u1ea3n","isPartOf":{"@id":"https:\/\/nghiepxuan.com\/vi\/#website"},"primaryImageOfPage":{"@id":"https:\/\/nghiepxuan.com\/vi\/product\/thuong-thuc-su-thanh-lich-tinh-te-cua-ca-phe-arabica-copy\/#primaryimage"},"image":{"@id":"https:\/\/nghiepxuan.com\/vi\/product\/thuong-thuc-su-thanh-lich-tinh-te-cua-ca-phe-arabica-copy\/#primaryimage"},"thumbnailUrl":"https:\/\/nghiepxuan.com\/wp-content\/uploads\/2023\/10\/Asset-4-100.jpg","datePublished":"2025-04-06T01:29:25+00:00","dateModified":"2025-04-06T01:34:54+00:00","breadcrumb":{"@id":"https:\/\/nghiepxuan.com\/vi\/product\/thuong-thuc-su-thanh-lich-tinh-te-cua-ca-phe-arabica-copy\/#breadcrumb"},"inLanguage":"vi-VN","potentialAction":[{"@type":"ReadAction","target":["https:\/\/nghiepxuan.com\/vi\/product\/thuong-thuc-su-thanh-lich-tinh-te-cua-ca-phe-arabica-copy\/"]}]},{"@type":"ImageObject","inLanguage":"vi-VN","@id":"https:\/\/nghiepxuan.com\/vi\/product\/thuong-thuc-su-thanh-lich-tinh-te-cua-ca-phe-arabica-copy\/#primaryimage","url":"https:\/\/nghiepxuan.com\/wp-content\/uploads\/2023\/10\/Asset-4-100.jpg","contentUrl":"https:\/\/nghiepxuan.com\/wp-content\/uploads\/2023\/10\/Asset-4-100.jpg","width":900,"height":500,"caption":"Bold, Rich, and Absolutely Irresistible. Elevate your coffee experience with our Cafe Robusta \u2013 where every sip is a journey into intense flavors and unparalleled freshness. \u2615\ufe0f\u2728 #RobustaPerfection #CoffeeLoversDream"},{"@type":"BreadcrumbList","@id":"https:\/\/nghiepxuan.com\/vi\/product\/thuong-thuc-su-thanh-lich-tinh-te-cua-ca-phe-arabica-copy\/#breadcrumb","itemListElement":[{"@type":"ListItem","position":1,"name":"Home","item":"https:\/\/nghiepxuan.com\/vi\/"},{"@type":"ListItem","position":2,"name":"C\u1eeda h\u00e0ng","item":"https:\/\/nghiepxuan.com\/vi\/shop\/"},{"@type":"ListItem","position":3,"name":"C\u00e0 ph\u00ea Robusta \u0111\u1eadm \u0111\u00e0 d\u00e0nh cho ng\u01b0\u1eddi y\u00eau th\u00edch Espresso"}]},{"@type":"WebSite","@id":"https:\/\/nghiepxuan.com\/vi\/#website","url":"https:\/\/nghiepxuan.com\/vi\/","name":"Nghiep Xuan - Agricultural Import and Export","description":"Nu\u00f4i d\u01b0\u1ee1ng thi\u00ean nhi\u00ean, thu ho\u1ea1ch s\u1ee9c kh\u1ecfe: \u0110i\u1ec3m \u0111\u1ebfn l\u1ed1i s\u1ed1ng h\u1eefu c\u01a1 c\u1ee7a b\u1ea1n","publisher":{"@id":"https:\/\/nghiepxuan.com\/vi\/#organization"},"potentialAction":[{"@type":"SearchAction","target":{"@type":"EntryPoint","urlTemplate":"https:\/\/nghiepxuan.com\/vi\/?s={search_term_string}"},"query-input":{"@type":"PropertyValueSpecification","valueRequired":true,"valueName":"search_term_string"}}],"inLanguage":"vi-VN"},{"@type":"Organization","@id":"https:\/\/nghiepxuan.com\/vi\/#organization","name":"Nghiep Xuan - Agricultural Import and Export","url":"https:\/\/nghiepxuan.com\/vi\/","logo":{"@type":"ImageObject","inLanguage":"vi-VN","@id":"https:\/\/nghiepxuan.com\/vi\/#\/schema\/logo\/image\/","url":"https:\/\/nghiepxuan.com\/wp-content\/uploads\/2025\/04\/Nghiep-Xuan-Logo-4.png","contentUrl":"https:\/\/nghiepxuan.com\/wp-content\/uploads\/2025\/04\/Nghiep-Xuan-Logo-4.png","width":4167,"height":1015,"caption":"Nghiep Xuan - Agricultural Import and Export"},"image":{"@id":"https:\/\/nghiepxuan.com\/vi\/#\/schema\/logo\/image\/"},"sameAs":["https:\/\/www.facebook.com\/nongsannghiepxuan\/","https:\/\/x.com\/PhuTonBui","https:\/\/www.instagram.com\/xuatnhapkhaunghiepxuan\/","https:\/\/www.youtube.com\/@nongsannghiepxuan2066","https:\/\/www.tiktok.com\/@nghiepxuan"]}]}},"_links":{"self":[{"href":"https:\/\/nghiepxuan.com\/vi\/wp-json\/wp\/v2\/product\/7622","targetHints":{"allow":["GET"]}}],"collection":[{"href":"https:\/\/nghiepxuan.com\/vi\/wp-json\/wp\/v2\/product"}],"about":[{"href":"https:\/\/nghiepxuan.com\/vi\/wp-json\/wp\/v2\/types\/product"}],"replies":[{"embeddable":true,"href":"https:\/\/nghiepxuan.com\/vi\/wp-json\/wp\/v2\/comments?post=7622"}],"version-history":[{"count":2,"href":"https:\/\/nghiepxuan.com\/vi\/wp-json\/wp\/v2\/product\/7622\/revisions"}],"predecessor-version":[{"id":7650,"href":"https:\/\/nghiepxuan.com\/vi\/wp-json\/wp\/v2\/product\/7622\/revisions\/7650"}],"wp:featuredmedia":[{"embeddable":true,"href":"https:\/\/nghiepxuan.com\/vi\/wp-json\/wp\/v2\/media\/4530"}],"wp:attachment":[{"href":"https:\/\/nghiepxuan.com\/vi\/wp-json\/wp\/v2\/media?parent=7622"}],"wp:term":[{"taxonomy":"product_brand","embeddable":true,"href":"https:\/\/nghiepxuan.com\/vi\/wp-json\/wp\/v2\/product_brand?post=7622"},{"taxonomy":"product_cat","embeddable":true,"href":"https:\/\/nghiepxuan.com\/vi\/wp-json\/wp\/v2\/product_cat?post=7622"},{"taxonomy":"product_tag","embeddable":true,"href":"https:\/\/nghiepxuan.com\/vi\/wp-json\/wp\/v2\/product_tag?post=7622"}],"curies":[{"name":"wp","href":"https:\/\/api.w.org\/{rel}","templated":true}]}}