{"id":5600,"date":"2023-11-03T01:33:00","date_gmt":"2023-11-03T01:33:00","guid":{"rendered":"https:\/\/nxg.asia\/?post_type=product&#038;p=5600"},"modified":"2025-03-29T09:59:40","modified_gmt":"2025-03-29T09:59:40","slug":"kham-pha-the-irresistible-allure-of-rich-black-chocolate-delights","status":"publish","type":"product","link":"https:\/\/nghiepxuan.com\/vi\/product\/kham-pha-the-irresistible-allure-of-rich-black-chocolate-delights\/","title":{"rendered":"Kh\u00e1m ph\u00e1 s\u1ee9c h\u1ea5p d\u1eabn kh\u00f4ng th\u1ec3 c\u01b0\u1ee1ng l\u1ea1i c\u1ee7a nh\u1eefng m\u00f3n ngon s\u00f4 c\u00f4 la \u0111en phong ph\u00fa"},"content":{"rendered":"<p>Th\u01b0\u1edfng th\u1ee9c c\u00e1c gi\u00e1c quan c\u1ee7a b\u1ea1n trong th\u1ebf gi\u1edbi tinh t\u1ebf c\u1ee7a s\u00f4 c\u00f4 la \u0111en, n\u01a1i s\u1ef1 sang tr\u1ecdng g\u1eb7p h\u01b0\u01a1ng v\u1ecb kh\u00f4ng th\u1ec3 c\u01b0\u1ee1ng l\u1ea1i. \u0110\u01b0\u1ee3c ch\u1ebf t\u00e1c t\u1eeb nh\u1eefng h\u1ea1t ca cao t\u1ed1t nh\u1ea5t v\u00e0 \u0111\u01b0\u1ee3c pha tr\u1ed9n v\u1edbi m\u1ed9t ch\u00fat tinh t\u1ebf, s\u00f4 c\u00f4 la \u0111en c\u1ee7a ch\u00fang t\u00f4i l\u00e0 m\u1ed9t ki\u1ec7t t\u00e1c th\u1ef1c s\u1ef1 cho nh\u1eefng ng\u01b0\u1eddi \u0111am m\u00ea s\u00f4 c\u00f4 la.<\/p>\n<p>S\u00f4 c\u00f4 la \u0111en c\u1ee7a ch\u00fang t\u00f4i n\u1ed5i ti\u1ebfng v\u1edbi h\u01b0\u01a1ng v\u1ecb \u0111\u1eadm \u0111\u00e0, phong ph\u00fa, gi\u00fap k\u00edch th\u00edch v\u1ecb gi\u00e1c v\u1edbi s\u1ef1 pha tr\u1ed9n h\u00e0i h\u00f2a gi\u1eefa v\u1ecb \u0111\u1eafng v\u00e0 ng\u1ecdt. N\u00f3 t\u1ef1 h\u00e0o c\u00f3 m\u1ed9t k\u1ebft c\u1ea5u m\u1ecbn m\u01b0\u1ee3t nh\u01b0 nhung tan ch\u1ea3y trong mi\u1ec7ng c\u1ee7a b\u1ea1n, gi\u1ea3i ph\u00f3ng m\u1ed9t b\u1ea3n giao h\u01b0\u1edfng c\u1ee7a c\u00e1c h\u01b0\u01a1ng v\u1ecb \u0111\u01a1n gi\u1ea3n l\u00e0 thi\u00eang li\u00eang. M\u1ed7i v\u1ebft c\u1eafn l\u00e0 m\u1ed9t cu\u1ed9c h\u00e0nh tr\u00ecnh qua c\u00e1c l\u1edbp ph\u1ee9c t\u1ea1p, mang \u0111\u1ebfn tr\u1ea3i nghi\u1ec7m gi\u00e1c quan v\u1eeba nu\u00f4ng chi\u1ec1u v\u1eeba th\u1ecfa m\u00e3n.<\/p>\n<p>\u0110\u01b0\u1ee3c l\u00e0m v\u1edbi s\u1ef1 c\u1ea9n th\u1eadn v\u00e0 ch\u00ednh x\u00e1c t\u1ed1i \u0111a, s\u00f4 c\u00f4 la \u0111en c\u1ee7a ch\u00fang t\u00f4i l\u00e0 minh ch\u1ee9ng cho ngh\u1ec7 thu\u1eadt l\u00e0m s\u00f4 c\u00f4 la. Ch\u00fang t\u00f4i ch\u1ec9 cung c\u1ea5p nh\u1eefng h\u1ea1t ca cao ch\u1ea5t l\u01b0\u1ee3ng t\u1ed1t nh\u1ea5t, \u0111\u1ea3m b\u1ea3o r\u1eb1ng m\u1ecdi thanh \u0111\u1ec1u \u0111\u01b0\u1ee3c \u0111\u00f3ng g\u00f3i v\u1edbi s\u1ef1 t\u1ed1t l\u00e0nh c\u1ee7a ca cao. Cho d\u00f9 b\u1ea1n th\u01b0\u1edfng th\u1ee9c n\u00f3 m\u1ed9t m\u00ecnh, k\u1ebft h\u1ee3p v\u1edbi r\u01b0\u1ee3u vang y\u00eau th\u00edch c\u1ee7a b\u1ea1n, ho\u1eb7c \u0111\u01b0\u1ee3c s\u1eed d\u1ee5ng trong s\u00e1ng t\u1ea1o \u1ea9m th\u1ef1c, s\u00f4 c\u00f4 la \u0111en c\u1ee7a ch\u00fang t\u00f4i n\u00e2ng cao m\u1ecdi kho\u1ea3nh kh\u1eafc th\u01b0\u1edfng th\u1ee9c.<\/p>\n<p>S\u00f4 c\u00f4 la \u0111en c\u1ee7a ch\u00fang t\u00f4i kh\u00f4ng ch\u1ec9 l\u00e0 m\u1ed9t m\u00f3n \u0103n cho v\u1ecb gi\u00e1c c\u1ee7a b\u1ea1n, m\u00e0 n\u00f3 c\u00f2n mang l\u1ea1i v\u00f4 s\u1ed1 l\u1ee3i \u00edch cho s\u1ee9c kh\u1ecfe. Gi\u00e0u ch\u1ea5t ch\u1ed1ng oxy h\u00f3a, n\u00f3 gi\u00fap ch\u1ed1ng l\u1ea1i c\u00e1c g\u1ed1c t\u1ef1 do trong c\u01a1 th\u1ec3, th\u00fac \u0111\u1ea9y s\u1ee9c kh\u1ecfe t\u1ed5ng th\u1ec3. Ngo\u00e0i ra, n\u00f3 c\u00f3 li\u00ean quan \u0111\u1ebfn vi\u1ec7c c\u1ea3i thi\u1ec7n s\u1ee9c kh\u1ecfe tim m\u1ea1ch v\u00e0 t\u0103ng c\u01b0\u1eddng ch\u1ee9c n\u0103ng n\u00e3o, l\u00e0m cho n\u00f3 tr\u1edf th\u00e0nh m\u1ed9t ni\u1ec1m vui kh\u00f4ng c\u00f3 c\u1ea3m gi\u00e1c t\u1ed9i l\u1ed7i cho c\u1ea3 c\u01a1 th\u1ec3 v\u00e0 t\u00e2m tr\u00ed c\u1ee7a b\u1ea1n.<\/p>\n<p>Ho\u00e0n h\u1ea3o \u0111\u1ec3 t\u1eb7ng qu\u00e0 ho\u1eb7c th\u01b0\u1edfng th\u1ee9c v\u00e0o nh\u1eefng d\u1ecbp \u0111\u1eb7c bi\u1ec7t, s\u00f4 c\u00f4 la \u0111en c\u1ee7a ch\u00fang t\u00f4i \u0111\u01b0\u1ee3c \u0111\u00f3ng g\u00f3i trang nh\u00e3, ph\u1ea3n \u00e1nh s\u1ef1 tinh t\u1ebf c\u1ee7a s\u1ea3n ph\u1ea9m b\u00ean trong. Cho d\u00f9 b\u1ea1n l\u00e0 ng\u01b0\u1eddi s\u00e0nh s\u1ecfi hay ng\u01b0\u1eddi y\u00eau th\u00edch s\u00f4 c\u00f4 la m\u1edbi l\u00e0m quen, s\u00f4 c\u00f4 la \u0111en c\u1ee7a ch\u00fang t\u00f4i ch\u1eafc ch\u1eafn s\u1ebd quy\u1ebfn r\u0169 c\u00e1c gi\u00e1c quan c\u1ee7a b\u1ea1n v\u00e0 khi\u1ebfn b\u1ea1n th\u00e8m mu\u1ed1n nhi\u1ec1u h\u01a1n n\u1eefa.<\/p>\n<p>Tr\u1ea3i nghi\u1ec7m h\u00ecnh \u1ea3nh thu nh\u1ecf c\u1ee7a ni\u1ec1m \u0111am m\u00ea s\u00f4 c\u00f4 la v\u1edbi s\u00f4 c\u00f4 la \u0111en c\u1ee7a ch\u00fang t\u00f4i &#8211; m\u1ed9t b\u1ea3n giao h\u01b0\u1edfng c\u1ee7a h\u01b0\u01a1ng v\u1ecb, m\u1ed9t b\u1eefa ti\u1ec7c cho c\u00e1c gi\u00e1c quan v\u00e0 m\u1ed9t ni\u1ec1m vui th\u1ef1c s\u1ef1 cho nh\u1eefng ng\u01b0\u1eddi h\u00e2m m\u1ed9 s\u00f4 c\u00f4 la. H\u00e3y t\u1ef1 th\u01b0\u1edfng cho m\u00ecnh s\u1ef1 sang tr\u1ecdng m\u00e0 b\u1ea1n x\u1ee9ng \u0111\u00e1ng v\u00e0 \u0111\u1eafm m\u00ecnh trong th\u1ebf gi\u1edbi phi th\u01b0\u1eddng c\u1ee7a s\u00f4 c\u00f4 la \u0111en c\u1ee7a ch\u00fang t\u00f4i.<\/p>\n","protected":false},"excerpt":{"rendered":"<p>\u0110i s\u00e2u v\u00e0o th\u1ebf gi\u1edbi suy \u0111\u1ed3i c\u1ee7a s\u00f4 c\u00f4 la \u0111en, n\u01a1i h\u01b0\u01a1ng v\u1ecb \u0111\u1eadm \u0111\u00e0 v\u00e0 m\u00e3nh li\u1ec7t va ch\u1ea1m trong m\u1ed9t b\u1ea3n giao h\u01b0\u1edfng c\u1ee7a s\u1ef1 phong ph\u00fa. S\u00f4 c\u00f4 la \u0111en cao c\u1ea5p c\u1ee7a ch\u00fang t\u00f4i \u0111\u01b0\u1ee3c ch\u1ebf t\u00e1c t\u1ec9 m\u1ec9 t\u1eeb nh\u1eefng h\u1ea1t ca cao t\u1ed1t nh\u1ea5t, h\u1ee9a h\u1eb9n mang \u0111\u1ebfn tr\u1ea3i nghi\u1ec7m sang tr\u1ecdng v\u1edbi t\u1eebng mi\u1ebfng \u0103n. Th\u01b0\u1edfng th\u1ee9c c\u00e1c gi\u00e1c quan c\u1ee7a b\u1ea1n trong k\u1ebft c\u1ea5u m\u1ecbn m\u01b0\u1ee3t nh\u01b0 nhung v\u00e0 s\u1ef1 c\u00e2n b\u1eb1ng ho\u00e0n h\u1ea3o gi\u1eefa v\u1ecb \u0111\u1eafng v\u00e0 ng\u1ecdt, t\u1ea1o ra m\u1ed9t kho\u1ea3nh kh\u1eafc h\u1ea1nh ph\u00fac thu\u1ea7n khi\u1ebft. Cho d\u00f9 \u0111\u01b0\u1ee3c th\u01b0\u1edfng th\u1ee9c ri\u00eang hay \u0111\u01b0\u1ee3c s\u1eed d\u1ee5ng trong c\u00e1c s\u00e1ng t\u1ea1o \u1ea9m th\u1ef1c, s\u00f4 c\u00f4 la \u0111en c\u1ee7a ch\u00fang t\u00f4i l\u00e0 m\u1ed9t \u0111i\u1ec1u tr\u1ecb cho nh\u1eefng ng\u01b0\u1eddi \u0111am m\u00ea s\u00f4 c\u00f4 la t\u00ecm ki\u1ebfm ch\u1ea5t l\u01b0\u1ee3ng v\u00e0 h\u01b0\u01a1ng v\u1ecb tuy\u1ec7t v\u1eddi. N\u00e2ng cao ni\u1ec1m \u0111am m\u00ea c\u1ee7a b\u1ea1n v\u00e0 th\u01b0\u1edfng th\u1ee9c b\u1ea3n ch\u1ea5t c\u1ee7a s\u1ef1 xu\u1ea5t s\u1eafc ca cao th\u1ef1c s\u1ef1 v\u1edbi s\u00f4 c\u00f4 la \u0111en kh\u00f4ng th\u1ec3 c\u01b0\u1ee1ng l\u1ea1i c\u1ee7a ch\u00fang t\u00f4i.<\/p>\n","protected":false},"featured_media":5672,"comment_status":"open","ping_status":"closed","template":"","meta":{"content-type":""},"product_brand":[],"product_cat":[159],"product_tag":[],"class_list":{"0":"post-5600","1":"product","2":"type-product","3":"status-publish","4":"has-post-thumbnail","6":"product_cat-confectioneries-vi","8":"first","9":"instock","10":"sale","11":"shipping-taxable","12":"purchasable","13":"product-type-simple"},"yoast_head":"<!-- This site is optimized with the Yoast SEO plugin v26.9 - https:\/\/yoast.com\/product\/yoast-seo-wordpress\/ -->\n<title>Kh\u00e1m ph\u00e1 s\u1ee9c h\u1ea5p d\u1eabn kh\u00f4ng th\u1ec3 c\u01b0\u1ee1ng l\u1ea1i c\u1ee7a nh\u1eefng m\u00f3n ngon s\u00f4 c\u00f4 la \u0111en phong ph\u00fa - Nghi\u1ec7p Xu\u00e2n - Xu\u1ea5t Nh\u1eadp Kh\u1ea9u N\u00f4ng S\u1ea3n<\/title>\n<meta name=\"robots\" content=\"index, follow, max-snippet:-1, max-image-preview:large, max-video-preview:-1\" \/>\n<link rel=\"canonical\" href=\"https:\/\/nghiepxuan.com\/vi\/product\/kham-pha-the-irresistible-allure-of-rich-black-chocolate-delights\/\" \/>\n<meta property=\"og:locale\" content=\"vi_VN\" \/>\n<meta property=\"og:type\" content=\"article\" \/>\n<meta property=\"og:title\" content=\"Kh\u00e1m ph\u00e1 s\u1ee9c h\u1ea5p d\u1eabn kh\u00f4ng th\u1ec3 c\u01b0\u1ee1ng l\u1ea1i c\u1ee7a nh\u1eefng m\u00f3n ngon s\u00f4 c\u00f4 la \u0111en phong ph\u00fa - Nghi\u1ec7p Xu\u00e2n - Xu\u1ea5t Nh\u1eadp Kh\u1ea9u N\u00f4ng S\u1ea3n\" \/>\n<meta property=\"og:description\" content=\"\u0110i s\u00e2u v\u00e0o th\u1ebf gi\u1edbi suy \u0111\u1ed3i c\u1ee7a s\u00f4 c\u00f4 la \u0111en, n\u01a1i h\u01b0\u01a1ng v\u1ecb \u0111\u1eadm \u0111\u00e0 v\u00e0 m\u00e3nh li\u1ec7t va ch\u1ea1m trong m\u1ed9t b\u1ea3n giao h\u01b0\u1edfng c\u1ee7a s\u1ef1 phong ph\u00fa. S\u00f4 c\u00f4 la \u0111en cao c\u1ea5p c\u1ee7a ch\u00fang t\u00f4i \u0111\u01b0\u1ee3c ch\u1ebf t\u00e1c t\u1ec9 m\u1ec9 t\u1eeb nh\u1eefng h\u1ea1t ca cao t\u1ed1t nh\u1ea5t, h\u1ee9a h\u1eb9n mang \u0111\u1ebfn tr\u1ea3i nghi\u1ec7m sang tr\u1ecdng v\u1edbi t\u1eebng mi\u1ebfng \u0103n. Th\u01b0\u1edfng th\u1ee9c c\u00e1c gi\u00e1c quan c\u1ee7a b\u1ea1n trong k\u1ebft c\u1ea5u m\u1ecbn m\u01b0\u1ee3t nh\u01b0 nhung v\u00e0 s\u1ef1 c\u00e2n b\u1eb1ng ho\u00e0n h\u1ea3o gi\u1eefa v\u1ecb \u0111\u1eafng v\u00e0 ng\u1ecdt, t\u1ea1o ra m\u1ed9t kho\u1ea3nh kh\u1eafc h\u1ea1nh ph\u00fac thu\u1ea7n khi\u1ebft. Cho d\u00f9 \u0111\u01b0\u1ee3c th\u01b0\u1edfng th\u1ee9c ri\u00eang hay \u0111\u01b0\u1ee3c s\u1eed d\u1ee5ng trong c\u00e1c s\u00e1ng t\u1ea1o \u1ea9m th\u1ef1c, s\u00f4 c\u00f4 la \u0111en c\u1ee7a ch\u00fang t\u00f4i l\u00e0 m\u1ed9t \u0111i\u1ec1u tr\u1ecb cho nh\u1eefng ng\u01b0\u1eddi \u0111am m\u00ea s\u00f4 c\u00f4 la t\u00ecm ki\u1ebfm ch\u1ea5t l\u01b0\u1ee3ng v\u00e0 h\u01b0\u01a1ng v\u1ecb tuy\u1ec7t v\u1eddi. N\u00e2ng cao ni\u1ec1m \u0111am m\u00ea c\u1ee7a b\u1ea1n v\u00e0 th\u01b0\u1edfng th\u1ee9c b\u1ea3n ch\u1ea5t c\u1ee7a s\u1ef1 xu\u1ea5t s\u1eafc ca cao th\u1ef1c s\u1ef1 v\u1edbi s\u00f4 c\u00f4 la \u0111en kh\u00f4ng th\u1ec3 c\u01b0\u1ee1ng l\u1ea1i c\u1ee7a ch\u00fang t\u00f4i.\" \/>\n<meta property=\"og:url\" content=\"https:\/\/nghiepxuan.com\/vi\/product\/kham-pha-the-irresistible-allure-of-rich-black-chocolate-delights\/\" \/>\n<meta property=\"og:site_name\" content=\"Nghi\u1ec7p Xu\u00e2n - Xu\u1ea5t Nh\u1eadp Kh\u1ea9u N\u00f4ng S\u1ea3n\" \/>\n<meta property=\"article:publisher\" content=\"https:\/\/www.facebook.com\/nongsannghiepxuan\/\" \/>\n<meta property=\"article:modified_time\" content=\"2025-03-29T09:59:40+00:00\" \/>\n<meta property=\"og:image\" content=\"https:\/\/nghiepxuan.com\/wp-content\/uploads\/2023\/11\/Black-chocolate-60g-2-Dak-Nong.jpg\" \/>\n\t<meta property=\"og:image:width\" content=\"2000\" \/>\n\t<meta property=\"og:image:height\" content=\"2000\" \/>\n\t<meta property=\"og:image:type\" content=\"image\/jpeg\" \/>\n<meta name=\"twitter:card\" content=\"summary_large_image\" \/>\n<meta name=\"twitter:site\" content=\"@PhuTonBui\" \/>\n<meta name=\"twitter:label1\" content=\"Est. reading time\" \/>\n\t<meta name=\"twitter:data1\" content=\"4 minutes\" \/>\n<script type=\"application\/ld+json\" class=\"yoast-schema-graph\">{\"@context\":\"https:\/\/schema.org\",\"@graph\":[{\"@type\":\"WebPage\",\"@id\":\"https:\/\/nghiepxuan.com\/vi\/product\/kham-pha-the-irresistible-allure-of-rich-black-chocolate-delights\/\",\"url\":\"https:\/\/nghiepxuan.com\/vi\/product\/kham-pha-the-irresistible-allure-of-rich-black-chocolate-delights\/\",\"name\":\"Kh\u00e1m ph\u00e1 s\u1ee9c h\u1ea5p d\u1eabn kh\u00f4ng th\u1ec3 c\u01b0\u1ee1ng l\u1ea1i c\u1ee7a nh\u1eefng m\u00f3n ngon s\u00f4 c\u00f4 la \u0111en phong ph\u00fa - Nghi\u1ec7p Xu\u00e2n - Xu\u1ea5t Nh\u1eadp Kh\u1ea9u N\u00f4ng S\u1ea3n\",\"isPartOf\":{\"@id\":\"https:\/\/nghiepxuan.com\/vi\/#website\"},\"primaryImageOfPage\":{\"@id\":\"https:\/\/nghiepxuan.com\/vi\/product\/kham-pha-the-irresistible-allure-of-rich-black-chocolate-delights\/#primaryimage\"},\"image\":{\"@id\":\"https:\/\/nghiepxuan.com\/vi\/product\/kham-pha-the-irresistible-allure-of-rich-black-chocolate-delights\/#primaryimage\"},\"thumbnailUrl\":\"https:\/\/nghiepxuan.com\/wp-content\/uploads\/2023\/11\/Black-chocolate-60g-2-Dak-Nong.jpg\",\"datePublished\":\"2023-11-03T01:33:00+00:00\",\"dateModified\":\"2025-03-29T09:59:40+00:00\",\"breadcrumb\":{\"@id\":\"https:\/\/nghiepxuan.com\/vi\/product\/kham-pha-the-irresistible-allure-of-rich-black-chocolate-delights\/#breadcrumb\"},\"inLanguage\":\"vi-VN\",\"potentialAction\":[{\"@type\":\"ReadAction\",\"target\":[\"https:\/\/nghiepxuan.com\/vi\/product\/kham-pha-the-irresistible-allure-of-rich-black-chocolate-delights\/\"]}]},{\"@type\":\"ImageObject\",\"inLanguage\":\"vi-VN\",\"@id\":\"https:\/\/nghiepxuan.com\/vi\/product\/kham-pha-the-irresistible-allure-of-rich-black-chocolate-delights\/#primaryimage\",\"url\":\"https:\/\/nghiepxuan.com\/wp-content\/uploads\/2023\/11\/Black-chocolate-60g-2-Dak-Nong.jpg\",\"contentUrl\":\"https:\/\/nghiepxuan.com\/wp-content\/uploads\/2023\/11\/Black-chocolate-60g-2-Dak-Nong.jpg\",\"width\":2000,\"height\":2000},{\"@type\":\"BreadcrumbList\",\"@id\":\"https:\/\/nghiepxuan.com\/vi\/product\/kham-pha-the-irresistible-allure-of-rich-black-chocolate-delights\/#breadcrumb\",\"itemListElement\":[{\"@type\":\"ListItem\",\"position\":1,\"name\":\"Home\",\"item\":\"https:\/\/nghiepxuan.com\/vi\/\"},{\"@type\":\"ListItem\",\"position\":2,\"name\":\"C\u1eeda h\u00e0ng\",\"item\":\"https:\/\/nghiepxuan.com\/vi\/shop\/\"},{\"@type\":\"ListItem\",\"position\":3,\"name\":\"Kh\u00e1m ph\u00e1 s\u1ee9c h\u1ea5p d\u1eabn kh\u00f4ng th\u1ec3 c\u01b0\u1ee1ng l\u1ea1i c\u1ee7a nh\u1eefng m\u00f3n ngon s\u00f4 c\u00f4 la \u0111en phong ph\u00fa\"}]},{\"@type\":\"WebSite\",\"@id\":\"https:\/\/nghiepxuan.com\/vi\/#website\",\"url\":\"https:\/\/nghiepxuan.com\/vi\/\",\"name\":\"Nghiep Xuan - Agricultural Import and Export\",\"description\":\"Nu\u00f4i d\u01b0\u1ee1ng thi\u00ean nhi\u00ean, thu ho\u1ea1ch s\u1ee9c kh\u1ecfe: \u0110i\u1ec3m \u0111\u1ebfn l\u1ed1i s\u1ed1ng h\u1eefu c\u01a1 c\u1ee7a b\u1ea1n\",\"publisher\":{\"@id\":\"https:\/\/nghiepxuan.com\/vi\/#organization\"},\"potentialAction\":[{\"@type\":\"SearchAction\",\"target\":{\"@type\":\"EntryPoint\",\"urlTemplate\":\"https:\/\/nghiepxuan.com\/vi\/?s={search_term_string}\"},\"query-input\":{\"@type\":\"PropertyValueSpecification\",\"valueRequired\":true,\"valueName\":\"search_term_string\"}}],\"inLanguage\":\"vi-VN\"},{\"@type\":\"Organization\",\"@id\":\"https:\/\/nghiepxuan.com\/vi\/#organization\",\"name\":\"Nghiep Xuan - Agricultural Import and Export\",\"url\":\"https:\/\/nghiepxuan.com\/vi\/\",\"logo\":{\"@type\":\"ImageObject\",\"inLanguage\":\"vi-VN\",\"@id\":\"https:\/\/nghiepxuan.com\/vi\/#\/schema\/logo\/image\/\",\"url\":\"https:\/\/nghiepxuan.com\/wp-content\/uploads\/2025\/04\/Nghiep-Xuan-Logo-4.png\",\"contentUrl\":\"https:\/\/nghiepxuan.com\/wp-content\/uploads\/2025\/04\/Nghiep-Xuan-Logo-4.png\",\"width\":4167,\"height\":1015,\"caption\":\"Nghiep Xuan - Agricultural Import and Export\"},\"image\":{\"@id\":\"https:\/\/nghiepxuan.com\/vi\/#\/schema\/logo\/image\/\"},\"sameAs\":[\"https:\/\/www.facebook.com\/nongsannghiepxuan\/\",\"https:\/\/x.com\/PhuTonBui\",\"https:\/\/www.instagram.com\/xuatnhapkhaunghiepxuan\/\",\"https:\/\/www.youtube.com\/@nongsannghiepxuan2066\",\"https:\/\/www.tiktok.com\/@nghiepxuan\"]}]}<\/script>\n<!-- \/ Yoast SEO plugin. -->","yoast_head_json":{"title":"Kh\u00e1m ph\u00e1 s\u1ee9c h\u1ea5p d\u1eabn kh\u00f4ng th\u1ec3 c\u01b0\u1ee1ng l\u1ea1i c\u1ee7a nh\u1eefng m\u00f3n ngon s\u00f4 c\u00f4 la \u0111en phong ph\u00fa - Nghi\u1ec7p Xu\u00e2n - Xu\u1ea5t Nh\u1eadp Kh\u1ea9u N\u00f4ng S\u1ea3n","robots":{"index":"index","follow":"follow","max-snippet":"max-snippet:-1","max-image-preview":"max-image-preview:large","max-video-preview":"max-video-preview:-1"},"canonical":"https:\/\/nghiepxuan.com\/vi\/product\/kham-pha-the-irresistible-allure-of-rich-black-chocolate-delights\/","og_locale":"vi_VN","og_type":"article","og_title":"Kh\u00e1m ph\u00e1 s\u1ee9c h\u1ea5p d\u1eabn kh\u00f4ng th\u1ec3 c\u01b0\u1ee1ng l\u1ea1i c\u1ee7a nh\u1eefng m\u00f3n ngon s\u00f4 c\u00f4 la \u0111en phong ph\u00fa - Nghi\u1ec7p Xu\u00e2n - Xu\u1ea5t Nh\u1eadp Kh\u1ea9u N\u00f4ng S\u1ea3n","og_description":"\u0110i s\u00e2u v\u00e0o th\u1ebf gi\u1edbi suy \u0111\u1ed3i c\u1ee7a s\u00f4 c\u00f4 la \u0111en, n\u01a1i h\u01b0\u01a1ng v\u1ecb \u0111\u1eadm \u0111\u00e0 v\u00e0 m\u00e3nh li\u1ec7t va ch\u1ea1m trong m\u1ed9t b\u1ea3n giao h\u01b0\u1edfng c\u1ee7a s\u1ef1 phong ph\u00fa. S\u00f4 c\u00f4 la \u0111en cao c\u1ea5p c\u1ee7a ch\u00fang t\u00f4i \u0111\u01b0\u1ee3c ch\u1ebf t\u00e1c t\u1ec9 m\u1ec9 t\u1eeb nh\u1eefng h\u1ea1t ca cao t\u1ed1t nh\u1ea5t, h\u1ee9a h\u1eb9n mang \u0111\u1ebfn tr\u1ea3i nghi\u1ec7m sang tr\u1ecdng v\u1edbi t\u1eebng mi\u1ebfng \u0103n. Th\u01b0\u1edfng th\u1ee9c c\u00e1c gi\u00e1c quan c\u1ee7a b\u1ea1n trong k\u1ebft c\u1ea5u m\u1ecbn m\u01b0\u1ee3t nh\u01b0 nhung v\u00e0 s\u1ef1 c\u00e2n b\u1eb1ng ho\u00e0n h\u1ea3o gi\u1eefa v\u1ecb \u0111\u1eafng v\u00e0 ng\u1ecdt, t\u1ea1o ra m\u1ed9t kho\u1ea3nh kh\u1eafc h\u1ea1nh ph\u00fac thu\u1ea7n khi\u1ebft. Cho d\u00f9 \u0111\u01b0\u1ee3c th\u01b0\u1edfng th\u1ee9c ri\u00eang hay \u0111\u01b0\u1ee3c s\u1eed d\u1ee5ng trong c\u00e1c s\u00e1ng t\u1ea1o \u1ea9m th\u1ef1c, s\u00f4 c\u00f4 la \u0111en c\u1ee7a ch\u00fang t\u00f4i l\u00e0 m\u1ed9t \u0111i\u1ec1u tr\u1ecb cho nh\u1eefng ng\u01b0\u1eddi \u0111am m\u00ea s\u00f4 c\u00f4 la t\u00ecm ki\u1ebfm ch\u1ea5t l\u01b0\u1ee3ng v\u00e0 h\u01b0\u01a1ng v\u1ecb tuy\u1ec7t v\u1eddi. N\u00e2ng cao ni\u1ec1m \u0111am m\u00ea c\u1ee7a b\u1ea1n v\u00e0 th\u01b0\u1edfng th\u1ee9c b\u1ea3n ch\u1ea5t c\u1ee7a s\u1ef1 xu\u1ea5t s\u1eafc ca cao th\u1ef1c s\u1ef1 v\u1edbi s\u00f4 c\u00f4 la \u0111en kh\u00f4ng th\u1ec3 c\u01b0\u1ee1ng l\u1ea1i c\u1ee7a ch\u00fang t\u00f4i.","og_url":"https:\/\/nghiepxuan.com\/vi\/product\/kham-pha-the-irresistible-allure-of-rich-black-chocolate-delights\/","og_site_name":"Nghi\u1ec7p Xu\u00e2n - Xu\u1ea5t Nh\u1eadp Kh\u1ea9u N\u00f4ng S\u1ea3n","article_publisher":"https:\/\/www.facebook.com\/nongsannghiepxuan\/","article_modified_time":"2025-03-29T09:59:40+00:00","og_image":[{"width":2000,"height":2000,"url":"https:\/\/nghiepxuan.com\/wp-content\/uploads\/2023\/11\/Black-chocolate-60g-2-Dak-Nong.jpg","type":"image\/jpeg"}],"twitter_card":"summary_large_image","twitter_site":"@PhuTonBui","twitter_misc":{"Est. reading time":"4 minutes"},"schema":{"@context":"https:\/\/schema.org","@graph":[{"@type":"WebPage","@id":"https:\/\/nghiepxuan.com\/vi\/product\/kham-pha-the-irresistible-allure-of-rich-black-chocolate-delights\/","url":"https:\/\/nghiepxuan.com\/vi\/product\/kham-pha-the-irresistible-allure-of-rich-black-chocolate-delights\/","name":"Kh\u00e1m ph\u00e1 s\u1ee9c h\u1ea5p d\u1eabn kh\u00f4ng th\u1ec3 c\u01b0\u1ee1ng l\u1ea1i c\u1ee7a nh\u1eefng m\u00f3n ngon s\u00f4 c\u00f4 la \u0111en phong ph\u00fa - Nghi\u1ec7p Xu\u00e2n - Xu\u1ea5t Nh\u1eadp Kh\u1ea9u N\u00f4ng S\u1ea3n","isPartOf":{"@id":"https:\/\/nghiepxuan.com\/vi\/#website"},"primaryImageOfPage":{"@id":"https:\/\/nghiepxuan.com\/vi\/product\/kham-pha-the-irresistible-allure-of-rich-black-chocolate-delights\/#primaryimage"},"image":{"@id":"https:\/\/nghiepxuan.com\/vi\/product\/kham-pha-the-irresistible-allure-of-rich-black-chocolate-delights\/#primaryimage"},"thumbnailUrl":"https:\/\/nghiepxuan.com\/wp-content\/uploads\/2023\/11\/Black-chocolate-60g-2-Dak-Nong.jpg","datePublished":"2023-11-03T01:33:00+00:00","dateModified":"2025-03-29T09:59:40+00:00","breadcrumb":{"@id":"https:\/\/nghiepxuan.com\/vi\/product\/kham-pha-the-irresistible-allure-of-rich-black-chocolate-delights\/#breadcrumb"},"inLanguage":"vi-VN","potentialAction":[{"@type":"ReadAction","target":["https:\/\/nghiepxuan.com\/vi\/product\/kham-pha-the-irresistible-allure-of-rich-black-chocolate-delights\/"]}]},{"@type":"ImageObject","inLanguage":"vi-VN","@id":"https:\/\/nghiepxuan.com\/vi\/product\/kham-pha-the-irresistible-allure-of-rich-black-chocolate-delights\/#primaryimage","url":"https:\/\/nghiepxuan.com\/wp-content\/uploads\/2023\/11\/Black-chocolate-60g-2-Dak-Nong.jpg","contentUrl":"https:\/\/nghiepxuan.com\/wp-content\/uploads\/2023\/11\/Black-chocolate-60g-2-Dak-Nong.jpg","width":2000,"height":2000},{"@type":"BreadcrumbList","@id":"https:\/\/nghiepxuan.com\/vi\/product\/kham-pha-the-irresistible-allure-of-rich-black-chocolate-delights\/#breadcrumb","itemListElement":[{"@type":"ListItem","position":1,"name":"Home","item":"https:\/\/nghiepxuan.com\/vi\/"},{"@type":"ListItem","position":2,"name":"C\u1eeda h\u00e0ng","item":"https:\/\/nghiepxuan.com\/vi\/shop\/"},{"@type":"ListItem","position":3,"name":"Kh\u00e1m ph\u00e1 s\u1ee9c h\u1ea5p d\u1eabn kh\u00f4ng th\u1ec3 c\u01b0\u1ee1ng l\u1ea1i c\u1ee7a nh\u1eefng m\u00f3n ngon s\u00f4 c\u00f4 la \u0111en phong ph\u00fa"}]},{"@type":"WebSite","@id":"https:\/\/nghiepxuan.com\/vi\/#website","url":"https:\/\/nghiepxuan.com\/vi\/","name":"Nghiep Xuan - Agricultural Import and Export","description":"Nu\u00f4i d\u01b0\u1ee1ng thi\u00ean nhi\u00ean, thu ho\u1ea1ch s\u1ee9c kh\u1ecfe: \u0110i\u1ec3m \u0111\u1ebfn l\u1ed1i s\u1ed1ng h\u1eefu c\u01a1 c\u1ee7a b\u1ea1n","publisher":{"@id":"https:\/\/nghiepxuan.com\/vi\/#organization"},"potentialAction":[{"@type":"SearchAction","target":{"@type":"EntryPoint","urlTemplate":"https:\/\/nghiepxuan.com\/vi\/?s={search_term_string}"},"query-input":{"@type":"PropertyValueSpecification","valueRequired":true,"valueName":"search_term_string"}}],"inLanguage":"vi-VN"},{"@type":"Organization","@id":"https:\/\/nghiepxuan.com\/vi\/#organization","name":"Nghiep Xuan - Agricultural Import and Export","url":"https:\/\/nghiepxuan.com\/vi\/","logo":{"@type":"ImageObject","inLanguage":"vi-VN","@id":"https:\/\/nghiepxuan.com\/vi\/#\/schema\/logo\/image\/","url":"https:\/\/nghiepxuan.com\/wp-content\/uploads\/2025\/04\/Nghiep-Xuan-Logo-4.png","contentUrl":"https:\/\/nghiepxuan.com\/wp-content\/uploads\/2025\/04\/Nghiep-Xuan-Logo-4.png","width":4167,"height":1015,"caption":"Nghiep Xuan - Agricultural Import and Export"},"image":{"@id":"https:\/\/nghiepxuan.com\/vi\/#\/schema\/logo\/image\/"},"sameAs":["https:\/\/www.facebook.com\/nongsannghiepxuan\/","https:\/\/x.com\/PhuTonBui","https:\/\/www.instagram.com\/xuatnhapkhaunghiepxuan\/","https:\/\/www.youtube.com\/@nongsannghiepxuan2066","https:\/\/www.tiktok.com\/@nghiepxuan"]}]}},"_links":{"self":[{"href":"https:\/\/nghiepxuan.com\/vi\/wp-json\/wp\/v2\/product\/5600","targetHints":{"allow":["GET"]}}],"collection":[{"href":"https:\/\/nghiepxuan.com\/vi\/wp-json\/wp\/v2\/product"}],"about":[{"href":"https:\/\/nghiepxuan.com\/vi\/wp-json\/wp\/v2\/types\/product"}],"replies":[{"embeddable":true,"href":"https:\/\/nghiepxuan.com\/vi\/wp-json\/wp\/v2\/comments?post=5600"}],"version-history":[{"count":1,"href":"https:\/\/nghiepxuan.com\/vi\/wp-json\/wp\/v2\/product\/5600\/revisions"}],"predecessor-version":[{"id":6972,"href":"https:\/\/nghiepxuan.com\/vi\/wp-json\/wp\/v2\/product\/5600\/revisions\/6972"}],"wp:featuredmedia":[{"embeddable":true,"href":"https:\/\/nghiepxuan.com\/vi\/wp-json\/wp\/v2\/media\/5672"}],"wp:attachment":[{"href":"https:\/\/nghiepxuan.com\/vi\/wp-json\/wp\/v2\/media?parent=5600"}],"wp:term":[{"taxonomy":"product_brand","embeddable":true,"href":"https:\/\/nghiepxuan.com\/vi\/wp-json\/wp\/v2\/product_brand?post=5600"},{"taxonomy":"product_cat","embeddable":true,"href":"https:\/\/nghiepxuan.com\/vi\/wp-json\/wp\/v2\/product_cat?post=5600"},{"taxonomy":"product_tag","embeddable":true,"href":"https:\/\/nghiepxuan.com\/vi\/wp-json\/wp\/v2\/product_tag?post=5600"}],"curies":[{"name":"wp","href":"https:\/\/api.w.org\/{rel}","templated":true}]}}