{"id":5054,"date":"2025-04-12T02:59:21","date_gmt":"2025-04-12T02:59:21","guid":{"rendered":"https:\/\/nxg.asia\/?post_type=product&#038;p=5054"},"modified":"2025-03-29T10:00:45","modified_gmt":"2025-03-29T10:00:45","slug":"ngon-dong-lanh-toan-bo-sau-rieng-a-vi-cua-la-hoan-hao","status":"publish","type":"product","link":"https:\/\/nghiepxuan.com\/vi\/product\/ngon-dong-lanh-toan-bo-sau-rieng-a-vi-cua-la-hoan-hao\/","title":{"rendered":"S\u1ea7u ri\u00eang nguy\u00ean ch\u1ea5t \u0111\u00f4ng l\u1ea1nh ngon: H\u01b0\u01a1ng v\u1ecb c\u1ee7a s\u1ef1 ho\u00e0n h\u1ea3o k\u1ef3 l\u1ea1"},"content":{"rendered":"<p>S\u1ea7u ri\u00eang \u0111\u01b0\u1ee3c bi\u1ebft \u0111\u1ebfn l\u00e0 lo\u1ea1i tr\u00e1i c\u00e2y nhi\u1ec7t \u0111\u1edbi, c\u00f3 ngu\u1ed3n g\u1ed1c t\u1eeb \u0110\u00f4ng Nam \u00c1, \u0111\u01b0\u1ee3c m\u1ec7nh danh l\u00e0 &#8220;vua c\u1ee7a c\u00e1c lo\u1ea1i tr\u00e1i c\u00e2y&#8221;. M\u1eb7c d\u00f9 h\u01b0\u01a1ng v\u1ecb c\u1ee7a s\u1ea7u ri\u00eang kh\u00e1 n\u1eb7ng v\u00e0 \u0111\u1eadm, nh\u01b0ng n\u00f3 ch\u1ee9a nhi\u1ec1u ch\u1ea5t dinh d\u01b0\u1ee1ng h\u01a1n h\u1ea7u h\u1ebft c\u00e1c lo\u1ea1i tr\u00e1i c\u00e2y kh\u00e1c.<\/p>\n<p>Qu\u1ea3 c\u00f3 th\u1ec3 d\u00e0i t\u1edbi 30cm v\u00e0 r\u1ed9ng kho\u1ea3ng 15cm, n\u1eb7ng 1-3 kg. Th\u1ecbt s\u1ea7u ri\u00eang c\u00f3 m\u00e0u v\u00e0ng nh\u1ea1t. S\u1ea7u ri\u00eang \u0111\u01b0\u1ee3c s\u1eed d\u1ee5ng r\u1ed9ng r\u00e3i \u1edf nhi\u1ec1u v\u00f9ng nhi\u1ec7t \u0111\u1edbi tr\u00ean th\u1ebf gi\u1edbi, \u0111\u1eb7c bi\u1ec7t l\u00e0 \u1edf \u0110\u00f4ng Nam \u00c1 nh\u01b0 Vi\u1ec7t Nam, Th\u00e1i Lan, Malaysia v\u00e0 Indonesia. S\u1ea7u ri\u00eang l\u00e0 m\u1ed9t lo\u1ea1i tr\u00e1i c\u00e2y r\u1ea5t b\u1ed5 d\u01b0\u1ee1ng gi\u00e0u vitamin v\u00e0 ch\u1ea5t x\u01a1, c\u00f9ng v\u1edbi c\u00e1c h\u1ee3p ch\u1ea5t th\u1ef1c v\u1eadt t\u1ed1t cho s\u1ee9c kh\u1ecfe. Trong 243 gram s\u1ea7u ri\u00eang s\u1ebd cung c\u1ea5p:<\/p>\n<p>L\u01b0\u1ee3ng calo: 357 Ch\u1ea5t b\u00e9o: 13 gram Vitamin C: 80% Mangan: 39% Niacin: 13%<br \/>\n Ch\u1ea5t x\u01a1: 9 gam Protein: 4 gam Thiamine: 61% Riboflavin: 29% \u0110\u1ed3ng: 25%<br \/>\n Carb: 66 gram Vitamin B6: 38% Kali: 30% Folate: 22% Magi\u00ea: 18%<\/p>\n<h3><strong>S\u1ea7u ri\u00eang c\u1ee7a Ant Farm &#8211; Tr\u00e1i c\u00e2y \u0111\u00f4ng l\u1ea1nh t\u1ed1t nh\u1ea5t<\/strong><\/h3>\n<p>Ant Farm ch\u1ec9 ch\u1ecdn s\u1ea7u ri\u00eang ch\u1ea5t l\u01b0\u1ee3ng cao nh\u1ea5t v\u00e0 ch\u1ebf bi\u1ebfn d\u01b0\u1edbi s\u1ef1 ki\u1ec3m so\u00e1t v\u1ec7 sinh v\u00e0 ch\u1ea5t l\u01b0\u1ee3ng nghi\u00eam ng\u1eb7t. Kh\u00f4ng c\u00f3 ch\u1ea5t b\u1ea3o qu\u1ea3n nh\u00e2n t\u1ea1o, \u0111\u01b0\u1eddng c\u1ee7a h\u01b0\u01a1ng li\u1ec7u \u0111\u01b0\u1ee3c th\u00eam v\u00e0o.<\/p>\n<ul>\n<li>S\u1ea7u ri\u00eang <strong>Ri6<\/strong> l\u00e0 gi\u1ed1ng s\u1ea7u ri\u00eang ngon nh\u1ea5t mi\u1ec1n Nam Vi\u1ec7t Nam. B\u00ean trong s\u1ea7u ri\u00eang Ri6 l\u00e0 c\u00f9i kh\u00f4, d\u00e0y, ng\u1ecdt, b\u00e9o v\u1eeba ph\u1ea3i, th\u1ecbt kh\u00f4ng d\u00ednh v\u00e0o tay v\u1edbi m\u00f9i s\u1eefa ng\u1ecdt d\u1ec5 ch\u1ecbu v\u00e0 t\u1ef7 l\u1ec7 h\u1ea1t nh\u1ecf l\u00ean \u0111\u1ebfn 40%.<\/li>\n<li><strong>S\u1ea7u ri\u00eang Monthong<\/strong> l\u00e0 gi\u1ed1ng ph\u1ed5 bi\u1ebfn nh\u1ea5t c\u0169ng nh\u01b0 l\u00e0 m\u1ed9t trong nh\u1eefng m\u1eb7t h\u00e0ng xu\u1ea5t kh\u1ea9u n\u1ed5i ti\u1ebfng nh\u1ea5t. S\u1ea7u ri\u00eang Monthong \u0111\u1eadm \u0111\u00e0 v\u00e0 b\u00e9o ng\u1eady v\u1edbi h\u01b0\u01a1ng v\u1ecb r\u1ea5t ng\u1ecdt, nh\u1eb9, \u00edt h\u0103ng.<\/li>\n<li><strong>Thi\u1ebft b\u1ecb t\u1ee7 \u0111\u00f4ng s\u1ea7u ri\u00eang nit\u01a1 l\u1ecfng:<\/strong> Th\u1eddi gian c\u1ea5p \u0111\u00f4ng cho to\u00e0n b\u1ed9 s\u1ea7u ri\u00eang, c\u1ef1c k\u1ef3 nhanh h\u01a1n so v\u1edbi t\u1ee7 \u0111\u00f4ng th\u00f4ng th\u01b0\u1eddng, gi\u00fap tr\u00e1nh h\u01b0 h\u1ecfng sau thu ho\u1ea1ch, n\u00e2ng cao ch\u1ea5t l\u01b0\u1ee3ng th\u1ef1c ph\u1ea9m.<\/li>\n<li>\n<h3><strong>L\u1ee3i \u00edch c\u1ee7a s\u1ea7u ri\u00eang<\/strong><\/h3>\n<p><strong>Ng\u0103n ng\u1eeba b\u1ec7nh tim:<\/strong> c\u00e1c h\u1ee3p ch\u1ea5t th\u1ef1c v\u1eadt \u0111\u01b0\u1ee3c t\u00ecm th\u1ea5y trong s\u1ea7u ri\u00eang c\u00f3 t\u00e1c d\u1ee5ng l\u00e0m gi\u1ea3m m\u1ee9c cholesterol, ng\u0103n ng\u1eeba x\u01a1 c\u1ee9ng \u0111\u1ed9ng m\u1ea1ch.<\/p>\n<p><strong>Gi\u1ea3m nguy c\u01a1 ung th\u01b0:<\/strong> S\u1ea7u ri\u00eang ch\u1ee9a nhi\u1ec1u ch\u1ea5t ch\u1ed1ng oxy h\u00f3a. Nh\u1eefng ch\u1ea5t n\u00e0y c\u00f3 kh\u1ea3 n\u0103ng trung h\u00f2a c\u00e1c g\u1ed1c t\u1ef1 do &#8211; nguy\u00ean nh\u00e2n ch\u00ednh c\u1ee7a s\u1ef1 h\u00ecnh th\u00e0nh v\u00e0 ph\u00e1t tri\u1ec3n c\u1ee7a c\u00e1c t\u1ebf b\u00e0o ung th\u01b0 trong c\u01a1 th\u1ec3. C\u1ee5 th\u1ec3, chi\u1ebft xu\u1ea5t qu\u1ea3 s\u1ea7u ri\u00eang c\u00f3 th\u1ec3 ng\u0103n ng\u1eeba ung th\u01b0 v\u00fa l\u00e2y lan.<\/li>\n<li><strong>Ki\u1ec3m so\u00e1t l\u01b0\u1ee3ng \u0111\u01b0\u1eddng trong m\u00e1u:<\/strong> Ch\u1ec9 s\u1ed1 \u0111\u01b0\u1eddng huy\u1ebft (GI) c\u1ee7a s\u1ea7u ri\u00eang th\u1ea5p h\u01a1n so v\u1edbi c\u00e1c lo\u1ea1i tr\u00e1i c\u00e2y nhi\u1ec7t \u0111\u1edbi kh\u00e1c. Do \u0111\u00f3, ti\u00eau th\u1ee5 s\u1ea7u ri\u00eang c\u00f3 th\u1ec3 gi\u00fap gi\u1ea3m l\u01b0\u1ee3ng \u0111\u01b0\u1eddng trong m\u00e1u, t\u1eeb \u0111\u00f3 ng\u0103n ng\u1eeba nguy c\u01a1 m\u1eafc b\u1ec7nh ti\u1ec3u \u0111\u01b0\u1eddng ho\u1eb7c b\u1ec7nh tim.<\/li>\n<li>V\u1ecf s\u1ea7u ri\u00eang kh\u00e1 dai v\u00e0 c\u00f3 nhi\u1ec1u gai, v\u00ec v\u1eady h\u00e3y s\u1eed d\u1ee5ng g\u0103ng tay khi b\u00f3c v\u1ecf \u0111\u1ec3 b\u1ea3o v\u1ec7 da kh\u1ecfi b\u1ecb h\u01b0 h\u1ea1i. D\u00f9ng dao v\u00e0 nh\u1eb9 nh\u00e0ng b\u00f3c l\u1edbp v\u1ecf b\u00ean ngo\u00e0i, sau \u0111\u00f3 lo\u1ea1i b\u1ecf ph\u1ea7n th\u1ecbt b\u00ean trong c\u1ee7a s\u1ea7u ri\u00eang. S\u1ea7u ri\u00eang c\u00f3 th\u1ec3 \u0103n tr\u1ef1c ti\u1ebfp ho\u1eb7c ch\u1ebf bi\u1ebfn v\u1edbi m\u1ed9t s\u1ed1 nguy\u00ean li\u1ec7u kh\u00e1c nh\u01b0 x\u00f4i.<\/li>\n<\/ul>\n","protected":false},"excerpt":{"rendered":"<p>Kh\u00e1m ph\u00e1 b\u1ea3n ch\u1ea5t th\u1ef1c s\u1ef1 c\u1ee7a ni\u1ec1m \u0111am m\u00ea v\u1edbi S\u1ea7u ri\u00eang nguy\u00ean ch\u1ea5t \u0111\u00f4ng l\u1ea1nh c\u1ee7a ch\u00fang t\u00f4i. C\u00f3 ngu\u1ed3n g\u1ed1c t\u1eeb nh\u1eefng v\u01b0\u1eddn c\u00e2y \u0103n qu\u1ea3 t\u1ed1t nh\u1ea5t, m\u1ed7i qu\u1ea3 s\u1ea7u ri\u00eang \u0111\u01b0\u1ee3c l\u1ef1a ch\u1ecdn c\u1ea9n th\u1eadn, \u0111\u00f4ng l\u1ea1nh chuy\u00ean nghi\u1ec7p \u0111\u1ec3 gi\u1eef \u0111\u01b0\u1ee3c k\u1ebft c\u1ea5u kem \u0111\u1eadm \u0111\u00e0 v\u00e0 h\u01b0\u01a1ng v\u1ecb \u0111\u1eb7c bi\u1ec7t c\u1ee7a n\u00f3. Ho\u00e0n h\u1ea3o cho nh\u1eefng ng\u01b0\u1eddi \u0111am m\u00ea s\u1ea7u ri\u00eang v\u00e0 nh\u1eefng ng\u01b0\u1eddi \u0111am m\u00ea \u1ea9m th\u1ef1c, S\u1ea7u ri\u00eang nguy\u00ean ch\u1ea5t \u0111\u00f4ng l\u1ea1nh c\u1ee7a ch\u00fang t\u00f4i cung c\u1ea5p m\u1ed9t c\u00e1ch d\u1ec5 d\u00e0ng \u0111\u1ec3 th\u01b0\u1edfng th\u1ee9c m\u00f3n ngon k\u1ef3 l\u1ea1 n\u00e0y. Cho d\u00f9 \u0111\u01b0\u1ee3c th\u01b0\u1edfng th\u1ee9c ri\u00eang hay \u0111\u01b0\u1ee3c s\u1eed d\u1ee5ng trong c\u00e1c c\u00f4ng th\u1ee9c n\u1ea5u \u0103n s\u00e1ng t\u1ea1o, s\u1ea7u ri\u00eang c\u1ee7a ch\u00fang t\u00f4i h\u1ee9a h\u1eb9n m\u1ed9t tr\u1ea3i nghi\u1ec7m h\u01b0\u01a1ng v\u1ecb kh\u00f4ng ai s\u00e1nh k\u1ecbp. \u0110i s\u00e2u v\u00e0o m\u1ed9t th\u1ebf gi\u1edbi c\u1ee7a ni\u1ec1m vui nhi\u1ec7t \u0111\u1edbi &#8211; \u0111\u1eb7t h\u00e0ng S\u1ea7u ri\u00eang nguy\u00ean ch\u1ea5t \u0111\u00f4ng l\u1ea1nh c\u1ee7a b\u1ea1n ngay h\u00f4m nay v\u00e0 th\u01b0\u1edfng th\u1ee9c h\u01b0\u01a1ng v\u1ecb \u0111\u1eb7c bi\u1ec7t c\u1ee7a lo\u1ea1i tr\u00e1i c\u00e2y \u0111\u1eb7c bi\u1ec7t n\u00e0y.<\/p>\n","protected":false},"featured_media":5092,"comment_status":"open","ping_status":"closed","template":"","meta":{"content-type":""},"product_brand":[],"product_cat":[425],"product_tag":[415,413,414],"class_list":{"0":"post-5054","1":"product","2":"type-product","3":"status-publish","4":"has-post-thumbnail","6":"product_cat-frozen","7":"product_tag-nhung-nguoi-yeu-thich-sau-rieng","8":"product_tag-sau-rieng-dong-lanh","9":"product_tag-trai-cay-ky-la","11":"first","12":"instock","13":"shipping-taxable","14":"purchasable","15":"product-type-variable","16":"has-default-attributes"},"yoast_head":"<!-- This site is optimized with the Yoast SEO plugin v26.9 - https:\/\/yoast.com\/product\/yoast-seo-wordpress\/ -->\n<title>S\u1ea7u ri\u00eang nguy\u00ean ch\u1ea5t \u0111\u00f4ng l\u1ea1nh ngon: H\u01b0\u01a1ng v\u1ecb c\u1ee7a s\u1ef1 ho\u00e0n h\u1ea3o k\u1ef3 l\u1ea1 - Nghi\u1ec7p Xu\u00e2n - Xu\u1ea5t Nh\u1eadp Kh\u1ea9u N\u00f4ng S\u1ea3n<\/title>\n<meta name=\"robots\" content=\"index, follow, max-snippet:-1, max-image-preview:large, max-video-preview:-1\" \/>\n<link rel=\"canonical\" href=\"https:\/\/nghiepxuan.com\/vi\/product\/ngon-dong-lanh-toan-bo-sau-rieng-a-vi-cua-la-hoan-hao\/\" \/>\n<meta property=\"og:locale\" content=\"vi_VN\" \/>\n<meta property=\"og:type\" content=\"article\" \/>\n<meta property=\"og:title\" content=\"S\u1ea7u ri\u00eang nguy\u00ean ch\u1ea5t \u0111\u00f4ng l\u1ea1nh ngon: H\u01b0\u01a1ng v\u1ecb c\u1ee7a s\u1ef1 ho\u00e0n h\u1ea3o k\u1ef3 l\u1ea1 - Nghi\u1ec7p Xu\u00e2n - Xu\u1ea5t Nh\u1eadp Kh\u1ea9u N\u00f4ng S\u1ea3n\" \/>\n<meta property=\"og:description\" content=\"Kh\u00e1m ph\u00e1 b\u1ea3n ch\u1ea5t th\u1ef1c s\u1ef1 c\u1ee7a ni\u1ec1m \u0111am m\u00ea v\u1edbi S\u1ea7u ri\u00eang nguy\u00ean ch\u1ea5t \u0111\u00f4ng l\u1ea1nh c\u1ee7a ch\u00fang t\u00f4i. C\u00f3 ngu\u1ed3n g\u1ed1c t\u1eeb nh\u1eefng v\u01b0\u1eddn c\u00e2y \u0103n qu\u1ea3 t\u1ed1t nh\u1ea5t, m\u1ed7i qu\u1ea3 s\u1ea7u ri\u00eang \u0111\u01b0\u1ee3c l\u1ef1a ch\u1ecdn c\u1ea9n th\u1eadn, \u0111\u00f4ng l\u1ea1nh chuy\u00ean nghi\u1ec7p \u0111\u1ec3 gi\u1eef \u0111\u01b0\u1ee3c k\u1ebft c\u1ea5u kem \u0111\u1eadm \u0111\u00e0 v\u00e0 h\u01b0\u01a1ng v\u1ecb \u0111\u1eb7c bi\u1ec7t c\u1ee7a n\u00f3. Ho\u00e0n h\u1ea3o cho nh\u1eefng ng\u01b0\u1eddi \u0111am m\u00ea s\u1ea7u ri\u00eang v\u00e0 nh\u1eefng ng\u01b0\u1eddi \u0111am m\u00ea \u1ea9m th\u1ef1c, S\u1ea7u ri\u00eang nguy\u00ean ch\u1ea5t \u0111\u00f4ng l\u1ea1nh c\u1ee7a ch\u00fang t\u00f4i cung c\u1ea5p m\u1ed9t c\u00e1ch d\u1ec5 d\u00e0ng \u0111\u1ec3 th\u01b0\u1edfng th\u1ee9c m\u00f3n ngon k\u1ef3 l\u1ea1 n\u00e0y. Cho d\u00f9 \u0111\u01b0\u1ee3c th\u01b0\u1edfng th\u1ee9c ri\u00eang hay \u0111\u01b0\u1ee3c s\u1eed d\u1ee5ng trong c\u00e1c c\u00f4ng th\u1ee9c n\u1ea5u \u0103n s\u00e1ng t\u1ea1o, s\u1ea7u ri\u00eang c\u1ee7a ch\u00fang t\u00f4i h\u1ee9a h\u1eb9n m\u1ed9t tr\u1ea3i nghi\u1ec7m h\u01b0\u01a1ng v\u1ecb kh\u00f4ng ai s\u00e1nh k\u1ecbp. \u0110i s\u00e2u v\u00e0o m\u1ed9t th\u1ebf gi\u1edbi c\u1ee7a ni\u1ec1m vui nhi\u1ec7t \u0111\u1edbi - \u0111\u1eb7t h\u00e0ng S\u1ea7u ri\u00eang nguy\u00ean ch\u1ea5t \u0111\u00f4ng l\u1ea1nh c\u1ee7a b\u1ea1n ngay h\u00f4m nay v\u00e0 th\u01b0\u1edfng th\u1ee9c h\u01b0\u01a1ng v\u1ecb \u0111\u1eb7c bi\u1ec7t c\u1ee7a lo\u1ea1i tr\u00e1i c\u00e2y \u0111\u1eb7c bi\u1ec7t n\u00e0y.\" \/>\n<meta property=\"og:url\" content=\"https:\/\/nghiepxuan.com\/vi\/product\/ngon-dong-lanh-toan-bo-sau-rieng-a-vi-cua-la-hoan-hao\/\" \/>\n<meta property=\"og:site_name\" content=\"Nghi\u1ec7p Xu\u00e2n - Xu\u1ea5t Nh\u1eadp Kh\u1ea9u N\u00f4ng S\u1ea3n\" \/>\n<meta property=\"article:publisher\" content=\"https:\/\/www.facebook.com\/nongsannghiepxuan\/\" \/>\n<meta property=\"og:image\" content=\"https:\/\/nghiepxuan.com\/wp-content\/uploads\/2023\/10\/sau-rieng-trai-cap-dong.gif\" \/>\n\t<meta property=\"og:image:width\" content=\"800\" \/>\n\t<meta property=\"og:image:height\" content=\"800\" \/>\n\t<meta property=\"og:image:type\" content=\"image\/gif\" \/>\n<meta name=\"twitter:card\" content=\"summary_large_image\" \/>\n<meta name=\"twitter:site\" content=\"@PhuTonBui\" \/>\n<meta name=\"twitter:label1\" content=\"Est. reading time\" \/>\n\t<meta name=\"twitter:data1\" content=\"4 minutes\" \/>\n<script type=\"application\/ld+json\" class=\"yoast-schema-graph\">{\"@context\":\"https:\/\/schema.org\",\"@graph\":[{\"@type\":\"WebPage\",\"@id\":\"https:\/\/nghiepxuan.com\/vi\/product\/ngon-dong-lanh-toan-bo-sau-rieng-a-vi-cua-la-hoan-hao\/\",\"url\":\"https:\/\/nghiepxuan.com\/vi\/product\/ngon-dong-lanh-toan-bo-sau-rieng-a-vi-cua-la-hoan-hao\/\",\"name\":\"S\u1ea7u ri\u00eang nguy\u00ean ch\u1ea5t \u0111\u00f4ng l\u1ea1nh ngon: H\u01b0\u01a1ng v\u1ecb c\u1ee7a s\u1ef1 ho\u00e0n h\u1ea3o k\u1ef3 l\u1ea1 - Nghi\u1ec7p Xu\u00e2n - Xu\u1ea5t Nh\u1eadp Kh\u1ea9u N\u00f4ng S\u1ea3n\",\"isPartOf\":{\"@id\":\"https:\/\/nghiepxuan.com\/vi\/#website\"},\"primaryImageOfPage\":{\"@id\":\"https:\/\/nghiepxuan.com\/vi\/product\/ngon-dong-lanh-toan-bo-sau-rieng-a-vi-cua-la-hoan-hao\/#primaryimage\"},\"image\":{\"@id\":\"https:\/\/nghiepxuan.com\/vi\/product\/ngon-dong-lanh-toan-bo-sau-rieng-a-vi-cua-la-hoan-hao\/#primaryimage\"},\"thumbnailUrl\":\"https:\/\/nghiepxuan.com\/wp-content\/uploads\/2023\/10\/sau-rieng-trai-cap-dong.gif\",\"datePublished\":\"2025-04-12T02:59:21+00:00\",\"breadcrumb\":{\"@id\":\"https:\/\/nghiepxuan.com\/vi\/product\/ngon-dong-lanh-toan-bo-sau-rieng-a-vi-cua-la-hoan-hao\/#breadcrumb\"},\"inLanguage\":\"vi-VN\",\"potentialAction\":[{\"@type\":\"ReadAction\",\"target\":[\"https:\/\/nghiepxuan.com\/vi\/product\/ngon-dong-lanh-toan-bo-sau-rieng-a-vi-cua-la-hoan-hao\/\"]}]},{\"@type\":\"ImageObject\",\"inLanguage\":\"vi-VN\",\"@id\":\"https:\/\/nghiepxuan.com\/vi\/product\/ngon-dong-lanh-toan-bo-sau-rieng-a-vi-cua-la-hoan-hao\/#primaryimage\",\"url\":\"https:\/\/nghiepxuan.com\/wp-content\/uploads\/2023\/10\/sau-rieng-trai-cap-dong.gif\",\"contentUrl\":\"https:\/\/nghiepxuan.com\/wp-content\/uploads\/2023\/10\/sau-rieng-trai-cap-dong.gif\",\"width\":800,\"height\":800},{\"@type\":\"BreadcrumbList\",\"@id\":\"https:\/\/nghiepxuan.com\/vi\/product\/ngon-dong-lanh-toan-bo-sau-rieng-a-vi-cua-la-hoan-hao\/#breadcrumb\",\"itemListElement\":[{\"@type\":\"ListItem\",\"position\":1,\"name\":\"Home\",\"item\":\"https:\/\/nghiepxuan.com\/vi\/\"},{\"@type\":\"ListItem\",\"position\":2,\"name\":\"C\u1eeda h\u00e0ng\",\"item\":\"https:\/\/nghiepxuan.com\/vi\/shop\/\"},{\"@type\":\"ListItem\",\"position\":3,\"name\":\"S\u1ea7u ri\u00eang nguy\u00ean ch\u1ea5t \u0111\u00f4ng l\u1ea1nh ngon: H\u01b0\u01a1ng v\u1ecb c\u1ee7a s\u1ef1 ho\u00e0n h\u1ea3o k\u1ef3 l\u1ea1\"}]},{\"@type\":\"WebSite\",\"@id\":\"https:\/\/nghiepxuan.com\/vi\/#website\",\"url\":\"https:\/\/nghiepxuan.com\/vi\/\",\"name\":\"Nghiep Xuan - Agricultural Import and Export\",\"description\":\"Nu\u00f4i d\u01b0\u1ee1ng thi\u00ean nhi\u00ean, thu ho\u1ea1ch s\u1ee9c kh\u1ecfe: \u0110i\u1ec3m \u0111\u1ebfn l\u1ed1i s\u1ed1ng h\u1eefu c\u01a1 c\u1ee7a b\u1ea1n\",\"publisher\":{\"@id\":\"https:\/\/nghiepxuan.com\/vi\/#organization\"},\"potentialAction\":[{\"@type\":\"SearchAction\",\"target\":{\"@type\":\"EntryPoint\",\"urlTemplate\":\"https:\/\/nghiepxuan.com\/vi\/?s={search_term_string}\"},\"query-input\":{\"@type\":\"PropertyValueSpecification\",\"valueRequired\":true,\"valueName\":\"search_term_string\"}}],\"inLanguage\":\"vi-VN\"},{\"@type\":\"Organization\",\"@id\":\"https:\/\/nghiepxuan.com\/vi\/#organization\",\"name\":\"Nghiep Xuan - Agricultural Import and Export\",\"url\":\"https:\/\/nghiepxuan.com\/vi\/\",\"logo\":{\"@type\":\"ImageObject\",\"inLanguage\":\"vi-VN\",\"@id\":\"https:\/\/nghiepxuan.com\/vi\/#\/schema\/logo\/image\/\",\"url\":\"https:\/\/nghiepxuan.com\/wp-content\/uploads\/2025\/04\/Nghiep-Xuan-Logo-4.png\",\"contentUrl\":\"https:\/\/nghiepxuan.com\/wp-content\/uploads\/2025\/04\/Nghiep-Xuan-Logo-4.png\",\"width\":4167,\"height\":1015,\"caption\":\"Nghiep Xuan - Agricultural Import and Export\"},\"image\":{\"@id\":\"https:\/\/nghiepxuan.com\/vi\/#\/schema\/logo\/image\/\"},\"sameAs\":[\"https:\/\/www.facebook.com\/nongsannghiepxuan\/\",\"https:\/\/x.com\/PhuTonBui\",\"https:\/\/www.instagram.com\/xuatnhapkhaunghiepxuan\/\",\"https:\/\/www.youtube.com\/@nongsannghiepxuan2066\",\"https:\/\/www.tiktok.com\/@nghiepxuan\"]}]}<\/script>\n<!-- \/ Yoast SEO plugin. -->","yoast_head_json":{"title":"S\u1ea7u ri\u00eang nguy\u00ean ch\u1ea5t \u0111\u00f4ng l\u1ea1nh ngon: H\u01b0\u01a1ng v\u1ecb c\u1ee7a s\u1ef1 ho\u00e0n h\u1ea3o k\u1ef3 l\u1ea1 - Nghi\u1ec7p Xu\u00e2n - Xu\u1ea5t Nh\u1eadp Kh\u1ea9u N\u00f4ng S\u1ea3n","robots":{"index":"index","follow":"follow","max-snippet":"max-snippet:-1","max-image-preview":"max-image-preview:large","max-video-preview":"max-video-preview:-1"},"canonical":"https:\/\/nghiepxuan.com\/vi\/product\/ngon-dong-lanh-toan-bo-sau-rieng-a-vi-cua-la-hoan-hao\/","og_locale":"vi_VN","og_type":"article","og_title":"S\u1ea7u ri\u00eang nguy\u00ean ch\u1ea5t \u0111\u00f4ng l\u1ea1nh ngon: H\u01b0\u01a1ng v\u1ecb c\u1ee7a s\u1ef1 ho\u00e0n h\u1ea3o k\u1ef3 l\u1ea1 - Nghi\u1ec7p Xu\u00e2n - Xu\u1ea5t Nh\u1eadp Kh\u1ea9u N\u00f4ng S\u1ea3n","og_description":"Kh\u00e1m ph\u00e1 b\u1ea3n ch\u1ea5t th\u1ef1c s\u1ef1 c\u1ee7a ni\u1ec1m \u0111am m\u00ea v\u1edbi S\u1ea7u ri\u00eang nguy\u00ean ch\u1ea5t \u0111\u00f4ng l\u1ea1nh c\u1ee7a ch\u00fang t\u00f4i. C\u00f3 ngu\u1ed3n g\u1ed1c t\u1eeb nh\u1eefng v\u01b0\u1eddn c\u00e2y \u0103n qu\u1ea3 t\u1ed1t nh\u1ea5t, m\u1ed7i qu\u1ea3 s\u1ea7u ri\u00eang \u0111\u01b0\u1ee3c l\u1ef1a ch\u1ecdn c\u1ea9n th\u1eadn, \u0111\u00f4ng l\u1ea1nh chuy\u00ean nghi\u1ec7p \u0111\u1ec3 gi\u1eef \u0111\u01b0\u1ee3c k\u1ebft c\u1ea5u kem \u0111\u1eadm \u0111\u00e0 v\u00e0 h\u01b0\u01a1ng v\u1ecb \u0111\u1eb7c bi\u1ec7t c\u1ee7a n\u00f3. Ho\u00e0n h\u1ea3o cho nh\u1eefng ng\u01b0\u1eddi \u0111am m\u00ea s\u1ea7u ri\u00eang v\u00e0 nh\u1eefng ng\u01b0\u1eddi \u0111am m\u00ea \u1ea9m th\u1ef1c, S\u1ea7u ri\u00eang nguy\u00ean ch\u1ea5t \u0111\u00f4ng l\u1ea1nh c\u1ee7a ch\u00fang t\u00f4i cung c\u1ea5p m\u1ed9t c\u00e1ch d\u1ec5 d\u00e0ng \u0111\u1ec3 th\u01b0\u1edfng th\u1ee9c m\u00f3n ngon k\u1ef3 l\u1ea1 n\u00e0y. Cho d\u00f9 \u0111\u01b0\u1ee3c th\u01b0\u1edfng th\u1ee9c ri\u00eang hay \u0111\u01b0\u1ee3c s\u1eed d\u1ee5ng trong c\u00e1c c\u00f4ng th\u1ee9c n\u1ea5u \u0103n s\u00e1ng t\u1ea1o, s\u1ea7u ri\u00eang c\u1ee7a ch\u00fang t\u00f4i h\u1ee9a h\u1eb9n m\u1ed9t tr\u1ea3i nghi\u1ec7m h\u01b0\u01a1ng v\u1ecb kh\u00f4ng ai s\u00e1nh k\u1ecbp. \u0110i s\u00e2u v\u00e0o m\u1ed9t th\u1ebf gi\u1edbi c\u1ee7a ni\u1ec1m vui nhi\u1ec7t \u0111\u1edbi - \u0111\u1eb7t h\u00e0ng S\u1ea7u ri\u00eang nguy\u00ean ch\u1ea5t \u0111\u00f4ng l\u1ea1nh c\u1ee7a b\u1ea1n ngay h\u00f4m nay v\u00e0 th\u01b0\u1edfng th\u1ee9c h\u01b0\u01a1ng v\u1ecb \u0111\u1eb7c bi\u1ec7t c\u1ee7a lo\u1ea1i tr\u00e1i c\u00e2y \u0111\u1eb7c bi\u1ec7t n\u00e0y.","og_url":"https:\/\/nghiepxuan.com\/vi\/product\/ngon-dong-lanh-toan-bo-sau-rieng-a-vi-cua-la-hoan-hao\/","og_site_name":"Nghi\u1ec7p Xu\u00e2n - Xu\u1ea5t Nh\u1eadp Kh\u1ea9u N\u00f4ng S\u1ea3n","article_publisher":"https:\/\/www.facebook.com\/nongsannghiepxuan\/","og_image":[{"width":800,"height":800,"url":"https:\/\/nghiepxuan.com\/wp-content\/uploads\/2023\/10\/sau-rieng-trai-cap-dong.gif","type":"image\/gif"}],"twitter_card":"summary_large_image","twitter_site":"@PhuTonBui","twitter_misc":{"Est. reading time":"4 minutes"},"schema":{"@context":"https:\/\/schema.org","@graph":[{"@type":"WebPage","@id":"https:\/\/nghiepxuan.com\/vi\/product\/ngon-dong-lanh-toan-bo-sau-rieng-a-vi-cua-la-hoan-hao\/","url":"https:\/\/nghiepxuan.com\/vi\/product\/ngon-dong-lanh-toan-bo-sau-rieng-a-vi-cua-la-hoan-hao\/","name":"S\u1ea7u ri\u00eang nguy\u00ean ch\u1ea5t \u0111\u00f4ng l\u1ea1nh ngon: H\u01b0\u01a1ng v\u1ecb c\u1ee7a s\u1ef1 ho\u00e0n h\u1ea3o k\u1ef3 l\u1ea1 - Nghi\u1ec7p Xu\u00e2n - Xu\u1ea5t Nh\u1eadp Kh\u1ea9u N\u00f4ng S\u1ea3n","isPartOf":{"@id":"https:\/\/nghiepxuan.com\/vi\/#website"},"primaryImageOfPage":{"@id":"https:\/\/nghiepxuan.com\/vi\/product\/ngon-dong-lanh-toan-bo-sau-rieng-a-vi-cua-la-hoan-hao\/#primaryimage"},"image":{"@id":"https:\/\/nghiepxuan.com\/vi\/product\/ngon-dong-lanh-toan-bo-sau-rieng-a-vi-cua-la-hoan-hao\/#primaryimage"},"thumbnailUrl":"https:\/\/nghiepxuan.com\/wp-content\/uploads\/2023\/10\/sau-rieng-trai-cap-dong.gif","datePublished":"2025-04-12T02:59:21+00:00","breadcrumb":{"@id":"https:\/\/nghiepxuan.com\/vi\/product\/ngon-dong-lanh-toan-bo-sau-rieng-a-vi-cua-la-hoan-hao\/#breadcrumb"},"inLanguage":"vi-VN","potentialAction":[{"@type":"ReadAction","target":["https:\/\/nghiepxuan.com\/vi\/product\/ngon-dong-lanh-toan-bo-sau-rieng-a-vi-cua-la-hoan-hao\/"]}]},{"@type":"ImageObject","inLanguage":"vi-VN","@id":"https:\/\/nghiepxuan.com\/vi\/product\/ngon-dong-lanh-toan-bo-sau-rieng-a-vi-cua-la-hoan-hao\/#primaryimage","url":"https:\/\/nghiepxuan.com\/wp-content\/uploads\/2023\/10\/sau-rieng-trai-cap-dong.gif","contentUrl":"https:\/\/nghiepxuan.com\/wp-content\/uploads\/2023\/10\/sau-rieng-trai-cap-dong.gif","width":800,"height":800},{"@type":"BreadcrumbList","@id":"https:\/\/nghiepxuan.com\/vi\/product\/ngon-dong-lanh-toan-bo-sau-rieng-a-vi-cua-la-hoan-hao\/#breadcrumb","itemListElement":[{"@type":"ListItem","position":1,"name":"Home","item":"https:\/\/nghiepxuan.com\/vi\/"},{"@type":"ListItem","position":2,"name":"C\u1eeda h\u00e0ng","item":"https:\/\/nghiepxuan.com\/vi\/shop\/"},{"@type":"ListItem","position":3,"name":"S\u1ea7u ri\u00eang nguy\u00ean ch\u1ea5t \u0111\u00f4ng l\u1ea1nh ngon: H\u01b0\u01a1ng v\u1ecb c\u1ee7a s\u1ef1 ho\u00e0n h\u1ea3o k\u1ef3 l\u1ea1"}]},{"@type":"WebSite","@id":"https:\/\/nghiepxuan.com\/vi\/#website","url":"https:\/\/nghiepxuan.com\/vi\/","name":"Nghiep Xuan - Agricultural Import and Export","description":"Nu\u00f4i d\u01b0\u1ee1ng thi\u00ean nhi\u00ean, thu ho\u1ea1ch s\u1ee9c kh\u1ecfe: \u0110i\u1ec3m \u0111\u1ebfn l\u1ed1i s\u1ed1ng h\u1eefu c\u01a1 c\u1ee7a b\u1ea1n","publisher":{"@id":"https:\/\/nghiepxuan.com\/vi\/#organization"},"potentialAction":[{"@type":"SearchAction","target":{"@type":"EntryPoint","urlTemplate":"https:\/\/nghiepxuan.com\/vi\/?s={search_term_string}"},"query-input":{"@type":"PropertyValueSpecification","valueRequired":true,"valueName":"search_term_string"}}],"inLanguage":"vi-VN"},{"@type":"Organization","@id":"https:\/\/nghiepxuan.com\/vi\/#organization","name":"Nghiep Xuan - Agricultural Import and Export","url":"https:\/\/nghiepxuan.com\/vi\/","logo":{"@type":"ImageObject","inLanguage":"vi-VN","@id":"https:\/\/nghiepxuan.com\/vi\/#\/schema\/logo\/image\/","url":"https:\/\/nghiepxuan.com\/wp-content\/uploads\/2025\/04\/Nghiep-Xuan-Logo-4.png","contentUrl":"https:\/\/nghiepxuan.com\/wp-content\/uploads\/2025\/04\/Nghiep-Xuan-Logo-4.png","width":4167,"height":1015,"caption":"Nghiep Xuan - Agricultural Import and Export"},"image":{"@id":"https:\/\/nghiepxuan.com\/vi\/#\/schema\/logo\/image\/"},"sameAs":["https:\/\/www.facebook.com\/nongsannghiepxuan\/","https:\/\/x.com\/PhuTonBui","https:\/\/www.instagram.com\/xuatnhapkhaunghiepxuan\/","https:\/\/www.youtube.com\/@nongsannghiepxuan2066","https:\/\/www.tiktok.com\/@nghiepxuan"]}]}},"_links":{"self":[{"href":"https:\/\/nghiepxuan.com\/vi\/wp-json\/wp\/v2\/product\/5054","targetHints":{"allow":["GET"]}}],"collection":[{"href":"https:\/\/nghiepxuan.com\/vi\/wp-json\/wp\/v2\/product"}],"about":[{"href":"https:\/\/nghiepxuan.com\/vi\/wp-json\/wp\/v2\/types\/product"}],"replies":[{"embeddable":true,"href":"https:\/\/nghiepxuan.com\/vi\/wp-json\/wp\/v2\/comments?post=5054"}],"version-history":[{"count":1,"href":"https:\/\/nghiepxuan.com\/vi\/wp-json\/wp\/v2\/product\/5054\/revisions"}],"predecessor-version":[{"id":6984,"href":"https:\/\/nghiepxuan.com\/vi\/wp-json\/wp\/v2\/product\/5054\/revisions\/6984"}],"wp:featuredmedia":[{"embeddable":true,"href":"https:\/\/nghiepxuan.com\/vi\/wp-json\/wp\/v2\/media\/5092"}],"wp:attachment":[{"href":"https:\/\/nghiepxuan.com\/vi\/wp-json\/wp\/v2\/media?parent=5054"}],"wp:term":[{"taxonomy":"product_brand","embeddable":true,"href":"https:\/\/nghiepxuan.com\/vi\/wp-json\/wp\/v2\/product_brand?post=5054"},{"taxonomy":"product_cat","embeddable":true,"href":"https:\/\/nghiepxuan.com\/vi\/wp-json\/wp\/v2\/product_cat?post=5054"},{"taxonomy":"product_tag","embeddable":true,"href":"https:\/\/nghiepxuan.com\/vi\/wp-json\/wp\/v2\/product_tag?post=5054"}],"curies":[{"name":"wp","href":"https:\/\/api.w.org\/{rel}","templated":true}]}}