{"id":5013,"date":"2023-10-23T03:17:01","date_gmt":"2023-10-23T03:17:01","guid":{"rendered":"https:\/\/farm-lang.cdn-pi.com\/product\/kham-pha-huong-vi-tinh-te-cung-sau-rieng-ri6-vua-cua-cac-loai-trai-cay-nhiet-doi\/"},"modified":"2025-03-29T10:00:45","modified_gmt":"2025-03-29T10:00:45","slug":"kham-pha-tinh-te-huong-vi-voi-sau-rieng-ri6-the-king-of-tropical-fruits","status":"publish","type":"product","link":"https:\/\/nghiepxuan.com\/vi\/product\/kham-pha-tinh-te-huong-vi-voi-sau-rieng-ri6-the-king-of-tropical-fruits\/","title":{"rendered":"Kh\u00e1m ph\u00e1 h\u01b0\u01a1ng v\u1ecb tinh t\u1ebf c\u00f9ng s\u1ea7u ri\u00eang RI6: Vua c\u1ee7a c\u00e1c lo\u1ea1i tr\u00e1i c\u00e2y nhi\u1ec7t \u0111\u1edbi"},"content":{"rendered":"<p>\u0110i s\u00e2u v\u00e0o s\u1ef1 phong ph\u00fa c\u1ee7a s\u1ea7u ri\u00eang RI6: Vi\u00ean ng\u1ecdc qu\u00fd c\u1ee7a tr\u00e1i c\u00e2y nhi\u1ec7t \u0111\u1edbi!<\/p>\n<p>Gi\u1edbi thi\u1ec7u S\u1ea7u ri\u00eang RI6 c\u1ee7a ch\u00fang t\u00f4i, m\u1ed9t h\u00ecnh \u1ea3nh thu nh\u1ecf th\u1ef1c s\u1ef1 c\u1ee7a ni\u1ec1m \u0111am m\u00ea cho nh\u1eefng ng\u01b0\u1eddi \u0111am m\u00ea tr\u00e1i c\u00e2y. N\u1ed5i ti\u1ebfng l\u00e0 Vua c\u1ee7a c\u00e1c lo\u1ea1i tr\u00e1i c\u00e2y nhi\u1ec7t \u0111\u1edbi, RI6 t\u1ef1 h\u00e0o c\u00f3 m\u1ed9t h\u1ed3 s\u01a1 h\u01b0\u01a1ng v\u1ecb \u0111\u1eb7c bi\u1ec7t k\u1ebft h\u1ee3p v\u1ecb ng\u1ecdt, kem v\u00e0 v\u1ecb \u0111\u1eafng nh\u1eb9, mang l\u1ea1i tr\u1ea3i nghi\u1ec7m gi\u00e1c quan kh\u00f4ng gi\u1ed1ng ai.<\/p>\n<p>C\u00f3 ngu\u1ed3n g\u1ed1c t\u1eeb nh\u1eefng v\u01b0\u1eddn c\u00e2y \u0103n tr\u00e1i t\u1ed1t nh\u1ea5t, s\u1ea7u ri\u00eang RI6 c\u1ee7a ch\u00fang t\u00f4i \u0111\u01b0\u1ee3c l\u1ef1a ch\u1ecdn t\u1ec9 m\u1ec9 v\u00e0 thu ho\u1ea1ch \u1edf \u0111\u1ed9 ch\u00edn ho\u00e0n h\u1ea3o, \u0111\u1ea3m b\u1ea3o m\u1ed7i qu\u1ea3 \u0111\u1ec1u c\u00f3 v\u1ecb ng\u1ecdt t\u1ef1 nhi\u00ean. K\u1ebft c\u1ea5u m\u01b0\u1ee3t m\u00e0, gi\u1ed1ng nh\u01b0 s\u1eefa tr\u1ee9ng v\u00e0 h\u01b0\u01a1ng th\u01a1m m\u00ea ho\u1eb7c c\u1ee7a n\u00f3 l\u00e0m cho n\u00f3 tr\u1edf th\u00e0nh m\u1ed9t m\u00f3n ngon \u0111\u01b0\u1ee3c nh\u1eefng ng\u01b0\u1eddi s\u00e0nh s\u1ecfi tr\u00ean to\u00e0n th\u1ebf gi\u1edbi y\u00eau th\u00edch.<\/p>\n<p>Kh\u00f4ng ch\u1ec9 l\u00e0 m\u1ed9t m\u00f3n \u0103n cho v\u1ecb gi\u00e1c c\u1ee7a b\u1ea1n, S\u1ea7u ri\u00eang RI6 c\u00f2n ch\u1ee9a nhi\u1ec1u ch\u1ea5t dinh d\u01b0\u1ee1ng thi\u1ebft y\u1ebfu, bao g\u1ed3m vitamin, kho\u00e1ng ch\u1ea5t v\u00e0 ch\u1ea5t x\u01a1, th\u00fac \u0111\u1ea9y l\u1ed1i s\u1ed1ng l\u00e0nh m\u1ea1nh v\u1edbi m\u1ed7i mi\u1ebfng ngon mi\u1ec7ng.<\/p>\n<p>Cho d\u00f9 \u0111\u01b0\u1ee3c th\u01b0\u1edfng th\u1ee9c t\u01b0\u01a1i ngon, k\u1ebft h\u1ee3p v\u00e0o m\u00f3n tr\u00e1ng mi\u1ec7ng hay h\u00f2a quy\u1ec7n v\u00e0o kem l\u1eafc, s\u1ea7u ri\u00eang RI6 c\u1ee7a ch\u00fang t\u00f4i n\u00e2ng t\u1ea7m cu\u1ed9c phi\u00eau l\u01b0u \u1ea9m th\u1ef1c c\u1ee7a b\u1ea1n l\u00ean t\u1ea7m cao v\u00f4 song. S\u1ef1 quy\u1ebfn r\u0169 k\u1ef3 l\u1ea1 v\u00e0 h\u01b0\u01a1ng v\u1ecb tuy\u1ec7t v\u1eddi c\u1ee7a n\u00f3 l\u00e0m cho n\u00f3 tr\u1edf th\u00e0nh m\u1ed9t m\u00f3n nh\u1ea5t \u0111\u1ecbnh ph\u1ea3i th\u1eed cho nh\u1eefng ng\u01b0\u1eddi t\u00ecm ki\u1ebfm tr\u1ea3i nghi\u1ec7m \u1ea9m th\u1ef1c \u0111\u1ed9c \u0111\u00e1o.<\/p>\n<p>\u0110\u1eafm m\u00ecnh trong th\u1ebf gi\u1edbi \u0111\u1eafm ch\u00ecm trong th\u1ebf gi\u1edbi \u0111am m\u00ea v\u1edbi S\u1ea7u ri\u00eang RI6 c\u1ee7a ch\u00fang t\u00f4i, n\u01a1i m\u1ed7i mi\u1ebfng c\u1eafn \u0111\u1ec1u k\u1ec3 m\u1ed9t c\u00e2u chuy\u1ec7n v\u1ec1 s\u1ef1 sang tr\u1ecdng nhi\u1ec7t \u0111\u1edbi. Gh\u00e9 th\u0103m ch\u00fang t\u00f4i ngay h\u00f4m nay v\u00e0 th\u01b0\u1edfng th\u1ee9c h\u01b0\u01a1ng v\u1ecb \u0111\u1eb7c bi\u1ec7t c\u1ee7a ni\u1ec1m vui nhi\u1ec7t \u0111\u1edbi n\u00e0y, m\u1ed9t vi\u00ean ng\u1ecdc qu\u00fd th\u1ef1c s\u1ef1 gi\u1eefa c\u00e1c lo\u1ea1i tr\u00e1i c\u00e2y.<\/p>\n","protected":false},"excerpt":{"rendered":"<p>Tr\u1ea3i nghi\u1ec7m ho\u00e0ng gia tr\u00e1i c\u00e2y nhi\u1ec7t \u0111\u1edbi v\u1edbi S\u1ea7u ri\u00eang RI6. Vua tr\u00e1i c\u00e2y n\u00e0y gi\u1edbi thi\u1ec7u m\u1ed9t s\u1ef1 k\u1ebft h\u1ee3p \u0111\u1ed9c \u0111\u00e1o c\u1ee7a h\u01b0\u01a1ng v\u1ecb ng\u1ecdt ng\u00e0o v\u00e0 \u0111\u1eafng nh\u1eb9. S\u1ea7u ri\u00eang RI6 \u0111\u01b0\u1ee3c l\u1ef1a ch\u1ecdn t\u1ec9 m\u1ec9 v\u00e0 ch\u00edn ho\u00e0n h\u1ea3o c\u1ee7a ch\u00fang t\u00f4i mang \u0111\u1ebfn m\u1ed9t k\u1ebft c\u1ea5u m\u01b0\u1ee3t m\u00e0, gi\u1ed1ng nh\u01b0 s\u1eefa tr\u1ee9ng v\u00e0 ch\u1ee9a nhi\u1ec1u d\u01b0\u1ee1ng ch\u1ea5t thi\u1ebft y\u1ebfu. Cho d\u00f9 \u0111\u01b0\u1ee3c th\u01b0\u1edfng th\u1ee9c t\u01b0\u01a1i hay \u0111\u01b0\u1ee3c s\u1eed d\u1ee5ng trong c\u00e1c m\u00f3n tr\u00e1ng mi\u1ec7ng v\u00e0 l\u1eafc, \u0111\u00f3 l\u00e0 m\u1ed9t m\u00f3n ph\u1ea3i th\u1eed cho nh\u1eefng ng\u01b0\u1eddi t\u00ecm ki\u1ebfm m\u1ed9t cu\u1ed9c phi\u00eau l\u01b0u \u1ea9m th\u1ef1c phi th\u01b0\u1eddng<\/p>\n","protected":false},"featured_media":4805,"comment_status":"open","ping_status":"closed","template":"","meta":{"content-type":""},"product_brand":[],"product_cat":[168],"product_tag":[409,407,408],"class_list":{"0":"post-5013","1":"product","2":"type-product","3":"status-publish","4":"has-post-thumbnail","6":"product_cat-fruits-vi","7":"product_tag-nhiet-doiniem-dam-me","8":"product_tag-sau-rieng-ri6","9":"product_tag-vua-cua-cac-loai-trai-cay","11":"first","12":"instock","13":"shipping-taxable","14":"purchasable","15":"product-type-variable","16":"has-default-attributes"},"yoast_head":"<!-- This site is optimized with the Yoast SEO plugin v26.9 - https:\/\/yoast.com\/product\/yoast-seo-wordpress\/ -->\n<title>Kh\u00e1m ph\u00e1 h\u01b0\u01a1ng v\u1ecb tinh t\u1ebf c\u00f9ng s\u1ea7u ri\u00eang RI6: Vua c\u1ee7a c\u00e1c lo\u1ea1i tr\u00e1i c\u00e2y nhi\u1ec7t \u0111\u1edbi - Nghi\u1ec7p Xu\u00e2n - Xu\u1ea5t Nh\u1eadp Kh\u1ea9u N\u00f4ng S\u1ea3n<\/title>\n<meta name=\"robots\" content=\"index, follow, max-snippet:-1, max-image-preview:large, max-video-preview:-1\" \/>\n<link rel=\"canonical\" href=\"https:\/\/nghiepxuan.com\/vi\/product\/kham-pha-tinh-te-huong-vi-voi-sau-rieng-ri6-the-king-of-tropical-fruits\/\" \/>\n<meta property=\"og:locale\" content=\"vi_VN\" \/>\n<meta property=\"og:type\" content=\"article\" \/>\n<meta property=\"og:title\" content=\"Kh\u00e1m ph\u00e1 h\u01b0\u01a1ng v\u1ecb tinh t\u1ebf c\u00f9ng s\u1ea7u ri\u00eang RI6: Vua c\u1ee7a c\u00e1c lo\u1ea1i tr\u00e1i c\u00e2y nhi\u1ec7t \u0111\u1edbi - Nghi\u1ec7p Xu\u00e2n - Xu\u1ea5t Nh\u1eadp Kh\u1ea9u N\u00f4ng S\u1ea3n\" \/>\n<meta property=\"og:description\" content=\"Tr\u1ea3i nghi\u1ec7m ho\u00e0ng gia tr\u00e1i c\u00e2y nhi\u1ec7t \u0111\u1edbi v\u1edbi S\u1ea7u ri\u00eang RI6. Vua tr\u00e1i c\u00e2y n\u00e0y gi\u1edbi thi\u1ec7u m\u1ed9t s\u1ef1 k\u1ebft h\u1ee3p \u0111\u1ed9c \u0111\u00e1o c\u1ee7a h\u01b0\u01a1ng v\u1ecb ng\u1ecdt ng\u00e0o v\u00e0 \u0111\u1eafng nh\u1eb9. S\u1ea7u ri\u00eang RI6 \u0111\u01b0\u1ee3c l\u1ef1a ch\u1ecdn t\u1ec9 m\u1ec9 v\u00e0 ch\u00edn ho\u00e0n h\u1ea3o c\u1ee7a ch\u00fang t\u00f4i mang \u0111\u1ebfn m\u1ed9t k\u1ebft c\u1ea5u m\u01b0\u1ee3t m\u00e0, gi\u1ed1ng nh\u01b0 s\u1eefa tr\u1ee9ng v\u00e0 ch\u1ee9a nhi\u1ec1u d\u01b0\u1ee1ng ch\u1ea5t thi\u1ebft y\u1ebfu. Cho d\u00f9 \u0111\u01b0\u1ee3c th\u01b0\u1edfng th\u1ee9c t\u01b0\u01a1i hay \u0111\u01b0\u1ee3c s\u1eed d\u1ee5ng trong c\u00e1c m\u00f3n tr\u00e1ng mi\u1ec7ng v\u00e0 l\u1eafc, \u0111\u00f3 l\u00e0 m\u1ed9t m\u00f3n ph\u1ea3i th\u1eed cho nh\u1eefng ng\u01b0\u1eddi t\u00ecm ki\u1ebfm m\u1ed9t cu\u1ed9c phi\u00eau l\u01b0u \u1ea9m th\u1ef1c phi th\u01b0\u1eddng\" \/>\n<meta property=\"og:url\" content=\"https:\/\/nghiepxuan.com\/vi\/product\/kham-pha-tinh-te-huong-vi-voi-sau-rieng-ri6-the-king-of-tropical-fruits\/\" \/>\n<meta property=\"og:site_name\" content=\"Nghi\u1ec7p Xu\u00e2n - Xu\u1ea5t Nh\u1eadp Kh\u1ea9u N\u00f4ng S\u1ea3n\" \/>\n<meta property=\"article:publisher\" content=\"https:\/\/www.facebook.com\/nongsannghiepxuan\/\" \/>\n<meta property=\"article:modified_time\" content=\"2025-03-29T10:00:45+00:00\" \/>\n<meta property=\"og:image\" content=\"https:\/\/nghiepxuan.com\/wp-content\/uploads\/2023\/10\/sau_rieng_ri6_977b4b436948421fabd583bbd83f2fb8_1024x1024.webp\" \/>\n\t<meta property=\"og:image:width\" content=\"1000\" \/>\n\t<meta property=\"og:image:height\" content=\"1000\" \/>\n\t<meta property=\"og:image:type\" content=\"image\/webp\" \/>\n<meta name=\"twitter:card\" content=\"summary_large_image\" \/>\n<meta name=\"twitter:site\" content=\"@PhuTonBui\" \/>\n<meta name=\"twitter:label1\" content=\"Est. reading time\" \/>\n\t<meta name=\"twitter:data1\" content=\"3 minutes\" \/>\n<script type=\"application\/ld+json\" class=\"yoast-schema-graph\">{\"@context\":\"https:\/\/schema.org\",\"@graph\":[{\"@type\":\"WebPage\",\"@id\":\"https:\/\/nghiepxuan.com\/vi\/product\/kham-pha-tinh-te-huong-vi-voi-sau-rieng-ri6-the-king-of-tropical-fruits\/\",\"url\":\"https:\/\/nghiepxuan.com\/vi\/product\/kham-pha-tinh-te-huong-vi-voi-sau-rieng-ri6-the-king-of-tropical-fruits\/\",\"name\":\"Kh\u00e1m ph\u00e1 h\u01b0\u01a1ng v\u1ecb tinh t\u1ebf c\u00f9ng s\u1ea7u ri\u00eang RI6: Vua c\u1ee7a c\u00e1c lo\u1ea1i tr\u00e1i c\u00e2y nhi\u1ec7t \u0111\u1edbi - Nghi\u1ec7p Xu\u00e2n - Xu\u1ea5t Nh\u1eadp Kh\u1ea9u N\u00f4ng S\u1ea3n\",\"isPartOf\":{\"@id\":\"https:\/\/nghiepxuan.com\/vi\/#website\"},\"primaryImageOfPage\":{\"@id\":\"https:\/\/nghiepxuan.com\/vi\/product\/kham-pha-tinh-te-huong-vi-voi-sau-rieng-ri6-the-king-of-tropical-fruits\/#primaryimage\"},\"image\":{\"@id\":\"https:\/\/nghiepxuan.com\/vi\/product\/kham-pha-tinh-te-huong-vi-voi-sau-rieng-ri6-the-king-of-tropical-fruits\/#primaryimage\"},\"thumbnailUrl\":\"https:\/\/nghiepxuan.com\/wp-content\/uploads\/2023\/10\/sau_rieng_ri6_977b4b436948421fabd583bbd83f2fb8_1024x1024.webp\",\"datePublished\":\"2023-10-23T03:17:01+00:00\",\"dateModified\":\"2025-03-29T10:00:45+00:00\",\"breadcrumb\":{\"@id\":\"https:\/\/nghiepxuan.com\/vi\/product\/kham-pha-tinh-te-huong-vi-voi-sau-rieng-ri6-the-king-of-tropical-fruits\/#breadcrumb\"},\"inLanguage\":\"vi-VN\",\"potentialAction\":[{\"@type\":\"ReadAction\",\"target\":[\"https:\/\/nghiepxuan.com\/vi\/product\/kham-pha-tinh-te-huong-vi-voi-sau-rieng-ri6-the-king-of-tropical-fruits\/\"]}]},{\"@type\":\"ImageObject\",\"inLanguage\":\"vi-VN\",\"@id\":\"https:\/\/nghiepxuan.com\/vi\/product\/kham-pha-tinh-te-huong-vi-voi-sau-rieng-ri6-the-king-of-tropical-fruits\/#primaryimage\",\"url\":\"https:\/\/nghiepxuan.com\/wp-content\/uploads\/2023\/10\/sau_rieng_ri6_977b4b436948421fabd583bbd83f2fb8_1024x1024.webp\",\"contentUrl\":\"https:\/\/nghiepxuan.com\/wp-content\/uploads\/2023\/10\/sau_rieng_ri6_977b4b436948421fabd583bbd83f2fb8_1024x1024.webp\",\"width\":1000,\"height\":1000},{\"@type\":\"BreadcrumbList\",\"@id\":\"https:\/\/nghiepxuan.com\/vi\/product\/kham-pha-tinh-te-huong-vi-voi-sau-rieng-ri6-the-king-of-tropical-fruits\/#breadcrumb\",\"itemListElement\":[{\"@type\":\"ListItem\",\"position\":1,\"name\":\"Home\",\"item\":\"https:\/\/nghiepxuan.com\/vi\/\"},{\"@type\":\"ListItem\",\"position\":2,\"name\":\"C\u1eeda h\u00e0ng\",\"item\":\"https:\/\/nghiepxuan.com\/vi\/shop\/\"},{\"@type\":\"ListItem\",\"position\":3,\"name\":\"Kh\u00e1m ph\u00e1 h\u01b0\u01a1ng v\u1ecb tinh t\u1ebf c\u00f9ng s\u1ea7u ri\u00eang RI6: Vua c\u1ee7a c\u00e1c lo\u1ea1i tr\u00e1i c\u00e2y nhi\u1ec7t \u0111\u1edbi\"}]},{\"@type\":\"WebSite\",\"@id\":\"https:\/\/nghiepxuan.com\/vi\/#website\",\"url\":\"https:\/\/nghiepxuan.com\/vi\/\",\"name\":\"Nghiep Xuan - Agricultural Import and Export\",\"description\":\"Nu\u00f4i d\u01b0\u1ee1ng thi\u00ean nhi\u00ean, thu ho\u1ea1ch s\u1ee9c kh\u1ecfe: \u0110i\u1ec3m \u0111\u1ebfn l\u1ed1i s\u1ed1ng h\u1eefu c\u01a1 c\u1ee7a b\u1ea1n\",\"publisher\":{\"@id\":\"https:\/\/nghiepxuan.com\/vi\/#organization\"},\"potentialAction\":[{\"@type\":\"SearchAction\",\"target\":{\"@type\":\"EntryPoint\",\"urlTemplate\":\"https:\/\/nghiepxuan.com\/vi\/?s={search_term_string}\"},\"query-input\":{\"@type\":\"PropertyValueSpecification\",\"valueRequired\":true,\"valueName\":\"search_term_string\"}}],\"inLanguage\":\"vi-VN\"},{\"@type\":\"Organization\",\"@id\":\"https:\/\/nghiepxuan.com\/vi\/#organization\",\"name\":\"Nghiep Xuan - Agricultural Import and Export\",\"url\":\"https:\/\/nghiepxuan.com\/vi\/\",\"logo\":{\"@type\":\"ImageObject\",\"inLanguage\":\"vi-VN\",\"@id\":\"https:\/\/nghiepxuan.com\/vi\/#\/schema\/logo\/image\/\",\"url\":\"https:\/\/nghiepxuan.com\/wp-content\/uploads\/2025\/04\/Nghiep-Xuan-Logo-4.png\",\"contentUrl\":\"https:\/\/nghiepxuan.com\/wp-content\/uploads\/2025\/04\/Nghiep-Xuan-Logo-4.png\",\"width\":4167,\"height\":1015,\"caption\":\"Nghiep Xuan - Agricultural Import and Export\"},\"image\":{\"@id\":\"https:\/\/nghiepxuan.com\/vi\/#\/schema\/logo\/image\/\"},\"sameAs\":[\"https:\/\/www.facebook.com\/nongsannghiepxuan\/\",\"https:\/\/x.com\/PhuTonBui\",\"https:\/\/www.instagram.com\/xuatnhapkhaunghiepxuan\/\",\"https:\/\/www.youtube.com\/@nongsannghiepxuan2066\",\"https:\/\/www.tiktok.com\/@nghiepxuan\"]}]}<\/script>\n<!-- \/ Yoast SEO plugin. -->","yoast_head_json":{"title":"Kh\u00e1m ph\u00e1 h\u01b0\u01a1ng v\u1ecb tinh t\u1ebf c\u00f9ng s\u1ea7u ri\u00eang RI6: Vua c\u1ee7a c\u00e1c lo\u1ea1i tr\u00e1i c\u00e2y nhi\u1ec7t \u0111\u1edbi - Nghi\u1ec7p Xu\u00e2n - Xu\u1ea5t Nh\u1eadp Kh\u1ea9u N\u00f4ng S\u1ea3n","robots":{"index":"index","follow":"follow","max-snippet":"max-snippet:-1","max-image-preview":"max-image-preview:large","max-video-preview":"max-video-preview:-1"},"canonical":"https:\/\/nghiepxuan.com\/vi\/product\/kham-pha-tinh-te-huong-vi-voi-sau-rieng-ri6-the-king-of-tropical-fruits\/","og_locale":"vi_VN","og_type":"article","og_title":"Kh\u00e1m ph\u00e1 h\u01b0\u01a1ng v\u1ecb tinh t\u1ebf c\u00f9ng s\u1ea7u ri\u00eang RI6: Vua c\u1ee7a c\u00e1c lo\u1ea1i tr\u00e1i c\u00e2y nhi\u1ec7t \u0111\u1edbi - Nghi\u1ec7p Xu\u00e2n - Xu\u1ea5t Nh\u1eadp Kh\u1ea9u N\u00f4ng S\u1ea3n","og_description":"Tr\u1ea3i nghi\u1ec7m ho\u00e0ng gia tr\u00e1i c\u00e2y nhi\u1ec7t \u0111\u1edbi v\u1edbi S\u1ea7u ri\u00eang RI6. Vua tr\u00e1i c\u00e2y n\u00e0y gi\u1edbi thi\u1ec7u m\u1ed9t s\u1ef1 k\u1ebft h\u1ee3p \u0111\u1ed9c \u0111\u00e1o c\u1ee7a h\u01b0\u01a1ng v\u1ecb ng\u1ecdt ng\u00e0o v\u00e0 \u0111\u1eafng nh\u1eb9. S\u1ea7u ri\u00eang RI6 \u0111\u01b0\u1ee3c l\u1ef1a ch\u1ecdn t\u1ec9 m\u1ec9 v\u00e0 ch\u00edn ho\u00e0n h\u1ea3o c\u1ee7a ch\u00fang t\u00f4i mang \u0111\u1ebfn m\u1ed9t k\u1ebft c\u1ea5u m\u01b0\u1ee3t m\u00e0, gi\u1ed1ng nh\u01b0 s\u1eefa tr\u1ee9ng v\u00e0 ch\u1ee9a nhi\u1ec1u d\u01b0\u1ee1ng ch\u1ea5t thi\u1ebft y\u1ebfu. Cho d\u00f9 \u0111\u01b0\u1ee3c th\u01b0\u1edfng th\u1ee9c t\u01b0\u01a1i hay \u0111\u01b0\u1ee3c s\u1eed d\u1ee5ng trong c\u00e1c m\u00f3n tr\u00e1ng mi\u1ec7ng v\u00e0 l\u1eafc, \u0111\u00f3 l\u00e0 m\u1ed9t m\u00f3n ph\u1ea3i th\u1eed cho nh\u1eefng ng\u01b0\u1eddi t\u00ecm ki\u1ebfm m\u1ed9t cu\u1ed9c phi\u00eau l\u01b0u \u1ea9m th\u1ef1c phi th\u01b0\u1eddng","og_url":"https:\/\/nghiepxuan.com\/vi\/product\/kham-pha-tinh-te-huong-vi-voi-sau-rieng-ri6-the-king-of-tropical-fruits\/","og_site_name":"Nghi\u1ec7p Xu\u00e2n - Xu\u1ea5t Nh\u1eadp Kh\u1ea9u N\u00f4ng S\u1ea3n","article_publisher":"https:\/\/www.facebook.com\/nongsannghiepxuan\/","article_modified_time":"2025-03-29T10:00:45+00:00","og_image":[{"width":1000,"height":1000,"url":"https:\/\/nghiepxuan.com\/wp-content\/uploads\/2023\/10\/sau_rieng_ri6_977b4b436948421fabd583bbd83f2fb8_1024x1024.webp","type":"image\/webp"}],"twitter_card":"summary_large_image","twitter_site":"@PhuTonBui","twitter_misc":{"Est. reading time":"3 minutes"},"schema":{"@context":"https:\/\/schema.org","@graph":[{"@type":"WebPage","@id":"https:\/\/nghiepxuan.com\/vi\/product\/kham-pha-tinh-te-huong-vi-voi-sau-rieng-ri6-the-king-of-tropical-fruits\/","url":"https:\/\/nghiepxuan.com\/vi\/product\/kham-pha-tinh-te-huong-vi-voi-sau-rieng-ri6-the-king-of-tropical-fruits\/","name":"Kh\u00e1m ph\u00e1 h\u01b0\u01a1ng v\u1ecb tinh t\u1ebf c\u00f9ng s\u1ea7u ri\u00eang RI6: Vua c\u1ee7a c\u00e1c lo\u1ea1i tr\u00e1i c\u00e2y nhi\u1ec7t \u0111\u1edbi - Nghi\u1ec7p Xu\u00e2n - Xu\u1ea5t Nh\u1eadp Kh\u1ea9u N\u00f4ng S\u1ea3n","isPartOf":{"@id":"https:\/\/nghiepxuan.com\/vi\/#website"},"primaryImageOfPage":{"@id":"https:\/\/nghiepxuan.com\/vi\/product\/kham-pha-tinh-te-huong-vi-voi-sau-rieng-ri6-the-king-of-tropical-fruits\/#primaryimage"},"image":{"@id":"https:\/\/nghiepxuan.com\/vi\/product\/kham-pha-tinh-te-huong-vi-voi-sau-rieng-ri6-the-king-of-tropical-fruits\/#primaryimage"},"thumbnailUrl":"https:\/\/nghiepxuan.com\/wp-content\/uploads\/2023\/10\/sau_rieng_ri6_977b4b436948421fabd583bbd83f2fb8_1024x1024.webp","datePublished":"2023-10-23T03:17:01+00:00","dateModified":"2025-03-29T10:00:45+00:00","breadcrumb":{"@id":"https:\/\/nghiepxuan.com\/vi\/product\/kham-pha-tinh-te-huong-vi-voi-sau-rieng-ri6-the-king-of-tropical-fruits\/#breadcrumb"},"inLanguage":"vi-VN","potentialAction":[{"@type":"ReadAction","target":["https:\/\/nghiepxuan.com\/vi\/product\/kham-pha-tinh-te-huong-vi-voi-sau-rieng-ri6-the-king-of-tropical-fruits\/"]}]},{"@type":"ImageObject","inLanguage":"vi-VN","@id":"https:\/\/nghiepxuan.com\/vi\/product\/kham-pha-tinh-te-huong-vi-voi-sau-rieng-ri6-the-king-of-tropical-fruits\/#primaryimage","url":"https:\/\/nghiepxuan.com\/wp-content\/uploads\/2023\/10\/sau_rieng_ri6_977b4b436948421fabd583bbd83f2fb8_1024x1024.webp","contentUrl":"https:\/\/nghiepxuan.com\/wp-content\/uploads\/2023\/10\/sau_rieng_ri6_977b4b436948421fabd583bbd83f2fb8_1024x1024.webp","width":1000,"height":1000},{"@type":"BreadcrumbList","@id":"https:\/\/nghiepxuan.com\/vi\/product\/kham-pha-tinh-te-huong-vi-voi-sau-rieng-ri6-the-king-of-tropical-fruits\/#breadcrumb","itemListElement":[{"@type":"ListItem","position":1,"name":"Home","item":"https:\/\/nghiepxuan.com\/vi\/"},{"@type":"ListItem","position":2,"name":"C\u1eeda h\u00e0ng","item":"https:\/\/nghiepxuan.com\/vi\/shop\/"},{"@type":"ListItem","position":3,"name":"Kh\u00e1m ph\u00e1 h\u01b0\u01a1ng v\u1ecb tinh t\u1ebf c\u00f9ng s\u1ea7u ri\u00eang RI6: Vua c\u1ee7a c\u00e1c lo\u1ea1i tr\u00e1i c\u00e2y nhi\u1ec7t \u0111\u1edbi"}]},{"@type":"WebSite","@id":"https:\/\/nghiepxuan.com\/vi\/#website","url":"https:\/\/nghiepxuan.com\/vi\/","name":"Nghiep Xuan - Agricultural Import and Export","description":"Nu\u00f4i d\u01b0\u1ee1ng thi\u00ean nhi\u00ean, thu ho\u1ea1ch s\u1ee9c kh\u1ecfe: \u0110i\u1ec3m \u0111\u1ebfn l\u1ed1i s\u1ed1ng h\u1eefu c\u01a1 c\u1ee7a b\u1ea1n","publisher":{"@id":"https:\/\/nghiepxuan.com\/vi\/#organization"},"potentialAction":[{"@type":"SearchAction","target":{"@type":"EntryPoint","urlTemplate":"https:\/\/nghiepxuan.com\/vi\/?s={search_term_string}"},"query-input":{"@type":"PropertyValueSpecification","valueRequired":true,"valueName":"search_term_string"}}],"inLanguage":"vi-VN"},{"@type":"Organization","@id":"https:\/\/nghiepxuan.com\/vi\/#organization","name":"Nghiep Xuan - Agricultural Import and Export","url":"https:\/\/nghiepxuan.com\/vi\/","logo":{"@type":"ImageObject","inLanguage":"vi-VN","@id":"https:\/\/nghiepxuan.com\/vi\/#\/schema\/logo\/image\/","url":"https:\/\/nghiepxuan.com\/wp-content\/uploads\/2025\/04\/Nghiep-Xuan-Logo-4.png","contentUrl":"https:\/\/nghiepxuan.com\/wp-content\/uploads\/2025\/04\/Nghiep-Xuan-Logo-4.png","width":4167,"height":1015,"caption":"Nghiep Xuan - Agricultural Import and Export"},"image":{"@id":"https:\/\/nghiepxuan.com\/vi\/#\/schema\/logo\/image\/"},"sameAs":["https:\/\/www.facebook.com\/nongsannghiepxuan\/","https:\/\/x.com\/PhuTonBui","https:\/\/www.instagram.com\/xuatnhapkhaunghiepxuan\/","https:\/\/www.youtube.com\/@nongsannghiepxuan2066","https:\/\/www.tiktok.com\/@nghiepxuan"]}]}},"_links":{"self":[{"href":"https:\/\/nghiepxuan.com\/vi\/wp-json\/wp\/v2\/product\/5013","targetHints":{"allow":["GET"]}}],"collection":[{"href":"https:\/\/nghiepxuan.com\/vi\/wp-json\/wp\/v2\/product"}],"about":[{"href":"https:\/\/nghiepxuan.com\/vi\/wp-json\/wp\/v2\/types\/product"}],"replies":[{"embeddable":true,"href":"https:\/\/nghiepxuan.com\/vi\/wp-json\/wp\/v2\/comments?post=5013"}],"version-history":[{"count":1,"href":"https:\/\/nghiepxuan.com\/vi\/wp-json\/wp\/v2\/product\/5013\/revisions"}],"predecessor-version":[{"id":6987,"href":"https:\/\/nghiepxuan.com\/vi\/wp-json\/wp\/v2\/product\/5013\/revisions\/6987"}],"wp:featuredmedia":[{"embeddable":true,"href":"https:\/\/nghiepxuan.com\/vi\/wp-json\/wp\/v2\/media\/4805"}],"wp:attachment":[{"href":"https:\/\/nghiepxuan.com\/vi\/wp-json\/wp\/v2\/media?parent=5013"}],"wp:term":[{"taxonomy":"product_brand","embeddable":true,"href":"https:\/\/nghiepxuan.com\/vi\/wp-json\/wp\/v2\/product_brand?post=5013"},{"taxonomy":"product_cat","embeddable":true,"href":"https:\/\/nghiepxuan.com\/vi\/wp-json\/wp\/v2\/product_cat?post=5013"},{"taxonomy":"product_tag","embeddable":true,"href":"https:\/\/nghiepxuan.com\/vi\/wp-json\/wp\/v2\/product_tag?post=5013"}],"curies":[{"name":"wp","href":"https:\/\/api.w.org\/{rel}","templated":true}]}}