{"id":4995,"date":"2023-10-23T03:01:45","date_gmt":"2023-10-23T03:01:45","guid":{"rendered":"https:\/\/farm-lang.cdn-pi.com\/product\/kham-pha-vi-kem-thom-ngon-cua-bo-tuoi-034\/"},"modified":"2025-03-29T10:00:51","modified_gmt":"2025-03-29T10:00:51","slug":"kham-pha-the-creamy-goodness-of-fresh-avocado-034","status":"publish","type":"product","link":"https:\/\/nghiepxuan.com\/vi\/product\/kham-pha-the-creamy-goodness-of-fresh-avocado-034\/","title":{"rendered":"Kh\u00e1m ph\u00e1 v\u1ecb kem th\u01a1m ngon c\u1ee7a b\u01a1 t\u01b0\u01a1i 034"},"content":{"rendered":"<p>\u0110i s\u00e2u v\u00e0o ni\u1ec1m \u0111am m\u00ea kem c\u1ee7a b\u01a1 t\u01b0\u01a1i!<\/p>\n<p>Th\u01b0\u1edfng th\u1ee9c h\u01b0\u01a1ng v\u1ecb b\u01a1 \u0111\u1eadm \u0111\u00e0 c\u1ee7a b\u01a1 t\u01b0\u01a1i c\u1ee7a ch\u00fang t\u00f4i, m\u1ed9t ni\u1ec1m vui \u1ea9m th\u1ef1c mang l\u1ea1i c\u1ea3m gi\u00e1c sang tr\u1ecdng cho b\u1eefa \u0103n c\u1ee7a b\u1ea1n. \u0110\u01b0\u1ee3c \u0111\u00f3ng g\u00f3i v\u1edbi c\u00e1c ch\u1ea5t dinh d\u01b0\u1ee1ng thi\u1ebft y\u1ebfu v\u00e0 ch\u1ea5t b\u00e9o l\u00e0nh m\u1ea1nh, b\u01a1 kh\u00f4ng ch\u1ec9 ngon m\u00e0 c\u00f2n v\u00f4 c\u00f9ng b\u1ed5 d\u01b0\u1ee1ng, l\u00e0m cho ch\u00fang tr\u1edf th\u00e0nh m\u1ed9t y\u1ebfu t\u1ed1 ch\u00ednh trong ch\u1ebf \u0111\u1ed9 \u0103n u\u1ed1ng c\u00e2n b\u1eb1ng.<\/p>\n<p>B\u01a1 c\u1ee7a ch\u00fang t\u00f4i c\u00f3 ngu\u1ed3n g\u1ed1c c\u1ea9n th\u1eadn v\u00e0 \u0111\u01b0\u1ee3c l\u1ef1a ch\u1ecdn c\u1ea9n th\u1eadn \u0111\u1ec3 \u0111\u1ea3m b\u1ea3o \u0111\u1ed9 ch\u00edn v\u00e0 ch\u1ea5t l\u01b0\u1ee3ng t\u1ed1i \u01b0u. Cho d\u00f9 ph\u1ebft l\u00ean b\u00e1nh m\u00ec n\u01b0\u1edbng, pha tr\u1ed9n v\u00e0o guacamole kem, ho\u1eb7c th\u00eam v\u00e0o m\u00f3n salad v\u00e0 b\u00e1nh sandwich, b\u01a1 th\u00eam m\u1ed9t v\u1ecb kem sang tr\u1ecdng v\u00e0 m\u1ed9t s\u1ef1 b\u00f9ng n\u1ed5 c\u1ee7a h\u01b0\u01a1ng v\u1ecb cho m\u1ed7i mi\u1ebfng c\u1eafn.<\/p>\n<p>\u0110\u01b0\u1ee3c bi\u1ebft \u0111\u1ebfn v\u1edbi t\u00ednh linh ho\u1ea1t c\u1ee7a ch\u00fang, b\u01a1 l\u00e0 m\u1ed9t y\u00eau th\u00edch c\u1ee7a nh\u1eefng ng\u01b0\u1eddi \u0111am m\u00ea s\u1ee9c kh\u1ecfe v\u00e0 nh\u1eefng ng\u01b0\u1eddi y\u00eau th\u00edch th\u1ef1c ph\u1ea9m. Ch\u00fang ph\u1ee5c v\u1ee5 nh\u01b0 m\u1ed9t c\u01a1 s\u1edf ho\u00e0n h\u1ea3o cho sinh t\u1ed1 v\u00e0 m\u00f3n tr\u00e1ng mi\u1ec7ng, cung c\u1ea5p m\u1ed9t k\u1ebft c\u1ea5u t\u1ef1 nhi\u00ean, m\u01b0\u1ee3t m\u00e0 gi\u00fap t\u0103ng c\u01b0\u1eddng m\u1ecdi c\u00f4ng th\u1ee9c. Gi\u00e0u ch\u1ea5t ch\u1ed1ng oxy h\u00f3a, ch\u1ea5t x\u01a1 v\u00e0 vitamin, b\u01a1 h\u1ed7 tr\u1ee3 s\u1ee9c kh\u1ecfe t\u1ed5ng th\u1ec3 c\u1ee7a b\u1ea1n \u0111\u1ed3ng th\u1eddi k\u00edch th\u00edch v\u1ecb gi\u00e1c c\u1ee7a b\u1ea1n.<\/p>\n<p>Tr\u1ea3i nghi\u1ec7m ni\u1ec1m \u0111am m\u00ea b\u01a1 t\u01b0\u01a1i c\u1ee7a ch\u00fang t\u00f4i, cho d\u00f9 b\u1ea1n \u0111ang ch\u1ebf bi\u1ebfn m\u1ed9t b\u1eefa \u0103n ngon hay th\u01b0\u1edfng th\u1ee9c m\u1ed9t b\u1eefa \u0103n nh\u1eb9 \u0111\u01a1n gi\u1ea3n. K\u1ebft c\u1ea5u m\u1ecbn m\u00e0ng v\u00e0 h\u01b0\u01a1ng v\u1ecb ri\u00eang bi\u1ec7t c\u1ee7a ch\u00fang l\u00e0m cho ch\u00fang tr\u1edf th\u00e0nh m\u1ed9t ni\u1ec1m vui \u1ea9m th\u1ef1c, n\u00e2ng c\u00e1c m\u00f3n \u0103n c\u1ee7a b\u1ea1n l\u00ean m\u1ed9t t\u1ea7m cao m\u1edbi v\u1ec1 \u0111\u1ed9 ngon.<\/p>\n<p>H\u00e3y t\u1ef1 th\u01b0\u1edfng cho m\u00ecnh s\u1ef1 sang tr\u1ecdng c\u1ee7a kem b\u01a1 c\u1ee7a ch\u00fang t\u00f4i. Gh\u00e9 th\u0103m ch\u00fang t\u00f4i ngay h\u00f4m nay v\u00e0 th\u01b0\u1edfng th\u1ee9c h\u01b0\u01a1ng v\u1ecb tinh t\u1ebf v\u00e0 l\u1ee3i \u00edch nu\u00f4i d\u01b0\u1ee1ng c\u1ee7a lo\u1ea1i tr\u00e1i c\u00e2y phi th\u01b0\u1eddng n\u00e0y. N\u00e2ng t\u1ea7m nh\u1eefng s\u00e1ng t\u1ea1o \u1ea9m th\u1ef1c c\u1ee7a b\u1ea1n v\u1edbi s\u1ef1 ho\u00e0n h\u1ea3o c\u1ee7a b\u01a1 t\u01b0\u01a1i.<\/p>\n","protected":false},"excerpt":{"rendered":"<p>Kh\u00e1m ph\u00e1 s\u1ef1 phong ph\u00fa, b\u01a1 t\u1ed1t c\u1ee7a b\u01a1 c\u1ee7a ch\u00fang t\u00f4i. \u0110\u01b0\u1ee3c \u0111\u00f3ng g\u00f3i v\u1edbi c\u00e1c ch\u1ea5t dinh d\u01b0\u1ee1ng thi\u1ebft y\u1ebfu, nh\u1eefng m\u00f3n kem ngon n\u00e0y l\u00e0 ho\u00e0n h\u1ea3o \u0111\u1ec3 ph\u1ebft l\u00ean b\u00e1nh m\u00ec n\u01b0\u1edbng, pha tr\u1ed9n v\u00e0o sinh t\u1ed1 ho\u1eb7c th\u00eam m\u1ed9t n\u00e9t sang tr\u1ecdng cho m\u00f3n salad. Th\u01b0\u1edfng th\u1ee9c k\u1ebft c\u1ea5u m\u01b0\u1ee3t m\u00e0 v\u00e0 h\u01b0\u01a1ng v\u1ecb ri\u00eang bi\u1ec7t c\u1ee7a ch\u00fang, n\u00e2ng t\u1ea7m b\u1eefa \u0103n c\u1ee7a b\u1ea1n v\u1edbi m\u1ed7i mi\u1ebfng \u0103n. Tr\u1ea3i nghi\u1ec7m s\u1ef1 t\u1ed1t l\u00e0nh t\u1ef1 nhi\u00ean v\u00e0 t\u00ednh linh ho\u1ea1t c\u1ee7a b\u01a1 trong m\u1ed7i m\u00f3n \u0103n.<\/p>\n","protected":false},"featured_media":4784,"comment_status":"open","ping_status":"closed","template":"","meta":{"content-type":""},"product_brand":[],"product_cat":[168],"product_tag":[391,389,390],"class_list":{"0":"post-4995","1":"product","2":"type-product","3":"status-publish","4":"has-post-thumbnail","6":"product_cat-fruits-vi","7":"product_tag-bi-quyet-bo","8":"product_tag-bo-kem","9":"product_tag-niem-dam-me-lanh-manh","11":"first","12":"instock","13":"shipping-taxable","14":"purchasable","15":"product-type-variable","16":"has-default-attributes"},"yoast_head":"<!-- This site is optimized with the Yoast SEO plugin v26.9 - https:\/\/yoast.com\/product\/yoast-seo-wordpress\/ -->\n<title>Kh\u00e1m ph\u00e1 v\u1ecb kem th\u01a1m ngon c\u1ee7a b\u01a1 t\u01b0\u01a1i 034 - Nghi\u1ec7p Xu\u00e2n - Xu\u1ea5t Nh\u1eadp Kh\u1ea9u N\u00f4ng S\u1ea3n<\/title>\n<meta name=\"robots\" content=\"index, follow, max-snippet:-1, max-image-preview:large, max-video-preview:-1\" \/>\n<link rel=\"canonical\" href=\"https:\/\/nghiepxuan.com\/vi\/product\/kham-pha-the-creamy-goodness-of-fresh-avocado-034\/\" \/>\n<meta property=\"og:locale\" content=\"vi_VN\" \/>\n<meta property=\"og:type\" content=\"article\" \/>\n<meta property=\"og:title\" content=\"Kh\u00e1m ph\u00e1 v\u1ecb kem th\u01a1m ngon c\u1ee7a b\u01a1 t\u01b0\u01a1i 034 - Nghi\u1ec7p Xu\u00e2n - Xu\u1ea5t Nh\u1eadp Kh\u1ea9u N\u00f4ng S\u1ea3n\" \/>\n<meta property=\"og:description\" content=\"Kh\u00e1m ph\u00e1 s\u1ef1 phong ph\u00fa, b\u01a1 t\u1ed1t c\u1ee7a b\u01a1 c\u1ee7a ch\u00fang t\u00f4i. \u0110\u01b0\u1ee3c \u0111\u00f3ng g\u00f3i v\u1edbi c\u00e1c ch\u1ea5t dinh d\u01b0\u1ee1ng thi\u1ebft y\u1ebfu, nh\u1eefng m\u00f3n kem ngon n\u00e0y l\u00e0 ho\u00e0n h\u1ea3o \u0111\u1ec3 ph\u1ebft l\u00ean b\u00e1nh m\u00ec n\u01b0\u1edbng, pha tr\u1ed9n v\u00e0o sinh t\u1ed1 ho\u1eb7c th\u00eam m\u1ed9t n\u00e9t sang tr\u1ecdng cho m\u00f3n salad. Th\u01b0\u1edfng th\u1ee9c k\u1ebft c\u1ea5u m\u01b0\u1ee3t m\u00e0 v\u00e0 h\u01b0\u01a1ng v\u1ecb ri\u00eang bi\u1ec7t c\u1ee7a ch\u00fang, n\u00e2ng t\u1ea7m b\u1eefa \u0103n c\u1ee7a b\u1ea1n v\u1edbi m\u1ed7i mi\u1ebfng \u0103n. Tr\u1ea3i nghi\u1ec7m s\u1ef1 t\u1ed1t l\u00e0nh t\u1ef1 nhi\u00ean v\u00e0 t\u00ednh linh ho\u1ea1t c\u1ee7a b\u01a1 trong m\u1ed7i m\u00f3n \u0103n.\" \/>\n<meta property=\"og:url\" content=\"https:\/\/nghiepxuan.com\/vi\/product\/kham-pha-the-creamy-goodness-of-fresh-avocado-034\/\" \/>\n<meta property=\"og:site_name\" content=\"Nghi\u1ec7p Xu\u00e2n - Xu\u1ea5t Nh\u1eadp Kh\u1ea9u N\u00f4ng S\u1ea3n\" \/>\n<meta property=\"article:publisher\" content=\"https:\/\/www.facebook.com\/nongsannghiepxuan\/\" \/>\n<meta property=\"article:modified_time\" content=\"2025-03-29T10:00:51+00:00\" \/>\n<meta property=\"og:image\" content=\"https:\/\/nghiepxuan.com\/wp-content\/uploads\/2023\/10\/4-800x500-6.jpg\" \/>\n\t<meta property=\"og:image:width\" content=\"800\" \/>\n\t<meta property=\"og:image:height\" content=\"500\" \/>\n\t<meta property=\"og:image:type\" content=\"image\/jpeg\" \/>\n<meta name=\"twitter:card\" content=\"summary_large_image\" \/>\n<meta name=\"twitter:site\" content=\"@PhuTonBui\" \/>\n<meta name=\"twitter:label1\" content=\"Est. reading time\" \/>\n\t<meta name=\"twitter:data1\" content=\"3 minutes\" \/>\n<script type=\"application\/ld+json\" class=\"yoast-schema-graph\">{\"@context\":\"https:\/\/schema.org\",\"@graph\":[{\"@type\":\"WebPage\",\"@id\":\"https:\/\/nghiepxuan.com\/vi\/product\/kham-pha-the-creamy-goodness-of-fresh-avocado-034\/\",\"url\":\"https:\/\/nghiepxuan.com\/vi\/product\/kham-pha-the-creamy-goodness-of-fresh-avocado-034\/\",\"name\":\"Kh\u00e1m ph\u00e1 v\u1ecb kem th\u01a1m ngon c\u1ee7a b\u01a1 t\u01b0\u01a1i 034 - Nghi\u1ec7p Xu\u00e2n - Xu\u1ea5t Nh\u1eadp Kh\u1ea9u N\u00f4ng S\u1ea3n\",\"isPartOf\":{\"@id\":\"https:\/\/nghiepxuan.com\/vi\/#website\"},\"primaryImageOfPage\":{\"@id\":\"https:\/\/nghiepxuan.com\/vi\/product\/kham-pha-the-creamy-goodness-of-fresh-avocado-034\/#primaryimage\"},\"image\":{\"@id\":\"https:\/\/nghiepxuan.com\/vi\/product\/kham-pha-the-creamy-goodness-of-fresh-avocado-034\/#primaryimage\"},\"thumbnailUrl\":\"https:\/\/nghiepxuan.com\/wp-content\/uploads\/2023\/10\/4-800x500-6.jpg\",\"datePublished\":\"2023-10-23T03:01:45+00:00\",\"dateModified\":\"2025-03-29T10:00:51+00:00\",\"breadcrumb\":{\"@id\":\"https:\/\/nghiepxuan.com\/vi\/product\/kham-pha-the-creamy-goodness-of-fresh-avocado-034\/#breadcrumb\"},\"inLanguage\":\"vi-VN\",\"potentialAction\":[{\"@type\":\"ReadAction\",\"target\":[\"https:\/\/nghiepxuan.com\/vi\/product\/kham-pha-the-creamy-goodness-of-fresh-avocado-034\/\"]}]},{\"@type\":\"ImageObject\",\"inLanguage\":\"vi-VN\",\"@id\":\"https:\/\/nghiepxuan.com\/vi\/product\/kham-pha-the-creamy-goodness-of-fresh-avocado-034\/#primaryimage\",\"url\":\"https:\/\/nghiepxuan.com\/wp-content\/uploads\/2023\/10\/4-800x500-6.jpg\",\"contentUrl\":\"https:\/\/nghiepxuan.com\/wp-content\/uploads\/2023\/10\/4-800x500-6.jpg\",\"width\":800,\"height\":500},{\"@type\":\"BreadcrumbList\",\"@id\":\"https:\/\/nghiepxuan.com\/vi\/product\/kham-pha-the-creamy-goodness-of-fresh-avocado-034\/#breadcrumb\",\"itemListElement\":[{\"@type\":\"ListItem\",\"position\":1,\"name\":\"Home\",\"item\":\"https:\/\/nghiepxuan.com\/vi\/\"},{\"@type\":\"ListItem\",\"position\":2,\"name\":\"C\u1eeda h\u00e0ng\",\"item\":\"https:\/\/nghiepxuan.com\/vi\/shop\/\"},{\"@type\":\"ListItem\",\"position\":3,\"name\":\"Kh\u00e1m ph\u00e1 v\u1ecb kem th\u01a1m ngon c\u1ee7a b\u01a1 t\u01b0\u01a1i 034\"}]},{\"@type\":\"WebSite\",\"@id\":\"https:\/\/nghiepxuan.com\/vi\/#website\",\"url\":\"https:\/\/nghiepxuan.com\/vi\/\",\"name\":\"Nghiep Xuan - Agricultural Import and Export\",\"description\":\"Nu\u00f4i d\u01b0\u1ee1ng thi\u00ean nhi\u00ean, thu ho\u1ea1ch s\u1ee9c kh\u1ecfe: \u0110i\u1ec3m \u0111\u1ebfn l\u1ed1i s\u1ed1ng h\u1eefu c\u01a1 c\u1ee7a b\u1ea1n\",\"publisher\":{\"@id\":\"https:\/\/nghiepxuan.com\/vi\/#organization\"},\"potentialAction\":[{\"@type\":\"SearchAction\",\"target\":{\"@type\":\"EntryPoint\",\"urlTemplate\":\"https:\/\/nghiepxuan.com\/vi\/?s={search_term_string}\"},\"query-input\":{\"@type\":\"PropertyValueSpecification\",\"valueRequired\":true,\"valueName\":\"search_term_string\"}}],\"inLanguage\":\"vi-VN\"},{\"@type\":\"Organization\",\"@id\":\"https:\/\/nghiepxuan.com\/vi\/#organization\",\"name\":\"Nghiep Xuan - Agricultural Import and Export\",\"url\":\"https:\/\/nghiepxuan.com\/vi\/\",\"logo\":{\"@type\":\"ImageObject\",\"inLanguage\":\"vi-VN\",\"@id\":\"https:\/\/nghiepxuan.com\/vi\/#\/schema\/logo\/image\/\",\"url\":\"https:\/\/nghiepxuan.com\/wp-content\/uploads\/2025\/04\/Nghiep-Xuan-Logo-4.png\",\"contentUrl\":\"https:\/\/nghiepxuan.com\/wp-content\/uploads\/2025\/04\/Nghiep-Xuan-Logo-4.png\",\"width\":4167,\"height\":1015,\"caption\":\"Nghiep Xuan - Agricultural Import and Export\"},\"image\":{\"@id\":\"https:\/\/nghiepxuan.com\/vi\/#\/schema\/logo\/image\/\"},\"sameAs\":[\"https:\/\/www.facebook.com\/nongsannghiepxuan\/\",\"https:\/\/x.com\/PhuTonBui\",\"https:\/\/www.instagram.com\/xuatnhapkhaunghiepxuan\/\",\"https:\/\/www.youtube.com\/@nongsannghiepxuan2066\",\"https:\/\/www.tiktok.com\/@nghiepxuan\"]}]}<\/script>\n<!-- \/ Yoast SEO plugin. -->","yoast_head_json":{"title":"Kh\u00e1m ph\u00e1 v\u1ecb kem th\u01a1m ngon c\u1ee7a b\u01a1 t\u01b0\u01a1i 034 - Nghi\u1ec7p Xu\u00e2n - Xu\u1ea5t Nh\u1eadp Kh\u1ea9u N\u00f4ng S\u1ea3n","robots":{"index":"index","follow":"follow","max-snippet":"max-snippet:-1","max-image-preview":"max-image-preview:large","max-video-preview":"max-video-preview:-1"},"canonical":"https:\/\/nghiepxuan.com\/vi\/product\/kham-pha-the-creamy-goodness-of-fresh-avocado-034\/","og_locale":"vi_VN","og_type":"article","og_title":"Kh\u00e1m ph\u00e1 v\u1ecb kem th\u01a1m ngon c\u1ee7a b\u01a1 t\u01b0\u01a1i 034 - Nghi\u1ec7p Xu\u00e2n - Xu\u1ea5t Nh\u1eadp Kh\u1ea9u N\u00f4ng S\u1ea3n","og_description":"Kh\u00e1m ph\u00e1 s\u1ef1 phong ph\u00fa, b\u01a1 t\u1ed1t c\u1ee7a b\u01a1 c\u1ee7a ch\u00fang t\u00f4i. \u0110\u01b0\u1ee3c \u0111\u00f3ng g\u00f3i v\u1edbi c\u00e1c ch\u1ea5t dinh d\u01b0\u1ee1ng thi\u1ebft y\u1ebfu, nh\u1eefng m\u00f3n kem ngon n\u00e0y l\u00e0 ho\u00e0n h\u1ea3o \u0111\u1ec3 ph\u1ebft l\u00ean b\u00e1nh m\u00ec n\u01b0\u1edbng, pha tr\u1ed9n v\u00e0o sinh t\u1ed1 ho\u1eb7c th\u00eam m\u1ed9t n\u00e9t sang tr\u1ecdng cho m\u00f3n salad. Th\u01b0\u1edfng th\u1ee9c k\u1ebft c\u1ea5u m\u01b0\u1ee3t m\u00e0 v\u00e0 h\u01b0\u01a1ng v\u1ecb ri\u00eang bi\u1ec7t c\u1ee7a ch\u00fang, n\u00e2ng t\u1ea7m b\u1eefa \u0103n c\u1ee7a b\u1ea1n v\u1edbi m\u1ed7i mi\u1ebfng \u0103n. Tr\u1ea3i nghi\u1ec7m s\u1ef1 t\u1ed1t l\u00e0nh t\u1ef1 nhi\u00ean v\u00e0 t\u00ednh linh ho\u1ea1t c\u1ee7a b\u01a1 trong m\u1ed7i m\u00f3n \u0103n.","og_url":"https:\/\/nghiepxuan.com\/vi\/product\/kham-pha-the-creamy-goodness-of-fresh-avocado-034\/","og_site_name":"Nghi\u1ec7p Xu\u00e2n - Xu\u1ea5t Nh\u1eadp Kh\u1ea9u N\u00f4ng S\u1ea3n","article_publisher":"https:\/\/www.facebook.com\/nongsannghiepxuan\/","article_modified_time":"2025-03-29T10:00:51+00:00","og_image":[{"width":800,"height":500,"url":"https:\/\/nghiepxuan.com\/wp-content\/uploads\/2023\/10\/4-800x500-6.jpg","type":"image\/jpeg"}],"twitter_card":"summary_large_image","twitter_site":"@PhuTonBui","twitter_misc":{"Est. reading time":"3 minutes"},"schema":{"@context":"https:\/\/schema.org","@graph":[{"@type":"WebPage","@id":"https:\/\/nghiepxuan.com\/vi\/product\/kham-pha-the-creamy-goodness-of-fresh-avocado-034\/","url":"https:\/\/nghiepxuan.com\/vi\/product\/kham-pha-the-creamy-goodness-of-fresh-avocado-034\/","name":"Kh\u00e1m ph\u00e1 v\u1ecb kem th\u01a1m ngon c\u1ee7a b\u01a1 t\u01b0\u01a1i 034 - Nghi\u1ec7p Xu\u00e2n - Xu\u1ea5t Nh\u1eadp Kh\u1ea9u N\u00f4ng S\u1ea3n","isPartOf":{"@id":"https:\/\/nghiepxuan.com\/vi\/#website"},"primaryImageOfPage":{"@id":"https:\/\/nghiepxuan.com\/vi\/product\/kham-pha-the-creamy-goodness-of-fresh-avocado-034\/#primaryimage"},"image":{"@id":"https:\/\/nghiepxuan.com\/vi\/product\/kham-pha-the-creamy-goodness-of-fresh-avocado-034\/#primaryimage"},"thumbnailUrl":"https:\/\/nghiepxuan.com\/wp-content\/uploads\/2023\/10\/4-800x500-6.jpg","datePublished":"2023-10-23T03:01:45+00:00","dateModified":"2025-03-29T10:00:51+00:00","breadcrumb":{"@id":"https:\/\/nghiepxuan.com\/vi\/product\/kham-pha-the-creamy-goodness-of-fresh-avocado-034\/#breadcrumb"},"inLanguage":"vi-VN","potentialAction":[{"@type":"ReadAction","target":["https:\/\/nghiepxuan.com\/vi\/product\/kham-pha-the-creamy-goodness-of-fresh-avocado-034\/"]}]},{"@type":"ImageObject","inLanguage":"vi-VN","@id":"https:\/\/nghiepxuan.com\/vi\/product\/kham-pha-the-creamy-goodness-of-fresh-avocado-034\/#primaryimage","url":"https:\/\/nghiepxuan.com\/wp-content\/uploads\/2023\/10\/4-800x500-6.jpg","contentUrl":"https:\/\/nghiepxuan.com\/wp-content\/uploads\/2023\/10\/4-800x500-6.jpg","width":800,"height":500},{"@type":"BreadcrumbList","@id":"https:\/\/nghiepxuan.com\/vi\/product\/kham-pha-the-creamy-goodness-of-fresh-avocado-034\/#breadcrumb","itemListElement":[{"@type":"ListItem","position":1,"name":"Home","item":"https:\/\/nghiepxuan.com\/vi\/"},{"@type":"ListItem","position":2,"name":"C\u1eeda h\u00e0ng","item":"https:\/\/nghiepxuan.com\/vi\/shop\/"},{"@type":"ListItem","position":3,"name":"Kh\u00e1m ph\u00e1 v\u1ecb kem th\u01a1m ngon c\u1ee7a b\u01a1 t\u01b0\u01a1i 034"}]},{"@type":"WebSite","@id":"https:\/\/nghiepxuan.com\/vi\/#website","url":"https:\/\/nghiepxuan.com\/vi\/","name":"Nghiep Xuan - Agricultural Import and Export","description":"Nu\u00f4i d\u01b0\u1ee1ng thi\u00ean nhi\u00ean, thu ho\u1ea1ch s\u1ee9c kh\u1ecfe: \u0110i\u1ec3m \u0111\u1ebfn l\u1ed1i s\u1ed1ng h\u1eefu c\u01a1 c\u1ee7a b\u1ea1n","publisher":{"@id":"https:\/\/nghiepxuan.com\/vi\/#organization"},"potentialAction":[{"@type":"SearchAction","target":{"@type":"EntryPoint","urlTemplate":"https:\/\/nghiepxuan.com\/vi\/?s={search_term_string}"},"query-input":{"@type":"PropertyValueSpecification","valueRequired":true,"valueName":"search_term_string"}}],"inLanguage":"vi-VN"},{"@type":"Organization","@id":"https:\/\/nghiepxuan.com\/vi\/#organization","name":"Nghiep Xuan - Agricultural Import and Export","url":"https:\/\/nghiepxuan.com\/vi\/","logo":{"@type":"ImageObject","inLanguage":"vi-VN","@id":"https:\/\/nghiepxuan.com\/vi\/#\/schema\/logo\/image\/","url":"https:\/\/nghiepxuan.com\/wp-content\/uploads\/2025\/04\/Nghiep-Xuan-Logo-4.png","contentUrl":"https:\/\/nghiepxuan.com\/wp-content\/uploads\/2025\/04\/Nghiep-Xuan-Logo-4.png","width":4167,"height":1015,"caption":"Nghiep Xuan - Agricultural Import and Export"},"image":{"@id":"https:\/\/nghiepxuan.com\/vi\/#\/schema\/logo\/image\/"},"sameAs":["https:\/\/www.facebook.com\/nongsannghiepxuan\/","https:\/\/x.com\/PhuTonBui","https:\/\/www.instagram.com\/xuatnhapkhaunghiepxuan\/","https:\/\/www.youtube.com\/@nongsannghiepxuan2066","https:\/\/www.tiktok.com\/@nghiepxuan"]}]}},"_links":{"self":[{"href":"https:\/\/nghiepxuan.com\/vi\/wp-json\/wp\/v2\/product\/4995","targetHints":{"allow":["GET"]}}],"collection":[{"href":"https:\/\/nghiepxuan.com\/vi\/wp-json\/wp\/v2\/product"}],"about":[{"href":"https:\/\/nghiepxuan.com\/vi\/wp-json\/wp\/v2\/types\/product"}],"replies":[{"embeddable":true,"href":"https:\/\/nghiepxuan.com\/vi\/wp-json\/wp\/v2\/comments?post=4995"}],"version-history":[{"count":1,"href":"https:\/\/nghiepxuan.com\/vi\/wp-json\/wp\/v2\/product\/4995\/revisions"}],"predecessor-version":[{"id":6995,"href":"https:\/\/nghiepxuan.com\/vi\/wp-json\/wp\/v2\/product\/4995\/revisions\/6995"}],"wp:featuredmedia":[{"embeddable":true,"href":"https:\/\/nghiepxuan.com\/vi\/wp-json\/wp\/v2\/media\/4784"}],"wp:attachment":[{"href":"https:\/\/nghiepxuan.com\/vi\/wp-json\/wp\/v2\/media?parent=4995"}],"wp:term":[{"taxonomy":"product_brand","embeddable":true,"href":"https:\/\/nghiepxuan.com\/vi\/wp-json\/wp\/v2\/product_brand?post=4995"},{"taxonomy":"product_cat","embeddable":true,"href":"https:\/\/nghiepxuan.com\/vi\/wp-json\/wp\/v2\/product_cat?post=4995"},{"taxonomy":"product_tag","embeddable":true,"href":"https:\/\/nghiepxuan.com\/vi\/wp-json\/wp\/v2\/product_tag?post=4995"}],"curies":[{"name":"wp","href":"https:\/\/api.w.org\/{rel}","templated":true}]}}