{"id":4971,"date":"2023-10-23T02:46:30","date_gmt":"2023-10-23T02:46:30","guid":{"rendered":"https:\/\/farm-lang.cdn-pi.com\/product\/kham-pha-nhung-thu-vui-cua-mit-tuoi-kho-bau-nhiet-doi-ngot-ngao-cua-thien-nhien\/"},"modified":"2025-03-29T10:00:58","modified_gmt":"2025-03-29T10:00:58","slug":"kham-pha-the-delights-of-fresh-mit-natures-sweet-tropical-treasure","status":"publish","type":"product","link":"https:\/\/nghiepxuan.com\/vi\/product\/kham-pha-the-delights-of-fresh-mit-natures-sweet-tropical-treasure\/","title":{"rendered":"Kh\u00e1m ph\u00e1 nh\u1eefng th\u00fa vui c\u1ee7a m\u00edt t\u01b0\u01a1i: Kho b\u00e1u nhi\u1ec7t \u0111\u1edbi ng\u1ecdt ng\u00e0o c\u1ee7a thi\u00ean nhi\u00ean"},"content":{"rendered":"<p>\u0110i s\u00e2u v\u00e0o v\u1ecb ng\u1ecdt nhi\u1ec7t \u0111\u1edbi c\u1ee7a m\u00edt t\u01b0\u01a1i!<\/p>\n<p>Kh\u00e1m ph\u00e1 h\u01b0\u01a1ng v\u1ecb \u0111\u1eb7c bi\u1ec7t c\u1ee7a m\u00edt t\u01b0\u01a1i c\u1ee7a ch\u00fang t\u00f4i, m\u1ed9t m\u00f3n \u0103n nhi\u1ec7t \u0111\u1edbi ngon mi\u1ec7ng n\u1eafm b\u1eaft \u0111\u01b0\u1ee3c tinh hoa c\u1ee7a v\u01b0\u1eddn c\u00e2y \u0103n qu\u1ea3 ng\u1eadp n\u1eafng. \u0110\u01b0\u1ee3c bi\u1ebft \u0111\u1ebfn nh\u01b0 l\u00e0 lo\u1ea1i tr\u00e1i c\u00e2y l\u1edbn nh\u1ea5t th\u1ebf gi\u1edbi, m\u00edt t\u1ef1 h\u00e0o c\u00f3 s\u1ef1 k\u1ebft h\u1ee3p \u0111\u1ed9c \u0111\u00e1o gi\u1eefa v\u1ecb ng\u1ecdt v\u00e0 t\u00ednh linh ho\u1ea1t, khi\u1ebfn n\u00f3 tr\u1edf th\u00e0nh m\u00f3n \u0103n y\u00eau th\u00edch c\u1ee7a nh\u1eefng ng\u01b0\u1eddi \u0111am m\u00ea \u1ea9m th\u1ef1c v\u00e0 \u0111\u1ea7u b\u1ebfp.<\/p>\n<p>M\u00edt c\u1ee7a ch\u00fang t\u00f4i c\u00f3 ngu\u1ed3n g\u1ed1c t\u1eeb nh\u1eefng l\u00f9m c\u00e2y t\u1ed1t nh\u1ea5t, \u0111\u1ea3m b\u1ea3o ch\u00fang \u0111\u01b0\u1ee3c h\u00e1i \u1edf \u0111\u1ed9 ch\u00edn cao nh\u1ea5t. V\u1edbi h\u01b0\u01a1ng v\u1ecb th\u01a1m ngon g\u1ee3i nh\u1edb \u0111\u1ebfn s\u1ef1 pha tr\u1ed9n c\u1ee7a d\u1ee9a, chu\u1ed1i v\u00e0 xo\u00e0i, m\u00edt c\u1ee7a ch\u00fang t\u00f4i l\u00e0 m\u1ed9t b\u1ed5 sung th\u00fa v\u1ecb cho cu\u1ed9c phi\u00eau l\u01b0u \u1ea9m th\u1ef1c c\u1ee7a b\u1ea1n. Th\u1ecbt ng\u1ecdt v\u00e0 th\u01a1m t\u1ef1 nhi\u00ean c\u1ee7a ch\u00fang kh\u00f4ng ch\u1ec9 \u0111\u01b0\u1ee3c nu\u00f4ng chi\u1ec1u m\u00e0 c\u00f2n ch\u1ee9a nhi\u1ec1u ch\u1ea5t dinh d\u01b0\u1ee1ng thi\u1ebft y\u1ebfu, l\u00e0m cho n\u00f3 tr\u1edf th\u00e0nh m\u1ed9t l\u1ef1a ch\u1ecdn l\u00e0nh m\u1ea1nh cho ch\u1ebf \u0111\u1ed9 \u0103n u\u1ed1ng c\u1ee7a b\u1ea1n.<\/p>\n<p>Cho d\u00f9 \u0111\u01b0\u1ee3c th\u01b0\u1edfng th\u1ee9c t\u01b0\u01a1i, n\u01b0\u1edbng, pha tr\u1ed9n v\u00e0o sinh t\u1ed1, ho\u1eb7c k\u1ebft h\u1ee3p v\u00e0o c\u00e1c m\u00f3n \u0103n m\u1eb7n, kh\u1ea3 n\u0103ng v\u1edbi m\u00edt l\u00e0 v\u00f4 t\u1eadn. K\u1ebft c\u1ea5u th\u1ecbt c\u1ee7a n\u00f3 l\u00e0m cho n\u00f3 tr\u1edf th\u00e0nh m\u1ed9t s\u1ef1 thay th\u1ebf d\u1ef1a tr\u00ean th\u1ef1c v\u1eadt ph\u1ed5 bi\u1ebfn, ho\u00e0n h\u1ea3o \u0111\u1ec3 t\u1ea1o ra c\u00e1c c\u00f4ng th\u1ee9c n\u1ea5u \u0103n chay v\u00e0 thu\u1ea7n chay \u0111\u00e1p \u1ee9ng ngay c\u1ea3 nh\u1eefng kh\u1ea9u v\u1ecb s\u00e0nh \u0111i\u1ec7u nh\u1ea5t.<\/p>\n<p>Kh\u00e1m ph\u00e1 h\u01b0\u01a1ng v\u1ecb nhi\u1ec7t \u0111\u1edbi \u0111\u1eadm \u0111\u00e0 c\u1ee7a m\u00edt t\u01b0\u01a1i c\u1ee7a ch\u00fang t\u00f4i v\u00e0 n\u00e2ng t\u1ea7m b\u1eefa \u0103n c\u1ee7a b\u1ea1n v\u1edbi m\u1ed9t ch\u00fat ng\u1ecdt ng\u00e0o k\u1ef3 l\u1ea1. Ho\u00e0n h\u1ea3o \u0111\u1ec3 \u0103n v\u1eb7t, n\u01b0\u1edbng, n\u01b0\u1edbng ho\u1eb7c th\u1eed nghi\u1ec7m trong nh\u00e0 b\u1ebfp, m\u00edt c\u1ee7a ch\u00fang t\u00f4i m\u1eddi b\u1ea1n tr\u1ea3i nghi\u1ec7m h\u01b0\u01a1ng v\u1ecb r\u1ef1c r\u1ee1 c\u1ee7a v\u00f9ng nhi\u1ec7t \u0111\u1edbi.<\/p>\n<p>H\u00e3y t\u1ef1 th\u01b0\u1edfng cho m\u00ecnh v\u1ecb ng\u1ecdt t\u1ef1 nhi\u00ean v\u00e0 t\u00ednh linh ho\u1ea1t c\u1ee7a m\u00edt t\u01b0\u01a1i. Gh\u00e9 th\u0103m ch\u00fang t\u00f4i ngay h\u00f4m nay v\u00e0 b\u1eaft tay v\u00e0o m\u1ed9t h\u00e0nh tr\u00ecnh \u1ea9m th\u1ef1c t\u00f4n vinh ti\u1ec1n th\u01b0\u1edfng c\u1ee7a ni\u1ec1m \u0111am m\u00ea nhi\u1ec7t \u0111\u1edbi.<\/p>\n","protected":false},"excerpt":{"rendered":"<p>Tr\u1ea3i nghi\u1ec7m s\u1ef1 k\u1ef3 di\u1ec7u nhi\u1ec7t \u0111\u1edbi c\u1ee7a m\u00edt t\u01b0\u01a1i. M\u00edt c\u1ee7a ch\u00fang t\u00f4i l\u00e0 s\u1ef1 pha tr\u1ed9n ho\u00e0n h\u1ea3o gi\u1eefa ng\u1ecdt ng\u00e0o v\u00e0 linh ho\u1ea1t, l\u00e0m cho ch\u00fang tr\u1edf th\u00e0nh m\u1ed9t b\u1ed5 sung ngon mi\u1ec7ng cho cu\u1ed9c phi\u00eau l\u01b0u \u1ea9m th\u1ef1c c\u1ee7a b\u1ea1n. Cho d\u00f9 \u0111\u01b0\u1ee3c th\u01b0\u1edfng th\u1ee9c t\u01b0\u01a1i, n\u01b0\u1edbng, pha tr\u1ed9n v\u00e0o sinh t\u1ed1, ho\u1eb7c \u0111\u01b0\u1ee3c s\u1eed d\u1ee5ng trong c\u00e1c m\u00f3n \u0103n m\u1eb7n, m\u00edt th\u00eam m\u1ed9t li\u00ean l\u1ea1c k\u1ef3 l\u1ea1 cho b\u1eefa \u0103n c\u1ee7a b\u1ea1n. Kh\u00e1m ph\u00e1 m\u1eb7t ng\u1ecdt c\u1ee7a v\u00f9ng nhi\u1ec7t \u0111\u1edbi v\u1edbi m\u00edt t\u01b0\u01a1i c\u1ee7a ch\u00fang t\u00f4i<\/p>\n","protected":false},"featured_media":4745,"comment_status":"open","ping_status":"closed","template":"","meta":{"content-type":""},"product_brand":[],"product_cat":[168],"product_tag":[367,365,366],"class_list":{"0":"post-4971","1":"product","2":"type-product","3":"status-publish","4":"has-post-thumbnail","6":"product_cat-fruits-vi","7":"product_tag-ky-quan-dua-tren-thuc-vat","8":"product_tag-niem-vui-mit","9":"product_tag-niem-vui-nhiet-doi","11":"first","12":"instock","13":"shipping-taxable","14":"purchasable","15":"product-type-variable","16":"has-default-attributes"},"yoast_head":"<!-- This site is optimized with the Yoast SEO plugin v26.9 - https:\/\/yoast.com\/product\/yoast-seo-wordpress\/ -->\n<title>Kh\u00e1m ph\u00e1 nh\u1eefng th\u00fa vui c\u1ee7a m\u00edt t\u01b0\u01a1i: Kho b\u00e1u nhi\u1ec7t \u0111\u1edbi ng\u1ecdt ng\u00e0o c\u1ee7a thi\u00ean nhi\u00ean - Nghi\u1ec7p Xu\u00e2n - Xu\u1ea5t Nh\u1eadp Kh\u1ea9u N\u00f4ng S\u1ea3n<\/title>\n<meta name=\"robots\" content=\"index, follow, max-snippet:-1, max-image-preview:large, max-video-preview:-1\" \/>\n<link rel=\"canonical\" href=\"https:\/\/nghiepxuan.com\/vi\/product\/kham-pha-the-delights-of-fresh-mit-natures-sweet-tropical-treasure\/\" \/>\n<meta property=\"og:locale\" content=\"vi_VN\" \/>\n<meta property=\"og:type\" content=\"article\" \/>\n<meta property=\"og:title\" content=\"Kh\u00e1m ph\u00e1 nh\u1eefng th\u00fa vui c\u1ee7a m\u00edt t\u01b0\u01a1i: Kho b\u00e1u nhi\u1ec7t \u0111\u1edbi ng\u1ecdt ng\u00e0o c\u1ee7a thi\u00ean nhi\u00ean - Nghi\u1ec7p Xu\u00e2n - Xu\u1ea5t Nh\u1eadp Kh\u1ea9u N\u00f4ng S\u1ea3n\" \/>\n<meta property=\"og:description\" content=\"Tr\u1ea3i nghi\u1ec7m s\u1ef1 k\u1ef3 di\u1ec7u nhi\u1ec7t \u0111\u1edbi c\u1ee7a m\u00edt t\u01b0\u01a1i. M\u00edt c\u1ee7a ch\u00fang t\u00f4i l\u00e0 s\u1ef1 pha tr\u1ed9n ho\u00e0n h\u1ea3o gi\u1eefa ng\u1ecdt ng\u00e0o v\u00e0 linh ho\u1ea1t, l\u00e0m cho ch\u00fang tr\u1edf th\u00e0nh m\u1ed9t b\u1ed5 sung ngon mi\u1ec7ng cho cu\u1ed9c phi\u00eau l\u01b0u \u1ea9m th\u1ef1c c\u1ee7a b\u1ea1n. Cho d\u00f9 \u0111\u01b0\u1ee3c th\u01b0\u1edfng th\u1ee9c t\u01b0\u01a1i, n\u01b0\u1edbng, pha tr\u1ed9n v\u00e0o sinh t\u1ed1, ho\u1eb7c \u0111\u01b0\u1ee3c s\u1eed d\u1ee5ng trong c\u00e1c m\u00f3n \u0103n m\u1eb7n, m\u00edt th\u00eam m\u1ed9t li\u00ean l\u1ea1c k\u1ef3 l\u1ea1 cho b\u1eefa \u0103n c\u1ee7a b\u1ea1n. Kh\u00e1m ph\u00e1 m\u1eb7t ng\u1ecdt c\u1ee7a v\u00f9ng nhi\u1ec7t \u0111\u1edbi v\u1edbi m\u00edt t\u01b0\u01a1i c\u1ee7a ch\u00fang t\u00f4i\" \/>\n<meta property=\"og:url\" content=\"https:\/\/nghiepxuan.com\/vi\/product\/kham-pha-the-delights-of-fresh-mit-natures-sweet-tropical-treasure\/\" \/>\n<meta property=\"og:site_name\" content=\"Nghi\u1ec7p Xu\u00e2n - Xu\u1ea5t Nh\u1eadp Kh\u1ea9u N\u00f4ng S\u1ea3n\" \/>\n<meta property=\"article:publisher\" content=\"https:\/\/www.facebook.com\/nongsannghiepxuan\/\" \/>\n<meta property=\"article:modified_time\" content=\"2025-03-29T10:00:58+00:00\" \/>\n<meta property=\"og:image\" content=\"https:\/\/nghiepxuan.com\/wp-content\/uploads\/2023\/10\/tim-hieu-ve-qua-mit-san-pham-va-cac-vi-luong-co-trong-qua-mit-01-min.jpg\" \/>\n\t<meta property=\"og:image:width\" content=\"696\" \/>\n\t<meta property=\"og:image:height\" content=\"435\" \/>\n\t<meta property=\"og:image:type\" content=\"image\/jpeg\" \/>\n<meta name=\"twitter:card\" content=\"summary_large_image\" \/>\n<meta name=\"twitter:site\" content=\"@PhuTonBui\" \/>\n<meta name=\"twitter:label1\" content=\"Est. reading time\" \/>\n\t<meta name=\"twitter:data1\" content=\"3 minutes\" \/>\n<script type=\"application\/ld+json\" class=\"yoast-schema-graph\">{\"@context\":\"https:\/\/schema.org\",\"@graph\":[{\"@type\":\"WebPage\",\"@id\":\"https:\/\/nghiepxuan.com\/vi\/product\/kham-pha-the-delights-of-fresh-mit-natures-sweet-tropical-treasure\/\",\"url\":\"https:\/\/nghiepxuan.com\/vi\/product\/kham-pha-the-delights-of-fresh-mit-natures-sweet-tropical-treasure\/\",\"name\":\"Kh\u00e1m ph\u00e1 nh\u1eefng th\u00fa vui c\u1ee7a m\u00edt t\u01b0\u01a1i: Kho b\u00e1u nhi\u1ec7t \u0111\u1edbi ng\u1ecdt ng\u00e0o c\u1ee7a thi\u00ean nhi\u00ean - Nghi\u1ec7p Xu\u00e2n - Xu\u1ea5t Nh\u1eadp Kh\u1ea9u N\u00f4ng S\u1ea3n\",\"isPartOf\":{\"@id\":\"https:\/\/nghiepxuan.com\/vi\/#website\"},\"primaryImageOfPage\":{\"@id\":\"https:\/\/nghiepxuan.com\/vi\/product\/kham-pha-the-delights-of-fresh-mit-natures-sweet-tropical-treasure\/#primaryimage\"},\"image\":{\"@id\":\"https:\/\/nghiepxuan.com\/vi\/product\/kham-pha-the-delights-of-fresh-mit-natures-sweet-tropical-treasure\/#primaryimage\"},\"thumbnailUrl\":\"https:\/\/nghiepxuan.com\/wp-content\/uploads\/2023\/10\/tim-hieu-ve-qua-mit-san-pham-va-cac-vi-luong-co-trong-qua-mit-01-min.jpg\",\"datePublished\":\"2023-10-23T02:46:30+00:00\",\"dateModified\":\"2025-03-29T10:00:58+00:00\",\"breadcrumb\":{\"@id\":\"https:\/\/nghiepxuan.com\/vi\/product\/kham-pha-the-delights-of-fresh-mit-natures-sweet-tropical-treasure\/#breadcrumb\"},\"inLanguage\":\"vi-VN\",\"potentialAction\":[{\"@type\":\"ReadAction\",\"target\":[\"https:\/\/nghiepxuan.com\/vi\/product\/kham-pha-the-delights-of-fresh-mit-natures-sweet-tropical-treasure\/\"]}]},{\"@type\":\"ImageObject\",\"inLanguage\":\"vi-VN\",\"@id\":\"https:\/\/nghiepxuan.com\/vi\/product\/kham-pha-the-delights-of-fresh-mit-natures-sweet-tropical-treasure\/#primaryimage\",\"url\":\"https:\/\/nghiepxuan.com\/wp-content\/uploads\/2023\/10\/tim-hieu-ve-qua-mit-san-pham-va-cac-vi-luong-co-trong-qua-mit-01-min.jpg\",\"contentUrl\":\"https:\/\/nghiepxuan.com\/wp-content\/uploads\/2023\/10\/tim-hieu-ve-qua-mit-san-pham-va-cac-vi-luong-co-trong-qua-mit-01-min.jpg\",\"width\":696,\"height\":435},{\"@type\":\"BreadcrumbList\",\"@id\":\"https:\/\/nghiepxuan.com\/vi\/product\/kham-pha-the-delights-of-fresh-mit-natures-sweet-tropical-treasure\/#breadcrumb\",\"itemListElement\":[{\"@type\":\"ListItem\",\"position\":1,\"name\":\"Home\",\"item\":\"https:\/\/nghiepxuan.com\/vi\/\"},{\"@type\":\"ListItem\",\"position\":2,\"name\":\"C\u1eeda h\u00e0ng\",\"item\":\"https:\/\/nghiepxuan.com\/vi\/shop\/\"},{\"@type\":\"ListItem\",\"position\":3,\"name\":\"Kh\u00e1m ph\u00e1 nh\u1eefng th\u00fa vui c\u1ee7a m\u00edt t\u01b0\u01a1i: Kho b\u00e1u nhi\u1ec7t \u0111\u1edbi ng\u1ecdt ng\u00e0o c\u1ee7a thi\u00ean nhi\u00ean\"}]},{\"@type\":\"WebSite\",\"@id\":\"https:\/\/nghiepxuan.com\/vi\/#website\",\"url\":\"https:\/\/nghiepxuan.com\/vi\/\",\"name\":\"Nghiep Xuan - Agricultural Import and Export\",\"description\":\"Nu\u00f4i d\u01b0\u1ee1ng thi\u00ean nhi\u00ean, thu ho\u1ea1ch s\u1ee9c kh\u1ecfe: \u0110i\u1ec3m \u0111\u1ebfn l\u1ed1i s\u1ed1ng h\u1eefu c\u01a1 c\u1ee7a b\u1ea1n\",\"publisher\":{\"@id\":\"https:\/\/nghiepxuan.com\/vi\/#organization\"},\"potentialAction\":[{\"@type\":\"SearchAction\",\"target\":{\"@type\":\"EntryPoint\",\"urlTemplate\":\"https:\/\/nghiepxuan.com\/vi\/?s={search_term_string}\"},\"query-input\":{\"@type\":\"PropertyValueSpecification\",\"valueRequired\":true,\"valueName\":\"search_term_string\"}}],\"inLanguage\":\"vi-VN\"},{\"@type\":\"Organization\",\"@id\":\"https:\/\/nghiepxuan.com\/vi\/#organization\",\"name\":\"Nghiep Xuan - Agricultural Import and Export\",\"url\":\"https:\/\/nghiepxuan.com\/vi\/\",\"logo\":{\"@type\":\"ImageObject\",\"inLanguage\":\"vi-VN\",\"@id\":\"https:\/\/nghiepxuan.com\/vi\/#\/schema\/logo\/image\/\",\"url\":\"https:\/\/nghiepxuan.com\/wp-content\/uploads\/2025\/04\/Nghiep-Xuan-Logo-4.png\",\"contentUrl\":\"https:\/\/nghiepxuan.com\/wp-content\/uploads\/2025\/04\/Nghiep-Xuan-Logo-4.png\",\"width\":4167,\"height\":1015,\"caption\":\"Nghiep Xuan - Agricultural Import and Export\"},\"image\":{\"@id\":\"https:\/\/nghiepxuan.com\/vi\/#\/schema\/logo\/image\/\"},\"sameAs\":[\"https:\/\/www.facebook.com\/nongsannghiepxuan\/\",\"https:\/\/x.com\/PhuTonBui\",\"https:\/\/www.instagram.com\/xuatnhapkhaunghiepxuan\/\",\"https:\/\/www.youtube.com\/@nongsannghiepxuan2066\",\"https:\/\/www.tiktok.com\/@nghiepxuan\"]}]}<\/script>\n<!-- \/ Yoast SEO plugin. -->","yoast_head_json":{"title":"Kh\u00e1m ph\u00e1 nh\u1eefng th\u00fa vui c\u1ee7a m\u00edt t\u01b0\u01a1i: Kho b\u00e1u nhi\u1ec7t \u0111\u1edbi ng\u1ecdt ng\u00e0o c\u1ee7a thi\u00ean nhi\u00ean - Nghi\u1ec7p Xu\u00e2n - Xu\u1ea5t Nh\u1eadp Kh\u1ea9u N\u00f4ng S\u1ea3n","robots":{"index":"index","follow":"follow","max-snippet":"max-snippet:-1","max-image-preview":"max-image-preview:large","max-video-preview":"max-video-preview:-1"},"canonical":"https:\/\/nghiepxuan.com\/vi\/product\/kham-pha-the-delights-of-fresh-mit-natures-sweet-tropical-treasure\/","og_locale":"vi_VN","og_type":"article","og_title":"Kh\u00e1m ph\u00e1 nh\u1eefng th\u00fa vui c\u1ee7a m\u00edt t\u01b0\u01a1i: Kho b\u00e1u nhi\u1ec7t \u0111\u1edbi ng\u1ecdt ng\u00e0o c\u1ee7a thi\u00ean nhi\u00ean - Nghi\u1ec7p Xu\u00e2n - Xu\u1ea5t Nh\u1eadp Kh\u1ea9u N\u00f4ng S\u1ea3n","og_description":"Tr\u1ea3i nghi\u1ec7m s\u1ef1 k\u1ef3 di\u1ec7u nhi\u1ec7t \u0111\u1edbi c\u1ee7a m\u00edt t\u01b0\u01a1i. M\u00edt c\u1ee7a ch\u00fang t\u00f4i l\u00e0 s\u1ef1 pha tr\u1ed9n ho\u00e0n h\u1ea3o gi\u1eefa ng\u1ecdt ng\u00e0o v\u00e0 linh ho\u1ea1t, l\u00e0m cho ch\u00fang tr\u1edf th\u00e0nh m\u1ed9t b\u1ed5 sung ngon mi\u1ec7ng cho cu\u1ed9c phi\u00eau l\u01b0u \u1ea9m th\u1ef1c c\u1ee7a b\u1ea1n. Cho d\u00f9 \u0111\u01b0\u1ee3c th\u01b0\u1edfng th\u1ee9c t\u01b0\u01a1i, n\u01b0\u1edbng, pha tr\u1ed9n v\u00e0o sinh t\u1ed1, ho\u1eb7c \u0111\u01b0\u1ee3c s\u1eed d\u1ee5ng trong c\u00e1c m\u00f3n \u0103n m\u1eb7n, m\u00edt th\u00eam m\u1ed9t li\u00ean l\u1ea1c k\u1ef3 l\u1ea1 cho b\u1eefa \u0103n c\u1ee7a b\u1ea1n. Kh\u00e1m ph\u00e1 m\u1eb7t ng\u1ecdt c\u1ee7a v\u00f9ng nhi\u1ec7t \u0111\u1edbi v\u1edbi m\u00edt t\u01b0\u01a1i c\u1ee7a ch\u00fang t\u00f4i","og_url":"https:\/\/nghiepxuan.com\/vi\/product\/kham-pha-the-delights-of-fresh-mit-natures-sweet-tropical-treasure\/","og_site_name":"Nghi\u1ec7p Xu\u00e2n - Xu\u1ea5t Nh\u1eadp Kh\u1ea9u N\u00f4ng S\u1ea3n","article_publisher":"https:\/\/www.facebook.com\/nongsannghiepxuan\/","article_modified_time":"2025-03-29T10:00:58+00:00","og_image":[{"width":696,"height":435,"url":"https:\/\/nghiepxuan.com\/wp-content\/uploads\/2023\/10\/tim-hieu-ve-qua-mit-san-pham-va-cac-vi-luong-co-trong-qua-mit-01-min.jpg","type":"image\/jpeg"}],"twitter_card":"summary_large_image","twitter_site":"@PhuTonBui","twitter_misc":{"Est. reading time":"3 minutes"},"schema":{"@context":"https:\/\/schema.org","@graph":[{"@type":"WebPage","@id":"https:\/\/nghiepxuan.com\/vi\/product\/kham-pha-the-delights-of-fresh-mit-natures-sweet-tropical-treasure\/","url":"https:\/\/nghiepxuan.com\/vi\/product\/kham-pha-the-delights-of-fresh-mit-natures-sweet-tropical-treasure\/","name":"Kh\u00e1m ph\u00e1 nh\u1eefng th\u00fa vui c\u1ee7a m\u00edt t\u01b0\u01a1i: Kho b\u00e1u nhi\u1ec7t \u0111\u1edbi ng\u1ecdt ng\u00e0o c\u1ee7a thi\u00ean nhi\u00ean - Nghi\u1ec7p Xu\u00e2n - Xu\u1ea5t Nh\u1eadp Kh\u1ea9u N\u00f4ng S\u1ea3n","isPartOf":{"@id":"https:\/\/nghiepxuan.com\/vi\/#website"},"primaryImageOfPage":{"@id":"https:\/\/nghiepxuan.com\/vi\/product\/kham-pha-the-delights-of-fresh-mit-natures-sweet-tropical-treasure\/#primaryimage"},"image":{"@id":"https:\/\/nghiepxuan.com\/vi\/product\/kham-pha-the-delights-of-fresh-mit-natures-sweet-tropical-treasure\/#primaryimage"},"thumbnailUrl":"https:\/\/nghiepxuan.com\/wp-content\/uploads\/2023\/10\/tim-hieu-ve-qua-mit-san-pham-va-cac-vi-luong-co-trong-qua-mit-01-min.jpg","datePublished":"2023-10-23T02:46:30+00:00","dateModified":"2025-03-29T10:00:58+00:00","breadcrumb":{"@id":"https:\/\/nghiepxuan.com\/vi\/product\/kham-pha-the-delights-of-fresh-mit-natures-sweet-tropical-treasure\/#breadcrumb"},"inLanguage":"vi-VN","potentialAction":[{"@type":"ReadAction","target":["https:\/\/nghiepxuan.com\/vi\/product\/kham-pha-the-delights-of-fresh-mit-natures-sweet-tropical-treasure\/"]}]},{"@type":"ImageObject","inLanguage":"vi-VN","@id":"https:\/\/nghiepxuan.com\/vi\/product\/kham-pha-the-delights-of-fresh-mit-natures-sweet-tropical-treasure\/#primaryimage","url":"https:\/\/nghiepxuan.com\/wp-content\/uploads\/2023\/10\/tim-hieu-ve-qua-mit-san-pham-va-cac-vi-luong-co-trong-qua-mit-01-min.jpg","contentUrl":"https:\/\/nghiepxuan.com\/wp-content\/uploads\/2023\/10\/tim-hieu-ve-qua-mit-san-pham-va-cac-vi-luong-co-trong-qua-mit-01-min.jpg","width":696,"height":435},{"@type":"BreadcrumbList","@id":"https:\/\/nghiepxuan.com\/vi\/product\/kham-pha-the-delights-of-fresh-mit-natures-sweet-tropical-treasure\/#breadcrumb","itemListElement":[{"@type":"ListItem","position":1,"name":"Home","item":"https:\/\/nghiepxuan.com\/vi\/"},{"@type":"ListItem","position":2,"name":"C\u1eeda h\u00e0ng","item":"https:\/\/nghiepxuan.com\/vi\/shop\/"},{"@type":"ListItem","position":3,"name":"Kh\u00e1m ph\u00e1 nh\u1eefng th\u00fa vui c\u1ee7a m\u00edt t\u01b0\u01a1i: Kho b\u00e1u nhi\u1ec7t \u0111\u1edbi ng\u1ecdt ng\u00e0o c\u1ee7a thi\u00ean nhi\u00ean"}]},{"@type":"WebSite","@id":"https:\/\/nghiepxuan.com\/vi\/#website","url":"https:\/\/nghiepxuan.com\/vi\/","name":"Nghiep Xuan - Agricultural Import and Export","description":"Nu\u00f4i d\u01b0\u1ee1ng thi\u00ean nhi\u00ean, thu ho\u1ea1ch s\u1ee9c kh\u1ecfe: \u0110i\u1ec3m \u0111\u1ebfn l\u1ed1i s\u1ed1ng h\u1eefu c\u01a1 c\u1ee7a b\u1ea1n","publisher":{"@id":"https:\/\/nghiepxuan.com\/vi\/#organization"},"potentialAction":[{"@type":"SearchAction","target":{"@type":"EntryPoint","urlTemplate":"https:\/\/nghiepxuan.com\/vi\/?s={search_term_string}"},"query-input":{"@type":"PropertyValueSpecification","valueRequired":true,"valueName":"search_term_string"}}],"inLanguage":"vi-VN"},{"@type":"Organization","@id":"https:\/\/nghiepxuan.com\/vi\/#organization","name":"Nghiep Xuan - Agricultural Import and Export","url":"https:\/\/nghiepxuan.com\/vi\/","logo":{"@type":"ImageObject","inLanguage":"vi-VN","@id":"https:\/\/nghiepxuan.com\/vi\/#\/schema\/logo\/image\/","url":"https:\/\/nghiepxuan.com\/wp-content\/uploads\/2025\/04\/Nghiep-Xuan-Logo-4.png","contentUrl":"https:\/\/nghiepxuan.com\/wp-content\/uploads\/2025\/04\/Nghiep-Xuan-Logo-4.png","width":4167,"height":1015,"caption":"Nghiep Xuan - Agricultural Import and Export"},"image":{"@id":"https:\/\/nghiepxuan.com\/vi\/#\/schema\/logo\/image\/"},"sameAs":["https:\/\/www.facebook.com\/nongsannghiepxuan\/","https:\/\/x.com\/PhuTonBui","https:\/\/www.instagram.com\/xuatnhapkhaunghiepxuan\/","https:\/\/www.youtube.com\/@nongsannghiepxuan2066","https:\/\/www.tiktok.com\/@nghiepxuan"]}]}},"_links":{"self":[{"href":"https:\/\/nghiepxuan.com\/vi\/wp-json\/wp\/v2\/product\/4971","targetHints":{"allow":["GET"]}}],"collection":[{"href":"https:\/\/nghiepxuan.com\/vi\/wp-json\/wp\/v2\/product"}],"about":[{"href":"https:\/\/nghiepxuan.com\/vi\/wp-json\/wp\/v2\/types\/product"}],"replies":[{"embeddable":true,"href":"https:\/\/nghiepxuan.com\/vi\/wp-json\/wp\/v2\/comments?post=4971"}],"version-history":[{"count":1,"href":"https:\/\/nghiepxuan.com\/vi\/wp-json\/wp\/v2\/product\/4971\/revisions"}],"predecessor-version":[{"id":7010,"href":"https:\/\/nghiepxuan.com\/vi\/wp-json\/wp\/v2\/product\/4971\/revisions\/7010"}],"wp:featuredmedia":[{"embeddable":true,"href":"https:\/\/nghiepxuan.com\/vi\/wp-json\/wp\/v2\/media\/4745"}],"wp:attachment":[{"href":"https:\/\/nghiepxuan.com\/vi\/wp-json\/wp\/v2\/media?parent=4971"}],"wp:term":[{"taxonomy":"product_brand","embeddable":true,"href":"https:\/\/nghiepxuan.com\/vi\/wp-json\/wp\/v2\/product_brand?post=4971"},{"taxonomy":"product_cat","embeddable":true,"href":"https:\/\/nghiepxuan.com\/vi\/wp-json\/wp\/v2\/product_cat?post=4971"},{"taxonomy":"product_tag","embeddable":true,"href":"https:\/\/nghiepxuan.com\/vi\/wp-json\/wp\/v2\/product_tag?post=4971"}],"curies":[{"name":"wp","href":"https:\/\/api.w.org\/{rel}","templated":true}]}}