{"id":4947,"date":"2023-10-23T02:34:57","date_gmt":"2023-10-23T02:34:57","guid":{"rendered":"https:\/\/farm-lang.cdn-pi.com\/product\/mo-khoa-vi-ngot-ky-la-cua-xoai-tuoi\/"},"modified":"2025-03-29T10:01:03","modified_gmt":"2025-03-29T10:01:03","slug":"mo-khoa-la-ngot-cua-xoai-tuoi","status":"publish","type":"product","link":"https:\/\/nghiepxuan.com\/vi\/product\/mo-khoa-la-ngot-cua-xoai-tuoi\/","title":{"rendered":"M\u1edf kh\u00f3a v\u1ecb ng\u1ecdt k\u1ef3 l\u1ea1 c\u1ee7a xo\u00e0i t\u01b0\u01a1i"},"content":{"rendered":"<p>\u0110i s\u00e2u v\u00e0o v\u1ecb ng\u1ecdt nhi\u1ec7t \u0111\u1edbi c\u1ee7a xo\u00e0i c\u1ee7a ch\u00fang t\u00f4i!<\/p>\n<p>Th\u01b0\u1edfng th\u1ee9c h\u01b0\u01a1ng v\u1ecb th\u01a1m ngon c\u1ee7a xo\u00e0i ch\u00edn, \u0111\u01b0\u1ee3c l\u1ef1a ch\u1ecdn c\u1ea9n th\u1eadn c\u1ee7a ch\u00fang t\u00f4i, mang h\u01b0\u01a1ng v\u1ecb k\u1ef3 l\u1ea1 c\u1ee7a v\u00f9ng nhi\u1ec7t \u0111\u1edbi \u0111\u1ebfn b\u00e0n c\u1ee7a b\u1ea1n. B\u00f9ng n\u1ed5 v\u1edbi v\u1ecb ng\u1ecdt t\u1ef1 nhi\u00ean v\u00e0 ngon ng\u1ecdt, xo\u00e0i c\u1ee7a ch\u00fang t\u00f4i l\u00e0 m\u1ed9t ni\u1ec1m vui th\u1ef1c s\u1ef1 cho c\u00e1c gi\u00e1c quan c\u1ee7a b\u1ea1n.<\/p>\n<p>C\u00f3 ngu\u1ed3n g\u1ed1c t\u1eeb nh\u1eefng v\u01b0\u1eddn c\u00e2y \u0103n tr\u00e1i ng\u1eadp n\u1eafng, xo\u00e0i c\u1ee7a ch\u00fang t\u00f4i \u0111\u01b0\u1ee3c thu ho\u1ea1ch c\u1ea9n th\u1eadn \u1edf \u0111\u1ed9 ch\u00edn cao nh\u1ea5t \u0111\u1ec3 \u0111\u1ea3m b\u1ea3o h\u01b0\u01a1ng v\u1ecb v\u00e0 \u0111\u1ed9 t\u01b0\u01a1i t\u1ed1i \u0111a. M\u1ed7i mi\u1ebfng c\u1eafn l\u00e0 m\u1ed9t h\u00e0nh tr\u00ecnh \u0111\u1ebfn thi\u00ean \u0111\u01b0\u1eddng nhi\u1ec7t \u0111\u1edbi, v\u1edbi k\u1ebft c\u1ea5u phong ph\u00fa, m\u01b0\u1ee3t m\u00e0 v\u00e0 h\u01b0\u01a1ng th\u01a1m r\u1ef1c r\u1ee1 m\u00e0 ch\u1ec9 nh\u1eefng qu\u1ea3 xo\u00e0i ngon nh\u1ea5t m\u1edbi c\u00f3 th\u1ec3 cung c\u1ea5p.<\/p>\n<p>Cho d\u00f9 \u0111\u01b0\u1ee3c th\u01b0\u1edfng th\u1ee9c ri\u00eang, pha tr\u1ed9n v\u00e0o sinh t\u1ed1 s\u1ea3ng kho\u00e1i, ho\u1eb7c th\u00eam v\u00e0o m\u00f3n salad v\u00e0 m\u00f3n tr\u00e1ng mi\u1ec7ng, xo\u00e0i c\u1ee7a ch\u00fang t\u00f4i th\u00eam m\u1ed9t ch\u00fat h\u1ea1nh ph\u00fac nhi\u1ec7t \u0111\u1edbi cho m\u1ed7i m\u00f3n \u0103n. \u0110\u01b0\u1ee3c \u0111\u00f3ng g\u00f3i v\u1edbi c\u00e1c vitamin v\u00e0 ch\u1ea5t ch\u1ed1ng oxy h\u00f3a thi\u1ebft y\u1ebfu, ch\u00fang kh\u00f4ng ch\u1ec9 k\u00edch th\u00edch v\u1ecb gi\u00e1c c\u1ee7a b\u1ea1n m\u00e0 c\u00f2n g\u00f3p ph\u1ea7n v\u00e0o s\u1ee9c kh\u1ecfe t\u1ed5ng th\u1ec3 c\u1ee7a b\u1ea1n.<\/p>\n<p>Tr\u1ea3i nghi\u1ec7m v\u1ecb ng\u1ecdt v\u00e0 m\u1ecdng n\u01b0\u1edbc v\u00f4 song c\u1ee7a xo\u00e0i c\u1ee7a ch\u00fang t\u00f4i, m\u1ed9t minh ch\u1ee9ng th\u1ef1c s\u1ef1 cho h\u01b0\u01a1ng v\u1ecb c\u1ee7a thi\u00ean nhi\u00ean. Ho\u00e0n h\u1ea3o \u0111\u1ec3 \u0103n v\u1eb7t, n\u01b0\u1edbng b\u00e1nh ho\u1eb7c t\u1ea1o ra \u0111\u1ed3 u\u1ed1ng th\u00fa v\u1ecb, xo\u00e0i c\u1ee7a ch\u00fang t\u00f4i n\u00e2ng cao s\u00e1ng t\u1ea1o \u1ea9m th\u1ef1c c\u1ee7a b\u1ea1n l\u00ean m\u1ed9t t\u1ea7m cao m\u1edbi.<\/p>\n<p>H\u00e3y t\u1ef1 th\u01b0\u1edfng cho m\u00ecnh h\u01b0\u01a1ng v\u1ecb c\u1ee7a \u00e1nh n\u1eafng m\u1eb7t tr\u1eddi v\u00e0 th\u01b0\u1edfng th\u1ee9c h\u01b0\u01a1ng v\u1ecb \u0111\u1eb7c bi\u1ec7t c\u1ee7a xo\u00e0i th\u01b0\u1ee3ng h\u1ea1ng c\u1ee7a ch\u00fang t\u00f4i. Gh\u00e9 th\u0103m ch\u00fang t\u00f4i ngay h\u00f4m nay v\u00e0 th\u01b0\u1edfng th\u1ee9c b\u1ea3n ch\u1ea5t c\u1ee7a ni\u1ec1m \u0111am m\u00ea nhi\u1ec7t \u0111\u1edbi, t\u1eebng mi\u1ebfng m\u1ed9t.<\/p>\n","protected":false},"excerpt":{"rendered":"<p>\u0110\u1eafm m\u00ecnh trong thi\u00ean \u0111\u01b0\u1eddng nhi\u1ec7t \u0111\u1edbi v\u1edbi xo\u00e0i m\u1ecdng n\u01b0\u1edbc c\u1ee7a ch\u00fang t\u00f4i. B\u00f9ng n\u1ed5 v\u1edbi v\u1ecb ng\u1ecdt v\u00e0 ngon ng\u1ecdt, xo\u00e0i c\u1ee7a ch\u00fang t\u00f4i \u0111\u01b0\u1ee3c ch\u1ecdn l\u1ecdc c\u1ea9n th\u1eadn \u1edf \u0111\u1ed9 ch\u00edn cao nh\u1ea5t \u0111\u1ec3 \u0111\u1ea3m b\u1ea3o h\u01b0\u01a1ng v\u1ecb ch\u01b0a t\u1eebng c\u00f3. Th\u01b0\u1edfng th\u1ee9c ch\u00fang t\u01b0\u01a1i, tr\u1ed9n ch\u00fang v\u00e0o sinh t\u1ed1, ho\u1eb7c th\u00eam m\u1ed9t ch\u00fat nhi\u1ec7t \u0111\u1edbi v\u00e0o m\u00f3n salad c\u1ee7a b\u1ea1n. M\u1ed7i mi\u1ebfng c\u1eafn l\u00e0 m\u1ed9t h\u01b0\u01a1ng v\u1ecb c\u1ee7a \u00e1nh n\u1eafng m\u1eb7t tr\u1eddi, l\u00e0m cho xo\u00e0i c\u1ee7a ch\u00fang t\u00f4i tr\u1edf th\u00e0nh ni\u1ec1m \u0111am m\u00ea ho\u00e0n h\u1ea3o cho c\u00e1c gi\u00e1c quan c\u1ee7a b\u1ea1n.<\/p>\n","protected":false},"featured_media":4706,"comment_status":"open","ping_status":"closed","template":"","meta":{"content-type":""},"product_brand":[],"product_cat":[168],"product_tag":[343,342,341],"class_list":{"0":"post-4947","1":"product","2":"type-product","3":"status-publish","4":"has-post-thumbnail","6":"product_cat-fruits-vi","7":"product_tag-bi-quyet-xoai","8":"product_tag-trai-cay-nhiet-doi","9":"product_tag-xoai-ngot","11":"first","12":"instock","13":"shipping-taxable","14":"purchasable","15":"product-type-variable","16":"has-default-attributes"},"yoast_head":"<!-- This site is optimized with the Yoast SEO plugin v26.9 - https:\/\/yoast.com\/product\/yoast-seo-wordpress\/ -->\n<title>M\u1edf kh\u00f3a v\u1ecb ng\u1ecdt k\u1ef3 l\u1ea1 c\u1ee7a xo\u00e0i t\u01b0\u01a1i - Nghi\u1ec7p Xu\u00e2n - Xu\u1ea5t Nh\u1eadp Kh\u1ea9u N\u00f4ng S\u1ea3n<\/title>\n<meta name=\"robots\" content=\"index, follow, max-snippet:-1, max-image-preview:large, max-video-preview:-1\" \/>\n<link rel=\"canonical\" href=\"https:\/\/nghiepxuan.com\/vi\/product\/mo-khoa-la-ngot-cua-xoai-tuoi\/\" \/>\n<meta property=\"og:locale\" content=\"vi_VN\" \/>\n<meta property=\"og:type\" content=\"article\" \/>\n<meta property=\"og:title\" content=\"M\u1edf kh\u00f3a v\u1ecb ng\u1ecdt k\u1ef3 l\u1ea1 c\u1ee7a xo\u00e0i t\u01b0\u01a1i - Nghi\u1ec7p Xu\u00e2n - Xu\u1ea5t Nh\u1eadp Kh\u1ea9u N\u00f4ng S\u1ea3n\" \/>\n<meta property=\"og:description\" content=\"\u0110\u1eafm m\u00ecnh trong thi\u00ean \u0111\u01b0\u1eddng nhi\u1ec7t \u0111\u1edbi v\u1edbi xo\u00e0i m\u1ecdng n\u01b0\u1edbc c\u1ee7a ch\u00fang t\u00f4i. B\u00f9ng n\u1ed5 v\u1edbi v\u1ecb ng\u1ecdt v\u00e0 ngon ng\u1ecdt, xo\u00e0i c\u1ee7a ch\u00fang t\u00f4i \u0111\u01b0\u1ee3c ch\u1ecdn l\u1ecdc c\u1ea9n th\u1eadn \u1edf \u0111\u1ed9 ch\u00edn cao nh\u1ea5t \u0111\u1ec3 \u0111\u1ea3m b\u1ea3o h\u01b0\u01a1ng v\u1ecb ch\u01b0a t\u1eebng c\u00f3. Th\u01b0\u1edfng th\u1ee9c ch\u00fang t\u01b0\u01a1i, tr\u1ed9n ch\u00fang v\u00e0o sinh t\u1ed1, ho\u1eb7c th\u00eam m\u1ed9t ch\u00fat nhi\u1ec7t \u0111\u1edbi v\u00e0o m\u00f3n salad c\u1ee7a b\u1ea1n. M\u1ed7i mi\u1ebfng c\u1eafn l\u00e0 m\u1ed9t h\u01b0\u01a1ng v\u1ecb c\u1ee7a \u00e1nh n\u1eafng m\u1eb7t tr\u1eddi, l\u00e0m cho xo\u00e0i c\u1ee7a ch\u00fang t\u00f4i tr\u1edf th\u00e0nh ni\u1ec1m \u0111am m\u00ea ho\u00e0n h\u1ea3o cho c\u00e1c gi\u00e1c quan c\u1ee7a b\u1ea1n.\" \/>\n<meta property=\"og:url\" content=\"https:\/\/nghiepxuan.com\/vi\/product\/mo-khoa-la-ngot-cua-xoai-tuoi\/\" \/>\n<meta property=\"og:site_name\" content=\"Nghi\u1ec7p Xu\u00e2n - Xu\u1ea5t Nh\u1eadp Kh\u1ea9u N\u00f4ng S\u1ea3n\" \/>\n<meta property=\"article:publisher\" content=\"https:\/\/www.facebook.com\/nongsannghiepxuan\/\" \/>\n<meta property=\"article:modified_time\" content=\"2025-03-29T10:01:03+00:00\" \/>\n<meta property=\"og:image\" content=\"https:\/\/nghiepxuan.com\/wp-content\/uploads\/2023\/10\/tu-vu-be-9-tuoi-suyt-chet-vi-an-xoai-chuyen-gia-canh-bao-khong-an-xoai-neu-co-dau-hieu-sau.jpg\" \/>\n\t<meta property=\"og:image:width\" content=\"660\" \/>\n\t<meta property=\"og:image:height\" content=\"477\" \/>\n\t<meta property=\"og:image:type\" content=\"image\/jpeg\" \/>\n<meta name=\"twitter:card\" content=\"summary_large_image\" \/>\n<meta name=\"twitter:site\" content=\"@PhuTonBui\" \/>\n<meta name=\"twitter:label1\" content=\"Est. reading time\" \/>\n\t<meta name=\"twitter:data1\" content=\"3 minutes\" \/>\n<script type=\"application\/ld+json\" class=\"yoast-schema-graph\">{\"@context\":\"https:\/\/schema.org\",\"@graph\":[{\"@type\":\"WebPage\",\"@id\":\"https:\/\/nghiepxuan.com\/vi\/product\/mo-khoa-la-ngot-cua-xoai-tuoi\/\",\"url\":\"https:\/\/nghiepxuan.com\/vi\/product\/mo-khoa-la-ngot-cua-xoai-tuoi\/\",\"name\":\"M\u1edf kh\u00f3a v\u1ecb ng\u1ecdt k\u1ef3 l\u1ea1 c\u1ee7a xo\u00e0i t\u01b0\u01a1i - Nghi\u1ec7p Xu\u00e2n - Xu\u1ea5t Nh\u1eadp Kh\u1ea9u N\u00f4ng S\u1ea3n\",\"isPartOf\":{\"@id\":\"https:\/\/nghiepxuan.com\/vi\/#website\"},\"primaryImageOfPage\":{\"@id\":\"https:\/\/nghiepxuan.com\/vi\/product\/mo-khoa-la-ngot-cua-xoai-tuoi\/#primaryimage\"},\"image\":{\"@id\":\"https:\/\/nghiepxuan.com\/vi\/product\/mo-khoa-la-ngot-cua-xoai-tuoi\/#primaryimage\"},\"thumbnailUrl\":\"https:\/\/nghiepxuan.com\/wp-content\/uploads\/2023\/10\/tu-vu-be-9-tuoi-suyt-chet-vi-an-xoai-chuyen-gia-canh-bao-khong-an-xoai-neu-co-dau-hieu-sau.jpg\",\"datePublished\":\"2023-10-23T02:34:57+00:00\",\"dateModified\":\"2025-03-29T10:01:03+00:00\",\"breadcrumb\":{\"@id\":\"https:\/\/nghiepxuan.com\/vi\/product\/mo-khoa-la-ngot-cua-xoai-tuoi\/#breadcrumb\"},\"inLanguage\":\"vi-VN\",\"potentialAction\":[{\"@type\":\"ReadAction\",\"target\":[\"https:\/\/nghiepxuan.com\/vi\/product\/mo-khoa-la-ngot-cua-xoai-tuoi\/\"]}]},{\"@type\":\"ImageObject\",\"inLanguage\":\"vi-VN\",\"@id\":\"https:\/\/nghiepxuan.com\/vi\/product\/mo-khoa-la-ngot-cua-xoai-tuoi\/#primaryimage\",\"url\":\"https:\/\/nghiepxuan.com\/wp-content\/uploads\/2023\/10\/tu-vu-be-9-tuoi-suyt-chet-vi-an-xoai-chuyen-gia-canh-bao-khong-an-xoai-neu-co-dau-hieu-sau.jpg\",\"contentUrl\":\"https:\/\/nghiepxuan.com\/wp-content\/uploads\/2023\/10\/tu-vu-be-9-tuoi-suyt-chet-vi-an-xoai-chuyen-gia-canh-bao-khong-an-xoai-neu-co-dau-hieu-sau.jpg\",\"width\":660,\"height\":477},{\"@type\":\"BreadcrumbList\",\"@id\":\"https:\/\/nghiepxuan.com\/vi\/product\/mo-khoa-la-ngot-cua-xoai-tuoi\/#breadcrumb\",\"itemListElement\":[{\"@type\":\"ListItem\",\"position\":1,\"name\":\"Home\",\"item\":\"https:\/\/nghiepxuan.com\/vi\/\"},{\"@type\":\"ListItem\",\"position\":2,\"name\":\"C\u1eeda h\u00e0ng\",\"item\":\"https:\/\/nghiepxuan.com\/vi\/shop\/\"},{\"@type\":\"ListItem\",\"position\":3,\"name\":\"M\u1edf kh\u00f3a v\u1ecb ng\u1ecdt k\u1ef3 l\u1ea1 c\u1ee7a xo\u00e0i t\u01b0\u01a1i\"}]},{\"@type\":\"WebSite\",\"@id\":\"https:\/\/nghiepxuan.com\/vi\/#website\",\"url\":\"https:\/\/nghiepxuan.com\/vi\/\",\"name\":\"Nghiep Xuan - Agricultural Import and Export\",\"description\":\"Nu\u00f4i d\u01b0\u1ee1ng thi\u00ean nhi\u00ean, thu ho\u1ea1ch s\u1ee9c kh\u1ecfe: \u0110i\u1ec3m \u0111\u1ebfn l\u1ed1i s\u1ed1ng h\u1eefu c\u01a1 c\u1ee7a b\u1ea1n\",\"publisher\":{\"@id\":\"https:\/\/nghiepxuan.com\/vi\/#organization\"},\"potentialAction\":[{\"@type\":\"SearchAction\",\"target\":{\"@type\":\"EntryPoint\",\"urlTemplate\":\"https:\/\/nghiepxuan.com\/vi\/?s={search_term_string}\"},\"query-input\":{\"@type\":\"PropertyValueSpecification\",\"valueRequired\":true,\"valueName\":\"search_term_string\"}}],\"inLanguage\":\"vi-VN\"},{\"@type\":\"Organization\",\"@id\":\"https:\/\/nghiepxuan.com\/vi\/#organization\",\"name\":\"Nghiep Xuan - Agricultural Import and Export\",\"url\":\"https:\/\/nghiepxuan.com\/vi\/\",\"logo\":{\"@type\":\"ImageObject\",\"inLanguage\":\"vi-VN\",\"@id\":\"https:\/\/nghiepxuan.com\/vi\/#\/schema\/logo\/image\/\",\"url\":\"https:\/\/nghiepxuan.com\/wp-content\/uploads\/2025\/04\/Nghiep-Xuan-Logo-4.png\",\"contentUrl\":\"https:\/\/nghiepxuan.com\/wp-content\/uploads\/2025\/04\/Nghiep-Xuan-Logo-4.png\",\"width\":4167,\"height\":1015,\"caption\":\"Nghiep Xuan - Agricultural Import and Export\"},\"image\":{\"@id\":\"https:\/\/nghiepxuan.com\/vi\/#\/schema\/logo\/image\/\"},\"sameAs\":[\"https:\/\/www.facebook.com\/nongsannghiepxuan\/\",\"https:\/\/x.com\/PhuTonBui\",\"https:\/\/www.instagram.com\/xuatnhapkhaunghiepxuan\/\",\"https:\/\/www.youtube.com\/@nongsannghiepxuan2066\",\"https:\/\/www.tiktok.com\/@nghiepxuan\"]}]}<\/script>\n<!-- \/ Yoast SEO plugin. -->","yoast_head_json":{"title":"M\u1edf kh\u00f3a v\u1ecb ng\u1ecdt k\u1ef3 l\u1ea1 c\u1ee7a xo\u00e0i t\u01b0\u01a1i - Nghi\u1ec7p Xu\u00e2n - Xu\u1ea5t Nh\u1eadp Kh\u1ea9u N\u00f4ng S\u1ea3n","robots":{"index":"index","follow":"follow","max-snippet":"max-snippet:-1","max-image-preview":"max-image-preview:large","max-video-preview":"max-video-preview:-1"},"canonical":"https:\/\/nghiepxuan.com\/vi\/product\/mo-khoa-la-ngot-cua-xoai-tuoi\/","og_locale":"vi_VN","og_type":"article","og_title":"M\u1edf kh\u00f3a v\u1ecb ng\u1ecdt k\u1ef3 l\u1ea1 c\u1ee7a xo\u00e0i t\u01b0\u01a1i - Nghi\u1ec7p Xu\u00e2n - Xu\u1ea5t Nh\u1eadp Kh\u1ea9u N\u00f4ng S\u1ea3n","og_description":"\u0110\u1eafm m\u00ecnh trong thi\u00ean \u0111\u01b0\u1eddng nhi\u1ec7t \u0111\u1edbi v\u1edbi xo\u00e0i m\u1ecdng n\u01b0\u1edbc c\u1ee7a ch\u00fang t\u00f4i. B\u00f9ng n\u1ed5 v\u1edbi v\u1ecb ng\u1ecdt v\u00e0 ngon ng\u1ecdt, xo\u00e0i c\u1ee7a ch\u00fang t\u00f4i \u0111\u01b0\u1ee3c ch\u1ecdn l\u1ecdc c\u1ea9n th\u1eadn \u1edf \u0111\u1ed9 ch\u00edn cao nh\u1ea5t \u0111\u1ec3 \u0111\u1ea3m b\u1ea3o h\u01b0\u01a1ng v\u1ecb ch\u01b0a t\u1eebng c\u00f3. Th\u01b0\u1edfng th\u1ee9c ch\u00fang t\u01b0\u01a1i, tr\u1ed9n ch\u00fang v\u00e0o sinh t\u1ed1, ho\u1eb7c th\u00eam m\u1ed9t ch\u00fat nhi\u1ec7t \u0111\u1edbi v\u00e0o m\u00f3n salad c\u1ee7a b\u1ea1n. M\u1ed7i mi\u1ebfng c\u1eafn l\u00e0 m\u1ed9t h\u01b0\u01a1ng v\u1ecb c\u1ee7a \u00e1nh n\u1eafng m\u1eb7t tr\u1eddi, l\u00e0m cho xo\u00e0i c\u1ee7a ch\u00fang t\u00f4i tr\u1edf th\u00e0nh ni\u1ec1m \u0111am m\u00ea ho\u00e0n h\u1ea3o cho c\u00e1c gi\u00e1c quan c\u1ee7a b\u1ea1n.","og_url":"https:\/\/nghiepxuan.com\/vi\/product\/mo-khoa-la-ngot-cua-xoai-tuoi\/","og_site_name":"Nghi\u1ec7p Xu\u00e2n - Xu\u1ea5t Nh\u1eadp Kh\u1ea9u N\u00f4ng S\u1ea3n","article_publisher":"https:\/\/www.facebook.com\/nongsannghiepxuan\/","article_modified_time":"2025-03-29T10:01:03+00:00","og_image":[{"width":660,"height":477,"url":"https:\/\/nghiepxuan.com\/wp-content\/uploads\/2023\/10\/tu-vu-be-9-tuoi-suyt-chet-vi-an-xoai-chuyen-gia-canh-bao-khong-an-xoai-neu-co-dau-hieu-sau.jpg","type":"image\/jpeg"}],"twitter_card":"summary_large_image","twitter_site":"@PhuTonBui","twitter_misc":{"Est. reading time":"3 minutes"},"schema":{"@context":"https:\/\/schema.org","@graph":[{"@type":"WebPage","@id":"https:\/\/nghiepxuan.com\/vi\/product\/mo-khoa-la-ngot-cua-xoai-tuoi\/","url":"https:\/\/nghiepxuan.com\/vi\/product\/mo-khoa-la-ngot-cua-xoai-tuoi\/","name":"M\u1edf kh\u00f3a v\u1ecb ng\u1ecdt k\u1ef3 l\u1ea1 c\u1ee7a xo\u00e0i t\u01b0\u01a1i - Nghi\u1ec7p Xu\u00e2n - Xu\u1ea5t Nh\u1eadp Kh\u1ea9u N\u00f4ng S\u1ea3n","isPartOf":{"@id":"https:\/\/nghiepxuan.com\/vi\/#website"},"primaryImageOfPage":{"@id":"https:\/\/nghiepxuan.com\/vi\/product\/mo-khoa-la-ngot-cua-xoai-tuoi\/#primaryimage"},"image":{"@id":"https:\/\/nghiepxuan.com\/vi\/product\/mo-khoa-la-ngot-cua-xoai-tuoi\/#primaryimage"},"thumbnailUrl":"https:\/\/nghiepxuan.com\/wp-content\/uploads\/2023\/10\/tu-vu-be-9-tuoi-suyt-chet-vi-an-xoai-chuyen-gia-canh-bao-khong-an-xoai-neu-co-dau-hieu-sau.jpg","datePublished":"2023-10-23T02:34:57+00:00","dateModified":"2025-03-29T10:01:03+00:00","breadcrumb":{"@id":"https:\/\/nghiepxuan.com\/vi\/product\/mo-khoa-la-ngot-cua-xoai-tuoi\/#breadcrumb"},"inLanguage":"vi-VN","potentialAction":[{"@type":"ReadAction","target":["https:\/\/nghiepxuan.com\/vi\/product\/mo-khoa-la-ngot-cua-xoai-tuoi\/"]}]},{"@type":"ImageObject","inLanguage":"vi-VN","@id":"https:\/\/nghiepxuan.com\/vi\/product\/mo-khoa-la-ngot-cua-xoai-tuoi\/#primaryimage","url":"https:\/\/nghiepxuan.com\/wp-content\/uploads\/2023\/10\/tu-vu-be-9-tuoi-suyt-chet-vi-an-xoai-chuyen-gia-canh-bao-khong-an-xoai-neu-co-dau-hieu-sau.jpg","contentUrl":"https:\/\/nghiepxuan.com\/wp-content\/uploads\/2023\/10\/tu-vu-be-9-tuoi-suyt-chet-vi-an-xoai-chuyen-gia-canh-bao-khong-an-xoai-neu-co-dau-hieu-sau.jpg","width":660,"height":477},{"@type":"BreadcrumbList","@id":"https:\/\/nghiepxuan.com\/vi\/product\/mo-khoa-la-ngot-cua-xoai-tuoi\/#breadcrumb","itemListElement":[{"@type":"ListItem","position":1,"name":"Home","item":"https:\/\/nghiepxuan.com\/vi\/"},{"@type":"ListItem","position":2,"name":"C\u1eeda h\u00e0ng","item":"https:\/\/nghiepxuan.com\/vi\/shop\/"},{"@type":"ListItem","position":3,"name":"M\u1edf kh\u00f3a v\u1ecb ng\u1ecdt k\u1ef3 l\u1ea1 c\u1ee7a xo\u00e0i t\u01b0\u01a1i"}]},{"@type":"WebSite","@id":"https:\/\/nghiepxuan.com\/vi\/#website","url":"https:\/\/nghiepxuan.com\/vi\/","name":"Nghiep Xuan - Agricultural Import and Export","description":"Nu\u00f4i d\u01b0\u1ee1ng thi\u00ean nhi\u00ean, thu ho\u1ea1ch s\u1ee9c kh\u1ecfe: \u0110i\u1ec3m \u0111\u1ebfn l\u1ed1i s\u1ed1ng h\u1eefu c\u01a1 c\u1ee7a b\u1ea1n","publisher":{"@id":"https:\/\/nghiepxuan.com\/vi\/#organization"},"potentialAction":[{"@type":"SearchAction","target":{"@type":"EntryPoint","urlTemplate":"https:\/\/nghiepxuan.com\/vi\/?s={search_term_string}"},"query-input":{"@type":"PropertyValueSpecification","valueRequired":true,"valueName":"search_term_string"}}],"inLanguage":"vi-VN"},{"@type":"Organization","@id":"https:\/\/nghiepxuan.com\/vi\/#organization","name":"Nghiep Xuan - Agricultural Import and Export","url":"https:\/\/nghiepxuan.com\/vi\/","logo":{"@type":"ImageObject","inLanguage":"vi-VN","@id":"https:\/\/nghiepxuan.com\/vi\/#\/schema\/logo\/image\/","url":"https:\/\/nghiepxuan.com\/wp-content\/uploads\/2025\/04\/Nghiep-Xuan-Logo-4.png","contentUrl":"https:\/\/nghiepxuan.com\/wp-content\/uploads\/2025\/04\/Nghiep-Xuan-Logo-4.png","width":4167,"height":1015,"caption":"Nghiep Xuan - Agricultural Import and Export"},"image":{"@id":"https:\/\/nghiepxuan.com\/vi\/#\/schema\/logo\/image\/"},"sameAs":["https:\/\/www.facebook.com\/nongsannghiepxuan\/","https:\/\/x.com\/PhuTonBui","https:\/\/www.instagram.com\/xuatnhapkhaunghiepxuan\/","https:\/\/www.youtube.com\/@nongsannghiepxuan2066","https:\/\/www.tiktok.com\/@nghiepxuan"]}]}},"_links":{"self":[{"href":"https:\/\/nghiepxuan.com\/vi\/wp-json\/wp\/v2\/product\/4947","targetHints":{"allow":["GET"]}}],"collection":[{"href":"https:\/\/nghiepxuan.com\/vi\/wp-json\/wp\/v2\/product"}],"about":[{"href":"https:\/\/nghiepxuan.com\/vi\/wp-json\/wp\/v2\/types\/product"}],"replies":[{"embeddable":true,"href":"https:\/\/nghiepxuan.com\/vi\/wp-json\/wp\/v2\/comments?post=4947"}],"version-history":[{"count":1,"href":"https:\/\/nghiepxuan.com\/vi\/wp-json\/wp\/v2\/product\/4947\/revisions"}],"predecessor-version":[{"id":7016,"href":"https:\/\/nghiepxuan.com\/vi\/wp-json\/wp\/v2\/product\/4947\/revisions\/7016"}],"wp:featuredmedia":[{"embeddable":true,"href":"https:\/\/nghiepxuan.com\/vi\/wp-json\/wp\/v2\/media\/4706"}],"wp:attachment":[{"href":"https:\/\/nghiepxuan.com\/vi\/wp-json\/wp\/v2\/media?parent=4947"}],"wp:term":[{"taxonomy":"product_brand","embeddable":true,"href":"https:\/\/nghiepxuan.com\/vi\/wp-json\/wp\/v2\/product_brand?post=4947"},{"taxonomy":"product_cat","embeddable":true,"href":"https:\/\/nghiepxuan.com\/vi\/wp-json\/wp\/v2\/product_cat?post=4947"},{"taxonomy":"product_tag","embeddable":true,"href":"https:\/\/nghiepxuan.com\/vi\/wp-json\/wp\/v2\/product_tag?post=4947"}],"curies":[{"name":"wp","href":"https:\/\/api.w.org\/{rel}","templated":true}]}}