{"id":4923,"date":"2023-10-23T02:02:58","date_gmt":"2023-10-23T02:02:58","guid":{"rendered":"https:\/\/farm-lang.cdn-pi.com\/product\/them-gia-vi-cho-cuoc-song-cua-ban-voi-cac-san-pham-hat-tieu-chat-luong-cao\/"},"modified":"2023-11-22T02:50:16","modified_gmt":"2023-11-22T02:50:16","slug":"gia-vi-up-your-life-with-premium-quality-pepper-products","status":"publish","type":"product","link":"https:\/\/nghiepxuan.com\/vi\/product\/gia-vi-up-your-life-with-premium-quality-pepper-products\/","title":{"rendered":"Th\u00eam gia v\u1ecb cho cu\u1ed9c s\u1ed1ng c\u1ee7a b\u1ea1n v\u1edbi c\u00e1c s\u1ea3n ph\u1ea9m h\u1ea1t ti\u00eau ch\u1ea5t l\u01b0\u1ee3ng cao"},"content":{"rendered":"<p>Kh\u00e1m ph\u00e1 h\u01b0\u01a1ng v\u1ecb \u0111\u1eadm \u0111\u00e0 c\u1ee7a c\u00e1c s\u1ea3n ph\u1ea9m h\u1ea1t ti\u00eau cao c\u1ea5p c\u1ee7a ch\u00fang t\u00f4i!<\/p>\n<p>T\u1ea1i c\u1eeda h\u00e0ng c\u1ee7a ch\u00fang t\u00f4i, ch\u00fang t\u00f4i t\u1ef1 h\u00e0o cung c\u1ea5p m\u1ed9t lo\u1ea1t c\u00e1c s\u1ea3n ph\u1ea9m h\u1ea1t ti\u00eau ch\u1ea5t l\u01b0\u1ee3ng h\u00e0ng \u0111\u1ea7u l\u00e0m t\u0103ng th\u00eam h\u01b0\u01a1ng v\u1ecb cho nh\u1eefng s\u00e1ng t\u1ea1o \u1ea9m th\u1ef1c c\u1ee7a b\u1ea1n. \u1edat c\u1ee7a ch\u00fang t\u00f4i c\u00f3 ngu\u1ed3n g\u1ed1c t\u1eeb c\u00e1c \u0111\u1ed3n \u0111i\u1ec1n t\u1ed1t nh\u1ea5t, \u0111\u1ea3m b\u1ea3o \u0111\u1ed9 t\u01b0\u01a1i v\u00e0 t\u00ednh x\u00e1c th\u1ef1c trong m\u1ed7i g\u00f3i.<\/p>\n<p>Kh\u00e1m ph\u00e1 c\u00e1c ghi ch\u00fa phong ph\u00fa, th\u01a1m c\u1ee7a h\u1ea1t ti\u00eau \u0111en m\u1edbi xay c\u1ee7a ch\u00fang t\u00f4i, ho\u00e0n h\u1ea3o \u0111\u1ec3 t\u0103ng h\u01b0\u01a1ng v\u1ecb c\u1ee7a s\u00fap, salad v\u00e0 c\u00e1c m\u00f3n \u0103n ch\u00ednh. N\u1ebfu b\u1ea1n th\u00edch m\u1ed9t l\u1ef1a ch\u1ecdn nh\u1eb9 nh\u00e0ng h\u01a1n, h\u1ea1t ti\u00eau tr\u1eafng c\u1ee7a ch\u00fang t\u00f4i cung c\u1ea5p m\u1ed9t s\u1ef1 \u1ea5m \u00e1p tinh t\u1ebf, l\u00fd t\u01b0\u1edfng cho n\u01b0\u1edbc s\u1ed1t kem v\u00e0 c\u00e1c m\u00f3n \u0103n s\u00e1ng m\u00e0u. \u0110\u1ec3 c\u00f3 m\u1ed9t ch\u00fat kh\u00f3i, h\u00e3y th\u1eed h\u1ea1t ti\u00eau hun kh\u00f3i \u0111\u1eb7c s\u1ea3n c\u1ee7a ch\u00fang t\u00f4i, th\u00eam m\u1ed9t ch\u00fat \u0111\u1ed9c \u0111\u00e1o cho th\u1ecbt v\u00e0 rau n\u01b0\u1edbng.<\/p>\n<p>Ch\u00fang t\u00f4i c\u0169ng cung c\u1ea5p c\u00e1c lo\u1ea1i k\u1ef3 l\u1ea1 nh\u01b0 h\u1ea1t ti\u00eau xanh v\u00e0 h\u1ed3ng, m\u1ed7i lo\u1ea1i c\u00f3 c\u1ea5u h\u00ecnh h\u01b0\u01a1ng v\u1ecb \u0111\u1eb7c bi\u1ec7t, cho ph\u00e9p b\u1ea1n th\u1eed nghi\u1ec7m v\u00e0 n\u00e2ng cao c\u00f4ng th\u1ee9c n\u1ea5u \u0103n c\u1ee7a m\u00ecnh. C\u00e1c s\u1ea3n ph\u1ea9m h\u1ea1t ti\u00eau c\u1ee7a ch\u00fang t\u00f4i \u0111\u01b0\u1ee3c ch\u1ebf bi\u1ebfn c\u1ea9n th\u1eadn \u0111\u1ec3 b\u1ea3o qu\u1ea3n d\u1ea7u v\u00e0 h\u01b0\u01a1ng v\u1ecb t\u1ef1 nhi\u00ean c\u1ee7a ch\u00fang, \u0111\u1ea3m b\u1ea3o b\u1ea1n c\u00f3 \u0111\u01b0\u1ee3c ch\u1ea5t l\u01b0\u1ee3ng t\u1ed1t nh\u1ea5t c\u00f3 th\u1ec3.<\/p>\n<p>Ngo\u00e0i ti\u00eau nguy\u00ean h\u1ea1t v\u00e0 h\u1ea1t ti\u00eau xay, ch\u00fang t\u00f4i cung c\u1ea5p h\u1ed7n h\u1ee3p h\u1ea1t ti\u00eau ti\u1ec7n l\u1ee3i, \u0111\u01b0\u1ee3c ch\u1ebf t\u00e1c chuy\u00ean nghi\u1ec7p \u0111\u1ec3 t\u0103ng c\u01b0\u1eddng c\u00e1c m\u00f3n \u0103n c\u1ee5 th\u1ec3. T\u1eeb \u1edbt chanh zesty cho nh\u1eefng ng\u01b0\u1eddi y\u00eau th\u00edch h\u1ea3i s\u1ea3n \u0111\u1ebfn ti\u00eau b\u00edt t\u1ebft m\u1ea1nh m\u1ebd cho nh\u1eefng ng\u01b0\u1eddi \u0111am m\u00ea th\u1ecbt, h\u1ed7n h\u1ee3p c\u1ee7a ch\u00fang t\u00f4i \u0111\u01b0\u1ee3c thi\u1ebft k\u1ebf \u0111\u1ec3 ph\u1ee5c v\u1ee5 cho nhi\u1ec1u kh\u1ea9u v\u1ecb kh\u00e1c nhau.<\/p>\n<p>C\u00e1c s\u1ea3n ph\u1ea9m h\u1ea1t ti\u00eau c\u1ee7a ch\u00fang t\u00f4i kh\u00f4ng ch\u1ec9 th\u00eam chi\u1ec1u s\u00e2u cho c\u00e1c m\u00f3n \u0103n c\u1ee7a b\u1ea1n m\u00e0 c\u00f2n \u0111i k\u00e8m v\u1edbi nhi\u1ec1u l\u1ee3i \u00edch s\u1ee9c kh\u1ecfe. H\u1ea1t ti\u00eau \u0111\u01b0\u1ee3c bi\u1ebft \u0111\u1ebfn v\u1edbi \u0111\u1eb7c t\u00ednh ch\u1ed1ng oxy h\u00f3a v\u00e0 kh\u1ea3 n\u0103ng c\u1ea3i thi\u1ec7n ti\u00eau h\u00f3a, l\u00e0m cho n\u00f3 tr\u1edf th\u00e0nh m\u1ed9t y\u1ebfu t\u1ed1 ch\u00ednh trong ch\u1ebf \u0111\u1ed9 \u0103n u\u1ed1ng l\u00e0nh m\u1ea1nh.<\/p>\n<p>N\u1eafm b\u1eaft th\u1ebf gi\u1edbi \u1ea9m th\u1ef1c c\u1ee7a h\u01b0\u01a1ng v\u1ecb v\u1edbi c\u00e1c s\u1ea3n ph\u1ea9m h\u1ea1t ti\u00eau cao c\u1ea5p c\u1ee7a ch\u00fang t\u00f4i. N\u00e2ng t\u1ea7m n\u1ea5u \u0103n c\u1ee7a b\u1ea1n l\u00ean m\u1ed9t t\u1ea7m cao m\u1edbi v\u1edbi tinh ch\u1ea5t \u0111\u1eadm \u0111\u00e0 v\u00e0 th\u01a1m c\u1ee7a \u1edbt c\u1ee7a ch\u00fang t\u00f4i. Gh\u00e9 th\u0103m c\u1eeda h\u00e0ng c\u1ee7a ch\u00fang t\u00f4i ngay h\u00f4m nay v\u00e0 th\u00eam gia v\u1ecb cho b\u1eefa \u0103n c\u1ee7a b\u1ea1n v\u1edbi \u1edbt ch\u1ea5t l\u01b0\u1ee3ng t\u1ed1t nh\u1ea5t, mang l\u1ea1i m\u1ed9t th\u1ebf gi\u1edbi h\u01b0\u01a1ng v\u1ecb cho b\u00e0n \u0103n c\u1ee7a b\u1ea1n.<\/p>\n","protected":false},"excerpt":{"rendered":"<p>N\u00e2ng cao m\u00f3n \u0103n c\u1ee7a b\u1ea1n v\u1edbi l\u1ef1a ch\u1ecdn h\u1ea1t ti\u00eau cao c\u1ea5p c\u1ee7a ch\u00fang t\u00f4i. T\u1eeb s\u1ee9c n\u00f3ng m\u1ea1nh m\u1ebd c\u1ee7a h\u1ea1t ti\u00eau \u0111en \u0111\u1ebfn s\u1ef1 \u1ea5m \u00e1p tinh t\u1ebf c\u1ee7a h\u1ea1t ti\u00eau tr\u1eafng, c\u00e1c s\u1ea3n ph\u1ea9m ch\u1ea5t l\u01b0\u1ee3ng cao c\u1ee7a ch\u00fang t\u00f4i th\u00eam chi\u1ec1u s\u00e2u v\u00e0 h\u01b0\u01a1ng v\u1ecb cho m\u1ed7i b\u1eefa \u0103n. V\u1edbi ngu\u1ed3n g\u1ed1c t\u01b0\u01a1i ngon v\u00e0 \u0111\u01b0\u1ee3c ch\u1ebf bi\u1ebfn chuy\u00ean nghi\u1ec7p, \u1edbt c\u1ee7a ch\u00fang t\u00f4i \u0111\u1ea3m b\u1ea3o tr\u1ea3i nghi\u1ec7m \u1ea9m th\u1ef1c k\u00edch th\u00edch v\u1ecb gi\u00e1c. N\u00e2ng t\u1ea7m n\u1ea5u \u0103n c\u1ee7a b\u1ea1n m\u1ed9t c\u00e1ch d\u1ec5 d\u00e0ng v\u1edbi d\u00f2ng s\u1ea3n ph\u1ea9m h\u1ea1t ti\u00eau h\u00e0ng \u0111\u1ea7u c\u1ee7a ch\u00fang t\u00f4i &#8211; th\u00e0nh ph\u1ea7n b\u00ed m\u1eadt cho nh\u1eefng b\u1eefa \u0103n th\u1ef1c s\u1ef1 ngon mi\u1ec7ng.<\/p>\n","protected":false},"featured_media":4631,"comment_status":"open","ping_status":"closed","template":"","meta":{"content-type":""},"product_brand":[],"product_cat":[151],"product_tag":[],"class_list":{"0":"post-4923","1":"product","2":"type-product","3":"status-publish","4":"has-post-thumbnail","6":"product_cat-cafe-cashew-nuts-pepper-vi","8":"first","9":"instock","10":"shipping-taxable","11":"purchasable","12":"product-type-variable","13":"has-default-attributes"},"yoast_head":"<!-- This site is optimized with the Yoast SEO plugin v26.9 - https:\/\/yoast.com\/product\/yoast-seo-wordpress\/ -->\n<title>Th\u00eam gia v\u1ecb cho cu\u1ed9c s\u1ed1ng c\u1ee7a b\u1ea1n v\u1edbi c\u00e1c s\u1ea3n ph\u1ea9m h\u1ea1t ti\u00eau ch\u1ea5t l\u01b0\u1ee3ng cao - Nghi\u1ec7p Xu\u00e2n - Xu\u1ea5t Nh\u1eadp Kh\u1ea9u N\u00f4ng S\u1ea3n<\/title>\n<meta name=\"robots\" content=\"index, follow, max-snippet:-1, max-image-preview:large, max-video-preview:-1\" \/>\n<link rel=\"canonical\" href=\"https:\/\/nghiepxuan.com\/vi\/product\/gia-vi-up-your-life-with-premium-quality-pepper-products\/\" \/>\n<meta property=\"og:locale\" content=\"vi_VN\" \/>\n<meta property=\"og:type\" content=\"article\" \/>\n<meta property=\"og:title\" content=\"Th\u00eam gia v\u1ecb cho cu\u1ed9c s\u1ed1ng c\u1ee7a b\u1ea1n v\u1edbi c\u00e1c s\u1ea3n ph\u1ea9m h\u1ea1t ti\u00eau ch\u1ea5t l\u01b0\u1ee3ng cao - Nghi\u1ec7p Xu\u00e2n - Xu\u1ea5t Nh\u1eadp Kh\u1ea9u N\u00f4ng S\u1ea3n\" \/>\n<meta property=\"og:description\" content=\"N\u00e2ng cao m\u00f3n \u0103n c\u1ee7a b\u1ea1n v\u1edbi l\u1ef1a ch\u1ecdn h\u1ea1t ti\u00eau cao c\u1ea5p c\u1ee7a ch\u00fang t\u00f4i. T\u1eeb s\u1ee9c n\u00f3ng m\u1ea1nh m\u1ebd c\u1ee7a h\u1ea1t ti\u00eau \u0111en \u0111\u1ebfn s\u1ef1 \u1ea5m \u00e1p tinh t\u1ebf c\u1ee7a h\u1ea1t ti\u00eau tr\u1eafng, c\u00e1c s\u1ea3n ph\u1ea9m ch\u1ea5t l\u01b0\u1ee3ng cao c\u1ee7a ch\u00fang t\u00f4i th\u00eam chi\u1ec1u s\u00e2u v\u00e0 h\u01b0\u01a1ng v\u1ecb cho m\u1ed7i b\u1eefa \u0103n. V\u1edbi ngu\u1ed3n g\u1ed1c t\u01b0\u01a1i ngon v\u00e0 \u0111\u01b0\u1ee3c ch\u1ebf bi\u1ebfn chuy\u00ean nghi\u1ec7p, \u1edbt c\u1ee7a ch\u00fang t\u00f4i \u0111\u1ea3m b\u1ea3o tr\u1ea3i nghi\u1ec7m \u1ea9m th\u1ef1c k\u00edch th\u00edch v\u1ecb gi\u00e1c. N\u00e2ng t\u1ea7m n\u1ea5u \u0103n c\u1ee7a b\u1ea1n m\u1ed9t c\u00e1ch d\u1ec5 d\u00e0ng v\u1edbi d\u00f2ng s\u1ea3n ph\u1ea9m h\u1ea1t ti\u00eau h\u00e0ng \u0111\u1ea7u c\u1ee7a ch\u00fang t\u00f4i - th\u00e0nh ph\u1ea7n b\u00ed m\u1eadt cho nh\u1eefng b\u1eefa \u0103n th\u1ef1c s\u1ef1 ngon mi\u1ec7ng.\" \/>\n<meta property=\"og:url\" content=\"https:\/\/nghiepxuan.com\/vi\/product\/gia-vi-up-your-life-with-premium-quality-pepper-products\/\" \/>\n<meta property=\"og:site_name\" content=\"Nghi\u1ec7p Xu\u00e2n - Xu\u1ea5t Nh\u1eadp Kh\u1ea9u N\u00f4ng S\u1ea3n\" \/>\n<meta property=\"article:publisher\" content=\"https:\/\/www.facebook.com\/nongsannghiepxuan\/\" \/>\n<meta property=\"article:modified_time\" content=\"2023-11-22T02:50:16+00:00\" \/>\n<meta property=\"og:image\" content=\"https:\/\/nghiepxuan.com\/wp-content\/uploads\/2023\/10\/51c4744a-a6d5-4461-98f4-48c299409cd3.jpg\" \/>\n\t<meta property=\"og:image:width\" content=\"620\" \/>\n\t<meta property=\"og:image:height\" content=\"349\" \/>\n\t<meta property=\"og:image:type\" content=\"image\/jpeg\" \/>\n<meta name=\"twitter:card\" content=\"summary_large_image\" \/>\n<meta name=\"twitter:site\" content=\"@PhuTonBui\" \/>\n<meta name=\"twitter:label1\" content=\"Est. reading time\" \/>\n\t<meta name=\"twitter:data1\" content=\"4 minutes\" \/>\n<script type=\"application\/ld+json\" class=\"yoast-schema-graph\">{\"@context\":\"https:\/\/schema.org\",\"@graph\":[{\"@type\":\"WebPage\",\"@id\":\"https:\/\/nghiepxuan.com\/vi\/product\/gia-vi-up-your-life-with-premium-quality-pepper-products\/\",\"url\":\"https:\/\/nghiepxuan.com\/vi\/product\/gia-vi-up-your-life-with-premium-quality-pepper-products\/\",\"name\":\"Th\u00eam gia v\u1ecb cho cu\u1ed9c s\u1ed1ng c\u1ee7a b\u1ea1n v\u1edbi c\u00e1c s\u1ea3n ph\u1ea9m h\u1ea1t ti\u00eau ch\u1ea5t l\u01b0\u1ee3ng cao - Nghi\u1ec7p Xu\u00e2n - Xu\u1ea5t Nh\u1eadp Kh\u1ea9u N\u00f4ng S\u1ea3n\",\"isPartOf\":{\"@id\":\"https:\/\/nghiepxuan.com\/vi\/#website\"},\"primaryImageOfPage\":{\"@id\":\"https:\/\/nghiepxuan.com\/vi\/product\/gia-vi-up-your-life-with-premium-quality-pepper-products\/#primaryimage\"},\"image\":{\"@id\":\"https:\/\/nghiepxuan.com\/vi\/product\/gia-vi-up-your-life-with-premium-quality-pepper-products\/#primaryimage\"},\"thumbnailUrl\":\"https:\/\/nghiepxuan.com\/wp-content\/uploads\/2023\/10\/51c4744a-a6d5-4461-98f4-48c299409cd3.jpg\",\"datePublished\":\"2023-10-23T02:02:58+00:00\",\"dateModified\":\"2023-11-22T02:50:16+00:00\",\"breadcrumb\":{\"@id\":\"https:\/\/nghiepxuan.com\/vi\/product\/gia-vi-up-your-life-with-premium-quality-pepper-products\/#breadcrumb\"},\"inLanguage\":\"vi-VN\",\"potentialAction\":[{\"@type\":\"ReadAction\",\"target\":[\"https:\/\/nghiepxuan.com\/vi\/product\/gia-vi-up-your-life-with-premium-quality-pepper-products\/\"]}]},{\"@type\":\"ImageObject\",\"inLanguage\":\"vi-VN\",\"@id\":\"https:\/\/nghiepxuan.com\/vi\/product\/gia-vi-up-your-life-with-premium-quality-pepper-products\/#primaryimage\",\"url\":\"https:\/\/nghiepxuan.com\/wp-content\/uploads\/2023\/10\/51c4744a-a6d5-4461-98f4-48c299409cd3.jpg\",\"contentUrl\":\"https:\/\/nghiepxuan.com\/wp-content\/uploads\/2023\/10\/51c4744a-a6d5-4461-98f4-48c299409cd3.jpg\",\"width\":620,\"height\":349},{\"@type\":\"BreadcrumbList\",\"@id\":\"https:\/\/nghiepxuan.com\/vi\/product\/gia-vi-up-your-life-with-premium-quality-pepper-products\/#breadcrumb\",\"itemListElement\":[{\"@type\":\"ListItem\",\"position\":1,\"name\":\"Home\",\"item\":\"https:\/\/nghiepxuan.com\/vi\/\"},{\"@type\":\"ListItem\",\"position\":2,\"name\":\"C\u1eeda h\u00e0ng\",\"item\":\"https:\/\/nghiepxuan.com\/vi\/shop\/\"},{\"@type\":\"ListItem\",\"position\":3,\"name\":\"Th\u00eam gia v\u1ecb cho cu\u1ed9c s\u1ed1ng c\u1ee7a b\u1ea1n v\u1edbi c\u00e1c s\u1ea3n ph\u1ea9m h\u1ea1t ti\u00eau ch\u1ea5t l\u01b0\u1ee3ng cao\"}]},{\"@type\":\"WebSite\",\"@id\":\"https:\/\/nghiepxuan.com\/vi\/#website\",\"url\":\"https:\/\/nghiepxuan.com\/vi\/\",\"name\":\"Nghiep Xuan - Agricultural Import and Export\",\"description\":\"Nu\u00f4i d\u01b0\u1ee1ng thi\u00ean nhi\u00ean, thu ho\u1ea1ch s\u1ee9c kh\u1ecfe: \u0110i\u1ec3m \u0111\u1ebfn l\u1ed1i s\u1ed1ng h\u1eefu c\u01a1 c\u1ee7a b\u1ea1n\",\"publisher\":{\"@id\":\"https:\/\/nghiepxuan.com\/vi\/#organization\"},\"potentialAction\":[{\"@type\":\"SearchAction\",\"target\":{\"@type\":\"EntryPoint\",\"urlTemplate\":\"https:\/\/nghiepxuan.com\/vi\/?s={search_term_string}\"},\"query-input\":{\"@type\":\"PropertyValueSpecification\",\"valueRequired\":true,\"valueName\":\"search_term_string\"}}],\"inLanguage\":\"vi-VN\"},{\"@type\":\"Organization\",\"@id\":\"https:\/\/nghiepxuan.com\/vi\/#organization\",\"name\":\"Nghiep Xuan - Agricultural Import and Export\",\"url\":\"https:\/\/nghiepxuan.com\/vi\/\",\"logo\":{\"@type\":\"ImageObject\",\"inLanguage\":\"vi-VN\",\"@id\":\"https:\/\/nghiepxuan.com\/vi\/#\/schema\/logo\/image\/\",\"url\":\"https:\/\/nghiepxuan.com\/wp-content\/uploads\/2025\/04\/Nghiep-Xuan-Logo-4.png\",\"contentUrl\":\"https:\/\/nghiepxuan.com\/wp-content\/uploads\/2025\/04\/Nghiep-Xuan-Logo-4.png\",\"width\":4167,\"height\":1015,\"caption\":\"Nghiep Xuan - Agricultural Import and Export\"},\"image\":{\"@id\":\"https:\/\/nghiepxuan.com\/vi\/#\/schema\/logo\/image\/\"},\"sameAs\":[\"https:\/\/www.facebook.com\/nongsannghiepxuan\/\",\"https:\/\/x.com\/PhuTonBui\",\"https:\/\/www.instagram.com\/xuatnhapkhaunghiepxuan\/\",\"https:\/\/www.youtube.com\/@nongsannghiepxuan2066\",\"https:\/\/www.tiktok.com\/@nghiepxuan\"]}]}<\/script>\n<!-- \/ Yoast SEO plugin. -->","yoast_head_json":{"title":"Th\u00eam gia v\u1ecb cho cu\u1ed9c s\u1ed1ng c\u1ee7a b\u1ea1n v\u1edbi c\u00e1c s\u1ea3n ph\u1ea9m h\u1ea1t ti\u00eau ch\u1ea5t l\u01b0\u1ee3ng cao - Nghi\u1ec7p Xu\u00e2n - Xu\u1ea5t Nh\u1eadp Kh\u1ea9u N\u00f4ng S\u1ea3n","robots":{"index":"index","follow":"follow","max-snippet":"max-snippet:-1","max-image-preview":"max-image-preview:large","max-video-preview":"max-video-preview:-1"},"canonical":"https:\/\/nghiepxuan.com\/vi\/product\/gia-vi-up-your-life-with-premium-quality-pepper-products\/","og_locale":"vi_VN","og_type":"article","og_title":"Th\u00eam gia v\u1ecb cho cu\u1ed9c s\u1ed1ng c\u1ee7a b\u1ea1n v\u1edbi c\u00e1c s\u1ea3n ph\u1ea9m h\u1ea1t ti\u00eau ch\u1ea5t l\u01b0\u1ee3ng cao - Nghi\u1ec7p Xu\u00e2n - Xu\u1ea5t Nh\u1eadp Kh\u1ea9u N\u00f4ng S\u1ea3n","og_description":"N\u00e2ng cao m\u00f3n \u0103n c\u1ee7a b\u1ea1n v\u1edbi l\u1ef1a ch\u1ecdn h\u1ea1t ti\u00eau cao c\u1ea5p c\u1ee7a ch\u00fang t\u00f4i. T\u1eeb s\u1ee9c n\u00f3ng m\u1ea1nh m\u1ebd c\u1ee7a h\u1ea1t ti\u00eau \u0111en \u0111\u1ebfn s\u1ef1 \u1ea5m \u00e1p tinh t\u1ebf c\u1ee7a h\u1ea1t ti\u00eau tr\u1eafng, c\u00e1c s\u1ea3n ph\u1ea9m ch\u1ea5t l\u01b0\u1ee3ng cao c\u1ee7a ch\u00fang t\u00f4i th\u00eam chi\u1ec1u s\u00e2u v\u00e0 h\u01b0\u01a1ng v\u1ecb cho m\u1ed7i b\u1eefa \u0103n. V\u1edbi ngu\u1ed3n g\u1ed1c t\u01b0\u01a1i ngon v\u00e0 \u0111\u01b0\u1ee3c ch\u1ebf bi\u1ebfn chuy\u00ean nghi\u1ec7p, \u1edbt c\u1ee7a ch\u00fang t\u00f4i \u0111\u1ea3m b\u1ea3o tr\u1ea3i nghi\u1ec7m \u1ea9m th\u1ef1c k\u00edch th\u00edch v\u1ecb gi\u00e1c. N\u00e2ng t\u1ea7m n\u1ea5u \u0103n c\u1ee7a b\u1ea1n m\u1ed9t c\u00e1ch d\u1ec5 d\u00e0ng v\u1edbi d\u00f2ng s\u1ea3n ph\u1ea9m h\u1ea1t ti\u00eau h\u00e0ng \u0111\u1ea7u c\u1ee7a ch\u00fang t\u00f4i - th\u00e0nh ph\u1ea7n b\u00ed m\u1eadt cho nh\u1eefng b\u1eefa \u0103n th\u1ef1c s\u1ef1 ngon mi\u1ec7ng.","og_url":"https:\/\/nghiepxuan.com\/vi\/product\/gia-vi-up-your-life-with-premium-quality-pepper-products\/","og_site_name":"Nghi\u1ec7p Xu\u00e2n - Xu\u1ea5t Nh\u1eadp Kh\u1ea9u N\u00f4ng S\u1ea3n","article_publisher":"https:\/\/www.facebook.com\/nongsannghiepxuan\/","article_modified_time":"2023-11-22T02:50:16+00:00","og_image":[{"width":620,"height":349,"url":"https:\/\/nghiepxuan.com\/wp-content\/uploads\/2023\/10\/51c4744a-a6d5-4461-98f4-48c299409cd3.jpg","type":"image\/jpeg"}],"twitter_card":"summary_large_image","twitter_site":"@PhuTonBui","twitter_misc":{"Est. reading time":"4 minutes"},"schema":{"@context":"https:\/\/schema.org","@graph":[{"@type":"WebPage","@id":"https:\/\/nghiepxuan.com\/vi\/product\/gia-vi-up-your-life-with-premium-quality-pepper-products\/","url":"https:\/\/nghiepxuan.com\/vi\/product\/gia-vi-up-your-life-with-premium-quality-pepper-products\/","name":"Th\u00eam gia v\u1ecb cho cu\u1ed9c s\u1ed1ng c\u1ee7a b\u1ea1n v\u1edbi c\u00e1c s\u1ea3n ph\u1ea9m h\u1ea1t ti\u00eau ch\u1ea5t l\u01b0\u1ee3ng cao - Nghi\u1ec7p Xu\u00e2n - Xu\u1ea5t Nh\u1eadp Kh\u1ea9u N\u00f4ng S\u1ea3n","isPartOf":{"@id":"https:\/\/nghiepxuan.com\/vi\/#website"},"primaryImageOfPage":{"@id":"https:\/\/nghiepxuan.com\/vi\/product\/gia-vi-up-your-life-with-premium-quality-pepper-products\/#primaryimage"},"image":{"@id":"https:\/\/nghiepxuan.com\/vi\/product\/gia-vi-up-your-life-with-premium-quality-pepper-products\/#primaryimage"},"thumbnailUrl":"https:\/\/nghiepxuan.com\/wp-content\/uploads\/2023\/10\/51c4744a-a6d5-4461-98f4-48c299409cd3.jpg","datePublished":"2023-10-23T02:02:58+00:00","dateModified":"2023-11-22T02:50:16+00:00","breadcrumb":{"@id":"https:\/\/nghiepxuan.com\/vi\/product\/gia-vi-up-your-life-with-premium-quality-pepper-products\/#breadcrumb"},"inLanguage":"vi-VN","potentialAction":[{"@type":"ReadAction","target":["https:\/\/nghiepxuan.com\/vi\/product\/gia-vi-up-your-life-with-premium-quality-pepper-products\/"]}]},{"@type":"ImageObject","inLanguage":"vi-VN","@id":"https:\/\/nghiepxuan.com\/vi\/product\/gia-vi-up-your-life-with-premium-quality-pepper-products\/#primaryimage","url":"https:\/\/nghiepxuan.com\/wp-content\/uploads\/2023\/10\/51c4744a-a6d5-4461-98f4-48c299409cd3.jpg","contentUrl":"https:\/\/nghiepxuan.com\/wp-content\/uploads\/2023\/10\/51c4744a-a6d5-4461-98f4-48c299409cd3.jpg","width":620,"height":349},{"@type":"BreadcrumbList","@id":"https:\/\/nghiepxuan.com\/vi\/product\/gia-vi-up-your-life-with-premium-quality-pepper-products\/#breadcrumb","itemListElement":[{"@type":"ListItem","position":1,"name":"Home","item":"https:\/\/nghiepxuan.com\/vi\/"},{"@type":"ListItem","position":2,"name":"C\u1eeda h\u00e0ng","item":"https:\/\/nghiepxuan.com\/vi\/shop\/"},{"@type":"ListItem","position":3,"name":"Th\u00eam gia v\u1ecb cho cu\u1ed9c s\u1ed1ng c\u1ee7a b\u1ea1n v\u1edbi c\u00e1c s\u1ea3n ph\u1ea9m h\u1ea1t ti\u00eau ch\u1ea5t l\u01b0\u1ee3ng cao"}]},{"@type":"WebSite","@id":"https:\/\/nghiepxuan.com\/vi\/#website","url":"https:\/\/nghiepxuan.com\/vi\/","name":"Nghiep Xuan - Agricultural Import and Export","description":"Nu\u00f4i d\u01b0\u1ee1ng thi\u00ean nhi\u00ean, thu ho\u1ea1ch s\u1ee9c kh\u1ecfe: \u0110i\u1ec3m \u0111\u1ebfn l\u1ed1i s\u1ed1ng h\u1eefu c\u01a1 c\u1ee7a b\u1ea1n","publisher":{"@id":"https:\/\/nghiepxuan.com\/vi\/#organization"},"potentialAction":[{"@type":"SearchAction","target":{"@type":"EntryPoint","urlTemplate":"https:\/\/nghiepxuan.com\/vi\/?s={search_term_string}"},"query-input":{"@type":"PropertyValueSpecification","valueRequired":true,"valueName":"search_term_string"}}],"inLanguage":"vi-VN"},{"@type":"Organization","@id":"https:\/\/nghiepxuan.com\/vi\/#organization","name":"Nghiep Xuan - Agricultural Import and Export","url":"https:\/\/nghiepxuan.com\/vi\/","logo":{"@type":"ImageObject","inLanguage":"vi-VN","@id":"https:\/\/nghiepxuan.com\/vi\/#\/schema\/logo\/image\/","url":"https:\/\/nghiepxuan.com\/wp-content\/uploads\/2025\/04\/Nghiep-Xuan-Logo-4.png","contentUrl":"https:\/\/nghiepxuan.com\/wp-content\/uploads\/2025\/04\/Nghiep-Xuan-Logo-4.png","width":4167,"height":1015,"caption":"Nghiep Xuan - Agricultural Import and Export"},"image":{"@id":"https:\/\/nghiepxuan.com\/vi\/#\/schema\/logo\/image\/"},"sameAs":["https:\/\/www.facebook.com\/nongsannghiepxuan\/","https:\/\/x.com\/PhuTonBui","https:\/\/www.instagram.com\/xuatnhapkhaunghiepxuan\/","https:\/\/www.youtube.com\/@nongsannghiepxuan2066","https:\/\/www.tiktok.com\/@nghiepxuan"]}]}},"_links":{"self":[{"href":"https:\/\/nghiepxuan.com\/vi\/wp-json\/wp\/v2\/product\/4923","targetHints":{"allow":["GET"]}}],"collection":[{"href":"https:\/\/nghiepxuan.com\/vi\/wp-json\/wp\/v2\/product"}],"about":[{"href":"https:\/\/nghiepxuan.com\/vi\/wp-json\/wp\/v2\/types\/product"}],"replies":[{"embeddable":true,"href":"https:\/\/nghiepxuan.com\/vi\/wp-json\/wp\/v2\/comments?post=4923"}],"version-history":[{"count":1,"href":"https:\/\/nghiepxuan.com\/vi\/wp-json\/wp\/v2\/product\/4923\/revisions"}],"predecessor-version":[{"id":6502,"href":"https:\/\/nghiepxuan.com\/vi\/wp-json\/wp\/v2\/product\/4923\/revisions\/6502"}],"wp:featuredmedia":[{"embeddable":true,"href":"https:\/\/nghiepxuan.com\/vi\/wp-json\/wp\/v2\/media\/4631"}],"wp:attachment":[{"href":"https:\/\/nghiepxuan.com\/vi\/wp-json\/wp\/v2\/media?parent=4923"}],"wp:term":[{"taxonomy":"product_brand","embeddable":true,"href":"https:\/\/nghiepxuan.com\/vi\/wp-json\/wp\/v2\/product_brand?post=4923"},{"taxonomy":"product_cat","embeddable":true,"href":"https:\/\/nghiepxuan.com\/vi\/wp-json\/wp\/v2\/product_cat?post=4923"},{"taxonomy":"product_tag","embeddable":true,"href":"https:\/\/nghiepxuan.com\/vi\/wp-json\/wp\/v2\/product_tag?post=4923"}],"curies":[{"name":"wp","href":"https:\/\/api.w.org\/{rel}","templated":true}]}}