{"id":4893,"date":"2023-10-23T01:47:24","date_gmt":"2023-10-23T01:47:24","guid":{"rendered":"https:\/\/farm-lang.cdn-pi.com\/product\/kham-pha-huong-vi-thu-vi-cua-hat-dieu\/"},"modified":"2023-11-22T02:49:38","modified_gmt":"2023-11-22T02:49:38","slug":"kham-pha-huong-vi-thu-vi-cua-hat-dieu","status":"publish","type":"product","link":"https:\/\/nghiepxuan.com\/vi\/product\/kham-pha-huong-vi-thu-vi-cua-hat-dieu\/","title":{"rendered":"Kh\u00e1m ph\u00e1 h\u01b0\u01a1ng v\u1ecb th\u00fa v\u1ecb c\u1ee7a h\u1ea1t \u0111i\u1ec1u"},"content":{"rendered":"<p>Th\u01b0\u1edfng th\u1ee9c s\u1ef1 ho\u00e0n h\u1ea3o gi\u00f2n tan c\u1ee7a h\u1ea1t \u0111i\u1ec1u!<\/p>\n<p>Th\u1ecfa m\u00e3n v\u1ecb gi\u00e1c c\u1ee7a b\u1ea1n v\u1edbi h\u1ea1t \u0111i\u1ec1u cao c\u1ea5p c\u1ee7a ch\u00fang t\u00f4i, kho b\u00e1u gi\u00f2n c\u1ee7a thi\u00ean nhi\u00ean \u0111\u01b0\u1ee3c \u0111\u00f3ng g\u00f3i v\u1edbi s\u1ef1 t\u1ed1t l\u00e0nh l\u00e0nh m\u1ea1nh. C\u00f3 ngu\u1ed3n g\u1ed1c t\u1eeb nh\u1eefng v\u01b0\u1eddn \u0111i\u1ec1u t\u1ed1t nh\u1ea5t, c\u00e1c lo\u1ea1i h\u1ea1t c\u1ee7a ch\u00fang t\u00f4i \u0111\u01b0\u1ee3c l\u1ef1a ch\u1ecdn c\u1ea9n th\u1eadn \u0111\u1ec3 \u0111\u1ea3m b\u1ea3o ch\u1ea5t l\u01b0\u1ee3ng h\u00e0ng \u0111\u1ea7u v\u00e0 h\u01b0\u01a1ng v\u1ecb kh\u00f3 c\u01b0\u1ee1ng.<\/p>\n<p>H\u1ea1t \u0111i\u1ec1u kh\u00f4ng ch\u1ec9 ngon m\u00e0 c\u00f2n mang l\u1ea1i r\u1ea5t nhi\u1ec1u l\u1ee3i \u00edch cho s\u1ee9c kh\u1ecfe. \u0110\u01b0\u1ee3c \u0111\u00f3ng g\u00f3i v\u1edbi c\u00e1c ch\u1ea5t dinh d\u01b0\u1ee1ng thi\u1ebft y\u1ebfu, ch\u00fang l\u00e0 m\u1ed9t ngu\u1ed3n gi\u00e0u protein, ch\u1ea5t b\u00e9o l\u00e0nh m\u1ea1nh v\u00e0 ch\u1ea5t ch\u1ed1ng oxy h\u00f3a, th\u00fac \u0111\u1ea9y s\u1ee9c kh\u1ecfe tim m\u1ea1ch v\u00e0 t\u0103ng c\u01b0\u1eddng kh\u1ea3 n\u0103ng mi\u1ec5n d\u1ecbch t\u1ed5ng th\u1ec3. K\u1ebft c\u1ea5u kem v\u00e0 h\u01b0\u01a1ng v\u1ecb b\u01a1 nh\u1eb9 c\u1ee7a ch\u00fang l\u00e0m cho ch\u00fang tr\u1edf th\u00e0nh m\u1ed9t th\u00e0nh ph\u1ea7n linh ho\u1ea1t, ho\u00e0n h\u1ea3o \u0111\u1ec3 \u0103n v\u1eb7t, n\u01b0\u1edbng ho\u1eb7c th\u00eam \u0111\u1ed9 gi\u00f2n th\u00fa v\u1ecb v\u00e0o c\u00e1c m\u00f3n \u0103n y\u00eau th\u00edch c\u1ee7a b\u1ea1n.<\/p>\n<p>T\u1ea1i c\u1eeda h\u00e0ng c\u1ee7a ch\u00fang t\u00f4i, b\u1ea1n s\u1ebd t\u00ecm th\u1ea5y r\u1ea5t nhi\u1ec1u s\u1ea3n ph\u1ea9m h\u1ea1t \u0111i\u1ec1u ph\u00f9 h\u1ee3p v\u1edbi c\u01a1n th\u00e8m c\u1ee7a b\u1ea1n. T\u1eeb h\u1ea1t \u0111i\u1ec1u rang v\u00e0 mu\u1ed1i ho\u00e0n h\u1ea3o cho m\u1ed9t m\u00f3n \u0103n m\u1eb7n \u0111\u1ebfn h\u1ea1t \u0111i\u1ec1u tr\u00e1ng men m\u1eadt ong cho nh\u1eefng ng\u01b0\u1eddi c\u00f3 s\u1edf th\u00edch ng\u1ecdt ng\u00e0o, ph\u1ea1m vi c\u1ee7a ch\u00fang t\u00f4i ph\u1ee5c v\u1ee5 cho m\u1ecdi kh\u1ea9u v\u1ecb. Ch\u00fang t\u00f4i c\u0169ng cung c\u1ea5p h\u1ea1t \u0111i\u1ec1u t\u1ef1 nhi\u00ean, kh\u00f4ng \u01b0\u1edbp mu\u1ed1i cho nh\u1eefng ng\u01b0\u1eddi t\u00ecm ki\u1ebfm m\u1ed9t l\u1ef1a ch\u1ecdn \u0103n nh\u1eb9 l\u00e0nh m\u1ea1nh, kh\u00f4ng c\u00f3 c\u1ea3m gi\u00e1c t\u1ed9i l\u1ed7i.<\/p>\n<p>Cho d\u00f9 b\u1ea1n \u0111ang t\u1ed5 ch\u1ee9c m\u1ed9t cu\u1ed9c t\u1ee5 h\u1ecdp, chu\u1ea9n b\u1ecb m\u1ed9t b\u1eefa \u0103n ngon hay ch\u1ec9 \u0111\u01a1n gi\u1ea3n l\u00e0 t\u00ecm ki\u1ebfm m\u1ed9t b\u1eefa \u0103n nh\u1eb9 l\u00e0nh m\u1ea1nh, h\u1ea1t \u0111i\u1ec1u cao c\u1ea5p c\u1ee7a ch\u00fang t\u00f4i l\u00e0 s\u1ef1 l\u1ef1a ch\u1ecdn l\u00fd t\u01b0\u1edfng. Tr\u1ea3i nghi\u1ec7m \u0111\u1ed9 gi\u00f2n th\u1ecfa m\u00e3n v\u00e0 h\u01b0\u01a1ng v\u1ecb phong ph\u00fa c\u1ee7a h\u1ea1t \u0111i\u1ec1u c\u1ee7a ch\u00fang t\u00f4i, v\u00e0 n\u00e2ng tr\u1ea3i nghi\u1ec7m \u0103n v\u1eb7t c\u1ee7a b\u1ea1n l\u00ean m\u1ed9t c\u1ea5p \u0111\u1ed9 ho\u00e0n to\u00e0n m\u1edbi.<\/p>\n<p>H\u00e3y t\u1ef1 th\u01b0\u1edfng cho m\u00ecnh nh\u1eefng h\u1ea1t \u0111i\u1ec1u ngon nh\u1ea5t hi\u1ec7n nay. Gh\u00e9 th\u0103m c\u1eeda h\u00e0ng c\u1ee7a ch\u00fang t\u00f4i v\u00e0 b\u1eaft tay v\u00e0o m\u1ed9t h\u00e0nh tr\u00ecnh \u1ea9m th\u1ef1c tr\u00e0n ng\u1eadp s\u1ef1 ho\u00e0n h\u1ea3o gi\u00f2n tan c\u1ee7a h\u1ea1t \u0111i\u1ec1u. V\u1ecb gi\u00e1c c\u1ee7a b\u1ea1n x\u1ee9ng \u0111\u00e1ng kh\u00f4ng c\u00f3 g\u00ec ngo\u00e0i nh\u1eefng g\u00ec t\u1ed1t nh\u1ea5t!<\/p>\n","protected":false},"excerpt":{"rendered":"<p>Kh\u00e1m ph\u00e1 h\u01b0\u01a1ng v\u1ecb kh\u00f3 c\u01b0\u1ee1ng c\u1ee7a h\u1ea1t \u0111i\u1ec1u c\u1ee7a ch\u00fang t\u00f4i \u2013 m\u1ed9t m\u00f3n \u0103n nh\u1eb9 ngon mi\u1ec7ng v\u00e0 l\u00e0nh m\u1ea1nh th\u1ecfa m\u00e3n c\u01a1n th\u00e8m c\u1ee7a b\u1ea1n. Nh\u1eefng kho b\u00e1u kem, gi\u00f2n n\u00e0y l\u00e0 m\u00f3n \u0103n ho\u00e0n h\u1ea3o khi di chuy\u1ec3n. \u0110\u01b0\u1ee3c \u0111\u00f3ng g\u00f3i v\u1edbi ch\u1ea5t b\u00e9o l\u00e0nh m\u1ea1nh v\u00e0 c\u00e1c ch\u1ea5t dinh d\u01b0\u1ee1ng thi\u1ebft y\u1ebfu, ch\u00fang l\u00e0 m\u1ed9t ni\u1ec1m \u0111am m\u00ea kh\u00f4ng c\u00f3 c\u1ea3m gi\u00e1c t\u1ed9i l\u1ed7i \u0111\u1ec3 t\u0103ng c\u01b0\u1eddng n\u0103ng l\u01b0\u1ee3ng v\u00e0 h\u01b0\u01a1ng v\u1ecb. N\u00e2ng t\u1ea7m m\u00f3n \u0103n v\u1eb7t c\u1ee7a b\u1ea1n v\u1edbi h\u1ea1t \u0111i\u1ec1u cao c\u1ea5p c\u1ee7a ch\u00fang t\u00f4i v\u00e0 tr\u1ea3i nghi\u1ec7m s\u1ef1 c\u00e2n b\u1eb1ng ho\u00e0n h\u1ea3o gi\u1eefa kem v\u00e0 gi\u00f2n trong t\u1eebng mi\u1ebfng c\u1eafn<\/p>\n","protected":false},"featured_media":4619,"comment_status":"open","ping_status":"closed","template":"","meta":{"content-type":""},"product_brand":[],"product_cat":[151],"product_tag":[],"class_list":{"0":"post-4893","1":"product","2":"type-product","3":"status-publish","4":"has-post-thumbnail","6":"product_cat-cafe-cashew-nuts-pepper-vi","8":"first","9":"instock","10":"shipping-taxable","11":"purchasable","12":"product-type-variable","13":"has-default-attributes"},"yoast_head":"<!-- This site is optimized with the Yoast SEO plugin v26.9 - https:\/\/yoast.com\/product\/yoast-seo-wordpress\/ -->\n<title>Kh\u00e1m ph\u00e1 h\u01b0\u01a1ng v\u1ecb th\u00fa v\u1ecb c\u1ee7a h\u1ea1t \u0111i\u1ec1u - Nghi\u1ec7p Xu\u00e2n - Xu\u1ea5t Nh\u1eadp Kh\u1ea9u N\u00f4ng S\u1ea3n<\/title>\n<meta name=\"robots\" content=\"index, follow, max-snippet:-1, max-image-preview:large, max-video-preview:-1\" \/>\n<link rel=\"canonical\" href=\"https:\/\/nghiepxuan.com\/vi\/product\/kham-pha-huong-vi-thu-vi-cua-hat-dieu\/\" \/>\n<meta property=\"og:locale\" content=\"vi_VN\" \/>\n<meta property=\"og:type\" content=\"article\" \/>\n<meta property=\"og:title\" content=\"Kh\u00e1m ph\u00e1 h\u01b0\u01a1ng v\u1ecb th\u00fa v\u1ecb c\u1ee7a h\u1ea1t \u0111i\u1ec1u - Nghi\u1ec7p Xu\u00e2n - Xu\u1ea5t Nh\u1eadp Kh\u1ea9u N\u00f4ng S\u1ea3n\" \/>\n<meta property=\"og:description\" content=\"Kh\u00e1m ph\u00e1 h\u01b0\u01a1ng v\u1ecb kh\u00f3 c\u01b0\u1ee1ng c\u1ee7a h\u1ea1t \u0111i\u1ec1u c\u1ee7a ch\u00fang t\u00f4i \u2013 m\u1ed9t m\u00f3n \u0103n nh\u1eb9 ngon mi\u1ec7ng v\u00e0 l\u00e0nh m\u1ea1nh th\u1ecfa m\u00e3n c\u01a1n th\u00e8m c\u1ee7a b\u1ea1n. Nh\u1eefng kho b\u00e1u kem, gi\u00f2n n\u00e0y l\u00e0 m\u00f3n \u0103n ho\u00e0n h\u1ea3o khi di chuy\u1ec3n. \u0110\u01b0\u1ee3c \u0111\u00f3ng g\u00f3i v\u1edbi ch\u1ea5t b\u00e9o l\u00e0nh m\u1ea1nh v\u00e0 c\u00e1c ch\u1ea5t dinh d\u01b0\u1ee1ng thi\u1ebft y\u1ebfu, ch\u00fang l\u00e0 m\u1ed9t ni\u1ec1m \u0111am m\u00ea kh\u00f4ng c\u00f3 c\u1ea3m gi\u00e1c t\u1ed9i l\u1ed7i \u0111\u1ec3 t\u0103ng c\u01b0\u1eddng n\u0103ng l\u01b0\u1ee3ng v\u00e0 h\u01b0\u01a1ng v\u1ecb. N\u00e2ng t\u1ea7m m\u00f3n \u0103n v\u1eb7t c\u1ee7a b\u1ea1n v\u1edbi h\u1ea1t \u0111i\u1ec1u cao c\u1ea5p c\u1ee7a ch\u00fang t\u00f4i v\u00e0 tr\u1ea3i nghi\u1ec7m s\u1ef1 c\u00e2n b\u1eb1ng ho\u00e0n h\u1ea3o gi\u1eefa kem v\u00e0 gi\u00f2n trong t\u1eebng mi\u1ebfng c\u1eafn\" \/>\n<meta property=\"og:url\" content=\"https:\/\/nghiepxuan.com\/vi\/product\/kham-pha-huong-vi-thu-vi-cua-hat-dieu\/\" \/>\n<meta property=\"og:site_name\" content=\"Nghi\u1ec7p Xu\u00e2n - Xu\u1ea5t Nh\u1eadp Kh\u1ea9u N\u00f4ng S\u1ea3n\" \/>\n<meta property=\"article:publisher\" content=\"https:\/\/www.facebook.com\/nongsannghiepxuan\/\" \/>\n<meta property=\"article:modified_time\" content=\"2023-11-22T02:49:38+00:00\" \/>\n<meta property=\"og:image\" content=\"https:\/\/nghiepxuan.com\/wp-content\/uploads\/2023\/10\/hat-dieu-tho-duoc-tach-vo-nhu-the-nao-nezqz.jpg\" \/>\n\t<meta property=\"og:image:width\" content=\"700\" \/>\n\t<meta property=\"og:image:height\" content=\"500\" \/>\n\t<meta property=\"og:image:type\" content=\"image\/jpeg\" \/>\n<meta name=\"twitter:card\" content=\"summary_large_image\" \/>\n<meta name=\"twitter:site\" content=\"@PhuTonBui\" \/>\n<meta name=\"twitter:label1\" content=\"Est. reading time\" \/>\n\t<meta name=\"twitter:data1\" content=\"3 minutes\" \/>\n<script type=\"application\/ld+json\" class=\"yoast-schema-graph\">{\"@context\":\"https:\/\/schema.org\",\"@graph\":[{\"@type\":\"WebPage\",\"@id\":\"https:\/\/nghiepxuan.com\/vi\/product\/kham-pha-huong-vi-thu-vi-cua-hat-dieu\/\",\"url\":\"https:\/\/nghiepxuan.com\/vi\/product\/kham-pha-huong-vi-thu-vi-cua-hat-dieu\/\",\"name\":\"Kh\u00e1m ph\u00e1 h\u01b0\u01a1ng v\u1ecb th\u00fa v\u1ecb c\u1ee7a h\u1ea1t \u0111i\u1ec1u - Nghi\u1ec7p Xu\u00e2n - Xu\u1ea5t Nh\u1eadp Kh\u1ea9u N\u00f4ng S\u1ea3n\",\"isPartOf\":{\"@id\":\"https:\/\/nghiepxuan.com\/vi\/#website\"},\"primaryImageOfPage\":{\"@id\":\"https:\/\/nghiepxuan.com\/vi\/product\/kham-pha-huong-vi-thu-vi-cua-hat-dieu\/#primaryimage\"},\"image\":{\"@id\":\"https:\/\/nghiepxuan.com\/vi\/product\/kham-pha-huong-vi-thu-vi-cua-hat-dieu\/#primaryimage\"},\"thumbnailUrl\":\"https:\/\/nghiepxuan.com\/wp-content\/uploads\/2023\/10\/hat-dieu-tho-duoc-tach-vo-nhu-the-nao-nezqz.jpg\",\"datePublished\":\"2023-10-23T01:47:24+00:00\",\"dateModified\":\"2023-11-22T02:49:38+00:00\",\"breadcrumb\":{\"@id\":\"https:\/\/nghiepxuan.com\/vi\/product\/kham-pha-huong-vi-thu-vi-cua-hat-dieu\/#breadcrumb\"},\"inLanguage\":\"vi-VN\",\"potentialAction\":[{\"@type\":\"ReadAction\",\"target\":[\"https:\/\/nghiepxuan.com\/vi\/product\/kham-pha-huong-vi-thu-vi-cua-hat-dieu\/\"]}]},{\"@type\":\"ImageObject\",\"inLanguage\":\"vi-VN\",\"@id\":\"https:\/\/nghiepxuan.com\/vi\/product\/kham-pha-huong-vi-thu-vi-cua-hat-dieu\/#primaryimage\",\"url\":\"https:\/\/nghiepxuan.com\/wp-content\/uploads\/2023\/10\/hat-dieu-tho-duoc-tach-vo-nhu-the-nao-nezqz.jpg\",\"contentUrl\":\"https:\/\/nghiepxuan.com\/wp-content\/uploads\/2023\/10\/hat-dieu-tho-duoc-tach-vo-nhu-the-nao-nezqz.jpg\",\"width\":700,\"height\":500},{\"@type\":\"BreadcrumbList\",\"@id\":\"https:\/\/nghiepxuan.com\/vi\/product\/kham-pha-huong-vi-thu-vi-cua-hat-dieu\/#breadcrumb\",\"itemListElement\":[{\"@type\":\"ListItem\",\"position\":1,\"name\":\"Home\",\"item\":\"https:\/\/nghiepxuan.com\/vi\/\"},{\"@type\":\"ListItem\",\"position\":2,\"name\":\"C\u1eeda h\u00e0ng\",\"item\":\"https:\/\/nghiepxuan.com\/vi\/shop\/\"},{\"@type\":\"ListItem\",\"position\":3,\"name\":\"Kh\u00e1m ph\u00e1 h\u01b0\u01a1ng v\u1ecb th\u00fa v\u1ecb c\u1ee7a h\u1ea1t \u0111i\u1ec1u\"}]},{\"@type\":\"WebSite\",\"@id\":\"https:\/\/nghiepxuan.com\/vi\/#website\",\"url\":\"https:\/\/nghiepxuan.com\/vi\/\",\"name\":\"Nghiep Xuan - Agricultural Import and Export\",\"description\":\"Nu\u00f4i d\u01b0\u1ee1ng thi\u00ean nhi\u00ean, thu ho\u1ea1ch s\u1ee9c kh\u1ecfe: \u0110i\u1ec3m \u0111\u1ebfn l\u1ed1i s\u1ed1ng h\u1eefu c\u01a1 c\u1ee7a b\u1ea1n\",\"publisher\":{\"@id\":\"https:\/\/nghiepxuan.com\/vi\/#organization\"},\"potentialAction\":[{\"@type\":\"SearchAction\",\"target\":{\"@type\":\"EntryPoint\",\"urlTemplate\":\"https:\/\/nghiepxuan.com\/vi\/?s={search_term_string}\"},\"query-input\":{\"@type\":\"PropertyValueSpecification\",\"valueRequired\":true,\"valueName\":\"search_term_string\"}}],\"inLanguage\":\"vi-VN\"},{\"@type\":\"Organization\",\"@id\":\"https:\/\/nghiepxuan.com\/vi\/#organization\",\"name\":\"Nghiep Xuan - Agricultural Import and Export\",\"url\":\"https:\/\/nghiepxuan.com\/vi\/\",\"logo\":{\"@type\":\"ImageObject\",\"inLanguage\":\"vi-VN\",\"@id\":\"https:\/\/nghiepxuan.com\/vi\/#\/schema\/logo\/image\/\",\"url\":\"https:\/\/nghiepxuan.com\/wp-content\/uploads\/2025\/04\/Nghiep-Xuan-Logo-4.png\",\"contentUrl\":\"https:\/\/nghiepxuan.com\/wp-content\/uploads\/2025\/04\/Nghiep-Xuan-Logo-4.png\",\"width\":4167,\"height\":1015,\"caption\":\"Nghiep Xuan - Agricultural Import and Export\"},\"image\":{\"@id\":\"https:\/\/nghiepxuan.com\/vi\/#\/schema\/logo\/image\/\"},\"sameAs\":[\"https:\/\/www.facebook.com\/nongsannghiepxuan\/\",\"https:\/\/x.com\/PhuTonBui\",\"https:\/\/www.instagram.com\/xuatnhapkhaunghiepxuan\/\",\"https:\/\/www.youtube.com\/@nongsannghiepxuan2066\",\"https:\/\/www.tiktok.com\/@nghiepxuan\"]}]}<\/script>\n<!-- \/ Yoast SEO plugin. -->","yoast_head_json":{"title":"Kh\u00e1m ph\u00e1 h\u01b0\u01a1ng v\u1ecb th\u00fa v\u1ecb c\u1ee7a h\u1ea1t \u0111i\u1ec1u - Nghi\u1ec7p Xu\u00e2n - Xu\u1ea5t Nh\u1eadp Kh\u1ea9u N\u00f4ng S\u1ea3n","robots":{"index":"index","follow":"follow","max-snippet":"max-snippet:-1","max-image-preview":"max-image-preview:large","max-video-preview":"max-video-preview:-1"},"canonical":"https:\/\/nghiepxuan.com\/vi\/product\/kham-pha-huong-vi-thu-vi-cua-hat-dieu\/","og_locale":"vi_VN","og_type":"article","og_title":"Kh\u00e1m ph\u00e1 h\u01b0\u01a1ng v\u1ecb th\u00fa v\u1ecb c\u1ee7a h\u1ea1t \u0111i\u1ec1u - Nghi\u1ec7p Xu\u00e2n - Xu\u1ea5t Nh\u1eadp Kh\u1ea9u N\u00f4ng S\u1ea3n","og_description":"Kh\u00e1m ph\u00e1 h\u01b0\u01a1ng v\u1ecb kh\u00f3 c\u01b0\u1ee1ng c\u1ee7a h\u1ea1t \u0111i\u1ec1u c\u1ee7a ch\u00fang t\u00f4i \u2013 m\u1ed9t m\u00f3n \u0103n nh\u1eb9 ngon mi\u1ec7ng v\u00e0 l\u00e0nh m\u1ea1nh th\u1ecfa m\u00e3n c\u01a1n th\u00e8m c\u1ee7a b\u1ea1n. Nh\u1eefng kho b\u00e1u kem, gi\u00f2n n\u00e0y l\u00e0 m\u00f3n \u0103n ho\u00e0n h\u1ea3o khi di chuy\u1ec3n. \u0110\u01b0\u1ee3c \u0111\u00f3ng g\u00f3i v\u1edbi ch\u1ea5t b\u00e9o l\u00e0nh m\u1ea1nh v\u00e0 c\u00e1c ch\u1ea5t dinh d\u01b0\u1ee1ng thi\u1ebft y\u1ebfu, ch\u00fang l\u00e0 m\u1ed9t ni\u1ec1m \u0111am m\u00ea kh\u00f4ng c\u00f3 c\u1ea3m gi\u00e1c t\u1ed9i l\u1ed7i \u0111\u1ec3 t\u0103ng c\u01b0\u1eddng n\u0103ng l\u01b0\u1ee3ng v\u00e0 h\u01b0\u01a1ng v\u1ecb. N\u00e2ng t\u1ea7m m\u00f3n \u0103n v\u1eb7t c\u1ee7a b\u1ea1n v\u1edbi h\u1ea1t \u0111i\u1ec1u cao c\u1ea5p c\u1ee7a ch\u00fang t\u00f4i v\u00e0 tr\u1ea3i nghi\u1ec7m s\u1ef1 c\u00e2n b\u1eb1ng ho\u00e0n h\u1ea3o gi\u1eefa kem v\u00e0 gi\u00f2n trong t\u1eebng mi\u1ebfng c\u1eafn","og_url":"https:\/\/nghiepxuan.com\/vi\/product\/kham-pha-huong-vi-thu-vi-cua-hat-dieu\/","og_site_name":"Nghi\u1ec7p Xu\u00e2n - Xu\u1ea5t Nh\u1eadp Kh\u1ea9u N\u00f4ng S\u1ea3n","article_publisher":"https:\/\/www.facebook.com\/nongsannghiepxuan\/","article_modified_time":"2023-11-22T02:49:38+00:00","og_image":[{"width":700,"height":500,"url":"https:\/\/nghiepxuan.com\/wp-content\/uploads\/2023\/10\/hat-dieu-tho-duoc-tach-vo-nhu-the-nao-nezqz.jpg","type":"image\/jpeg"}],"twitter_card":"summary_large_image","twitter_site":"@PhuTonBui","twitter_misc":{"Est. reading time":"3 minutes"},"schema":{"@context":"https:\/\/schema.org","@graph":[{"@type":"WebPage","@id":"https:\/\/nghiepxuan.com\/vi\/product\/kham-pha-huong-vi-thu-vi-cua-hat-dieu\/","url":"https:\/\/nghiepxuan.com\/vi\/product\/kham-pha-huong-vi-thu-vi-cua-hat-dieu\/","name":"Kh\u00e1m ph\u00e1 h\u01b0\u01a1ng v\u1ecb th\u00fa v\u1ecb c\u1ee7a h\u1ea1t \u0111i\u1ec1u - Nghi\u1ec7p Xu\u00e2n - Xu\u1ea5t Nh\u1eadp Kh\u1ea9u N\u00f4ng S\u1ea3n","isPartOf":{"@id":"https:\/\/nghiepxuan.com\/vi\/#website"},"primaryImageOfPage":{"@id":"https:\/\/nghiepxuan.com\/vi\/product\/kham-pha-huong-vi-thu-vi-cua-hat-dieu\/#primaryimage"},"image":{"@id":"https:\/\/nghiepxuan.com\/vi\/product\/kham-pha-huong-vi-thu-vi-cua-hat-dieu\/#primaryimage"},"thumbnailUrl":"https:\/\/nghiepxuan.com\/wp-content\/uploads\/2023\/10\/hat-dieu-tho-duoc-tach-vo-nhu-the-nao-nezqz.jpg","datePublished":"2023-10-23T01:47:24+00:00","dateModified":"2023-11-22T02:49:38+00:00","breadcrumb":{"@id":"https:\/\/nghiepxuan.com\/vi\/product\/kham-pha-huong-vi-thu-vi-cua-hat-dieu\/#breadcrumb"},"inLanguage":"vi-VN","potentialAction":[{"@type":"ReadAction","target":["https:\/\/nghiepxuan.com\/vi\/product\/kham-pha-huong-vi-thu-vi-cua-hat-dieu\/"]}]},{"@type":"ImageObject","inLanguage":"vi-VN","@id":"https:\/\/nghiepxuan.com\/vi\/product\/kham-pha-huong-vi-thu-vi-cua-hat-dieu\/#primaryimage","url":"https:\/\/nghiepxuan.com\/wp-content\/uploads\/2023\/10\/hat-dieu-tho-duoc-tach-vo-nhu-the-nao-nezqz.jpg","contentUrl":"https:\/\/nghiepxuan.com\/wp-content\/uploads\/2023\/10\/hat-dieu-tho-duoc-tach-vo-nhu-the-nao-nezqz.jpg","width":700,"height":500},{"@type":"BreadcrumbList","@id":"https:\/\/nghiepxuan.com\/vi\/product\/kham-pha-huong-vi-thu-vi-cua-hat-dieu\/#breadcrumb","itemListElement":[{"@type":"ListItem","position":1,"name":"Home","item":"https:\/\/nghiepxuan.com\/vi\/"},{"@type":"ListItem","position":2,"name":"C\u1eeda h\u00e0ng","item":"https:\/\/nghiepxuan.com\/vi\/shop\/"},{"@type":"ListItem","position":3,"name":"Kh\u00e1m ph\u00e1 h\u01b0\u01a1ng v\u1ecb th\u00fa v\u1ecb c\u1ee7a h\u1ea1t \u0111i\u1ec1u"}]},{"@type":"WebSite","@id":"https:\/\/nghiepxuan.com\/vi\/#website","url":"https:\/\/nghiepxuan.com\/vi\/","name":"Nghiep Xuan - Agricultural Import and Export","description":"Nu\u00f4i d\u01b0\u1ee1ng thi\u00ean nhi\u00ean, thu ho\u1ea1ch s\u1ee9c kh\u1ecfe: \u0110i\u1ec3m \u0111\u1ebfn l\u1ed1i s\u1ed1ng h\u1eefu c\u01a1 c\u1ee7a b\u1ea1n","publisher":{"@id":"https:\/\/nghiepxuan.com\/vi\/#organization"},"potentialAction":[{"@type":"SearchAction","target":{"@type":"EntryPoint","urlTemplate":"https:\/\/nghiepxuan.com\/vi\/?s={search_term_string}"},"query-input":{"@type":"PropertyValueSpecification","valueRequired":true,"valueName":"search_term_string"}}],"inLanguage":"vi-VN"},{"@type":"Organization","@id":"https:\/\/nghiepxuan.com\/vi\/#organization","name":"Nghiep Xuan - Agricultural Import and Export","url":"https:\/\/nghiepxuan.com\/vi\/","logo":{"@type":"ImageObject","inLanguage":"vi-VN","@id":"https:\/\/nghiepxuan.com\/vi\/#\/schema\/logo\/image\/","url":"https:\/\/nghiepxuan.com\/wp-content\/uploads\/2025\/04\/Nghiep-Xuan-Logo-4.png","contentUrl":"https:\/\/nghiepxuan.com\/wp-content\/uploads\/2025\/04\/Nghiep-Xuan-Logo-4.png","width":4167,"height":1015,"caption":"Nghiep Xuan - Agricultural Import and Export"},"image":{"@id":"https:\/\/nghiepxuan.com\/vi\/#\/schema\/logo\/image\/"},"sameAs":["https:\/\/www.facebook.com\/nongsannghiepxuan\/","https:\/\/x.com\/PhuTonBui","https:\/\/www.instagram.com\/xuatnhapkhaunghiepxuan\/","https:\/\/www.youtube.com\/@nongsannghiepxuan2066","https:\/\/www.tiktok.com\/@nghiepxuan"]}]}},"_links":{"self":[{"href":"https:\/\/nghiepxuan.com\/vi\/wp-json\/wp\/v2\/product\/4893","targetHints":{"allow":["GET"]}}],"collection":[{"href":"https:\/\/nghiepxuan.com\/vi\/wp-json\/wp\/v2\/product"}],"about":[{"href":"https:\/\/nghiepxuan.com\/vi\/wp-json\/wp\/v2\/types\/product"}],"replies":[{"embeddable":true,"href":"https:\/\/nghiepxuan.com\/vi\/wp-json\/wp\/v2\/comments?post=4893"}],"version-history":[{"count":2,"href":"https:\/\/nghiepxuan.com\/vi\/wp-json\/wp\/v2\/product\/4893\/revisions"}],"predecessor-version":[{"id":6501,"href":"https:\/\/nghiepxuan.com\/vi\/wp-json\/wp\/v2\/product\/4893\/revisions\/6501"}],"wp:featuredmedia":[{"embeddable":true,"href":"https:\/\/nghiepxuan.com\/vi\/wp-json\/wp\/v2\/media\/4619"}],"wp:attachment":[{"href":"https:\/\/nghiepxuan.com\/vi\/wp-json\/wp\/v2\/media?parent=4893"}],"wp:term":[{"taxonomy":"product_brand","embeddable":true,"href":"https:\/\/nghiepxuan.com\/vi\/wp-json\/wp\/v2\/product_brand?post=4893"},{"taxonomy":"product_cat","embeddable":true,"href":"https:\/\/nghiepxuan.com\/vi\/wp-json\/wp\/v2\/product_cat?post=4893"},{"taxonomy":"product_tag","embeddable":true,"href":"https:\/\/nghiepxuan.com\/vi\/wp-json\/wp\/v2\/product_tag?post=4893"}],"curies":[{"name":"wp","href":"https:\/\/api.w.org\/{rel}","templated":true}]}}