{"id":4869,"date":"2023-10-23T01:36:33","date_gmt":"2023-10-23T01:36:33","guid":{"rendered":"https:\/\/farm-lang.cdn-pi.com\/product\/thuong-thuc-su-thanh-lich-tinh-te-cua-ca-phe-arabica\/"},"modified":"2025-03-29T10:01:16","modified_gmt":"2025-03-29T10:01:16","slug":"thuong-thuc-ca-phe-arabica-tinh-te","status":"publish","type":"product","link":"https:\/\/nghiepxuan.com\/vi\/product\/thuong-thuc-ca-phe-arabica-tinh-te\/","title":{"rendered":"Th\u01b0\u1edfng th\u1ee9c s\u1ef1 thanh l\u1ecbch tinh t\u1ebf c\u1ee7a c\u00e0 ph\u00ea Arabica"},"content":{"rendered":"<p>T\u1ea1i qu\u00e1n c\u00e0 ph\u00ea c\u1ee7a ch\u00fang t\u00f4i, ch\u00fang t\u00f4i mang \u0111\u1ebfn cho b\u1ea1n s\u1ef1 phong ph\u00fa v\u00f4 song c\u1ee7a c\u00e0 ph\u00ea Arabica, n\u1ed5i ti\u1ebfng tr\u00ean to\u00e0n th\u1ebf gi\u1edbi v\u00ec h\u01b0\u01a1ng v\u1ecb \u00eam d\u1ecbu, \u00eam d\u1ecbu v\u00e0 h\u01b0\u01a1ng th\u01a1m h\u1ea5p d\u1eabn. C\u00f3 ngu\u1ed3n g\u1ed1c t\u1eeb c\u00e1c v\u00f9ng cao c\u1ee7a c\u00e1c qu\u1ed1c gia tr\u1ed3ng c\u00e0 ph\u00ea n\u1ed5i ti\u1ebfng, h\u1ea1t Arabica c\u1ee7a ch\u00fang t\u00f4i \u0111\u01b0\u1ee3c l\u1ef1a ch\u1ecdn c\u1ea9n th\u1eadn \u0111\u1ec3 \u0111\u1ea3m b\u1ea3o tr\u1ea3i nghi\u1ec7m c\u00e0 ph\u00ea cao c\u1ea5p v\u00e0 \u0111\u00edch th\u1ef1c.<\/p>\n<p>C\u00e0 ph\u00ea Arabica \u0111\u01b0\u1ee3c \u0111\u1eb7c tr\u01b0ng b\u1edfi t\u00ednh axit tinh t\u1ebf, g\u1ee3i \u00fd th\u00fa v\u1ecb v\u1ec1 v\u1ecb ng\u1ecdt v\u00e0 h\u01b0\u01a1ng v\u1ecb nh\u1eb9 nh\u00e0ng, c\u00e2n b\u1eb1ng. V\u1edbi h\u00e0m l\u01b0\u1ee3ng caffeine th\u1ea5p h\u01a1n so v\u1edbi c\u00e1c gi\u1ed1ng c\u00e0 ph\u00ea kh\u00e1c, Arabica mang \u0111\u1ebfn h\u01b0\u01a1ng v\u1ecb tinh t\u1ebf v\u00e0 tinh t\u1ebf thu h\u00fat nh\u1eefng ng\u01b0\u1eddi y\u00eau th\u00edch c\u00e0 ph\u00ea s\u00e0nh \u0111i\u1ec7u.<\/p>\n<p>C\u00e1c barista chuy\u00ean nghi\u1ec7p c\u1ee7a ch\u00fang t\u00f4i kh\u00e9o l\u00e9o chu\u1ea9n b\u1ecb t\u1eebng c\u1ed1c, mang \u0111\u1ebfn m\u1ed9t k\u1ebft c\u1ea5u m\u1ecbn m\u01b0\u1ee3t nh\u01b0 nhung v\u00e0 s\u1ef1 pha tr\u1ed9n h\u00e0i h\u00f2a c\u1ee7a h\u01b0\u01a1ng v\u1ecb. Cho d\u00f9 b\u1ea1n th\u00edch c\u00e0 ph\u00ea \u0111en c\u1ed5 \u0111i\u1ec3n, c\u00e0 ph\u00ea latte s\u1ee7i b\u1ecdt hay \u0111\u1ed3 u\u1ed1ng l\u1ea5y c\u1ea3m h\u1ee9ng t\u1eeb m\u00f3n tr\u00e1ng mi\u1ec7ng, th\u1ef1c \u0111\u01a1n c\u1ee7a ch\u00fang t\u00f4i cung c\u1ea5p nhi\u1ec1u l\u1ef1a ch\u1ecdn \u0111\u1ed3 u\u1ed1ng d\u1ef1a tr\u00ean Arabica \u0111\u1ec3 ph\u1ee5c v\u1ee5 cho m\u1ecdi s\u1edf th\u00edch.<\/p>\n<p>Th\u01b0\u1edfng th\u1ee9c nh\u1eefng h\u01b0\u01a1ng v\u1ecb th\u00fa v\u1ecb c\u1ee7a c\u00e0 ph\u00ea Arabica, cho d\u00f9 b\u1ea1n \u0111ang t\u00ecm ki\u1ebfm m\u1ed9t kho\u1ea3nh kh\u1eafc th\u01b0 gi\u00e3n hay t\u0103ng c\u01b0\u1eddng n\u0103ng l\u01b0\u1ee3ng. S\u1ef1 sang tr\u1ecdng c\u1ee7a c\u00e0 ph\u00ea Arabica \u0111ang ch\u1edd \u0111\u00f3n b\u1ea1n t\u1ea1i qu\u00e1n c\u00e0 ph\u00ea c\u1ee7a ch\u00fang t\u00f4i, n\u01a1i m\u1ed7i ng\u1ee5m l\u00e0 m\u1ed9t cu\u1ed9c h\u00e0nh tr\u00ecnh v\u00e0o th\u1ebf gi\u1edbi c\u1ee7a s\u1ef1 kh\u00e9o l\u00e9o c\u00e0 ph\u00ea h\u1ea3o h\u1ea1ng.<\/p>\n","protected":false},"excerpt":{"rendered":"<p>Kh\u00e1m ph\u00e1 th\u1ebf gi\u1edbi c\u00e0 ph\u00ea Arabica, n\u01a1i s\u1ef1 thanh l\u1ecbch tinh t\u1ebf k\u1ebft h\u1ee3p v\u1edbi h\u01b0\u01a1ng v\u1ecb \u0111\u1eb7c bi\u1ec7t. H\u1ea1t Arabica \u0111\u01b0\u1ee3c l\u1ef1a ch\u1ecdn c\u1ea9n th\u1eadn c\u1ee7a ch\u00fang t\u00f4i mang l\u1ea1i h\u01b0\u01a1ng v\u1ecb m\u1ecbn m\u00e0ng, \u00eam d\u1ecbu v\u1edbi m\u1ed9t ch\u00fat ng\u1ecdt ng\u00e0o. T\u1eeb c\u00e0 ph\u00ea \u0111en c\u1ed5 \u0111i\u1ec3n \u0111\u1ebfn latte kem, ch\u00fang t\u00f4i cung c\u1ea5p m\u1ed9t lo\u1ea1t c\u00e1c t\u00f9y ch\u1ecdn ph\u00f9 h\u1ee3p v\u1edbi s\u1edf th\u00edch c\u1ee7a b\u1ea1n. N\u00e2ng cao tr\u1ea3i nghi\u1ec7m c\u00e0 ph\u00ea c\u1ee7a b\u1ea1n v\u1edbi nh\u1eefng h\u1ea1t Arabica ngon nh\u1ea5t.<\/p>\n","protected":false},"featured_media":4544,"comment_status":"open","ping_status":"closed","template":"","meta":{"content-type":""},"product_brand":[],"product_cat":[151],"product_tag":[555],"class_list":{"0":"post-4869","1":"product","2":"type-product","3":"status-publish","4":"has-post-thumbnail","6":"product_cat-cafe-cashew-nuts-pepper-vi","7":"product_tag-ca-phe","9":"first","10":"instock","11":"shipping-taxable","12":"purchasable","13":"product-type-variable","14":"has-default-attributes"},"yoast_head":"<!-- This site is optimized with the Yoast SEO plugin v26.9 - https:\/\/yoast.com\/product\/yoast-seo-wordpress\/ -->\n<title>Th\u01b0\u1edfng th\u1ee9c s\u1ef1 thanh l\u1ecbch tinh t\u1ebf c\u1ee7a c\u00e0 ph\u00ea Arabica - Nghi\u1ec7p Xu\u00e2n - Xu\u1ea5t Nh\u1eadp Kh\u1ea9u N\u00f4ng S\u1ea3n<\/title>\n<meta name=\"robots\" content=\"index, follow, max-snippet:-1, max-image-preview:large, max-video-preview:-1\" \/>\n<link rel=\"canonical\" href=\"https:\/\/nghiepxuan.com\/vi\/product\/thuong-thuc-ca-phe-arabica-tinh-te\/\" \/>\n<meta property=\"og:locale\" content=\"vi_VN\" \/>\n<meta property=\"og:type\" content=\"article\" \/>\n<meta property=\"og:title\" content=\"Th\u01b0\u1edfng th\u1ee9c s\u1ef1 thanh l\u1ecbch tinh t\u1ebf c\u1ee7a c\u00e0 ph\u00ea Arabica - Nghi\u1ec7p Xu\u00e2n - Xu\u1ea5t Nh\u1eadp Kh\u1ea9u N\u00f4ng S\u1ea3n\" \/>\n<meta property=\"og:description\" content=\"Kh\u00e1m ph\u00e1 th\u1ebf gi\u1edbi c\u00e0 ph\u00ea Arabica, n\u01a1i s\u1ef1 thanh l\u1ecbch tinh t\u1ebf k\u1ebft h\u1ee3p v\u1edbi h\u01b0\u01a1ng v\u1ecb \u0111\u1eb7c bi\u1ec7t. H\u1ea1t Arabica \u0111\u01b0\u1ee3c l\u1ef1a ch\u1ecdn c\u1ea9n th\u1eadn c\u1ee7a ch\u00fang t\u00f4i mang l\u1ea1i h\u01b0\u01a1ng v\u1ecb m\u1ecbn m\u00e0ng, \u00eam d\u1ecbu v\u1edbi m\u1ed9t ch\u00fat ng\u1ecdt ng\u00e0o. T\u1eeb c\u00e0 ph\u00ea \u0111en c\u1ed5 \u0111i\u1ec3n \u0111\u1ebfn latte kem, ch\u00fang t\u00f4i cung c\u1ea5p m\u1ed9t lo\u1ea1t c\u00e1c t\u00f9y ch\u1ecdn ph\u00f9 h\u1ee3p v\u1edbi s\u1edf th\u00edch c\u1ee7a b\u1ea1n. N\u00e2ng cao tr\u1ea3i nghi\u1ec7m c\u00e0 ph\u00ea c\u1ee7a b\u1ea1n v\u1edbi nh\u1eefng h\u1ea1t Arabica ngon nh\u1ea5t.\" \/>\n<meta property=\"og:url\" content=\"https:\/\/nghiepxuan.com\/vi\/product\/thuong-thuc-ca-phe-arabica-tinh-te\/\" \/>\n<meta property=\"og:site_name\" content=\"Nghi\u1ec7p Xu\u00e2n - Xu\u1ea5t Nh\u1eadp Kh\u1ea9u N\u00f4ng S\u1ea3n\" \/>\n<meta property=\"article:publisher\" content=\"https:\/\/www.facebook.com\/nongsannghiepxuan\/\" \/>\n<meta property=\"article:modified_time\" content=\"2025-03-29T10:01:16+00:00\" \/>\n<meta property=\"og:image\" content=\"https:\/\/nghiepxuan.com\/wp-content\/uploads\/2023\/10\/pngtree-cofee-arabica-texture-corns-photo-image_1134224.jpg\" \/>\n\t<meta property=\"og:image:width\" content=\"960\" \/>\n\t<meta property=\"og:image:height\" content=\"640\" \/>\n\t<meta property=\"og:image:type\" content=\"image\/jpeg\" \/>\n<meta name=\"twitter:card\" content=\"summary_large_image\" \/>\n<meta name=\"twitter:site\" content=\"@PhuTonBui\" \/>\n<meta name=\"twitter:label1\" content=\"Est. reading time\" \/>\n\t<meta name=\"twitter:data1\" content=\"2 minutes\" \/>\n<script type=\"application\/ld+json\" class=\"yoast-schema-graph\">{\"@context\":\"https:\/\/schema.org\",\"@graph\":[{\"@type\":\"WebPage\",\"@id\":\"https:\/\/nghiepxuan.com\/vi\/product\/thuong-thuc-ca-phe-arabica-tinh-te\/\",\"url\":\"https:\/\/nghiepxuan.com\/vi\/product\/thuong-thuc-ca-phe-arabica-tinh-te\/\",\"name\":\"Th\u01b0\u1edfng th\u1ee9c s\u1ef1 thanh l\u1ecbch tinh t\u1ebf c\u1ee7a c\u00e0 ph\u00ea Arabica - Nghi\u1ec7p Xu\u00e2n - Xu\u1ea5t Nh\u1eadp Kh\u1ea9u N\u00f4ng S\u1ea3n\",\"isPartOf\":{\"@id\":\"https:\/\/nghiepxuan.com\/vi\/#website\"},\"primaryImageOfPage\":{\"@id\":\"https:\/\/nghiepxuan.com\/vi\/product\/thuong-thuc-ca-phe-arabica-tinh-te\/#primaryimage\"},\"image\":{\"@id\":\"https:\/\/nghiepxuan.com\/vi\/product\/thuong-thuc-ca-phe-arabica-tinh-te\/#primaryimage\"},\"thumbnailUrl\":\"https:\/\/nghiepxuan.com\/wp-content\/uploads\/2023\/10\/pngtree-cofee-arabica-texture-corns-photo-image_1134224.jpg\",\"datePublished\":\"2023-10-23T01:36:33+00:00\",\"dateModified\":\"2025-03-29T10:01:16+00:00\",\"breadcrumb\":{\"@id\":\"https:\/\/nghiepxuan.com\/vi\/product\/thuong-thuc-ca-phe-arabica-tinh-te\/#breadcrumb\"},\"inLanguage\":\"vi-VN\",\"potentialAction\":[{\"@type\":\"ReadAction\",\"target\":[\"https:\/\/nghiepxuan.com\/vi\/product\/thuong-thuc-ca-phe-arabica-tinh-te\/\"]}]},{\"@type\":\"ImageObject\",\"inLanguage\":\"vi-VN\",\"@id\":\"https:\/\/nghiepxuan.com\/vi\/product\/thuong-thuc-ca-phe-arabica-tinh-te\/#primaryimage\",\"url\":\"https:\/\/nghiepxuan.com\/wp-content\/uploads\/2023\/10\/pngtree-cofee-arabica-texture-corns-photo-image_1134224.jpg\",\"contentUrl\":\"https:\/\/nghiepxuan.com\/wp-content\/uploads\/2023\/10\/pngtree-cofee-arabica-texture-corns-photo-image_1134224.jpg\",\"width\":960,\"height\":640,\"caption\":\"Embark on a Flavorful Journey. Arabica Coffee \u2013 Where Sophistication Meets Every Sip. \u2615\ufe0f\u2728 #ArabicaElegance #CoffeePerfection\"},{\"@type\":\"BreadcrumbList\",\"@id\":\"https:\/\/nghiepxuan.com\/vi\/product\/thuong-thuc-ca-phe-arabica-tinh-te\/#breadcrumb\",\"itemListElement\":[{\"@type\":\"ListItem\",\"position\":1,\"name\":\"Home\",\"item\":\"https:\/\/nghiepxuan.com\/vi\/\"},{\"@type\":\"ListItem\",\"position\":2,\"name\":\"C\u1eeda h\u00e0ng\",\"item\":\"https:\/\/nghiepxuan.com\/vi\/shop\/\"},{\"@type\":\"ListItem\",\"position\":3,\"name\":\"Th\u01b0\u1edfng th\u1ee9c s\u1ef1 thanh l\u1ecbch tinh t\u1ebf c\u1ee7a c\u00e0 ph\u00ea Arabica\"}]},{\"@type\":\"WebSite\",\"@id\":\"https:\/\/nghiepxuan.com\/vi\/#website\",\"url\":\"https:\/\/nghiepxuan.com\/vi\/\",\"name\":\"Nghiep Xuan - Agricultural Import and Export\",\"description\":\"Nu\u00f4i d\u01b0\u1ee1ng thi\u00ean nhi\u00ean, thu ho\u1ea1ch s\u1ee9c kh\u1ecfe: \u0110i\u1ec3m \u0111\u1ebfn l\u1ed1i s\u1ed1ng h\u1eefu c\u01a1 c\u1ee7a b\u1ea1n\",\"publisher\":{\"@id\":\"https:\/\/nghiepxuan.com\/vi\/#organization\"},\"potentialAction\":[{\"@type\":\"SearchAction\",\"target\":{\"@type\":\"EntryPoint\",\"urlTemplate\":\"https:\/\/nghiepxuan.com\/vi\/?s={search_term_string}\"},\"query-input\":{\"@type\":\"PropertyValueSpecification\",\"valueRequired\":true,\"valueName\":\"search_term_string\"}}],\"inLanguage\":\"vi-VN\"},{\"@type\":\"Organization\",\"@id\":\"https:\/\/nghiepxuan.com\/vi\/#organization\",\"name\":\"Nghiep Xuan - Agricultural Import and Export\",\"url\":\"https:\/\/nghiepxuan.com\/vi\/\",\"logo\":{\"@type\":\"ImageObject\",\"inLanguage\":\"vi-VN\",\"@id\":\"https:\/\/nghiepxuan.com\/vi\/#\/schema\/logo\/image\/\",\"url\":\"https:\/\/nghiepxuan.com\/wp-content\/uploads\/2025\/04\/Nghiep-Xuan-Logo-4.png\",\"contentUrl\":\"https:\/\/nghiepxuan.com\/wp-content\/uploads\/2025\/04\/Nghiep-Xuan-Logo-4.png\",\"width\":4167,\"height\":1015,\"caption\":\"Nghiep Xuan - Agricultural Import and Export\"},\"image\":{\"@id\":\"https:\/\/nghiepxuan.com\/vi\/#\/schema\/logo\/image\/\"},\"sameAs\":[\"https:\/\/www.facebook.com\/nongsannghiepxuan\/\",\"https:\/\/x.com\/PhuTonBui\",\"https:\/\/www.instagram.com\/xuatnhapkhaunghiepxuan\/\",\"https:\/\/www.youtube.com\/@nongsannghiepxuan2066\",\"https:\/\/www.tiktok.com\/@nghiepxuan\"]}]}<\/script>\n<!-- \/ Yoast SEO plugin. -->","yoast_head_json":{"title":"Th\u01b0\u1edfng th\u1ee9c s\u1ef1 thanh l\u1ecbch tinh t\u1ebf c\u1ee7a c\u00e0 ph\u00ea Arabica - Nghi\u1ec7p Xu\u00e2n - Xu\u1ea5t Nh\u1eadp Kh\u1ea9u N\u00f4ng S\u1ea3n","robots":{"index":"index","follow":"follow","max-snippet":"max-snippet:-1","max-image-preview":"max-image-preview:large","max-video-preview":"max-video-preview:-1"},"canonical":"https:\/\/nghiepxuan.com\/vi\/product\/thuong-thuc-ca-phe-arabica-tinh-te\/","og_locale":"vi_VN","og_type":"article","og_title":"Th\u01b0\u1edfng th\u1ee9c s\u1ef1 thanh l\u1ecbch tinh t\u1ebf c\u1ee7a c\u00e0 ph\u00ea Arabica - Nghi\u1ec7p Xu\u00e2n - Xu\u1ea5t Nh\u1eadp Kh\u1ea9u N\u00f4ng S\u1ea3n","og_description":"Kh\u00e1m ph\u00e1 th\u1ebf gi\u1edbi c\u00e0 ph\u00ea Arabica, n\u01a1i s\u1ef1 thanh l\u1ecbch tinh t\u1ebf k\u1ebft h\u1ee3p v\u1edbi h\u01b0\u01a1ng v\u1ecb \u0111\u1eb7c bi\u1ec7t. H\u1ea1t Arabica \u0111\u01b0\u1ee3c l\u1ef1a ch\u1ecdn c\u1ea9n th\u1eadn c\u1ee7a ch\u00fang t\u00f4i mang l\u1ea1i h\u01b0\u01a1ng v\u1ecb m\u1ecbn m\u00e0ng, \u00eam d\u1ecbu v\u1edbi m\u1ed9t ch\u00fat ng\u1ecdt ng\u00e0o. T\u1eeb c\u00e0 ph\u00ea \u0111en c\u1ed5 \u0111i\u1ec3n \u0111\u1ebfn latte kem, ch\u00fang t\u00f4i cung c\u1ea5p m\u1ed9t lo\u1ea1t c\u00e1c t\u00f9y ch\u1ecdn ph\u00f9 h\u1ee3p v\u1edbi s\u1edf th\u00edch c\u1ee7a b\u1ea1n. N\u00e2ng cao tr\u1ea3i nghi\u1ec7m c\u00e0 ph\u00ea c\u1ee7a b\u1ea1n v\u1edbi nh\u1eefng h\u1ea1t Arabica ngon nh\u1ea5t.","og_url":"https:\/\/nghiepxuan.com\/vi\/product\/thuong-thuc-ca-phe-arabica-tinh-te\/","og_site_name":"Nghi\u1ec7p Xu\u00e2n - Xu\u1ea5t Nh\u1eadp Kh\u1ea9u N\u00f4ng S\u1ea3n","article_publisher":"https:\/\/www.facebook.com\/nongsannghiepxuan\/","article_modified_time":"2025-03-29T10:01:16+00:00","og_image":[{"width":960,"height":640,"url":"https:\/\/nghiepxuan.com\/wp-content\/uploads\/2023\/10\/pngtree-cofee-arabica-texture-corns-photo-image_1134224.jpg","type":"image\/jpeg"}],"twitter_card":"summary_large_image","twitter_site":"@PhuTonBui","twitter_misc":{"Est. reading time":"2 minutes"},"schema":{"@context":"https:\/\/schema.org","@graph":[{"@type":"WebPage","@id":"https:\/\/nghiepxuan.com\/vi\/product\/thuong-thuc-ca-phe-arabica-tinh-te\/","url":"https:\/\/nghiepxuan.com\/vi\/product\/thuong-thuc-ca-phe-arabica-tinh-te\/","name":"Th\u01b0\u1edfng th\u1ee9c s\u1ef1 thanh l\u1ecbch tinh t\u1ebf c\u1ee7a c\u00e0 ph\u00ea Arabica - Nghi\u1ec7p Xu\u00e2n - Xu\u1ea5t Nh\u1eadp Kh\u1ea9u N\u00f4ng S\u1ea3n","isPartOf":{"@id":"https:\/\/nghiepxuan.com\/vi\/#website"},"primaryImageOfPage":{"@id":"https:\/\/nghiepxuan.com\/vi\/product\/thuong-thuc-ca-phe-arabica-tinh-te\/#primaryimage"},"image":{"@id":"https:\/\/nghiepxuan.com\/vi\/product\/thuong-thuc-ca-phe-arabica-tinh-te\/#primaryimage"},"thumbnailUrl":"https:\/\/nghiepxuan.com\/wp-content\/uploads\/2023\/10\/pngtree-cofee-arabica-texture-corns-photo-image_1134224.jpg","datePublished":"2023-10-23T01:36:33+00:00","dateModified":"2025-03-29T10:01:16+00:00","breadcrumb":{"@id":"https:\/\/nghiepxuan.com\/vi\/product\/thuong-thuc-ca-phe-arabica-tinh-te\/#breadcrumb"},"inLanguage":"vi-VN","potentialAction":[{"@type":"ReadAction","target":["https:\/\/nghiepxuan.com\/vi\/product\/thuong-thuc-ca-phe-arabica-tinh-te\/"]}]},{"@type":"ImageObject","inLanguage":"vi-VN","@id":"https:\/\/nghiepxuan.com\/vi\/product\/thuong-thuc-ca-phe-arabica-tinh-te\/#primaryimage","url":"https:\/\/nghiepxuan.com\/wp-content\/uploads\/2023\/10\/pngtree-cofee-arabica-texture-corns-photo-image_1134224.jpg","contentUrl":"https:\/\/nghiepxuan.com\/wp-content\/uploads\/2023\/10\/pngtree-cofee-arabica-texture-corns-photo-image_1134224.jpg","width":960,"height":640,"caption":"Embark on a Flavorful Journey. Arabica Coffee \u2013 Where Sophistication Meets Every Sip. \u2615\ufe0f\u2728 #ArabicaElegance #CoffeePerfection"},{"@type":"BreadcrumbList","@id":"https:\/\/nghiepxuan.com\/vi\/product\/thuong-thuc-ca-phe-arabica-tinh-te\/#breadcrumb","itemListElement":[{"@type":"ListItem","position":1,"name":"Home","item":"https:\/\/nghiepxuan.com\/vi\/"},{"@type":"ListItem","position":2,"name":"C\u1eeda h\u00e0ng","item":"https:\/\/nghiepxuan.com\/vi\/shop\/"},{"@type":"ListItem","position":3,"name":"Th\u01b0\u1edfng th\u1ee9c s\u1ef1 thanh l\u1ecbch tinh t\u1ebf c\u1ee7a c\u00e0 ph\u00ea Arabica"}]},{"@type":"WebSite","@id":"https:\/\/nghiepxuan.com\/vi\/#website","url":"https:\/\/nghiepxuan.com\/vi\/","name":"Nghiep Xuan - Agricultural Import and Export","description":"Nu\u00f4i d\u01b0\u1ee1ng thi\u00ean nhi\u00ean, thu ho\u1ea1ch s\u1ee9c kh\u1ecfe: \u0110i\u1ec3m \u0111\u1ebfn l\u1ed1i s\u1ed1ng h\u1eefu c\u01a1 c\u1ee7a b\u1ea1n","publisher":{"@id":"https:\/\/nghiepxuan.com\/vi\/#organization"},"potentialAction":[{"@type":"SearchAction","target":{"@type":"EntryPoint","urlTemplate":"https:\/\/nghiepxuan.com\/vi\/?s={search_term_string}"},"query-input":{"@type":"PropertyValueSpecification","valueRequired":true,"valueName":"search_term_string"}}],"inLanguage":"vi-VN"},{"@type":"Organization","@id":"https:\/\/nghiepxuan.com\/vi\/#organization","name":"Nghiep Xuan - Agricultural Import and Export","url":"https:\/\/nghiepxuan.com\/vi\/","logo":{"@type":"ImageObject","inLanguage":"vi-VN","@id":"https:\/\/nghiepxuan.com\/vi\/#\/schema\/logo\/image\/","url":"https:\/\/nghiepxuan.com\/wp-content\/uploads\/2025\/04\/Nghiep-Xuan-Logo-4.png","contentUrl":"https:\/\/nghiepxuan.com\/wp-content\/uploads\/2025\/04\/Nghiep-Xuan-Logo-4.png","width":4167,"height":1015,"caption":"Nghiep Xuan - Agricultural Import and Export"},"image":{"@id":"https:\/\/nghiepxuan.com\/vi\/#\/schema\/logo\/image\/"},"sameAs":["https:\/\/www.facebook.com\/nongsannghiepxuan\/","https:\/\/x.com\/PhuTonBui","https:\/\/www.instagram.com\/xuatnhapkhaunghiepxuan\/","https:\/\/www.youtube.com\/@nongsannghiepxuan2066","https:\/\/www.tiktok.com\/@nghiepxuan"]}]}},"_links":{"self":[{"href":"https:\/\/nghiepxuan.com\/vi\/wp-json\/wp\/v2\/product\/4869","targetHints":{"allow":["GET"]}}],"collection":[{"href":"https:\/\/nghiepxuan.com\/vi\/wp-json\/wp\/v2\/product"}],"about":[{"href":"https:\/\/nghiepxuan.com\/vi\/wp-json\/wp\/v2\/types\/product"}],"replies":[{"embeddable":true,"href":"https:\/\/nghiepxuan.com\/vi\/wp-json\/wp\/v2\/comments?post=4869"}],"version-history":[{"count":1,"href":"https:\/\/nghiepxuan.com\/vi\/wp-json\/wp\/v2\/product\/4869\/revisions"}],"predecessor-version":[{"id":7040,"href":"https:\/\/nghiepxuan.com\/vi\/wp-json\/wp\/v2\/product\/4869\/revisions\/7040"}],"wp:featuredmedia":[{"embeddable":true,"href":"https:\/\/nghiepxuan.com\/vi\/wp-json\/wp\/v2\/media\/4544"}],"wp:attachment":[{"href":"https:\/\/nghiepxuan.com\/vi\/wp-json\/wp\/v2\/media?parent=4869"}],"wp:term":[{"taxonomy":"product_brand","embeddable":true,"href":"https:\/\/nghiepxuan.com\/vi\/wp-json\/wp\/v2\/product_brand?post=4869"},{"taxonomy":"product_cat","embeddable":true,"href":"https:\/\/nghiepxuan.com\/vi\/wp-json\/wp\/v2\/product_cat?post=4869"},{"taxonomy":"product_tag","embeddable":true,"href":"https:\/\/nghiepxuan.com\/vi\/wp-json\/wp\/v2\/product_tag?post=4869"}],"curies":[{"name":"wp","href":"https:\/\/api.w.org\/{rel}","templated":true}]}}