{"id":10260,"date":"2026-05-07T06:20:26","date_gmt":"2026-05-07T06:20:26","guid":{"rendered":"https:\/\/nghiepxuan.com\/product\/chanh-day-dong-lanh-cao-cap-cat-doi-nguyen-qua-chat-luong-xuat-khau-nghiet-xuan-viet-nam\/"},"modified":"2026-05-07T06:20:26","modified_gmt":"2026-05-07T06:20:26","slug":"chanh-day-dong-lanh-cao-cap-cat-doi-nguyen-qua-chat-luong-xuat-khau-nghiet-xuan-viet-nam","status":"publish","type":"product","link":"https:\/\/nghiepxuan.com\/vi\/product\/chanh-day-dong-lanh-cao-cap-cat-doi-nguyen-qua-chat-luong-xuat-khau-nghiet-xuan-viet-nam\/","title":{"rendered":"Chanh d\u00e2y \u0111\u00f4ng l\u1ea1nh cao c\u1ea5p (c\u1eaft \u0111\u00f4i nguy\u00ean qu\u1ea3) | Ch\u1ea5t l\u01b0\u1ee3ng xu\u1ea5t kh\u1ea9u | Nghi\u1ec7t Xu\u00e2n Vi\u1ec7t Nam"},"content":{"rendered":"<h3 data-section-id=\"1acoqve\" data-start=\"366\" data-end=\"410\"><span role=\"text\"><strong data-start=\"370\" data-end=\"410\">T\u1ed5ng quan<\/strong><\/span><\/h3>\n<p data-start=\"411\" data-end=\"621\">Nghiep Xuan t\u1ef1 h\u00e0o gi\u1edbi thi\u1ec7u <strong data-start=\"438\" data-end=\"487\">Chanh d\u00e2y \u0111\u00f4ng l\u1ea1nh cao c\u1ea5p (c\u1eaft \u0111\u00f4i nguy\u00ean qu\u1ea3)<\/strong> , \u0111\u01b0\u1ee3c l\u1ef1a ch\u1ecdn k\u1ef9 l\u01b0\u1ee1ng khi ch\u00edn r\u1ed9 v\u00e0 ch\u1ebf bi\u1ebfn \u0111\u1ec3 gi\u1eef nguy\u00ean <strong data-start=\"555\" data-end=\"620\">c\u1ea5u tr\u00fac t\u1ef1 nhi\u00ean, m\u00e0u s\u1eafc t\u01b0\u01a1i t\u1eafn v\u00e0 h\u01b0\u01a1ng v\u1ecb nhi\u1ec7t \u0111\u1edbi \u0111\u1eadm \u0111\u00e0<\/strong> .<\/p>\n<p data-start=\"623\" data-end=\"973\">M\u1ed7i qu\u1ea3 chanh d\u00e2y \u0111\u01b0\u1ee3c <strong data-start=\"637\" data-end=\"673\">l\u00e0m s\u1ea1ch, c\u1eaft \u0111\u00f4i v\u00e0 \u0111\u00f4ng l\u1ea1nh<\/strong> , t\u1ea1o ra <strong data-start=\"687\" data-end=\"712\">gi\u1ea3i ph\u00e1p ti\u1ec7n l\u1ee3i<\/strong> cho c\u00e1c doanh nghi\u1ec7p c\u1ea7n c\u1ea3 <strong data-start=\"746\" data-end=\"790\">s\u1ef1 h\u1ea5p d\u1eabn v\u1ec1 m\u1eb7t h\u00ecnh \u1ea3nh v\u00e0 hi\u1ec7u qu\u1ea3 ho\u1ea1t \u0111\u1ed9ng<\/strong> . \u0110\u1ecbnh d\u1ea1ng n\u00e0y \u0111\u1eb7c bi\u1ec7t c\u00f3 gi\u00e1 tr\u1ecb \u0111\u1ed1i v\u1edbi <strong data-start=\"831\" data-end=\"893\">c\u00e1c chu\u1ed7i c\u1eeda h\u00e0ng \u0111\u1ed3 u\u1ed1ng, th\u01b0\u01a1ng hi\u1ec7u tr\u00e1ng mi\u1ec7ng v\u00e0 c\u00e1c nh\u00e0 cung c\u1ea5p d\u1ecbch v\u1ee5 \u0103n u\u1ed1ng<\/strong> mu\u1ed1n mang \u0111\u1ebfn tr\u1ea3i nghi\u1ec7m chanh d\u00e2y \u0111\u00edch th\u1ef1c v\u1edbi ch\u1ea5t l\u01b0\u1ee3ng \u1ed5n \u0111\u1ecbnh. <\/p>\n<hr data-start=\"975\" data-end=\"978\">\n<h3 data-section-id=\"i3u59h\" data-start=\"980\" data-end=\"1003\"><span role=\"text\"><strong data-start=\"984\" data-end=\"1003\">\ud83e\udd6d C\u00e1c t\u00ednh n\u0103ng ch\u00ednh<\/strong><\/span><\/h3>\n<ul data-start=\"1004\" data-end=\"1393\">\n<li data-section-id=\"z4de7g\" data-start=\"1004\" data-end=\"1069\"><strong data-start=\"1006\" data-end=\"1031\">\u0110\u1ecbnh d\u1ea1ng nguy\u00ean t\u1ea5m, c\u1eaft \u0111\u00f4i<\/strong> \u2013 S\u1eb5n s\u00e0ng s\u1eed d\u1ee5ng, kh\u00f4ng c\u1ea7n c\u1eaft th\u00eam.<\/li>\n<li data-section-id=\"1272avp\" data-start=\"1070\" data-end=\"1139\"><strong data-start=\"1072\" data-end=\"1094\">H\u00ecnh th\u1ee9c t\u1ef1 nhi\u00ean<\/strong> \u2013 Th\u1ecbt qu\u1ea3 m\u00e0u v\u00e0ng h\u1ea5p d\u1eabn v\u1edbi h\u1ea1t c\u00f2n nguy\u00ean v\u1eb9n.<\/li>\n<li data-section-id=\"43nung\" data-start=\"1140\" data-end=\"1199\"><strong data-start=\"1142\" data-end=\"1165\">H\u01b0\u01a1ng th\u01a1m v\u00e0 v\u1ecb \u0111\u1eadm \u0111\u00e0<\/strong> \u2013 H\u01b0\u01a1ng v\u1ecb nhi\u1ec7t \u0111\u1edbi \u0111\u1eb7c tr\u01b0ng.<\/li>\n<li data-section-id=\"o7x70a\" data-start=\"1200\" data-end=\"1267\"><strong data-start=\"1202\" data-end=\"1229\">L\u00e0m l\u1ea1nh nhanh (IQF) \/ Ch\u1ebf bi\u1ebfn \u0111\u00f4ng l\u1ea1nh<\/strong> \u2013 Gi\u1eef \u0111\u01b0\u1ee3c \u0111\u1ed9 t\u01b0\u01a1i ngon v\u00e0 ch\u1ea5t dinh d\u01b0\u1ee1ng<\/li>\n<li data-section-id=\"1se6bww\" data-start=\"1268\" data-end=\"1340\"><strong data-start=\"1270\" data-end=\"1299\">K\u00edch th\u01b0\u1edbc v\u00e0 ch\u1ea5t l\u01b0\u1ee3ng \u0111\u1ed3ng nh\u1ea5t<\/strong> \u2013 Ph\u00f9 h\u1ee3p cho c\u00e1c ho\u1ea1t \u0111\u1ed9ng ti\u00eau chu\u1ea9n.<\/li>\n<li data-section-id=\"16zuj4u\" data-start=\"1341\" data-end=\"1393\"><strong data-start=\"1343\" data-end=\"1359\">100% t\u1ef1 nhi\u00ean<\/strong> \u2013 Kh\u00f4ng ch\u1ea5t ph\u1ee5 gia hay ch\u1ea5t b\u1ea3o qu\u1ea3n<\/li>\n<\/ul>\n<hr data-start=\"1395\" data-end=\"1398\">\n<h3 data-section-id=\"f701lt\" data-start=\"1400\" data-end=\"1424\"><span role=\"text\"><strong data-start=\"1404\" data-end=\"1424\">\ud83c\udf7d\ufe0f \u0110\u01a1n \u0111\u0103ng k\u00fd<\/strong><\/span><\/h3>\n<p data-start=\"1425\" data-end=\"1481\">\u0110\u01b0\u1ee3c thi\u1ebft k\u1ebf \u0111\u1ec3 tr\u00ecnh b\u00e0y \u1ea5n t\u01b0\u1ee3ng v\u00e0 s\u1eed d\u1ee5ng hi\u1ec7u qu\u1ea3:<\/p>\n<ul data-start=\"1482\" data-end=\"1664\">\n<li data-section-id=\"1ur03na\" data-start=\"1482\" data-end=\"1516\">Chu\u1ed7i c\u1eeda h\u00e0ng tr\u00e0 s\u1eefa tr\u00e2n ch\u00e2u v\u00e0 \u0111\u1ed3 u\u1ed1ng<\/li>\n<li data-section-id=\"19cazmn\" data-start=\"1517\" data-end=\"1557\">Qu\u1ea7y cocktail, mocktail v\u00e0 n\u01b0\u1edbc \u00e9p.<\/li>\n<li data-section-id=\"1ejsmc0\" data-start=\"1558\" data-end=\"1594\">C\u00e1c lo\u1ea1i topping tr\u00e1ng mi\u1ec7ng v\u00e0 b\u00e1t tr\u00e1i c\u00e2y<\/li>\n<li data-section-id=\"1ue9a2i\" data-start=\"1595\" data-end=\"1627\">Trang tr\u00ed b\u00e1nh m\u00ec v\u00e0 b\u00e1nh ng\u1ecdt<\/li>\n<li data-section-id=\"ka4501\" data-start=\"1628\" data-end=\"1664\">S\u1ea3n ph\u1ea9m \u0111\u00f4ng l\u1ea1nh v\u00e0 s\u1ea3n ph\u1ea9m \u0103n li\u1ec1n<\/li>\n<\/ul>\n<hr data-start=\"1666\" data-end=\"1669\">\n<h3 data-section-id=\"grum48\" data-start=\"1671\" data-end=\"1704\"><span role=\"text\"><strong data-start=\"1675\" data-end=\"1704\">\ud83d\udce6 Th\u00f4ng s\u1ed1 k\u1ef9 thu\u1eadt s\u1ea3n ph\u1ea9m<\/strong><\/span><\/h3>\n<ul data-start=\"1705\" data-end=\"2067\">\n<li data-section-id=\"6mopve\" data-start=\"1705\" data-end=\"1764\"><strong data-start=\"1707\" data-end=\"1724\">Lo\u1ea1i s\u1ea3n ph\u1ea9m:<\/strong> Chanh d\u00e2y \u0111\u00f4ng l\u1ea1nh (c\u1eaft \u0111\u00f4i nguy\u00ean qu\u1ea3)<\/li>\n<li data-section-id=\"1n3n3cw\" data-start=\"1765\" data-end=\"1826\"><strong data-start=\"1767\" data-end=\"1782\">Quy tr\u00ecnh ch\u1ebf bi\u1ebfn:<\/strong> L\u00e0m s\u1ea1ch, c\u1eaft \u0111\u00f4i v\u00e0 \u0111\u00f4ng l\u1ea1nh<\/li>\n<li data-section-id=\"895jai\" data-start=\"1827\" data-end=\"1850\"><strong data-start=\"1829\" data-end=\"1840\">Xu\u1ea5t x\u1ee9:<\/strong> Vi\u1ec7t Nam<\/li>\n<li data-section-id=\"5d1acd\" data-start=\"1851\" data-end=\"1892\"><strong data-start=\"1853\" data-end=\"1868\">Th\u1eddi h\u1ea1n s\u1eed d\u1ee5ng:<\/strong> 18\u201324 th\u00e1ng \u1edf -18\u00b0C<\/li>\n<li data-section-id=\"hpqp2v\" data-start=\"1893\" data-end=\"1944\"><strong data-start=\"1895\" data-end=\"1909\">\u0110\u00f3ng g\u00f3i:<\/strong> S\u1ed1 l\u01b0\u1ee3ng l\u1edbn \/ B\u00e1n l\u1ebb \/ T\u00f9y ch\u1ec9nh theo y\u00eau c\u1ea7u OEM<\/li>\n<li data-section-id=\"5d5dzj\" data-start=\"1945\" data-end=\"1997\"><strong data-start=\"1947\" data-end=\"1956\">K\u00edch c\u1ee1:<\/strong> C\u00f3 th\u1ec3 cung c\u1ea5p ph\u00e2n lo\u1ea1i \u0111\u1ed3ng nh\u1ea5t theo y\u00eau c\u1ea7u.<\/li>\n<li data-section-id=\"1ynrigw\" data-start=\"1998\" data-end=\"2067\"><strong data-start=\"2000\" data-end=\"2019\">Ch\u1ee9ng nh\u1eadn:<\/strong> C\u00f3 s\u1eb5n theo y\u00eau c\u1ea7u (GlobalGAP, ISO, v.v.)<\/li>\n<\/ul>\n<hr data-start=\"2069\" data-end=\"2072\">\n<h3 data-section-id=\"1a272qi\" data-start=\"2074\" data-end=\"2108\"><span role=\"text\"><strong data-start=\"2078\" data-end=\"2108\">\ud83d\ude9a T\u1ea1i sao n\u00ean ch\u1ecdn Nghiep Xuan?<\/strong><\/span><\/h3>\n<ul data-start=\"2109\" data-end=\"2384\">\n<li data-section-id=\"1qzwuox\" data-start=\"2109\" data-end=\"2166\">Chuy\u00ean gia trong <strong data-start=\"2125\" data-end=\"2164\">l\u0129nh v\u1ef1c ch\u1ebf bi\u1ebfn v\u00e0 xu\u1ea5t kh\u1ea9u chanh d\u00e2y.<\/strong><\/li>\n<li data-section-id=\"x54rxg\" data-start=\"2167\" data-end=\"2226\"><strong data-start=\"2176\" data-end=\"2224\">H\u1ec7 th\u1ed1ng chu\u1ed7i cung \u1ee9ng l\u1ea1nh m\u1ea1nh m\u1ebd \u0111\u1ea3m b\u1ea3o ch\u1ea5t l\u01b0\u1ee3ng s\u1ea3n ph\u1ea9m.<\/strong><\/li>\n<li data-section-id=\"5cwoft\" data-start=\"2227\" data-end=\"2279\">T\u1eadp trung v\u00e0o <strong data-start=\"2238\" data-end=\"2277\">ch\u1ea5t l\u01b0\u1ee3ng h\u00ecnh \u1ea3nh + s\u1ef1 nh\u1ea5t qu\u00e1n v\u1ec1 h\u01b0\u01a1ng v\u1ecb<\/strong><\/li>\n<li data-section-id=\"pha0d0\" data-start=\"2280\" data-end=\"2324\"><strong data-start=\"2291\" data-end=\"2322\">Gi\u1ea3i ph\u00e1p OEM\/nh\u00e3n hi\u1ec7u ri\u00eang<\/strong> linh ho\u1ea1t<\/li>\n<li data-section-id=\"s3wf53\" data-start=\"2325\" data-end=\"2384\">\u0110\u1ed1i t\u00e1c \u0111\u00e1ng tin c\u1eady cho <strong data-start=\"2347\" data-end=\"2382\">c\u00e1c th\u01b0\u01a1ng hi\u1ec7u th\u1ef1c ph\u1ea9m v\u00e0 \u0111\u1ed3 u\u1ed1ng to\u00e0n c\u1ea7u.<\/strong><\/li>\n<\/ul>\n<hr data-start=\"2386\" data-end=\"2389\">\n<h3 data-section-id=\"sirax1\" data-start=\"2391\" data-end=\"2413\"><span role=\"text\"><strong data-start=\"2395\" data-end=\"2413\">\ud83d\udce9 Y\u00eau c\u1ea7u th\u00f4ng tin CTA<\/strong><\/span><\/h3>\n<p data-start=\"2414\" data-end=\"2565\">B\u1ea1n \u0111ang t\u00ecm ki\u1ebfm nh\u00e0 cung c\u1ea5p \u0111\u00e1ng tin c\u1eady v\u1ec1 chanh d\u00e2y c\u1eaft \u0111\u00f4i \u0111\u00f4ng l\u1ea1nh?<br data-start=\"2479\" data-end=\"2482\"> \ud83d\udc49 Li\u00ean h\u1ec7 v\u1edbi Nghiep Xuan ngay h\u00f4m nay \u0111\u1ec3 nh\u1eadn <strong data-start=\"2515\" data-end=\"2564\">b\u00e1o gi\u00e1, m\u1eabu s\u1ea3n ph\u1ea9m v\u00e0 h\u1ee3p t\u00e1c l\u00e2u d\u00e0i<\/strong> .<\/p>\n<p data-start=\"2414\" data-end=\"2565\">Email: info@nghiepxuan.com || WhatsApp\/Viber\/Zalo\/Wechat\/Hotline: +84939 345 598<\/p>\n","protected":false},"excerpt":{"rendered":"<p>Chanh d\u00e2y c\u1eaft \u0111\u00f4i s\u1eb5n d\u00f9ng cho tr\u00e0 s\u1eefa tr\u00e2n ch\u00e2u v\u00e0 cocktail. Ch\u1ea5t l\u01b0\u1ee3ng \u1ed5n \u0111\u1ecbnh, m\u00e0u s\u1eafc t\u01b0\u01a1i t\u1eafn, ngu\u1ed3n cung xu\u1ea5t kh\u1ea9u t\u1eeb Vi\u1ec7t Nam. Y\u00eau c\u1ea7u b\u00e1o gi\u00e1.  <\/p>\n","protected":false},"featured_media":10231,"comment_status":"open","ping_status":"closed","template":"","meta":{"content-type":""},"product_brand":[],"product_cat":[425],"product_tag":[652,1189,1160],"class_list":{"0":"post-10260","1":"product","2":"type-product","3":"status-publish","4":"has-post-thumbnail","6":"product_cat-frozen","7":"product_tag-chanh-day-dong-lanh","8":"product_tag-trai-cay-dong-lanh","9":"product_tag-xuat-khau-cua-viet-nam","11":"first","12":"instock","13":"shipping-taxable","14":"product-type-simple"},"yoast_head":"<!-- This site is optimized with the Yoast SEO plugin v26.9 - https:\/\/yoast.com\/product\/yoast-seo-wordpress\/ -->\n<title>Chanh d\u00e2y \u0111\u00f4ng l\u1ea1nh cao c\u1ea5p (c\u1eaft \u0111\u00f4i nguy\u00ean qu\u1ea3) | Ch\u1ea5t l\u01b0\u1ee3ng xu\u1ea5t kh\u1ea9u | Nghi\u1ec7t Xu\u00e2n Vi\u1ec7t Nam - Nghi\u1ec7p Xu\u00e2n - Xu\u1ea5t Nh\u1eadp Kh\u1ea9u N\u00f4ng S\u1ea3n<\/title>\n<meta name=\"description\" content=\"Chanh d\u00e2y t\u01b0\u01a1i c\u1eaft \u0111\u00f4i cao c\u1ea5p t\u1eeb Vi\u1ec7t Nam. H\u00ecnh th\u1ee9c t\u1ef1 nhi\u00ean, h\u01b0\u01a1ng v\u1ecb \u0111\u1eadm \u0111\u00e0, cung c\u1ea5p s\u1ed1 l\u01b0\u1ee3ng l\u1edbn v\u00e0 \u0111\u00f3ng g\u00f3i theo y\u00eau c\u1ea7u (OEM). L\u00fd t\u01b0\u1edfng cho \u0111\u1ed3 u\u1ed1ng v\u00e0 m\u00f3n tr\u00e1ng mi\u1ec7ng. Li\u00ean h\u1ec7 ngay.\" \/>\n<meta name=\"robots\" content=\"index, follow, max-snippet:-1, max-image-preview:large, max-video-preview:-1\" \/>\n<link rel=\"canonical\" href=\"https:\/\/nghiepxuan.com\/vi\/product\/chanh-day-dong-lanh-cao-cap-cat-doi-nguyen-qua-chat-luong-xuat-khau-nghiet-xuan-viet-nam\/\" \/>\n<meta property=\"og:locale\" content=\"vi_VN\" \/>\n<meta property=\"og:type\" content=\"article\" \/>\n<meta property=\"og:title\" content=\"Chanh d\u00e2y \u0111\u00f4ng l\u1ea1nh cao c\u1ea5p (c\u1eaft \u0111\u00f4i nguy\u00ean qu\u1ea3) | Ch\u1ea5t l\u01b0\u1ee3ng xu\u1ea5t kh\u1ea9u | Nghi\u1ec7t Xu\u00e2n Vi\u1ec7t Nam - Nghi\u1ec7p Xu\u00e2n - Xu\u1ea5t Nh\u1eadp Kh\u1ea9u N\u00f4ng S\u1ea3n\" \/>\n<meta property=\"og:description\" content=\"Chanh d\u00e2y t\u01b0\u01a1i c\u1eaft \u0111\u00f4i cao c\u1ea5p t\u1eeb Vi\u1ec7t Nam. H\u00ecnh th\u1ee9c t\u1ef1 nhi\u00ean, h\u01b0\u01a1ng v\u1ecb \u0111\u1eadm \u0111\u00e0, cung c\u1ea5p s\u1ed1 l\u01b0\u1ee3ng l\u1edbn v\u00e0 \u0111\u00f3ng g\u00f3i theo y\u00eau c\u1ea7u (OEM). L\u00fd t\u01b0\u1edfng cho \u0111\u1ed3 u\u1ed1ng v\u00e0 m\u00f3n tr\u00e1ng mi\u1ec7ng. Li\u00ean h\u1ec7 ngay.\" \/>\n<meta property=\"og:url\" content=\"https:\/\/nghiepxuan.com\/vi\/product\/chanh-day-dong-lanh-cao-cap-cat-doi-nguyen-qua-chat-luong-xuat-khau-nghiet-xuan-viet-nam\/\" \/>\n<meta property=\"og:site_name\" content=\"Nghi\u1ec7p Xu\u00e2n - Xu\u1ea5t Nh\u1eadp Kh\u1ea9u N\u00f4ng S\u1ea3n\" \/>\n<meta property=\"article:publisher\" content=\"https:\/\/www.facebook.com\/nongsannghiepxuan\/\" \/>\n<meta property=\"og:image\" content=\"https:\/\/nghiepxuan.com\/wp-content\/uploads\/2026\/05\/z7792705422724_c93cbaa05ec28595bf085f68633bd967.jpg\" \/>\n\t<meta property=\"og:image:width\" content=\"1920\" \/>\n\t<meta property=\"og:image:height\" content=\"2560\" \/>\n\t<meta property=\"og:image:type\" content=\"image\/jpeg\" \/>\n<meta name=\"twitter:card\" content=\"summary_large_image\" \/>\n<meta name=\"twitter:site\" content=\"@PhuTonBui\" \/>\n<meta name=\"twitter:label1\" content=\"Est. reading time\" \/>\n\t<meta name=\"twitter:data1\" content=\"4 minutes\" \/>\n<script type=\"application\/ld+json\" class=\"yoast-schema-graph\">{\"@context\":\"https:\/\/schema.org\",\"@graph\":[{\"@type\":\"WebPage\",\"@id\":\"https:\/\/nghiepxuan.com\/vi\/product\/chanh-day-dong-lanh-cao-cap-cat-doi-nguyen-qua-chat-luong-xuat-khau-nghiet-xuan-viet-nam\/\",\"url\":\"https:\/\/nghiepxuan.com\/vi\/product\/chanh-day-dong-lanh-cao-cap-cat-doi-nguyen-qua-chat-luong-xuat-khau-nghiet-xuan-viet-nam\/\",\"name\":\"Chanh d\u00e2y \u0111\u00f4ng l\u1ea1nh cao c\u1ea5p (c\u1eaft \u0111\u00f4i nguy\u00ean qu\u1ea3) | Ch\u1ea5t l\u01b0\u1ee3ng xu\u1ea5t kh\u1ea9u | Nghi\u1ec7t Xu\u00e2n Vi\u1ec7t Nam - Nghi\u1ec7p Xu\u00e2n - Xu\u1ea5t Nh\u1eadp Kh\u1ea9u N\u00f4ng S\u1ea3n\",\"isPartOf\":{\"@id\":\"https:\/\/nghiepxuan.com\/vi\/#website\"},\"primaryImageOfPage\":{\"@id\":\"https:\/\/nghiepxuan.com\/vi\/product\/chanh-day-dong-lanh-cao-cap-cat-doi-nguyen-qua-chat-luong-xuat-khau-nghiet-xuan-viet-nam\/#primaryimage\"},\"image\":{\"@id\":\"https:\/\/nghiepxuan.com\/vi\/product\/chanh-day-dong-lanh-cao-cap-cat-doi-nguyen-qua-chat-luong-xuat-khau-nghiet-xuan-viet-nam\/#primaryimage\"},\"thumbnailUrl\":\"https:\/\/nghiepxuan.com\/wp-content\/uploads\/2026\/05\/z7792705422724_c93cbaa05ec28595bf085f68633bd967.jpg\",\"datePublished\":\"2026-05-07T06:20:26+00:00\",\"description\":\"Chanh d\u00e2y t\u01b0\u01a1i c\u1eaft \u0111\u00f4i cao c\u1ea5p t\u1eeb Vi\u1ec7t Nam. H\u00ecnh th\u1ee9c t\u1ef1 nhi\u00ean, h\u01b0\u01a1ng v\u1ecb \u0111\u1eadm \u0111\u00e0, cung c\u1ea5p s\u1ed1 l\u01b0\u1ee3ng l\u1edbn v\u00e0 \u0111\u00f3ng g\u00f3i theo y\u00eau c\u1ea7u (OEM). L\u00fd t\u01b0\u1edfng cho \u0111\u1ed3 u\u1ed1ng v\u00e0 m\u00f3n tr\u00e1ng mi\u1ec7ng. Li\u00ean h\u1ec7 ngay.\",\"breadcrumb\":{\"@id\":\"https:\/\/nghiepxuan.com\/vi\/product\/chanh-day-dong-lanh-cao-cap-cat-doi-nguyen-qua-chat-luong-xuat-khau-nghiet-xuan-viet-nam\/#breadcrumb\"},\"inLanguage\":\"vi-VN\",\"potentialAction\":[{\"@type\":\"ReadAction\",\"target\":[\"https:\/\/nghiepxuan.com\/vi\/product\/chanh-day-dong-lanh-cao-cap-cat-doi-nguyen-qua-chat-luong-xuat-khau-nghiet-xuan-viet-nam\/\"]}]},{\"@type\":\"ImageObject\",\"inLanguage\":\"vi-VN\",\"@id\":\"https:\/\/nghiepxuan.com\/vi\/product\/chanh-day-dong-lanh-cao-cap-cat-doi-nguyen-qua-chat-luong-xuat-khau-nghiet-xuan-viet-nam\/#primaryimage\",\"url\":\"https:\/\/nghiepxuan.com\/wp-content\/uploads\/2026\/05\/z7792705422724_c93cbaa05ec28595bf085f68633bd967.jpg\",\"contentUrl\":\"https:\/\/nghiepxuan.com\/wp-content\/uploads\/2026\/05\/z7792705422724_c93cbaa05ec28595bf085f68633bd967.jpg\",\"width\":1920,\"height\":2560,\"caption\":\"Frozen passion fruit\"},{\"@type\":\"BreadcrumbList\",\"@id\":\"https:\/\/nghiepxuan.com\/vi\/product\/chanh-day-dong-lanh-cao-cap-cat-doi-nguyen-qua-chat-luong-xuat-khau-nghiet-xuan-viet-nam\/#breadcrumb\",\"itemListElement\":[{\"@type\":\"ListItem\",\"position\":1,\"name\":\"Home\",\"item\":\"https:\/\/nghiepxuan.com\/vi\/\"},{\"@type\":\"ListItem\",\"position\":2,\"name\":\"C\u1eeda h\u00e0ng\",\"item\":\"https:\/\/nghiepxuan.com\/vi\/shop\/\"},{\"@type\":\"ListItem\",\"position\":3,\"name\":\"Chanh d\u00e2y \u0111\u00f4ng l\u1ea1nh cao c\u1ea5p (c\u1eaft \u0111\u00f4i nguy\u00ean qu\u1ea3) | Ch\u1ea5t l\u01b0\u1ee3ng xu\u1ea5t kh\u1ea9u | Nghi\u1ec7t Xu\u00e2n Vi\u1ec7t Nam\"}]},{\"@type\":\"WebSite\",\"@id\":\"https:\/\/nghiepxuan.com\/vi\/#website\",\"url\":\"https:\/\/nghiepxuan.com\/vi\/\",\"name\":\"Nghiep Xuan - Agricultural Import and Export\",\"description\":\"Nu\u00f4i d\u01b0\u1ee1ng thi\u00ean nhi\u00ean, thu ho\u1ea1ch s\u1ee9c kh\u1ecfe: \u0110i\u1ec3m \u0111\u1ebfn l\u1ed1i s\u1ed1ng h\u1eefu c\u01a1 c\u1ee7a b\u1ea1n\",\"publisher\":{\"@id\":\"https:\/\/nghiepxuan.com\/vi\/#organization\"},\"potentialAction\":[{\"@type\":\"SearchAction\",\"target\":{\"@type\":\"EntryPoint\",\"urlTemplate\":\"https:\/\/nghiepxuan.com\/vi\/?s={search_term_string}\"},\"query-input\":{\"@type\":\"PropertyValueSpecification\",\"valueRequired\":true,\"valueName\":\"search_term_string\"}}],\"inLanguage\":\"vi-VN\"},{\"@type\":\"Organization\",\"@id\":\"https:\/\/nghiepxuan.com\/vi\/#organization\",\"name\":\"Nghiep Xuan - Agricultural Import and Export\",\"url\":\"https:\/\/nghiepxuan.com\/vi\/\",\"logo\":{\"@type\":\"ImageObject\",\"inLanguage\":\"vi-VN\",\"@id\":\"https:\/\/nghiepxuan.com\/vi\/#\/schema\/logo\/image\/\",\"url\":\"https:\/\/nghiepxuan.com\/wp-content\/uploads\/2025\/04\/Nghiep-Xuan-Logo-4.png\",\"contentUrl\":\"https:\/\/nghiepxuan.com\/wp-content\/uploads\/2025\/04\/Nghiep-Xuan-Logo-4.png\",\"width\":4167,\"height\":1015,\"caption\":\"Nghiep Xuan - Agricultural Import and Export\"},\"image\":{\"@id\":\"https:\/\/nghiepxuan.com\/vi\/#\/schema\/logo\/image\/\"},\"sameAs\":[\"https:\/\/www.facebook.com\/nongsannghiepxuan\/\",\"https:\/\/x.com\/PhuTonBui\",\"https:\/\/www.instagram.com\/xuatnhapkhaunghiepxuan\/\",\"https:\/\/www.youtube.com\/@nongsannghiepxuan2066\",\"https:\/\/www.tiktok.com\/@nghiepxuan\"]}]}<\/script>\n<!-- \/ Yoast SEO plugin. -->","yoast_head_json":{"title":"Chanh d\u00e2y \u0111\u00f4ng l\u1ea1nh cao c\u1ea5p (c\u1eaft \u0111\u00f4i nguy\u00ean qu\u1ea3) | Ch\u1ea5t l\u01b0\u1ee3ng xu\u1ea5t kh\u1ea9u | Nghi\u1ec7t Xu\u00e2n Vi\u1ec7t Nam - Nghi\u1ec7p Xu\u00e2n - Xu\u1ea5t Nh\u1eadp Kh\u1ea9u N\u00f4ng S\u1ea3n","description":"Chanh d\u00e2y t\u01b0\u01a1i c\u1eaft \u0111\u00f4i cao c\u1ea5p t\u1eeb Vi\u1ec7t Nam. H\u00ecnh th\u1ee9c t\u1ef1 nhi\u00ean, h\u01b0\u01a1ng v\u1ecb \u0111\u1eadm \u0111\u00e0, cung c\u1ea5p s\u1ed1 l\u01b0\u1ee3ng l\u1edbn v\u00e0 \u0111\u00f3ng g\u00f3i theo y\u00eau c\u1ea7u (OEM). L\u00fd t\u01b0\u1edfng cho \u0111\u1ed3 u\u1ed1ng v\u00e0 m\u00f3n tr\u00e1ng mi\u1ec7ng. Li\u00ean h\u1ec7 ngay.","robots":{"index":"index","follow":"follow","max-snippet":"max-snippet:-1","max-image-preview":"max-image-preview:large","max-video-preview":"max-video-preview:-1"},"canonical":"https:\/\/nghiepxuan.com\/vi\/product\/chanh-day-dong-lanh-cao-cap-cat-doi-nguyen-qua-chat-luong-xuat-khau-nghiet-xuan-viet-nam\/","og_locale":"vi_VN","og_type":"article","og_title":"Chanh d\u00e2y \u0111\u00f4ng l\u1ea1nh cao c\u1ea5p (c\u1eaft \u0111\u00f4i nguy\u00ean qu\u1ea3) | Ch\u1ea5t l\u01b0\u1ee3ng xu\u1ea5t kh\u1ea9u | Nghi\u1ec7t Xu\u00e2n Vi\u1ec7t Nam - Nghi\u1ec7p Xu\u00e2n - Xu\u1ea5t Nh\u1eadp Kh\u1ea9u N\u00f4ng S\u1ea3n","og_description":"Chanh d\u00e2y t\u01b0\u01a1i c\u1eaft \u0111\u00f4i cao c\u1ea5p t\u1eeb Vi\u1ec7t Nam. H\u00ecnh th\u1ee9c t\u1ef1 nhi\u00ean, h\u01b0\u01a1ng v\u1ecb \u0111\u1eadm \u0111\u00e0, cung c\u1ea5p s\u1ed1 l\u01b0\u1ee3ng l\u1edbn v\u00e0 \u0111\u00f3ng g\u00f3i theo y\u00eau c\u1ea7u (OEM). L\u00fd t\u01b0\u1edfng cho \u0111\u1ed3 u\u1ed1ng v\u00e0 m\u00f3n tr\u00e1ng mi\u1ec7ng. Li\u00ean h\u1ec7 ngay.","og_url":"https:\/\/nghiepxuan.com\/vi\/product\/chanh-day-dong-lanh-cao-cap-cat-doi-nguyen-qua-chat-luong-xuat-khau-nghiet-xuan-viet-nam\/","og_site_name":"Nghi\u1ec7p Xu\u00e2n - Xu\u1ea5t Nh\u1eadp Kh\u1ea9u N\u00f4ng S\u1ea3n","article_publisher":"https:\/\/www.facebook.com\/nongsannghiepxuan\/","og_image":[{"width":1920,"height":2560,"url":"https:\/\/nghiepxuan.com\/wp-content\/uploads\/2026\/05\/z7792705422724_c93cbaa05ec28595bf085f68633bd967.jpg","type":"image\/jpeg"}],"twitter_card":"summary_large_image","twitter_site":"@PhuTonBui","twitter_misc":{"Est. reading time":"4 minutes"},"schema":{"@context":"https:\/\/schema.org","@graph":[{"@type":"WebPage","@id":"https:\/\/nghiepxuan.com\/vi\/product\/chanh-day-dong-lanh-cao-cap-cat-doi-nguyen-qua-chat-luong-xuat-khau-nghiet-xuan-viet-nam\/","url":"https:\/\/nghiepxuan.com\/vi\/product\/chanh-day-dong-lanh-cao-cap-cat-doi-nguyen-qua-chat-luong-xuat-khau-nghiet-xuan-viet-nam\/","name":"Chanh d\u00e2y \u0111\u00f4ng l\u1ea1nh cao c\u1ea5p (c\u1eaft \u0111\u00f4i nguy\u00ean qu\u1ea3) | Ch\u1ea5t l\u01b0\u1ee3ng xu\u1ea5t kh\u1ea9u | Nghi\u1ec7t Xu\u00e2n Vi\u1ec7t Nam - Nghi\u1ec7p Xu\u00e2n - Xu\u1ea5t Nh\u1eadp Kh\u1ea9u N\u00f4ng S\u1ea3n","isPartOf":{"@id":"https:\/\/nghiepxuan.com\/vi\/#website"},"primaryImageOfPage":{"@id":"https:\/\/nghiepxuan.com\/vi\/product\/chanh-day-dong-lanh-cao-cap-cat-doi-nguyen-qua-chat-luong-xuat-khau-nghiet-xuan-viet-nam\/#primaryimage"},"image":{"@id":"https:\/\/nghiepxuan.com\/vi\/product\/chanh-day-dong-lanh-cao-cap-cat-doi-nguyen-qua-chat-luong-xuat-khau-nghiet-xuan-viet-nam\/#primaryimage"},"thumbnailUrl":"https:\/\/nghiepxuan.com\/wp-content\/uploads\/2026\/05\/z7792705422724_c93cbaa05ec28595bf085f68633bd967.jpg","datePublished":"2026-05-07T06:20:26+00:00","description":"Chanh d\u00e2y t\u01b0\u01a1i c\u1eaft \u0111\u00f4i cao c\u1ea5p t\u1eeb Vi\u1ec7t Nam. H\u00ecnh th\u1ee9c t\u1ef1 nhi\u00ean, h\u01b0\u01a1ng v\u1ecb \u0111\u1eadm \u0111\u00e0, cung c\u1ea5p s\u1ed1 l\u01b0\u1ee3ng l\u1edbn v\u00e0 \u0111\u00f3ng g\u00f3i theo y\u00eau c\u1ea7u (OEM). L\u00fd t\u01b0\u1edfng cho \u0111\u1ed3 u\u1ed1ng v\u00e0 m\u00f3n tr\u00e1ng mi\u1ec7ng. Li\u00ean h\u1ec7 ngay.","breadcrumb":{"@id":"https:\/\/nghiepxuan.com\/vi\/product\/chanh-day-dong-lanh-cao-cap-cat-doi-nguyen-qua-chat-luong-xuat-khau-nghiet-xuan-viet-nam\/#breadcrumb"},"inLanguage":"vi-VN","potentialAction":[{"@type":"ReadAction","target":["https:\/\/nghiepxuan.com\/vi\/product\/chanh-day-dong-lanh-cao-cap-cat-doi-nguyen-qua-chat-luong-xuat-khau-nghiet-xuan-viet-nam\/"]}]},{"@type":"ImageObject","inLanguage":"vi-VN","@id":"https:\/\/nghiepxuan.com\/vi\/product\/chanh-day-dong-lanh-cao-cap-cat-doi-nguyen-qua-chat-luong-xuat-khau-nghiet-xuan-viet-nam\/#primaryimage","url":"https:\/\/nghiepxuan.com\/wp-content\/uploads\/2026\/05\/z7792705422724_c93cbaa05ec28595bf085f68633bd967.jpg","contentUrl":"https:\/\/nghiepxuan.com\/wp-content\/uploads\/2026\/05\/z7792705422724_c93cbaa05ec28595bf085f68633bd967.jpg","width":1920,"height":2560,"caption":"Frozen passion fruit"},{"@type":"BreadcrumbList","@id":"https:\/\/nghiepxuan.com\/vi\/product\/chanh-day-dong-lanh-cao-cap-cat-doi-nguyen-qua-chat-luong-xuat-khau-nghiet-xuan-viet-nam\/#breadcrumb","itemListElement":[{"@type":"ListItem","position":1,"name":"Home","item":"https:\/\/nghiepxuan.com\/vi\/"},{"@type":"ListItem","position":2,"name":"C\u1eeda h\u00e0ng","item":"https:\/\/nghiepxuan.com\/vi\/shop\/"},{"@type":"ListItem","position":3,"name":"Chanh d\u00e2y \u0111\u00f4ng l\u1ea1nh cao c\u1ea5p (c\u1eaft \u0111\u00f4i nguy\u00ean qu\u1ea3) | Ch\u1ea5t l\u01b0\u1ee3ng xu\u1ea5t kh\u1ea9u | Nghi\u1ec7t Xu\u00e2n Vi\u1ec7t Nam"}]},{"@type":"WebSite","@id":"https:\/\/nghiepxuan.com\/vi\/#website","url":"https:\/\/nghiepxuan.com\/vi\/","name":"Nghiep Xuan - Agricultural Import and Export","description":"Nu\u00f4i d\u01b0\u1ee1ng thi\u00ean nhi\u00ean, thu ho\u1ea1ch s\u1ee9c kh\u1ecfe: \u0110i\u1ec3m \u0111\u1ebfn l\u1ed1i s\u1ed1ng h\u1eefu c\u01a1 c\u1ee7a b\u1ea1n","publisher":{"@id":"https:\/\/nghiepxuan.com\/vi\/#organization"},"potentialAction":[{"@type":"SearchAction","target":{"@type":"EntryPoint","urlTemplate":"https:\/\/nghiepxuan.com\/vi\/?s={search_term_string}"},"query-input":{"@type":"PropertyValueSpecification","valueRequired":true,"valueName":"search_term_string"}}],"inLanguage":"vi-VN"},{"@type":"Organization","@id":"https:\/\/nghiepxuan.com\/vi\/#organization","name":"Nghiep Xuan - Agricultural Import and Export","url":"https:\/\/nghiepxuan.com\/vi\/","logo":{"@type":"ImageObject","inLanguage":"vi-VN","@id":"https:\/\/nghiepxuan.com\/vi\/#\/schema\/logo\/image\/","url":"https:\/\/nghiepxuan.com\/wp-content\/uploads\/2025\/04\/Nghiep-Xuan-Logo-4.png","contentUrl":"https:\/\/nghiepxuan.com\/wp-content\/uploads\/2025\/04\/Nghiep-Xuan-Logo-4.png","width":4167,"height":1015,"caption":"Nghiep Xuan - Agricultural Import and Export"},"image":{"@id":"https:\/\/nghiepxuan.com\/vi\/#\/schema\/logo\/image\/"},"sameAs":["https:\/\/www.facebook.com\/nongsannghiepxuan\/","https:\/\/x.com\/PhuTonBui","https:\/\/www.instagram.com\/xuatnhapkhaunghiepxuan\/","https:\/\/www.youtube.com\/@nongsannghiepxuan2066","https:\/\/www.tiktok.com\/@nghiepxuan"]}]}},"_links":{"self":[{"href":"https:\/\/nghiepxuan.com\/vi\/wp-json\/wp\/v2\/product\/10260","targetHints":{"allow":["GET"]}}],"collection":[{"href":"https:\/\/nghiepxuan.com\/vi\/wp-json\/wp\/v2\/product"}],"about":[{"href":"https:\/\/nghiepxuan.com\/vi\/wp-json\/wp\/v2\/types\/product"}],"replies":[{"embeddable":true,"href":"https:\/\/nghiepxuan.com\/vi\/wp-json\/wp\/v2\/comments?post=10260"}],"version-history":[{"count":0,"href":"https:\/\/nghiepxuan.com\/vi\/wp-json\/wp\/v2\/product\/10260\/revisions"}],"wp:featuredmedia":[{"embeddable":true,"href":"https:\/\/nghiepxuan.com\/vi\/wp-json\/wp\/v2\/media\/10231"}],"wp:attachment":[{"href":"https:\/\/nghiepxuan.com\/vi\/wp-json\/wp\/v2\/media?parent=10260"}],"wp:term":[{"taxonomy":"product_brand","embeddable":true,"href":"https:\/\/nghiepxuan.com\/vi\/wp-json\/wp\/v2\/product_brand?post=10260"},{"taxonomy":"product_cat","embeddable":true,"href":"https:\/\/nghiepxuan.com\/vi\/wp-json\/wp\/v2\/product_cat?post=10260"},{"taxonomy":"product_tag","embeddable":true,"href":"https:\/\/nghiepxuan.com\/vi\/wp-json\/wp\/v2\/product_tag?post=10260"}],"curies":[{"name":"wp","href":"https:\/\/api.w.org\/{rel}","templated":true}]}}