{"id":10196,"date":"2026-05-02T02:48:15","date_gmt":"2026-05-02T02:48:15","guid":{"rendered":"https:\/\/nghiepxuan.com\/product\/dau-phong-chan-dong-lanh-cao-cap-chat-luong-xuat-khau-nghiep-xuan-viet-nam\/"},"modified":"2026-05-02T02:48:15","modified_gmt":"2026-05-02T02:48:15","slug":"dau-phong-chan-dong-lanh-cao-cap-chat-luong-xuat-khau-nghiep-xuan-viet-nam","status":"publish","type":"product","link":"https:\/\/nghiepxuan.com\/vi\/product\/dau-phong-chan-dong-lanh-cao-cap-chat-luong-xuat-khau-nghiep-xuan-viet-nam\/","title":{"rendered":"\u0110\u1eadu ph\u1ed9ng ch\u1ea7n \u0111\u00f4ng l\u1ea1nh cao c\u1ea5p | Ch\u1ea5t l\u01b0\u1ee3ng xu\u1ea5t kh\u1ea9u | Nghiep Xuan, Vi\u1ec7t Nam"},"content":{"rendered":"<h3 data-section-id=\"17pkmcc\" data-start=\"393\" data-end=\"434\"><span role=\"text\"><strong data-start=\"397\" data-end=\"434\">T\u1ed5ng quan<\/strong><\/span><\/h3>\n<p data-start=\"435\" data-end=\"672\">C\u00f4ng ty Nghiep Xuan cung c\u1ea5p <strong data-start=\"456\" data-end=\"502\">\u0111\u1eadu ph\u1ed9ng ch\u1ea7n \u0111\u00f4ng l\u1ea1nh cao c\u1ea5p<\/strong> , \u0111\u01b0\u1ee3c l\u1ef1a ch\u1ecdn v\u00e0 ch\u1ebf bi\u1ebfn k\u1ef9 l\u01b0\u1ee1ng \u0111\u1ec3 lo\u1ea1i b\u1ecf l\u1edbp v\u1ecf ngo\u00e0i, mang \u0111\u1ebfn <strong data-start=\"576\" data-end=\"620\">s\u1ea3n ph\u1ea9m s\u1ea1ch, \u0111\u1ed3ng nh\u1ea5t v\u00e0 s\u1eb5n s\u00e0ng s\u1eed d\u1ee5ng<\/strong> cho c\u00e1c nh\u00e0 s\u1ea3n xu\u1ea5t th\u1ef1c ph\u1ea9m v\u00e0 c\u00e1c \u1ee9ng d\u1ee5ng c\u00f4ng nghi\u1ec7p.<\/p>\n<p data-start=\"674\" data-end=\"849\">Ch\u1ea7n s\u01a1 gi\u00fap c\u1ea3i thi\u1ec7n c\u1ea3 <strong data-start=\"698\" data-end=\"738\">h\u00ecnh th\u1ee9c v\u00e0 hi\u1ec7u qu\u1ea3 ch\u1ebf bi\u1ebfn<\/strong> , trong khi \u0111\u00f4ng l\u1ea1nh gi\u00fap duy tr\u00ec <strong data-start=\"770\" data-end=\"822\">\u0111\u1ed9 t\u01b0\u01a1i ngon, h\u01b0\u01a1ng v\u1ecb t\u1ef1 nhi\u00ean v\u00e0 \u0111\u1ed9 \u1ed5n \u0111\u1ecbnh c\u1ee7a s\u1ea3n ph\u1ea9m<\/strong> trong qu\u00e1 tr\u00ecnh b\u1ea3o qu\u1ea3n v\u00e0 xu\u1ea5t kh\u1ea9u.<\/p>\n<p data-start=\"851\" data-end=\"990\">\u0110\u1eadu ph\u1ed9ng \u0111\u00f4ng l\u1ea1nh \u0111\u00e3 ch\u1ea7n c\u1ee7a ch\u00fang t\u00f4i r\u1ea5t l\u00fd t\u01b0\u1edfng cho c\u00e1c \u0111\u1ed1i t\u00e1c mong mu\u1ed1n <strong data-start=\"910\" data-end=\"989\">ch\u1ea5t l\u01b0\u1ee3ng \u1ed5n \u0111\u1ecbnh, gi\u1ea3m th\u1eddi gian ch\u1ebf bi\u1ebfn v\u00e0 t\u1ed1i \u01b0u h\u00f3a n\u0103ng su\u1ea5t s\u1ea3n xu\u1ea5t<\/strong> .<\/p>\n<hr data-start=\"992\" data-end=\"995\">\n<h3 data-section-id=\"kjjhmc\" data-start=\"997\" data-end=\"1020\"><span role=\"text\"><strong data-start=\"1001\" data-end=\"1020\">\ud83e\udd5c C\u00e1c t\u00ednh n\u0103ng ch\u00ednh<\/strong><\/span><\/h3>\n<ul data-start=\"1021\" data-end=\"1408\">\n<li data-section-id=\"1mo2nde\" data-start=\"1021\" data-end=\"1082\"><strong data-start=\"1023\" data-end=\"1054\">Kh\u00f4ng v\u1ecf v\u00e0 c\u00f3 v\u1ebb ngo\u00e0i s\u1ea1ch s\u1ebd<\/strong> \u2013 H\u1ea1t \u0111\u1ed3ng \u0111\u1ec1u, s\u00e1ng m\u00e0u.<\/li>\n<li data-section-id=\"1lxe30t\" data-start=\"1083\" data-end=\"1144\"><strong data-start=\"1085\" data-end=\"1101\">S\u1ea3n ph\u1ea9m s\u1eb5n s\u00e0ng s\u1eed d\u1ee5ng<\/strong> \u2013 Kh\u00f4ng c\u1ea7n g\u1ecdt v\u1ecf, ti\u1ebft ki\u1ec7m chi ph\u00ed nh\u00e2n c\u00f4ng.<\/li>\n<li data-section-id=\"5pesk3\" data-start=\"1145\" data-end=\"1215\"><strong data-start=\"1147\" data-end=\"1176\">K\u00edch th\u01b0\u1edbc v\u00e0 ch\u1ea5t l\u01b0\u1ee3ng \u0111\u1ed3ng nh\u1ea5t<\/strong> \u2013 Th\u00edch h\u1ee3p cho quy tr\u00ecnh c\u00f4ng nghi\u1ec7p<\/li>\n<li data-section-id=\"o0mzv6\" data-start=\"1216\" data-end=\"1279\"><strong data-start=\"1218\" data-end=\"1246\">Gi\u1eef nguy\u00ean h\u01b0\u01a1ng v\u1ecb t\u1ef1 nhi\u00ean<\/strong> \u2013 Duy tr\u00ec h\u01b0\u01a1ng v\u1ecb \u0111\u1eadu ph\u1ed9ng t\u01b0\u01a1i ngon.<\/li>\n<li data-section-id=\"1vi7qs6\" data-start=\"1280\" data-end=\"1349\"><strong data-start=\"1282\" data-end=\"1305\">Quy tr\u00ecnh ch\u1ebf bi\u1ebfn h\u1ee3p v\u1ec7 sinh<\/strong> \u2013 S\u1ea3n xu\u1ea5t theo ti\u00eau chu\u1ea9n ch\u1ea5t l\u01b0\u1ee3ng nghi\u00eam ng\u1eb7t.<\/li>\n<li data-section-id=\"p933m\" data-start=\"1350\" data-end=\"1408\"><strong data-start=\"1352\" data-end=\"1369\">Ngu\u1ed3n cung \u1ed5n \u0111\u1ecbnh<\/strong> \u2013 Kh\u1ed1i l\u01b0\u1ee3ng c\u00f3 th\u1ec3 m\u1edf r\u1ed9ng cho th\u1ecb tr\u01b0\u1eddng xu\u1ea5t kh\u1ea9u.<\/li>\n<\/ul>\n<hr data-start=\"1410\" data-end=\"1413\">\n<h3 data-section-id=\"f701lt\" data-start=\"1415\" data-end=\"1439\"><span role=\"text\"><strong data-start=\"1419\" data-end=\"1439\">\ud83c\udf7d\ufe0f \u0110\u01a1n \u0111\u0103ng k\u00fd<\/strong><\/span><\/h3>\n<p data-start=\"1440\" data-end=\"1480\">C\u00f3 t\u00ednh \u1ee9ng d\u1ee5ng cao trong nhi\u1ec1u ng\u00e0nh c\u00f4ng nghi\u1ec7p th\u1ef1c ph\u1ea9m:<\/p>\n<ul data-start=\"1481\" data-end=\"1699\">\n<li data-section-id=\"vdtyze\" data-start=\"1481\" data-end=\"1510\">B\u01a1 \u0111\u1eadu ph\u1ed9ng v\u00e0 c\u00e1c lo\u1ea1i ph\u1ebft kh\u00e1c<\/li>\n<li data-section-id=\"15pmls0\" data-start=\"1511\" data-end=\"1557\">B\u00e1nh k\u1eb9o (s\u00f4 c\u00f4 la, k\u1eb9o, nh\u00e2n b\u00e1nh)<\/li>\n<li data-section-id=\"gwfu9f\" data-start=\"1558\" data-end=\"1590\">C\u00e1c lo\u1ea1i n\u01b0\u1edbc ch\u1ea5m (satay, s\u1ed1t \u0111\u1eadu ph\u1ed9ng)<\/li>\n<li data-section-id=\"xwnv3x\" data-start=\"1591\" data-end=\"1629\">\u0110\u1ed3 \u0103n nh\u1eb9 v\u00e0 c\u00e1c s\u1ea3n ph\u1ea9m t\u1eeb \u0111\u1eadu ph\u1ed9ng rang<\/li>\n<li data-section-id=\"v5tswq\" data-start=\"1630\" data-end=\"1662\">S\u1ea3n xu\u1ea5t b\u00e1nh m\u00ec v\u00e0 ng\u0169 c\u1ed1c<\/li>\n<li data-section-id=\"vhpz6g\" data-start=\"1663\" data-end=\"1699\">Th\u1ef1c ph\u1ea9m ch\u1ebf bi\u1ebfn s\u1eb5n v\u00e0 th\u1ef1c ph\u1ea9m \u0111\u00f3ng g\u00f3i<\/li>\n<\/ul>\n<hr data-start=\"1701\" data-end=\"1704\">\n<h3 data-section-id=\"grum48\" data-start=\"1706\" data-end=\"1739\"><span role=\"text\"><strong data-start=\"1710\" data-end=\"1739\">\ud83d\udce6 Th\u00f4ng s\u1ed1 k\u1ef9 thu\u1eadt s\u1ea3n ph\u1ea9m<\/strong><\/span><\/h3>\n<ul data-start=\"1740\" data-end=\"2143\">\n<li data-section-id=\"1fmbs8v\" data-start=\"1740\" data-end=\"1796\"><strong data-start=\"1742\" data-end=\"1759\">Lo\u1ea1i s\u1ea3n ph\u1ea9m:<\/strong> \u0110\u1eadu ph\u1ed9ng ch\u1ea7n \u0111\u00f4ng l\u1ea1nh<\/li>\n<li data-section-id=\"1fnhoqm\" data-start=\"1797\" data-end=\"1834\"><strong data-start=\"1799\" data-end=\"1814\">Quy tr\u00ecnh ch\u1ebf bi\u1ebfn:<\/strong> Ch\u1ea7n s\u01a1 v\u00e0 \u0111\u00f4ng l\u1ea1nh<\/li>\n<li data-section-id=\"895jai\" data-start=\"1835\" data-end=\"1858\"><strong data-start=\"1837\" data-end=\"1848\">Xu\u1ea5t x\u1ee9:<\/strong> Vi\u1ec7t Nam<\/li>\n<li data-section-id=\"5d1acd\" data-start=\"1859\" data-end=\"1900\"><strong data-start=\"1861\" data-end=\"1876\">Th\u1eddi h\u1ea1n s\u1eed d\u1ee5ng:<\/strong> 18\u201324 th\u00e1ng \u1edf -18\u00b0C<\/li>\n<li data-section-id=\"hpqp2v\" data-start=\"1901\" data-end=\"1952\"><strong data-start=\"1903\" data-end=\"1917\">\u0110\u00f3ng g\u00f3i:<\/strong> S\u1ed1 l\u01b0\u1ee3ng l\u1edbn \/ B\u00e1n l\u1ebb \/ T\u00f9y ch\u1ec9nh theo y\u00eau c\u1ea7u OEM<\/li>\n<li data-section-id=\"1ia0xg\" data-start=\"1953\" data-end=\"2018\"><strong data-start=\"1955\" data-end=\"1971\">K\u00edch c\u1ee1 theo size:<\/strong> C\u00f3 s\u1eb5n theo y\u00eau c\u1ea7u (v\u00ed d\u1ee5: 38\/42, 40\/50\u2026)<\/li>\n<li data-section-id=\"1u7ft2w\" data-start=\"2019\" data-end=\"2077\"><strong data-start=\"2021\" data-end=\"2040\">\u0110\u1ed9 \u1ea9m:<\/strong> \u0110\u01b0\u1ee3c ki\u1ec3m so\u00e1t \u0111\u1ec3 \u0111\u1ea3m b\u1ea3o ch\u1ea5t l\u01b0\u1ee3ng \u1ed5n \u0111\u1ecbnh.<\/li>\n<li data-section-id=\"1cmy0zo\" data-start=\"2078\" data-end=\"2143\"><strong data-start=\"2080\" data-end=\"2099\">Ch\u1ee9ng nh\u1eadn:<\/strong> C\u00f3 s\u1eb5n theo y\u00eau c\u1ea7u (ISO, HACCP, v.v.)<\/li>\n<\/ul>\n<hr data-start=\"2145\" data-end=\"2148\">\n<h3 data-section-id=\"1a272qi\" data-start=\"2150\" data-end=\"2184\"><span role=\"text\"><strong data-start=\"2154\" data-end=\"2184\">\ud83d\ude9a T\u1ea1i sao n\u00ean ch\u1ecdn Nghiep Xuan?<\/strong><\/span><\/h3>\n<ul data-start=\"2185\" data-end=\"2462\">\n<li data-section-id=\"7ympw0\" data-start=\"2185\" data-end=\"2251\">Nh\u00e0 xu\u1ea5t kh\u1ea9u \u0111\u00e1ng tin c\u1eady <strong data-start=\"2208\" data-end=\"2249\">c\u00e1c nguy\u00ean li\u1ec7u n\u00f4ng s\u1ea3n Vi\u1ec7t Nam.<\/strong><\/li>\n<li data-section-id=\"iosfkk\" data-start=\"2252\" data-end=\"2305\"><strong data-start=\"2261\" data-end=\"2303\">Ti\u00eau chu\u1ea9n ki\u1ec3m so\u00e1t ch\u1ea5t l\u01b0\u1ee3ng v\u00e0 quy tr\u00ecnh<\/strong> nghi\u00eam ng\u1eb7t<\/li>\n<li data-section-id=\"15ieb6r\" data-start=\"2306\" data-end=\"2374\">T\u1eadp trung v\u00e0o <strong data-start=\"2317\" data-end=\"2372\">c\u00e1c y\u00eau c\u1ea7u c\u1ee7a ng\u01b0\u1eddi mua c\u00f4ng nghi\u1ec7p (t\u00ednh nh\u1ea5t qu\u00e1n v\u00e0 n\u0103ng su\u1ea5t)<\/strong><\/li>\n<li data-section-id=\"1xans75\" data-start=\"2375\" data-end=\"2419\"><strong data-start=\"2386\" data-end=\"2417\">Bao b\u00ec OEM\/nh\u00e3n hi\u1ec7u ri\u00eang<\/strong> linh ho\u1ea1t<\/li>\n<li data-section-id=\"mszzm1\" data-start=\"2420\" data-end=\"2462\"><strong data-start=\"2432\" data-end=\"2460\">C\u00e1ch ti\u1ebfp c\u1eadn h\u1ee3p t\u00e1c B2B<\/strong> d\u00e0i h\u1ea1n<\/li>\n<\/ul>\n<hr data-start=\"2464\" data-end=\"2467\">\n<h3 data-section-id=\"sirax1\" data-start=\"2469\" data-end=\"2491\"><span role=\"text\"><strong data-start=\"2473\" data-end=\"2491\">\ud83d\udce9 Y\u00eau c\u1ea7u th\u00f4ng tin CTA<\/strong><\/span><\/h3>\n<p data-start=\"2492\" data-end=\"2635\">B\u1ea1n \u0111ang t\u00ecm ki\u1ebfm nh\u00e0 cung c\u1ea5p \u0111\u1eadu ph\u1ed9ng \u0111\u00f4ng l\u1ea1nh \u0111\u00e3 ch\u1ea7n \u0111\u00e1ng tin c\u1eady?<br data-start=\"2551\" data-end=\"2554\"> \ud83d\udc49 Li\u00ean h\u1ec7 v\u1edbi Nghiep Xuan ngay h\u00f4m nay \u0111\u1ec3 bi\u1ebft <strong data-start=\"2587\" data-end=\"2634\">gi\u00e1 c\u1ea3, m\u1eabu s\u1ea3n ph\u1ea9m v\u00e0 h\u1ee3p t\u00e1c l\u00e2u d\u00e0i<\/strong> .<\/p>\n<div class=\"woocommerce-tabs-full tabs-v1 woocommerce-tabs\">\n<div class=\"tab-content\">\n<div id=\"tab-description\" class=\"tab-full\">\n<p data-start=\"2480\" data-end=\"2633\">Email: info@nghiepxuan.com || WhatsApp\/Viber\/Zalo\/Wechat\/Hotline: +84939 345 598<\/p>\n<\/div>\n<\/div>\n<\/div>\n<div class=\"related products widget \"><\/div>\n","protected":false},"excerpt":{"rendered":"<p>\u0110\u1eadu ph\u1ed9ng t\u00e1ch v\u1ecf ch\u1ea5t l\u01b0\u1ee3ng cao d\u00f9ng cho b\u01a1 \u0111\u1eadu ph\u1ed9ng, \u0111\u1ed3 \u0103n nh\u1eb9 v\u00e0 n\u01b0\u1edbc s\u1ed1t. K\u00edch th\u01b0\u1edbc \u0111\u1ed3ng \u0111\u1ec1u, ngu\u1ed3n cung \u1ed5n \u0111\u1ecbnh, gi\u00e1 c\u1ea3 c\u1ea1nh tranh. Y\u00eau c\u1ea7u b\u00e1o gi\u00e1 ngay h\u00f4m nay.  <\/p>\n","protected":false},"featured_media":10165,"comment_status":"open","ping_status":"closed","template":"","meta":{"content-type":""},"product_brand":[],"product_cat":[425],"product_tag":[1260,1259,1189,1160],"class_list":{"0":"post-10196","1":"product","2":"type-product","3":"status-publish","4":"has-post-thumbnail","6":"product_cat-frozen","7":"product_tag-dau-phong-chan","8":"product_tag-dau-phong-dong-lanh","9":"product_tag-trai-cay-dong-lanh","10":"product_tag-xuat-khau-cua-viet-nam","12":"first","13":"instock","14":"shipping-taxable","15":"product-type-simple"},"yoast_head":"<!-- This site is optimized with the Yoast SEO plugin v26.9 - https:\/\/yoast.com\/product\/yoast-seo-wordpress\/ -->\n<title>\u0110\u1eadu ph\u1ed9ng ch\u1ea7n \u0111\u00f4ng l\u1ea1nh cao c\u1ea5p | Ch\u1ea5t l\u01b0\u1ee3ng xu\u1ea5t kh\u1ea9u | Nghiep Xuan, Vi\u1ec7t Nam - Nghi\u1ec7p Xu\u00e2n - Xu\u1ea5t Nh\u1eadp Kh\u1ea9u N\u00f4ng S\u1ea3n<\/title>\n<meta name=\"description\" content=\"\u0110\u1eadu ph\u1ed9ng \u0111\u00f4ng l\u1ea1nh cao c\u1ea5p (\u0111\u00e3 b\u00f3c v\u1ecf) t\u1eeb Vi\u1ec7t Nam. S\u1ea1ch s\u1ebd, \u0111\u1ed3ng nh\u1ea5t, cung c\u1ea5p s\u1ed1 l\u01b0\u1ee3ng l\u1edbn v\u00e0 \u0111\u00f3ng g\u00f3i theo y\u00eau c\u1ea7u (OEM). L\u00fd t\u01b0\u1edfng cho ng\u00e0nh ch\u1ebf bi\u1ebfn th\u1ef1c ph\u1ea9m. Li\u00ean h\u1ec7 ngay.\" \/>\n<meta name=\"robots\" content=\"index, follow, max-snippet:-1, max-image-preview:large, max-video-preview:-1\" \/>\n<link rel=\"canonical\" href=\"https:\/\/nghiepxuan.com\/vi\/product\/dau-phong-chan-dong-lanh-cao-cap-chat-luong-xuat-khau-nghiep-xuan-viet-nam\/\" \/>\n<meta property=\"og:locale\" content=\"vi_VN\" \/>\n<meta property=\"og:type\" content=\"article\" \/>\n<meta property=\"og:title\" content=\"\u0110\u1eadu ph\u1ed9ng ch\u1ea7n \u0111\u00f4ng l\u1ea1nh cao c\u1ea5p | Ch\u1ea5t l\u01b0\u1ee3ng xu\u1ea5t kh\u1ea9u | Nghiep Xuan, Vi\u1ec7t Nam - Nghi\u1ec7p Xu\u00e2n - Xu\u1ea5t Nh\u1eadp Kh\u1ea9u N\u00f4ng S\u1ea3n\" \/>\n<meta property=\"og:description\" content=\"\u0110\u1eadu ph\u1ed9ng \u0111\u00f4ng l\u1ea1nh cao c\u1ea5p (\u0111\u00e3 b\u00f3c v\u1ecf) t\u1eeb Vi\u1ec7t Nam. S\u1ea1ch s\u1ebd, \u0111\u1ed3ng nh\u1ea5t, cung c\u1ea5p s\u1ed1 l\u01b0\u1ee3ng l\u1edbn v\u00e0 \u0111\u00f3ng g\u00f3i theo y\u00eau c\u1ea7u (OEM). L\u00fd t\u01b0\u1edfng cho ng\u00e0nh ch\u1ebf bi\u1ebfn th\u1ef1c ph\u1ea9m. Li\u00ean h\u1ec7 ngay.\" \/>\n<meta property=\"og:url\" content=\"https:\/\/nghiepxuan.com\/vi\/product\/dau-phong-chan-dong-lanh-cao-cap-chat-luong-xuat-khau-nghiep-xuan-viet-nam\/\" \/>\n<meta property=\"og:site_name\" content=\"Nghi\u1ec7p Xu\u00e2n - Xu\u1ea5t Nh\u1eadp Kh\u1ea9u N\u00f4ng S\u1ea3n\" \/>\n<meta property=\"article:publisher\" content=\"https:\/\/www.facebook.com\/nongsannghiepxuan\/\" \/>\n<meta property=\"og:image\" content=\"https:\/\/nghiepxuan.com\/wp-content\/uploads\/2026\/05\/IMG_9374.jpg\" \/>\n\t<meta property=\"og:image:width\" content=\"1858\" \/>\n\t<meta property=\"og:image:height\" content=\"2087\" \/>\n\t<meta property=\"og:image:type\" content=\"image\/jpeg\" \/>\n<meta name=\"twitter:card\" content=\"summary_large_image\" \/>\n<meta name=\"twitter:site\" content=\"@PhuTonBui\" \/>\n<meta name=\"twitter:label1\" content=\"Est. reading time\" \/>\n\t<meta name=\"twitter:data1\" content=\"4 minutes\" \/>\n<script type=\"application\/ld+json\" class=\"yoast-schema-graph\">{\"@context\":\"https:\/\/schema.org\",\"@graph\":[{\"@type\":\"WebPage\",\"@id\":\"https:\/\/nghiepxuan.com\/vi\/product\/dau-phong-chan-dong-lanh-cao-cap-chat-luong-xuat-khau-nghiep-xuan-viet-nam\/\",\"url\":\"https:\/\/nghiepxuan.com\/vi\/product\/dau-phong-chan-dong-lanh-cao-cap-chat-luong-xuat-khau-nghiep-xuan-viet-nam\/\",\"name\":\"\u0110\u1eadu ph\u1ed9ng ch\u1ea7n \u0111\u00f4ng l\u1ea1nh cao c\u1ea5p | Ch\u1ea5t l\u01b0\u1ee3ng xu\u1ea5t kh\u1ea9u | Nghiep Xuan, Vi\u1ec7t Nam - Nghi\u1ec7p Xu\u00e2n - Xu\u1ea5t Nh\u1eadp Kh\u1ea9u N\u00f4ng S\u1ea3n\",\"isPartOf\":{\"@id\":\"https:\/\/nghiepxuan.com\/vi\/#website\"},\"primaryImageOfPage\":{\"@id\":\"https:\/\/nghiepxuan.com\/vi\/product\/dau-phong-chan-dong-lanh-cao-cap-chat-luong-xuat-khau-nghiep-xuan-viet-nam\/#primaryimage\"},\"image\":{\"@id\":\"https:\/\/nghiepxuan.com\/vi\/product\/dau-phong-chan-dong-lanh-cao-cap-chat-luong-xuat-khau-nghiep-xuan-viet-nam\/#primaryimage\"},\"thumbnailUrl\":\"https:\/\/nghiepxuan.com\/wp-content\/uploads\/2026\/05\/IMG_9374.jpg\",\"datePublished\":\"2026-05-02T02:48:15+00:00\",\"description\":\"\u0110\u1eadu ph\u1ed9ng \u0111\u00f4ng l\u1ea1nh cao c\u1ea5p (\u0111\u00e3 b\u00f3c v\u1ecf) t\u1eeb Vi\u1ec7t Nam. S\u1ea1ch s\u1ebd, \u0111\u1ed3ng nh\u1ea5t, cung c\u1ea5p s\u1ed1 l\u01b0\u1ee3ng l\u1edbn v\u00e0 \u0111\u00f3ng g\u00f3i theo y\u00eau c\u1ea7u (OEM). L\u00fd t\u01b0\u1edfng cho ng\u00e0nh ch\u1ebf bi\u1ebfn th\u1ef1c ph\u1ea9m. Li\u00ean h\u1ec7 ngay.\",\"breadcrumb\":{\"@id\":\"https:\/\/nghiepxuan.com\/vi\/product\/dau-phong-chan-dong-lanh-cao-cap-chat-luong-xuat-khau-nghiep-xuan-viet-nam\/#breadcrumb\"},\"inLanguage\":\"vi-VN\",\"potentialAction\":[{\"@type\":\"ReadAction\",\"target\":[\"https:\/\/nghiepxuan.com\/vi\/product\/dau-phong-chan-dong-lanh-cao-cap-chat-luong-xuat-khau-nghiep-xuan-viet-nam\/\"]}]},{\"@type\":\"ImageObject\",\"inLanguage\":\"vi-VN\",\"@id\":\"https:\/\/nghiepxuan.com\/vi\/product\/dau-phong-chan-dong-lanh-cao-cap-chat-luong-xuat-khau-nghiep-xuan-viet-nam\/#primaryimage\",\"url\":\"https:\/\/nghiepxuan.com\/wp-content\/uploads\/2026\/05\/IMG_9374.jpg\",\"contentUrl\":\"https:\/\/nghiepxuan.com\/wp-content\/uploads\/2026\/05\/IMG_9374.jpg\",\"width\":1858,\"height\":2087,\"caption\":\"Frozen Blanched Peanuts\"},{\"@type\":\"BreadcrumbList\",\"@id\":\"https:\/\/nghiepxuan.com\/vi\/product\/dau-phong-chan-dong-lanh-cao-cap-chat-luong-xuat-khau-nghiep-xuan-viet-nam\/#breadcrumb\",\"itemListElement\":[{\"@type\":\"ListItem\",\"position\":1,\"name\":\"Home\",\"item\":\"https:\/\/nghiepxuan.com\/vi\/\"},{\"@type\":\"ListItem\",\"position\":2,\"name\":\"C\u1eeda h\u00e0ng\",\"item\":\"https:\/\/nghiepxuan.com\/vi\/shop\/\"},{\"@type\":\"ListItem\",\"position\":3,\"name\":\"\u0110\u1eadu ph\u1ed9ng ch\u1ea7n \u0111\u00f4ng l\u1ea1nh cao c\u1ea5p | Ch\u1ea5t l\u01b0\u1ee3ng xu\u1ea5t kh\u1ea9u | Nghiep Xuan, Vi\u1ec7t Nam\"}]},{\"@type\":\"WebSite\",\"@id\":\"https:\/\/nghiepxuan.com\/vi\/#website\",\"url\":\"https:\/\/nghiepxuan.com\/vi\/\",\"name\":\"Nghiep Xuan - Agricultural Import and Export\",\"description\":\"Nu\u00f4i d\u01b0\u1ee1ng thi\u00ean nhi\u00ean, thu ho\u1ea1ch s\u1ee9c kh\u1ecfe: \u0110i\u1ec3m \u0111\u1ebfn l\u1ed1i s\u1ed1ng h\u1eefu c\u01a1 c\u1ee7a b\u1ea1n\",\"publisher\":{\"@id\":\"https:\/\/nghiepxuan.com\/vi\/#organization\"},\"potentialAction\":[{\"@type\":\"SearchAction\",\"target\":{\"@type\":\"EntryPoint\",\"urlTemplate\":\"https:\/\/nghiepxuan.com\/vi\/?s={search_term_string}\"},\"query-input\":{\"@type\":\"PropertyValueSpecification\",\"valueRequired\":true,\"valueName\":\"search_term_string\"}}],\"inLanguage\":\"vi-VN\"},{\"@type\":\"Organization\",\"@id\":\"https:\/\/nghiepxuan.com\/vi\/#organization\",\"name\":\"Nghiep Xuan - Agricultural Import and Export\",\"url\":\"https:\/\/nghiepxuan.com\/vi\/\",\"logo\":{\"@type\":\"ImageObject\",\"inLanguage\":\"vi-VN\",\"@id\":\"https:\/\/nghiepxuan.com\/vi\/#\/schema\/logo\/image\/\",\"url\":\"https:\/\/nghiepxuan.com\/wp-content\/uploads\/2025\/04\/Nghiep-Xuan-Logo-4.png\",\"contentUrl\":\"https:\/\/nghiepxuan.com\/wp-content\/uploads\/2025\/04\/Nghiep-Xuan-Logo-4.png\",\"width\":4167,\"height\":1015,\"caption\":\"Nghiep Xuan - Agricultural Import and Export\"},\"image\":{\"@id\":\"https:\/\/nghiepxuan.com\/vi\/#\/schema\/logo\/image\/\"},\"sameAs\":[\"https:\/\/www.facebook.com\/nongsannghiepxuan\/\",\"https:\/\/x.com\/PhuTonBui\",\"https:\/\/www.instagram.com\/xuatnhapkhaunghiepxuan\/\",\"https:\/\/www.youtube.com\/@nongsannghiepxuan2066\",\"https:\/\/www.tiktok.com\/@nghiepxuan\"]}]}<\/script>\n<!-- \/ Yoast SEO plugin. -->","yoast_head_json":{"title":"\u0110\u1eadu ph\u1ed9ng ch\u1ea7n \u0111\u00f4ng l\u1ea1nh cao c\u1ea5p | Ch\u1ea5t l\u01b0\u1ee3ng xu\u1ea5t kh\u1ea9u | Nghiep Xuan, Vi\u1ec7t Nam - Nghi\u1ec7p Xu\u00e2n - Xu\u1ea5t Nh\u1eadp Kh\u1ea9u N\u00f4ng S\u1ea3n","description":"\u0110\u1eadu ph\u1ed9ng \u0111\u00f4ng l\u1ea1nh cao c\u1ea5p (\u0111\u00e3 b\u00f3c v\u1ecf) t\u1eeb Vi\u1ec7t Nam. S\u1ea1ch s\u1ebd, \u0111\u1ed3ng nh\u1ea5t, cung c\u1ea5p s\u1ed1 l\u01b0\u1ee3ng l\u1edbn v\u00e0 \u0111\u00f3ng g\u00f3i theo y\u00eau c\u1ea7u (OEM). L\u00fd t\u01b0\u1edfng cho ng\u00e0nh ch\u1ebf bi\u1ebfn th\u1ef1c ph\u1ea9m. Li\u00ean h\u1ec7 ngay.","robots":{"index":"index","follow":"follow","max-snippet":"max-snippet:-1","max-image-preview":"max-image-preview:large","max-video-preview":"max-video-preview:-1"},"canonical":"https:\/\/nghiepxuan.com\/vi\/product\/dau-phong-chan-dong-lanh-cao-cap-chat-luong-xuat-khau-nghiep-xuan-viet-nam\/","og_locale":"vi_VN","og_type":"article","og_title":"\u0110\u1eadu ph\u1ed9ng ch\u1ea7n \u0111\u00f4ng l\u1ea1nh cao c\u1ea5p | Ch\u1ea5t l\u01b0\u1ee3ng xu\u1ea5t kh\u1ea9u | Nghiep Xuan, Vi\u1ec7t Nam - Nghi\u1ec7p Xu\u00e2n - Xu\u1ea5t Nh\u1eadp Kh\u1ea9u N\u00f4ng S\u1ea3n","og_description":"\u0110\u1eadu ph\u1ed9ng \u0111\u00f4ng l\u1ea1nh cao c\u1ea5p (\u0111\u00e3 b\u00f3c v\u1ecf) t\u1eeb Vi\u1ec7t Nam. S\u1ea1ch s\u1ebd, \u0111\u1ed3ng nh\u1ea5t, cung c\u1ea5p s\u1ed1 l\u01b0\u1ee3ng l\u1edbn v\u00e0 \u0111\u00f3ng g\u00f3i theo y\u00eau c\u1ea7u (OEM). L\u00fd t\u01b0\u1edfng cho ng\u00e0nh ch\u1ebf bi\u1ebfn th\u1ef1c ph\u1ea9m. Li\u00ean h\u1ec7 ngay.","og_url":"https:\/\/nghiepxuan.com\/vi\/product\/dau-phong-chan-dong-lanh-cao-cap-chat-luong-xuat-khau-nghiep-xuan-viet-nam\/","og_site_name":"Nghi\u1ec7p Xu\u00e2n - Xu\u1ea5t Nh\u1eadp Kh\u1ea9u N\u00f4ng S\u1ea3n","article_publisher":"https:\/\/www.facebook.com\/nongsannghiepxuan\/","og_image":[{"width":1858,"height":2087,"url":"https:\/\/nghiepxuan.com\/wp-content\/uploads\/2026\/05\/IMG_9374.jpg","type":"image\/jpeg"}],"twitter_card":"summary_large_image","twitter_site":"@PhuTonBui","twitter_misc":{"Est. reading time":"4 minutes"},"schema":{"@context":"https:\/\/schema.org","@graph":[{"@type":"WebPage","@id":"https:\/\/nghiepxuan.com\/vi\/product\/dau-phong-chan-dong-lanh-cao-cap-chat-luong-xuat-khau-nghiep-xuan-viet-nam\/","url":"https:\/\/nghiepxuan.com\/vi\/product\/dau-phong-chan-dong-lanh-cao-cap-chat-luong-xuat-khau-nghiep-xuan-viet-nam\/","name":"\u0110\u1eadu ph\u1ed9ng ch\u1ea7n \u0111\u00f4ng l\u1ea1nh cao c\u1ea5p | Ch\u1ea5t l\u01b0\u1ee3ng xu\u1ea5t kh\u1ea9u | Nghiep Xuan, Vi\u1ec7t Nam - Nghi\u1ec7p Xu\u00e2n - Xu\u1ea5t Nh\u1eadp Kh\u1ea9u N\u00f4ng S\u1ea3n","isPartOf":{"@id":"https:\/\/nghiepxuan.com\/vi\/#website"},"primaryImageOfPage":{"@id":"https:\/\/nghiepxuan.com\/vi\/product\/dau-phong-chan-dong-lanh-cao-cap-chat-luong-xuat-khau-nghiep-xuan-viet-nam\/#primaryimage"},"image":{"@id":"https:\/\/nghiepxuan.com\/vi\/product\/dau-phong-chan-dong-lanh-cao-cap-chat-luong-xuat-khau-nghiep-xuan-viet-nam\/#primaryimage"},"thumbnailUrl":"https:\/\/nghiepxuan.com\/wp-content\/uploads\/2026\/05\/IMG_9374.jpg","datePublished":"2026-05-02T02:48:15+00:00","description":"\u0110\u1eadu ph\u1ed9ng \u0111\u00f4ng l\u1ea1nh cao c\u1ea5p (\u0111\u00e3 b\u00f3c v\u1ecf) t\u1eeb Vi\u1ec7t Nam. S\u1ea1ch s\u1ebd, \u0111\u1ed3ng nh\u1ea5t, cung c\u1ea5p s\u1ed1 l\u01b0\u1ee3ng l\u1edbn v\u00e0 \u0111\u00f3ng g\u00f3i theo y\u00eau c\u1ea7u (OEM). L\u00fd t\u01b0\u1edfng cho ng\u00e0nh ch\u1ebf bi\u1ebfn th\u1ef1c ph\u1ea9m. Li\u00ean h\u1ec7 ngay.","breadcrumb":{"@id":"https:\/\/nghiepxuan.com\/vi\/product\/dau-phong-chan-dong-lanh-cao-cap-chat-luong-xuat-khau-nghiep-xuan-viet-nam\/#breadcrumb"},"inLanguage":"vi-VN","potentialAction":[{"@type":"ReadAction","target":["https:\/\/nghiepxuan.com\/vi\/product\/dau-phong-chan-dong-lanh-cao-cap-chat-luong-xuat-khau-nghiep-xuan-viet-nam\/"]}]},{"@type":"ImageObject","inLanguage":"vi-VN","@id":"https:\/\/nghiepxuan.com\/vi\/product\/dau-phong-chan-dong-lanh-cao-cap-chat-luong-xuat-khau-nghiep-xuan-viet-nam\/#primaryimage","url":"https:\/\/nghiepxuan.com\/wp-content\/uploads\/2026\/05\/IMG_9374.jpg","contentUrl":"https:\/\/nghiepxuan.com\/wp-content\/uploads\/2026\/05\/IMG_9374.jpg","width":1858,"height":2087,"caption":"Frozen Blanched Peanuts"},{"@type":"BreadcrumbList","@id":"https:\/\/nghiepxuan.com\/vi\/product\/dau-phong-chan-dong-lanh-cao-cap-chat-luong-xuat-khau-nghiep-xuan-viet-nam\/#breadcrumb","itemListElement":[{"@type":"ListItem","position":1,"name":"Home","item":"https:\/\/nghiepxuan.com\/vi\/"},{"@type":"ListItem","position":2,"name":"C\u1eeda h\u00e0ng","item":"https:\/\/nghiepxuan.com\/vi\/shop\/"},{"@type":"ListItem","position":3,"name":"\u0110\u1eadu ph\u1ed9ng ch\u1ea7n \u0111\u00f4ng l\u1ea1nh cao c\u1ea5p | Ch\u1ea5t l\u01b0\u1ee3ng xu\u1ea5t kh\u1ea9u | Nghiep Xuan, Vi\u1ec7t Nam"}]},{"@type":"WebSite","@id":"https:\/\/nghiepxuan.com\/vi\/#website","url":"https:\/\/nghiepxuan.com\/vi\/","name":"Nghiep Xuan - Agricultural Import and Export","description":"Nu\u00f4i d\u01b0\u1ee1ng thi\u00ean nhi\u00ean, thu ho\u1ea1ch s\u1ee9c kh\u1ecfe: \u0110i\u1ec3m \u0111\u1ebfn l\u1ed1i s\u1ed1ng h\u1eefu c\u01a1 c\u1ee7a b\u1ea1n","publisher":{"@id":"https:\/\/nghiepxuan.com\/vi\/#organization"},"potentialAction":[{"@type":"SearchAction","target":{"@type":"EntryPoint","urlTemplate":"https:\/\/nghiepxuan.com\/vi\/?s={search_term_string}"},"query-input":{"@type":"PropertyValueSpecification","valueRequired":true,"valueName":"search_term_string"}}],"inLanguage":"vi-VN"},{"@type":"Organization","@id":"https:\/\/nghiepxuan.com\/vi\/#organization","name":"Nghiep Xuan - Agricultural Import and Export","url":"https:\/\/nghiepxuan.com\/vi\/","logo":{"@type":"ImageObject","inLanguage":"vi-VN","@id":"https:\/\/nghiepxuan.com\/vi\/#\/schema\/logo\/image\/","url":"https:\/\/nghiepxuan.com\/wp-content\/uploads\/2025\/04\/Nghiep-Xuan-Logo-4.png","contentUrl":"https:\/\/nghiepxuan.com\/wp-content\/uploads\/2025\/04\/Nghiep-Xuan-Logo-4.png","width":4167,"height":1015,"caption":"Nghiep Xuan - Agricultural Import and Export"},"image":{"@id":"https:\/\/nghiepxuan.com\/vi\/#\/schema\/logo\/image\/"},"sameAs":["https:\/\/www.facebook.com\/nongsannghiepxuan\/","https:\/\/x.com\/PhuTonBui","https:\/\/www.instagram.com\/xuatnhapkhaunghiepxuan\/","https:\/\/www.youtube.com\/@nongsannghiepxuan2066","https:\/\/www.tiktok.com\/@nghiepxuan"]}]}},"_links":{"self":[{"href":"https:\/\/nghiepxuan.com\/vi\/wp-json\/wp\/v2\/product\/10196","targetHints":{"allow":["GET"]}}],"collection":[{"href":"https:\/\/nghiepxuan.com\/vi\/wp-json\/wp\/v2\/product"}],"about":[{"href":"https:\/\/nghiepxuan.com\/vi\/wp-json\/wp\/v2\/types\/product"}],"replies":[{"embeddable":true,"href":"https:\/\/nghiepxuan.com\/vi\/wp-json\/wp\/v2\/comments?post=10196"}],"version-history":[{"count":0,"href":"https:\/\/nghiepxuan.com\/vi\/wp-json\/wp\/v2\/product\/10196\/revisions"}],"wp:featuredmedia":[{"embeddable":true,"href":"https:\/\/nghiepxuan.com\/vi\/wp-json\/wp\/v2\/media\/10165"}],"wp:attachment":[{"href":"https:\/\/nghiepxuan.com\/vi\/wp-json\/wp\/v2\/media?parent=10196"}],"wp:term":[{"taxonomy":"product_brand","embeddable":true,"href":"https:\/\/nghiepxuan.com\/vi\/wp-json\/wp\/v2\/product_brand?post=10196"},{"taxonomy":"product_cat","embeddable":true,"href":"https:\/\/nghiepxuan.com\/vi\/wp-json\/wp\/v2\/product_cat?post=10196"},{"taxonomy":"product_tag","embeddable":true,"href":"https:\/\/nghiepxuan.com\/vi\/wp-json\/wp\/v2\/product_tag?post=10196"}],"curies":[{"name":"wp","href":"https:\/\/api.w.org\/{rel}","templated":true}]}}