{"id":10146,"date":"2026-04-30T08:18:47","date_gmt":"2026-04-30T08:18:47","guid":{"rendered":"https:\/\/nghiepxuan.com\/product\/bot-sau-rieng-thang-dong-lanh-cao-cap-khong-hat-nghiep-xuan-viet-nam\/"},"modified":"2026-04-30T08:18:47","modified_gmt":"2026-04-30T08:18:47","slug":"bot-sau-rieng-thang-dong-lanh-cao-cap-khong-hat-nghiep-xuan-viet-nam","status":"publish","type":"product","link":"https:\/\/nghiepxuan.com\/vi\/product\/bot-sau-rieng-thang-dong-lanh-cao-cap-khong-hat-nghiep-xuan-viet-nam\/","title":{"rendered":"B\u1ed9t s\u1ea7u ri\u00eang th\u00e1ng \u0111\u00f4ng l\u1ea1nh cao c\u1ea5p (kh\u00f4ng h\u1ea1t) | Nghi\u1ec7p Xu\u00e2n Vi\u1ec7t Nam"},"content":{"rendered":"<h3 data-section-id=\"14ygs49\" data-start=\"356\" data-end=\"402\"><span role=\"text\"><strong data-start=\"360\" data-end=\"402\">T\u1ed5ng quan<\/strong><\/span><\/h3>\n<p data-start=\"403\" data-end=\"610\">C\u00f4ng ty Nghiep Xuan h\u00e2n h\u1ea1nh cung c\u1ea5p <strong data-start=\"432\" data-end=\"482\">S\u1ea7u ri\u00eang Th\u00e1ng \u0110\u00f4ng \u0111\u00f4ng l\u1ea1nh cao c\u1ea5p (kh\u00f4ng h\u1ea1t)<\/strong> , \u0111\u01b0\u1ee3c ch\u1ebf bi\u1ebfn t\u1eeb nh\u1eefng qu\u1ea3 s\u1ea7u ri\u00eang Th\u00e1ng \u0110\u00f4ng \u0111\u01b0\u1ee3c ch\u1ecdn l\u1ecdc k\u1ef9 l\u01b0\u1ee1ng \u0111\u1ec3 mang l\u1ea1i <strong data-start=\"546\" data-end=\"609\">n\u0103ng su\u1ea5t \u0103n t\u1ed1i \u0111a, k\u1ebft c\u1ea5u m\u1ecbn m\u00e0ng v\u00e0 h\u01b0\u01a1ng v\u1ecb nh\u1ea5t qu\u00e1n<\/strong> .<\/p>\n<p data-start=\"612\" data-end=\"828\">B\u1eb1ng c\u00e1ch lo\u1ea1i b\u1ecf h\u1ea1t, s\u1ea3n ph\u1ea9m c\u1ee7a ch\u00fang t\u00f4i \u0111\u00e3 s\u1eb5n s\u00e0ng \u0111\u1ec3 s\u1eed d\u1ee5ng, gi\u00fap c\u00e1c nh\u00e0 s\u1ea3n xu\u1ea5t th\u1ef1c ph\u1ea9m, chu\u1ed7i c\u1eeda h\u00e0ng tr\u00e1ng mi\u1ec7ng v\u00e0 nh\u00e0 nh\u1eadp kh\u1ea9u n\u00e2ng cao <strong data-start=\"747\" data-end=\"827\">hi\u1ec7u qu\u1ea3 ch\u1ebf bi\u1ebfn, gi\u1ea3m thi\u1ec3u l\u00e3ng ph\u00ed v\u00e0 \u0111\u1ea3m b\u1ea3o ch\u1ea5t l\u01b0\u1ee3ng s\u1ea3n ph\u1ea9m \u0111\u1ed3ng nh\u1ea5t<\/strong> .<\/p>\n<p data-start=\"830\" data-end=\"1053\">\u0110\u01b0\u1ee3c ch\u1ebf bi\u1ebfn d\u01b0\u1edbi s\u1ef1 ki\u1ec3m so\u00e1t ch\u1ea5t l\u01b0\u1ee3ng nghi\u00eam ng\u1eb7t v\u00e0 \u0111\u00f4ng l\u1ea1nh b\u1eb1ng c\u00f4ng ngh\u1ec7 ti\u00ean ti\u1ebfn, c\u00f9i s\u1ea7u ri\u00eang c\u1ee7a ch\u00fang t\u00f4i gi\u1eef \u0111\u01b0\u1ee3c <strong data-start=\"937\" data-end=\"995\">v\u1ecb ng\u1ecdt t\u1ef1 nhi\u00ean, k\u1ebft c\u1ea5u kem m\u1ecbn v\u00e0 h\u01b0\u01a1ng th\u01a1m \u0111\u1eb7c tr\u01b0ng<\/strong> , \u200b\u200bl\u00fd t\u01b0\u1edfng cho c\u00e1c \u1ee9ng d\u1ee5ng c\u00f4ng nghi\u1ec7p quy m\u00f4 l\u1edbn.<\/p>\n<hr data-start=\"1055\" data-end=\"1058\">\n<h3 data-section-id=\"i3u59h\" data-start=\"1060\" data-end=\"1083\"><span role=\"text\"><strong data-start=\"1064\" data-end=\"1083\">\ud83e\udd6d C\u00e1c t\u00ednh n\u0103ng ch\u00ednh<\/strong><\/span><\/h3>\n<ul data-start=\"1084\" data-end=\"1453\">\n<li data-section-id=\"54n6lg\" data-start=\"1084\" data-end=\"1157\"><strong data-start=\"1086\" data-end=\"1118\">Kh\u00f4ng h\u1ea1t \u2013 100% s\u1ea3n l\u01b0\u1ee3ng \u0103n \u0111\u01b0\u1ee3c<\/strong> (Kh\u00f4ng l\u00e3ng ph\u00ed, kh\u00f4ng c\u1ea7n ch\u1ebf bi\u1ebfn th\u00eam)<\/li>\n<li data-section-id=\"y4qglh\" data-start=\"1158\" data-end=\"1226\"><strong data-start=\"1160\" data-end=\"1187\">K\u1ebft c\u1ea5u m\u1ecbn m\u00e0ng v\u00e0 b\u00e9o ng\u1eady<\/strong> \u2013 Ho\u00e0n h\u1ea3o cho c\u00e1c m\u00f3n tr\u00e1ng mi\u1ec7ng v\u00e0 \u0111\u1ed3 u\u1ed1ng.<\/li>\n<li data-section-id=\"lfye6e\" data-start=\"1227\" data-end=\"1294\"><strong data-start=\"1229\" data-end=\"1258\">H\u01b0\u01a1ng v\u1ecb nh\u1ea5t qu\u00e1n<\/strong> \u2013 \u0110\u01b0\u1ee3c ti\u00eau chu\u1ea9n h\u00f3a cho m\u1ee5c \u0111\u00edch s\u1eed d\u1ee5ng c\u00f4ng nghi\u1ec7p.<\/li>\n<li data-section-id=\"1ar4mz6\" data-start=\"1295\" data-end=\"1358\"><strong data-start=\"1297\" data-end=\"1324\">Ch\u1ebf bi\u1ebfn \u0111\u00f4ng l\u1ea1nh nhanh (IQF)<\/strong> \u2013 Gi\u1eef \u0111\u01b0\u1ee3c \u0111\u1ed9 t\u01b0\u01a1i ngon v\u00e0 h\u01b0\u01a1ng th\u01a1m.<\/li>\n<li data-section-id=\"1qcypjf\" data-start=\"1359\" data-end=\"1396\"><strong data-start=\"1361\" data-end=\"1394\">\u0110\u1ed9 Brix cao &amp; V\u1ecb ng\u1ecdt t\u1ef1 nhi\u00ean<\/strong><\/li>\n<li data-section-id=\"14fza4l\" data-start=\"1397\" data-end=\"1453\"><strong data-start=\"1399\" data-end=\"1425\">Ki\u1ec3m so\u00e1t ch\u1ea5t l\u01b0\u1ee3ng nghi\u00eam ng\u1eb7t<\/strong> \u2013 S\u1ea3n xu\u1ea5t \u0111\u1ea1t ti\u00eau chu\u1ea9n xu\u1ea5t kh\u1ea9u<\/li>\n<\/ul>\n<hr data-start=\"1455\" data-end=\"1458\">\n<h3 data-section-id=\"f701lt\" data-start=\"1460\" data-end=\"1484\"><span role=\"text\"><strong data-start=\"1464\" data-end=\"1484\">\ud83c\udf7d\ufe0f \u0110\u01a1n \u0111\u0103ng k\u00fd<\/strong><\/span><\/h3>\n<p data-start=\"1485\" data-end=\"1534\">\u0110\u01b0\u1ee3c thi\u1ebft k\u1ebf \u0111\u1ec3 \u0111\u1ea1t hi\u1ec7u su\u1ea5t cao trong s\u1ea3n xu\u1ea5t th\u1ef1c ph\u1ea9m:<\/p>\n<ul data-start=\"1535\" data-end=\"1755\">\n<li data-section-id=\"1660tlo\" data-start=\"1535\" data-end=\"1582\">B\u00e1nh s\u1ea7u ri\u00eang, b\u00e1nh ng\u1ecdt v\u00e0 c\u00e1c s\u1ea3n ph\u1ea9m b\u00e1nh n\u01b0\u1edbng t\u1eeb s\u1ea7u ri\u00eang<\/li>\n<li data-section-id=\"7d536j\" data-start=\"1583\" data-end=\"1625\">Kem, gelato v\u00e0 c\u00e1c m\u00f3n tr\u00e1ng mi\u1ec7ng \u0111\u00f4ng l\u1ea1nh<\/li>\n<li data-section-id=\"ifk4km\" data-start=\"1626\" data-end=\"1666\">Tr\u00e0 s\u1eefa tr\u00e2n ch\u00e2u, sinh t\u1ed1 v\u00e0 c\u00e1c lo\u1ea1i \u0111\u1ed3 u\u1ed1ng kh\u00e1c<\/li>\n<li data-section-id=\"111bef3\" data-start=\"1667\" data-end=\"1705\">S\u1ea7u ri\u00eang nghi\u1ec1n, nh\u00e2n b\u00e1nh v\u00e0 n\u01b0\u1edbc s\u1ed1t<\/li>\n<li data-section-id=\"1fp66wb\" data-start=\"1706\" data-end=\"1755\">S\u1ea3n xu\u1ea5t th\u1ef1c ph\u1ea9m ch\u1ebf bi\u1ebfn s\u1eb5n v\u00e0 th\u1ef1c ph\u1ea9m \u0103n li\u1ec1n<\/li>\n<\/ul>\n<hr data-start=\"1757\" data-end=\"1760\">\n<h3 data-section-id=\"grum48\" data-start=\"1762\" data-end=\"1795\"><span role=\"text\"><strong data-start=\"1766\" data-end=\"1795\">\ud83d\udce6 Th\u00f4ng s\u1ed1 k\u1ef9 thu\u1eadt s\u1ea3n ph\u1ea9m<\/strong><\/span><\/h3>\n<ul data-start=\"1796\" data-end=\"2144\">\n<li data-section-id=\"ufcl3y\" data-start=\"1796\" data-end=\"1856\"><strong data-start=\"1798\" data-end=\"1815\">Lo\u1ea1i s\u1ea3n ph\u1ea9m:<\/strong> S\u1ea7u ri\u00eang Monthong \u0111\u00f4ng l\u1ea1nh (kh\u00f4ng h\u1ea1t)<\/li>\n<li data-section-id=\"1h8i9hr\" data-start=\"1857\" data-end=\"1912\"><strong data-start=\"1859\" data-end=\"1874\">Ph\u01b0\u01a1ng ph\u00e1p ch\u1ebf bi\u1ebfn:<\/strong> \u0110\u00f4ng l\u1ea1nh \/ IQF \/ Kh\u1ed1i (c\u00f3 th\u1ec3 t\u00f9y ch\u1ec9nh)<\/li>\n<li data-section-id=\"895jai\" data-start=\"1913\" data-end=\"1936\"><strong data-start=\"1915\" data-end=\"1926\">Xu\u1ea5t x\u1ee9:<\/strong> Vi\u1ec7t Nam<\/li>\n<li data-section-id=\"5d1acd\" data-start=\"1937\" data-end=\"1978\"><strong data-start=\"1939\" data-end=\"1954\">Th\u1eddi h\u1ea1n s\u1eed d\u1ee5ng:<\/strong> 18\u201324 th\u00e1ng \u1edf -18\u00b0C<\/li>\n<li data-section-id=\"1b43v5v\" data-start=\"1979\" data-end=\"2035\"><strong data-start=\"1981\" data-end=\"1995\">Quy c\u00e1ch \u0111\u00f3ng g\u00f3i:<\/strong> 1kg \/ 5kg \/ 10kg \/ \u0110\u00f3ng g\u00f3i s\u1ed1 l\u01b0\u1ee3ng l\u1edbn theo y\u00eau c\u1ea7u c\u1ee7a kh\u00e1ch h\u00e0ng (OEM).<\/li>\n<li data-section-id=\"15ruxgp\" data-start=\"2036\" data-end=\"2078\"><strong data-start=\"2038\" data-end=\"2053\">\u0110\u1ed9 Brix:<\/strong> C\u00f3 s\u1eb5n theo y\u00eau c\u1ea7u<\/li>\n<li data-section-id=\"1cmy0zo\" data-start=\"2079\" data-end=\"2144\"><strong data-start=\"2081\" data-end=\"2100\">Ch\u1ee9ng nh\u1eadn:<\/strong> C\u00f3 s\u1eb5n theo y\u00eau c\u1ea7u (ISO, HACCP, v.v.)<\/li>\n<\/ul>\n<hr data-start=\"2146\" data-end=\"2149\">\n<h3 data-section-id=\"1a272qi\" data-start=\"2151\" data-end=\"2185\"><span role=\"text\"><strong data-start=\"2155\" data-end=\"2185\">\ud83d\ude9a T\u1ea1i sao n\u00ean ch\u1ecdn Nghiep Xuan?<\/strong><\/span><\/h3>\n<ul data-start=\"2186\" data-end=\"2450\">\n<li data-section-id=\"hhxkip\" data-start=\"2186\" data-end=\"2236\">Chuy\u00ean gia trong <strong data-start=\"2202\" data-end=\"2234\">l\u0129nh v\u1ef1c ch\u1ebf bi\u1ebfn v\u00e0 xu\u1ea5t kh\u1ea9u s\u1ea7u ri\u00eang.<\/strong><\/li>\n<li data-section-id=\"1w67g6\" data-start=\"2237\" data-end=\"2289\"><strong data-start=\"2246\" data-end=\"2287\">H\u1ec7 th\u1ed1ng chu\u1ed7i cung \u1ee9ng l\u1ea1nh v\u00e0 ki\u1ec3m so\u00e1t ch\u1ea5t l\u01b0\u1ee3ng<\/strong> m\u1ea1nh m\u1ebd<\/li>\n<li data-section-id=\"16gam3c\" data-start=\"2290\" data-end=\"2352\">Kh\u1ea3 n\u0103ng cung c\u1ea5p <strong data-start=\"2310\" data-end=\"2350\">s\u1ed1 l\u01b0\u1ee3ng l\u1edbn v\u1edbi ch\u1ea5t l\u01b0\u1ee3ng \u1ed5n \u0111\u1ecbnh.<\/strong><\/li>\n<li data-section-id=\"pha0d0\" data-start=\"2353\" data-end=\"2397\"><strong data-start=\"2364\" data-end=\"2395\">Gi\u1ea3i ph\u00e1p OEM\/nh\u00e3n hi\u1ec7u ri\u00eang<\/strong> linh ho\u1ea1t<\/li>\n<li data-section-id=\"kuon76\" data-start=\"2398\" data-end=\"2450\">\u0110\u1ed1i t\u00e1c \u0111\u00e1ng tin c\u1eady cho <strong data-start=\"2420\" data-end=\"2448\">th\u1ecb tr\u01b0\u1eddng Trung Qu\u1ed1c v\u00e0 to\u00e0n c\u1ea7u.<\/strong><\/li>\n<\/ul>\n<hr data-start=\"2452\" data-end=\"2455\">\n<h3 data-section-id=\"sirax1\" data-start=\"2457\" data-end=\"2479\"><span role=\"text\"><strong data-start=\"2461\" data-end=\"2479\">\ud83d\udce9 Y\u00eau c\u1ea7u th\u00f4ng tin CTA<\/strong><\/span><\/h3>\n<p data-start=\"2480\" data-end=\"2633\">B\u1ea1n \u0111ang t\u00ecm ki\u1ebfm nh\u00e0 cung c\u1ea5p \u0111\u00e1ng tin c\u1eady v\u1ec1 <strong data-start=\"2515\" data-end=\"2546\">b\u1ed9t s\u1ea7u ri\u00eang \u0111\u00f4ng l\u1ea1nh kh\u00f4ng h\u1ea1t<\/strong> ?<br data-start=\"2547\" data-end=\"2550\"> \ud83d\udc49 Li\u00ean h\u1ec7 v\u1edbi Nghiep Xuan ngay h\u00f4m nay \u0111\u1ec3 nh\u1eadn b\u00e1o gi\u00e1, m\u1eabu s\u1ea3n ph\u1ea9m v\u00e0 thi\u1ebft <strong data-start=\"2583\" data-end=\"2632\">l\u1eadp quan h\u1ec7 \u0111\u1ed1i t\u00e1c l\u00e2u d\u00e0i<\/strong> .<\/p>\n<p data-start=\"2480\" data-end=\"2633\">Email: info@nghiepxuan.com || WhatsApp\/Viber\/Zalo\/Wechat\/Hotline: +84939 345 598<\/p>\n","protected":false},"excerpt":{"rendered":"<p>S\u1ea7u ri\u00eang t\u01b0\u01a1i \u0111\u00f4ng l\u1ea1nh ch\u1ea5t l\u01b0\u1ee3ng cao, kh\u00f4ng h\u1ea1t. Ngu\u1ed3n cung \u1ed5n \u0111\u1ecbnh cho th\u1ecb tr\u01b0\u1eddng Trung Qu\u1ed1c, c\u00e1c chu\u1ed7i c\u1eeda h\u00e0ng tr\u00e1ng mi\u1ec7ng v\u00e0 nh\u00e0 m\u00e1y. Gi\u00e1 c\u1ea3 c\u1ea1nh tranh. Vui l\u00f2ng li\u00ean h\u1ec7 \u0111\u1ec3 nh\u1eadn b\u00e1o gi\u00e1.   <\/p>\n","protected":false},"featured_media":10144,"comment_status":"open","ping_status":"closed","template":"","meta":{"content-type":""},"product_brand":[],"product_cat":[425],"product_tag":[1223,413,1224,1160],"class_list":{"0":"post-10146","1":"product","2":"type-product","3":"status-publish","4":"has-post-thumbnail","6":"product_cat-frozen","7":"product_tag-bot-sau-rieng-dong-lanh","8":"product_tag-sau-rieng-dong-lanh","9":"product_tag-trai-cay-viet-nam","10":"product_tag-xuat-khau-cua-viet-nam","12":"first","13":"instock","14":"shipping-taxable","15":"product-type-simple"},"yoast_head":"<!-- This site is optimized with the Yoast SEO plugin v26.9 - https:\/\/yoast.com\/product\/yoast-seo-wordpress\/ -->\n<title>B\u1ed9t s\u1ea7u ri\u00eang th\u00e1ng \u0111\u00f4ng l\u1ea1nh cao c\u1ea5p (kh\u00f4ng h\u1ea1t) | Nghi\u1ec7p Xu\u00e2n Vi\u1ec7t Nam - Nghi\u1ec7p Xu\u00e2n - Xu\u1ea5t Nh\u1eadp Kh\u1ea9u N\u00f4ng S\u1ea3n<\/title>\n<meta name=\"description\" content=\"S\u1ea7u ri\u00eang Th\u00e1ng Long \u0111\u00f4ng l\u1ea1nh kh\u00f4ng h\u1ea1t cao c\u1ea5p t\u1eeb Vi\u1ec7t Nam. N\u0103ng su\u1ea5t cao, k\u1ebft c\u1ea5u kem m\u1ecbn, cung c\u1ea5p s\u1ed1 l\u01b0\u1ee3ng l\u1edbn theo \u0111\u01a1n \u0111\u1eb7t h\u00e0ng (OEM). L\u00fd t\u01b0\u1edfng cho ng\u00e0nh ch\u1ebf bi\u1ebfn th\u1ef1c ph\u1ea9m. Li\u00ean h\u1ec7 ngay.\" \/>\n<meta name=\"robots\" content=\"index, follow, max-snippet:-1, max-image-preview:large, max-video-preview:-1\" \/>\n<link rel=\"canonical\" href=\"https:\/\/nghiepxuan.com\/vi\/product\/bot-sau-rieng-thang-dong-lanh-cao-cap-khong-hat-nghiep-xuan-viet-nam\/\" \/>\n<meta property=\"og:locale\" content=\"vi_VN\" \/>\n<meta property=\"og:type\" content=\"article\" \/>\n<meta property=\"og:title\" content=\"B\u1ed9t s\u1ea7u ri\u00eang th\u00e1ng \u0111\u00f4ng l\u1ea1nh cao c\u1ea5p (kh\u00f4ng h\u1ea1t) | Nghi\u1ec7p Xu\u00e2n Vi\u1ec7t Nam - Nghi\u1ec7p Xu\u00e2n - Xu\u1ea5t Nh\u1eadp Kh\u1ea9u N\u00f4ng S\u1ea3n\" \/>\n<meta property=\"og:description\" content=\"S\u1ea7u ri\u00eang Th\u00e1ng Long \u0111\u00f4ng l\u1ea1nh kh\u00f4ng h\u1ea1t cao c\u1ea5p t\u1eeb Vi\u1ec7t Nam. N\u0103ng su\u1ea5t cao, k\u1ebft c\u1ea5u kem m\u1ecbn, cung c\u1ea5p s\u1ed1 l\u01b0\u1ee3ng l\u1edbn theo \u0111\u01a1n \u0111\u1eb7t h\u00e0ng (OEM). L\u00fd t\u01b0\u1edfng cho ng\u00e0nh ch\u1ebf bi\u1ebfn th\u1ef1c ph\u1ea9m. Li\u00ean h\u1ec7 ngay.\" \/>\n<meta property=\"og:url\" content=\"https:\/\/nghiepxuan.com\/vi\/product\/bot-sau-rieng-thang-dong-lanh-cao-cap-khong-hat-nghiep-xuan-viet-nam\/\" \/>\n<meta property=\"og:site_name\" content=\"Nghi\u1ec7p Xu\u00e2n - Xu\u1ea5t Nh\u1eadp Kh\u1ea9u N\u00f4ng S\u1ea3n\" \/>\n<meta property=\"article:publisher\" content=\"https:\/\/www.facebook.com\/nongsannghiepxuan\/\" \/>\n<meta property=\"og:image\" content=\"https:\/\/nghiepxuan.com\/wp-content\/uploads\/2026\/04\/IMG_9360.jpg\" \/>\n\t<meta property=\"og:image:width\" content=\"1520\" \/>\n\t<meta property=\"og:image:height\" content=\"1950\" \/>\n\t<meta property=\"og:image:type\" content=\"image\/jpeg\" \/>\n<meta name=\"twitter:card\" content=\"summary_large_image\" \/>\n<meta name=\"twitter:site\" content=\"@PhuTonBui\" \/>\n<meta name=\"twitter:label1\" content=\"Est. reading time\" \/>\n\t<meta name=\"twitter:data1\" content=\"4 minutes\" \/>\n<script type=\"application\/ld+json\" class=\"yoast-schema-graph\">{\"@context\":\"https:\/\/schema.org\",\"@graph\":[{\"@type\":\"WebPage\",\"@id\":\"https:\/\/nghiepxuan.com\/vi\/product\/bot-sau-rieng-thang-dong-lanh-cao-cap-khong-hat-nghiep-xuan-viet-nam\/\",\"url\":\"https:\/\/nghiepxuan.com\/vi\/product\/bot-sau-rieng-thang-dong-lanh-cao-cap-khong-hat-nghiep-xuan-viet-nam\/\",\"name\":\"B\u1ed9t s\u1ea7u ri\u00eang th\u00e1ng \u0111\u00f4ng l\u1ea1nh cao c\u1ea5p (kh\u00f4ng h\u1ea1t) | Nghi\u1ec7p Xu\u00e2n Vi\u1ec7t Nam - Nghi\u1ec7p Xu\u00e2n - Xu\u1ea5t Nh\u1eadp Kh\u1ea9u N\u00f4ng S\u1ea3n\",\"isPartOf\":{\"@id\":\"https:\/\/nghiepxuan.com\/vi\/#website\"},\"primaryImageOfPage\":{\"@id\":\"https:\/\/nghiepxuan.com\/vi\/product\/bot-sau-rieng-thang-dong-lanh-cao-cap-khong-hat-nghiep-xuan-viet-nam\/#primaryimage\"},\"image\":{\"@id\":\"https:\/\/nghiepxuan.com\/vi\/product\/bot-sau-rieng-thang-dong-lanh-cao-cap-khong-hat-nghiep-xuan-viet-nam\/#primaryimage\"},\"thumbnailUrl\":\"https:\/\/nghiepxuan.com\/wp-content\/uploads\/2026\/04\/IMG_9360.jpg\",\"datePublished\":\"2026-04-30T08:18:47+00:00\",\"description\":\"S\u1ea7u ri\u00eang Th\u00e1ng Long \u0111\u00f4ng l\u1ea1nh kh\u00f4ng h\u1ea1t cao c\u1ea5p t\u1eeb Vi\u1ec7t Nam. N\u0103ng su\u1ea5t cao, k\u1ebft c\u1ea5u kem m\u1ecbn, cung c\u1ea5p s\u1ed1 l\u01b0\u1ee3ng l\u1edbn theo \u0111\u01a1n \u0111\u1eb7t h\u00e0ng (OEM). L\u00fd t\u01b0\u1edfng cho ng\u00e0nh ch\u1ebf bi\u1ebfn th\u1ef1c ph\u1ea9m. Li\u00ean h\u1ec7 ngay.\",\"breadcrumb\":{\"@id\":\"https:\/\/nghiepxuan.com\/vi\/product\/bot-sau-rieng-thang-dong-lanh-cao-cap-khong-hat-nghiep-xuan-viet-nam\/#breadcrumb\"},\"inLanguage\":\"vi-VN\",\"potentialAction\":[{\"@type\":\"ReadAction\",\"target\":[\"https:\/\/nghiepxuan.com\/vi\/product\/bot-sau-rieng-thang-dong-lanh-cao-cap-khong-hat-nghiep-xuan-viet-nam\/\"]}]},{\"@type\":\"ImageObject\",\"inLanguage\":\"vi-VN\",\"@id\":\"https:\/\/nghiepxuan.com\/vi\/product\/bot-sau-rieng-thang-dong-lanh-cao-cap-khong-hat-nghiep-xuan-viet-nam\/#primaryimage\",\"url\":\"https:\/\/nghiepxuan.com\/wp-content\/uploads\/2026\/04\/IMG_9360.jpg\",\"contentUrl\":\"https:\/\/nghiepxuan.com\/wp-content\/uploads\/2026\/04\/IMG_9360.jpg\",\"width\":1520,\"height\":1950,\"caption\":\"Frozen morthong durian pulp seedless\"},{\"@type\":\"BreadcrumbList\",\"@id\":\"https:\/\/nghiepxuan.com\/vi\/product\/bot-sau-rieng-thang-dong-lanh-cao-cap-khong-hat-nghiep-xuan-viet-nam\/#breadcrumb\",\"itemListElement\":[{\"@type\":\"ListItem\",\"position\":1,\"name\":\"Home\",\"item\":\"https:\/\/nghiepxuan.com\/vi\/\"},{\"@type\":\"ListItem\",\"position\":2,\"name\":\"C\u1eeda h\u00e0ng\",\"item\":\"https:\/\/nghiepxuan.com\/vi\/shop\/\"},{\"@type\":\"ListItem\",\"position\":3,\"name\":\"B\u1ed9t s\u1ea7u ri\u00eang th\u00e1ng \u0111\u00f4ng l\u1ea1nh cao c\u1ea5p (kh\u00f4ng h\u1ea1t) | Nghi\u1ec7p Xu\u00e2n Vi\u1ec7t Nam\"}]},{\"@type\":\"WebSite\",\"@id\":\"https:\/\/nghiepxuan.com\/vi\/#website\",\"url\":\"https:\/\/nghiepxuan.com\/vi\/\",\"name\":\"Nghiep Xuan - Agricultural Import and Export\",\"description\":\"Nu\u00f4i d\u01b0\u1ee1ng thi\u00ean nhi\u00ean, thu ho\u1ea1ch s\u1ee9c kh\u1ecfe: \u0110i\u1ec3m \u0111\u1ebfn l\u1ed1i s\u1ed1ng h\u1eefu c\u01a1 c\u1ee7a b\u1ea1n\",\"publisher\":{\"@id\":\"https:\/\/nghiepxuan.com\/vi\/#organization\"},\"potentialAction\":[{\"@type\":\"SearchAction\",\"target\":{\"@type\":\"EntryPoint\",\"urlTemplate\":\"https:\/\/nghiepxuan.com\/vi\/?s={search_term_string}\"},\"query-input\":{\"@type\":\"PropertyValueSpecification\",\"valueRequired\":true,\"valueName\":\"search_term_string\"}}],\"inLanguage\":\"vi-VN\"},{\"@type\":\"Organization\",\"@id\":\"https:\/\/nghiepxuan.com\/vi\/#organization\",\"name\":\"Nghiep Xuan - Agricultural Import and Export\",\"url\":\"https:\/\/nghiepxuan.com\/vi\/\",\"logo\":{\"@type\":\"ImageObject\",\"inLanguage\":\"vi-VN\",\"@id\":\"https:\/\/nghiepxuan.com\/vi\/#\/schema\/logo\/image\/\",\"url\":\"https:\/\/nghiepxuan.com\/wp-content\/uploads\/2025\/04\/Nghiep-Xuan-Logo-4.png\",\"contentUrl\":\"https:\/\/nghiepxuan.com\/wp-content\/uploads\/2025\/04\/Nghiep-Xuan-Logo-4.png\",\"width\":4167,\"height\":1015,\"caption\":\"Nghiep Xuan - Agricultural Import and Export\"},\"image\":{\"@id\":\"https:\/\/nghiepxuan.com\/vi\/#\/schema\/logo\/image\/\"},\"sameAs\":[\"https:\/\/www.facebook.com\/nongsannghiepxuan\/\",\"https:\/\/x.com\/PhuTonBui\",\"https:\/\/www.instagram.com\/xuatnhapkhaunghiepxuan\/\",\"https:\/\/www.youtube.com\/@nongsannghiepxuan2066\",\"https:\/\/www.tiktok.com\/@nghiepxuan\"]}]}<\/script>\n<!-- \/ Yoast SEO plugin. -->","yoast_head_json":{"title":"B\u1ed9t s\u1ea7u ri\u00eang th\u00e1ng \u0111\u00f4ng l\u1ea1nh cao c\u1ea5p (kh\u00f4ng h\u1ea1t) | Nghi\u1ec7p Xu\u00e2n Vi\u1ec7t Nam - Nghi\u1ec7p Xu\u00e2n - Xu\u1ea5t Nh\u1eadp Kh\u1ea9u N\u00f4ng S\u1ea3n","description":"S\u1ea7u ri\u00eang Th\u00e1ng Long \u0111\u00f4ng l\u1ea1nh kh\u00f4ng h\u1ea1t cao c\u1ea5p t\u1eeb Vi\u1ec7t Nam. N\u0103ng su\u1ea5t cao, k\u1ebft c\u1ea5u kem m\u1ecbn, cung c\u1ea5p s\u1ed1 l\u01b0\u1ee3ng l\u1edbn theo \u0111\u01a1n \u0111\u1eb7t h\u00e0ng (OEM). L\u00fd t\u01b0\u1edfng cho ng\u00e0nh ch\u1ebf bi\u1ebfn th\u1ef1c ph\u1ea9m. Li\u00ean h\u1ec7 ngay.","robots":{"index":"index","follow":"follow","max-snippet":"max-snippet:-1","max-image-preview":"max-image-preview:large","max-video-preview":"max-video-preview:-1"},"canonical":"https:\/\/nghiepxuan.com\/vi\/product\/bot-sau-rieng-thang-dong-lanh-cao-cap-khong-hat-nghiep-xuan-viet-nam\/","og_locale":"vi_VN","og_type":"article","og_title":"B\u1ed9t s\u1ea7u ri\u00eang th\u00e1ng \u0111\u00f4ng l\u1ea1nh cao c\u1ea5p (kh\u00f4ng h\u1ea1t) | Nghi\u1ec7p Xu\u00e2n Vi\u1ec7t Nam - Nghi\u1ec7p Xu\u00e2n - Xu\u1ea5t Nh\u1eadp Kh\u1ea9u N\u00f4ng S\u1ea3n","og_description":"S\u1ea7u ri\u00eang Th\u00e1ng Long \u0111\u00f4ng l\u1ea1nh kh\u00f4ng h\u1ea1t cao c\u1ea5p t\u1eeb Vi\u1ec7t Nam. N\u0103ng su\u1ea5t cao, k\u1ebft c\u1ea5u kem m\u1ecbn, cung c\u1ea5p s\u1ed1 l\u01b0\u1ee3ng l\u1edbn theo \u0111\u01a1n \u0111\u1eb7t h\u00e0ng (OEM). L\u00fd t\u01b0\u1edfng cho ng\u00e0nh ch\u1ebf bi\u1ebfn th\u1ef1c ph\u1ea9m. Li\u00ean h\u1ec7 ngay.","og_url":"https:\/\/nghiepxuan.com\/vi\/product\/bot-sau-rieng-thang-dong-lanh-cao-cap-khong-hat-nghiep-xuan-viet-nam\/","og_site_name":"Nghi\u1ec7p Xu\u00e2n - Xu\u1ea5t Nh\u1eadp Kh\u1ea9u N\u00f4ng S\u1ea3n","article_publisher":"https:\/\/www.facebook.com\/nongsannghiepxuan\/","og_image":[{"width":1520,"height":1950,"url":"https:\/\/nghiepxuan.com\/wp-content\/uploads\/2026\/04\/IMG_9360.jpg","type":"image\/jpeg"}],"twitter_card":"summary_large_image","twitter_site":"@PhuTonBui","twitter_misc":{"Est. reading time":"4 minutes"},"schema":{"@context":"https:\/\/schema.org","@graph":[{"@type":"WebPage","@id":"https:\/\/nghiepxuan.com\/vi\/product\/bot-sau-rieng-thang-dong-lanh-cao-cap-khong-hat-nghiep-xuan-viet-nam\/","url":"https:\/\/nghiepxuan.com\/vi\/product\/bot-sau-rieng-thang-dong-lanh-cao-cap-khong-hat-nghiep-xuan-viet-nam\/","name":"B\u1ed9t s\u1ea7u ri\u00eang th\u00e1ng \u0111\u00f4ng l\u1ea1nh cao c\u1ea5p (kh\u00f4ng h\u1ea1t) | Nghi\u1ec7p Xu\u00e2n Vi\u1ec7t Nam - Nghi\u1ec7p Xu\u00e2n - Xu\u1ea5t Nh\u1eadp Kh\u1ea9u N\u00f4ng S\u1ea3n","isPartOf":{"@id":"https:\/\/nghiepxuan.com\/vi\/#website"},"primaryImageOfPage":{"@id":"https:\/\/nghiepxuan.com\/vi\/product\/bot-sau-rieng-thang-dong-lanh-cao-cap-khong-hat-nghiep-xuan-viet-nam\/#primaryimage"},"image":{"@id":"https:\/\/nghiepxuan.com\/vi\/product\/bot-sau-rieng-thang-dong-lanh-cao-cap-khong-hat-nghiep-xuan-viet-nam\/#primaryimage"},"thumbnailUrl":"https:\/\/nghiepxuan.com\/wp-content\/uploads\/2026\/04\/IMG_9360.jpg","datePublished":"2026-04-30T08:18:47+00:00","description":"S\u1ea7u ri\u00eang Th\u00e1ng Long \u0111\u00f4ng l\u1ea1nh kh\u00f4ng h\u1ea1t cao c\u1ea5p t\u1eeb Vi\u1ec7t Nam. N\u0103ng su\u1ea5t cao, k\u1ebft c\u1ea5u kem m\u1ecbn, cung c\u1ea5p s\u1ed1 l\u01b0\u1ee3ng l\u1edbn theo \u0111\u01a1n \u0111\u1eb7t h\u00e0ng (OEM). L\u00fd t\u01b0\u1edfng cho ng\u00e0nh ch\u1ebf bi\u1ebfn th\u1ef1c ph\u1ea9m. Li\u00ean h\u1ec7 ngay.","breadcrumb":{"@id":"https:\/\/nghiepxuan.com\/vi\/product\/bot-sau-rieng-thang-dong-lanh-cao-cap-khong-hat-nghiep-xuan-viet-nam\/#breadcrumb"},"inLanguage":"vi-VN","potentialAction":[{"@type":"ReadAction","target":["https:\/\/nghiepxuan.com\/vi\/product\/bot-sau-rieng-thang-dong-lanh-cao-cap-khong-hat-nghiep-xuan-viet-nam\/"]}]},{"@type":"ImageObject","inLanguage":"vi-VN","@id":"https:\/\/nghiepxuan.com\/vi\/product\/bot-sau-rieng-thang-dong-lanh-cao-cap-khong-hat-nghiep-xuan-viet-nam\/#primaryimage","url":"https:\/\/nghiepxuan.com\/wp-content\/uploads\/2026\/04\/IMG_9360.jpg","contentUrl":"https:\/\/nghiepxuan.com\/wp-content\/uploads\/2026\/04\/IMG_9360.jpg","width":1520,"height":1950,"caption":"Frozen morthong durian pulp seedless"},{"@type":"BreadcrumbList","@id":"https:\/\/nghiepxuan.com\/vi\/product\/bot-sau-rieng-thang-dong-lanh-cao-cap-khong-hat-nghiep-xuan-viet-nam\/#breadcrumb","itemListElement":[{"@type":"ListItem","position":1,"name":"Home","item":"https:\/\/nghiepxuan.com\/vi\/"},{"@type":"ListItem","position":2,"name":"C\u1eeda h\u00e0ng","item":"https:\/\/nghiepxuan.com\/vi\/shop\/"},{"@type":"ListItem","position":3,"name":"B\u1ed9t s\u1ea7u ri\u00eang th\u00e1ng \u0111\u00f4ng l\u1ea1nh cao c\u1ea5p (kh\u00f4ng h\u1ea1t) | Nghi\u1ec7p Xu\u00e2n Vi\u1ec7t Nam"}]},{"@type":"WebSite","@id":"https:\/\/nghiepxuan.com\/vi\/#website","url":"https:\/\/nghiepxuan.com\/vi\/","name":"Nghiep Xuan - Agricultural Import and Export","description":"Nu\u00f4i d\u01b0\u1ee1ng thi\u00ean nhi\u00ean, thu ho\u1ea1ch s\u1ee9c kh\u1ecfe: \u0110i\u1ec3m \u0111\u1ebfn l\u1ed1i s\u1ed1ng h\u1eefu c\u01a1 c\u1ee7a b\u1ea1n","publisher":{"@id":"https:\/\/nghiepxuan.com\/vi\/#organization"},"potentialAction":[{"@type":"SearchAction","target":{"@type":"EntryPoint","urlTemplate":"https:\/\/nghiepxuan.com\/vi\/?s={search_term_string}"},"query-input":{"@type":"PropertyValueSpecification","valueRequired":true,"valueName":"search_term_string"}}],"inLanguage":"vi-VN"},{"@type":"Organization","@id":"https:\/\/nghiepxuan.com\/vi\/#organization","name":"Nghiep Xuan - Agricultural Import and Export","url":"https:\/\/nghiepxuan.com\/vi\/","logo":{"@type":"ImageObject","inLanguage":"vi-VN","@id":"https:\/\/nghiepxuan.com\/vi\/#\/schema\/logo\/image\/","url":"https:\/\/nghiepxuan.com\/wp-content\/uploads\/2025\/04\/Nghiep-Xuan-Logo-4.png","contentUrl":"https:\/\/nghiepxuan.com\/wp-content\/uploads\/2025\/04\/Nghiep-Xuan-Logo-4.png","width":4167,"height":1015,"caption":"Nghiep Xuan - Agricultural Import and Export"},"image":{"@id":"https:\/\/nghiepxuan.com\/vi\/#\/schema\/logo\/image\/"},"sameAs":["https:\/\/www.facebook.com\/nongsannghiepxuan\/","https:\/\/x.com\/PhuTonBui","https:\/\/www.instagram.com\/xuatnhapkhaunghiepxuan\/","https:\/\/www.youtube.com\/@nongsannghiepxuan2066","https:\/\/www.tiktok.com\/@nghiepxuan"]}]}},"_links":{"self":[{"href":"https:\/\/nghiepxuan.com\/vi\/wp-json\/wp\/v2\/product\/10146","targetHints":{"allow":["GET"]}}],"collection":[{"href":"https:\/\/nghiepxuan.com\/vi\/wp-json\/wp\/v2\/product"}],"about":[{"href":"https:\/\/nghiepxuan.com\/vi\/wp-json\/wp\/v2\/types\/product"}],"replies":[{"embeddable":true,"href":"https:\/\/nghiepxuan.com\/vi\/wp-json\/wp\/v2\/comments?post=10146"}],"version-history":[{"count":0,"href":"https:\/\/nghiepxuan.com\/vi\/wp-json\/wp\/v2\/product\/10146\/revisions"}],"wp:featuredmedia":[{"embeddable":true,"href":"https:\/\/nghiepxuan.com\/vi\/wp-json\/wp\/v2\/media\/10144"}],"wp:attachment":[{"href":"https:\/\/nghiepxuan.com\/vi\/wp-json\/wp\/v2\/media?parent=10146"}],"wp:term":[{"taxonomy":"product_brand","embeddable":true,"href":"https:\/\/nghiepxuan.com\/vi\/wp-json\/wp\/v2\/product_brand?post=10146"},{"taxonomy":"product_cat","embeddable":true,"href":"https:\/\/nghiepxuan.com\/vi\/wp-json\/wp\/v2\/product_cat?post=10146"},{"taxonomy":"product_tag","embeddable":true,"href":"https:\/\/nghiepxuan.com\/vi\/wp-json\/wp\/v2\/product_tag?post=10146"}],"curies":[{"name":"wp","href":"https:\/\/api.w.org\/{rel}","templated":true}]}}