{"id":10070,"date":"2026-04-30T07:25:36","date_gmt":"2026-04-30T07:25:36","guid":{"rendered":"https:\/\/nghiepxuan.com\/product\/nam-rom-dong-lanh-cao-cap-chat-luong-xuat-khau-nghiep-xuan-vietnam\/"},"modified":"2026-04-30T07:25:36","modified_gmt":"2026-04-30T07:25:36","slug":"nam-rom-dong-lanh-cao-cap-chat-luong-xuat-khau-nghiep-xuan-vietnam","status":"publish","type":"product","link":"https:\/\/nghiepxuan.com\/vi\/product\/nam-rom-dong-lanh-cao-cap-chat-luong-xuat-khau-nghiep-xuan-vietnam\/","title":{"rendered":"N\u1ea5m r\u01a1m \u0111\u00f4ng l\u1ea1nh cao c\u1ea5p \u2013 Ch\u1ea5t l\u01b0\u1ee3ng xu\u1ea5t kh\u1ea9u | Nghiep Xuan Vietnam"},"content":{"rendered":"<h3 data-section-id=\"neox7d\" data-start=\"369\" data-end=\"408\"><span role=\"text\"><strong data-start=\"373\" data-end=\"408\">T\u1ed5ng quan<\/strong><\/span><\/h3>\n<p data-start=\"409\" data-end=\"647\">Nghiep Xuan cung c\u1ea5p <strong data-start=\"430\" data-end=\"470\">N\u1ea5m R\u01a1m \u0110\u00f4ng L\u1ea1nh Cao C\u1ea5p<\/strong> , \u0111\u01b0\u1ee3c thu ho\u1ea1ch t\u1eeb c\u00e1c trang tr\u1ea1i \u0111\u01b0\u1ee3c qu\u1ea3n l\u00fd c\u1ea9n th\u1eadn t\u1ea1i Vi\u1ec7t Nam v\u00e0 ch\u1ebf bi\u1ebfn b\u1eb1ng c\u00f4ng ngh\u1ec7 \u0111\u00f4ng l\u1ea1nh ti\u00ean ti\u1ebfn \u0111\u1ec3 gi\u1eef nguy\u00ean <strong data-start=\"587\" data-end=\"646\">k\u1ebft c\u1ea5u t\u1ef1 nhi\u00ean, h\u01b0\u01a1ng v\u1ecb tinh t\u1ebf v\u00e0 gi\u00e1 tr\u1ecb dinh d\u01b0\u1ee1ng<\/strong> .<\/p>\n<p data-start=\"649\" data-end=\"1067\">L\u00e0 m\u1ed9t trong nh\u1eefng lo\u1ea1i n\u1ea5m \u0111\u01b0\u1ee3c s\u1eed d\u1ee5ng r\u1ed9ng r\u00e3i nh\u1ea5t trong <strong data-start=\"693\" data-end=\"740\">\u1ea9m th\u1ef1c ch\u00e2u \u00c1 v\u00e0 ng\u00e0nh s\u1ea3n xu\u1ea5t th\u1ef1c ph\u1ea9m to\u00e0n c\u1ea7u<\/strong> , n\u1ea5m r\u01a1m \u0111\u00f2i h\u1ecfi <strong data-start=\"766\" data-end=\"807\">quy tr\u00ecnh x\u1eed l\u00fd ch\u00ednh x\u00e1c v\u00e0 t\u1ed1c \u0111\u1ed9 nhanh ch\u00f3ng<\/strong> \u0111\u1ec3 duy tr\u00ec ch\u1ea5t l\u01b0\u1ee3ng. T\u1ea1i Nghiep Xuan, ch\u00fang t\u00f4i k\u1ebft h\u1ee3p <strong data-start=\"856\" data-end=\"948\">vi\u1ec7c l\u1ef1a ch\u1ecdn nguy\u00ean li\u1ec7u nghi\u00eam ng\u1eb7t, quy tr\u00ecnh ch\u1ebf bi\u1ebfn \u0111\u01b0\u1ee3c ki\u1ec3m so\u00e1t ch\u1eb7t ch\u1ebd v\u00e0 h\u1ec7 th\u1ed1ng chu\u1ed7i cung \u1ee9ng l\u1ea1nh \u0111\u01b0\u1ee3c t\u1ed1i \u01b0u h\u00f3a \u0111\u1ec3 \u0111\u1ea3m b\u1ea3o<\/strong> m\u1ed7i l\u00f4 h\u00e0ng \u0111\u00e1p \u1ee9ng \u0111\u01b0\u1ee3c k\u1ef3 v\u1ecdng c\u1ee7a <strong data-start=\"997\" data-end=\"1066\">c\u00e1c nh\u00e0 nh\u1eadp kh\u1ea9u qu\u1ed1c t\u1ebf, c\u00e1c nh\u00e0 ch\u1ebf bi\u1ebfn th\u1ef1c ph\u1ea9m v\u00e0 c\u00e1c nh\u00e0 ph\u00e2n ph\u1ed1i b\u00e1n l\u1ebb<\/strong> . <\/p>\n<p data-start=\"1069\" data-end=\"1271\">N\u1ea5m r\u01a1m \u0111\u00f4ng l\u1ea1nh c\u1ee7a ch\u00fang t\u00f4i \u0111\u01b0\u1ee3c thi\u1ebft k\u1ebf \u0111\u1ec3 <strong data-start=\"1113\" data-end=\"1166\">ho\u1ea1t \u0111\u1ed9ng \u1ed5n \u0111\u1ecbnh trong c\u00e1c \u1ee9ng d\u1ee5ng c\u00f4ng nghi\u1ec7p<\/strong> , gi\u00fap c\u00e1c \u0111\u1ed1i t\u00e1c gi\u1ea3m thi\u1ec3u l\u00e3ng ph\u00ed, n\u00e2ng cao hi\u1ec7u qu\u1ea3 v\u00e0 duy tr\u00ec ti\u00eau chu\u1ea9n h\u00f3a s\u1ea3n ph\u1ea9m tr\u00ean c\u00e1c th\u1ecb tr\u01b0\u1eddng.<\/p>\n<hr data-start=\"1273\" data-end=\"1276\">\n<h3 data-section-id=\"17fsctq\" data-start=\"1278\" data-end=\"1301\"><span role=\"text\"><strong data-start=\"1282\" data-end=\"1301\">\ud83c\udf44 C\u00e1c t\u00ednh n\u0103ng ch\u00ednh<\/strong><\/span><\/h3>\n<ul data-start=\"1302\" data-end=\"1712\">\n<li data-section-id=\"30w5iu\" data-start=\"1302\" data-end=\"1385\"><strong data-start=\"1304\" data-end=\"1334\">K\u1ebft c\u1ea5u ch\u1eafc ch\u1eafn sau khi r\u00e3 \u0111\u00f4ng<\/strong> \u2013 Gi\u1eef nguy\u00ean c\u1ea5u tr\u00fac \u0111\u1ec3 n\u1ea5u n\u01b0\u1edbng v\u00e0 ch\u1ebf bi\u1ebfn.<\/li>\n<li data-section-id=\"1n9udy1\" data-start=\"1386\" data-end=\"1452\"><strong data-start=\"1388\" data-end=\"1410\">H\u01b0\u01a1ng v\u1ecb d\u1ecbu nh\u1eb9, \u0111\u1eadm \u0111\u00e0<\/strong> \u2013 Ph\u00f9 h\u1ee3p v\u1edbi nhi\u1ec1u lo\u1ea1i h\u00ecnh \u1ea9m th\u1ef1c.<\/li>\n<li data-section-id=\"183hjno\" data-start=\"1453\" data-end=\"1522\"><strong data-start=\"1455\" data-end=\"1473\">C\u00f4ng ngh\u1ec7 \u0111\u00f4ng l\u1ea1nh<\/strong> \u2013 Gi\u1eef g\u00ecn \u0111\u1ed9 t\u01b0\u01a1i ngon v\u00e0 ch\u1ea5t l\u01b0\u1ee3ng ri\u00eang bi\u1ec7t c\u1ee7a s\u1ea3n ph\u1ea9m.<\/li>\n<li data-section-id=\"163hlxi\" data-start=\"1523\" data-end=\"1588\"><strong data-start=\"1525\" data-end=\"1551\">K\u00edch c\u1ee1 \u0111\u01b0\u1ee3c ph\u00e2n lo\u1ea1i c\u1ea9n th\u1eadn<\/strong> \u2013 Nguy\u00ean qu\u1ea3, n\u1eeda qu\u1ea3 ho\u1eb7c c\u1eaft l\u00e1t.<\/li>\n<li data-section-id=\"17vx8dn\" data-start=\"1589\" data-end=\"1649\"><strong data-start=\"1591\" data-end=\"1622\">Quy tr\u00ecnh ch\u1ebf bi\u1ebfn s\u1ea1ch s\u1ebd v\u00e0 h\u1ee3p v\u1ec7 sinh<\/strong> \u2013 \u0110\u00e1p \u1ee9ng ti\u00eau chu\u1ea9n xu\u1ea5t kh\u1ea9u<\/li>\n<li data-section-id=\"x2cc69\" data-start=\"1650\" data-end=\"1712\"><strong data-start=\"1652\" data-end=\"1677\">Chu\u1ed7i cung \u1ee9ng \u0111\u00e1ng tin c\u1eady<\/strong> \u2013 Kh\u1ed1i l\u01b0\u1ee3ng c\u00f3 th\u1ec3 m\u1edf r\u1ed9ng cho ng\u01b0\u1eddi mua B2B<\/li>\n<\/ul>\n<hr data-start=\"1714\" data-end=\"1717\">\n<h3 data-section-id=\"f701lt\" data-start=\"1719\" data-end=\"1743\"><span role=\"text\"><strong data-start=\"1723\" data-end=\"1743\">\ud83c\udf7d\ufe0f \u0110\u01a1n \u0111\u0103ng k\u00fd<\/strong><\/span><\/h3>\n<p data-start=\"1744\" data-end=\"1801\">\u0110\u01b0\u1ee3c s\u1eed d\u1ee5ng r\u1ed9ng r\u00e3i trong ng\u00e0nh d\u1ecbch v\u1ee5 \u0103n u\u1ed1ng v\u00e0 s\u1ea3n xu\u1ea5t c\u00f4ng nghi\u1ec7p:<\/p>\n<ul data-start=\"1802\" data-end=\"2015\">\n<li data-section-id=\"qvqq6g\" data-start=\"1802\" data-end=\"1842\">S\u1ea3n xu\u1ea5t th\u1ef1c ph\u1ea9m \u0111\u00f3ng h\u1ed9p v\u00e0 \u0111\u00f4ng l\u1ea1nh<\/li>\n<li data-section-id=\"20kgk\" data-start=\"1843\" data-end=\"1891\">C\u00e1c b\u1eefa \u0103n s\u1eb5n v\u00e0 s\u1ea3n ph\u1ea9m th\u1ef1c ph\u1ea9m \u0103n li\u1ec1n<\/li>\n<li data-section-id=\"pax9cj\" data-start=\"1892\" data-end=\"1931\">S\u00fap, l\u1ea9u, m\u00f3n x\u00e0o v\u00e0 n\u01b0\u1edbc ch\u1ea5m<\/li>\n<li data-section-id=\"1dembs7\" data-start=\"1932\" data-end=\"1977\">\u1ea8m th\u1ef1c ch\u00e2u \u00c1 (Trung Qu\u1ed1c, Th\u00e1i Lan, Vi\u1ec7t Nam)<\/li>\n<li data-section-id=\"17e0hoi\" data-start=\"1978\" data-end=\"2015\">Cung c\u1ea5p thi\u1ebft b\u1ecb cho ng\u00e0nh d\u1ecbch v\u1ee5 \u0103n u\u1ed1ng v\u00e0 nh\u00e0 h\u00e0ng<\/li>\n<\/ul>\n<hr data-start=\"2017\" data-end=\"2020\">\n<h3 data-section-id=\"grum48\" data-start=\"2022\" data-end=\"2055\"><span role=\"text\"><strong data-start=\"2026\" data-end=\"2055\">\ud83d\udce6 Th\u00f4ng s\u1ed1 k\u1ef9 thu\u1eadt s\u1ea3n ph\u1ea9m<\/strong><\/span><\/h3>\n<ul data-start=\"2056\" data-end=\"2411\">\n<li data-section-id=\"1nyisok\" data-start=\"2056\" data-end=\"2127\"><strong data-start=\"2058\" data-end=\"2075\">Lo\u1ea1i s\u1ea3n ph\u1ea9m:<\/strong> N\u1ea5m r\u01a1m \u0111\u00f4ng l\u1ea1nh (Nguy\u00ean c\u00e2y \/ C\u1eaft \u0111\u00f4i \/ C\u1eaft l\u00e1t)<\/li>\n<li data-section-id=\"1mfsgr9\" data-start=\"2128\" data-end=\"2179\"><strong data-start=\"2130\" data-end=\"2145\">Quy tr\u00ecnh ch\u1ebf bi\u1ebfn:<\/strong> C\u00f4ng ngh\u1ec7 \u0111\u00f4ng l\u1ea1nh cao<\/li>\n<li data-section-id=\"895jai\" data-start=\"2180\" data-end=\"2203\"><strong data-start=\"2182\" data-end=\"2193\">Xu\u1ea5t x\u1ee9:<\/strong> Vi\u1ec7t Nam<\/li>\n<li data-section-id=\"5d1acd\" data-start=\"2204\" data-end=\"2245\"><strong data-start=\"2206\" data-end=\"2221\">Th\u1eddi h\u1ea1n s\u1eed d\u1ee5ng:<\/strong> 18\u201324 th\u00e1ng \u1edf -18\u00b0C<\/li>\n<li data-section-id=\"8l7ax0\" data-start=\"2246\" data-end=\"2294\"><strong data-start=\"2248\" data-end=\"2262\">\u0110\u00f3ng g\u00f3i:<\/strong> S\u1ed1 l\u01b0\u1ee3ng l\u1edbn \/ B\u00e1n l\u1ebb \/ OEM \u0111\u1ec1u c\u00f3 s\u1eb5n<\/li>\n<li data-section-id=\"3t4gpa\" data-start=\"2295\" data-end=\"2341\"><strong data-start=\"2297\" data-end=\"2313\">K\u00edch th\u01b0\u1edbc theo t\u1eebng lo\u1ea1i:<\/strong> C\u00f3 th\u1ec3 t\u00f9y ch\u1ec9nh theo y\u00eau c\u1ea7u.<\/li>\n<li data-section-id=\"4jtjls\" data-start=\"2342\" data-end=\"2411\"><strong data-start=\"2344\" data-end=\"2363\">Ch\u1ee9ng nh\u1eadn:<\/strong> C\u00f3 s\u1eb5n theo y\u00eau c\u1ea7u (ISO, GlobalGAP, v.v.)<\/li>\n<\/ul>\n<hr data-start=\"2413\" data-end=\"2416\">\n<h3 data-section-id=\"1a272qi\" data-start=\"2418\" data-end=\"2452\"><span role=\"text\"><strong data-start=\"2422\" data-end=\"2452\">\ud83d\ude9a T\u1ea1i sao n\u00ean ch\u1ecdn Nghiep Xuan?<\/strong><\/span><\/h3>\n<ul data-start=\"2453\" data-end=\"2741\">\n<li data-section-id=\"w9aq3w\" data-start=\"2453\" data-end=\"2522\">Nh\u00e0 xu\u1ea5t kh\u1ea9u gi\u00e0u kinh nghi\u1ec7m <strong data-start=\"2479\" data-end=\"2520\">c\u00e1c lo\u1ea1i rau c\u1ee7 v\u00e0 n\u1ea5m \u0111\u00f4ng l\u1ea1nh cao c\u1ea5p.<\/strong><\/li>\n<li data-section-id=\"1c9xx38\" data-start=\"2523\" data-end=\"2576\"><strong data-start=\"2532\" data-end=\"2574\">Ki\u1ec3m so\u00e1t ch\u1eb7t ch\u1ebd chu\u1ed7i cung \u1ee9ng l\u1ea1nh t\u1eeb trang tr\u1ea1i \u0111\u1ebfn xu\u1ea5t kh\u1ea9u.<\/strong><\/li>\n<li data-section-id=\"1w1tltk\" data-start=\"2577\" data-end=\"2644\">T\u1eadp trung v\u00e0o <strong data-start=\"2588\" data-end=\"2642\">ch\u1ea5t l\u01b0\u1ee3ng \u1ed5n \u0111\u1ecbnh v\u00e0 hi\u1ec7u qu\u1ea3 s\u1ea3n xu\u1ea5t cho ng\u01b0\u1eddi mua.<\/strong><\/li>\n<li data-section-id=\"pha0d0\" data-start=\"2645\" data-end=\"2689\"><strong data-start=\"2656\" data-end=\"2687\">Gi\u1ea3i ph\u00e1p OEM\/nh\u00e3n hi\u1ec7u ri\u00eang<\/strong> linh ho\u1ea1t<\/li>\n<li data-section-id=\"1qxssst\" data-start=\"2690\" data-end=\"2741\">Cam k\u1ebft x\u00e2y d\u1ef1ng <strong data-start=\"2706\" data-end=\"2739\">quan h\u1ec7 \u0111\u1ed1i t\u00e1c to\u00e0n c\u1ea7u l\u00e2u d\u00e0i<\/strong><\/li>\n<\/ul>\n<hr data-start=\"2743\" data-end=\"2746\">\n<h3 data-section-id=\"sirax1\" data-start=\"2748\" data-end=\"2770\"><span role=\"text\"><strong data-start=\"2752\" data-end=\"2770\">\ud83d\udce9 Y\u00eau c\u1ea7u th\u00f4ng tin CTA<\/strong><\/span><\/h3>\n<p data-start=\"2771\" data-end=\"2913\">B\u1ea1n \u0111ang t\u00ecm ki\u1ebfm nh\u00e0 cung c\u1ea5p n\u1ea5m r\u01a1m \u0111\u00f4ng l\u1ea1nh \u0111\u00e1ng tin c\u1eady?<br data-start=\"2829\" data-end=\"2832\"> \ud83d\udc49 Li\u00ean h\u1ec7 v\u1edbi Nghiep Xuan ngay h\u00f4m nay \u0111\u1ec3 bi\u1ebft <strong data-start=\"2865\" data-end=\"2912\">gi\u00e1 c\u1ea3, m\u1eabu s\u1ea3n ph\u1ea9m v\u00e0 h\u1ee3p t\u00e1c l\u00e2u d\u00e0i<\/strong> .<\/p>\n<p data-start=\"2771\" data-end=\"2913\">Email: info@nghiepxuan.com || WhatsApp\/Viber\/Zalo\/Wechat\/Hotline: +84939 345 598<\/p>\n","protected":false},"excerpt":{"rendered":"<p>N\u1ea5m r\u01a1m \u0111\u00f4ng l\u1ea1nh ch\u1ea5t l\u01b0\u1ee3ng cao d\u00f9ng trong ch\u1ebf bi\u1ebfn th\u1ef1c ph\u1ea9m. K\u00edch th\u01b0\u1edbc \u0111\u1ed3ng \u0111\u1ec1u, ngu\u1ed3n cung \u1ed5n \u0111\u1ecbnh, gi\u00e1 c\u1ea3 c\u1ea1nh tranh. Y\u00eau c\u1ea7u b\u00e1o gi\u00e1 ngay h\u00f4m nay.  <\/p>\n","protected":false},"featured_media":10042,"comment_status":"open","ping_status":"closed","template":"","meta":{"content-type":""},"product_brand":[],"product_cat":[425],"product_tag":[1213,1139,1214,1189,1160],"class_list":{"0":"post-10070","1":"product","2":"type-product","3":"status-publish","4":"has-post-thumbnail","6":"product_cat-frozen","7":"product_tag-nam-rom-dong-lanh","8":"product_tag-san-pham-dong-lanh","9":"product_tag-san-pham-viet-nam","10":"product_tag-trai-cay-dong-lanh","11":"product_tag-xuat-khau-cua-viet-nam","13":"first","14":"instock","15":"shipping-taxable","16":"product-type-simple"},"yoast_head":"<!-- This site is optimized with the Yoast SEO plugin v26.9 - https:\/\/yoast.com\/product\/yoast-seo-wordpress\/ -->\n<title>N\u1ea5m r\u01a1m \u0111\u00f4ng l\u1ea1nh cao c\u1ea5p \u2013 Ch\u1ea5t l\u01b0\u1ee3ng xu\u1ea5t kh\u1ea9u | Nghiep Xuan Vietnam - Nghi\u1ec7p Xu\u00e2n - Xu\u1ea5t Nh\u1eadp Kh\u1ea9u N\u00f4ng S\u1ea3n<\/title>\n<meta name=\"description\" content=\"N\u1ea5m r\u01a1m \u0111\u00f4ng l\u1ea1nh IQF cao c\u1ea5p t\u1eeb Vi\u1ec7t Nam. \u0110\u1ed9 dai ch\u1eafc, cung c\u1ea5p s\u1ed1 l\u01b0\u1ee3ng l\u1edbn, \u0111\u00f3ng g\u00f3i theo y\u00eau c\u1ea7u (OEM). \u0110\u1ed1i t\u00e1c xu\u1ea5t kh\u1ea9u \u0111\u00e1ng tin c\u1eady. Li\u00ean h\u1ec7 Nghi Xu\u00e2n ngay.\" \/>\n<meta name=\"robots\" content=\"index, follow, max-snippet:-1, max-image-preview:large, max-video-preview:-1\" \/>\n<link rel=\"canonical\" href=\"https:\/\/nghiepxuan.com\/vi\/product\/nam-rom-dong-lanh-cao-cap-chat-luong-xuat-khau-nghiep-xuan-vietnam\/\" \/>\n<meta property=\"og:locale\" content=\"vi_VN\" \/>\n<meta property=\"og:type\" content=\"article\" \/>\n<meta property=\"og:title\" content=\"N\u1ea5m r\u01a1m \u0111\u00f4ng l\u1ea1nh cao c\u1ea5p \u2013 Ch\u1ea5t l\u01b0\u1ee3ng xu\u1ea5t kh\u1ea9u | Nghiep Xuan Vietnam - Nghi\u1ec7p Xu\u00e2n - Xu\u1ea5t Nh\u1eadp Kh\u1ea9u N\u00f4ng S\u1ea3n\" \/>\n<meta property=\"og:description\" content=\"N\u1ea5m r\u01a1m \u0111\u00f4ng l\u1ea1nh IQF cao c\u1ea5p t\u1eeb Vi\u1ec7t Nam. \u0110\u1ed9 dai ch\u1eafc, cung c\u1ea5p s\u1ed1 l\u01b0\u1ee3ng l\u1edbn, \u0111\u00f3ng g\u00f3i theo y\u00eau c\u1ea7u (OEM). \u0110\u1ed1i t\u00e1c xu\u1ea5t kh\u1ea9u \u0111\u00e1ng tin c\u1eady. Li\u00ean h\u1ec7 Nghi Xu\u00e2n ngay.\" \/>\n<meta property=\"og:url\" content=\"https:\/\/nghiepxuan.com\/vi\/product\/nam-rom-dong-lanh-cao-cap-chat-luong-xuat-khau-nghiep-xuan-vietnam\/\" \/>\n<meta property=\"og:site_name\" content=\"Nghi\u1ec7p Xu\u00e2n - Xu\u1ea5t Nh\u1eadp Kh\u1ea9u N\u00f4ng S\u1ea3n\" \/>\n<meta property=\"article:publisher\" content=\"https:\/\/www.facebook.com\/nongsannghiepxuan\/\" \/>\n<meta property=\"og:image\" content=\"https:\/\/nghiepxuan.com\/wp-content\/uploads\/2026\/04\/IMG_9357.jpg\" \/>\n\t<meta property=\"og:image:width\" content=\"1654\" \/>\n\t<meta property=\"og:image:height\" content=\"2130\" \/>\n\t<meta property=\"og:image:type\" content=\"image\/jpeg\" \/>\n<meta name=\"twitter:card\" content=\"summary_large_image\" \/>\n<meta name=\"twitter:site\" content=\"@PhuTonBui\" \/>\n<meta name=\"twitter:label1\" content=\"Est. reading time\" \/>\n\t<meta name=\"twitter:data1\" content=\"4 minutes\" \/>\n<script type=\"application\/ld+json\" class=\"yoast-schema-graph\">{\"@context\":\"https:\/\/schema.org\",\"@graph\":[{\"@type\":\"WebPage\",\"@id\":\"https:\/\/nghiepxuan.com\/vi\/product\/nam-rom-dong-lanh-cao-cap-chat-luong-xuat-khau-nghiep-xuan-vietnam\/\",\"url\":\"https:\/\/nghiepxuan.com\/vi\/product\/nam-rom-dong-lanh-cao-cap-chat-luong-xuat-khau-nghiep-xuan-vietnam\/\",\"name\":\"N\u1ea5m r\u01a1m \u0111\u00f4ng l\u1ea1nh cao c\u1ea5p \u2013 Ch\u1ea5t l\u01b0\u1ee3ng xu\u1ea5t kh\u1ea9u | Nghiep Xuan Vietnam - Nghi\u1ec7p Xu\u00e2n - Xu\u1ea5t Nh\u1eadp Kh\u1ea9u N\u00f4ng S\u1ea3n\",\"isPartOf\":{\"@id\":\"https:\/\/nghiepxuan.com\/vi\/#website\"},\"primaryImageOfPage\":{\"@id\":\"https:\/\/nghiepxuan.com\/vi\/product\/nam-rom-dong-lanh-cao-cap-chat-luong-xuat-khau-nghiep-xuan-vietnam\/#primaryimage\"},\"image\":{\"@id\":\"https:\/\/nghiepxuan.com\/vi\/product\/nam-rom-dong-lanh-cao-cap-chat-luong-xuat-khau-nghiep-xuan-vietnam\/#primaryimage\"},\"thumbnailUrl\":\"https:\/\/nghiepxuan.com\/wp-content\/uploads\/2026\/04\/IMG_9357.jpg\",\"datePublished\":\"2026-04-30T07:25:36+00:00\",\"description\":\"N\u1ea5m r\u01a1m \u0111\u00f4ng l\u1ea1nh IQF cao c\u1ea5p t\u1eeb Vi\u1ec7t Nam. \u0110\u1ed9 dai ch\u1eafc, cung c\u1ea5p s\u1ed1 l\u01b0\u1ee3ng l\u1edbn, \u0111\u00f3ng g\u00f3i theo y\u00eau c\u1ea7u (OEM). \u0110\u1ed1i t\u00e1c xu\u1ea5t kh\u1ea9u \u0111\u00e1ng tin c\u1eady. Li\u00ean h\u1ec7 Nghi Xu\u00e2n ngay.\",\"breadcrumb\":{\"@id\":\"https:\/\/nghiepxuan.com\/vi\/product\/nam-rom-dong-lanh-cao-cap-chat-luong-xuat-khau-nghiep-xuan-vietnam\/#breadcrumb\"},\"inLanguage\":\"vi-VN\",\"potentialAction\":[{\"@type\":\"ReadAction\",\"target\":[\"https:\/\/nghiepxuan.com\/vi\/product\/nam-rom-dong-lanh-cao-cap-chat-luong-xuat-khau-nghiep-xuan-vietnam\/\"]}]},{\"@type\":\"ImageObject\",\"inLanguage\":\"vi-VN\",\"@id\":\"https:\/\/nghiepxuan.com\/vi\/product\/nam-rom-dong-lanh-cao-cap-chat-luong-xuat-khau-nghiep-xuan-vietnam\/#primaryimage\",\"url\":\"https:\/\/nghiepxuan.com\/wp-content\/uploads\/2026\/04\/IMG_9357.jpg\",\"contentUrl\":\"https:\/\/nghiepxuan.com\/wp-content\/uploads\/2026\/04\/IMG_9357.jpg\",\"width\":1654,\"height\":2130,\"caption\":\"Frozen Straw Mushroom\"},{\"@type\":\"BreadcrumbList\",\"@id\":\"https:\/\/nghiepxuan.com\/vi\/product\/nam-rom-dong-lanh-cao-cap-chat-luong-xuat-khau-nghiep-xuan-vietnam\/#breadcrumb\",\"itemListElement\":[{\"@type\":\"ListItem\",\"position\":1,\"name\":\"Home\",\"item\":\"https:\/\/nghiepxuan.com\/vi\/\"},{\"@type\":\"ListItem\",\"position\":2,\"name\":\"C\u1eeda h\u00e0ng\",\"item\":\"https:\/\/nghiepxuan.com\/vi\/shop\/\"},{\"@type\":\"ListItem\",\"position\":3,\"name\":\"N\u1ea5m r\u01a1m \u0111\u00f4ng l\u1ea1nh cao c\u1ea5p \u2013 Ch\u1ea5t l\u01b0\u1ee3ng xu\u1ea5t kh\u1ea9u | Nghiep Xuan Vietnam\"}]},{\"@type\":\"WebSite\",\"@id\":\"https:\/\/nghiepxuan.com\/vi\/#website\",\"url\":\"https:\/\/nghiepxuan.com\/vi\/\",\"name\":\"Nghiep Xuan - Agricultural Import and Export\",\"description\":\"Nu\u00f4i d\u01b0\u1ee1ng thi\u00ean nhi\u00ean, thu ho\u1ea1ch s\u1ee9c kh\u1ecfe: \u0110i\u1ec3m \u0111\u1ebfn l\u1ed1i s\u1ed1ng h\u1eefu c\u01a1 c\u1ee7a b\u1ea1n\",\"publisher\":{\"@id\":\"https:\/\/nghiepxuan.com\/vi\/#organization\"},\"potentialAction\":[{\"@type\":\"SearchAction\",\"target\":{\"@type\":\"EntryPoint\",\"urlTemplate\":\"https:\/\/nghiepxuan.com\/vi\/?s={search_term_string}\"},\"query-input\":{\"@type\":\"PropertyValueSpecification\",\"valueRequired\":true,\"valueName\":\"search_term_string\"}}],\"inLanguage\":\"vi-VN\"},{\"@type\":\"Organization\",\"@id\":\"https:\/\/nghiepxuan.com\/vi\/#organization\",\"name\":\"Nghiep Xuan - Agricultural Import and Export\",\"url\":\"https:\/\/nghiepxuan.com\/vi\/\",\"logo\":{\"@type\":\"ImageObject\",\"inLanguage\":\"vi-VN\",\"@id\":\"https:\/\/nghiepxuan.com\/vi\/#\/schema\/logo\/image\/\",\"url\":\"https:\/\/nghiepxuan.com\/wp-content\/uploads\/2025\/04\/Nghiep-Xuan-Logo-4.png\",\"contentUrl\":\"https:\/\/nghiepxuan.com\/wp-content\/uploads\/2025\/04\/Nghiep-Xuan-Logo-4.png\",\"width\":4167,\"height\":1015,\"caption\":\"Nghiep Xuan - Agricultural Import and Export\"},\"image\":{\"@id\":\"https:\/\/nghiepxuan.com\/vi\/#\/schema\/logo\/image\/\"},\"sameAs\":[\"https:\/\/www.facebook.com\/nongsannghiepxuan\/\",\"https:\/\/x.com\/PhuTonBui\",\"https:\/\/www.instagram.com\/xuatnhapkhaunghiepxuan\/\",\"https:\/\/www.youtube.com\/@nongsannghiepxuan2066\",\"https:\/\/www.tiktok.com\/@nghiepxuan\"]}]}<\/script>\n<!-- \/ Yoast SEO plugin. -->","yoast_head_json":{"title":"N\u1ea5m r\u01a1m \u0111\u00f4ng l\u1ea1nh cao c\u1ea5p \u2013 Ch\u1ea5t l\u01b0\u1ee3ng xu\u1ea5t kh\u1ea9u | Nghiep Xuan Vietnam - Nghi\u1ec7p Xu\u00e2n - Xu\u1ea5t Nh\u1eadp Kh\u1ea9u N\u00f4ng S\u1ea3n","description":"N\u1ea5m r\u01a1m \u0111\u00f4ng l\u1ea1nh IQF cao c\u1ea5p t\u1eeb Vi\u1ec7t Nam. \u0110\u1ed9 dai ch\u1eafc, cung c\u1ea5p s\u1ed1 l\u01b0\u1ee3ng l\u1edbn, \u0111\u00f3ng g\u00f3i theo y\u00eau c\u1ea7u (OEM). \u0110\u1ed1i t\u00e1c xu\u1ea5t kh\u1ea9u \u0111\u00e1ng tin c\u1eady. Li\u00ean h\u1ec7 Nghi Xu\u00e2n ngay.","robots":{"index":"index","follow":"follow","max-snippet":"max-snippet:-1","max-image-preview":"max-image-preview:large","max-video-preview":"max-video-preview:-1"},"canonical":"https:\/\/nghiepxuan.com\/vi\/product\/nam-rom-dong-lanh-cao-cap-chat-luong-xuat-khau-nghiep-xuan-vietnam\/","og_locale":"vi_VN","og_type":"article","og_title":"N\u1ea5m r\u01a1m \u0111\u00f4ng l\u1ea1nh cao c\u1ea5p \u2013 Ch\u1ea5t l\u01b0\u1ee3ng xu\u1ea5t kh\u1ea9u | Nghiep Xuan Vietnam - Nghi\u1ec7p Xu\u00e2n - Xu\u1ea5t Nh\u1eadp Kh\u1ea9u N\u00f4ng S\u1ea3n","og_description":"N\u1ea5m r\u01a1m \u0111\u00f4ng l\u1ea1nh IQF cao c\u1ea5p t\u1eeb Vi\u1ec7t Nam. \u0110\u1ed9 dai ch\u1eafc, cung c\u1ea5p s\u1ed1 l\u01b0\u1ee3ng l\u1edbn, \u0111\u00f3ng g\u00f3i theo y\u00eau c\u1ea7u (OEM). \u0110\u1ed1i t\u00e1c xu\u1ea5t kh\u1ea9u \u0111\u00e1ng tin c\u1eady. Li\u00ean h\u1ec7 Nghi Xu\u00e2n ngay.","og_url":"https:\/\/nghiepxuan.com\/vi\/product\/nam-rom-dong-lanh-cao-cap-chat-luong-xuat-khau-nghiep-xuan-vietnam\/","og_site_name":"Nghi\u1ec7p Xu\u00e2n - Xu\u1ea5t Nh\u1eadp Kh\u1ea9u N\u00f4ng S\u1ea3n","article_publisher":"https:\/\/www.facebook.com\/nongsannghiepxuan\/","og_image":[{"width":1654,"height":2130,"url":"https:\/\/nghiepxuan.com\/wp-content\/uploads\/2026\/04\/IMG_9357.jpg","type":"image\/jpeg"}],"twitter_card":"summary_large_image","twitter_site":"@PhuTonBui","twitter_misc":{"Est. reading time":"4 minutes"},"schema":{"@context":"https:\/\/schema.org","@graph":[{"@type":"WebPage","@id":"https:\/\/nghiepxuan.com\/vi\/product\/nam-rom-dong-lanh-cao-cap-chat-luong-xuat-khau-nghiep-xuan-vietnam\/","url":"https:\/\/nghiepxuan.com\/vi\/product\/nam-rom-dong-lanh-cao-cap-chat-luong-xuat-khau-nghiep-xuan-vietnam\/","name":"N\u1ea5m r\u01a1m \u0111\u00f4ng l\u1ea1nh cao c\u1ea5p \u2013 Ch\u1ea5t l\u01b0\u1ee3ng xu\u1ea5t kh\u1ea9u | Nghiep Xuan Vietnam - Nghi\u1ec7p Xu\u00e2n - Xu\u1ea5t Nh\u1eadp Kh\u1ea9u N\u00f4ng S\u1ea3n","isPartOf":{"@id":"https:\/\/nghiepxuan.com\/vi\/#website"},"primaryImageOfPage":{"@id":"https:\/\/nghiepxuan.com\/vi\/product\/nam-rom-dong-lanh-cao-cap-chat-luong-xuat-khau-nghiep-xuan-vietnam\/#primaryimage"},"image":{"@id":"https:\/\/nghiepxuan.com\/vi\/product\/nam-rom-dong-lanh-cao-cap-chat-luong-xuat-khau-nghiep-xuan-vietnam\/#primaryimage"},"thumbnailUrl":"https:\/\/nghiepxuan.com\/wp-content\/uploads\/2026\/04\/IMG_9357.jpg","datePublished":"2026-04-30T07:25:36+00:00","description":"N\u1ea5m r\u01a1m \u0111\u00f4ng l\u1ea1nh IQF cao c\u1ea5p t\u1eeb Vi\u1ec7t Nam. \u0110\u1ed9 dai ch\u1eafc, cung c\u1ea5p s\u1ed1 l\u01b0\u1ee3ng l\u1edbn, \u0111\u00f3ng g\u00f3i theo y\u00eau c\u1ea7u (OEM). \u0110\u1ed1i t\u00e1c xu\u1ea5t kh\u1ea9u \u0111\u00e1ng tin c\u1eady. Li\u00ean h\u1ec7 Nghi Xu\u00e2n ngay.","breadcrumb":{"@id":"https:\/\/nghiepxuan.com\/vi\/product\/nam-rom-dong-lanh-cao-cap-chat-luong-xuat-khau-nghiep-xuan-vietnam\/#breadcrumb"},"inLanguage":"vi-VN","potentialAction":[{"@type":"ReadAction","target":["https:\/\/nghiepxuan.com\/vi\/product\/nam-rom-dong-lanh-cao-cap-chat-luong-xuat-khau-nghiep-xuan-vietnam\/"]}]},{"@type":"ImageObject","inLanguage":"vi-VN","@id":"https:\/\/nghiepxuan.com\/vi\/product\/nam-rom-dong-lanh-cao-cap-chat-luong-xuat-khau-nghiep-xuan-vietnam\/#primaryimage","url":"https:\/\/nghiepxuan.com\/wp-content\/uploads\/2026\/04\/IMG_9357.jpg","contentUrl":"https:\/\/nghiepxuan.com\/wp-content\/uploads\/2026\/04\/IMG_9357.jpg","width":1654,"height":2130,"caption":"Frozen Straw Mushroom"},{"@type":"BreadcrumbList","@id":"https:\/\/nghiepxuan.com\/vi\/product\/nam-rom-dong-lanh-cao-cap-chat-luong-xuat-khau-nghiep-xuan-vietnam\/#breadcrumb","itemListElement":[{"@type":"ListItem","position":1,"name":"Home","item":"https:\/\/nghiepxuan.com\/vi\/"},{"@type":"ListItem","position":2,"name":"C\u1eeda h\u00e0ng","item":"https:\/\/nghiepxuan.com\/vi\/shop\/"},{"@type":"ListItem","position":3,"name":"N\u1ea5m r\u01a1m \u0111\u00f4ng l\u1ea1nh cao c\u1ea5p \u2013 Ch\u1ea5t l\u01b0\u1ee3ng xu\u1ea5t kh\u1ea9u | Nghiep Xuan Vietnam"}]},{"@type":"WebSite","@id":"https:\/\/nghiepxuan.com\/vi\/#website","url":"https:\/\/nghiepxuan.com\/vi\/","name":"Nghiep Xuan - Agricultural Import and Export","description":"Nu\u00f4i d\u01b0\u1ee1ng thi\u00ean nhi\u00ean, thu ho\u1ea1ch s\u1ee9c kh\u1ecfe: \u0110i\u1ec3m \u0111\u1ebfn l\u1ed1i s\u1ed1ng h\u1eefu c\u01a1 c\u1ee7a b\u1ea1n","publisher":{"@id":"https:\/\/nghiepxuan.com\/vi\/#organization"},"potentialAction":[{"@type":"SearchAction","target":{"@type":"EntryPoint","urlTemplate":"https:\/\/nghiepxuan.com\/vi\/?s={search_term_string}"},"query-input":{"@type":"PropertyValueSpecification","valueRequired":true,"valueName":"search_term_string"}}],"inLanguage":"vi-VN"},{"@type":"Organization","@id":"https:\/\/nghiepxuan.com\/vi\/#organization","name":"Nghiep Xuan - Agricultural Import and Export","url":"https:\/\/nghiepxuan.com\/vi\/","logo":{"@type":"ImageObject","inLanguage":"vi-VN","@id":"https:\/\/nghiepxuan.com\/vi\/#\/schema\/logo\/image\/","url":"https:\/\/nghiepxuan.com\/wp-content\/uploads\/2025\/04\/Nghiep-Xuan-Logo-4.png","contentUrl":"https:\/\/nghiepxuan.com\/wp-content\/uploads\/2025\/04\/Nghiep-Xuan-Logo-4.png","width":4167,"height":1015,"caption":"Nghiep Xuan - Agricultural Import and Export"},"image":{"@id":"https:\/\/nghiepxuan.com\/vi\/#\/schema\/logo\/image\/"},"sameAs":["https:\/\/www.facebook.com\/nongsannghiepxuan\/","https:\/\/x.com\/PhuTonBui","https:\/\/www.instagram.com\/xuatnhapkhaunghiepxuan\/","https:\/\/www.youtube.com\/@nongsannghiepxuan2066","https:\/\/www.tiktok.com\/@nghiepxuan"]}]}},"_links":{"self":[{"href":"https:\/\/nghiepxuan.com\/vi\/wp-json\/wp\/v2\/product\/10070","targetHints":{"allow":["GET"]}}],"collection":[{"href":"https:\/\/nghiepxuan.com\/vi\/wp-json\/wp\/v2\/product"}],"about":[{"href":"https:\/\/nghiepxuan.com\/vi\/wp-json\/wp\/v2\/types\/product"}],"replies":[{"embeddable":true,"href":"https:\/\/nghiepxuan.com\/vi\/wp-json\/wp\/v2\/comments?post=10070"}],"version-history":[{"count":0,"href":"https:\/\/nghiepxuan.com\/vi\/wp-json\/wp\/v2\/product\/10070\/revisions"}],"wp:featuredmedia":[{"embeddable":true,"href":"https:\/\/nghiepxuan.com\/vi\/wp-json\/wp\/v2\/media\/10042"}],"wp:attachment":[{"href":"https:\/\/nghiepxuan.com\/vi\/wp-json\/wp\/v2\/media?parent=10070"}],"wp:term":[{"taxonomy":"product_brand","embeddable":true,"href":"https:\/\/nghiepxuan.com\/vi\/wp-json\/wp\/v2\/product_brand?post=10070"},{"taxonomy":"product_cat","embeddable":true,"href":"https:\/\/nghiepxuan.com\/vi\/wp-json\/wp\/v2\/product_cat?post=10070"},{"taxonomy":"product_tag","embeddable":true,"href":"https:\/\/nghiepxuan.com\/vi\/wp-json\/wp\/v2\/product_tag?post=10070"}],"curies":[{"name":"wp","href":"https:\/\/api.w.org\/{rel}","templated":true}]}}