{"id":10009,"date":"2026-04-30T04:15:57","date_gmt":"2026-04-30T04:15:57","guid":{"rendered":"https:\/\/nghiepxuan.com\/product\/la-dua-dong-lanh-cao-cap-chat-luong-xuat-khau-nghiep-xuan-vietnam\/"},"modified":"2026-04-30T04:15:57","modified_gmt":"2026-04-30T04:15:57","slug":"la-dua-dong-lanh-cao-cap-chat-luong-xuat-khau-nghiep-xuan-vietnam","status":"publish","type":"product","link":"https:\/\/nghiepxuan.com\/vi\/product\/la-dua-dong-lanh-cao-cap-chat-luong-xuat-khau-nghiep-xuan-vietnam\/","title":{"rendered":"L\u00e1 d\u1ee9a \u0111\u00f4ng l\u1ea1nh cao c\u1ea5p \u2013 Ch\u1ea5t l\u01b0\u1ee3ng xu\u1ea5t kh\u1ea9u | Nghiep Xuan Vietnam"},"content":{"rendered":"<h3 data-section-id=\"10rmw79\" data-start=\"336\" data-end=\"352\"><span role=\"text\"><strong data-start=\"340\" data-end=\"352\">T\u1ed5ng quan<\/strong><\/span><\/h3>\n<p data-start=\"353\" data-end=\"566\">Nghiep Xuan cung c\u1ea5p <strong data-start=\"372\" data-end=\"423\">L\u00e1 d\u1ee9a \u0111\u00f4ng l\u1ea1nh cao c\u1ea5p<\/strong> , \u0111\u01b0\u1ee3c tuy\u1ec3n ch\u1ecdn k\u1ef9 l\u01b0\u1ee1ng t\u1eeb c\u00e1c trang tr\u1ea1i t\u1ea1i Vi\u1ec7t Nam v\u00e0 ch\u1ebf bi\u1ebfn \u0111\u1ec3 gi\u1eef \u0111\u01b0\u1ee3c <strong data-start=\"506\" data-end=\"565\">h\u01b0\u01a1ng th\u01a1m t\u1ef1 nhi\u00ean \u0111\u1eb7c tr\u01b0ng, \u200b\u200bm\u00e0u xanh \u0111\u1eadm v\u00e0 \u0111\u1ed9 t\u01b0\u01a1i ngon<\/strong> .<\/p>\n<p data-start=\"568\" data-end=\"786\">L\u00e1 d\u1ee9a \u0111\u01b0\u1ee3c s\u1eed d\u1ee5ng r\u1ed9ng r\u00e3i trong \u1ea9m th\u1ef1c v\u00e0 c\u00f4ng nghi\u1ec7p th\u1ef1c ph\u1ea9m ch\u00e2u \u00c1 nh\u1edd <strong data-start=\"650\" data-end=\"703\">h\u01b0\u01a1ng th\u01a1m \u0111\u1ed9c \u0111\u00e1o v\u00e0 \u0111\u1eb7c t\u00ednh t\u1ea1o h\u01b0\u01a1ng v\u1ecb t\u1ef1 nhi\u00ean<\/strong> , tr\u1edf th\u00e0nh m\u1ed9t nguy\u00ean li\u1ec7u thi\u1ebft y\u1ebfu cho c\u1ea3 c\u00e1c \u1ee9ng d\u1ee5ng truy\u1ec1n th\u1ed1ng v\u00e0 hi\u1ec7n \u0111\u1ea1i.<\/p>\n<hr data-start=\"788\" data-end=\"791\">\n<h3 data-section-id=\"qn9rqt\" data-start=\"793\" data-end=\"816\"><span role=\"text\"><strong data-start=\"797\" data-end=\"816\">\ud83c\udf3f C\u00e1c t\u00ednh n\u0103ng ch\u00ednh<\/strong><\/span><\/h3>\n<ul data-start=\"817\" data-end=\"1165\">\n<li data-section-id=\"19j9mxo\" data-start=\"817\" data-end=\"875\"><strong data-start=\"819\" data-end=\"840\">H\u01b0\u01a1ng th\u01a1m t\u1ef1 nhi\u00ean<\/strong> \u2013 M\u00f9i l\u00e1 d\u1ee9a \u0111\u1eb7c tr\u01b0ng n\u1ed3ng n\u00e0n.<\/li>\n<li data-section-id=\"16zuj4u\" data-start=\"876\" data-end=\"928\"><strong data-start=\"878\" data-end=\"894\">100% t\u1ef1 nhi\u00ean<\/strong> \u2013 Kh\u00f4ng ch\u1ea5t ph\u1ee5 gia hay ch\u1ea5t b\u1ea3o qu\u1ea3n<\/li>\n<li data-section-id=\"5no7wm\" data-start=\"929\" data-end=\"992\"><strong data-start=\"931\" data-end=\"960\">Nh\u1eefng chi\u1ebfc l\u00e1 \u0111\u01b0\u1ee3c l\u1ef1a ch\u1ecdn k\u1ef9 l\u01b0\u1ee1ng<\/strong> \u2013 Ch\u1ea5t l\u01b0\u1ee3ng v\u00e0 k\u00edch th\u01b0\u1edbc \u0111\u1ed3ng \u0111\u1ec1u.<\/li>\n<li data-section-id=\"3vyzgw\" data-start=\"993\" data-end=\"1054\"><strong data-start=\"995\" data-end=\"1030\">\u0110\u01b0\u1ee3c ch\u1ebf bi\u1ebfn v\u00e0 \u0111\u00f4ng l\u1ea1nh h\u1ee3p v\u1ec7 sinh<\/strong> \u2013 Gi\u1eef \u0111\u01b0\u1ee3c \u0111\u1ed9 t\u01b0\u01a1i ngon<\/li>\n<li data-section-id=\"1ud62jk\" data-start=\"1055\" data-end=\"1110\"><strong data-start=\"1057\" data-end=\"1077\">\u0110\u1ecbnh d\u1ea1ng linh ho\u1ea1t<\/strong> \u2013 L\u00e1 nguy\u00ean ho\u1eb7c c\u00e1c \u0111o\u1ea1n c\u1eaft nh\u1ecf<\/li>\n<li data-section-id=\"fbjd5c\" data-start=\"1111\" data-end=\"1165\"><strong data-start=\"1113\" data-end=\"1134\">Ngu\u1ed3n cung quanh n\u0103m<\/strong> \u2013 Kh\u1ea3 n\u0103ng xu\u1ea5t kh\u1ea9u \u1ed5n \u0111\u1ecbnh<\/li>\n<\/ul>\n<hr data-start=\"1167\" data-end=\"1170\">\n<h3 data-section-id=\"f701lt\" data-start=\"1172\" data-end=\"1196\"><span role=\"text\"><strong data-start=\"1176\" data-end=\"1196\">\ud83c\udf7d\ufe0f \u0110\u01a1n \u0111\u0103ng k\u00fd<\/strong><\/span><\/h3>\n<p data-start=\"1197\" data-end=\"1241\">Th\u00edch h\u1ee3p cho c\u1ea3 m\u1ee5c \u0111\u00edch n\u1ea5u n\u01b0\u1edbng v\u00e0 c\u00f4ng nghi\u1ec7p:<\/p>\n<ul data-start=\"1242\" data-end=\"1424\">\n<li data-section-id=\"whvlkx\" data-start=\"1242\" data-end=\"1291\">C\u00e1c m\u00f3n tr\u00e1ng mi\u1ec7ng (b\u00e1nh ng\u1ecdt, th\u1ea1ch, c\u00e1c lo\u1ea1i k\u1eb9o l\u00e0m t\u1eeb d\u1eeba)<\/li>\n<li data-section-id=\"1gp25n\" data-start=\"1292\" data-end=\"1325\">\u0110\u1ed3 u\u1ed1ng v\u00e0 chi\u1ebft xu\u1ea5t h\u01b0\u01a1ng li\u1ec7u<\/li>\n<li data-section-id=\"thzov3\" data-start=\"1326\" data-end=\"1371\">C\u00e1c m\u00f3n c\u01a1m v\u00e0 \u1ea9m th\u1ef1c truy\u1ec1n th\u1ed1ng ch\u00e2u \u00c1<\/li>\n<li data-section-id=\"4cn92w\" data-start=\"1372\" data-end=\"1424\">Ch\u1ebf bi\u1ebfn th\u1ef1c ph\u1ea9m v\u00e0 s\u1ea3n xu\u1ea5t h\u01b0\u01a1ng li\u1ec7u t\u1ef1 nhi\u00ean<\/li>\n<\/ul>\n<hr data-start=\"1426\" data-end=\"1429\">\n<h3 data-section-id=\"grum48\" data-start=\"1431\" data-end=\"1464\"><span role=\"text\"><strong data-start=\"1435\" data-end=\"1464\">\ud83d\udce6 Th\u00f4ng s\u1ed1 k\u1ef9 thu\u1eadt s\u1ea3n ph\u1ea9m<\/strong><\/span><\/h3>\n<ul data-start=\"1465\" data-end=\"1723\">\n<li data-section-id=\"1v6jtqa\" data-start=\"1465\" data-end=\"1521\"><strong data-start=\"1467\" data-end=\"1484\">Lo\u1ea1i s\u1ea3n ph\u1ea9m:<\/strong> L\u00e1 d\u1ee9a \u0111\u00f4ng l\u1ea1nh (nguy\u00ean l\u00e1 \/ c\u1eaft nh\u1ecf)<\/li>\n<li data-section-id=\"yjfiup\" data-start=\"1522\" data-end=\"1558\"><strong data-start=\"1524\" data-end=\"1539\">Quy tr\u00ecnh ch\u1ebf bi\u1ebfn:<\/strong> L\u00e0m s\u1ea1ch &amp; \u0110\u00f4ng l\u1ea1nh<\/li>\n<li data-section-id=\"895jai\" data-start=\"1559\" data-end=\"1582\"><strong data-start=\"1561\" data-end=\"1572\">Xu\u1ea5t x\u1ee9:<\/strong> Vi\u1ec7t Nam<\/li>\n<li data-section-id=\"5d1acd\" data-start=\"1583\" data-end=\"1624\"><strong data-start=\"1585\" data-end=\"1600\">Th\u1eddi h\u1ea1n s\u1eed d\u1ee5ng:<\/strong> 18\u201324 th\u00e1ng \u1edf -18\u00b0C<\/li>\n<li data-section-id=\"hpqp2v\" data-start=\"1625\" data-end=\"1676\"><strong data-start=\"1627\" data-end=\"1641\">\u0110\u00f3ng g\u00f3i:<\/strong> S\u1ed1 l\u01b0\u1ee3ng l\u1edbn \/ B\u00e1n l\u1ebb \/ T\u00f9y ch\u1ec9nh theo y\u00eau c\u1ea7u OEM<\/li>\n<li data-section-id=\"163cxhx\" data-start=\"1677\" data-end=\"1723\"><strong data-start=\"1679\" data-end=\"1698\">Ch\u1ee9ng ch\u1ec9:<\/strong> C\u00f3 s\u1eb5n theo y\u00eau c\u1ea7u<\/li>\n<\/ul>\n<hr data-start=\"1725\" data-end=\"1728\">\n<h3 data-section-id=\"1a272qi\" data-start=\"1730\" data-end=\"1764\"><span role=\"text\"><strong data-start=\"1734\" data-end=\"1764\">\ud83d\ude9a T\u1ea1i sao n\u00ean ch\u1ecdn Nghiep Xuan?<\/strong><\/span><\/h3>\n<ul data-start=\"1765\" data-end=\"2025\">\n<li data-section-id=\"1ekon5q\" data-start=\"1765\" data-end=\"1833\"><strong data-start=\"1776\" data-end=\"1831\">Nh\u00e0 xu\u1ea5t kh\u1ea9u \u0111\u00e1ng tin c\u1eady c\u1ee7a Vi\u1ec7t Nam v\u1ec1 c\u00e1c s\u1ea3n ph\u1ea9m n\u00f4ng s\u1ea3n \u0111\u00f4ng l\u1ea1nh.<\/strong><\/li>\n<li data-section-id=\"ptoj8u\" data-start=\"1834\" data-end=\"1891\"><strong data-start=\"1843\" data-end=\"1889\">H\u1ec7 th\u1ed1ng chu\u1ed7i cung \u1ee9ng l\u1ea1nh m\u1ea1nh m\u1ebd \u0111\u1ea3m b\u1ea3o ch\u1ea5t l\u01b0\u1ee3ng s\u1ea3n ph\u1ea9m.<\/strong><\/li>\n<li data-section-id=\"2vrydr\" data-start=\"1892\" data-end=\"1938\"><strong data-start=\"1905\" data-end=\"1936\">H\u01b0\u01a1ng th\u01a1m, m\u00e0u s\u1eafc v\u00e0 \u0111\u1ed9 t\u01b0\u01a1i ngon<\/strong> lu\u00f4n \u0111\u01b0\u1ee3c duy tr\u00ec \u1ed5n \u0111\u1ecbnh.<\/li>\n<li data-section-id=\"yfb7h\" data-start=\"1939\" data-end=\"1985\"><strong data-start=\"1950\" data-end=\"1983\">Gi\u1ea3i ph\u00e1p OEM v\u00e0 nh\u00e3n hi\u1ec7u ri\u00eang<\/strong> linh ho\u1ea1t<\/li>\n<li data-section-id=\"8exddf\" data-start=\"1986\" data-end=\"2025\"><strong data-start=\"1998\" data-end=\"2023\">T\u1eadp trung v\u00e0o quan h\u1ec7 \u0111\u1ed1i t\u00e1c B2B<\/strong> d\u00e0i h\u1ea1n<\/li>\n<\/ul>\n<hr data-start=\"2027\" data-end=\"2030\">\n<h3 data-section-id=\"sirax1\" data-start=\"2032\" data-end=\"2054\"><span role=\"text\"><strong data-start=\"2036\" data-end=\"2054\">\ud83d\udce9 Y\u00eau c\u1ea7u th\u00f4ng tin CTA<\/strong><\/span><\/h3>\n<p data-start=\"2055\" data-end=\"2200\">B\u1ea1n \u0111ang t\u00ecm ki\u1ebfm nh\u00e0 cung c\u1ea5p l\u00e1 d\u1ee9a \u0111\u00f4ng l\u1ea1nh \u0111\u00e1ng tin c\u1eady?<br data-start=\"2110\" data-end=\"2113\"> \ud83d\udc49 Li\u00ean h\u1ec7 v\u1edbi Nghiep Xuan ngay h\u00f4m nay \u0111\u1ec3 nh\u1eadn <strong data-start=\"2146\" data-end=\"2199\">b\u00e1o gi\u00e1, m\u1eabu s\u1ea3n ph\u1ea9m v\u00e0 c\u01a1 h\u1ed9i h\u1ee3p t\u00e1c<\/strong> .<\/p>\n<p data-start=\"2055\" data-end=\"2200\">Email: info@nghiepxuan.com || WhatsApp\/Viber\/Zalo\/Wechat\/Hotline: +84939 345 598<\/p>\n","protected":false},"excerpt":{"rendered":"<p>L\u00e1 d\u1ee9a \u0111\u00f4ng l\u1ea1nh ch\u1ea5t l\u01b0\u1ee3ng cao d\u00f9ng cho m\u00f3n tr\u00e1ng mi\u1ec7ng v\u00e0 ch\u1ebf bi\u1ebfn th\u1ef1c ph\u1ea9m. H\u01b0\u01a1ng th\u01a1m \u0111\u1eadm \u0111\u00e0, ngu\u1ed3n cung \u1ed5n \u0111\u1ecbnh, s\u1eb5n s\u00e0ng xu\u1ea5t kh\u1ea9u. Li\u00ean h\u1ec7 Nghiep Xuan \u0111\u1ec3 nh\u1eadn b\u00e1o gi\u00e1.  <\/p>\n","protected":false},"featured_media":9986,"comment_status":"open","ping_status":"closed","template":"","meta":{"content-type":""},"product_brand":[],"product_cat":[425],"product_tag":[1199,1139,1190,1140],"class_list":{"0":"post-10009","1":"product","2":"type-product","3":"status-publish","4":"has-post-thumbnail","6":"product_cat-frozen","7":"product_tag-la-padan-dong-lanh","8":"product_tag-san-pham-dong-lanh","9":"product_tag-san-pham-dong-lanh-viet-nam","10":"product_tag-trai-cay-dong-lanh-viet-nam","12":"first","13":"instock","14":"shipping-taxable","15":"product-type-simple"},"yoast_head":"<!-- This site is optimized with the Yoast SEO plugin v26.9 - https:\/\/yoast.com\/product\/yoast-seo-wordpress\/ -->\n<title>L\u00e1 d\u1ee9a \u0111\u00f4ng l\u1ea1nh cao c\u1ea5p \u2013 Ch\u1ea5t l\u01b0\u1ee3ng xu\u1ea5t kh\u1ea9u | Nghiep Xuan Vietnam - Nghi\u1ec7p Xu\u00e2n - Xu\u1ea5t Nh\u1eadp Kh\u1ea9u N\u00f4ng S\u1ea3n<\/title>\n<meta name=\"description\" content=\"L\u00e1 d\u1ee9a \u0111\u00f4ng l\u1ea1nh cao c\u1ea5p t\u1eeb Vi\u1ec7t Nam. H\u01b0\u01a1ng th\u01a1m t\u1ef1 nhi\u00ean, ch\u1ea5t l\u01b0\u1ee3ng th\u1ef1c ph\u1ea9m, cung c\u1ea5p s\u1ed1 l\u01b0\u1ee3ng l\u1edbn v\u00e0 \u0111\u00f3ng g\u00f3i theo y\u00eau c\u1ea7u (OEM). Li\u00ean h\u1ec7 Nghi Xu\u00e2n \u0111\u1ec3 \u0111\u01b0\u1ee3c b\u00e1o gi\u00e1.\" \/>\n<meta name=\"robots\" content=\"index, follow, max-snippet:-1, max-image-preview:large, max-video-preview:-1\" \/>\n<link rel=\"canonical\" href=\"https:\/\/nghiepxuan.com\/vi\/product\/la-dua-dong-lanh-cao-cap-chat-luong-xuat-khau-nghiep-xuan-vietnam\/\" \/>\n<meta property=\"og:locale\" content=\"vi_VN\" \/>\n<meta property=\"og:type\" content=\"article\" \/>\n<meta property=\"og:title\" content=\"L\u00e1 d\u1ee9a \u0111\u00f4ng l\u1ea1nh cao c\u1ea5p \u2013 Ch\u1ea5t l\u01b0\u1ee3ng xu\u1ea5t kh\u1ea9u | Nghiep Xuan Vietnam - Nghi\u1ec7p Xu\u00e2n - Xu\u1ea5t Nh\u1eadp Kh\u1ea9u N\u00f4ng S\u1ea3n\" \/>\n<meta property=\"og:description\" content=\"L\u00e1 d\u1ee9a \u0111\u00f4ng l\u1ea1nh cao c\u1ea5p t\u1eeb Vi\u1ec7t Nam. H\u01b0\u01a1ng th\u01a1m t\u1ef1 nhi\u00ean, ch\u1ea5t l\u01b0\u1ee3ng th\u1ef1c ph\u1ea9m, cung c\u1ea5p s\u1ed1 l\u01b0\u1ee3ng l\u1edbn v\u00e0 \u0111\u00f3ng g\u00f3i theo y\u00eau c\u1ea7u (OEM). Li\u00ean h\u1ec7 Nghi Xu\u00e2n \u0111\u1ec3 \u0111\u01b0\u1ee3c b\u00e1o gi\u00e1.\" \/>\n<meta property=\"og:url\" content=\"https:\/\/nghiepxuan.com\/vi\/product\/la-dua-dong-lanh-cao-cap-chat-luong-xuat-khau-nghiep-xuan-vietnam\/\" \/>\n<meta property=\"og:site_name\" content=\"Nghi\u1ec7p Xu\u00e2n - Xu\u1ea5t Nh\u1eadp Kh\u1ea9u N\u00f4ng S\u1ea3n\" \/>\n<meta property=\"article:publisher\" content=\"https:\/\/www.facebook.com\/nongsannghiepxuan\/\" \/>\n<meta property=\"og:image\" content=\"https:\/\/nghiepxuan.com\/wp-content\/uploads\/2026\/04\/JPEG-image-4178-93B0-A5-0-scaled.jpeg\" \/>\n\t<meta property=\"og:image:width\" content=\"1920\" \/>\n\t<meta property=\"og:image:height\" content=\"2560\" \/>\n\t<meta property=\"og:image:type\" content=\"image\/jpeg\" \/>\n<meta name=\"twitter:card\" content=\"summary_large_image\" \/>\n<meta name=\"twitter:site\" content=\"@PhuTonBui\" \/>\n<meta name=\"twitter:label1\" content=\"Est. reading time\" \/>\n\t<meta name=\"twitter:data1\" content=\"3 minutes\" \/>\n<script type=\"application\/ld+json\" class=\"yoast-schema-graph\">{\"@context\":\"https:\/\/schema.org\",\"@graph\":[{\"@type\":\"WebPage\",\"@id\":\"https:\/\/nghiepxuan.com\/vi\/product\/la-dua-dong-lanh-cao-cap-chat-luong-xuat-khau-nghiep-xuan-vietnam\/\",\"url\":\"https:\/\/nghiepxuan.com\/vi\/product\/la-dua-dong-lanh-cao-cap-chat-luong-xuat-khau-nghiep-xuan-vietnam\/\",\"name\":\"L\u00e1 d\u1ee9a \u0111\u00f4ng l\u1ea1nh cao c\u1ea5p \u2013 Ch\u1ea5t l\u01b0\u1ee3ng xu\u1ea5t kh\u1ea9u | Nghiep Xuan Vietnam - Nghi\u1ec7p Xu\u00e2n - Xu\u1ea5t Nh\u1eadp Kh\u1ea9u N\u00f4ng S\u1ea3n\",\"isPartOf\":{\"@id\":\"https:\/\/nghiepxuan.com\/vi\/#website\"},\"primaryImageOfPage\":{\"@id\":\"https:\/\/nghiepxuan.com\/vi\/product\/la-dua-dong-lanh-cao-cap-chat-luong-xuat-khau-nghiep-xuan-vietnam\/#primaryimage\"},\"image\":{\"@id\":\"https:\/\/nghiepxuan.com\/vi\/product\/la-dua-dong-lanh-cao-cap-chat-luong-xuat-khau-nghiep-xuan-vietnam\/#primaryimage\"},\"thumbnailUrl\":\"https:\/\/nghiepxuan.com\/wp-content\/uploads\/2026\/04\/JPEG-image-4178-93B0-A5-0-scaled.jpeg\",\"datePublished\":\"2026-04-30T04:15:57+00:00\",\"description\":\"L\u00e1 d\u1ee9a \u0111\u00f4ng l\u1ea1nh cao c\u1ea5p t\u1eeb Vi\u1ec7t Nam. H\u01b0\u01a1ng th\u01a1m t\u1ef1 nhi\u00ean, ch\u1ea5t l\u01b0\u1ee3ng th\u1ef1c ph\u1ea9m, cung c\u1ea5p s\u1ed1 l\u01b0\u1ee3ng l\u1edbn v\u00e0 \u0111\u00f3ng g\u00f3i theo y\u00eau c\u1ea7u (OEM). Li\u00ean h\u1ec7 Nghi Xu\u00e2n \u0111\u1ec3 \u0111\u01b0\u1ee3c b\u00e1o gi\u00e1.\",\"breadcrumb\":{\"@id\":\"https:\/\/nghiepxuan.com\/vi\/product\/la-dua-dong-lanh-cao-cap-chat-luong-xuat-khau-nghiep-xuan-vietnam\/#breadcrumb\"},\"inLanguage\":\"vi-VN\",\"potentialAction\":[{\"@type\":\"ReadAction\",\"target\":[\"https:\/\/nghiepxuan.com\/vi\/product\/la-dua-dong-lanh-cao-cap-chat-luong-xuat-khau-nghiep-xuan-vietnam\/\"]}]},{\"@type\":\"ImageObject\",\"inLanguage\":\"vi-VN\",\"@id\":\"https:\/\/nghiepxuan.com\/vi\/product\/la-dua-dong-lanh-cao-cap-chat-luong-xuat-khau-nghiep-xuan-vietnam\/#primaryimage\",\"url\":\"https:\/\/nghiepxuan.com\/wp-content\/uploads\/2026\/04\/JPEG-image-4178-93B0-A5-0-scaled.jpeg\",\"contentUrl\":\"https:\/\/nghiepxuan.com\/wp-content\/uploads\/2026\/04\/JPEG-image-4178-93B0-A5-0-scaled.jpeg\",\"width\":1920,\"height\":2560,\"caption\":\"Frozen padan leaves\"},{\"@type\":\"BreadcrumbList\",\"@id\":\"https:\/\/nghiepxuan.com\/vi\/product\/la-dua-dong-lanh-cao-cap-chat-luong-xuat-khau-nghiep-xuan-vietnam\/#breadcrumb\",\"itemListElement\":[{\"@type\":\"ListItem\",\"position\":1,\"name\":\"Home\",\"item\":\"https:\/\/nghiepxuan.com\/vi\/\"},{\"@type\":\"ListItem\",\"position\":2,\"name\":\"C\u1eeda h\u00e0ng\",\"item\":\"https:\/\/nghiepxuan.com\/vi\/shop\/\"},{\"@type\":\"ListItem\",\"position\":3,\"name\":\"L\u00e1 d\u1ee9a \u0111\u00f4ng l\u1ea1nh cao c\u1ea5p \u2013 Ch\u1ea5t l\u01b0\u1ee3ng xu\u1ea5t kh\u1ea9u | Nghiep Xuan Vietnam\"}]},{\"@type\":\"WebSite\",\"@id\":\"https:\/\/nghiepxuan.com\/vi\/#website\",\"url\":\"https:\/\/nghiepxuan.com\/vi\/\",\"name\":\"Nghiep Xuan - Agricultural Import and Export\",\"description\":\"Nu\u00f4i d\u01b0\u1ee1ng thi\u00ean nhi\u00ean, thu ho\u1ea1ch s\u1ee9c kh\u1ecfe: \u0110i\u1ec3m \u0111\u1ebfn l\u1ed1i s\u1ed1ng h\u1eefu c\u01a1 c\u1ee7a b\u1ea1n\",\"publisher\":{\"@id\":\"https:\/\/nghiepxuan.com\/vi\/#organization\"},\"potentialAction\":[{\"@type\":\"SearchAction\",\"target\":{\"@type\":\"EntryPoint\",\"urlTemplate\":\"https:\/\/nghiepxuan.com\/vi\/?s={search_term_string}\"},\"query-input\":{\"@type\":\"PropertyValueSpecification\",\"valueRequired\":true,\"valueName\":\"search_term_string\"}}],\"inLanguage\":\"vi-VN\"},{\"@type\":\"Organization\",\"@id\":\"https:\/\/nghiepxuan.com\/vi\/#organization\",\"name\":\"Nghiep Xuan - Agricultural Import and Export\",\"url\":\"https:\/\/nghiepxuan.com\/vi\/\",\"logo\":{\"@type\":\"ImageObject\",\"inLanguage\":\"vi-VN\",\"@id\":\"https:\/\/nghiepxuan.com\/vi\/#\/schema\/logo\/image\/\",\"url\":\"https:\/\/nghiepxuan.com\/wp-content\/uploads\/2025\/04\/Nghiep-Xuan-Logo-4.png\",\"contentUrl\":\"https:\/\/nghiepxuan.com\/wp-content\/uploads\/2025\/04\/Nghiep-Xuan-Logo-4.png\",\"width\":4167,\"height\":1015,\"caption\":\"Nghiep Xuan - Agricultural Import and Export\"},\"image\":{\"@id\":\"https:\/\/nghiepxuan.com\/vi\/#\/schema\/logo\/image\/\"},\"sameAs\":[\"https:\/\/www.facebook.com\/nongsannghiepxuan\/\",\"https:\/\/x.com\/PhuTonBui\",\"https:\/\/www.instagram.com\/xuatnhapkhaunghiepxuan\/\",\"https:\/\/www.youtube.com\/@nongsannghiepxuan2066\",\"https:\/\/www.tiktok.com\/@nghiepxuan\"]}]}<\/script>\n<!-- \/ Yoast SEO plugin. -->","yoast_head_json":{"title":"L\u00e1 d\u1ee9a \u0111\u00f4ng l\u1ea1nh cao c\u1ea5p \u2013 Ch\u1ea5t l\u01b0\u1ee3ng xu\u1ea5t kh\u1ea9u | Nghiep Xuan Vietnam - Nghi\u1ec7p Xu\u00e2n - Xu\u1ea5t Nh\u1eadp Kh\u1ea9u N\u00f4ng S\u1ea3n","description":"L\u00e1 d\u1ee9a \u0111\u00f4ng l\u1ea1nh cao c\u1ea5p t\u1eeb Vi\u1ec7t Nam. H\u01b0\u01a1ng th\u01a1m t\u1ef1 nhi\u00ean, ch\u1ea5t l\u01b0\u1ee3ng th\u1ef1c ph\u1ea9m, cung c\u1ea5p s\u1ed1 l\u01b0\u1ee3ng l\u1edbn v\u00e0 \u0111\u00f3ng g\u00f3i theo y\u00eau c\u1ea7u (OEM). Li\u00ean h\u1ec7 Nghi Xu\u00e2n \u0111\u1ec3 \u0111\u01b0\u1ee3c b\u00e1o gi\u00e1.","robots":{"index":"index","follow":"follow","max-snippet":"max-snippet:-1","max-image-preview":"max-image-preview:large","max-video-preview":"max-video-preview:-1"},"canonical":"https:\/\/nghiepxuan.com\/vi\/product\/la-dua-dong-lanh-cao-cap-chat-luong-xuat-khau-nghiep-xuan-vietnam\/","og_locale":"vi_VN","og_type":"article","og_title":"L\u00e1 d\u1ee9a \u0111\u00f4ng l\u1ea1nh cao c\u1ea5p \u2013 Ch\u1ea5t l\u01b0\u1ee3ng xu\u1ea5t kh\u1ea9u | Nghiep Xuan Vietnam - Nghi\u1ec7p Xu\u00e2n - Xu\u1ea5t Nh\u1eadp Kh\u1ea9u N\u00f4ng S\u1ea3n","og_description":"L\u00e1 d\u1ee9a \u0111\u00f4ng l\u1ea1nh cao c\u1ea5p t\u1eeb Vi\u1ec7t Nam. H\u01b0\u01a1ng th\u01a1m t\u1ef1 nhi\u00ean, ch\u1ea5t l\u01b0\u1ee3ng th\u1ef1c ph\u1ea9m, cung c\u1ea5p s\u1ed1 l\u01b0\u1ee3ng l\u1edbn v\u00e0 \u0111\u00f3ng g\u00f3i theo y\u00eau c\u1ea7u (OEM). Li\u00ean h\u1ec7 Nghi Xu\u00e2n \u0111\u1ec3 \u0111\u01b0\u1ee3c b\u00e1o gi\u00e1.","og_url":"https:\/\/nghiepxuan.com\/vi\/product\/la-dua-dong-lanh-cao-cap-chat-luong-xuat-khau-nghiep-xuan-vietnam\/","og_site_name":"Nghi\u1ec7p Xu\u00e2n - Xu\u1ea5t Nh\u1eadp Kh\u1ea9u N\u00f4ng S\u1ea3n","article_publisher":"https:\/\/www.facebook.com\/nongsannghiepxuan\/","og_image":[{"width":1920,"height":2560,"url":"https:\/\/nghiepxuan.com\/wp-content\/uploads\/2026\/04\/JPEG-image-4178-93B0-A5-0-scaled.jpeg","type":"image\/jpeg"}],"twitter_card":"summary_large_image","twitter_site":"@PhuTonBui","twitter_misc":{"Est. reading time":"3 minutes"},"schema":{"@context":"https:\/\/schema.org","@graph":[{"@type":"WebPage","@id":"https:\/\/nghiepxuan.com\/vi\/product\/la-dua-dong-lanh-cao-cap-chat-luong-xuat-khau-nghiep-xuan-vietnam\/","url":"https:\/\/nghiepxuan.com\/vi\/product\/la-dua-dong-lanh-cao-cap-chat-luong-xuat-khau-nghiep-xuan-vietnam\/","name":"L\u00e1 d\u1ee9a \u0111\u00f4ng l\u1ea1nh cao c\u1ea5p \u2013 Ch\u1ea5t l\u01b0\u1ee3ng xu\u1ea5t kh\u1ea9u | Nghiep Xuan Vietnam - Nghi\u1ec7p Xu\u00e2n - Xu\u1ea5t Nh\u1eadp Kh\u1ea9u N\u00f4ng S\u1ea3n","isPartOf":{"@id":"https:\/\/nghiepxuan.com\/vi\/#website"},"primaryImageOfPage":{"@id":"https:\/\/nghiepxuan.com\/vi\/product\/la-dua-dong-lanh-cao-cap-chat-luong-xuat-khau-nghiep-xuan-vietnam\/#primaryimage"},"image":{"@id":"https:\/\/nghiepxuan.com\/vi\/product\/la-dua-dong-lanh-cao-cap-chat-luong-xuat-khau-nghiep-xuan-vietnam\/#primaryimage"},"thumbnailUrl":"https:\/\/nghiepxuan.com\/wp-content\/uploads\/2026\/04\/JPEG-image-4178-93B0-A5-0-scaled.jpeg","datePublished":"2026-04-30T04:15:57+00:00","description":"L\u00e1 d\u1ee9a \u0111\u00f4ng l\u1ea1nh cao c\u1ea5p t\u1eeb Vi\u1ec7t Nam. H\u01b0\u01a1ng th\u01a1m t\u1ef1 nhi\u00ean, ch\u1ea5t l\u01b0\u1ee3ng th\u1ef1c ph\u1ea9m, cung c\u1ea5p s\u1ed1 l\u01b0\u1ee3ng l\u1edbn v\u00e0 \u0111\u00f3ng g\u00f3i theo y\u00eau c\u1ea7u (OEM). Li\u00ean h\u1ec7 Nghi Xu\u00e2n \u0111\u1ec3 \u0111\u01b0\u1ee3c b\u00e1o gi\u00e1.","breadcrumb":{"@id":"https:\/\/nghiepxuan.com\/vi\/product\/la-dua-dong-lanh-cao-cap-chat-luong-xuat-khau-nghiep-xuan-vietnam\/#breadcrumb"},"inLanguage":"vi-VN","potentialAction":[{"@type":"ReadAction","target":["https:\/\/nghiepxuan.com\/vi\/product\/la-dua-dong-lanh-cao-cap-chat-luong-xuat-khau-nghiep-xuan-vietnam\/"]}]},{"@type":"ImageObject","inLanguage":"vi-VN","@id":"https:\/\/nghiepxuan.com\/vi\/product\/la-dua-dong-lanh-cao-cap-chat-luong-xuat-khau-nghiep-xuan-vietnam\/#primaryimage","url":"https:\/\/nghiepxuan.com\/wp-content\/uploads\/2026\/04\/JPEG-image-4178-93B0-A5-0-scaled.jpeg","contentUrl":"https:\/\/nghiepxuan.com\/wp-content\/uploads\/2026\/04\/JPEG-image-4178-93B0-A5-0-scaled.jpeg","width":1920,"height":2560,"caption":"Frozen padan leaves"},{"@type":"BreadcrumbList","@id":"https:\/\/nghiepxuan.com\/vi\/product\/la-dua-dong-lanh-cao-cap-chat-luong-xuat-khau-nghiep-xuan-vietnam\/#breadcrumb","itemListElement":[{"@type":"ListItem","position":1,"name":"Home","item":"https:\/\/nghiepxuan.com\/vi\/"},{"@type":"ListItem","position":2,"name":"C\u1eeda h\u00e0ng","item":"https:\/\/nghiepxuan.com\/vi\/shop\/"},{"@type":"ListItem","position":3,"name":"L\u00e1 d\u1ee9a \u0111\u00f4ng l\u1ea1nh cao c\u1ea5p \u2013 Ch\u1ea5t l\u01b0\u1ee3ng xu\u1ea5t kh\u1ea9u | Nghiep Xuan Vietnam"}]},{"@type":"WebSite","@id":"https:\/\/nghiepxuan.com\/vi\/#website","url":"https:\/\/nghiepxuan.com\/vi\/","name":"Nghiep Xuan - Agricultural Import and Export","description":"Nu\u00f4i d\u01b0\u1ee1ng thi\u00ean nhi\u00ean, thu ho\u1ea1ch s\u1ee9c kh\u1ecfe: \u0110i\u1ec3m \u0111\u1ebfn l\u1ed1i s\u1ed1ng h\u1eefu c\u01a1 c\u1ee7a b\u1ea1n","publisher":{"@id":"https:\/\/nghiepxuan.com\/vi\/#organization"},"potentialAction":[{"@type":"SearchAction","target":{"@type":"EntryPoint","urlTemplate":"https:\/\/nghiepxuan.com\/vi\/?s={search_term_string}"},"query-input":{"@type":"PropertyValueSpecification","valueRequired":true,"valueName":"search_term_string"}}],"inLanguage":"vi-VN"},{"@type":"Organization","@id":"https:\/\/nghiepxuan.com\/vi\/#organization","name":"Nghiep Xuan - Agricultural Import and Export","url":"https:\/\/nghiepxuan.com\/vi\/","logo":{"@type":"ImageObject","inLanguage":"vi-VN","@id":"https:\/\/nghiepxuan.com\/vi\/#\/schema\/logo\/image\/","url":"https:\/\/nghiepxuan.com\/wp-content\/uploads\/2025\/04\/Nghiep-Xuan-Logo-4.png","contentUrl":"https:\/\/nghiepxuan.com\/wp-content\/uploads\/2025\/04\/Nghiep-Xuan-Logo-4.png","width":4167,"height":1015,"caption":"Nghiep Xuan - Agricultural Import and Export"},"image":{"@id":"https:\/\/nghiepxuan.com\/vi\/#\/schema\/logo\/image\/"},"sameAs":["https:\/\/www.facebook.com\/nongsannghiepxuan\/","https:\/\/x.com\/PhuTonBui","https:\/\/www.instagram.com\/xuatnhapkhaunghiepxuan\/","https:\/\/www.youtube.com\/@nongsannghiepxuan2066","https:\/\/www.tiktok.com\/@nghiepxuan"]}]}},"_links":{"self":[{"href":"https:\/\/nghiepxuan.com\/vi\/wp-json\/wp\/v2\/product\/10009","targetHints":{"allow":["GET"]}}],"collection":[{"href":"https:\/\/nghiepxuan.com\/vi\/wp-json\/wp\/v2\/product"}],"about":[{"href":"https:\/\/nghiepxuan.com\/vi\/wp-json\/wp\/v2\/types\/product"}],"replies":[{"embeddable":true,"href":"https:\/\/nghiepxuan.com\/vi\/wp-json\/wp\/v2\/comments?post=10009"}],"version-history":[{"count":0,"href":"https:\/\/nghiepxuan.com\/vi\/wp-json\/wp\/v2\/product\/10009\/revisions"}],"wp:featuredmedia":[{"embeddable":true,"href":"https:\/\/nghiepxuan.com\/vi\/wp-json\/wp\/v2\/media\/9986"}],"wp:attachment":[{"href":"https:\/\/nghiepxuan.com\/vi\/wp-json\/wp\/v2\/media?parent=10009"}],"wp:term":[{"taxonomy":"product_brand","embeddable":true,"href":"https:\/\/nghiepxuan.com\/vi\/wp-json\/wp\/v2\/product_brand?post=10009"},{"taxonomy":"product_cat","embeddable":true,"href":"https:\/\/nghiepxuan.com\/vi\/wp-json\/wp\/v2\/product_cat?post=10009"},{"taxonomy":"product_tag","embeddable":true,"href":"https:\/\/nghiepxuan.com\/vi\/wp-json\/wp\/v2\/product_tag?post=10009"}],"curies":[{"name":"wp","href":"https:\/\/api.w.org\/{rel}","templated":true}]}}