{"id":6429,"date":"2023-11-04T08:24:49","date_gmt":"2023-11-04T08:24:49","guid":{"rendered":"https:\/\/nxg.asia\/bao-mat-thanh-toan\/"},"modified":"2025-04-03T03:08:54","modified_gmt":"2025-04-03T03:08:54","slug":"bao-mat-thanh-toan","status":"publish","type":"page","link":"https:\/\/nghiepxuan.com\/vi\/bao-mat-thanh-toan\/","title":{"rendered":"B\u1ea3o m\u1eadt thanh to\u00e1n"},"content":{"rendered":"\n<p>T\u1ea1i Nghi\u1ec7p Xu\u00e2n, ch\u00fang t\u00f4i r\u1ea5t coi tr\u1ecdng t\u00ednh b\u1ea3o m\u1eadt c\u1ee7a c\u00e1c kho\u1ea3n thanh to\u00e1n tr\u1ef1c tuy\u1ebfn c\u1ee7a b\u1ea1n. Ch\u00fang t\u00f4i c\u1ed1 g\u1eafng cung c\u1ea5p cho b\u1ea1n tr\u1ea3i nghi\u1ec7m mua s\u1eafm an to\u00e0n v\u00e0 b\u1ea3o m\u1eadt \u0111\u1ed3ng th\u1eddi b\u1ea3o v\u1ec7 th\u00f4ng tin t\u00e0i ch\u00ednh nh\u1ea1y c\u1ea3m c\u1ee7a b\u1ea1n. Ch\u00ednh s\u00e1ch b\u1ea3o m\u1eadt thanh to\u00e1n c\u1ee7a ch\u00fang t\u00f4i n\u00eau r\u00f5 c\u00e1c bi\u1ec7n ph\u00e1p ch\u00fang t\u00f4i \u00e1p d\u1ee5ng \u0111\u1ec3 b\u1ea3o v\u1ec7 c\u00e1c giao d\u1ecbch thanh to\u00e1n c\u1ee7a b\u1ea1n tr\u00ean trang web c\u1ee7a ch\u00fang t\u00f4i.<\/p>\n\n<h3 class=\"wp-block-heading\">1. <strong>C\u1ed5ng thanh to\u00e1n an to\u00e0n<\/strong><\/h3>\n\n<p>Ch\u00fang t\u00f4i s\u1eed d\u1ee5ng c\u1ed5ng thanh to\u00e1n an to\u00e0n \u0111\u1ec3 x\u1eed l\u00fd t\u1ea5t c\u1ea3 c\u00e1c giao d\u1ecbch tr\u1ef1c tuy\u1ebfn. C\u1ed5ng thanh to\u00e1n c\u1ee7a ch\u00fang t\u00f4i s\u1eed d\u1ee5ng c\u00f4ng ngh\u1ec7 m\u00e3 h\u00f3a ti\u00eau chu\u1ea9n ng\u00e0nh \u0111\u1ec3 \u0111\u1ea3m b\u1ea3o t\u00ednh b\u1ea3o m\u1eadt v\u00e0 to\u00e0n v\u1eb9n th\u00f4ng tin thanh to\u00e1n c\u1ee7a b\u1ea1n. M\u00e3 h\u00f3a n\u00e0y gi\u00fap b\u1ea3o v\u1ec7 d\u1eef li\u1ec7u c\u1ee7a b\u1ea1n trong qu\u00e1 tr\u00ecnh truy\u1ec1n, l\u00e0m cho d\u1eef li\u1ec7u c\u00f3 \u0111\u1ed9 an to\u00e0n cao v\u00e0 kh\u00f4ng th\u1ec3 \u0111\u1ecdc \u0111\u01b0\u1ee3c \u0111\u1ed1i v\u1edbi ng\u01b0\u1eddi d\u00f9ng tr\u00e1i ph\u00e9p.<\/p>\n\n<h3 class=\"wp-block-heading\">2. <strong>Tu\u00e2n th\u1ee7 Ti\u00eau chu\u1ea9n b\u1ea3o m\u1eadt d\u1eef li\u1ec7u ng\u00e0nh th\u1ebb thanh to\u00e1n (PCI DSS)<\/strong><\/h3>\n\n<p>Nghi\u1ec7p Xu\u00e2n tu\u00e2n th\u1ee7 Ti\u00eau chu\u1ea9n b\u1ea3o m\u1eadt d\u1eef li\u1ec7u ng\u00e0nh th\u1ebb thanh to\u00e1n (PCI DSS), m\u1ed9t b\u1ed9 ti\u00eau chu\u1ea9n b\u1ea3o m\u1eadt \u0111\u01b0\u1ee3c thi\u1ebft k\u1ebf \u0111\u1ec3 \u0111\u1ea3m b\u1ea3o r\u1eb1ng t\u1ea5t c\u1ea3 c\u00e1c c\u00f4ng ty ch\u1ea5p nh\u1eadn, x\u1eed l\u00fd, l\u01b0u tr\u1eef ho\u1eb7c truy\u1ec1n th\u00f4ng tin th\u1ebb t\u00edn d\u1ee5ng \u0111\u1ec1u duy tr\u00ec m\u1ed9t m\u00f4i tr\u01b0\u1eddng an to\u00e0n. Ch\u00fang t\u00f4i ti\u1ebfn h\u00e0nh \u0111\u00e1nh gi\u00e1 v\u00e0 ki\u1ec3m tra b\u1ea3o m\u1eadt th\u01b0\u1eddng xuy\u00ean \u0111\u1ec3 duy tr\u00ec s\u1ef1 tu\u00e2n th\u1ee7 PCI DSS, gi\u00fap b\u1ea1n y\u00ean t\u00e2m khi th\u1ef1c hi\u1ec7n thanh to\u00e1n tr\u1ef1c tuy\u1ebfn.<\/p>\n\n<h3 class=\"wp-block-heading\">3. <strong>M\u00e3 h\u00f3a l\u1edbp c\u1ed5ng b\u1ea3o m\u1eadt (SSL)<\/strong><\/h3>\n\n<p>Trang web c\u1ee7a ch\u00fang t\u00f4i \u0111\u01b0\u1ee3c trang b\u1ecb c\u00f4ng ngh\u1ec7 m\u00e3 h\u00f3a SSL. SSL thi\u1ebft l\u1eadp m\u1ed9t li\u00ean k\u1ebft \u0111\u01b0\u1ee3c m\u00e3 h\u00f3a gi\u1eefa tr\u00ecnh duy\u1ec7t web c\u1ee7a b\u1ea1n v\u00e0 m\u00e1y ch\u1ee7 c\u1ee7a ch\u00fang t\u00f4i, \u0111\u1ea3m b\u1ea3o r\u1eb1ng t\u1ea5t c\u1ea3 d\u1eef li\u1ec7u \u0111\u01b0\u1ee3c truy\u1ec1n gi\u1eefa hai b\u00ean v\u1eabn \u1edf ch\u1ebf \u0111\u1ed9 ri\u00eang t\u01b0 v\u00e0 to\u00e0n v\u1eb9n. B\u1ea1n c\u00f3 th\u1ec3 x\u00e1c minh s\u1ef1 hi\u1ec7n di\u1ec7n c\u1ee7a m\u00e3 h\u00f3a SSL b\u1eb1ng c\u00e1ch t\u00ecm ki\u1ebfm &#8220;https:\/\/&#8221; trong URL trang web v\u00e0 bi\u1ec3u t\u01b0\u1ee3ng \u1ed5 kh\u00f3a tr\u00ean thanh \u0111\u1ecba ch\u1ec9 c\u1ee7a tr\u00ecnh duy\u1ec7t.<\/p>\n\n<h3 class=\"wp-block-heading\">4. <strong>B\u1ea3o m\u1eadt t\u00e0i kho\u1ea3n ng\u01b0\u1eddi d\u00f9ng<\/strong><\/h3>\n\n<p>Ch\u00fang t\u00f4i s\u1eed d\u1ee5ng c\u00e1c bi\u1ec7n ph\u00e1p b\u1ea3o m\u1eadt m\u1ea1nh m\u1ebd \u0111\u1ec3 b\u1ea3o v\u1ec7 t\u00e0i kho\u1ea3n ng\u01b0\u1eddi d\u00f9ng c\u1ee7a b\u1ea1n tr\u00ean n\u1ec1n t\u1ea3ng c\u1ee7a ch\u00fang t\u00f4i. \u0110i\u1ec1u n\u00e0y bao g\u1ed3m c\u00e1c ch\u00ednh s\u00e1ch m\u1eadt kh\u1ea9u m\u1ea1nh, t\u00f9y ch\u1ecdn x\u00e1c th\u1ef1c \u0111a y\u1ebfu t\u1ed1 v\u00e0 ki\u1ec3m tra b\u1ea3o m\u1eadt th\u01b0\u1eddng xuy\u00ean. Ch\u00fang t\u00f4i khuy\u00ean b\u1ea1n n\u00ean ch\u1ecdn m\u1ed9t m\u1eadt kh\u1ea9u m\u1ea1nh v\u00e0 duy nh\u1ea5t cho t\u00e0i kho\u1ea3n Nghi\u1ec7p Xu\u00e2n c\u1ee7a m\u00ecnh v\u00e0 kh\u00f4ng chia s\u1ebb th\u00f4ng tin \u0111\u0103ng nh\u1eadp v\u1edbi b\u1ea5t k\u1ef3 ai.<\/p>\n\n<h3 class=\"wp-block-heading\">5. <strong>Ki\u1ec3m tra v\u00e0 gi\u00e1m s\u00e1t an ninh th\u01b0\u1eddng xuy\u00ean<\/strong><\/h3>\n\n<p>Nghi\u1ec7p Xu\u00e2n th\u01b0\u1eddng xuy\u00ean ti\u1ebfn h\u00e0nh ki\u1ec3m tra v\u00e0 gi\u00e1m s\u00e1t an ninh h\u1ec7 th\u1ed1ng \u0111\u1ec3 x\u00e1c \u0111\u1ecbnh v\u00e0 x\u1eed l\u00fd k\u1ecbp th\u1eddi c\u00e1c l\u1ed7 h\u1ed5ng ti\u1ec1m \u1ea9n. Nh\u00f3m b\u1ea3o m\u1eadt t\u1eadn t\u00e2m c\u1ee7a ch\u00fang t\u00f4i l\u00e0m vi\u1ec7c kh\u00f4ng m\u1ec7t m\u1ecfi \u0111\u1ec3 b\u1ea3o v\u1ec7 th\u00f4ng tin thanh to\u00e1n v\u00e0 d\u1eef li\u1ec7u c\u00e1 nh\u00e2n c\u1ee7a b\u1ea1n kh\u1ecfi c\u00e1c ho\u1ea1t \u0111\u1ed9ng truy c\u1eadp tr\u00e1i ph\u00e9p v\u00e0 gian l\u1eadn.<\/p>\n\n<h3 class=\"wp-block-heading\">6. <strong>B\u00e1o c\u00e1o c\u00e1c ho\u1ea1t \u0111\u1ed9ng \u0111\u00e1ng ng\u1edd<\/strong><\/h3>\n\n<p>N\u1ebfu b\u1ea1n nghi ng\u1edd b\u1ea5t k\u1ef3 ho\u1ea1t \u0111\u1ed9ng tr\u00e1i ph\u00e9p ho\u1eb7c \u0111\u00e1ng ng\u1edd n\u00e0o li\u00ean quan \u0111\u1ebfn th\u00f4ng tin thanh to\u00e1n ho\u1eb7c t\u00e0i kho\u1ea3n Nghi\u1ec7p Xu\u00e2n c\u1ee7a m\u00ecnh, vui l\u00f2ng li\u00ean h\u1ec7 ngay v\u1edbi b\u1ed9 ph\u1eadn h\u1ed7 tr\u1ee3 kh\u00e1ch h\u00e0ng c\u1ee7a ch\u00fang t\u00f4i. Ch\u00fang t\u00f4i s\u1ebd \u0111i\u1ec1u tra v\u1ea5n \u0111\u1ec1 k\u1ecbp th\u1eddi v\u00e0 th\u1ef1c hi\u1ec7n h\u00e0nh \u0111\u1ed9ng th\u00edch h\u1ee3p \u0111\u1ec3 \u0111\u1ea3m b\u1ea3o t\u00ednh b\u1ea3o m\u1eadt cho t\u00e0i kho\u1ea3n v\u00e0 chi ti\u1ebft thanh to\u00e1n c\u1ee7a b\u1ea1n.<\/p>\n\n<p>Khi mua s\u1eafm t\u1ea1i Nghi\u1ec7p Xu\u00e2n, b\u1ea1n c\u00f3 th\u1ec3 tin t\u01b0\u1edfng r\u1eb1ng ch\u00fang t\u00f4i cam k\u1ebft duy tr\u00ec c\u00e1c ti\u00eau chu\u1ea9n cao nh\u1ea5t v\u1ec1 b\u1ea3o m\u1eadt thanh to\u00e1n. Ch\u00fang t\u00f4i \u0111\u00e1nh gi\u00e1 cao s\u1ef1 tin t\u01b0\u1edfng c\u1ee7a b\u1ea1n v\u00e0 t\u1eadn t\u00e2m cung c\u1ea5p cho b\u1ea1n tr\u1ea3i nghi\u1ec7m mua s\u1eafm tr\u1ef1c tuy\u1ebfn an to\u00e0n v\u00e0 b\u1ea3o m\u1eadt.<\/p>\n\n<p>N\u1ebfu b\u1ea1n c\u00f3 b\u1ea5t k\u1ef3 c\u00e2u h\u1ecfi ho\u1eb7c th\u1eafc m\u1eafc n\u00e0o v\u1ec1 Ch\u00ednh s\u00e1ch b\u1ea3o m\u1eadt thanh to\u00e1n c\u1ee7a ch\u00fang t\u00f4i, vui l\u00f2ng li\u00ean h\u1ec7 v\u1edbi nh\u00f3m h\u1ed7 tr\u1ee3 kh\u00e1ch h\u00e0ng c\u1ee7a ch\u00fang t\u00f4i.<\/p>\n\n<p>C\u1ea3m \u01a1n b\u1ea1n \u0111\u00e3 l\u1ef1a ch\u1ecdn Nghi\u1ec7p Xu\u00e2n.<\/p>\n\n<p>Tr\u00e2n tr\u1ecdng,<\/p>\n\n<p>Nghi\u1ec7p Xu\u00e2n<\/p>\n\n<p>Th\u00f4n Ph\u00fa Xu\u00e2n X\u00e3 \u0110\u0103k Nia Th\u00e0nh ph\u1ed1 Gia Ngh\u0129a T\u1ec9nh \u0110\u0103k N\u00f4ng, Vi\u1ec7t Nam<\/p>\n\n<p>Email: <a href=\"mailto:info@nghiepxuan.com\">info@nghiepxuan.com<\/a><\/p>\n\n<p>\u0110T: <a href=\"tel:84939345598\">+84-939-345-598<\/a><\/p>\n","protected":false},"excerpt":{"rendered":"<p>T\u1ea1i Nghi\u1ec7p Xu\u00e2n, ch\u00fang t\u00f4i r\u1ea5t coi tr\u1ecdng t\u00ednh b\u1ea3o m\u1eadt c\u1ee7a c\u00e1c kho\u1ea3n thanh to\u00e1n tr\u1ef1c tuy\u1ebfn c\u1ee7a b\u1ea1n. Ch\u00fang t\u00f4i c\u1ed1 g\u1eafng cung c\u1ea5p cho b\u1ea1n tr\u1ea3i nghi\u1ec7m mua s\u1eafm an to\u00e0n v\u00e0 b\u1ea3o m\u1eadt \u0111\u1ed3ng th\u1eddi b\u1ea3o v\u1ec7 th\u00f4ng tin t\u00e0i ch\u00ednh nh\u1ea1y c\u1ea3m c\u1ee7a b\u1ea1n. Ch\u00ednh s\u00e1ch b\u1ea3o m\u1eadt thanh to\u00e1n &hellip; <a href=\"https:\/\/nghiepxuan.com\/vi\/bao-mat-thanh-toan\/\" class=\"more-link\">Ti\u1ebfp t\u1ee5c \u0111\u1ecdc <span class=\"screen-reader-text\">B\u1ea3o m\u1eadt thanh to\u00e1n<\/span><\/a><\/p>\n","protected":false},"author":1,"featured_media":0,"parent":0,"menu_order":0,"comment_status":"closed","ping_status":"closed","template":"","meta":{"content-type":"","footnotes":""},"class_list":["post-6429","page","type-page","status-publish","hentry"],"yoast_head":"<!-- This site is optimized with the Yoast SEO plugin v26.9 - https:\/\/yoast.com\/product\/yoast-seo-wordpress\/ -->\n<title>B\u1ea3o m\u1eadt thanh to\u00e1n - Nghi\u1ec7p Xu\u00e2n - Xu\u1ea5t Nh\u1eadp Kh\u1ea9u N\u00f4ng S\u1ea3n<\/title>\n<meta name=\"robots\" content=\"index, follow, max-snippet:-1, max-image-preview:large, max-video-preview:-1\" \/>\n<link rel=\"canonical\" href=\"https:\/\/nghiepxuan.com\/vi\/bao-mat-thanh-toan\/\" \/>\n<meta property=\"og:locale\" content=\"vi_VN\" \/>\n<meta property=\"og:type\" content=\"article\" \/>\n<meta property=\"og:title\" content=\"B\u1ea3o m\u1eadt thanh to\u00e1n - Nghi\u1ec7p Xu\u00e2n - Xu\u1ea5t Nh\u1eadp Kh\u1ea9u N\u00f4ng S\u1ea3n\" \/>\n<meta property=\"og:description\" content=\"T\u1ea1i Nghi\u1ec7p Xu\u00e2n, ch\u00fang t\u00f4i r\u1ea5t coi tr\u1ecdng t\u00ednh b\u1ea3o m\u1eadt c\u1ee7a c\u00e1c kho\u1ea3n thanh to\u00e1n tr\u1ef1c tuy\u1ebfn c\u1ee7a b\u1ea1n. Ch\u00fang t\u00f4i c\u1ed1 g\u1eafng cung c\u1ea5p cho b\u1ea1n tr\u1ea3i nghi\u1ec7m mua s\u1eafm an to\u00e0n v\u00e0 b\u1ea3o m\u1eadt \u0111\u1ed3ng th\u1eddi b\u1ea3o v\u1ec7 th\u00f4ng tin t\u00e0i ch\u00ednh nh\u1ea1y c\u1ea3m c\u1ee7a b\u1ea1n. Ch\u00ednh s\u00e1ch b\u1ea3o m\u1eadt thanh to\u00e1n &hellip; Ti\u1ebfp t\u1ee5c \u0111\u1ecdc B\u1ea3o m\u1eadt thanh to\u00e1n\" \/>\n<meta property=\"og:url\" content=\"https:\/\/nghiepxuan.com\/vi\/bao-mat-thanh-toan\/\" \/>\n<meta property=\"og:site_name\" content=\"Nghi\u1ec7p Xu\u00e2n - Xu\u1ea5t Nh\u1eadp Kh\u1ea9u N\u00f4ng S\u1ea3n\" \/>\n<meta property=\"article:publisher\" content=\"https:\/\/www.facebook.com\/nongsannghiepxuan\/\" \/>\n<meta property=\"article:modified_time\" content=\"2025-04-03T03:08:54+00:00\" \/>\n<meta name=\"twitter:card\" content=\"summary_large_image\" \/>\n<meta name=\"twitter:site\" content=\"@PhuTonBui\" \/>\n<meta name=\"twitter:label1\" content=\"Est. reading time\" \/>\n\t<meta name=\"twitter:data1\" content=\"6 minutes\" \/>\n<script type=\"application\/ld+json\" class=\"yoast-schema-graph\">{\"@context\":\"https:\/\/schema.org\",\"@graph\":[{\"@type\":\"WebPage\",\"@id\":\"https:\/\/nghiepxuan.com\/vi\/bao-mat-thanh-toan\/\",\"url\":\"https:\/\/nghiepxuan.com\/vi\/bao-mat-thanh-toan\/\",\"name\":\"B\u1ea3o m\u1eadt thanh to\u00e1n - Nghi\u1ec7p Xu\u00e2n - Xu\u1ea5t Nh\u1eadp Kh\u1ea9u N\u00f4ng S\u1ea3n\",\"isPartOf\":{\"@id\":\"https:\/\/nghiepxuan.com\/vi\/#website\"},\"datePublished\":\"2023-11-04T08:24:49+00:00\",\"dateModified\":\"2025-04-03T03:08:54+00:00\",\"breadcrumb\":{\"@id\":\"https:\/\/nghiepxuan.com\/vi\/bao-mat-thanh-toan\/#breadcrumb\"},\"inLanguage\":\"vi-VN\",\"potentialAction\":[{\"@type\":\"ReadAction\",\"target\":[\"https:\/\/nghiepxuan.com\/vi\/bao-mat-thanh-toan\/\"]}]},{\"@type\":\"BreadcrumbList\",\"@id\":\"https:\/\/nghiepxuan.com\/vi\/bao-mat-thanh-toan\/#breadcrumb\",\"itemListElement\":[{\"@type\":\"ListItem\",\"position\":1,\"name\":\"Home\",\"item\":\"https:\/\/nghiepxuan.com\/vi\/\"},{\"@type\":\"ListItem\",\"position\":2,\"name\":\"B\u1ea3o m\u1eadt thanh to\u00e1n\"}]},{\"@type\":\"WebSite\",\"@id\":\"https:\/\/nghiepxuan.com\/vi\/#website\",\"url\":\"https:\/\/nghiepxuan.com\/vi\/\",\"name\":\"Nghiep Xuan - Agricultural Import and Export\",\"description\":\"Nu\u00f4i d\u01b0\u1ee1ng thi\u00ean nhi\u00ean, thu ho\u1ea1ch s\u1ee9c kh\u1ecfe: \u0110i\u1ec3m \u0111\u1ebfn l\u1ed1i s\u1ed1ng h\u1eefu c\u01a1 c\u1ee7a b\u1ea1n\",\"publisher\":{\"@id\":\"https:\/\/nghiepxuan.com\/vi\/#organization\"},\"potentialAction\":[{\"@type\":\"SearchAction\",\"target\":{\"@type\":\"EntryPoint\",\"urlTemplate\":\"https:\/\/nghiepxuan.com\/vi\/?s={search_term_string}\"},\"query-input\":{\"@type\":\"PropertyValueSpecification\",\"valueRequired\":true,\"valueName\":\"search_term_string\"}}],\"inLanguage\":\"vi-VN\"},{\"@type\":\"Organization\",\"@id\":\"https:\/\/nghiepxuan.com\/vi\/#organization\",\"name\":\"Nghiep Xuan - Agricultural Import and Export\",\"url\":\"https:\/\/nghiepxuan.com\/vi\/\",\"logo\":{\"@type\":\"ImageObject\",\"inLanguage\":\"vi-VN\",\"@id\":\"https:\/\/nghiepxuan.com\/vi\/#\/schema\/logo\/image\/\",\"url\":\"https:\/\/nghiepxuan.com\/wp-content\/uploads\/2025\/04\/Nghiep-Xuan-Logo-4.png\",\"contentUrl\":\"https:\/\/nghiepxuan.com\/wp-content\/uploads\/2025\/04\/Nghiep-Xuan-Logo-4.png\",\"width\":4167,\"height\":1015,\"caption\":\"Nghiep Xuan - Agricultural Import and Export\"},\"image\":{\"@id\":\"https:\/\/nghiepxuan.com\/vi\/#\/schema\/logo\/image\/\"},\"sameAs\":[\"https:\/\/www.facebook.com\/nongsannghiepxuan\/\",\"https:\/\/x.com\/PhuTonBui\",\"https:\/\/www.instagram.com\/xuatnhapkhaunghiepxuan\/\",\"https:\/\/www.youtube.com\/@nongsannghiepxuan2066\",\"https:\/\/www.tiktok.com\/@nghiepxuan\"]}]}<\/script>\n<!-- \/ Yoast SEO plugin. -->","yoast_head_json":{"title":"B\u1ea3o m\u1eadt thanh to\u00e1n - Nghi\u1ec7p Xu\u00e2n - Xu\u1ea5t Nh\u1eadp Kh\u1ea9u N\u00f4ng S\u1ea3n","robots":{"index":"index","follow":"follow","max-snippet":"max-snippet:-1","max-image-preview":"max-image-preview:large","max-video-preview":"max-video-preview:-1"},"canonical":"https:\/\/nghiepxuan.com\/vi\/bao-mat-thanh-toan\/","og_locale":"vi_VN","og_type":"article","og_title":"B\u1ea3o m\u1eadt thanh to\u00e1n - Nghi\u1ec7p Xu\u00e2n - Xu\u1ea5t Nh\u1eadp Kh\u1ea9u N\u00f4ng S\u1ea3n","og_description":"T\u1ea1i Nghi\u1ec7p Xu\u00e2n, ch\u00fang t\u00f4i r\u1ea5t coi tr\u1ecdng t\u00ednh b\u1ea3o m\u1eadt c\u1ee7a c\u00e1c kho\u1ea3n thanh to\u00e1n tr\u1ef1c tuy\u1ebfn c\u1ee7a b\u1ea1n. Ch\u00fang t\u00f4i c\u1ed1 g\u1eafng cung c\u1ea5p cho b\u1ea1n tr\u1ea3i nghi\u1ec7m mua s\u1eafm an to\u00e0n v\u00e0 b\u1ea3o m\u1eadt \u0111\u1ed3ng th\u1eddi b\u1ea3o v\u1ec7 th\u00f4ng tin t\u00e0i ch\u00ednh nh\u1ea1y c\u1ea3m c\u1ee7a b\u1ea1n. Ch\u00ednh s\u00e1ch b\u1ea3o m\u1eadt thanh to\u00e1n &hellip; Ti\u1ebfp t\u1ee5c \u0111\u1ecdc B\u1ea3o m\u1eadt thanh to\u00e1n","og_url":"https:\/\/nghiepxuan.com\/vi\/bao-mat-thanh-toan\/","og_site_name":"Nghi\u1ec7p Xu\u00e2n - Xu\u1ea5t Nh\u1eadp Kh\u1ea9u N\u00f4ng S\u1ea3n","article_publisher":"https:\/\/www.facebook.com\/nongsannghiepxuan\/","article_modified_time":"2025-04-03T03:08:54+00:00","twitter_card":"summary_large_image","twitter_site":"@PhuTonBui","twitter_misc":{"Est. reading time":"6 minutes"},"schema":{"@context":"https:\/\/schema.org","@graph":[{"@type":"WebPage","@id":"https:\/\/nghiepxuan.com\/vi\/bao-mat-thanh-toan\/","url":"https:\/\/nghiepxuan.com\/vi\/bao-mat-thanh-toan\/","name":"B\u1ea3o m\u1eadt thanh to\u00e1n - Nghi\u1ec7p Xu\u00e2n - Xu\u1ea5t Nh\u1eadp Kh\u1ea9u N\u00f4ng S\u1ea3n","isPartOf":{"@id":"https:\/\/nghiepxuan.com\/vi\/#website"},"datePublished":"2023-11-04T08:24:49+00:00","dateModified":"2025-04-03T03:08:54+00:00","breadcrumb":{"@id":"https:\/\/nghiepxuan.com\/vi\/bao-mat-thanh-toan\/#breadcrumb"},"inLanguage":"vi-VN","potentialAction":[{"@type":"ReadAction","target":["https:\/\/nghiepxuan.com\/vi\/bao-mat-thanh-toan\/"]}]},{"@type":"BreadcrumbList","@id":"https:\/\/nghiepxuan.com\/vi\/bao-mat-thanh-toan\/#breadcrumb","itemListElement":[{"@type":"ListItem","position":1,"name":"Home","item":"https:\/\/nghiepxuan.com\/vi\/"},{"@type":"ListItem","position":2,"name":"B\u1ea3o m\u1eadt thanh to\u00e1n"}]},{"@type":"WebSite","@id":"https:\/\/nghiepxuan.com\/vi\/#website","url":"https:\/\/nghiepxuan.com\/vi\/","name":"Nghiep Xuan - Agricultural Import and Export","description":"Nu\u00f4i d\u01b0\u1ee1ng thi\u00ean nhi\u00ean, thu ho\u1ea1ch s\u1ee9c kh\u1ecfe: \u0110i\u1ec3m \u0111\u1ebfn l\u1ed1i s\u1ed1ng h\u1eefu c\u01a1 c\u1ee7a b\u1ea1n","publisher":{"@id":"https:\/\/nghiepxuan.com\/vi\/#organization"},"potentialAction":[{"@type":"SearchAction","target":{"@type":"EntryPoint","urlTemplate":"https:\/\/nghiepxuan.com\/vi\/?s={search_term_string}"},"query-input":{"@type":"PropertyValueSpecification","valueRequired":true,"valueName":"search_term_string"}}],"inLanguage":"vi-VN"},{"@type":"Organization","@id":"https:\/\/nghiepxuan.com\/vi\/#organization","name":"Nghiep Xuan - Agricultural Import and Export","url":"https:\/\/nghiepxuan.com\/vi\/","logo":{"@type":"ImageObject","inLanguage":"vi-VN","@id":"https:\/\/nghiepxuan.com\/vi\/#\/schema\/logo\/image\/","url":"https:\/\/nghiepxuan.com\/wp-content\/uploads\/2025\/04\/Nghiep-Xuan-Logo-4.png","contentUrl":"https:\/\/nghiepxuan.com\/wp-content\/uploads\/2025\/04\/Nghiep-Xuan-Logo-4.png","width":4167,"height":1015,"caption":"Nghiep Xuan - Agricultural Import and Export"},"image":{"@id":"https:\/\/nghiepxuan.com\/vi\/#\/schema\/logo\/image\/"},"sameAs":["https:\/\/www.facebook.com\/nongsannghiepxuan\/","https:\/\/x.com\/PhuTonBui","https:\/\/www.instagram.com\/xuatnhapkhaunghiepxuan\/","https:\/\/www.youtube.com\/@nongsannghiepxuan2066","https:\/\/www.tiktok.com\/@nghiepxuan"]}]}},"_links":{"self":[{"href":"https:\/\/nghiepxuan.com\/vi\/wp-json\/wp\/v2\/pages\/6429","targetHints":{"allow":["GET"]}}],"collection":[{"href":"https:\/\/nghiepxuan.com\/vi\/wp-json\/wp\/v2\/pages"}],"about":[{"href":"https:\/\/nghiepxuan.com\/vi\/wp-json\/wp\/v2\/types\/page"}],"author":[{"embeddable":true,"href":"https:\/\/nghiepxuan.com\/vi\/wp-json\/wp\/v2\/users\/1"}],"replies":[{"embeddable":true,"href":"https:\/\/nghiepxuan.com\/vi\/wp-json\/wp\/v2\/comments?post=6429"}],"version-history":[{"count":2,"href":"https:\/\/nghiepxuan.com\/vi\/wp-json\/wp\/v2\/pages\/6429\/revisions"}],"predecessor-version":[{"id":7395,"href":"https:\/\/nghiepxuan.com\/vi\/wp-json\/wp\/v2\/pages\/6429\/revisions\/7395"}],"wp:attachment":[{"href":"https:\/\/nghiepxuan.com\/vi\/wp-json\/wp\/v2\/media?parent=6429"}],"curies":[{"name":"wp","href":"https:\/\/api.w.org\/{rel}","templated":true}]}}