{"id":6413,"date":"2023-11-04T07:48:19","date_gmt":"2023-11-04T07:48:19","guid":{"rendered":"https:\/\/nxg.asia\/van-chuyen-va-tra-lai\/"},"modified":"2025-04-09T11:47:28","modified_gmt":"2025-04-09T11:47:28","slug":"van-chuyen-va-tra-lai","status":"publish","type":"page","link":"https:\/\/nghiepxuan.com\/vi\/van-chuyen-va-tra-lai\/","title":{"rendered":"V\u1eadn chuy\u1ec3n v\u00e0 tr\u1ea3 l\u1ea1i"},"content":{"rendered":"\n<p><em>C\u1ea3m \u01a1n b\u1ea1n \u0111\u00e3 l\u1ef1a ch\u1ecdn Nghi\u1ec7p Xu\u00e2n cho nhu c\u1ea7u mua s\u1eafm c\u1ee7a m\u00ecnh. Vui l\u00f2ng xem l\u1ea1i ch\u00ednh s\u00e1ch v\u1eadn chuy\u1ec3n v\u00e0 tr\u1ea3 l\u1ea1i c\u1ee7a ch\u00fang t\u00f4i \u0111\u1ec3 hi\u1ec3u c\u00e1ch ch\u00fang t\u00f4i x\u1eed l\u00fd \u0111\u01a1n \u0111\u1eb7t h\u00e0ng v\u00e0 x\u1eed l\u00fd vi\u1ec7c tr\u1ea3 l\u1ea1i h\u00e0ng nh\u1eb1m \u0111\u1ea3m b\u1ea3o tr\u1ea3i nghi\u1ec7m mua s\u1eafm su\u00f4n s\u1ebb v\u00e0 h\u00e0i l\u00f2ng.<\/em><\/p>\n\n<p><strong>A. Th\u00f4ng tin v\u1eadn chuy\u1ec3n<\/strong><\/p>\n\n<p><strong>X\u1eed l\u00fd \u0111\u01a1n h\u00e0ng:<\/strong><\/p>\n\n<ul class=\"wp-block-list\">\n<li>\u0110\u01a1n \u0111\u1eb7t h\u00e0ng th\u01b0\u1eddng \u0111\u01b0\u1ee3c x\u1eed l\u00fd trong v\u00f2ng 1-2 ng\u00e0y l\u00e0m vi\u1ec7c sau khi x\u00e1c minh thanh to\u00e1n.<\/li>\n\n\n\n<li>B\u1ea1n s\u1ebd nh\u1eadn \u0111\u01b0\u1ee3c email x\u00e1c nh\u1eadn v\u1edbi chi ti\u1ebft \u0111\u01a1n h\u00e0ng v\u00e0 th\u00f4ng tin theo d\u00f5i sau khi \u0111\u01a1n h\u00e0ng c\u1ee7a b\u1ea1n \u0111\u01b0\u1ee3c chuy\u1ec3n \u0111i.<\/li>\n<\/ul>\n\n<p><strong>Ph\u01b0\u01a1ng th\u1ee9c v\u1eadn chuy\u1ec3n:<\/strong><\/p>\n\n<ul class=\"wp-block-list\">\n<li>Ch\u00fang t\u00f4i cung c\u1ea5p nhi\u1ec1u t\u00f9y ch\u1ecdn v\u1eadn chuy\u1ec3n kh\u00e1c nhau d\u1ef1a tr\u00ean v\u1ecb tr\u00ed v\u00e0 s\u1edf th\u00edch c\u1ee7a b\u1ea1n.<\/li>\n\n\n\n<li>V\u1eadn chuy\u1ec3n ti\u00eau chu\u1ea9n: D\u1ef1 ki\u1ebfn \u200b\u200bgiao h\u00e0ng trong v\u00f2ng 5-7 ng\u00e0y l\u00e0m vi\u1ec7c.<\/li>\n\n\n\n<li>V\u1eadn chuy\u1ec3n nhanh: D\u1ef1 ki\u1ebfn \u200b\u200bgiao h\u00e0ng trong v\u00f2ng 2-3 ng\u00e0y l\u00e0m vi\u1ec7c.<\/li>\n\n\n\n<li>V\u1eadn chuy\u1ec3n qu\u1ed1c t\u1ebf: Th\u1eddi gian giao h\u00e0ng thay \u0111\u1ed5i t\u00f9y theo \u0111i\u1ec3m \u0111\u1ebfn.<\/li>\n<\/ul>\n\n<p><strong>Chi ph\u00ed v\u1eadn chuy\u1ec3n:<\/strong><\/p>\n\n<ul class=\"wp-block-list\">\n<li>Chi ph\u00ed v\u1eadn chuy\u1ec3n \u0111\u01b0\u1ee3c t\u00ednh d\u1ef1a tr\u00ean tr\u1ecdng l\u01b0\u1ee3ng \u0111\u01a1n h\u00e0ng c\u1ee7a b\u1ea1n v\u00e0 ph\u01b0\u01a1ng th\u1ee9c v\u1eadn chuy\u1ec3n \u0111\u00e3 ch\u1ecdn.<\/li>\n\n\n\n<li>Mi\u1ec5n ph\u00ed v\u1eadn chuy\u1ec3n c\u00f3 th\u1ec3 c\u00f3 s\u1eb5n cho c\u00e1c \u0111\u01a1n \u0111\u1eb7t h\u00e0ng tr\u00ean m\u1ed9t s\u1ed1 ti\u1ec1n nh\u1ea5t \u0111\u1ecbnh. Ki\u1ec3m tra trang web c\u1ee7a ch\u00fang t\u00f4i \u0111\u1ec3 bi\u1ebft c\u00e1c ch\u01b0\u01a1ng tr\u00ecnh khuy\u1ebfn m\u00e3i v\u00e0 \u01b0u \u0111\u00e3i hi\u1ec7n t\u1ea1i.<\/li>\n<\/ul>\n\n<p><strong>B. Ch\u00ednh s\u00e1ch ho\u00e0n tr\u1ea3<\/strong><\/p>\n\n<p>Ch\u00fang t\u00f4i mu\u1ed1n b\u1ea1n ho\u00e0n to\u00e0n h\u00e0i l\u00f2ng v\u1edbi vi\u1ec7c mua h\u00e0ng c\u1ee7a b\u1ea1n. N\u1ebfu b\u1ea1n kh\u00f4ng h\u00e0i l\u00f2ng v\u1edbi \u0111\u01a1n \u0111\u1eb7t h\u00e0ng c\u1ee7a m\u00ecnh, vui l\u00f2ng xem l\u1ea1i ch\u00ednh s\u00e1ch ho\u00e0n tr\u1ea3 c\u1ee7a ch\u00fang t\u00f4i d\u01b0\u1edbi \u0111\u00e2y:<\/p>\n\n<p><strong>\u0110\u1ee7 \u0111i\u1ec1u ki\u1ec7n:<\/strong><\/p>\n\n<ul class=\"wp-block-list\">\n<li>C\u00e1c m\u1eb7t h\u00e0ng c\u00f3 th\u1ec3 \u0111\u01b0\u1ee3c tr\u1ea3 l\u1ea1i trong v\u00f2ng 30 ng\u00e0y k\u1ec3 t\u1eeb ng\u00e0y giao h\u00e0ng.<\/li>\n\n\n\n<li>\u0110\u1ec3 \u0111\u1ee7 \u0111i\u1ec1u ki\u1ec7n tr\u1ea3 l\u1ea1i, c\u00e1c m\u1eb7t h\u00e0ng ph\u1ea3i ch\u01b0a \u0111\u01b0\u1ee3c s\u1eed d\u1ee5ng, trong t\u00ecnh tr\u1ea1ng nh\u01b0 khi nh\u1eadn v\u00e0 c\u00f2n trong bao b\u00ec g\u1ed1c.<\/li>\n<\/ul>\n\n<p><strong>C\u00e1ch b\u1eaft \u0111\u1ea7u ho\u00e0n tr\u1ea3:<\/strong><\/p>\n\n<ul class=\"wp-block-list\">\n<li>Li\u00ean h\u1ec7 v\u1edbi nh\u00f3m h\u1ed7 tr\u1ee3 kh\u00e1ch h\u00e0ng c\u1ee7a ch\u00fang t\u00f4i t\u1ea1i Nghi\u1ec7p Xu\u00e2n \u0111\u1ec3 b\u1eaft \u0111\u1ea7u quy tr\u00ecnh tr\u1ea3 h\u00e0ng.<\/li>\n\n\n\n<li>Cung c\u1ea5p s\u1ed1 \u0111\u01a1n \u0111\u1eb7t h\u00e0ng c\u1ee7a b\u1ea1n v\u00e0 l\u00fd do tr\u1ea3 l\u1ea1i.<\/li>\n<\/ul>\n\n<p><strong>V\u1eadn chuy\u1ec3n tr\u1edf l\u1ea1i:<\/strong><\/p>\n\n<ul class=\"wp-block-list\">\n<li>Kh\u00e1ch h\u00e0ng ch\u1ecbu tr\u00e1ch nhi\u1ec7m v\u1ec1 chi ph\u00ed v\u1eadn chuy\u1ec3n tr\u1ea3 l\u1ea1i, tr\u1eeb tr\u01b0\u1eddng h\u1ee3p tr\u1ea3 l\u1ea1i do nh\u1eadn h\u00e0ng b\u1ecb l\u1ed7i ho\u1eb7c kh\u00f4ng \u0111\u00fang.<\/li>\n<\/ul>\n\n<p><strong>Quy tr\u00ecnh ho\u00e0n ti\u1ec1n:<\/strong><\/p>\n\n<ul class=\"wp-block-list\">\n<li>Khi h\u00e0ng tr\u1ea3 l\u1ea1i c\u1ee7a b\u1ea1n \u0111\u01b0\u1ee3c nh\u1eadn v\u00e0 ki\u1ec3m tra, ch\u00fang t\u00f4i s\u1ebd th\u00f4ng b\u00e1o cho b\u1ea1n v\u1ec1 vi\u1ec7c ch\u1ea5p thu\u1eadn ho\u1eb7c t\u1eeb ch\u1ed1i kho\u1ea3n ho\u00e0n tr\u1ea3 c\u1ee7a b\u1ea1n.<\/li>\n\n\n\n<li>N\u1ebfu \u0111\u01b0\u1ee3c ch\u1ea5p thu\u1eadn, kho\u1ea3n ti\u1ec1n ho\u00e0n l\u1ea1i s\u1ebd \u0111\u01b0\u1ee3c x\u1eed l\u00fd v\u00e0 kho\u1ea3n t\u00edn d\u1ee5ng s\u1ebd t\u1ef1 \u0111\u1ed9ng \u0111\u01b0\u1ee3c \u00e1p d\u1ee5ng cho ph\u01b0\u01a1ng th\u1ee9c thanh to\u00e1n ban \u0111\u1ea7u c\u1ee7a b\u1ea1n trong m\u1ed9t s\u1ed1 ng\u00e0y \u0111\u01b0\u1ee3c ch\u1ec9 \u0111\u1ecbnh.<\/li>\n<\/ul>\n\n<p><strong>C. Ch\u00ednh s\u00e1ch trao \u0111\u1ed5i<\/strong><\/p>\n\n<p>N\u1ebfu b\u1ea1n nh\u1eadn \u0111\u01b0\u1ee3c s\u1ea3n ph\u1ea9m b\u1ecb l\u1ed7i ho\u1eb7c h\u01b0 h\u1ecfng v\u00e0 c\u1ea7n \u0111\u1ed5i sang s\u1ea3n ph\u1ea9m t\u01b0\u01a1ng t\u1ef1, vui l\u00f2ng li\u00ean h\u1ec7 ngay v\u1edbi ch\u00fang t\u00f4i t\u1ea1i Nghi\u1ec7p Xu\u00e2n. Ch\u00fang t\u00f4i s\u1ebd h\u01b0\u1edbng d\u1eabn b\u1ea1n trong qu\u00e1 tr\u00ecnh trao \u0111\u1ed5i v\u00e0 \u0111\u1ea3m b\u1ea3o b\u1ea1n nh\u1eadn \u0111\u01b0\u1ee3c m\u1eb7t h\u00e0ng thay th\u1ebf k\u1ecbp th\u1eddi.<\/p>\n\n<p><strong>D. Li\u00ean h\u1ec7 v\u1edbi ch\u00fang t\u00f4i<\/strong><\/p>\n\n<p>N\u1ebfu b\u1ea1n c\u00f3 b\u1ea5t k\u1ef3 c\u00e2u h\u1ecfi n\u00e0o v\u1ec1 ch\u00ednh s\u00e1ch v\u1eadn chuy\u1ec3n v\u00e0 tr\u1ea3 h\u00e0ng c\u1ee7a ch\u00fang t\u00f4i, vui l\u00f2ng li\u00ean h\u1ec7 v\u1edbi ch\u00fang t\u00f4i qua <a href=\"mailto:info@nghiepxuan.com\">email info@nghiepxuan.com<\/a> ho\u1eb7c Tel: <a href=\"tel:84939345598\">+84-939-345-598<\/a> . Nh\u00f3m h\u1ed7 tr\u1ee3 kh\u00e1ch h\u00e0ng c\u1ee7a ch\u00fang t\u00f4i s\u1eb5n s\u00e0ng h\u1ed7 tr\u1ee3 b\u1ea1n.<\/p>\n\n<p><em>Ng\u00e0y c\u00f3 hi\u1ec7u l\u1ef1c: 01\/01\/202<\/em> 5<\/p>\n","protected":false},"excerpt":{"rendered":"<p>C\u1ea3m \u01a1n b\u1ea1n \u0111\u00e3 l\u1ef1a ch\u1ecdn Nghi\u1ec7p Xu\u00e2n cho nhu c\u1ea7u mua s\u1eafm c\u1ee7a m\u00ecnh. Vui l\u00f2ng xem l\u1ea1i ch\u00ednh s\u00e1ch v\u1eadn chuy\u1ec3n v\u00e0 tr\u1ea3 l\u1ea1i c\u1ee7a ch\u00fang t\u00f4i \u0111\u1ec3 hi\u1ec3u c\u00e1ch ch\u00fang t\u00f4i x\u1eed l\u00fd \u0111\u01a1n \u0111\u1eb7t h\u00e0ng v\u00e0 x\u1eed l\u00fd vi\u1ec7c tr\u1ea3 l\u1ea1i h\u00e0ng nh\u1eb1m \u0111\u1ea3m b\u1ea3o tr\u1ea3i nghi\u1ec7m mua s\u1eafm su\u00f4n s\u1ebb &hellip; <a href=\"https:\/\/nghiepxuan.com\/vi\/van-chuyen-va-tra-lai\/\" class=\"more-link\">Ti\u1ebfp t\u1ee5c \u0111\u1ecdc <span class=\"screen-reader-text\">V\u1eadn chuy\u1ec3n v\u00e0 tr\u1ea3 l\u1ea1i<\/span><\/a><\/p>\n","protected":false},"author":1,"featured_media":0,"parent":0,"menu_order":0,"comment_status":"closed","ping_status":"closed","template":"","meta":{"content-type":"","footnotes":""},"class_list":["post-6413","page","type-page","status-publish","hentry"],"yoast_head":"<!-- This site is optimized with the Yoast SEO plugin v26.9 - https:\/\/yoast.com\/product\/yoast-seo-wordpress\/ -->\n<title>V\u1eadn chuy\u1ec3n v\u00e0 tr\u1ea3 l\u1ea1i - Nghi\u1ec7p Xu\u00e2n - Xu\u1ea5t Nh\u1eadp Kh\u1ea9u N\u00f4ng S\u1ea3n<\/title>\n<meta name=\"robots\" content=\"index, follow, max-snippet:-1, max-image-preview:large, max-video-preview:-1\" \/>\n<link rel=\"canonical\" href=\"https:\/\/nghiepxuan.com\/vi\/van-chuyen-va-tra-lai\/\" \/>\n<meta property=\"og:locale\" content=\"vi_VN\" \/>\n<meta property=\"og:type\" content=\"article\" \/>\n<meta property=\"og:title\" content=\"V\u1eadn chuy\u1ec3n v\u00e0 tr\u1ea3 l\u1ea1i - Nghi\u1ec7p Xu\u00e2n - Xu\u1ea5t Nh\u1eadp Kh\u1ea9u N\u00f4ng S\u1ea3n\" \/>\n<meta property=\"og:description\" content=\"C\u1ea3m \u01a1n b\u1ea1n \u0111\u00e3 l\u1ef1a ch\u1ecdn Nghi\u1ec7p Xu\u00e2n cho nhu c\u1ea7u mua s\u1eafm c\u1ee7a m\u00ecnh. Vui l\u00f2ng xem l\u1ea1i ch\u00ednh s\u00e1ch v\u1eadn chuy\u1ec3n v\u00e0 tr\u1ea3 l\u1ea1i c\u1ee7a ch\u00fang t\u00f4i \u0111\u1ec3 hi\u1ec3u c\u00e1ch ch\u00fang t\u00f4i x\u1eed l\u00fd \u0111\u01a1n \u0111\u1eb7t h\u00e0ng v\u00e0 x\u1eed l\u00fd vi\u1ec7c tr\u1ea3 l\u1ea1i h\u00e0ng nh\u1eb1m \u0111\u1ea3m b\u1ea3o tr\u1ea3i nghi\u1ec7m mua s\u1eafm su\u00f4n s\u1ebb &hellip; Ti\u1ebfp t\u1ee5c \u0111\u1ecdc V\u1eadn chuy\u1ec3n v\u00e0 tr\u1ea3 l\u1ea1i\" \/>\n<meta property=\"og:url\" content=\"https:\/\/nghiepxuan.com\/vi\/van-chuyen-va-tra-lai\/\" \/>\n<meta property=\"og:site_name\" content=\"Nghi\u1ec7p Xu\u00e2n - Xu\u1ea5t Nh\u1eadp Kh\u1ea9u N\u00f4ng S\u1ea3n\" \/>\n<meta property=\"article:publisher\" content=\"https:\/\/www.facebook.com\/nongsannghiepxuan\/\" \/>\n<meta property=\"article:modified_time\" content=\"2025-04-09T11:47:28+00:00\" \/>\n<meta name=\"twitter:card\" content=\"summary_large_image\" \/>\n<meta name=\"twitter:site\" content=\"@PhuTonBui\" \/>\n<meta name=\"twitter:label1\" content=\"Est. reading time\" \/>\n\t<meta name=\"twitter:data1\" content=\"5 minutes\" \/>\n<script type=\"application\/ld+json\" class=\"yoast-schema-graph\">{\"@context\":\"https:\/\/schema.org\",\"@graph\":[{\"@type\":\"WebPage\",\"@id\":\"https:\/\/nghiepxuan.com\/vi\/van-chuyen-va-tra-lai\/\",\"url\":\"https:\/\/nghiepxuan.com\/vi\/van-chuyen-va-tra-lai\/\",\"name\":\"V\u1eadn chuy\u1ec3n v\u00e0 tr\u1ea3 l\u1ea1i - Nghi\u1ec7p Xu\u00e2n - Xu\u1ea5t Nh\u1eadp Kh\u1ea9u N\u00f4ng S\u1ea3n\",\"isPartOf\":{\"@id\":\"https:\/\/nghiepxuan.com\/vi\/#website\"},\"datePublished\":\"2023-11-04T07:48:19+00:00\",\"dateModified\":\"2025-04-09T11:47:28+00:00\",\"breadcrumb\":{\"@id\":\"https:\/\/nghiepxuan.com\/vi\/van-chuyen-va-tra-lai\/#breadcrumb\"},\"inLanguage\":\"vi-VN\",\"potentialAction\":[{\"@type\":\"ReadAction\",\"target\":[\"https:\/\/nghiepxuan.com\/vi\/van-chuyen-va-tra-lai\/\"]}]},{\"@type\":\"BreadcrumbList\",\"@id\":\"https:\/\/nghiepxuan.com\/vi\/van-chuyen-va-tra-lai\/#breadcrumb\",\"itemListElement\":[{\"@type\":\"ListItem\",\"position\":1,\"name\":\"Home\",\"item\":\"https:\/\/nghiepxuan.com\/vi\/\"},{\"@type\":\"ListItem\",\"position\":2,\"name\":\"V\u1eadn chuy\u1ec3n v\u00e0 tr\u1ea3 l\u1ea1i\"}]},{\"@type\":\"WebSite\",\"@id\":\"https:\/\/nghiepxuan.com\/vi\/#website\",\"url\":\"https:\/\/nghiepxuan.com\/vi\/\",\"name\":\"Nghiep Xuan - Agricultural Import and Export\",\"description\":\"Nu\u00f4i d\u01b0\u1ee1ng thi\u00ean nhi\u00ean, thu ho\u1ea1ch s\u1ee9c kh\u1ecfe: \u0110i\u1ec3m \u0111\u1ebfn l\u1ed1i s\u1ed1ng h\u1eefu c\u01a1 c\u1ee7a b\u1ea1n\",\"publisher\":{\"@id\":\"https:\/\/nghiepxuan.com\/vi\/#organization\"},\"potentialAction\":[{\"@type\":\"SearchAction\",\"target\":{\"@type\":\"EntryPoint\",\"urlTemplate\":\"https:\/\/nghiepxuan.com\/vi\/?s={search_term_string}\"},\"query-input\":{\"@type\":\"PropertyValueSpecification\",\"valueRequired\":true,\"valueName\":\"search_term_string\"}}],\"inLanguage\":\"vi-VN\"},{\"@type\":\"Organization\",\"@id\":\"https:\/\/nghiepxuan.com\/vi\/#organization\",\"name\":\"Nghiep Xuan - Agricultural Import and Export\",\"url\":\"https:\/\/nghiepxuan.com\/vi\/\",\"logo\":{\"@type\":\"ImageObject\",\"inLanguage\":\"vi-VN\",\"@id\":\"https:\/\/nghiepxuan.com\/vi\/#\/schema\/logo\/image\/\",\"url\":\"https:\/\/nghiepxuan.com\/wp-content\/uploads\/2025\/04\/Nghiep-Xuan-Logo-4.png\",\"contentUrl\":\"https:\/\/nghiepxuan.com\/wp-content\/uploads\/2025\/04\/Nghiep-Xuan-Logo-4.png\",\"width\":4167,\"height\":1015,\"caption\":\"Nghiep Xuan - Agricultural Import and Export\"},\"image\":{\"@id\":\"https:\/\/nghiepxuan.com\/vi\/#\/schema\/logo\/image\/\"},\"sameAs\":[\"https:\/\/www.facebook.com\/nongsannghiepxuan\/\",\"https:\/\/x.com\/PhuTonBui\",\"https:\/\/www.instagram.com\/xuatnhapkhaunghiepxuan\/\",\"https:\/\/www.youtube.com\/@nongsannghiepxuan2066\",\"https:\/\/www.tiktok.com\/@nghiepxuan\"]}]}<\/script>\n<!-- \/ Yoast SEO plugin. -->","yoast_head_json":{"title":"V\u1eadn chuy\u1ec3n v\u00e0 tr\u1ea3 l\u1ea1i - Nghi\u1ec7p Xu\u00e2n - Xu\u1ea5t Nh\u1eadp Kh\u1ea9u N\u00f4ng S\u1ea3n","robots":{"index":"index","follow":"follow","max-snippet":"max-snippet:-1","max-image-preview":"max-image-preview:large","max-video-preview":"max-video-preview:-1"},"canonical":"https:\/\/nghiepxuan.com\/vi\/van-chuyen-va-tra-lai\/","og_locale":"vi_VN","og_type":"article","og_title":"V\u1eadn chuy\u1ec3n v\u00e0 tr\u1ea3 l\u1ea1i - Nghi\u1ec7p Xu\u00e2n - Xu\u1ea5t Nh\u1eadp Kh\u1ea9u N\u00f4ng S\u1ea3n","og_description":"C\u1ea3m \u01a1n b\u1ea1n \u0111\u00e3 l\u1ef1a ch\u1ecdn Nghi\u1ec7p Xu\u00e2n cho nhu c\u1ea7u mua s\u1eafm c\u1ee7a m\u00ecnh. Vui l\u00f2ng xem l\u1ea1i ch\u00ednh s\u00e1ch v\u1eadn chuy\u1ec3n v\u00e0 tr\u1ea3 l\u1ea1i c\u1ee7a ch\u00fang t\u00f4i \u0111\u1ec3 hi\u1ec3u c\u00e1ch ch\u00fang t\u00f4i x\u1eed l\u00fd \u0111\u01a1n \u0111\u1eb7t h\u00e0ng v\u00e0 x\u1eed l\u00fd vi\u1ec7c tr\u1ea3 l\u1ea1i h\u00e0ng nh\u1eb1m \u0111\u1ea3m b\u1ea3o tr\u1ea3i nghi\u1ec7m mua s\u1eafm su\u00f4n s\u1ebb &hellip; Ti\u1ebfp t\u1ee5c \u0111\u1ecdc V\u1eadn chuy\u1ec3n v\u00e0 tr\u1ea3 l\u1ea1i","og_url":"https:\/\/nghiepxuan.com\/vi\/van-chuyen-va-tra-lai\/","og_site_name":"Nghi\u1ec7p Xu\u00e2n - Xu\u1ea5t Nh\u1eadp Kh\u1ea9u N\u00f4ng S\u1ea3n","article_publisher":"https:\/\/www.facebook.com\/nongsannghiepxuan\/","article_modified_time":"2025-04-09T11:47:28+00:00","twitter_card":"summary_large_image","twitter_site":"@PhuTonBui","twitter_misc":{"Est. reading time":"5 minutes"},"schema":{"@context":"https:\/\/schema.org","@graph":[{"@type":"WebPage","@id":"https:\/\/nghiepxuan.com\/vi\/van-chuyen-va-tra-lai\/","url":"https:\/\/nghiepxuan.com\/vi\/van-chuyen-va-tra-lai\/","name":"V\u1eadn chuy\u1ec3n v\u00e0 tr\u1ea3 l\u1ea1i - Nghi\u1ec7p Xu\u00e2n - Xu\u1ea5t Nh\u1eadp Kh\u1ea9u N\u00f4ng S\u1ea3n","isPartOf":{"@id":"https:\/\/nghiepxuan.com\/vi\/#website"},"datePublished":"2023-11-04T07:48:19+00:00","dateModified":"2025-04-09T11:47:28+00:00","breadcrumb":{"@id":"https:\/\/nghiepxuan.com\/vi\/van-chuyen-va-tra-lai\/#breadcrumb"},"inLanguage":"vi-VN","potentialAction":[{"@type":"ReadAction","target":["https:\/\/nghiepxuan.com\/vi\/van-chuyen-va-tra-lai\/"]}]},{"@type":"BreadcrumbList","@id":"https:\/\/nghiepxuan.com\/vi\/van-chuyen-va-tra-lai\/#breadcrumb","itemListElement":[{"@type":"ListItem","position":1,"name":"Home","item":"https:\/\/nghiepxuan.com\/vi\/"},{"@type":"ListItem","position":2,"name":"V\u1eadn chuy\u1ec3n v\u00e0 tr\u1ea3 l\u1ea1i"}]},{"@type":"WebSite","@id":"https:\/\/nghiepxuan.com\/vi\/#website","url":"https:\/\/nghiepxuan.com\/vi\/","name":"Nghiep Xuan - Agricultural Import and Export","description":"Nu\u00f4i d\u01b0\u1ee1ng thi\u00ean nhi\u00ean, thu ho\u1ea1ch s\u1ee9c kh\u1ecfe: \u0110i\u1ec3m \u0111\u1ebfn l\u1ed1i s\u1ed1ng h\u1eefu c\u01a1 c\u1ee7a b\u1ea1n","publisher":{"@id":"https:\/\/nghiepxuan.com\/vi\/#organization"},"potentialAction":[{"@type":"SearchAction","target":{"@type":"EntryPoint","urlTemplate":"https:\/\/nghiepxuan.com\/vi\/?s={search_term_string}"},"query-input":{"@type":"PropertyValueSpecification","valueRequired":true,"valueName":"search_term_string"}}],"inLanguage":"vi-VN"},{"@type":"Organization","@id":"https:\/\/nghiepxuan.com\/vi\/#organization","name":"Nghiep Xuan - Agricultural Import and Export","url":"https:\/\/nghiepxuan.com\/vi\/","logo":{"@type":"ImageObject","inLanguage":"vi-VN","@id":"https:\/\/nghiepxuan.com\/vi\/#\/schema\/logo\/image\/","url":"https:\/\/nghiepxuan.com\/wp-content\/uploads\/2025\/04\/Nghiep-Xuan-Logo-4.png","contentUrl":"https:\/\/nghiepxuan.com\/wp-content\/uploads\/2025\/04\/Nghiep-Xuan-Logo-4.png","width":4167,"height":1015,"caption":"Nghiep Xuan - Agricultural Import and Export"},"image":{"@id":"https:\/\/nghiepxuan.com\/vi\/#\/schema\/logo\/image\/"},"sameAs":["https:\/\/www.facebook.com\/nongsannghiepxuan\/","https:\/\/x.com\/PhuTonBui","https:\/\/www.instagram.com\/xuatnhapkhaunghiepxuan\/","https:\/\/www.youtube.com\/@nongsannghiepxuan2066","https:\/\/www.tiktok.com\/@nghiepxuan"]}]}},"_links":{"self":[{"href":"https:\/\/nghiepxuan.com\/vi\/wp-json\/wp\/v2\/pages\/6413","targetHints":{"allow":["GET"]}}],"collection":[{"href":"https:\/\/nghiepxuan.com\/vi\/wp-json\/wp\/v2\/pages"}],"about":[{"href":"https:\/\/nghiepxuan.com\/vi\/wp-json\/wp\/v2\/types\/page"}],"author":[{"embeddable":true,"href":"https:\/\/nghiepxuan.com\/vi\/wp-json\/wp\/v2\/users\/1"}],"replies":[{"embeddable":true,"href":"https:\/\/nghiepxuan.com\/vi\/wp-json\/wp\/v2\/comments?post=6413"}],"version-history":[{"count":2,"href":"https:\/\/nghiepxuan.com\/vi\/wp-json\/wp\/v2\/pages\/6413\/revisions"}],"predecessor-version":[{"id":7382,"href":"https:\/\/nghiepxuan.com\/vi\/wp-json\/wp\/v2\/pages\/6413\/revisions\/7382"}],"wp:attachment":[{"href":"https:\/\/nghiepxuan.com\/vi\/wp-json\/wp\/v2\/media?parent=6413"}],"curies":[{"name":"wp","href":"https:\/\/api.w.org\/{rel}","templated":true}]}}