{"id":6397,"date":"2020-10-24T04:34:14","date_gmt":"2020-10-24T04:34:14","guid":{"rendered":"https:\/\/nxg.asia\/cac-dieu-khoan-va-dieu-kien\/"},"modified":"2025-04-09T11:40:39","modified_gmt":"2025-04-09T11:40:39","slug":"cac-dieu-khoan-va-dieu-kien","status":"publish","type":"page","link":"https:\/\/nghiepxuan.com\/vi\/cac-dieu-khoan-va-dieu-kien\/","title":{"rendered":"C\u00e1c \u0111i\u1ec1u kho\u1ea3n v\u00e0 \u0111i\u1ec1u ki\u1ec7n"},"content":{"rendered":"\t\t<div data-elementor-type=\"wp-page\" data-elementor-id=\"6397\" class=\"elementor elementor-6397 elementor-3711\">\n\t\t\t\t\t\t<section class=\"elementor-section elementor-top-section elementor-element elementor-element-0e0a1b6 elementor-section-boxed elementor-section-height-default elementor-section-height-default\" data-id=\"0e0a1b6\" data-element_type=\"section\" data-e-type=\"section\">\n\t\t\t\t\t\t<div class=\"elementor-container elementor-column-gap-no\">\n\t\t\t\t\t<div class=\"elementor-column elementor-col-100 elementor-top-column elementor-element elementor-element-df5a952\" data-id=\"df5a952\" data-element_type=\"column\" data-e-type=\"column\">\n\t\t\t<div class=\"elementor-widget-wrap elementor-element-populated\">\n\t\t\t\t\t\t<div class=\"elementor-element elementor-element-7e23e95 elementor-widget elementor-widget-text-editor\" data-id=\"7e23e95\" data-element_type=\"widget\" data-e-type=\"widget\" data-widget_type=\"text-editor.default\">\n\t\t\t\t<div class=\"elementor-widget-container\">\n\t\t\t\t\t\t\t\t\t<p>Ch\u00e0o m\u1eebng \u0111\u1ebfn v\u1edbi Nghi\u1ec7p Xu\u00e2n! C\u00e1c \u0111i\u1ec1u kho\u1ea3n v\u00e0 \u0111i\u1ec1u ki\u1ec7n n\u00e0y n\u00eau r\u00f5 c\u00e1c quy t\u1eafc v\u00e0 quy \u0111\u1ecbnh cho vi\u1ec7c s\u1eed d\u1ee5ng trang web c\u1ee7a ch\u00fang t\u00f4i, c\u00f3 t\u1ea1i <a href=\"https:\/\/nghiepxuan.com\/vi\/\" target=\"_new\">www.nghiepxuan.com<\/a> .  B\u1eb1ng c\u00e1ch truy c\u1eadp trang web n\u00e0y, ch\u00fang t\u00f4i cho r\u1eb1ng b\u1ea1n ch\u1ea5p nh\u1eadn c\u00e1c \u0111i\u1ec1u kho\u1ea3n v\u00e0 \u0111i\u1ec1u ki\u1ec7n n\u00e0y. Kh\u00f4ng ti\u1ebfp t\u1ee5c s\u1eed d\u1ee5ng Nghi\u1ec7p Xu\u00e2n n\u1ebfu b\u1ea1n kh\u00f4ng \u0111\u1ed3ng \u00fd v\u1edbi t\u1ea5t c\u1ea3 c\u00e1c \u0111i\u1ec1u kho\u1ea3n v\u00e0 \u0111i\u1ec1u ki\u1ec7n \u0111\u01b0\u1ee3c n\u00eau tr\u00ean trang n\u00e0y.<\/p>\t\t\t\t\t\t\t\t<\/div>\n\t\t\t\t<\/div>\n\t\t\t\t\t<\/div>\n\t\t<\/div>\n\t\t\t\t\t<\/div>\n\t\t<\/section>\n\t\t\t\t<section class=\"elementor-section elementor-top-section elementor-element elementor-element-a5635eb elementor-section-boxed elementor-section-height-default elementor-section-height-default\" data-id=\"a5635eb\" data-element_type=\"section\" data-e-type=\"section\">\n\t\t\t\t\t\t<div class=\"elementor-container elementor-column-gap-no\">\n\t\t\t\t\t<div class=\"elementor-column elementor-col-100 elementor-top-column elementor-element elementor-element-d39d5fe\" data-id=\"d39d5fe\" data-element_type=\"column\" data-e-type=\"column\">\n\t\t\t<div class=\"elementor-widget-wrap elementor-element-populated\">\n\t\t\t\t\t\t<div class=\"elementor-element elementor-element-1d530ed elementor-widget elementor-widget-text-editor\" data-id=\"1d530ed\" data-element_type=\"widget\" data-e-type=\"widget\" data-widget_type=\"text-editor.default\">\n\t\t\t\t<div class=\"elementor-widget-container\">\n\t\t\t\t\t\t\t\t\t<h3>1. <strong>Gi\u1ea5y ph\u00e9p s\u1eed d\u1ee5ng<\/strong><\/h3><p>1.1 B\u1ea1n ph\u1ea3i \u00edt nh\u1ea5t 18 tu\u1ed5i \u0111\u1ec3 s\u1eed d\u1ee5ng trang web n\u00e0y. B\u1eb1ng c\u00e1ch s\u1eed d\u1ee5ng trang web n\u00e0y v\u00e0 \u0111\u1ed3ng \u00fd v\u1edbi c\u00e1c \u0111i\u1ec1u kho\u1ea3n v\u00e0 \u0111i\u1ec1u ki\u1ec7n n\u00e0y, b\u1ea1n \u0111\u1ea3m b\u1ea3o v\u00e0 tuy\u00ean b\u1ed1 r\u1eb1ng b\u1ea1n \u00edt nh\u1ea5t 18 tu\u1ed5i.<\/p><p>1.2 Tr\u1eeb khi c\u00f3 quy \u0111\u1ecbnh kh\u00e1c, Nghi\u1ec7p Xu\u00e2n v\u00e0\/ho\u1eb7c b\u00ean c\u1ea5p ph\u00e9p s\u1edf h\u1eefu quy\u1ec1n s\u1edf h\u1eefu tr\u00ed tu\u1ec7 \u0111\u1ed1i v\u1edbi m\u1ecdi t\u00e0i li\u1ec7u tr\u00ean Nghi\u1ec7p Xu\u00e2n. T\u1ea5t c\u1ea3 c\u00e1c quy\u1ec1n s\u1edf h\u1eefu tr\u00ed tu\u1ec7 \u0111\u1ec1u \u0111\u01b0\u1ee3c b\u1ea3o l\u01b0u. B\u1ea1n c\u00f3 th\u1ec3 xem v\u00e0\/ho\u1eb7c in c\u00e1c trang t\u1eeb <a href=\"https:\/\/nghiepxuan.com\/vi\/\" target=\"_new\">www.nghiepxuan.com<\/a> cho m\u1ee5c \u0111\u00edch s\u1eed d\u1ee5ng c\u00e1 nh\u00e2n c\u1ee7a b\u1ea1n theo c\u00e1c h\u1ea1n ch\u1ebf \u0111\u01b0\u1ee3c quy \u0111\u1ecbnh trong c\u00e1c \u0111i\u1ec1u kho\u1ea3n v\u00e0 \u0111i\u1ec1u ki\u1ec7n n\u00e0y.<\/p><h3>2. <strong>H\u1ea1n ch\u1ebf<\/strong><\/h3><p>2.1 B\u1ea1n b\u1ecb h\u1ea1n ch\u1ebf c\u1ee5 th\u1ec3 \u0111\u1ed1i v\u1edbi t\u1ea5t c\u1ea3 nh\u1eefng \u0111i\u1ec1u sau:<\/p><p>a) \u0110\u0103ng t\u1ea3i b\u1ea5t k\u1ef3 t\u00e0i li\u1ec7u n\u00e0o c\u1ee7a Nghi\u1ec7p Xu\u00e2n tr\u00ean c\u00e1c ph\u01b0\u01a1ng ti\u1ec7n truy\u1ec1n th\u00f4ng kh\u00e1c.<\/p><p>b) B\u00e1n, c\u1ea5p ph\u00e9p l\u1ea1i v\u00e0\/ho\u1eb7c th\u01b0\u01a1ng m\u1ea1i h\u00f3a b\u1ea5t k\u1ef3 t\u00e0i li\u1ec7u n\u00e0o t\u1eeb Nghi\u1ec7p Xu\u00e2n.<\/p><p>c) Bi\u1ec3u di\u1ec5n v\u00e0\/ho\u1eb7c tr\u00ecnh chi\u1ebfu c\u00f4ng khai b\u1ea5t k\u1ef3 t\u00e1c ph\u1ea9m n\u00e0o c\u1ee7a Nghi\u1ec7p Xu\u00e2n.<\/p><p>d) S\u1eed d\u1ee5ng trang web n\u00e0y theo b\u1ea5t k\u1ef3 c\u00e1ch n\u00e0o g\u00e2y t\u1ed5n h\u1ea1i ho\u1eb7c c\u00f3 th\u1ec3 g\u00e2y t\u1ed5n h\u1ea1i cho trang web n\u00e0y.<\/p><p>e) S\u1eed d\u1ee5ng trang web n\u00e0y tr\u00e1i v\u1edbi lu\u1eadt ph\u00e1p v\u00e0 quy \u0111\u1ecbnh hi\u1ec7n h\u00e0nh ho\u1eb7c theo c\u00e1ch g\u00e2y ra ho\u1eb7c c\u00f3 th\u1ec3 g\u00e2y h\u1ea1i cho trang web ho\u1eb7c cho b\u1ea5t k\u1ef3 c\u00e1 nh\u00e2n ho\u1eb7c t\u1ed5 ch\u1ee9c kinh doanh n\u00e0o.<\/p><p>2.2 B\u1ea1n b\u1ecb h\u1ea1n ch\u1ebf truy c\u1eadp v\u00e0o m\u1ed9t s\u1ed1 khu v\u1ef1c nh\u1ea5t \u0111\u1ecbnh c\u1ee7a trang web n\u00e0y v\u00e0 Nghi\u1ec7p Xu\u00e2n c\u00f3 th\u1ec3 h\u1ea1n ch\u1ebf th\u00eam quy\u1ec1n truy c\u1eadp c\u1ee7a b\u1ea1n v\u00e0o b\u1ea5t k\u1ef3 khu v\u1ef1c n\u00e0o c\u1ee7a trang web n\u00e0y, b\u1ea5t k\u1ef3 l\u00fac n\u00e0o, theo quy\u1ebft \u0111\u1ecbnh tuy\u1ec7t \u0111\u1ed1i c\u1ee7a m\u00ecnh. B\u1ea5t k\u1ef3 ID ng\u01b0\u1eddi d\u00f9ng v\u00e0 m\u1eadt kh\u1ea9u n\u00e0o b\u1ea1n c\u00f3 cho trang web n\u00e0y \u0111\u1ec1u \u0111\u01b0\u1ee3c b\u1ea3o m\u1eadt v\u00e0 b\u1ea1n c\u0169ng ph\u1ea3i duy tr\u00ec t\u00ednh b\u1ea3o m\u1eadt.<\/p><h3>3. <strong>N\u1ed9i dung c\u1ee7a b\u1ea1n<\/strong><\/h3><p>3.1 Trong c\u00e1c \u0111i\u1ec1u kho\u1ea3n v\u00e0 \u0111i\u1ec1u ki\u1ec7n n\u00e0y, &#8220;N\u1ed9i dung c\u1ee7a b\u1ea1n&#8221; c\u00f3 ngh\u0129a l\u00e0 b\u1ea5t k\u1ef3 \u00e2m thanh, v\u0103n b\u1ea3n video, h\u00ecnh \u1ea3nh ho\u1eb7c t\u00e0i li\u1ec7u n\u00e0o kh\u00e1c m\u00e0 b\u1ea1n ch\u1ecdn hi\u1ec3n th\u1ecb tr\u00ean trang web n\u00e0y. B\u1eb1ng c\u00e1ch hi\u1ec3n th\u1ecb N\u1ed9i dung c\u1ee7a b\u1ea1n, b\u1ea1n c\u1ea5p cho Nghi\u1ec7p Xu\u00e2n gi\u1ea5y ph\u00e9p kh\u00f4ng \u0111\u1ed9c quy\u1ec1n, kh\u00f4ng th\u1ec3 h\u1ee7y ngang, c\u00f3 th\u1ec3 c\u1ea5p ph\u00e9p l\u1ea1i tr\u00ean to\u00e0n th\u1ebf gi\u1edbi \u0111\u1ec3 s\u1eed d\u1ee5ng, sao ch\u00e9p, \u0111i\u1ec1u ch\u1ec9nh, xu\u1ea5t b\u1ea3n, d\u1ecbch v\u00e0 ph\u00e2n ph\u1ed1i n\u1ed9i dung \u0111\u00f3 tr\u00ean m\u1ecdi ph\u01b0\u01a1ng ti\u1ec7n truy\u1ec1n th\u00f4ng.<\/p><h3>4. <strong>Kh\u00f4ng b\u1ea3o h\u00e0nh<\/strong><\/h3><p>Trang web n\u00e0y \u0111\u01b0\u1ee3c cung c\u1ea5p &#8220;nguy\u00ean tr\u1ea1ng&#8221;, c\u00f3 m\u1ecdi l\u1ed7i v\u00e0 Nghi\u1ec7p Xu\u00e2n kh\u00f4ng \u0111\u01b0a ra b\u1ea5t k\u1ef3 tuy\u00ean b\u1ed1 ho\u1eb7c b\u1ea3o \u0111\u1ea3m n\u00e0o, d\u00f9 r\u00f5 r\u00e0ng hay ng\u1ee5 \u00fd, d\u01b0\u1edbi b\u1ea5t k\u1ef3 h\u00ecnh th\u1ee9c n\u00e0o li\u00ean quan \u0111\u1ebfn trang web n\u00e0y ho\u1eb7c c\u00e1c t\u00e0i li\u1ec7u c\u00f3 tr\u00ean trang web n\u00e0y. Ngo\u00e0i ra, kh\u00f4ng c\u00f3 n\u1ed9i dung n\u00e0o tr\u00ean trang web n\u00e0y \u0111\u01b0\u1ee3c hi\u1ec3u l\u00e0 cung c\u1ea5p t\u01b0 v\u1ea5n ho\u1eb7c l\u1eddi khuy\u00ean cho b\u1ea1n.<\/p><h3>5. <strong>Gi\u1edbi h\u1ea1n tr\u00e1ch nhi\u1ec7m ph\u00e1p l\u00fd<\/strong><\/h3><p>Trong m\u1ecdi tr\u01b0\u1eddng h\u1ee3p, Nghi\u1ec7p Xu\u00e2n, c\u0169ng nh\u01b0 b\u1ea5t k\u1ef3 c\u00e1n b\u1ed9, gi\u00e1m \u0111\u1ed1c v\u00e0 nh\u00e2n vi\u00ean n\u00e0o c\u1ee7a Nghi\u1ec7p Xu\u00e2n, s\u1ebd kh\u00f4ng ch\u1ecbu tr\u00e1ch nhi\u1ec7m cho b\u1ea5t k\u1ef3 \u0111i\u1ec1u g\u00ec ph\u00e1t sinh t\u1eeb ho\u1eb7c theo b\u1ea5t k\u1ef3 c\u00e1ch n\u00e0o li\u00ean quan \u0111\u1ebfn vi\u1ec7c b\u1ea1n s\u1eed d\u1ee5ng trang web n\u00e0y. Nghi\u1ec7p Xu\u00e2n s\u1ebd kh\u00f4ng ch\u1ecbu tr\u00e1ch nhi\u1ec7m cho b\u1ea5t k\u1ef3 tr\u00e1ch nhi\u1ec7m gi\u00e1n ti\u1ebfp, h\u1eadu qu\u1ea3 ho\u1eb7c \u0111\u1eb7c bi\u1ec7t n\u00e0o ph\u00e1t sinh t\u1eeb ho\u1eb7c theo b\u1ea5t k\u1ef3 c\u00e1ch n\u00e0o li\u00ean quan \u0111\u1ebfn vi\u1ec7c b\u1ea1n s\u1eed d\u1ee5ng trang web n\u00e0y. <\/p><h3>6. <strong>B\u1ed3i th\u01b0\u1eddng<\/strong><\/h3><p>B\u1ea1n ph\u1ea3i b\u1ed3i th\u01b0\u1eddng \u0111\u1ea7y \u0111\u1ee7 cho Nghi\u1ec7p Xu\u00e2n v\u1ec1 v\u00e0 ch\u1ed1ng l\u1ea1i b\u1ea5t k\u1ef3 v\u00e0\/ho\u1eb7c t\u1ea5t c\u1ea3 c\u00e1c kho\u1ea3n n\u1ee3 ph\u1ea3i tr\u1ea3, chi ph\u00ed, y\u00eau c\u1ea7u, nguy\u00ean nh\u00e2n h\u00e0nh \u0111\u1ed9ng, thi\u1ec7t h\u1ea1i v\u00e0 chi ph\u00ed ph\u00e1t sinh theo b\u1ea5t k\u1ef3 c\u00e1ch n\u00e0o li\u00ean quan \u0111\u1ebfn vi\u1ec7c b\u1ea1n vi ph\u1ea1m b\u1ea5t k\u1ef3 \u0111i\u1ec1u kho\u1ea3n n\u00e0o trong c\u00e1c \u0111i\u1ec1u kho\u1ea3n n\u00e0y.<\/p><h3>7. <strong>T\u00ednh t\u00e1ch bi\u1ec7t<\/strong><\/h3><p>N\u1ebfu b\u1ea5t k\u1ef3 \u0111i\u1ec1u kho\u1ea3n n\u00e0o trong c\u00e1c \u0111i\u1ec1u kho\u1ea3n n\u00e0y b\u1ecb ph\u00e1t hi\u1ec7n l\u00e0 kh\u00f4ng h\u1ee3p l\u1ec7 theo b\u1ea5t k\u1ef3 lu\u1eadt hi\u1ec7n h\u00e0nh n\u00e0o th\u00ec nh\u1eefng \u0111i\u1ec1u kho\u1ea3n \u0111\u00f3 s\u1ebd b\u1ecb x\u00f3a m\u00e0 kh\u00f4ng \u1ea3nh h\u01b0\u1edfng \u0111\u1ebfn c\u00e1c \u0111i\u1ec1u kho\u1ea3n c\u00f2n l\u1ea1i trong t\u00e0i li\u1ec7u n\u00e0y.<\/p><p>B\u1eb1ng c\u00e1ch s\u1eed d\u1ee5ng trang web n\u00e0y, b\u1ea1n \u0111\u1ed3ng \u00fd tu\u00e2n theo c\u00e1c \u0111i\u1ec1u kho\u1ea3n v\u00e0 \u0111i\u1ec1u ki\u1ec7n n\u00e0y. N\u1ebfu b\u1ea1n kh\u00f4ng \u0111\u1ed3ng \u00fd v\u1edbi c\u00e1c \u0111i\u1ec1u kho\u1ea3n v\u00e0 \u0111i\u1ec1u ki\u1ec7n n\u00e0y, vui l\u00f2ng kh\u00f4ng s\u1eed d\u1ee5ng trang web c\u1ee7a ch\u00fang t\u00f4i.<\/p>\t\t\t\t\t\t\t\t<\/div>\n\t\t\t\t<\/div>\n\t\t\t\t\t<\/div>\n\t\t<\/div>\n\t\t\t\t\t<\/div>\n\t\t<\/section>\n\t\t\t\t<\/div>\n\t\t","protected":false},"excerpt":{"rendered":"<p>Ch\u00e0o m\u1eebng \u0111\u1ebfn v\u1edbi Nghi\u1ec7p Xu\u00e2n! C\u00e1c \u0111i\u1ec1u kho\u1ea3n v\u00e0 \u0111i\u1ec1u ki\u1ec7n n\u00e0y n\u00eau r\u00f5 c\u00e1c quy t\u1eafc v\u00e0 quy \u0111\u1ecbnh cho vi\u1ec7c s\u1eed d\u1ee5ng trang web c\u1ee7a ch\u00fang t\u00f4i, c\u00f3 t\u1ea1i www.nghiepxuan.com . B\u1eb1ng c\u00e1ch truy c\u1eadp trang web n\u00e0y, ch\u00fang t\u00f4i cho r\u1eb1ng b\u1ea1n ch\u1ea5p nh\u1eadn c\u00e1c \u0111i\u1ec1u kho\u1ea3n v\u00e0 \u0111i\u1ec1u ki\u1ec7n n\u00e0y. &hellip; <a href=\"https:\/\/nghiepxuan.com\/vi\/cac-dieu-khoan-va-dieu-kien\/\" class=\"more-link\">Ti\u1ebfp t\u1ee5c \u0111\u1ecdc <span class=\"screen-reader-text\">C\u00e1c \u0111i\u1ec1u kho\u1ea3n v\u00e0 \u0111i\u1ec1u ki\u1ec7n<\/span><\/a><\/p>\n","protected":false},"author":1,"featured_media":0,"parent":0,"menu_order":0,"comment_status":"closed","ping_status":"closed","template":"","meta":{"content-type":"","footnotes":""},"class_list":["post-6397","page","type-page","status-publish","hentry"],"yoast_head":"<!-- This site is optimized with the Yoast SEO plugin v26.9 - https:\/\/yoast.com\/product\/yoast-seo-wordpress\/ -->\n<title>C\u00e1c \u0111i\u1ec1u kho\u1ea3n v\u00e0 \u0111i\u1ec1u ki\u1ec7n - Nghi\u1ec7p Xu\u00e2n - Xu\u1ea5t Nh\u1eadp Kh\u1ea9u N\u00f4ng S\u1ea3n<\/title>\n<meta name=\"robots\" content=\"index, follow, max-snippet:-1, max-image-preview:large, max-video-preview:-1\" \/>\n<link rel=\"canonical\" href=\"https:\/\/nghiepxuan.com\/vi\/cac-dieu-khoan-va-dieu-kien\/\" \/>\n<meta property=\"og:locale\" content=\"vi_VN\" \/>\n<meta property=\"og:type\" content=\"article\" \/>\n<meta property=\"og:title\" content=\"C\u00e1c \u0111i\u1ec1u kho\u1ea3n v\u00e0 \u0111i\u1ec1u ki\u1ec7n - Nghi\u1ec7p Xu\u00e2n - Xu\u1ea5t Nh\u1eadp Kh\u1ea9u N\u00f4ng S\u1ea3n\" \/>\n<meta property=\"og:description\" content=\"Ch\u00e0o m\u1eebng \u0111\u1ebfn v\u1edbi Nghi\u1ec7p Xu\u00e2n! C\u00e1c \u0111i\u1ec1u kho\u1ea3n v\u00e0 \u0111i\u1ec1u ki\u1ec7n n\u00e0y n\u00eau r\u00f5 c\u00e1c quy t\u1eafc v\u00e0 quy \u0111\u1ecbnh cho vi\u1ec7c s\u1eed d\u1ee5ng trang web c\u1ee7a ch\u00fang t\u00f4i, c\u00f3 t\u1ea1i www.nghiepxuan.com . B\u1eb1ng c\u00e1ch truy c\u1eadp trang web n\u00e0y, ch\u00fang t\u00f4i cho r\u1eb1ng b\u1ea1n ch\u1ea5p nh\u1eadn c\u00e1c \u0111i\u1ec1u kho\u1ea3n v\u00e0 \u0111i\u1ec1u ki\u1ec7n n\u00e0y. &hellip; Ti\u1ebfp t\u1ee5c \u0111\u1ecdc C\u00e1c \u0111i\u1ec1u kho\u1ea3n v\u00e0 \u0111i\u1ec1u ki\u1ec7n\" \/>\n<meta property=\"og:url\" content=\"https:\/\/nghiepxuan.com\/vi\/cac-dieu-khoan-va-dieu-kien\/\" \/>\n<meta property=\"og:site_name\" content=\"Nghi\u1ec7p Xu\u00e2n - Xu\u1ea5t Nh\u1eadp Kh\u1ea9u N\u00f4ng S\u1ea3n\" \/>\n<meta property=\"article:publisher\" content=\"https:\/\/www.facebook.com\/nongsannghiepxuan\/\" \/>\n<meta property=\"article:modified_time\" content=\"2025-04-09T11:40:39+00:00\" \/>\n<meta name=\"twitter:card\" content=\"summary_large_image\" \/>\n<meta name=\"twitter:site\" content=\"@PhuTonBui\" \/>\n<meta name=\"twitter:label1\" content=\"Est. reading time\" \/>\n\t<meta name=\"twitter:data1\" content=\"7 minutes\" \/>\n<script type=\"application\/ld+json\" class=\"yoast-schema-graph\">{\"@context\":\"https:\/\/schema.org\",\"@graph\":[{\"@type\":\"WebPage\",\"@id\":\"https:\/\/nghiepxuan.com\/vi\/cac-dieu-khoan-va-dieu-kien\/\",\"url\":\"https:\/\/nghiepxuan.com\/vi\/cac-dieu-khoan-va-dieu-kien\/\",\"name\":\"C\u00e1c \u0111i\u1ec1u kho\u1ea3n v\u00e0 \u0111i\u1ec1u ki\u1ec7n - Nghi\u1ec7p Xu\u00e2n - Xu\u1ea5t Nh\u1eadp Kh\u1ea9u N\u00f4ng S\u1ea3n\",\"isPartOf\":{\"@id\":\"https:\/\/nghiepxuan.com\/vi\/#website\"},\"datePublished\":\"2020-10-24T04:34:14+00:00\",\"dateModified\":\"2025-04-09T11:40:39+00:00\",\"breadcrumb\":{\"@id\":\"https:\/\/nghiepxuan.com\/vi\/cac-dieu-khoan-va-dieu-kien\/#breadcrumb\"},\"inLanguage\":\"vi-VN\",\"potentialAction\":[{\"@type\":\"ReadAction\",\"target\":[\"https:\/\/nghiepxuan.com\/vi\/cac-dieu-khoan-va-dieu-kien\/\"]}]},{\"@type\":\"BreadcrumbList\",\"@id\":\"https:\/\/nghiepxuan.com\/vi\/cac-dieu-khoan-va-dieu-kien\/#breadcrumb\",\"itemListElement\":[{\"@type\":\"ListItem\",\"position\":1,\"name\":\"Home\",\"item\":\"https:\/\/nghiepxuan.com\/vi\/\"},{\"@type\":\"ListItem\",\"position\":2,\"name\":\"C\u00e1c \u0111i\u1ec1u kho\u1ea3n v\u00e0 \u0111i\u1ec1u ki\u1ec7n\"}]},{\"@type\":\"WebSite\",\"@id\":\"https:\/\/nghiepxuan.com\/vi\/#website\",\"url\":\"https:\/\/nghiepxuan.com\/vi\/\",\"name\":\"Nghiep Xuan - Agricultural Import and Export\",\"description\":\"Nu\u00f4i d\u01b0\u1ee1ng thi\u00ean nhi\u00ean, thu ho\u1ea1ch s\u1ee9c kh\u1ecfe: \u0110i\u1ec3m \u0111\u1ebfn l\u1ed1i s\u1ed1ng h\u1eefu c\u01a1 c\u1ee7a b\u1ea1n\",\"publisher\":{\"@id\":\"https:\/\/nghiepxuan.com\/vi\/#organization\"},\"potentialAction\":[{\"@type\":\"SearchAction\",\"target\":{\"@type\":\"EntryPoint\",\"urlTemplate\":\"https:\/\/nghiepxuan.com\/vi\/?s={search_term_string}\"},\"query-input\":{\"@type\":\"PropertyValueSpecification\",\"valueRequired\":true,\"valueName\":\"search_term_string\"}}],\"inLanguage\":\"vi-VN\"},{\"@type\":\"Organization\",\"@id\":\"https:\/\/nghiepxuan.com\/vi\/#organization\",\"name\":\"Nghiep Xuan - Agricultural Import and Export\",\"url\":\"https:\/\/nghiepxuan.com\/vi\/\",\"logo\":{\"@type\":\"ImageObject\",\"inLanguage\":\"vi-VN\",\"@id\":\"https:\/\/nghiepxuan.com\/vi\/#\/schema\/logo\/image\/\",\"url\":\"https:\/\/nghiepxuan.com\/wp-content\/uploads\/2025\/04\/Nghiep-Xuan-Logo-4.png\",\"contentUrl\":\"https:\/\/nghiepxuan.com\/wp-content\/uploads\/2025\/04\/Nghiep-Xuan-Logo-4.png\",\"width\":4167,\"height\":1015,\"caption\":\"Nghiep Xuan - Agricultural Import and Export\"},\"image\":{\"@id\":\"https:\/\/nghiepxuan.com\/vi\/#\/schema\/logo\/image\/\"},\"sameAs\":[\"https:\/\/www.facebook.com\/nongsannghiepxuan\/\",\"https:\/\/x.com\/PhuTonBui\",\"https:\/\/www.instagram.com\/xuatnhapkhaunghiepxuan\/\",\"https:\/\/www.youtube.com\/@nongsannghiepxuan2066\",\"https:\/\/www.tiktok.com\/@nghiepxuan\"]}]}<\/script>\n<!-- \/ Yoast SEO plugin. -->","yoast_head_json":{"title":"C\u00e1c \u0111i\u1ec1u kho\u1ea3n v\u00e0 \u0111i\u1ec1u ki\u1ec7n - Nghi\u1ec7p Xu\u00e2n - Xu\u1ea5t Nh\u1eadp Kh\u1ea9u N\u00f4ng S\u1ea3n","robots":{"index":"index","follow":"follow","max-snippet":"max-snippet:-1","max-image-preview":"max-image-preview:large","max-video-preview":"max-video-preview:-1"},"canonical":"https:\/\/nghiepxuan.com\/vi\/cac-dieu-khoan-va-dieu-kien\/","og_locale":"vi_VN","og_type":"article","og_title":"C\u00e1c \u0111i\u1ec1u kho\u1ea3n v\u00e0 \u0111i\u1ec1u ki\u1ec7n - Nghi\u1ec7p Xu\u00e2n - Xu\u1ea5t Nh\u1eadp Kh\u1ea9u N\u00f4ng S\u1ea3n","og_description":"Ch\u00e0o m\u1eebng \u0111\u1ebfn v\u1edbi Nghi\u1ec7p Xu\u00e2n! C\u00e1c \u0111i\u1ec1u kho\u1ea3n v\u00e0 \u0111i\u1ec1u ki\u1ec7n n\u00e0y n\u00eau r\u00f5 c\u00e1c quy t\u1eafc v\u00e0 quy \u0111\u1ecbnh cho vi\u1ec7c s\u1eed d\u1ee5ng trang web c\u1ee7a ch\u00fang t\u00f4i, c\u00f3 t\u1ea1i www.nghiepxuan.com . B\u1eb1ng c\u00e1ch truy c\u1eadp trang web n\u00e0y, ch\u00fang t\u00f4i cho r\u1eb1ng b\u1ea1n ch\u1ea5p nh\u1eadn c\u00e1c \u0111i\u1ec1u kho\u1ea3n v\u00e0 \u0111i\u1ec1u ki\u1ec7n n\u00e0y. &hellip; Ti\u1ebfp t\u1ee5c \u0111\u1ecdc C\u00e1c \u0111i\u1ec1u kho\u1ea3n v\u00e0 \u0111i\u1ec1u ki\u1ec7n","og_url":"https:\/\/nghiepxuan.com\/vi\/cac-dieu-khoan-va-dieu-kien\/","og_site_name":"Nghi\u1ec7p Xu\u00e2n - Xu\u1ea5t Nh\u1eadp Kh\u1ea9u N\u00f4ng S\u1ea3n","article_publisher":"https:\/\/www.facebook.com\/nongsannghiepxuan\/","article_modified_time":"2025-04-09T11:40:39+00:00","twitter_card":"summary_large_image","twitter_site":"@PhuTonBui","twitter_misc":{"Est. reading time":"7 minutes"},"schema":{"@context":"https:\/\/schema.org","@graph":[{"@type":"WebPage","@id":"https:\/\/nghiepxuan.com\/vi\/cac-dieu-khoan-va-dieu-kien\/","url":"https:\/\/nghiepxuan.com\/vi\/cac-dieu-khoan-va-dieu-kien\/","name":"C\u00e1c \u0111i\u1ec1u kho\u1ea3n v\u00e0 \u0111i\u1ec1u ki\u1ec7n - Nghi\u1ec7p Xu\u00e2n - Xu\u1ea5t Nh\u1eadp Kh\u1ea9u N\u00f4ng S\u1ea3n","isPartOf":{"@id":"https:\/\/nghiepxuan.com\/vi\/#website"},"datePublished":"2020-10-24T04:34:14+00:00","dateModified":"2025-04-09T11:40:39+00:00","breadcrumb":{"@id":"https:\/\/nghiepxuan.com\/vi\/cac-dieu-khoan-va-dieu-kien\/#breadcrumb"},"inLanguage":"vi-VN","potentialAction":[{"@type":"ReadAction","target":["https:\/\/nghiepxuan.com\/vi\/cac-dieu-khoan-va-dieu-kien\/"]}]},{"@type":"BreadcrumbList","@id":"https:\/\/nghiepxuan.com\/vi\/cac-dieu-khoan-va-dieu-kien\/#breadcrumb","itemListElement":[{"@type":"ListItem","position":1,"name":"Home","item":"https:\/\/nghiepxuan.com\/vi\/"},{"@type":"ListItem","position":2,"name":"C\u00e1c \u0111i\u1ec1u kho\u1ea3n v\u00e0 \u0111i\u1ec1u ki\u1ec7n"}]},{"@type":"WebSite","@id":"https:\/\/nghiepxuan.com\/vi\/#website","url":"https:\/\/nghiepxuan.com\/vi\/","name":"Nghiep Xuan - Agricultural Import and Export","description":"Nu\u00f4i d\u01b0\u1ee1ng thi\u00ean nhi\u00ean, thu ho\u1ea1ch s\u1ee9c kh\u1ecfe: \u0110i\u1ec3m \u0111\u1ebfn l\u1ed1i s\u1ed1ng h\u1eefu c\u01a1 c\u1ee7a b\u1ea1n","publisher":{"@id":"https:\/\/nghiepxuan.com\/vi\/#organization"},"potentialAction":[{"@type":"SearchAction","target":{"@type":"EntryPoint","urlTemplate":"https:\/\/nghiepxuan.com\/vi\/?s={search_term_string}"},"query-input":{"@type":"PropertyValueSpecification","valueRequired":true,"valueName":"search_term_string"}}],"inLanguage":"vi-VN"},{"@type":"Organization","@id":"https:\/\/nghiepxuan.com\/vi\/#organization","name":"Nghiep Xuan - Agricultural Import and Export","url":"https:\/\/nghiepxuan.com\/vi\/","logo":{"@type":"ImageObject","inLanguage":"vi-VN","@id":"https:\/\/nghiepxuan.com\/vi\/#\/schema\/logo\/image\/","url":"https:\/\/nghiepxuan.com\/wp-content\/uploads\/2025\/04\/Nghiep-Xuan-Logo-4.png","contentUrl":"https:\/\/nghiepxuan.com\/wp-content\/uploads\/2025\/04\/Nghiep-Xuan-Logo-4.png","width":4167,"height":1015,"caption":"Nghiep Xuan - Agricultural Import and Export"},"image":{"@id":"https:\/\/nghiepxuan.com\/vi\/#\/schema\/logo\/image\/"},"sameAs":["https:\/\/www.facebook.com\/nongsannghiepxuan\/","https:\/\/x.com\/PhuTonBui","https:\/\/www.instagram.com\/xuatnhapkhaunghiepxuan\/","https:\/\/www.youtube.com\/@nongsannghiepxuan2066","https:\/\/www.tiktok.com\/@nghiepxuan"]}]}},"_links":{"self":[{"href":"https:\/\/nghiepxuan.com\/vi\/wp-json\/wp\/v2\/pages\/6397","targetHints":{"allow":["GET"]}}],"collection":[{"href":"https:\/\/nghiepxuan.com\/vi\/wp-json\/wp\/v2\/pages"}],"about":[{"href":"https:\/\/nghiepxuan.com\/vi\/wp-json\/wp\/v2\/types\/page"}],"author":[{"embeddable":true,"href":"https:\/\/nghiepxuan.com\/vi\/wp-json\/wp\/v2\/users\/1"}],"replies":[{"embeddable":true,"href":"https:\/\/nghiepxuan.com\/vi\/wp-json\/wp\/v2\/comments?post=6397"}],"version-history":[{"count":3,"href":"https:\/\/nghiepxuan.com\/vi\/wp-json\/wp\/v2\/pages\/6397\/revisions"}],"predecessor-version":[{"id":7374,"href":"https:\/\/nghiepxuan.com\/vi\/wp-json\/wp\/v2\/pages\/6397\/revisions\/7374"}],"wp:attachment":[{"href":"https:\/\/nghiepxuan.com\/vi\/wp-json\/wp\/v2\/media?parent=6397"}],"curies":[{"name":"wp","href":"https:\/\/api.w.org\/{rel}","templated":true}]}}