{"id":6365,"date":"2023-10-20T10:35:27","date_gmt":"2023-10-20T10:35:27","guid":{"rendered":"https:\/\/nxg.asia\/chinh-sach-bao-mat\/"},"modified":"2025-04-09T11:29:28","modified_gmt":"2025-04-09T11:29:28","slug":"chinh-sach-bao-mat","status":"publish","type":"page","link":"https:\/\/nghiepxuan.com\/vi\/chinh-sach-bao-mat\/","title":{"rendered":"Ch\u00ednh s\u00e1ch b\u1ea3o m\u1eadt"},"content":{"rendered":"\n<p><em>Ch\u00e0o m\u1eebng b\u1ea1n \u0111\u1ebfn v\u1edbi m\u1ee5c Ch\u00ednh s\u00e1ch b\u1ea3o m\u1eadt c\u1ee7a Nghi\u1ec7p Xu\u00e2n. T\u1ea1i Nghi\u1ec7p Xu\u00e2n, ch\u00fang t\u00f4i cam k\u1ebft b\u1ea3o v\u1ec7 quy\u1ec1n ri\u00eang t\u01b0 c\u1ee7a b\u1ea1n v\u00e0 \u0111\u1ea3m b\u1ea3o an to\u00e0n cho th\u00f4ng tin c\u00e1 nh\u00e2n c\u1ee7a b\u1ea1n.  Ch\u00ednh s\u00e1ch quy\u1ec1n ri\u00eang t\u01b0 n\u00e0y n\u00eau r\u00f5 c\u00e1c lo\u1ea1i th\u00f4ng tin ch\u00fang t\u00f4i thu th\u1eadp, c\u00e1ch ch\u00fang t\u00f4i s\u1eed d\u1ee5ng th\u00f4ng tin \u0111\u00f3 v\u00e0 c\u00e1c bi\u1ec7n ph\u00e1p ch\u00fang t\u00f4i th\u1ef1c hi\u1ec7n \u0111\u1ec3 b\u1ea3o v\u1ec7 d\u1eef li\u1ec7u c\u1ee7a b\u1ea1n. B\u1eb1ng c\u00e1ch truy c\u1eadp ho\u1eb7c s\u1eed d\u1ee5ng trang web c\u1ee7a ch\u00fang t\u00f4i, b\u1ea1n \u0111\u1ed3ng \u00fd v\u1edbi c\u00e1c th\u00f4ng l\u1ec7 \u0111\u01b0\u1ee3c m\u00f4 t\u1ea3 trong ch\u00ednh s\u00e1ch n\u00e0y.<\/em><\/p>\n\n<p><strong>A. Th\u00f4ng tin ch\u00fang t\u00f4i thu th\u1eadp<\/strong><\/p>\n\n<p>T\u1ea1i Nghi\u1ec7p Xu\u00e2n, ch\u00fang t\u00f4i thu th\u1eadp nhi\u1ec1u lo\u1ea1i th\u00f4ng tin kh\u00e1c nhau \u0111\u1ec3 cung c\u1ea5p cho b\u1ea1n c\u00e1c s\u1ea3n ph\u1ea9m ho\u1eb7c d\u1ecbch v\u1ee5 c\u1ee7a ch\u00fang t\u00f4i v\u00e0 n\u00e2ng cao tr\u1ea3i nghi\u1ec7m c\u1ee7a b\u1ea1n tr\u00ean trang web c\u1ee7a ch\u00fang t\u00f4i. \u0110i\u1ec1u n\u00e0y c\u00f3 th\u1ec3 bao g\u1ed3m:<\/p>\n\n<ul class=\"wp-block-list\">\n<li><strong>Th\u00f4ng tin c\u00e1 nh\u00e2n:<\/strong> T\u00ean, \u0111\u1ecba ch\u1ec9 email, s\u1ed1 li\u00ean l\u1ea1c c\u1ee7a b\u1ea1n v\u00e0 c\u00e1c chi ti\u1ebft nh\u1eadn d\u1ea1ng kh\u00e1c.<\/li>\n\n\n\n<li><strong>Th\u00f4ng tin thanh to\u00e1n:<\/strong> S\u1ed1 th\u1ebb t\u00edn d\u1ee5ng\/th\u1ebb ghi n\u1ee3, \u0111\u1ecba ch\u1ec9 thanh to\u00e1n \u0111\u1ec3 x\u1eed l\u00fd giao d\u1ecbch.<\/li>\n\n\n\n<li><strong>Th\u00f4ng tin thi\u1ebft b\u1ecb:<\/strong> \u0110\u1ecba ch\u1ec9 IP, lo\u1ea1i tr\u00ecnh duy\u1ec7t, lo\u1ea1i thi\u1ebft b\u1ecb v\u00e0 th\u00f4ng tin k\u1ef9 thu\u1eadt kh\u00e1c.<\/li>\n\n\n\n<li><strong>D\u1eef li\u1ec7u s\u1eed d\u1ee5ng:<\/strong> Th\u00f4ng tin v\u1ec1 c\u00e1ch b\u1ea1n t\u01b0\u01a1ng t\u00e1c v\u1edbi trang web c\u1ee7a ch\u00fang t\u00f4i, ch\u1eb3ng h\u1ea1n nh\u01b0 c\u00e1c trang \u0111\u00e3 truy c\u1eadp v\u00e0 c\u00e1c h\u00e0nh \u0111\u1ed9ng \u0111\u00e3 th\u1ef1c hi\u1ec7n.<\/li>\n<\/ul>\n\n<p><strong>B. C\u00e1ch ch\u00fang t\u00f4i s\u1eed d\u1ee5ng th\u00f4ng tin c\u1ee7a b\u1ea1n<\/strong><\/p>\n\n<p>Ch\u00fang t\u00f4i s\u1eed d\u1ee5ng th\u00f4ng tin \u0111\u01b0\u1ee3c thu th\u1eadp cho c\u00e1c m\u1ee5c \u0111\u00edch sau:<\/p>\n\n<ul class=\"wp-block-list\">\n<li>\u0110\u1ec3 x\u1eed l\u00fd v\u00e0 th\u1ef1c hi\u1ec7n c\u00e1c \u0111\u01a1n \u0111\u1eb7t h\u00e0ng c\u1ee7a b\u1ea1n, bao g\u1ed3m x\u1eed l\u00fd thanh to\u00e1n v\u00e0 v\u1eadn chuy\u1ec3n.<\/li>\n\n\n\n<li>\u0110\u1ec3 li\u00ean l\u1ea1c v\u1edbi b\u1ea1n v\u1ec1 \u0111\u01a1n \u0111\u1eb7t h\u00e0ng, th\u1eafc m\u1eafc v\u00e0 c\u1eadp nh\u1eadt c\u1ee7a b\u1ea1n v\u1ec1 s\u1ea3n ph\u1ea9m\/d\u1ecbch v\u1ee5 c\u1ee7a ch\u00fang t\u00f4i.<\/li>\n\n\n\n<li>\u0110\u1ec3 n\u00e2ng cao ch\u1ee9c n\u0103ng trang web, tr\u1ea3i nghi\u1ec7m ng\u01b0\u1eddi d\u00f9ng v\u00e0 d\u1ecbch v\u1ee5 kh\u00e1ch h\u00e0ng c\u1ee7a ch\u00fang t\u00f4i.<\/li>\n\n\n\n<li>\u0110\u1ec3 g\u1eedi cho b\u1ea1n c\u00e1c khuy\u1ebfn m\u1ea1i, b\u1ea3n tin v\u00e0 th\u00f4ng tin ti\u1ebfp th\u1ecb n\u1ebfu b\u1ea1n \u0111\u00e3 ch\u1ecdn nh\u1eadn ch\u00fang.<\/li>\n\n\n\n<li>Tu\u00e2n th\u1ee7 c\u00e1c ngh\u0129a v\u1ee5 ph\u00e1p l\u00fd v\u00e0 gi\u1ea3i quy\u1ebft tranh ch\u1ea5p.<\/li>\n<\/ul>\n\n<p><strong>C. B\u1ea3o m\u1eadt d\u1eef li\u1ec7u<\/strong><\/p>\n\n<p>T\u1ea1i Nghi\u1ec7p Xu\u00e2n, ch\u00fang t\u00f4i \u01b0u ti\u00ean b\u1ea3o m\u1eadt d\u1eef li\u1ec7u c\u1ee7a b\u1ea1n v\u00e0 \u0111\u00e3 tri\u1ec3n khai nhi\u1ec1u bi\u1ec7n ph\u00e1p kh\u00e1c nhau \u0111\u1ec3 b\u1ea3o v\u1ec7 d\u1eef li\u1ec7u, bao g\u1ed3m m\u00e3 h\u00f3a, c\u00f4ng ngh\u1ec7 l\u1edbp c\u1ed5ng b\u1ea3o m\u1eadt (SSL) v\u00e0 ki\u1ec3m tra b\u1ea3o m\u1eadt th\u01b0\u1eddng xuy\u00ean. Quy\u1ec1n truy c\u1eadp v\u00e0o th\u00f4ng tin c\u00e1 nh\u00e2n c\u1ee7a b\u1ea1n b\u1ecb h\u1ea1n ch\u1ebf \u0111\u1ed1i v\u1edbi nh\u1eefng nh\u00e2n vi\u00ean c\u1ea7n bi\u1ebft th\u00f4ng tin \u0111\u00f3 \u0111\u1ec3 cung c\u1ea5p s\u1ea3n ph\u1ea9m ho\u1eb7c d\u1ecbch v\u1ee5 cho b\u1ea1n.<\/p>\n\n<p><strong>D. Ti\u1ebft l\u1ed9 c\u1ee7a b\u00ean th\u1ee9 ba<\/strong><\/p>\n\n<p>Ch\u00fang t\u00f4i kh\u00f4ng b\u00e1n, trao \u0111\u1ed5i ho\u1eb7c chuy\u1ec3n giao th\u00f4ng tin c\u00e1 nh\u00e2n c\u1ee7a b\u1ea1n cho b\u00ean ngo\u00e0i tr\u1eeb khi ch\u00fang t\u00f4i th\u00f4ng b\u00e1o tr\u01b0\u1edbc cho b\u1ea1n, ngo\u1ea1i tr\u1eeb tr\u01b0\u1eddng h\u1ee3p \u0111\u01b0\u1ee3c m\u00f4 t\u1ea3 b\u00ean d\u01b0\u1edbi:<\/p>\n\n<ul class=\"wp-block-list\">\n<li><strong>C\u00e1c b\u00ean th\u1ee9 ba \u0111\u00e1ng tin c\u1eady:<\/strong> Ch\u00fang t\u00f4i c\u00f3 th\u1ec3 chia s\u1ebb th\u00f4ng tin c\u1ee7a b\u1ea1n v\u1edbi c\u00e1c b\u00ean th\u1ee9 ba \u0111\u00e1ng tin c\u1eady, nh\u1eefng ng\u01b0\u1eddi h\u1ed7 tr\u1ee3 ch\u00fang t\u00f4i \u0111i\u1ec1u h\u00e0nh trang web, ti\u1ebfn h\u00e0nh ho\u1ea1t \u0111\u1ed9ng kinh doanh ho\u1eb7c ph\u1ee5c v\u1ee5 b\u1ea1n, mi\u1ec5n l\u00e0 c\u00e1c b\u00ean \u0111\u00f3 \u0111\u1ed3ng \u00fd gi\u1eef b\u00ed m\u1eadt th\u00f4ng tin n\u00e0y.<\/li>\n\n\n\n<li><strong>Tu\u00e2n th\u1ee7 ph\u00e1p lu\u1eadt:<\/strong> Ch\u00fang t\u00f4i c\u00f3 th\u1ec3 ti\u1ebft l\u1ed9 th\u00f4ng tin c\u1ee7a b\u1ea1n khi ch\u00fang t\u00f4i tin r\u1eb1ng vi\u1ec7c ti\u1ebft l\u1ed9 l\u00e0 ph\u00f9 h\u1ee3p \u0111\u1ec3 tu\u00e2n th\u1ee7 lu\u1eadt ph\u00e1p, th\u1ef1c thi ch\u00ednh s\u00e1ch trang web c\u1ee7a ch\u00fang t\u00f4i ho\u1eb7c b\u1ea3o v\u1ec7 quy\u1ec1n, t\u00e0i s\u1ea3n ho\u1eb7c s\u1ef1 an to\u00e0n c\u1ee7a ch\u00fang t\u00f4i ho\u1eb7c c\u1ee7a ng\u01b0\u1eddi kh\u00e1c.<\/li>\n<\/ul>\n\n<p><strong>E. L\u1ef1a ch\u1ecdn v\u00e0 t\u1eeb ch\u1ed1i c\u1ee7a b\u1ea1n<\/strong><\/p>\n\n<p>B\u1ea1n c\u00f3 quy\u1ec1n:<\/p>\n\n<ul class=\"wp-block-list\">\n<li>Xem l\u1ea1i v\u00e0 c\u1eadp nh\u1eadt th\u00f4ng tin c\u00e1 nh\u00e2n c\u1ee7a b\u1ea1n b\u1eb1ng c\u00e1ch li\u00ean h\u1ec7 v\u1edbi ch\u00fang t\u00f4i t\u1ea1i Nghi\u1ec7p Xu\u00e2n.<\/li>\n\n\n\n<li>Ch\u1ecdn kh\u00f4ng nh\u1eadn th\u00f4ng tin ti\u1ebfp th\u1ecb t\u1eeb ch\u00fang t\u00f4i.<\/li>\n\n\n\n<li>X\u00f3a t\u00e0i kho\u1ea3n v\u00e0 th\u00f4ng tin c\u00e1 nh\u00e2n c\u1ee7a b\u1ea1n kh\u1ecfi h\u1ed3 s\u01a1 c\u1ee7a ch\u00fang t\u00f4i.<\/li>\n<\/ul>\n\n<p><strong>F. Thay \u0111\u1ed5i Ch\u00ednh s\u00e1ch B\u1ea3o m\u1eadt<\/strong><\/p>\n\n<p>Nghi\u1ec7p Xu\u00e2n c\u00f3 quy\u1ec1n s\u1eeda \u0111\u1ed5i Ch\u00ednh s\u00e1ch b\u1ea3o m\u1eadt n\u00e0y b\u1ea5t k\u1ef3 l\u00fac n\u00e0o, v\u00ec v\u1eady vui l\u00f2ng th\u01b0\u1eddng xuy\u00ean xem l\u1ea1i. Nh\u1eefng thay \u0111\u1ed5i v\u00e0 gi\u1ea3i th\u00edch r\u00f5 r\u00e0ng s\u1ebd c\u00f3 hi\u1ec7u l\u1ef1c ngay sau khi \u0111\u0103ng l\u00ean trang web.<\/p>\n\n<p>N\u1ebfu b\u1ea1n c\u00f3 b\u1ea5t k\u1ef3 c\u00e2u h\u1ecfi n\u00e0o v\u1ec1 Ch\u00ednh s\u00e1ch b\u1ea3o m\u1eadt n\u00e0y, vui l\u00f2ng li\u00ean h\u1ec7 v\u1edbi ch\u00fang t\u00f4i theo \u0111\u1ecba ch\u1ec9 <a href=\"mailto:info@nghiepxuan.com\">info@nghiepxuan.com<\/a> ho\u1eb7c Tel: <a href=\"tel:84939345598\">+84-939-345-598<\/a><\/p>\n\n<p><em>Ng\u00e0y c\u00f3 hi\u1ec7u l\u1ef1c: 01\/01\/202<\/em> 5<\/p>\n\n<hr class=\"wp-block-separator has-alpha-channel-opacity\"\/>\n\n<p><\/p>\n","protected":false},"excerpt":{"rendered":"<p>Ch\u00e0o m\u1eebng b\u1ea1n \u0111\u1ebfn v\u1edbi m\u1ee5c Ch\u00ednh s\u00e1ch b\u1ea3o m\u1eadt c\u1ee7a Nghi\u1ec7p Xu\u00e2n. T\u1ea1i Nghi\u1ec7p Xu\u00e2n, ch\u00fang t\u00f4i cam k\u1ebft b\u1ea3o v\u1ec7 quy\u1ec1n ri\u00eang t\u01b0 c\u1ee7a b\u1ea1n v\u00e0 \u0111\u1ea3m b\u1ea3o an to\u00e0n cho th\u00f4ng tin c\u00e1 nh\u00e2n c\u1ee7a b\u1ea1n. Ch\u00ednh s\u00e1ch quy\u1ec1n ri\u00eang t\u01b0 n\u00e0y n\u00eau r\u00f5 c\u00e1c lo\u1ea1i th\u00f4ng tin ch\u00fang t\u00f4i thu th\u1eadp, &hellip; <a href=\"https:\/\/nghiepxuan.com\/vi\/chinh-sach-bao-mat\/\" class=\"more-link\">Ti\u1ebfp t\u1ee5c \u0111\u1ecdc <span class=\"screen-reader-text\">Ch\u00ednh s\u00e1ch b\u1ea3o m\u1eadt<\/span><\/a><\/p>\n","protected":false},"author":1,"featured_media":0,"parent":0,"menu_order":0,"comment_status":"closed","ping_status":"open","template":"","meta":{"content-type":"","footnotes":""},"class_list":["post-6365","page","type-page","status-publish","hentry"],"yoast_head":"<!-- This site is optimized with the Yoast SEO plugin v26.9 - https:\/\/yoast.com\/product\/yoast-seo-wordpress\/ -->\n<title>Ch\u00ednh s\u00e1ch b\u1ea3o m\u1eadt - Nghi\u1ec7p Xu\u00e2n - Xu\u1ea5t Nh\u1eadp Kh\u1ea9u N\u00f4ng S\u1ea3n<\/title>\n<meta name=\"robots\" content=\"index, follow, max-snippet:-1, max-image-preview:large, max-video-preview:-1\" \/>\n<link rel=\"canonical\" href=\"https:\/\/nghiepxuan.com\/vi\/chinh-sach-bao-mat\/\" \/>\n<meta property=\"og:locale\" content=\"vi_VN\" \/>\n<meta property=\"og:type\" content=\"article\" \/>\n<meta property=\"og:title\" content=\"Ch\u00ednh s\u00e1ch b\u1ea3o m\u1eadt - Nghi\u1ec7p Xu\u00e2n - Xu\u1ea5t Nh\u1eadp Kh\u1ea9u N\u00f4ng S\u1ea3n\" \/>\n<meta property=\"og:description\" content=\"Ch\u00e0o m\u1eebng b\u1ea1n \u0111\u1ebfn v\u1edbi m\u1ee5c Ch\u00ednh s\u00e1ch b\u1ea3o m\u1eadt c\u1ee7a Nghi\u1ec7p Xu\u00e2n. T\u1ea1i Nghi\u1ec7p Xu\u00e2n, ch\u00fang t\u00f4i cam k\u1ebft b\u1ea3o v\u1ec7 quy\u1ec1n ri\u00eang t\u01b0 c\u1ee7a b\u1ea1n v\u00e0 \u0111\u1ea3m b\u1ea3o an to\u00e0n cho th\u00f4ng tin c\u00e1 nh\u00e2n c\u1ee7a b\u1ea1n. Ch\u00ednh s\u00e1ch quy\u1ec1n ri\u00eang t\u01b0 n\u00e0y n\u00eau r\u00f5 c\u00e1c lo\u1ea1i th\u00f4ng tin ch\u00fang t\u00f4i thu th\u1eadp, &hellip; Ti\u1ebfp t\u1ee5c \u0111\u1ecdc Ch\u00ednh s\u00e1ch b\u1ea3o m\u1eadt\" \/>\n<meta property=\"og:url\" content=\"https:\/\/nghiepxuan.com\/vi\/chinh-sach-bao-mat\/\" \/>\n<meta property=\"og:site_name\" content=\"Nghi\u1ec7p Xu\u00e2n - Xu\u1ea5t Nh\u1eadp Kh\u1ea9u N\u00f4ng S\u1ea3n\" \/>\n<meta property=\"article:publisher\" content=\"https:\/\/www.facebook.com\/nongsannghiepxuan\/\" \/>\n<meta property=\"article:modified_time\" content=\"2025-04-09T11:29:28+00:00\" \/>\n<meta name=\"twitter:card\" content=\"summary_large_image\" \/>\n<meta name=\"twitter:site\" content=\"@PhuTonBui\" \/>\n<meta name=\"twitter:label1\" content=\"Est. reading time\" \/>\n\t<meta name=\"twitter:data1\" content=\"6 minutes\" \/>\n<script type=\"application\/ld+json\" class=\"yoast-schema-graph\">{\"@context\":\"https:\/\/schema.org\",\"@graph\":[{\"@type\":\"WebPage\",\"@id\":\"https:\/\/nghiepxuan.com\/vi\/chinh-sach-bao-mat\/\",\"url\":\"https:\/\/nghiepxuan.com\/vi\/chinh-sach-bao-mat\/\",\"name\":\"Ch\u00ednh s\u00e1ch b\u1ea3o m\u1eadt - Nghi\u1ec7p Xu\u00e2n - Xu\u1ea5t Nh\u1eadp Kh\u1ea9u N\u00f4ng S\u1ea3n\",\"isPartOf\":{\"@id\":\"https:\/\/nghiepxuan.com\/vi\/#website\"},\"datePublished\":\"2023-10-20T10:35:27+00:00\",\"dateModified\":\"2025-04-09T11:29:28+00:00\",\"breadcrumb\":{\"@id\":\"https:\/\/nghiepxuan.com\/vi\/chinh-sach-bao-mat\/#breadcrumb\"},\"inLanguage\":\"vi-VN\",\"potentialAction\":[{\"@type\":\"ReadAction\",\"target\":[\"https:\/\/nghiepxuan.com\/vi\/chinh-sach-bao-mat\/\"]}]},{\"@type\":\"BreadcrumbList\",\"@id\":\"https:\/\/nghiepxuan.com\/vi\/chinh-sach-bao-mat\/#breadcrumb\",\"itemListElement\":[{\"@type\":\"ListItem\",\"position\":1,\"name\":\"Home\",\"item\":\"https:\/\/nghiepxuan.com\/vi\/\"},{\"@type\":\"ListItem\",\"position\":2,\"name\":\"Ch\u00ednh s\u00e1ch b\u1ea3o m\u1eadt\"}]},{\"@type\":\"WebSite\",\"@id\":\"https:\/\/nghiepxuan.com\/vi\/#website\",\"url\":\"https:\/\/nghiepxuan.com\/vi\/\",\"name\":\"Nghiep Xuan - Agricultural Import and Export\",\"description\":\"Nu\u00f4i d\u01b0\u1ee1ng thi\u00ean nhi\u00ean, thu ho\u1ea1ch s\u1ee9c kh\u1ecfe: \u0110i\u1ec3m \u0111\u1ebfn l\u1ed1i s\u1ed1ng h\u1eefu c\u01a1 c\u1ee7a b\u1ea1n\",\"publisher\":{\"@id\":\"https:\/\/nghiepxuan.com\/vi\/#organization\"},\"potentialAction\":[{\"@type\":\"SearchAction\",\"target\":{\"@type\":\"EntryPoint\",\"urlTemplate\":\"https:\/\/nghiepxuan.com\/vi\/?s={search_term_string}\"},\"query-input\":{\"@type\":\"PropertyValueSpecification\",\"valueRequired\":true,\"valueName\":\"search_term_string\"}}],\"inLanguage\":\"vi-VN\"},{\"@type\":\"Organization\",\"@id\":\"https:\/\/nghiepxuan.com\/vi\/#organization\",\"name\":\"Nghiep Xuan - Agricultural Import and Export\",\"url\":\"https:\/\/nghiepxuan.com\/vi\/\",\"logo\":{\"@type\":\"ImageObject\",\"inLanguage\":\"vi-VN\",\"@id\":\"https:\/\/nghiepxuan.com\/vi\/#\/schema\/logo\/image\/\",\"url\":\"https:\/\/nghiepxuan.com\/wp-content\/uploads\/2025\/04\/Nghiep-Xuan-Logo-4.png\",\"contentUrl\":\"https:\/\/nghiepxuan.com\/wp-content\/uploads\/2025\/04\/Nghiep-Xuan-Logo-4.png\",\"width\":4167,\"height\":1015,\"caption\":\"Nghiep Xuan - Agricultural Import and Export\"},\"image\":{\"@id\":\"https:\/\/nghiepxuan.com\/vi\/#\/schema\/logo\/image\/\"},\"sameAs\":[\"https:\/\/www.facebook.com\/nongsannghiepxuan\/\",\"https:\/\/x.com\/PhuTonBui\",\"https:\/\/www.instagram.com\/xuatnhapkhaunghiepxuan\/\",\"https:\/\/www.youtube.com\/@nongsannghiepxuan2066\",\"https:\/\/www.tiktok.com\/@nghiepxuan\"]}]}<\/script>\n<!-- \/ Yoast SEO plugin. -->","yoast_head_json":{"title":"Ch\u00ednh s\u00e1ch b\u1ea3o m\u1eadt - Nghi\u1ec7p Xu\u00e2n - Xu\u1ea5t Nh\u1eadp Kh\u1ea9u N\u00f4ng S\u1ea3n","robots":{"index":"index","follow":"follow","max-snippet":"max-snippet:-1","max-image-preview":"max-image-preview:large","max-video-preview":"max-video-preview:-1"},"canonical":"https:\/\/nghiepxuan.com\/vi\/chinh-sach-bao-mat\/","og_locale":"vi_VN","og_type":"article","og_title":"Ch\u00ednh s\u00e1ch b\u1ea3o m\u1eadt - Nghi\u1ec7p Xu\u00e2n - Xu\u1ea5t Nh\u1eadp Kh\u1ea9u N\u00f4ng S\u1ea3n","og_description":"Ch\u00e0o m\u1eebng b\u1ea1n \u0111\u1ebfn v\u1edbi m\u1ee5c Ch\u00ednh s\u00e1ch b\u1ea3o m\u1eadt c\u1ee7a Nghi\u1ec7p Xu\u00e2n. T\u1ea1i Nghi\u1ec7p Xu\u00e2n, ch\u00fang t\u00f4i cam k\u1ebft b\u1ea3o v\u1ec7 quy\u1ec1n ri\u00eang t\u01b0 c\u1ee7a b\u1ea1n v\u00e0 \u0111\u1ea3m b\u1ea3o an to\u00e0n cho th\u00f4ng tin c\u00e1 nh\u00e2n c\u1ee7a b\u1ea1n. Ch\u00ednh s\u00e1ch quy\u1ec1n ri\u00eang t\u01b0 n\u00e0y n\u00eau r\u00f5 c\u00e1c lo\u1ea1i th\u00f4ng tin ch\u00fang t\u00f4i thu th\u1eadp, &hellip; Ti\u1ebfp t\u1ee5c \u0111\u1ecdc Ch\u00ednh s\u00e1ch b\u1ea3o m\u1eadt","og_url":"https:\/\/nghiepxuan.com\/vi\/chinh-sach-bao-mat\/","og_site_name":"Nghi\u1ec7p Xu\u00e2n - Xu\u1ea5t Nh\u1eadp Kh\u1ea9u N\u00f4ng S\u1ea3n","article_publisher":"https:\/\/www.facebook.com\/nongsannghiepxuan\/","article_modified_time":"2025-04-09T11:29:28+00:00","twitter_card":"summary_large_image","twitter_site":"@PhuTonBui","twitter_misc":{"Est. reading time":"6 minutes"},"schema":{"@context":"https:\/\/schema.org","@graph":[{"@type":"WebPage","@id":"https:\/\/nghiepxuan.com\/vi\/chinh-sach-bao-mat\/","url":"https:\/\/nghiepxuan.com\/vi\/chinh-sach-bao-mat\/","name":"Ch\u00ednh s\u00e1ch b\u1ea3o m\u1eadt - Nghi\u1ec7p Xu\u00e2n - Xu\u1ea5t Nh\u1eadp Kh\u1ea9u N\u00f4ng S\u1ea3n","isPartOf":{"@id":"https:\/\/nghiepxuan.com\/vi\/#website"},"datePublished":"2023-10-20T10:35:27+00:00","dateModified":"2025-04-09T11:29:28+00:00","breadcrumb":{"@id":"https:\/\/nghiepxuan.com\/vi\/chinh-sach-bao-mat\/#breadcrumb"},"inLanguage":"vi-VN","potentialAction":[{"@type":"ReadAction","target":["https:\/\/nghiepxuan.com\/vi\/chinh-sach-bao-mat\/"]}]},{"@type":"BreadcrumbList","@id":"https:\/\/nghiepxuan.com\/vi\/chinh-sach-bao-mat\/#breadcrumb","itemListElement":[{"@type":"ListItem","position":1,"name":"Home","item":"https:\/\/nghiepxuan.com\/vi\/"},{"@type":"ListItem","position":2,"name":"Ch\u00ednh s\u00e1ch b\u1ea3o m\u1eadt"}]},{"@type":"WebSite","@id":"https:\/\/nghiepxuan.com\/vi\/#website","url":"https:\/\/nghiepxuan.com\/vi\/","name":"Nghiep Xuan - Agricultural Import and Export","description":"Nu\u00f4i d\u01b0\u1ee1ng thi\u00ean nhi\u00ean, thu ho\u1ea1ch s\u1ee9c kh\u1ecfe: \u0110i\u1ec3m \u0111\u1ebfn l\u1ed1i s\u1ed1ng h\u1eefu c\u01a1 c\u1ee7a b\u1ea1n","publisher":{"@id":"https:\/\/nghiepxuan.com\/vi\/#organization"},"potentialAction":[{"@type":"SearchAction","target":{"@type":"EntryPoint","urlTemplate":"https:\/\/nghiepxuan.com\/vi\/?s={search_term_string}"},"query-input":{"@type":"PropertyValueSpecification","valueRequired":true,"valueName":"search_term_string"}}],"inLanguage":"vi-VN"},{"@type":"Organization","@id":"https:\/\/nghiepxuan.com\/vi\/#organization","name":"Nghiep Xuan - Agricultural Import and Export","url":"https:\/\/nghiepxuan.com\/vi\/","logo":{"@type":"ImageObject","inLanguage":"vi-VN","@id":"https:\/\/nghiepxuan.com\/vi\/#\/schema\/logo\/image\/","url":"https:\/\/nghiepxuan.com\/wp-content\/uploads\/2025\/04\/Nghiep-Xuan-Logo-4.png","contentUrl":"https:\/\/nghiepxuan.com\/wp-content\/uploads\/2025\/04\/Nghiep-Xuan-Logo-4.png","width":4167,"height":1015,"caption":"Nghiep Xuan - Agricultural Import and Export"},"image":{"@id":"https:\/\/nghiepxuan.com\/vi\/#\/schema\/logo\/image\/"},"sameAs":["https:\/\/www.facebook.com\/nongsannghiepxuan\/","https:\/\/x.com\/PhuTonBui","https:\/\/www.instagram.com\/xuatnhapkhaunghiepxuan\/","https:\/\/www.youtube.com\/@nongsannghiepxuan2066","https:\/\/www.tiktok.com\/@nghiepxuan"]}]}},"_links":{"self":[{"href":"https:\/\/nghiepxuan.com\/vi\/wp-json\/wp\/v2\/pages\/6365","targetHints":{"allow":["GET"]}}],"collection":[{"href":"https:\/\/nghiepxuan.com\/vi\/wp-json\/wp\/v2\/pages"}],"about":[{"href":"https:\/\/nghiepxuan.com\/vi\/wp-json\/wp\/v2\/types\/page"}],"author":[{"embeddable":true,"href":"https:\/\/nghiepxuan.com\/vi\/wp-json\/wp\/v2\/users\/1"}],"replies":[{"embeddable":true,"href":"https:\/\/nghiepxuan.com\/vi\/wp-json\/wp\/v2\/comments?post=6365"}],"version-history":[{"count":2,"href":"https:\/\/nghiepxuan.com\/vi\/wp-json\/wp\/v2\/pages\/6365\/revisions"}],"predecessor-version":[{"id":7398,"href":"https:\/\/nghiepxuan.com\/vi\/wp-json\/wp\/v2\/pages\/6365\/revisions\/7398"}],"wp:attachment":[{"href":"https:\/\/nghiepxuan.com\/vi\/wp-json\/wp\/v2\/media?parent=6365"}],"curies":[{"name":"wp","href":"https:\/\/api.w.org\/{rel}","templated":true}]}}