{"id":5468,"date":"2020-10-07T01:48:44","date_gmt":"2020-10-07T01:48:44","guid":{"rendered":"https:\/\/nxg.asia\/lien-he-voi-chung-toi\/"},"modified":"2025-04-09T10:53:30","modified_gmt":"2025-04-09T10:53:30","slug":"lien-he-voi-chung-toi","status":"publish","type":"page","link":"https:\/\/nghiepxuan.com\/vi\/lien-he-voi-chung-toi\/","title":{"rendered":"Li\u00ean h\u1ec7 v\u1edbi ch\u00fang t\u00f4i"},"content":{"rendered":"\t\t<div data-elementor-type=\"wp-page\" data-elementor-id=\"5468\" class=\"elementor elementor-5468 elementor-3269\">\n\t\t\t\t\t\t<section class=\"elementor-section elementor-top-section elementor-element elementor-element-9a245bd elementor-section-boxed elementor-section-height-default elementor-section-height-default\" data-id=\"9a245bd\" data-element_type=\"section\" data-e-type=\"section\">\n\t\t\t\t\t\t<div class=\"elementor-container elementor-column-gap-no\">\n\t\t\t\t\t<div class=\"elementor-column elementor-col-50 elementor-top-column elementor-element elementor-element-f5f0ed7\" data-id=\"f5f0ed7\" data-element_type=\"column\" data-e-type=\"column\">\n\t\t\t<div class=\"elementor-widget-wrap elementor-element-populated\">\n\t\t\t\t\t\t<div class=\"elementor-element elementor-element-8c35c55 elementor-widget elementor-widget-tbay-heading\" data-id=\"8c35c55\" data-element_type=\"widget\" data-e-type=\"widget\" data-widget_type=\"tbay-heading.default\">\n\t\t\t\t<div class=\"elementor-widget-container\">\n\t\t\t\t\t\r\n<div class=\"tbay-element tbay-element-heading\">\r\n\t\t\t\t<h3 class=\"heading-tbay-title\">\r\n\t\t\t\t\t\t\t\t\t<span class=\"title\">C\u1eeda h\u00e0ng c\u1ee7a ch\u00fang t\u00f4i<\/span>\r\n\t\t\t\t\t    \t\r\n\t\t\t\t\t\t\t<\/h3>\r\n\t\t<\/div>\t\t\t\t<\/div>\n\t\t\t\t<\/div>\n\t\t\t\t<div class=\"elementor-element elementor-element-0a52329 elementor-widget elementor-widget-text-editor\" data-id=\"0a52329\" data-element_type=\"widget\" data-e-type=\"widget\" data-widget_type=\"text-editor.default\">\n\t\t\t\t<div class=\"elementor-widget-container\">\n\t\t\t\t\t\t\t\t\t<p>Nghi\u1ec7p Xu\u00e2n \u2013 Xu\u1ea5t nh\u1eadp kh\u1ea9u n\u00f4ng s\u1ea3n, \u0111\u00e3 c\u00f3 m\u1eb7t t\u1ea1i nhi\u1ec1u th\u1ecb tr\u01b0\u1eddng nh\u01b0: \u0110\u00f4ng Nam \u00c1, Trung \u0110\u00f4ng, Ch\u00e2u \u00c2u, Hoa K\u1ef3, Canada, \u00dac.<\/p>\t\t\t\t\t\t\t\t<\/div>\n\t\t\t\t<\/div>\n\t\t\t\t<div class=\"elementor-element elementor-element-550c6c6 elementor-icon-list--layout-traditional elementor-list-item-link-full_width elementor-widget elementor-widget-icon-list\" data-id=\"550c6c6\" data-element_type=\"widget\" data-e-type=\"widget\" data-widget_type=\"icon-list.default\">\n\t\t\t\t<div class=\"elementor-widget-container\">\n\t\t\t\t\t\t\t<ul class=\"elementor-icon-list-items\">\n\t\t\t\t\t\t\t<li class=\"elementor-icon-list-item\">\n\t\t\t\t\t\t\t\t\t\t\t<span class=\"elementor-icon-list-icon\">\n\t\t\t\t\t\t\t<i aria-hidden=\"true\" class=\"fas fa-map-marker-alt\"><\/i>\t\t\t\t\t\t<\/span>\n\t\t\t\t\t\t\t\t\t\t<span class=\"elementor-icon-list-text\">Th\u00f4n Ph\u00fa Xu\u00e2n X\u00e3 \u0110\u0103k Nia Th\u00e0nh ph\u1ed1 Gia Ngh\u0129a T\u1ec9nh \u0110\u0103k N\u00f4ng, Vi\u1ec7t Nam<\/span>\n\t\t\t\t\t\t\t\t\t<\/li>\n\t\t\t\t\t\t\t\t<li class=\"elementor-icon-list-item\">\n\t\t\t\t\t\t\t\t\t\t\t<a href=\"tel:844123456788\">\n\n\t\t\t\t\t\t\t\t\t\t\t\t<span class=\"elementor-icon-list-icon\">\n\t\t\t\t\t\t\t<i aria-hidden=\"true\" class=\"fas fa-fax\"><\/i>\t\t\t\t\t\t<\/span>\n\t\t\t\t\t\t\t\t\t\t<span class=\"elementor-icon-list-text\">+84-939-345-598<\/span>\n\t\t\t\t\t\t\t\t\t\t\t<\/a>\n\t\t\t\t\t\t\t\t\t<\/li>\n\t\t\t\t\t\t\t\t<li class=\"elementor-icon-list-item\">\n\t\t\t\t\t\t\t\t\t\t\t<a href=\"mailto:info@nghiepxuan.com\">\n\n\t\t\t\t\t\t\t\t\t\t\t\t<span class=\"elementor-icon-list-icon\">\n\t\t\t\t\t\t\t<i aria-hidden=\"true\" class=\"fas fa-envelope\"><\/i>\t\t\t\t\t\t<\/span>\n\t\t\t\t\t\t\t\t\t\t<span class=\"elementor-icon-list-text\">info@nghiepxuan.com<\/span>\n\t\t\t\t\t\t\t\t\t\t\t<\/a>\n\t\t\t\t\t\t\t\t\t<\/li>\n\t\t\t\t\t\t<\/ul>\n\t\t\t\t\t\t<\/div>\n\t\t\t\t<\/div>\n\t\t\t\t<div class=\"elementor-element elementor-element-492cf41 elementor-widget elementor-widget-tbay-heading\" data-id=\"492cf41\" data-element_type=\"widget\" data-e-type=\"widget\" data-widget_type=\"tbay-heading.default\">\n\t\t\t\t<div class=\"elementor-widget-container\">\n\t\t\t\t\t\r\n<div class=\"tbay-element tbay-element-heading\">\r\n\t\t\t\t<h3 class=\"heading-tbay-title\">\r\n\t\t\t\t\t\t\t\t\t<span class=\"title\">Th\u1eddi gian m\u1edf c\u1eeda<\/span>\r\n\t\t\t\t\t    \t\r\n\t\t\t\t\t\t\t<\/h3>\r\n\t\t<\/div>\t\t\t\t<\/div>\n\t\t\t\t<\/div>\n\t\t\t\t<div class=\"elementor-element elementor-element-00ed24c elementor-widget elementor-widget-text-editor\" data-id=\"00ed24c\" data-element_type=\"widget\" data-e-type=\"widget\" data-widget_type=\"text-editor.default\">\n\t\t\t\t<div class=\"elementor-widget-container\">\n\t\t\t\t\t\t\t\t\t<p>Th\u1ee9 Hai \u2013 Th\u1ee9 S\u00e1u: 8.00 AM \u2013 7.00 PM<br> Th\u1ee9 B\u1ea3y, Ch\u1ee7 Nh\u1eadt: 9.00 AM \u2013 8.00 PM<\/p>\t\t\t\t\t\t\t\t<\/div>\n\t\t\t\t<\/div>\n\t\t\t\t\t<\/div>\n\t\t<\/div>\n\t\t\t\t<div class=\"elementor-column elementor-col-50 elementor-top-column elementor-element elementor-element-adab138\" data-id=\"adab138\" data-element_type=\"column\" data-e-type=\"column\">\n\t\t\t<div class=\"elementor-widget-wrap elementor-element-populated\">\n\t\t\t\t\t\t<div class=\"elementor-element elementor-element-bc36f31 elementor-widget elementor-widget-tbay-heading\" data-id=\"bc36f31\" data-element_type=\"widget\" data-e-type=\"widget\" data-widget_type=\"tbay-heading.default\">\n\t\t\t\t<div class=\"elementor-widget-container\">\n\t\t\t\t\t\r\n<div class=\"tbay-element tbay-element-heading\">\r\n\t\t\t\t<h3 class=\"heading-tbay-title\">\r\n\t\t\t\t\t\t\t\t\t<span class=\"title\">Li\u00ean l\u1ea1c v\u1edbi ch\u00fang t\u00f4i<\/span>\r\n\t\t\t\t\t    \t\r\n\t\t\t\t\t\t\t<\/h3>\r\n\t\t<\/div>\t\t\t\t<\/div>\n\t\t\t\t<\/div>\n\t\t\t\t<div class=\"elementor-element elementor-element-fa51b65 elementor-widget elementor-widget-text-editor\" data-id=\"fa51b65\" data-element_type=\"widget\" data-e-type=\"widget\" data-widget_type=\"text-editor.default\">\n\t\t\t\t<div class=\"elementor-widget-container\">\n\t\t\t\t\t\t\t\t\t<p>\u0110\u1ed9i ng\u0169 t\u1eadn t\u00e2m c\u1ee7a ch\u00fang t\u00f4i lu\u00f4n s\u1eb5n s\u00e0ng h\u1ed7 tr\u1ee3 b\u1ea1n v\u1edbi b\u1ea5t k\u1ef3 c\u00e2u h\u1ecfi, th\u00f4ng tin s\u1ea3n ph\u1ea9m ho\u1eb7c h\u1ed7 tr\u1ee3 n\u00e0o b\u1ea1n c\u00f3 th\u1ec3 c\u1ea7n. Ch\u00fang t\u00f4i mong mu\u1ed1n \u0111\u01b0\u1ee3c nghe t\u1eeb b\u1ea1n v\u00e0 gi\u00fap b\u1ea1n kh\u00e1m ph\u00e1 th\u1ebf gi\u1edbi tuy\u1ec7t v\u1eddi c\u1ee7a c\u00e1c s\u1ea3n ph\u1ea9m h\u1eefu c\u01a1.<\/p><p>N\u1ebfu b\u1ea1n mu\u1ed1n li\u00ean h\u1ec7 v\u1ec1 c\u00e1c s\u1ea3n ph\u1ea9m h\u1eefu c\u01a1 ho\u1eb7c c\u00f3 b\u1ea5t k\u1ef3 th\u1eafc m\u1eafc n\u00e0o v\u1ec1 c\u00e1c d\u1ecbch v\u1ee5 c\u1ee7a ch\u00fang t\u00f4i, vui l\u00f2ng li\u00ean h\u1ec7 v\u1edbi ch\u00fang t\u00f4i th\u00f4ng qua c\u00e1c ph\u01b0\u01a1ng th\u1ee9c li\u00ean h\u1ec7 sau:<\/p>\t\t\t\t\t\t\t\t<\/div>\n\t\t\t\t<\/div>\n\t\t\t\t<div class=\"elementor-element elementor-element-55986c0 elementor-widget elementor-widget-shortcode\" data-id=\"55986c0\" data-element_type=\"widget\" data-e-type=\"widget\" data-widget_type=\"shortcode.default\">\n\t\t\t\t<div class=\"elementor-widget-container\">\n\t\t\t\t\t\t\t<div class=\"elementor-shortcode\">\n<div class=\"wpcf7 no-js\" id=\"wpcf7-f6935-o1\" lang=\"vi-VN\" dir=\"ltr\" data-wpcf7-id=\"6935\">\n<div class=\"screen-reader-response\"><p role=\"status\" aria-live=\"polite\" aria-atomic=\"true\"><\/p> <ul><\/ul><\/div>\n<form action=\"\/vi\/wp-json\/wp\/v2\/pages\/5468#wpcf7-f6935-o1\" method=\"post\" class=\"wpcf7-form init\" aria-label=\"Contact form\" novalidate=\"novalidate\" data-status=\"init\">\n<fieldset class=\"hidden-fields-container\"><input type=\"hidden\" name=\"_wpcf7\" value=\"6935\" \/><input type=\"hidden\" name=\"_wpcf7_version\" value=\"6.1.4\" \/><input type=\"hidden\" name=\"_wpcf7_locale\" value=\"vi_VN\" \/><input type=\"hidden\" name=\"_wpcf7_unit_tag\" value=\"wpcf7-f6935-o1\" \/><input type=\"hidden\" name=\"_wpcf7_container_post\" value=\"0\" \/><input type=\"hidden\" name=\"_wpcf7_posted_data_hash\" value=\"\" \/>\n<\/fieldset>\n<p><label> T\u00ean b\u1ea1n<br \/>\n<span class=\"wpcf7-form-control-wrap\" data-name=\"your-name\"><input size=\"40\" maxlength=\"400\" class=\"wpcf7-form-control wpcf7-text wpcf7-validates-as-required\" autocomplete=\"name\" aria-required=\"true\" aria-invalid=\"false\" value=\"\" type=\"text\" name=\"your-name\" \/><\/span> <\/label>\n<\/p>\n<p><label> Email c\u1ee7a b\u1ea1n<br \/>\n<span class=\"wpcf7-form-control-wrap\" data-name=\"your-email\"><input size=\"40\" maxlength=\"400\" class=\"wpcf7-form-control wpcf7-email wpcf7-validates-as-required wpcf7-text wpcf7-validates-as-email\" autocomplete=\"email\" aria-required=\"true\" aria-invalid=\"false\" value=\"\" type=\"email\" name=\"your-email\" \/><\/span> <\/label>\n<\/p>\n<p><label> Ch\u1ee7 \u0111\u1ec1<br \/>\n<span class=\"wpcf7-form-control-wrap\" data-name=\"your-subject\"><input size=\"40\" maxlength=\"400\" class=\"wpcf7-form-control wpcf7-text wpcf7-validates-as-required\" aria-required=\"true\" aria-invalid=\"false\" value=\"\" type=\"text\" name=\"your-subject\" \/><\/span> <\/label>\n<\/p>\n<p><label> Tin nh\u1eafn c\u1ee7a b\u1ea1n (t\u00f9y ch\u1ecdn)<br \/>\n<span class=\"wpcf7-form-control-wrap\" data-name=\"your-message\"><textarea cols=\"40\" rows=\"10\" maxlength=\"2000\" class=\"wpcf7-form-control wpcf7-textarea\" aria-invalid=\"false\" name=\"your-message\"><\/textarea><\/span> <\/label>\n<\/p>\n<p><input class=\"wpcf7-form-control wpcf7-submit has-spinner\" type=\"submit\" value=\"G\u1eedi\" \/>\n<\/p><div class=\"wpcf7-response-output\" aria-hidden=\"true\"><\/div>\n<\/form>\n<\/div>\n<\/div>\n\t\t\t\t\t\t<\/div>\n\t\t\t\t<\/div>\n\t\t\t\t\t<\/div>\n\t\t<\/div>\n\t\t\t\t\t<\/div>\n\t\t<\/section>\n\t\t\t\t<section class=\"elementor-section elementor-top-section elementor-element elementor-element-5deef80 elementor-section-full_width elementor-section-stretched elementor-section-height-default elementor-section-height-default\" data-id=\"5deef80\" data-element_type=\"section\" data-e-type=\"section\" data-settings=\"{&quot;stretch_section&quot;:&quot;section-stretched&quot;}\">\n\t\t\t\t\t\t<div class=\"elementor-container elementor-column-gap-no\">\n\t\t\t\t\t<div class=\"elementor-column elementor-col-100 elementor-top-column elementor-element elementor-element-ed7e1a3\" data-id=\"ed7e1a3\" data-element_type=\"column\" data-e-type=\"column\">\n\t\t\t<div class=\"elementor-widget-wrap elementor-element-populated\">\n\t\t\t\t\t\t<div class=\"elementor-element elementor-element-cfb4caf elementor-widget elementor-widget-google_maps\" data-id=\"cfb4caf\" data-element_type=\"widget\" data-e-type=\"widget\" data-widget_type=\"google_maps.default\">\n\t\t\t\t<div class=\"elementor-widget-container\">\n\t\t\t\t\t\t\t<div class=\"elementor-custom-embed\">\n\t\t\t<iframe loading=\"lazy\"\n\t\t\t\t\tsrc=\"https:\/\/maps.google.com\/maps?q=London%20Eye%2C%20London%2C%20United%20Kingdom&#038;t=m&#038;z=10&#038;output=embed&#038;iwloc=near\"\n\t\t\t\t\ttitle=\"London Eye, London, United Kingdom\"\n\t\t\t\t\taria-label=\"London Eye, London, United Kingdom\"\n\t\t\t><\/iframe>\n\t\t<\/div>\n\t\t\t\t\t\t<\/div>\n\t\t\t\t<\/div>\n\t\t\t\t\t<\/div>\n\t\t<\/div>\n\t\t\t\t\t<\/div>\n\t\t<\/section>\n\t\t\t\t<\/div>\n\t\t","protected":false},"excerpt":{"rendered":"<p>C\u1eeda h\u00e0ng c\u1ee7a ch\u00fang t\u00f4i Nghi\u1ec7p Xu\u00e2n \u2013 Xu\u1ea5t nh\u1eadp kh\u1ea9u n\u00f4ng s\u1ea3n, \u0111\u00e3 c\u00f3 m\u1eb7t t\u1ea1i nhi\u1ec1u th\u1ecb tr\u01b0\u1eddng nh\u01b0: \u0110\u00f4ng Nam \u00c1, Trung \u0110\u00f4ng, Ch\u00e2u \u00c2u, Hoa K\u1ef3, Canada, \u00dac. Th\u00f4n Ph\u00fa Xu\u00e2n X\u00e3 \u0110\u0103k Nia Th\u00e0nh ph\u1ed1 Gia Ngh\u0129a T\u1ec9nh \u0110\u0103k N\u00f4ng, Vi\u1ec7t Nam +84-939-345-598 info@nghiepxuan.com Th\u1eddi gian m\u1edf c\u1eeda Th\u1ee9 Hai &hellip; <a href=\"https:\/\/nghiepxuan.com\/vi\/lien-he-voi-chung-toi\/\" class=\"more-link\">Ti\u1ebfp t\u1ee5c \u0111\u1ecdc <span class=\"screen-reader-text\">Li\u00ean h\u1ec7 v\u1edbi ch\u00fang t\u00f4i<\/span><\/a><\/p>\n","protected":false},"author":1,"featured_media":0,"parent":0,"menu_order":0,"comment_status":"closed","ping_status":"closed","template":"","meta":{"content-type":"","footnotes":""},"class_list":["post-5468","page","type-page","status-publish","hentry"],"yoast_head":"<!-- This site is optimized with the Yoast SEO plugin v26.9 - https:\/\/yoast.com\/product\/yoast-seo-wordpress\/ -->\n<title>Li\u00ean h\u1ec7 v\u1edbi ch\u00fang t\u00f4i - Nghi\u1ec7p Xu\u00e2n - Xu\u1ea5t Nh\u1eadp Kh\u1ea9u N\u00f4ng S\u1ea3n<\/title>\n<meta name=\"robots\" content=\"index, follow, max-snippet:-1, max-image-preview:large, max-video-preview:-1\" \/>\n<link rel=\"canonical\" href=\"https:\/\/nghiepxuan.com\/vi\/lien-he-voi-chung-toi\/\" \/>\n<meta property=\"og:locale\" content=\"vi_VN\" \/>\n<meta property=\"og:type\" content=\"article\" \/>\n<meta property=\"og:title\" content=\"Li\u00ean h\u1ec7 v\u1edbi ch\u00fang t\u00f4i - Nghi\u1ec7p Xu\u00e2n - Xu\u1ea5t Nh\u1eadp Kh\u1ea9u N\u00f4ng S\u1ea3n\" \/>\n<meta property=\"og:description\" content=\"C\u1eeda h\u00e0ng c\u1ee7a ch\u00fang t\u00f4i Nghi\u1ec7p Xu\u00e2n \u2013 Xu\u1ea5t nh\u1eadp kh\u1ea9u n\u00f4ng s\u1ea3n, \u0111\u00e3 c\u00f3 m\u1eb7t t\u1ea1i nhi\u1ec1u th\u1ecb tr\u01b0\u1eddng nh\u01b0: \u0110\u00f4ng Nam \u00c1, Trung \u0110\u00f4ng, Ch\u00e2u \u00c2u, Hoa K\u1ef3, Canada, \u00dac. Th\u00f4n Ph\u00fa Xu\u00e2n X\u00e3 \u0110\u0103k Nia Th\u00e0nh ph\u1ed1 Gia Ngh\u0129a T\u1ec9nh \u0110\u0103k N\u00f4ng, Vi\u1ec7t Nam +84-939-345-598 info@nghiepxuan.com Th\u1eddi gian m\u1edf c\u1eeda Th\u1ee9 Hai &hellip; Ti\u1ebfp t\u1ee5c \u0111\u1ecdc Li\u00ean h\u1ec7 v\u1edbi ch\u00fang t\u00f4i\" \/>\n<meta property=\"og:url\" content=\"https:\/\/nghiepxuan.com\/vi\/lien-he-voi-chung-toi\/\" \/>\n<meta property=\"og:site_name\" content=\"Nghi\u1ec7p Xu\u00e2n - Xu\u1ea5t Nh\u1eadp Kh\u1ea9u N\u00f4ng S\u1ea3n\" \/>\n<meta property=\"article:publisher\" content=\"https:\/\/www.facebook.com\/nongsannghiepxuan\/\" \/>\n<meta property=\"article:modified_time\" content=\"2025-04-09T10:53:30+00:00\" \/>\n<meta name=\"twitter:card\" content=\"summary_large_image\" \/>\n<meta name=\"twitter:site\" content=\"@PhuTonBui\" \/>\n<meta name=\"twitter:label1\" content=\"Est. reading time\" \/>\n\t<meta name=\"twitter:data1\" content=\"1 minute\" \/>\n<script type=\"application\/ld+json\" class=\"yoast-schema-graph\">{\"@context\":\"https:\/\/schema.org\",\"@graph\":[{\"@type\":\"WebPage\",\"@id\":\"https:\/\/nghiepxuan.com\/vi\/lien-he-voi-chung-toi\/\",\"url\":\"https:\/\/nghiepxuan.com\/vi\/lien-he-voi-chung-toi\/\",\"name\":\"Li\u00ean h\u1ec7 v\u1edbi ch\u00fang t\u00f4i - Nghi\u1ec7p Xu\u00e2n - Xu\u1ea5t Nh\u1eadp Kh\u1ea9u N\u00f4ng S\u1ea3n\",\"isPartOf\":{\"@id\":\"https:\/\/nghiepxuan.com\/vi\/#website\"},\"datePublished\":\"2020-10-07T01:48:44+00:00\",\"dateModified\":\"2025-04-09T10:53:30+00:00\",\"breadcrumb\":{\"@id\":\"https:\/\/nghiepxuan.com\/vi\/lien-he-voi-chung-toi\/#breadcrumb\"},\"inLanguage\":\"vi-VN\",\"potentialAction\":[{\"@type\":\"ReadAction\",\"target\":[\"https:\/\/nghiepxuan.com\/vi\/lien-he-voi-chung-toi\/\"]}]},{\"@type\":\"BreadcrumbList\",\"@id\":\"https:\/\/nghiepxuan.com\/vi\/lien-he-voi-chung-toi\/#breadcrumb\",\"itemListElement\":[{\"@type\":\"ListItem\",\"position\":1,\"name\":\"Home\",\"item\":\"https:\/\/nghiepxuan.com\/vi\/\"},{\"@type\":\"ListItem\",\"position\":2,\"name\":\"Li\u00ean h\u1ec7 v\u1edbi ch\u00fang t\u00f4i\"}]},{\"@type\":\"WebSite\",\"@id\":\"https:\/\/nghiepxuan.com\/vi\/#website\",\"url\":\"https:\/\/nghiepxuan.com\/vi\/\",\"name\":\"Nghiep Xuan - Agricultural Import and Export\",\"description\":\"Nu\u00f4i d\u01b0\u1ee1ng thi\u00ean nhi\u00ean, thu ho\u1ea1ch s\u1ee9c kh\u1ecfe: \u0110i\u1ec3m \u0111\u1ebfn l\u1ed1i s\u1ed1ng h\u1eefu c\u01a1 c\u1ee7a b\u1ea1n\",\"publisher\":{\"@id\":\"https:\/\/nghiepxuan.com\/vi\/#organization\"},\"potentialAction\":[{\"@type\":\"SearchAction\",\"target\":{\"@type\":\"EntryPoint\",\"urlTemplate\":\"https:\/\/nghiepxuan.com\/vi\/?s={search_term_string}\"},\"query-input\":{\"@type\":\"PropertyValueSpecification\",\"valueRequired\":true,\"valueName\":\"search_term_string\"}}],\"inLanguage\":\"vi-VN\"},{\"@type\":\"Organization\",\"@id\":\"https:\/\/nghiepxuan.com\/vi\/#organization\",\"name\":\"Nghiep Xuan - Agricultural Import and Export\",\"url\":\"https:\/\/nghiepxuan.com\/vi\/\",\"logo\":{\"@type\":\"ImageObject\",\"inLanguage\":\"vi-VN\",\"@id\":\"https:\/\/nghiepxuan.com\/vi\/#\/schema\/logo\/image\/\",\"url\":\"https:\/\/nghiepxuan.com\/wp-content\/uploads\/2025\/04\/Nghiep-Xuan-Logo-4.png\",\"contentUrl\":\"https:\/\/nghiepxuan.com\/wp-content\/uploads\/2025\/04\/Nghiep-Xuan-Logo-4.png\",\"width\":4167,\"height\":1015,\"caption\":\"Nghiep Xuan - Agricultural Import and Export\"},\"image\":{\"@id\":\"https:\/\/nghiepxuan.com\/vi\/#\/schema\/logo\/image\/\"},\"sameAs\":[\"https:\/\/www.facebook.com\/nongsannghiepxuan\/\",\"https:\/\/x.com\/PhuTonBui\",\"https:\/\/www.instagram.com\/xuatnhapkhaunghiepxuan\/\",\"https:\/\/www.youtube.com\/@nongsannghiepxuan2066\",\"https:\/\/www.tiktok.com\/@nghiepxuan\"]}]}<\/script>\n<!-- \/ Yoast SEO plugin. -->","yoast_head_json":{"title":"Li\u00ean h\u1ec7 v\u1edbi ch\u00fang t\u00f4i - Nghi\u1ec7p Xu\u00e2n - Xu\u1ea5t Nh\u1eadp Kh\u1ea9u N\u00f4ng S\u1ea3n","robots":{"index":"index","follow":"follow","max-snippet":"max-snippet:-1","max-image-preview":"max-image-preview:large","max-video-preview":"max-video-preview:-1"},"canonical":"https:\/\/nghiepxuan.com\/vi\/lien-he-voi-chung-toi\/","og_locale":"vi_VN","og_type":"article","og_title":"Li\u00ean h\u1ec7 v\u1edbi ch\u00fang t\u00f4i - Nghi\u1ec7p Xu\u00e2n - Xu\u1ea5t Nh\u1eadp Kh\u1ea9u N\u00f4ng S\u1ea3n","og_description":"C\u1eeda h\u00e0ng c\u1ee7a ch\u00fang t\u00f4i Nghi\u1ec7p Xu\u00e2n \u2013 Xu\u1ea5t nh\u1eadp kh\u1ea9u n\u00f4ng s\u1ea3n, \u0111\u00e3 c\u00f3 m\u1eb7t t\u1ea1i nhi\u1ec1u th\u1ecb tr\u01b0\u1eddng nh\u01b0: \u0110\u00f4ng Nam \u00c1, Trung \u0110\u00f4ng, Ch\u00e2u \u00c2u, Hoa K\u1ef3, Canada, \u00dac. Th\u00f4n Ph\u00fa Xu\u00e2n X\u00e3 \u0110\u0103k Nia Th\u00e0nh ph\u1ed1 Gia Ngh\u0129a T\u1ec9nh \u0110\u0103k N\u00f4ng, Vi\u1ec7t Nam +84-939-345-598 info@nghiepxuan.com Th\u1eddi gian m\u1edf c\u1eeda Th\u1ee9 Hai &hellip; Ti\u1ebfp t\u1ee5c \u0111\u1ecdc Li\u00ean h\u1ec7 v\u1edbi ch\u00fang t\u00f4i","og_url":"https:\/\/nghiepxuan.com\/vi\/lien-he-voi-chung-toi\/","og_site_name":"Nghi\u1ec7p Xu\u00e2n - Xu\u1ea5t Nh\u1eadp Kh\u1ea9u N\u00f4ng S\u1ea3n","article_publisher":"https:\/\/www.facebook.com\/nongsannghiepxuan\/","article_modified_time":"2025-04-09T10:53:30+00:00","twitter_card":"summary_large_image","twitter_site":"@PhuTonBui","twitter_misc":{"Est. reading time":"1 minute"},"schema":{"@context":"https:\/\/schema.org","@graph":[{"@type":"WebPage","@id":"https:\/\/nghiepxuan.com\/vi\/lien-he-voi-chung-toi\/","url":"https:\/\/nghiepxuan.com\/vi\/lien-he-voi-chung-toi\/","name":"Li\u00ean h\u1ec7 v\u1edbi ch\u00fang t\u00f4i - Nghi\u1ec7p Xu\u00e2n - Xu\u1ea5t Nh\u1eadp Kh\u1ea9u N\u00f4ng S\u1ea3n","isPartOf":{"@id":"https:\/\/nghiepxuan.com\/vi\/#website"},"datePublished":"2020-10-07T01:48:44+00:00","dateModified":"2025-04-09T10:53:30+00:00","breadcrumb":{"@id":"https:\/\/nghiepxuan.com\/vi\/lien-he-voi-chung-toi\/#breadcrumb"},"inLanguage":"vi-VN","potentialAction":[{"@type":"ReadAction","target":["https:\/\/nghiepxuan.com\/vi\/lien-he-voi-chung-toi\/"]}]},{"@type":"BreadcrumbList","@id":"https:\/\/nghiepxuan.com\/vi\/lien-he-voi-chung-toi\/#breadcrumb","itemListElement":[{"@type":"ListItem","position":1,"name":"Home","item":"https:\/\/nghiepxuan.com\/vi\/"},{"@type":"ListItem","position":2,"name":"Li\u00ean h\u1ec7 v\u1edbi ch\u00fang t\u00f4i"}]},{"@type":"WebSite","@id":"https:\/\/nghiepxuan.com\/vi\/#website","url":"https:\/\/nghiepxuan.com\/vi\/","name":"Nghiep Xuan - Agricultural Import and Export","description":"Nu\u00f4i d\u01b0\u1ee1ng thi\u00ean nhi\u00ean, thu ho\u1ea1ch s\u1ee9c kh\u1ecfe: \u0110i\u1ec3m \u0111\u1ebfn l\u1ed1i s\u1ed1ng h\u1eefu c\u01a1 c\u1ee7a b\u1ea1n","publisher":{"@id":"https:\/\/nghiepxuan.com\/vi\/#organization"},"potentialAction":[{"@type":"SearchAction","target":{"@type":"EntryPoint","urlTemplate":"https:\/\/nghiepxuan.com\/vi\/?s={search_term_string}"},"query-input":{"@type":"PropertyValueSpecification","valueRequired":true,"valueName":"search_term_string"}}],"inLanguage":"vi-VN"},{"@type":"Organization","@id":"https:\/\/nghiepxuan.com\/vi\/#organization","name":"Nghiep Xuan - Agricultural Import and Export","url":"https:\/\/nghiepxuan.com\/vi\/","logo":{"@type":"ImageObject","inLanguage":"vi-VN","@id":"https:\/\/nghiepxuan.com\/vi\/#\/schema\/logo\/image\/","url":"https:\/\/nghiepxuan.com\/wp-content\/uploads\/2025\/04\/Nghiep-Xuan-Logo-4.png","contentUrl":"https:\/\/nghiepxuan.com\/wp-content\/uploads\/2025\/04\/Nghiep-Xuan-Logo-4.png","width":4167,"height":1015,"caption":"Nghiep Xuan - Agricultural Import and Export"},"image":{"@id":"https:\/\/nghiepxuan.com\/vi\/#\/schema\/logo\/image\/"},"sameAs":["https:\/\/www.facebook.com\/nongsannghiepxuan\/","https:\/\/x.com\/PhuTonBui","https:\/\/www.instagram.com\/xuatnhapkhaunghiepxuan\/","https:\/\/www.youtube.com\/@nongsannghiepxuan2066","https:\/\/www.tiktok.com\/@nghiepxuan"]}]}},"_links":{"self":[{"href":"https:\/\/nghiepxuan.com\/vi\/wp-json\/wp\/v2\/pages\/5468","targetHints":{"allow":["GET"]}}],"collection":[{"href":"https:\/\/nghiepxuan.com\/vi\/wp-json\/wp\/v2\/pages"}],"about":[{"href":"https:\/\/nghiepxuan.com\/vi\/wp-json\/wp\/v2\/types\/page"}],"author":[{"embeddable":true,"href":"https:\/\/nghiepxuan.com\/vi\/wp-json\/wp\/v2\/users\/1"}],"replies":[{"embeddable":true,"href":"https:\/\/nghiepxuan.com\/vi\/wp-json\/wp\/v2\/comments?post=5468"}],"version-history":[{"count":39,"href":"https:\/\/nghiepxuan.com\/vi\/wp-json\/wp\/v2\/pages\/5468\/revisions"}],"predecessor-version":[{"id":8240,"href":"https:\/\/nghiepxuan.com\/vi\/wp-json\/wp\/v2\/pages\/5468\/revisions\/8240"}],"wp:attachment":[{"href":"https:\/\/nghiepxuan.com\/vi\/wp-json\/wp\/v2\/media?parent=5468"}],"curies":[{"name":"wp","href":"https:\/\/api.w.org\/{rel}","templated":true}]}}