{"id":8374,"date":"2025-04-07T07:58:35","date_gmt":"2025-04-07T07:58:35","guid":{"rendered":"https:\/\/nghiepxuan.com\/product\/frutto-della-passione-congelato-fresco-naturale-e-conveniente\/"},"modified":"2025-04-07T08:02:26","modified_gmt":"2025-04-07T08:02:26","slug":"frutto-della-passione-congelato-fresco-naturale-e-conveniente","status":"publish","type":"product","link":"https:\/\/nghiepxuan.com\/it\/product\/frutto-della-passione-congelato-fresco-naturale-e-conveniente\/","title":{"rendered":"Frutto della passione congelato: fresco, naturale e conveniente"},"content":{"rendered":"<p class=\"\" data-start=\"179\" data-end=\"445\">Prova il sapore vibrante e acidulo del frutto della passione surgelato, un&#8217;aggiunta rinfrescante e salutare ai tuoi pasti e alle tue bevande. Il nostro frutto della passione surgelato di prima qualit\u00e0 proviene dalle migliori aziende agricole, per garantire che ogni frutto sia maturo, succoso e ricco di nutrienti essenziali. <\/p>\n<p class=\"\" data-start=\"447\" data-end=\"464\"><strong data-start=\"447\" data-end=\"464\">Caratteristiche principali:<\/strong><\/p>\n<ul data-start=\"465\" data-end=\"1042\">\n<li class=\"\" data-start=\"465\" data-end=\"588\">\n<p class=\"\" data-start=\"467\" data-end=\"588\"><strong data-start=\"467\" data-end=\"483\">100% Naturale<\/strong>: Realizzato con frutti della passione raccolti a mano, congelati al massimo della maturazione per preservarne la freschezza e le sostanze nutritive.<\/p>\n<\/li>\n<li class=\"\" data-start=\"589\" data-end=\"714\">\n<p class=\"\" data-start=\"591\" data-end=\"714\"><strong data-start=\"591\" data-end=\"620\">Comodo e pronto all&#8217;uso<\/strong>: Perfette per frullati, dessert, macedonie o cocktail. Non \u00e8 necessario sbucciare o tagliare! <\/p>\n<\/li>\n<li class=\"\" data-start=\"715\" data-end=\"835\">\n<p class=\"\" data-start=\"717\" data-end=\"835\"><strong data-start=\"717\" data-end=\"738\">Ricco di sostanze nutritive<\/strong>: Il frutto della passione \u00e8 ricco di vitamina C, fibre e antiossidanti e offre numerosi benefici per la salute.<\/p>\n<\/li>\n<li class=\"\" data-start=\"836\" data-end=\"932\">\n<p class=\"\" data-start=\"838\" data-end=\"932\"><strong data-start=\"838\" data-end=\"857\">Lunga conservazione<\/strong>: Conservale in freezer e goditi la bont\u00e0 tropicale tutto l&#8217;anno.<\/p>\n<\/li>\n<li class=\"\" data-start=\"933\" data-end=\"1042\">\n<p class=\"\" data-start=\"935\" data-end=\"1042\"><strong data-start=\"935\" data-end=\"952\">Uso versatile<\/strong>: ideale per cucinare, preparare marmellate o aggiungere alle tue ricette preferite per un&#8217;esplosione di sapore.<\/p>\n<\/li>\n<\/ul>\n<p class=\"\" data-start=\"1044\" data-end=\"1415\"><strong data-start=\"1044\" data-end=\"1084\">Perch\u00e9 scegliere il nostro frutto della passione congelato?<\/strong>  Il nostro frutto della passione surgelato viene lavorato con cura per mantenere il suo gusto e la sua consistenza naturali. \u00c8 un modo eccellente per assaporare il gusto tropicale del frutto della passione, anche quando non \u00e8 di stagione. Se stai cercando di arricchire la tua cucina o hai bisogno di un&#8217;aggiunta veloce a una bevanda rinfrescante, il nostro frutto della passione surgelato \u00e8 l&#8217;opzione che fa per te.  <\/p>\n<p class=\"\" data-start=\"1417\" data-end=\"1740\"><strong data-start=\"1417\" data-end=\"1471\">Perfetto per gli amanti della salute e gli stili di vita frenetici<\/strong> Ricco di antiossidanti, vitamine e fibre, il frutto della passione \u00e8 ottimo per rafforzare il sistema immunitario, migliorare la digestione e mantenere la pelle sana. \u00c8 l&#8217;ingrediente perfetto per chi vuole aggiungere pi\u00f9 frutta alla propria dieta senza doverla preparare. <\/p>\n<p class=\"\" data-start=\"1742\" data-end=\"1839\">Ordina oggi stesso e scopri la comodit\u00e0 del frutto della passione congelato direttamente a casa tua.<\/p>\n","protected":false},"excerpt":{"rendered":"<p>Assapora il gusto tropicale del frutto della passione congelato naturale al 100%. Perfetto per frullati, dessert e molto altro, \u00e8 ricco di vitamine, antiossidanti e fibre. Comodo, pronto all&#8217;uso e perfetto per qualsiasi ricetta in ogni periodo dell&#8217;anno.  <\/p>\n","protected":false},"featured_media":8334,"comment_status":"open","ping_status":"closed","template":"","meta":{"content-type":""},"product_brand":[],"product_cat":[421],"product_tag":[649,650,651],"class_list":{"0":"post-8374","1":"product","2":"type-product","3":"status-publish","4":"has-post-thumbnail","6":"product_cat-frozen-it","7":"product_tag-frutto-della-passione-congelato","8":"product_tag-naturale","9":"product_tag-nutrienti","11":"first","12":"instock","13":"sale","14":"shipping-taxable","15":"purchasable","16":"product-type-variable","17":"has-default-attributes"},"yoast_head":"<!-- This site is optimized with the Yoast SEO plugin v26.9 - https:\/\/yoast.com\/product\/yoast-seo-wordpress\/ -->\n<title>Frutto della passione congelato: fresco, naturale e conveniente - Nghiep Xuan - Importazione ed Esportazione Agricola<\/title>\n<meta name=\"robots\" content=\"index, follow, max-snippet:-1, max-image-preview:large, max-video-preview:-1\" \/>\n<link rel=\"canonical\" href=\"https:\/\/nghiepxuan.com\/it\/product\/frutto-della-passione-congelato-fresco-naturale-e-conveniente\/\" \/>\n<meta property=\"og:locale\" content=\"it_IT\" \/>\n<meta property=\"og:type\" content=\"article\" \/>\n<meta property=\"og:title\" content=\"Frutto della passione congelato: fresco, naturale e conveniente - Nghiep Xuan - Importazione ed Esportazione Agricola\" \/>\n<meta property=\"og:description\" content=\"Assapora il gusto tropicale del frutto della passione congelato naturale al 100%. Perfetto per frullati, dessert e molto altro, \u00e8 ricco di vitamine, antiossidanti e fibre. Comodo, pronto all&#039;uso e perfetto per qualsiasi ricetta in ogni periodo dell&#039;anno.\" \/>\n<meta property=\"og:url\" content=\"https:\/\/nghiepxuan.com\/it\/product\/frutto-della-passione-congelato-fresco-naturale-e-conveniente\/\" \/>\n<meta property=\"og:site_name\" content=\"Nghiep Xuan - Importazione ed Esportazione Agricola\" \/>\n<meta property=\"article:publisher\" content=\"https:\/\/www.facebook.com\/nongsannghiepxuan\/\" \/>\n<meta property=\"article:modified_time\" content=\"2025-04-07T08:02:26+00:00\" \/>\n<meta property=\"og:image\" content=\"https:\/\/nghiepxuan.com\/wp-content\/uploads\/2025\/04\/Passion-Fruit-Frozen-Nghiep-Xuan.png\" \/>\n\t<meta property=\"og:image:width\" content=\"586\" \/>\n\t<meta property=\"og:image:height\" content=\"592\" \/>\n\t<meta property=\"og:image:type\" content=\"image\/png\" \/>\n<meta name=\"twitter:card\" content=\"summary_large_image\" \/>\n<meta name=\"twitter:site\" content=\"@PhuTonBui\" \/>\n<meta name=\"twitter:label1\" content=\"Tempo di lettura stimato\" \/>\n\t<meta name=\"twitter:data1\" content=\"1 minuto\" \/>\n<script type=\"application\/ld+json\" class=\"yoast-schema-graph\">{\"@context\":\"https:\/\/schema.org\",\"@graph\":[{\"@type\":\"WebPage\",\"@id\":\"https:\/\/nghiepxuan.com\/it\/product\/frutto-della-passione-congelato-fresco-naturale-e-conveniente\/\",\"url\":\"https:\/\/nghiepxuan.com\/it\/product\/frutto-della-passione-congelato-fresco-naturale-e-conveniente\/\",\"name\":\"Frutto della passione congelato: fresco, naturale e conveniente - Nghiep Xuan - Importazione ed Esportazione Agricola\",\"isPartOf\":{\"@id\":\"https:\/\/nghiepxuan.com\/it\/#website\"},\"primaryImageOfPage\":{\"@id\":\"https:\/\/nghiepxuan.com\/it\/product\/frutto-della-passione-congelato-fresco-naturale-e-conveniente\/#primaryimage\"},\"image\":{\"@id\":\"https:\/\/nghiepxuan.com\/it\/product\/frutto-della-passione-congelato-fresco-naturale-e-conveniente\/#primaryimage\"},\"thumbnailUrl\":\"https:\/\/nghiepxuan.com\/wp-content\/uploads\/2025\/04\/Passion-Fruit-Frozen-Nghiep-Xuan.png\",\"datePublished\":\"2025-04-07T07:58:35+00:00\",\"dateModified\":\"2025-04-07T08:02:26+00:00\",\"breadcrumb\":{\"@id\":\"https:\/\/nghiepxuan.com\/it\/product\/frutto-della-passione-congelato-fresco-naturale-e-conveniente\/#breadcrumb\"},\"inLanguage\":\"it-IT\",\"potentialAction\":[{\"@type\":\"ReadAction\",\"target\":[\"https:\/\/nghiepxuan.com\/it\/product\/frutto-della-passione-congelato-fresco-naturale-e-conveniente\/\"]}]},{\"@type\":\"ImageObject\",\"inLanguage\":\"it-IT\",\"@id\":\"https:\/\/nghiepxuan.com\/it\/product\/frutto-della-passione-congelato-fresco-naturale-e-conveniente\/#primaryimage\",\"url\":\"https:\/\/nghiepxuan.com\/wp-content\/uploads\/2025\/04\/Passion-Fruit-Frozen-Nghiep-Xuan.png\",\"contentUrl\":\"https:\/\/nghiepxuan.com\/wp-content\/uploads\/2025\/04\/Passion-Fruit-Frozen-Nghiep-Xuan.png\",\"width\":586,\"height\":592},{\"@type\":\"BreadcrumbList\",\"@id\":\"https:\/\/nghiepxuan.com\/it\/product\/frutto-della-passione-congelato-fresco-naturale-e-conveniente\/#breadcrumb\",\"itemListElement\":[{\"@type\":\"ListItem\",\"position\":1,\"name\":\"Home\",\"item\":\"https:\/\/nghiepxuan.com\/it\/\"},{\"@type\":\"ListItem\",\"position\":2,\"name\":\"Negozio\",\"item\":\"https:\/\/nghiepxuan.com\/it\/shop\/\"},{\"@type\":\"ListItem\",\"position\":3,\"name\":\"Frutto della passione congelato: fresco, naturale e conveniente\"}]},{\"@type\":\"WebSite\",\"@id\":\"https:\/\/nghiepxuan.com\/it\/#website\",\"url\":\"https:\/\/nghiepxuan.com\/it\/\",\"name\":\"Nghiep Xuan - Agricultural Import and Export\",\"description\":\"Nurturing Nature, Harvesting Health: Your Organic Lifestyle Destination\",\"publisher\":{\"@id\":\"https:\/\/nghiepxuan.com\/it\/#organization\"},\"potentialAction\":[{\"@type\":\"SearchAction\",\"target\":{\"@type\":\"EntryPoint\",\"urlTemplate\":\"https:\/\/nghiepxuan.com\/it\/?s={search_term_string}\"},\"query-input\":{\"@type\":\"PropertyValueSpecification\",\"valueRequired\":true,\"valueName\":\"search_term_string\"}}],\"inLanguage\":\"it-IT\"},{\"@type\":\"Organization\",\"@id\":\"https:\/\/nghiepxuan.com\/it\/#organization\",\"name\":\"Nghiep Xuan - Agricultural Import and Export\",\"url\":\"https:\/\/nghiepxuan.com\/it\/\",\"logo\":{\"@type\":\"ImageObject\",\"inLanguage\":\"it-IT\",\"@id\":\"https:\/\/nghiepxuan.com\/it\/#\/schema\/logo\/image\/\",\"url\":\"https:\/\/nghiepxuan.com\/wp-content\/uploads\/2025\/04\/Nghiep-Xuan-Logo-4.png\",\"contentUrl\":\"https:\/\/nghiepxuan.com\/wp-content\/uploads\/2025\/04\/Nghiep-Xuan-Logo-4.png\",\"width\":4167,\"height\":1015,\"caption\":\"Nghiep Xuan - Agricultural Import and Export\"},\"image\":{\"@id\":\"https:\/\/nghiepxuan.com\/it\/#\/schema\/logo\/image\/\"},\"sameAs\":[\"https:\/\/www.facebook.com\/nongsannghiepxuan\/\",\"https:\/\/x.com\/PhuTonBui\",\"https:\/\/www.instagram.com\/xuatnhapkhaunghiepxuan\/\",\"https:\/\/www.youtube.com\/@nongsannghiepxuan2066\",\"https:\/\/www.tiktok.com\/@nghiepxuan\"]}]}<\/script>\n<!-- \/ Yoast SEO plugin. -->","yoast_head_json":{"title":"Frutto della passione congelato: fresco, naturale e conveniente - Nghiep Xuan - Importazione ed Esportazione Agricola","robots":{"index":"index","follow":"follow","max-snippet":"max-snippet:-1","max-image-preview":"max-image-preview:large","max-video-preview":"max-video-preview:-1"},"canonical":"https:\/\/nghiepxuan.com\/it\/product\/frutto-della-passione-congelato-fresco-naturale-e-conveniente\/","og_locale":"it_IT","og_type":"article","og_title":"Frutto della passione congelato: fresco, naturale e conveniente - Nghiep Xuan - Importazione ed Esportazione Agricola","og_description":"Assapora il gusto tropicale del frutto della passione congelato naturale al 100%. Perfetto per frullati, dessert e molto altro, \u00e8 ricco di vitamine, antiossidanti e fibre. Comodo, pronto all'uso e perfetto per qualsiasi ricetta in ogni periodo dell'anno.","og_url":"https:\/\/nghiepxuan.com\/it\/product\/frutto-della-passione-congelato-fresco-naturale-e-conveniente\/","og_site_name":"Nghiep Xuan - Importazione ed Esportazione Agricola","article_publisher":"https:\/\/www.facebook.com\/nongsannghiepxuan\/","article_modified_time":"2025-04-07T08:02:26+00:00","og_image":[{"width":586,"height":592,"url":"https:\/\/nghiepxuan.com\/wp-content\/uploads\/2025\/04\/Passion-Fruit-Frozen-Nghiep-Xuan.png","type":"image\/png"}],"twitter_card":"summary_large_image","twitter_site":"@PhuTonBui","twitter_misc":{"Tempo di lettura stimato":"1 minuto"},"schema":{"@context":"https:\/\/schema.org","@graph":[{"@type":"WebPage","@id":"https:\/\/nghiepxuan.com\/it\/product\/frutto-della-passione-congelato-fresco-naturale-e-conveniente\/","url":"https:\/\/nghiepxuan.com\/it\/product\/frutto-della-passione-congelato-fresco-naturale-e-conveniente\/","name":"Frutto della passione congelato: fresco, naturale e conveniente - Nghiep Xuan - Importazione ed Esportazione Agricola","isPartOf":{"@id":"https:\/\/nghiepxuan.com\/it\/#website"},"primaryImageOfPage":{"@id":"https:\/\/nghiepxuan.com\/it\/product\/frutto-della-passione-congelato-fresco-naturale-e-conveniente\/#primaryimage"},"image":{"@id":"https:\/\/nghiepxuan.com\/it\/product\/frutto-della-passione-congelato-fresco-naturale-e-conveniente\/#primaryimage"},"thumbnailUrl":"https:\/\/nghiepxuan.com\/wp-content\/uploads\/2025\/04\/Passion-Fruit-Frozen-Nghiep-Xuan.png","datePublished":"2025-04-07T07:58:35+00:00","dateModified":"2025-04-07T08:02:26+00:00","breadcrumb":{"@id":"https:\/\/nghiepxuan.com\/it\/product\/frutto-della-passione-congelato-fresco-naturale-e-conveniente\/#breadcrumb"},"inLanguage":"it-IT","potentialAction":[{"@type":"ReadAction","target":["https:\/\/nghiepxuan.com\/it\/product\/frutto-della-passione-congelato-fresco-naturale-e-conveniente\/"]}]},{"@type":"ImageObject","inLanguage":"it-IT","@id":"https:\/\/nghiepxuan.com\/it\/product\/frutto-della-passione-congelato-fresco-naturale-e-conveniente\/#primaryimage","url":"https:\/\/nghiepxuan.com\/wp-content\/uploads\/2025\/04\/Passion-Fruit-Frozen-Nghiep-Xuan.png","contentUrl":"https:\/\/nghiepxuan.com\/wp-content\/uploads\/2025\/04\/Passion-Fruit-Frozen-Nghiep-Xuan.png","width":586,"height":592},{"@type":"BreadcrumbList","@id":"https:\/\/nghiepxuan.com\/it\/product\/frutto-della-passione-congelato-fresco-naturale-e-conveniente\/#breadcrumb","itemListElement":[{"@type":"ListItem","position":1,"name":"Home","item":"https:\/\/nghiepxuan.com\/it\/"},{"@type":"ListItem","position":2,"name":"Negozio","item":"https:\/\/nghiepxuan.com\/it\/shop\/"},{"@type":"ListItem","position":3,"name":"Frutto della passione congelato: fresco, naturale e conveniente"}]},{"@type":"WebSite","@id":"https:\/\/nghiepxuan.com\/it\/#website","url":"https:\/\/nghiepxuan.com\/it\/","name":"Nghiep Xuan - Agricultural Import and Export","description":"Nurturing Nature, Harvesting Health: Your Organic Lifestyle Destination","publisher":{"@id":"https:\/\/nghiepxuan.com\/it\/#organization"},"potentialAction":[{"@type":"SearchAction","target":{"@type":"EntryPoint","urlTemplate":"https:\/\/nghiepxuan.com\/it\/?s={search_term_string}"},"query-input":{"@type":"PropertyValueSpecification","valueRequired":true,"valueName":"search_term_string"}}],"inLanguage":"it-IT"},{"@type":"Organization","@id":"https:\/\/nghiepxuan.com\/it\/#organization","name":"Nghiep Xuan - Agricultural Import and Export","url":"https:\/\/nghiepxuan.com\/it\/","logo":{"@type":"ImageObject","inLanguage":"it-IT","@id":"https:\/\/nghiepxuan.com\/it\/#\/schema\/logo\/image\/","url":"https:\/\/nghiepxuan.com\/wp-content\/uploads\/2025\/04\/Nghiep-Xuan-Logo-4.png","contentUrl":"https:\/\/nghiepxuan.com\/wp-content\/uploads\/2025\/04\/Nghiep-Xuan-Logo-4.png","width":4167,"height":1015,"caption":"Nghiep Xuan - Agricultural Import and Export"},"image":{"@id":"https:\/\/nghiepxuan.com\/it\/#\/schema\/logo\/image\/"},"sameAs":["https:\/\/www.facebook.com\/nongsannghiepxuan\/","https:\/\/x.com\/PhuTonBui","https:\/\/www.instagram.com\/xuatnhapkhaunghiepxuan\/","https:\/\/www.youtube.com\/@nongsannghiepxuan2066","https:\/\/www.tiktok.com\/@nghiepxuan"]}]}},"_links":{"self":[{"href":"https:\/\/nghiepxuan.com\/it\/wp-json\/wp\/v2\/product\/8374","targetHints":{"allow":["GET"]}}],"collection":[{"href":"https:\/\/nghiepxuan.com\/it\/wp-json\/wp\/v2\/product"}],"about":[{"href":"https:\/\/nghiepxuan.com\/it\/wp-json\/wp\/v2\/types\/product"}],"replies":[{"embeddable":true,"href":"https:\/\/nghiepxuan.com\/it\/wp-json\/wp\/v2\/comments?post=8374"}],"version-history":[{"count":1,"href":"https:\/\/nghiepxuan.com\/it\/wp-json\/wp\/v2\/product\/8374\/revisions"}],"predecessor-version":[{"id":8400,"href":"https:\/\/nghiepxuan.com\/it\/wp-json\/wp\/v2\/product\/8374\/revisions\/8400"}],"wp:featuredmedia":[{"embeddable":true,"href":"https:\/\/nghiepxuan.com\/it\/wp-json\/wp\/v2\/media\/8334"}],"wp:attachment":[{"href":"https:\/\/nghiepxuan.com\/it\/wp-json\/wp\/v2\/media?parent=8374"}],"wp:term":[{"taxonomy":"product_brand","embeddable":true,"href":"https:\/\/nghiepxuan.com\/it\/wp-json\/wp\/v2\/product_brand?post=8374"},{"taxonomy":"product_cat","embeddable":true,"href":"https:\/\/nghiepxuan.com\/it\/wp-json\/wp\/v2\/product_cat?post=8374"},{"taxonomy":"product_tag","embeddable":true,"href":"https:\/\/nghiepxuan.com\/it\/wp-json\/wp\/v2\/product_tag?post=8374"}],"curies":[{"name":"wp","href":"https:\/\/api.w.org\/{rel}","templated":true}]}}