{"id":7610,"date":"2025-04-06T01:29:25","date_gmt":"2025-04-06T01:29:25","guid":{"rendered":"https:\/\/nghiepxuan.com\/?post_type=product&#038;p=7610"},"modified":"2025-04-06T01:34:55","modified_gmt":"2025-04-06T01:34:55","slug":"assaporate-la-sottile-eleganza-del-caffe-arabica-copy","status":"publish","type":"product","link":"https:\/\/nghiepxuan.com\/it\/product\/assaporate-la-sottile-eleganza-del-caffe-arabica-copy\/","title":{"rendered":"Caff\u00e8 Robusta forte per gli amanti dell&#8217;espresso"},"content":{"rendered":"<p>Nella nostra caffetteria siamo orgogliosi di servirvi i migliori chicchi di caff\u00e8 Robusta, accuratamente provenienti dalle rigogliose piantagioni di caff\u00e8. Il caff\u00e8 Robusta \u00e8 rinomato per il suo profilo di sapore forte, caratterizzato da un gusto profondo e terroso e da una nota di dolcezza di noce. Con un contenuto di caffeina pi\u00f9 elevato rispetto alla sua controparte, l&#8217;Arabica, il caff\u00e8 Robusta offre un&#8217;esperienza robusta e rinvigorente che gli appassionati di caff\u00e8 desiderano.  <\/p>\n<p>I nostri abili baristi lavorano meticolosamente ogni tazza, assicurandovi la ricchezza corposa e il gusto distintivo del caff\u00e8 Robusta. Che preferiate un classico espresso, un cremoso cappuccino o un morbido cold brew, il nostro menu offre una variet\u00e0 di bevande a base di Robusta per soddisfare le vostre preferenze. <\/p>\n<p>Il caff\u00e8 Robusta non solo delizia le papille gustative, ma offre anche una soddisfacente carica di energia, rendendolo la scelta perfetta per la pausa mattutina o per il piacere pomeridiano. Inoltre, il caff\u00e8 Robusta \u00e8 noto per la sua crema, lo spesso strato di schiuma dorata che corona l&#8217;espresso, aggiungendo una delizia visiva all&#8217;esperienza del caff\u00e8. <\/p>\n<p>Entrate nella nostra caffetteria e intraprendete un viaggio di sapori e aromi con le nostre eccezionali offerte di caff\u00e8 Robusta. Il nostro ambiente accogliente e il personale cordiale creano l&#8217;atmosfera ideale per rilassarsi, distendersi e assaporare ogni sorso. Che tu sia un intenditore di caff\u00e8 o un amante occasionale del caff\u00e8, il nostro caff\u00e8 Robusta ti lascer\u00e0 con la voglia di averne ancora.<\/p>\n","protected":false},"excerpt":{"rendered":"<p>Lasciatevi conquistare dal fascino audace del caff\u00e8 Robusta nel nostro Caff\u00e8. Proveniente dalle migliori piantagioni, la nostra Robusta offre un sapore potente e terroso con una nota di nocciola, creando un&#8217;esperienza di caff\u00e8 davvero unica. Che lo si preferisca come espresso forte, latte vellutato o rinfrescante infuso freddo, le nostre creazioni a base di Robusta promettono un gusto intenso e soddisfacente che permane nel palato. Elevate i vostri momenti di caff\u00e8 con le nostre eccezionali offerte di Robusta, dove ogni tazza racconta una storia di passione e perfezione.<\/p>\n","protected":false},"featured_media":4526,"comment_status":"open","ping_status":"closed","template":"","meta":{"content-type":""},"product_brand":[],"product_cat":[147],"product_tag":[559],"class_list":{"0":"post-7610","1":"product","2":"type-product","3":"status-publish","4":"has-post-thumbnail","6":"product_cat-cafe-cashew-apples-pepper-it","7":"product_tag-caffe","9":"first","10":"instock","11":"sale","12":"shipping-taxable","13":"purchasable","14":"product-type-variable","15":"has-default-attributes"},"yoast_head":"<!-- This site is optimized with the Yoast SEO plugin v26.9 - https:\/\/yoast.com\/product\/yoast-seo-wordpress\/ -->\n<title>Caff\u00e8 Robusta forte per gli amanti dell&#039;espresso - Nghiep Xuan - Importazione ed Esportazione Agricola<\/title>\n<meta name=\"robots\" content=\"index, follow, max-snippet:-1, max-image-preview:large, max-video-preview:-1\" \/>\n<link rel=\"canonical\" href=\"https:\/\/nghiepxuan.com\/it\/product\/assaporate-la-sottile-eleganza-del-caffe-arabica-copy\/\" \/>\n<meta property=\"og:locale\" content=\"it_IT\" \/>\n<meta property=\"og:type\" content=\"article\" \/>\n<meta property=\"og:title\" content=\"Caff\u00e8 Robusta forte per gli amanti dell&#039;espresso - Nghiep Xuan - Importazione ed Esportazione Agricola\" \/>\n<meta property=\"og:description\" content=\"Lasciatevi conquistare dal fascino audace del caff\u00e8 Robusta nel nostro Caff\u00e8. Proveniente dalle migliori piantagioni, la nostra Robusta offre un sapore potente e terroso con una nota di nocciola, creando un&#039;esperienza di caff\u00e8 davvero unica. Che lo si preferisca come espresso forte, latte vellutato o rinfrescante infuso freddo, le nostre creazioni a base di Robusta promettono un gusto intenso e soddisfacente che permane nel palato. Elevate i vostri momenti di caff\u00e8 con le nostre eccezionali offerte di Robusta, dove ogni tazza racconta una storia di passione e perfezione.\" \/>\n<meta property=\"og:url\" content=\"https:\/\/nghiepxuan.com\/it\/product\/assaporate-la-sottile-eleganza-del-caffe-arabica-copy\/\" \/>\n<meta property=\"og:site_name\" content=\"Nghiep Xuan - Importazione ed Esportazione Agricola\" \/>\n<meta property=\"article:publisher\" content=\"https:\/\/www.facebook.com\/nongsannghiepxuan\/\" \/>\n<meta property=\"article:modified_time\" content=\"2025-04-06T01:34:55+00:00\" \/>\n<meta property=\"og:image\" content=\"https:\/\/nghiepxuan.com\/wp-content\/uploads\/2023\/10\/Asset-4-100.jpg\" \/>\n\t<meta property=\"og:image:width\" content=\"900\" \/>\n\t<meta property=\"og:image:height\" content=\"500\" \/>\n\t<meta property=\"og:image:type\" content=\"image\/jpeg\" \/>\n<meta name=\"twitter:card\" content=\"summary_large_image\" \/>\n<meta name=\"twitter:site\" content=\"@PhuTonBui\" \/>\n<meta name=\"twitter:label1\" content=\"Tempo di lettura stimato\" \/>\n\t<meta name=\"twitter:data1\" content=\"1 minuto\" \/>\n<script type=\"application\/ld+json\" class=\"yoast-schema-graph\">{\"@context\":\"https:\/\/schema.org\",\"@graph\":[{\"@type\":\"WebPage\",\"@id\":\"https:\/\/nghiepxuan.com\/it\/product\/assaporate-la-sottile-eleganza-del-caffe-arabica-copy\/\",\"url\":\"https:\/\/nghiepxuan.com\/it\/product\/assaporate-la-sottile-eleganza-del-caffe-arabica-copy\/\",\"name\":\"Caff\u00e8 Robusta forte per gli amanti dell'espresso - Nghiep Xuan - Importazione ed Esportazione Agricola\",\"isPartOf\":{\"@id\":\"https:\/\/nghiepxuan.com\/it\/#website\"},\"primaryImageOfPage\":{\"@id\":\"https:\/\/nghiepxuan.com\/it\/product\/assaporate-la-sottile-eleganza-del-caffe-arabica-copy\/#primaryimage\"},\"image\":{\"@id\":\"https:\/\/nghiepxuan.com\/it\/product\/assaporate-la-sottile-eleganza-del-caffe-arabica-copy\/#primaryimage\"},\"thumbnailUrl\":\"https:\/\/nghiepxuan.com\/wp-content\/uploads\/2023\/10\/Asset-4-100.jpg\",\"datePublished\":\"2025-04-06T01:29:25+00:00\",\"dateModified\":\"2025-04-06T01:34:55+00:00\",\"breadcrumb\":{\"@id\":\"https:\/\/nghiepxuan.com\/it\/product\/assaporate-la-sottile-eleganza-del-caffe-arabica-copy\/#breadcrumb\"},\"inLanguage\":\"it-IT\",\"potentialAction\":[{\"@type\":\"ReadAction\",\"target\":[\"https:\/\/nghiepxuan.com\/it\/product\/assaporate-la-sottile-eleganza-del-caffe-arabica-copy\/\"]}]},{\"@type\":\"ImageObject\",\"inLanguage\":\"it-IT\",\"@id\":\"https:\/\/nghiepxuan.com\/it\/product\/assaporate-la-sottile-eleganza-del-caffe-arabica-copy\/#primaryimage\",\"url\":\"https:\/\/nghiepxuan.com\/wp-content\/uploads\/2023\/10\/Asset-4-100.jpg\",\"contentUrl\":\"https:\/\/nghiepxuan.com\/wp-content\/uploads\/2023\/10\/Asset-4-100.jpg\",\"width\":900,\"height\":500,\"caption\":\"Bold, Rich, and Absolutely Irresistible. Elevate your coffee experience with our Cafe Robusta \u2013 where every sip is a journey into intense flavors and unparalleled freshness. \u2615\ufe0f\u2728 #RobustaPerfection #CoffeeLoversDream\"},{\"@type\":\"BreadcrumbList\",\"@id\":\"https:\/\/nghiepxuan.com\/it\/product\/assaporate-la-sottile-eleganza-del-caffe-arabica-copy\/#breadcrumb\",\"itemListElement\":[{\"@type\":\"ListItem\",\"position\":1,\"name\":\"Home\",\"item\":\"https:\/\/nghiepxuan.com\/it\/\"},{\"@type\":\"ListItem\",\"position\":2,\"name\":\"Negozio\",\"item\":\"https:\/\/nghiepxuan.com\/it\/shop\/\"},{\"@type\":\"ListItem\",\"position\":3,\"name\":\"Caff\u00e8 Robusta forte per gli amanti dell&#8217;espresso\"}]},{\"@type\":\"WebSite\",\"@id\":\"https:\/\/nghiepxuan.com\/it\/#website\",\"url\":\"https:\/\/nghiepxuan.com\/it\/\",\"name\":\"Nghiep Xuan - Agricultural Import and Export\",\"description\":\"Nurturing Nature, Harvesting Health: Your Organic Lifestyle Destination\",\"publisher\":{\"@id\":\"https:\/\/nghiepxuan.com\/it\/#organization\"},\"potentialAction\":[{\"@type\":\"SearchAction\",\"target\":{\"@type\":\"EntryPoint\",\"urlTemplate\":\"https:\/\/nghiepxuan.com\/it\/?s={search_term_string}\"},\"query-input\":{\"@type\":\"PropertyValueSpecification\",\"valueRequired\":true,\"valueName\":\"search_term_string\"}}],\"inLanguage\":\"it-IT\"},{\"@type\":\"Organization\",\"@id\":\"https:\/\/nghiepxuan.com\/it\/#organization\",\"name\":\"Nghiep Xuan - Agricultural Import and Export\",\"url\":\"https:\/\/nghiepxuan.com\/it\/\",\"logo\":{\"@type\":\"ImageObject\",\"inLanguage\":\"it-IT\",\"@id\":\"https:\/\/nghiepxuan.com\/it\/#\/schema\/logo\/image\/\",\"url\":\"https:\/\/nghiepxuan.com\/wp-content\/uploads\/2025\/04\/Nghiep-Xuan-Logo-4.png\",\"contentUrl\":\"https:\/\/nghiepxuan.com\/wp-content\/uploads\/2025\/04\/Nghiep-Xuan-Logo-4.png\",\"width\":4167,\"height\":1015,\"caption\":\"Nghiep Xuan - Agricultural Import and Export\"},\"image\":{\"@id\":\"https:\/\/nghiepxuan.com\/it\/#\/schema\/logo\/image\/\"},\"sameAs\":[\"https:\/\/www.facebook.com\/nongsannghiepxuan\/\",\"https:\/\/x.com\/PhuTonBui\",\"https:\/\/www.instagram.com\/xuatnhapkhaunghiepxuan\/\",\"https:\/\/www.youtube.com\/@nongsannghiepxuan2066\",\"https:\/\/www.tiktok.com\/@nghiepxuan\"]}]}<\/script>\n<!-- \/ Yoast SEO plugin. -->","yoast_head_json":{"title":"Caff\u00e8 Robusta forte per gli amanti dell'espresso - Nghiep Xuan - Importazione ed Esportazione Agricola","robots":{"index":"index","follow":"follow","max-snippet":"max-snippet:-1","max-image-preview":"max-image-preview:large","max-video-preview":"max-video-preview:-1"},"canonical":"https:\/\/nghiepxuan.com\/it\/product\/assaporate-la-sottile-eleganza-del-caffe-arabica-copy\/","og_locale":"it_IT","og_type":"article","og_title":"Caff\u00e8 Robusta forte per gli amanti dell'espresso - Nghiep Xuan - Importazione ed Esportazione Agricola","og_description":"Lasciatevi conquistare dal fascino audace del caff\u00e8 Robusta nel nostro Caff\u00e8. Proveniente dalle migliori piantagioni, la nostra Robusta offre un sapore potente e terroso con una nota di nocciola, creando un'esperienza di caff\u00e8 davvero unica. Che lo si preferisca come espresso forte, latte vellutato o rinfrescante infuso freddo, le nostre creazioni a base di Robusta promettono un gusto intenso e soddisfacente che permane nel palato. Elevate i vostri momenti di caff\u00e8 con le nostre eccezionali offerte di Robusta, dove ogni tazza racconta una storia di passione e perfezione.","og_url":"https:\/\/nghiepxuan.com\/it\/product\/assaporate-la-sottile-eleganza-del-caffe-arabica-copy\/","og_site_name":"Nghiep Xuan - Importazione ed Esportazione Agricola","article_publisher":"https:\/\/www.facebook.com\/nongsannghiepxuan\/","article_modified_time":"2025-04-06T01:34:55+00:00","og_image":[{"width":900,"height":500,"url":"https:\/\/nghiepxuan.com\/wp-content\/uploads\/2023\/10\/Asset-4-100.jpg","type":"image\/jpeg"}],"twitter_card":"summary_large_image","twitter_site":"@PhuTonBui","twitter_misc":{"Tempo di lettura stimato":"1 minuto"},"schema":{"@context":"https:\/\/schema.org","@graph":[{"@type":"WebPage","@id":"https:\/\/nghiepxuan.com\/it\/product\/assaporate-la-sottile-eleganza-del-caffe-arabica-copy\/","url":"https:\/\/nghiepxuan.com\/it\/product\/assaporate-la-sottile-eleganza-del-caffe-arabica-copy\/","name":"Caff\u00e8 Robusta forte per gli amanti dell'espresso - Nghiep Xuan - Importazione ed Esportazione Agricola","isPartOf":{"@id":"https:\/\/nghiepxuan.com\/it\/#website"},"primaryImageOfPage":{"@id":"https:\/\/nghiepxuan.com\/it\/product\/assaporate-la-sottile-eleganza-del-caffe-arabica-copy\/#primaryimage"},"image":{"@id":"https:\/\/nghiepxuan.com\/it\/product\/assaporate-la-sottile-eleganza-del-caffe-arabica-copy\/#primaryimage"},"thumbnailUrl":"https:\/\/nghiepxuan.com\/wp-content\/uploads\/2023\/10\/Asset-4-100.jpg","datePublished":"2025-04-06T01:29:25+00:00","dateModified":"2025-04-06T01:34:55+00:00","breadcrumb":{"@id":"https:\/\/nghiepxuan.com\/it\/product\/assaporate-la-sottile-eleganza-del-caffe-arabica-copy\/#breadcrumb"},"inLanguage":"it-IT","potentialAction":[{"@type":"ReadAction","target":["https:\/\/nghiepxuan.com\/it\/product\/assaporate-la-sottile-eleganza-del-caffe-arabica-copy\/"]}]},{"@type":"ImageObject","inLanguage":"it-IT","@id":"https:\/\/nghiepxuan.com\/it\/product\/assaporate-la-sottile-eleganza-del-caffe-arabica-copy\/#primaryimage","url":"https:\/\/nghiepxuan.com\/wp-content\/uploads\/2023\/10\/Asset-4-100.jpg","contentUrl":"https:\/\/nghiepxuan.com\/wp-content\/uploads\/2023\/10\/Asset-4-100.jpg","width":900,"height":500,"caption":"Bold, Rich, and Absolutely Irresistible. Elevate your coffee experience with our Cafe Robusta \u2013 where every sip is a journey into intense flavors and unparalleled freshness. \u2615\ufe0f\u2728 #RobustaPerfection #CoffeeLoversDream"},{"@type":"BreadcrumbList","@id":"https:\/\/nghiepxuan.com\/it\/product\/assaporate-la-sottile-eleganza-del-caffe-arabica-copy\/#breadcrumb","itemListElement":[{"@type":"ListItem","position":1,"name":"Home","item":"https:\/\/nghiepxuan.com\/it\/"},{"@type":"ListItem","position":2,"name":"Negozio","item":"https:\/\/nghiepxuan.com\/it\/shop\/"},{"@type":"ListItem","position":3,"name":"Caff\u00e8 Robusta forte per gli amanti dell&#8217;espresso"}]},{"@type":"WebSite","@id":"https:\/\/nghiepxuan.com\/it\/#website","url":"https:\/\/nghiepxuan.com\/it\/","name":"Nghiep Xuan - Agricultural Import and Export","description":"Nurturing Nature, Harvesting Health: Your Organic Lifestyle Destination","publisher":{"@id":"https:\/\/nghiepxuan.com\/it\/#organization"},"potentialAction":[{"@type":"SearchAction","target":{"@type":"EntryPoint","urlTemplate":"https:\/\/nghiepxuan.com\/it\/?s={search_term_string}"},"query-input":{"@type":"PropertyValueSpecification","valueRequired":true,"valueName":"search_term_string"}}],"inLanguage":"it-IT"},{"@type":"Organization","@id":"https:\/\/nghiepxuan.com\/it\/#organization","name":"Nghiep Xuan - Agricultural Import and Export","url":"https:\/\/nghiepxuan.com\/it\/","logo":{"@type":"ImageObject","inLanguage":"it-IT","@id":"https:\/\/nghiepxuan.com\/it\/#\/schema\/logo\/image\/","url":"https:\/\/nghiepxuan.com\/wp-content\/uploads\/2025\/04\/Nghiep-Xuan-Logo-4.png","contentUrl":"https:\/\/nghiepxuan.com\/wp-content\/uploads\/2025\/04\/Nghiep-Xuan-Logo-4.png","width":4167,"height":1015,"caption":"Nghiep Xuan - Agricultural Import and Export"},"image":{"@id":"https:\/\/nghiepxuan.com\/it\/#\/schema\/logo\/image\/"},"sameAs":["https:\/\/www.facebook.com\/nongsannghiepxuan\/","https:\/\/x.com\/PhuTonBui","https:\/\/www.instagram.com\/xuatnhapkhaunghiepxuan\/","https:\/\/www.youtube.com\/@nongsannghiepxuan2066","https:\/\/www.tiktok.com\/@nghiepxuan"]}]}},"_links":{"self":[{"href":"https:\/\/nghiepxuan.com\/it\/wp-json\/wp\/v2\/product\/7610","targetHints":{"allow":["GET"]}}],"collection":[{"href":"https:\/\/nghiepxuan.com\/it\/wp-json\/wp\/v2\/product"}],"about":[{"href":"https:\/\/nghiepxuan.com\/it\/wp-json\/wp\/v2\/types\/product"}],"replies":[{"embeddable":true,"href":"https:\/\/nghiepxuan.com\/it\/wp-json\/wp\/v2\/comments?post=7610"}],"version-history":[{"count":2,"href":"https:\/\/nghiepxuan.com\/it\/wp-json\/wp\/v2\/product\/7610\/revisions"}],"predecessor-version":[{"id":7654,"href":"https:\/\/nghiepxuan.com\/it\/wp-json\/wp\/v2\/product\/7610\/revisions\/7654"}],"wp:featuredmedia":[{"embeddable":true,"href":"https:\/\/nghiepxuan.com\/it\/wp-json\/wp\/v2\/media\/4526"}],"wp:attachment":[{"href":"https:\/\/nghiepxuan.com\/it\/wp-json\/wp\/v2\/media?parent=7610"}],"wp:term":[{"taxonomy":"product_brand","embeddable":true,"href":"https:\/\/nghiepxuan.com\/it\/wp-json\/wp\/v2\/product_brand?post=7610"},{"taxonomy":"product_cat","embeddable":true,"href":"https:\/\/nghiepxuan.com\/it\/wp-json\/wp\/v2\/product_cat?post=7610"},{"taxonomy":"product_tag","embeddable":true,"href":"https:\/\/nghiepxuan.com\/it\/wp-json\/wp\/v2\/product_tag?post=7610"}],"curies":[{"name":"wp","href":"https:\/\/api.w.org\/{rel}","templated":true}]}}