{"id":5042,"date":"2025-04-12T02:59:21","date_gmt":"2025-04-12T02:59:21","guid":{"rendered":"https:\/\/nxg.asia\/?post_type=product&#038;p=5042"},"modified":"2025-03-29T10:00:46","modified_gmt":"2025-03-29T10:00:46","slug":"delizioso-congelato-intero-duriano-un-gusto-di-perfezione-esotica","status":"publish","type":"product","link":"https:\/\/nghiepxuan.com\/it\/product\/delizioso-congelato-intero-duriano-un-gusto-di-perfezione-esotica\/","title":{"rendered":"Delizioso Durian intero congelato: Il gusto della perfezione esotica"},"content":{"rendered":"<p>Il Durian \u00e8 un frutto tropicale, originario del sud-est asiatico, conosciuto come il &#8220;re dei frutti&#8221;. Sebbene il sapore del durian sia piuttosto pesante e forte, contiene pi\u00f9 sostanze nutritive rispetto alla maggior parte degli altri frutti.<\/p>\n<p>I frutti possono essere lunghi fino a 30 cm e larghi circa 15 cm, con un peso di 1-3 kg. La carne del durian \u00e8 di colore giallo chiaro. Il Durian \u00e8 ampiamente diffuso in molte regioni tropicali del mondo, soprattutto nel sud-est asiatico come Vietnam, Thailandia, Malesia e Indonesia. Il Durian \u00e8 un frutto molto nutriente, ricco di vitamine e fibre, oltre che di composti vegetali salutari. In 243 grammi di durian fornir\u00e0:<\/p>\n<p>Calorie: 357 Grassi: 13 grammi Vitamina C: 80% Manganese: 39% Niacina: 13%<br \/>\nFibre: 9 grammi Proteine: 4 grammi Tiamina: 61% Riboflavina: 29% Rame: 25%<br \/>\nCarboidrati: 66 grammi Vitamina B6: 38% Potassio: 30% Folato: 22% Magnesio: 18%<\/p>\n<h3><strong>Il Durian di Ant Farm &#8211; La migliore frutta surgelata<\/strong><\/h3>\n<p>Ant Farm seleziona solo il durian della pi\u00f9 alta qualit\u00e0 e lo lavora sotto rigorosi controlli igienici e di qualit\u00e0. Non vengono aggiunti conservanti artificiali, zuccheri o aromi.<\/p>\n<ul>\n<li>Il durian <strong>Ri6<\/strong> \u00e8 la migliore variet\u00e0 di durian del Vietnam meridionale. All&#8217;interno del durian Ri6 si trovano le polpe secche, spesse, dolci e moderatamente grasse, la polpa non si attacca alle mani con una fragranza piacevolmente dolce come il latte e la percentuale di piccoli semi arriva al 40%.<\/li>\n<li>Il durian <strong>Monthong<\/strong> \u00e8 la variet\u00e0 pi\u00f9 diffusa e una delle esportazioni pi\u00f9 famose. I durian Monthong sono ricchi e cremosi, con un sapore molto dolce e delicato, poco piccante.<\/li>\n<li><strong>Apparecchiatura di congelamento del durian ad azoto liquido:<\/strong> Il tempo di congelamento del durian intero, estremamente pi\u00f9 veloce rispetto ai congelatori tradizionali, consente di evitare il deterioramento dopo il raccolto e di migliorare la qualit\u00e0 degli alimenti.<\/li>\n<li>\n<h3><strong>I benefici del Durian<\/strong><\/h3>\n<p><strong>Prevenzione delle malattie cardiache:<\/strong> i composti vegetali presenti nel durian riducono i livelli di colesterolo e prevengono l&#8217;indurimento delle arterie.<\/p>\n<p><strong>Riduzione del rischio di cancro:<\/strong> Il Durian contiene molti antiossidanti. Queste sostanze hanno la capacit\u00e0 di neutralizzare i radicali liberi, causa principale della formazione e dello sviluppo delle cellule cancerogene nell&#8217;organismo. In particolare, l&#8217;estratto del frutto del durian pu\u00f2 prevenire la diffusione del cancro al seno.<\/li>\n<li><strong>Controlla gli zuccheri nel sangue:<\/strong> L&#8217;indice glicemico (IG) del durian \u00e8 inferiore a quello di altri frutti tropicali. Pertanto, il consumo di durian pu\u00f2 contribuire a ridurre la glicemia, prevenendo cos\u00ec il rischio di diabete o di malattie cardiache.<\/li>\n<li>I gusci del Durian sono piuttosto duri e hanno molte punte, quindi usate dei guanti quando li sbucciate per proteggere la vostra pelle da eventuali danni. Con un coltello, staccare delicatamente il guscio esterno, quindi rimuovere la carne interna del durian. Il Durian pu\u00f2 essere consumato direttamente o lavorato con altri ingredienti, come il riso appiccicoso.<\/li>\n<\/ul>\n","protected":false},"excerpt":{"rendered":"<p>Scoprite la vera essenza dell&#8217;indulgenza con il nostro Durian intero congelato. Proveniente dai migliori frutteti, ogni durian viene accuratamente selezionato e sapientemente congelato per preservarne la consistenza ricca e cremosa e il sapore caratteristico. Perfetto per gli appassionati di durian e per gli amanti della cucina, il nostro Durian intero surgelato offre un modo senza problemi di gustare questa esotica prelibatezza. Sia che venga gustato da solo o utilizzato in ricette creative, il nostro durian promette un&#8217;esperienza di sapore che non \u00e8 seconda a nessuno. Tuffatevi in un mondo di delizie tropicali: ordinate oggi stesso il vostro Durian intero surgelato e assaporate il gusto eccezionale di questo frutto straordinario.<\/p>\n","protected":false},"featured_media":5088,"comment_status":"open","ping_status":"closed","template":"","meta":{"content-type":""},"product_brand":[],"product_cat":[421],"product_tag":[438,436,437],"class_list":{"0":"post-5042","1":"product","2":"type-product","3":"status-publish","4":"has-post-thumbnail","6":"product_cat-frozen-it","7":"product_tag-amanti-del-durian","8":"product_tag-durian-congelato","9":"product_tag-frutta-esotica","11":"first","12":"instock","13":"shipping-taxable","14":"purchasable","15":"product-type-variable","16":"has-default-attributes"},"yoast_head":"<!-- This site is optimized with the Yoast SEO plugin v26.9 - https:\/\/yoast.com\/product\/yoast-seo-wordpress\/ -->\n<title>Delizioso Durian intero congelato: Il gusto della perfezione esotica - Nghiep Xuan - Importazione ed Esportazione Agricola<\/title>\n<meta name=\"robots\" content=\"index, follow, max-snippet:-1, max-image-preview:large, max-video-preview:-1\" \/>\n<link rel=\"canonical\" href=\"https:\/\/nghiepxuan.com\/it\/product\/delizioso-congelato-intero-duriano-un-gusto-di-perfezione-esotica\/\" \/>\n<meta property=\"og:locale\" content=\"it_IT\" \/>\n<meta property=\"og:type\" content=\"article\" \/>\n<meta property=\"og:title\" content=\"Delizioso Durian intero congelato: Il gusto della perfezione esotica - Nghiep Xuan - Importazione ed Esportazione Agricola\" \/>\n<meta property=\"og:description\" content=\"Scoprite la vera essenza dell&#039;indulgenza con il nostro Durian intero congelato. Proveniente dai migliori frutteti, ogni durian viene accuratamente selezionato e sapientemente congelato per preservarne la consistenza ricca e cremosa e il sapore caratteristico. Perfetto per gli appassionati di durian e per gli amanti della cucina, il nostro Durian intero surgelato offre un modo senza problemi di gustare questa esotica prelibatezza. Sia che venga gustato da solo o utilizzato in ricette creative, il nostro durian promette un&#039;esperienza di sapore che non \u00e8 seconda a nessuno. Tuffatevi in un mondo di delizie tropicali: ordinate oggi stesso il vostro Durian intero surgelato e assaporate il gusto eccezionale di questo frutto straordinario.\" \/>\n<meta property=\"og:url\" content=\"https:\/\/nghiepxuan.com\/it\/product\/delizioso-congelato-intero-duriano-un-gusto-di-perfezione-esotica\/\" \/>\n<meta property=\"og:site_name\" content=\"Nghiep Xuan - Importazione ed Esportazione Agricola\" \/>\n<meta property=\"article:publisher\" content=\"https:\/\/www.facebook.com\/nongsannghiepxuan\/\" \/>\n<meta property=\"og:image\" content=\"https:\/\/nghiepxuan.com\/wp-content\/uploads\/2023\/10\/sau-rieng-trai-cap-dong.gif\" \/>\n\t<meta property=\"og:image:width\" content=\"800\" \/>\n\t<meta property=\"og:image:height\" content=\"800\" \/>\n\t<meta property=\"og:image:type\" content=\"image\/gif\" \/>\n<meta name=\"twitter:card\" content=\"summary_large_image\" \/>\n<meta name=\"twitter:site\" content=\"@PhuTonBui\" \/>\n<meta name=\"twitter:label1\" content=\"Tempo di lettura stimato\" \/>\n\t<meta name=\"twitter:data1\" content=\"2 minuti\" \/>\n<script type=\"application\/ld+json\" class=\"yoast-schema-graph\">{\"@context\":\"https:\/\/schema.org\",\"@graph\":[{\"@type\":\"WebPage\",\"@id\":\"https:\/\/nghiepxuan.com\/it\/product\/delizioso-congelato-intero-duriano-un-gusto-di-perfezione-esotica\/\",\"url\":\"https:\/\/nghiepxuan.com\/it\/product\/delizioso-congelato-intero-duriano-un-gusto-di-perfezione-esotica\/\",\"name\":\"Delizioso Durian intero congelato: Il gusto della perfezione esotica - Nghiep Xuan - Importazione ed Esportazione Agricola\",\"isPartOf\":{\"@id\":\"https:\/\/nghiepxuan.com\/it\/#website\"},\"primaryImageOfPage\":{\"@id\":\"https:\/\/nghiepxuan.com\/it\/product\/delizioso-congelato-intero-duriano-un-gusto-di-perfezione-esotica\/#primaryimage\"},\"image\":{\"@id\":\"https:\/\/nghiepxuan.com\/it\/product\/delizioso-congelato-intero-duriano-un-gusto-di-perfezione-esotica\/#primaryimage\"},\"thumbnailUrl\":\"https:\/\/nghiepxuan.com\/wp-content\/uploads\/2023\/10\/sau-rieng-trai-cap-dong.gif\",\"datePublished\":\"2025-04-12T02:59:21+00:00\",\"breadcrumb\":{\"@id\":\"https:\/\/nghiepxuan.com\/it\/product\/delizioso-congelato-intero-duriano-un-gusto-di-perfezione-esotica\/#breadcrumb\"},\"inLanguage\":\"it-IT\",\"potentialAction\":[{\"@type\":\"ReadAction\",\"target\":[\"https:\/\/nghiepxuan.com\/it\/product\/delizioso-congelato-intero-duriano-un-gusto-di-perfezione-esotica\/\"]}]},{\"@type\":\"ImageObject\",\"inLanguage\":\"it-IT\",\"@id\":\"https:\/\/nghiepxuan.com\/it\/product\/delizioso-congelato-intero-duriano-un-gusto-di-perfezione-esotica\/#primaryimage\",\"url\":\"https:\/\/nghiepxuan.com\/wp-content\/uploads\/2023\/10\/sau-rieng-trai-cap-dong.gif\",\"contentUrl\":\"https:\/\/nghiepxuan.com\/wp-content\/uploads\/2023\/10\/sau-rieng-trai-cap-dong.gif\",\"width\":800,\"height\":800},{\"@type\":\"BreadcrumbList\",\"@id\":\"https:\/\/nghiepxuan.com\/it\/product\/delizioso-congelato-intero-duriano-un-gusto-di-perfezione-esotica\/#breadcrumb\",\"itemListElement\":[{\"@type\":\"ListItem\",\"position\":1,\"name\":\"Home\",\"item\":\"https:\/\/nghiepxuan.com\/it\/\"},{\"@type\":\"ListItem\",\"position\":2,\"name\":\"Negozio\",\"item\":\"https:\/\/nghiepxuan.com\/it\/shop\/\"},{\"@type\":\"ListItem\",\"position\":3,\"name\":\"Delizioso Durian intero congelato: Il gusto della perfezione esotica\"}]},{\"@type\":\"WebSite\",\"@id\":\"https:\/\/nghiepxuan.com\/it\/#website\",\"url\":\"https:\/\/nghiepxuan.com\/it\/\",\"name\":\"Nghiep Xuan - Agricultural Import and Export\",\"description\":\"Nurturing Nature, Harvesting Health: Your Organic Lifestyle Destination\",\"publisher\":{\"@id\":\"https:\/\/nghiepxuan.com\/it\/#organization\"},\"potentialAction\":[{\"@type\":\"SearchAction\",\"target\":{\"@type\":\"EntryPoint\",\"urlTemplate\":\"https:\/\/nghiepxuan.com\/it\/?s={search_term_string}\"},\"query-input\":{\"@type\":\"PropertyValueSpecification\",\"valueRequired\":true,\"valueName\":\"search_term_string\"}}],\"inLanguage\":\"it-IT\"},{\"@type\":\"Organization\",\"@id\":\"https:\/\/nghiepxuan.com\/it\/#organization\",\"name\":\"Nghiep Xuan - Agricultural Import and Export\",\"url\":\"https:\/\/nghiepxuan.com\/it\/\",\"logo\":{\"@type\":\"ImageObject\",\"inLanguage\":\"it-IT\",\"@id\":\"https:\/\/nghiepxuan.com\/it\/#\/schema\/logo\/image\/\",\"url\":\"https:\/\/nghiepxuan.com\/wp-content\/uploads\/2025\/04\/Nghiep-Xuan-Logo-4.png\",\"contentUrl\":\"https:\/\/nghiepxuan.com\/wp-content\/uploads\/2025\/04\/Nghiep-Xuan-Logo-4.png\",\"width\":4167,\"height\":1015,\"caption\":\"Nghiep Xuan - Agricultural Import and Export\"},\"image\":{\"@id\":\"https:\/\/nghiepxuan.com\/it\/#\/schema\/logo\/image\/\"},\"sameAs\":[\"https:\/\/www.facebook.com\/nongsannghiepxuan\/\",\"https:\/\/x.com\/PhuTonBui\",\"https:\/\/www.instagram.com\/xuatnhapkhaunghiepxuan\/\",\"https:\/\/www.youtube.com\/@nongsannghiepxuan2066\",\"https:\/\/www.tiktok.com\/@nghiepxuan\"]}]}<\/script>\n<!-- \/ Yoast SEO plugin. -->","yoast_head_json":{"title":"Delizioso Durian intero congelato: Il gusto della perfezione esotica - Nghiep Xuan - Importazione ed Esportazione Agricola","robots":{"index":"index","follow":"follow","max-snippet":"max-snippet:-1","max-image-preview":"max-image-preview:large","max-video-preview":"max-video-preview:-1"},"canonical":"https:\/\/nghiepxuan.com\/it\/product\/delizioso-congelato-intero-duriano-un-gusto-di-perfezione-esotica\/","og_locale":"it_IT","og_type":"article","og_title":"Delizioso Durian intero congelato: Il gusto della perfezione esotica - Nghiep Xuan - Importazione ed Esportazione Agricola","og_description":"Scoprite la vera essenza dell'indulgenza con il nostro Durian intero congelato. Proveniente dai migliori frutteti, ogni durian viene accuratamente selezionato e sapientemente congelato per preservarne la consistenza ricca e cremosa e il sapore caratteristico. Perfetto per gli appassionati di durian e per gli amanti della cucina, il nostro Durian intero surgelato offre un modo senza problemi di gustare questa esotica prelibatezza. Sia che venga gustato da solo o utilizzato in ricette creative, il nostro durian promette un'esperienza di sapore che non \u00e8 seconda a nessuno. Tuffatevi in un mondo di delizie tropicali: ordinate oggi stesso il vostro Durian intero surgelato e assaporate il gusto eccezionale di questo frutto straordinario.","og_url":"https:\/\/nghiepxuan.com\/it\/product\/delizioso-congelato-intero-duriano-un-gusto-di-perfezione-esotica\/","og_site_name":"Nghiep Xuan - Importazione ed Esportazione Agricola","article_publisher":"https:\/\/www.facebook.com\/nongsannghiepxuan\/","og_image":[{"width":800,"height":800,"url":"https:\/\/nghiepxuan.com\/wp-content\/uploads\/2023\/10\/sau-rieng-trai-cap-dong.gif","type":"image\/gif"}],"twitter_card":"summary_large_image","twitter_site":"@PhuTonBui","twitter_misc":{"Tempo di lettura stimato":"2 minuti"},"schema":{"@context":"https:\/\/schema.org","@graph":[{"@type":"WebPage","@id":"https:\/\/nghiepxuan.com\/it\/product\/delizioso-congelato-intero-duriano-un-gusto-di-perfezione-esotica\/","url":"https:\/\/nghiepxuan.com\/it\/product\/delizioso-congelato-intero-duriano-un-gusto-di-perfezione-esotica\/","name":"Delizioso Durian intero congelato: Il gusto della perfezione esotica - Nghiep Xuan - Importazione ed Esportazione Agricola","isPartOf":{"@id":"https:\/\/nghiepxuan.com\/it\/#website"},"primaryImageOfPage":{"@id":"https:\/\/nghiepxuan.com\/it\/product\/delizioso-congelato-intero-duriano-un-gusto-di-perfezione-esotica\/#primaryimage"},"image":{"@id":"https:\/\/nghiepxuan.com\/it\/product\/delizioso-congelato-intero-duriano-un-gusto-di-perfezione-esotica\/#primaryimage"},"thumbnailUrl":"https:\/\/nghiepxuan.com\/wp-content\/uploads\/2023\/10\/sau-rieng-trai-cap-dong.gif","datePublished":"2025-04-12T02:59:21+00:00","breadcrumb":{"@id":"https:\/\/nghiepxuan.com\/it\/product\/delizioso-congelato-intero-duriano-un-gusto-di-perfezione-esotica\/#breadcrumb"},"inLanguage":"it-IT","potentialAction":[{"@type":"ReadAction","target":["https:\/\/nghiepxuan.com\/it\/product\/delizioso-congelato-intero-duriano-un-gusto-di-perfezione-esotica\/"]}]},{"@type":"ImageObject","inLanguage":"it-IT","@id":"https:\/\/nghiepxuan.com\/it\/product\/delizioso-congelato-intero-duriano-un-gusto-di-perfezione-esotica\/#primaryimage","url":"https:\/\/nghiepxuan.com\/wp-content\/uploads\/2023\/10\/sau-rieng-trai-cap-dong.gif","contentUrl":"https:\/\/nghiepxuan.com\/wp-content\/uploads\/2023\/10\/sau-rieng-trai-cap-dong.gif","width":800,"height":800},{"@type":"BreadcrumbList","@id":"https:\/\/nghiepxuan.com\/it\/product\/delizioso-congelato-intero-duriano-un-gusto-di-perfezione-esotica\/#breadcrumb","itemListElement":[{"@type":"ListItem","position":1,"name":"Home","item":"https:\/\/nghiepxuan.com\/it\/"},{"@type":"ListItem","position":2,"name":"Negozio","item":"https:\/\/nghiepxuan.com\/it\/shop\/"},{"@type":"ListItem","position":3,"name":"Delizioso Durian intero congelato: Il gusto della perfezione esotica"}]},{"@type":"WebSite","@id":"https:\/\/nghiepxuan.com\/it\/#website","url":"https:\/\/nghiepxuan.com\/it\/","name":"Nghiep Xuan - Agricultural Import and Export","description":"Nurturing Nature, Harvesting Health: Your Organic Lifestyle Destination","publisher":{"@id":"https:\/\/nghiepxuan.com\/it\/#organization"},"potentialAction":[{"@type":"SearchAction","target":{"@type":"EntryPoint","urlTemplate":"https:\/\/nghiepxuan.com\/it\/?s={search_term_string}"},"query-input":{"@type":"PropertyValueSpecification","valueRequired":true,"valueName":"search_term_string"}}],"inLanguage":"it-IT"},{"@type":"Organization","@id":"https:\/\/nghiepxuan.com\/it\/#organization","name":"Nghiep Xuan - Agricultural Import and Export","url":"https:\/\/nghiepxuan.com\/it\/","logo":{"@type":"ImageObject","inLanguage":"it-IT","@id":"https:\/\/nghiepxuan.com\/it\/#\/schema\/logo\/image\/","url":"https:\/\/nghiepxuan.com\/wp-content\/uploads\/2025\/04\/Nghiep-Xuan-Logo-4.png","contentUrl":"https:\/\/nghiepxuan.com\/wp-content\/uploads\/2025\/04\/Nghiep-Xuan-Logo-4.png","width":4167,"height":1015,"caption":"Nghiep Xuan - Agricultural Import and Export"},"image":{"@id":"https:\/\/nghiepxuan.com\/it\/#\/schema\/logo\/image\/"},"sameAs":["https:\/\/www.facebook.com\/nongsannghiepxuan\/","https:\/\/x.com\/PhuTonBui","https:\/\/www.instagram.com\/xuatnhapkhaunghiepxuan\/","https:\/\/www.youtube.com\/@nongsannghiepxuan2066","https:\/\/www.tiktok.com\/@nghiepxuan"]}]}},"_links":{"self":[{"href":"https:\/\/nghiepxuan.com\/it\/wp-json\/wp\/v2\/product\/5042","targetHints":{"allow":["GET"]}}],"collection":[{"href":"https:\/\/nghiepxuan.com\/it\/wp-json\/wp\/v2\/product"}],"about":[{"href":"https:\/\/nghiepxuan.com\/it\/wp-json\/wp\/v2\/types\/product"}],"replies":[{"embeddable":true,"href":"https:\/\/nghiepxuan.com\/it\/wp-json\/wp\/v2\/comments?post=5042"}],"version-history":[{"count":1,"href":"https:\/\/nghiepxuan.com\/it\/wp-json\/wp\/v2\/product\/5042\/revisions"}],"predecessor-version":[{"id":6990,"href":"https:\/\/nghiepxuan.com\/it\/wp-json\/wp\/v2\/product\/5042\/revisions\/6990"}],"wp:featuredmedia":[{"embeddable":true,"href":"https:\/\/nghiepxuan.com\/it\/wp-json\/wp\/v2\/media\/5088"}],"wp:attachment":[{"href":"https:\/\/nghiepxuan.com\/it\/wp-json\/wp\/v2\/media?parent=5042"}],"wp:term":[{"taxonomy":"product_brand","embeddable":true,"href":"https:\/\/nghiepxuan.com\/it\/wp-json\/wp\/v2\/product_brand?post=5042"},{"taxonomy":"product_cat","embeddable":true,"href":"https:\/\/nghiepxuan.com\/it\/wp-json\/wp\/v2\/product_cat?post=5042"},{"taxonomy":"product_tag","embeddable":true,"href":"https:\/\/nghiepxuan.com\/it\/wp-json\/wp\/v2\/product_tag?post=5042"}],"curies":[{"name":"wp","href":"https:\/\/api.w.org\/{rel}","templated":true}]}}