{"id":4959,"date":"2023-10-23T02:46:30","date_gmt":"2023-10-23T02:46:30","guid":{"rendered":"https:\/\/farm-lang.cdn-pi.com\/product\/scoprite-le-delizie-del-jackfruit-fresco-il-dolce-tesoro-tropicale-della-natura\/"},"modified":"2025-03-29T10:00:57","modified_gmt":"2025-03-29T10:00:57","slug":"esplora-i-piaceri-del-frutto-di-jack-fresco-dolce-tesoro-tropicale-della-natura","status":"publish","type":"product","link":"https:\/\/nghiepxuan.com\/it\/product\/esplora-i-piaceri-del-frutto-di-jack-fresco-dolce-tesoro-tropicale-della-natura\/","title":{"rendered":"Scoprite le delizie del Jackfruit fresco: Il dolce tesoro tropicale della natura"},"content":{"rendered":"<p>Tuffatevi nella dolcezza tropicale del Jackfruit fresco!<\/p>\n<p>Scoprite gli straordinari sapori del nostro jackfruit fresco, una deliziosa specialit\u00e0 tropicale che cattura l&#8217;essenza dei frutteti assolati. Conosciuto come il frutto dell&#8217;albero pi\u00f9 grande del mondo, il jackfruit vanta una combinazione unica di dolcezza e versatilit\u00e0, che lo rende uno dei preferiti dagli appassionati di cucina e dagli chef.<\/p>\n<p>I nostri frutti di jack provengono dai migliori boschetti e sono raccolti al massimo della maturazione. Con un gusto delizioso che ricorda una miscela di ananas, banana e mango, i nostri frutti di jack sono una deliziosa aggiunta alle vostre avventure culinarie. La loro polpa naturalmente dolce e profumata non \u00e8 solo golosa, ma anche ricca di sostanze nutritive essenziali, che la rendono una scelta sana per la vostra dieta.<\/p>\n<p>Se gustato fresco, grigliato, frullato o incorporato in piatti salati, le possibilit\u00e0 del jackfruit sono infinite. La sua consistenza carnosa la rende una popolare alternativa vegetale, perfetta per creare ricette vegetariane e vegane che soddisfino anche i palati pi\u00f9 esigenti.<\/p>\n<p>Scoprite il gusto ricco e tropicale del nostro jackfruit fresco e arricchite i vostri pasti con un tocco di dolcezza esotica. Perfetto per spuntini, cotture al forno, grigliate o esperimenti in cucina, il nostro jackfruit invita a sperimentare i sapori vibranti dei tropici.<\/p>\n<p>Concedetevi la dolcezza naturale e la versatilit\u00e0 del jackfruit fresco. Venite a trovarci oggi e intraprendete un viaggio culinario che celebra la bont\u00e0 dell&#8217;indulgenza tropicale.<\/p>\n","protected":false},"excerpt":{"rendered":"<p>Provate la magia tropicale del jackfruit fresco. I nostri frutti di jack sono una miscela perfetta di dolcezza e versatilit\u00e0, che li rende un&#8217;aggiunta deliziosa alle vostre avventure culinarie. Gustato fresco, grigliato, frullato o utilizzato in piatti salati, il jackfruit aggiunge un tocco esotico ai vostri pasti. Scoprite il lato dolce dei tropici con il nostro jackfruit fresco<\/p>\n","protected":false},"featured_media":4741,"comment_status":"open","ping_status":"closed","template":"","meta":{"content-type":""},"product_brand":[],"product_cat":[172],"product_tag":[354,353,355],"class_list":{"0":"post-4959","1":"product","2":"type-product","3":"status-publish","4":"has-post-thumbnail","6":"product_cat-fruits-it","7":"product_tag-delizia-tropicale","8":"product_tag-gioia-del-frutto-di-scimmia","9":"product_tag-meraviglie-a-base-vegetale","11":"first","12":"instock","13":"shipping-taxable","14":"purchasable","15":"product-type-variable","16":"has-default-attributes"},"yoast_head":"<!-- This site is optimized with the Yoast SEO plugin v26.9 - https:\/\/yoast.com\/product\/yoast-seo-wordpress\/ -->\n<title>Scoprite le delizie del Jackfruit fresco: Il dolce tesoro tropicale della natura - Nghiep Xuan - Importazione ed Esportazione Agricola<\/title>\n<meta name=\"robots\" content=\"index, follow, max-snippet:-1, max-image-preview:large, max-video-preview:-1\" \/>\n<link rel=\"canonical\" href=\"https:\/\/nghiepxuan.com\/it\/product\/esplora-i-piaceri-del-frutto-di-jack-fresco-dolce-tesoro-tropicale-della-natura\/\" \/>\n<meta property=\"og:locale\" content=\"it_IT\" \/>\n<meta property=\"og:type\" content=\"article\" \/>\n<meta property=\"og:title\" content=\"Scoprite le delizie del Jackfruit fresco: Il dolce tesoro tropicale della natura - Nghiep Xuan - Importazione ed Esportazione Agricola\" \/>\n<meta property=\"og:description\" content=\"Provate la magia tropicale del jackfruit fresco. I nostri frutti di jack sono una miscela perfetta di dolcezza e versatilit\u00e0, che li rende un&#039;aggiunta deliziosa alle vostre avventure culinarie. Gustato fresco, grigliato, frullato o utilizzato in piatti salati, il jackfruit aggiunge un tocco esotico ai vostri pasti. Scoprite il lato dolce dei tropici con il nostro jackfruit fresco\" \/>\n<meta property=\"og:url\" content=\"https:\/\/nghiepxuan.com\/it\/product\/esplora-i-piaceri-del-frutto-di-jack-fresco-dolce-tesoro-tropicale-della-natura\/\" \/>\n<meta property=\"og:site_name\" content=\"Nghiep Xuan - Importazione ed Esportazione Agricola\" \/>\n<meta property=\"article:publisher\" content=\"https:\/\/www.facebook.com\/nongsannghiepxuan\/\" \/>\n<meta property=\"article:modified_time\" content=\"2025-03-29T10:00:57+00:00\" \/>\n<meta property=\"og:image\" content=\"https:\/\/nghiepxuan.com\/wp-content\/uploads\/2023\/10\/tim-hieu-ve-qua-mit-san-pham-va-cac-vi-luong-co-trong-qua-mit-01-min.jpg\" \/>\n\t<meta property=\"og:image:width\" content=\"696\" \/>\n\t<meta property=\"og:image:height\" content=\"435\" \/>\n\t<meta property=\"og:image:type\" content=\"image\/jpeg\" \/>\n<meta name=\"twitter:card\" content=\"summary_large_image\" \/>\n<meta name=\"twitter:site\" content=\"@PhuTonBui\" \/>\n<meta name=\"twitter:label1\" content=\"Tempo di lettura stimato\" \/>\n\t<meta name=\"twitter:data1\" content=\"1 minuto\" \/>\n<script type=\"application\/ld+json\" class=\"yoast-schema-graph\">{\"@context\":\"https:\/\/schema.org\",\"@graph\":[{\"@type\":\"WebPage\",\"@id\":\"https:\/\/nghiepxuan.com\/it\/product\/esplora-i-piaceri-del-frutto-di-jack-fresco-dolce-tesoro-tropicale-della-natura\/\",\"url\":\"https:\/\/nghiepxuan.com\/it\/product\/esplora-i-piaceri-del-frutto-di-jack-fresco-dolce-tesoro-tropicale-della-natura\/\",\"name\":\"Scoprite le delizie del Jackfruit fresco: Il dolce tesoro tropicale della natura - Nghiep Xuan - Importazione ed Esportazione Agricola\",\"isPartOf\":{\"@id\":\"https:\/\/nghiepxuan.com\/it\/#website\"},\"primaryImageOfPage\":{\"@id\":\"https:\/\/nghiepxuan.com\/it\/product\/esplora-i-piaceri-del-frutto-di-jack-fresco-dolce-tesoro-tropicale-della-natura\/#primaryimage\"},\"image\":{\"@id\":\"https:\/\/nghiepxuan.com\/it\/product\/esplora-i-piaceri-del-frutto-di-jack-fresco-dolce-tesoro-tropicale-della-natura\/#primaryimage\"},\"thumbnailUrl\":\"https:\/\/nghiepxuan.com\/wp-content\/uploads\/2023\/10\/tim-hieu-ve-qua-mit-san-pham-va-cac-vi-luong-co-trong-qua-mit-01-min.jpg\",\"datePublished\":\"2023-10-23T02:46:30+00:00\",\"dateModified\":\"2025-03-29T10:00:57+00:00\",\"breadcrumb\":{\"@id\":\"https:\/\/nghiepxuan.com\/it\/product\/esplora-i-piaceri-del-frutto-di-jack-fresco-dolce-tesoro-tropicale-della-natura\/#breadcrumb\"},\"inLanguage\":\"it-IT\",\"potentialAction\":[{\"@type\":\"ReadAction\",\"target\":[\"https:\/\/nghiepxuan.com\/it\/product\/esplora-i-piaceri-del-frutto-di-jack-fresco-dolce-tesoro-tropicale-della-natura\/\"]}]},{\"@type\":\"ImageObject\",\"inLanguage\":\"it-IT\",\"@id\":\"https:\/\/nghiepxuan.com\/it\/product\/esplora-i-piaceri-del-frutto-di-jack-fresco-dolce-tesoro-tropicale-della-natura\/#primaryimage\",\"url\":\"https:\/\/nghiepxuan.com\/wp-content\/uploads\/2023\/10\/tim-hieu-ve-qua-mit-san-pham-va-cac-vi-luong-co-trong-qua-mit-01-min.jpg\",\"contentUrl\":\"https:\/\/nghiepxuan.com\/wp-content\/uploads\/2023\/10\/tim-hieu-ve-qua-mit-san-pham-va-cac-vi-luong-co-trong-qua-mit-01-min.jpg\",\"width\":696,\"height\":435},{\"@type\":\"BreadcrumbList\",\"@id\":\"https:\/\/nghiepxuan.com\/it\/product\/esplora-i-piaceri-del-frutto-di-jack-fresco-dolce-tesoro-tropicale-della-natura\/#breadcrumb\",\"itemListElement\":[{\"@type\":\"ListItem\",\"position\":1,\"name\":\"Home\",\"item\":\"https:\/\/nghiepxuan.com\/it\/\"},{\"@type\":\"ListItem\",\"position\":2,\"name\":\"Negozio\",\"item\":\"https:\/\/nghiepxuan.com\/it\/shop\/\"},{\"@type\":\"ListItem\",\"position\":3,\"name\":\"Scoprite le delizie del Jackfruit fresco: Il dolce tesoro tropicale della natura\"}]},{\"@type\":\"WebSite\",\"@id\":\"https:\/\/nghiepxuan.com\/it\/#website\",\"url\":\"https:\/\/nghiepxuan.com\/it\/\",\"name\":\"Nghiep Xuan - Agricultural Import and Export\",\"description\":\"Nurturing Nature, Harvesting Health: Your Organic Lifestyle Destination\",\"publisher\":{\"@id\":\"https:\/\/nghiepxuan.com\/it\/#organization\"},\"potentialAction\":[{\"@type\":\"SearchAction\",\"target\":{\"@type\":\"EntryPoint\",\"urlTemplate\":\"https:\/\/nghiepxuan.com\/it\/?s={search_term_string}\"},\"query-input\":{\"@type\":\"PropertyValueSpecification\",\"valueRequired\":true,\"valueName\":\"search_term_string\"}}],\"inLanguage\":\"it-IT\"},{\"@type\":\"Organization\",\"@id\":\"https:\/\/nghiepxuan.com\/it\/#organization\",\"name\":\"Nghiep Xuan - Agricultural Import and Export\",\"url\":\"https:\/\/nghiepxuan.com\/it\/\",\"logo\":{\"@type\":\"ImageObject\",\"inLanguage\":\"it-IT\",\"@id\":\"https:\/\/nghiepxuan.com\/it\/#\/schema\/logo\/image\/\",\"url\":\"https:\/\/nghiepxuan.com\/wp-content\/uploads\/2025\/04\/Nghiep-Xuan-Logo-4.png\",\"contentUrl\":\"https:\/\/nghiepxuan.com\/wp-content\/uploads\/2025\/04\/Nghiep-Xuan-Logo-4.png\",\"width\":4167,\"height\":1015,\"caption\":\"Nghiep Xuan - Agricultural Import and Export\"},\"image\":{\"@id\":\"https:\/\/nghiepxuan.com\/it\/#\/schema\/logo\/image\/\"},\"sameAs\":[\"https:\/\/www.facebook.com\/nongsannghiepxuan\/\",\"https:\/\/x.com\/PhuTonBui\",\"https:\/\/www.instagram.com\/xuatnhapkhaunghiepxuan\/\",\"https:\/\/www.youtube.com\/@nongsannghiepxuan2066\",\"https:\/\/www.tiktok.com\/@nghiepxuan\"]}]}<\/script>\n<!-- \/ Yoast SEO plugin. -->","yoast_head_json":{"title":"Scoprite le delizie del Jackfruit fresco: Il dolce tesoro tropicale della natura - Nghiep Xuan - Importazione ed Esportazione Agricola","robots":{"index":"index","follow":"follow","max-snippet":"max-snippet:-1","max-image-preview":"max-image-preview:large","max-video-preview":"max-video-preview:-1"},"canonical":"https:\/\/nghiepxuan.com\/it\/product\/esplora-i-piaceri-del-frutto-di-jack-fresco-dolce-tesoro-tropicale-della-natura\/","og_locale":"it_IT","og_type":"article","og_title":"Scoprite le delizie del Jackfruit fresco: Il dolce tesoro tropicale della natura - Nghiep Xuan - Importazione ed Esportazione Agricola","og_description":"Provate la magia tropicale del jackfruit fresco. I nostri frutti di jack sono una miscela perfetta di dolcezza e versatilit\u00e0, che li rende un'aggiunta deliziosa alle vostre avventure culinarie. Gustato fresco, grigliato, frullato o utilizzato in piatti salati, il jackfruit aggiunge un tocco esotico ai vostri pasti. Scoprite il lato dolce dei tropici con il nostro jackfruit fresco","og_url":"https:\/\/nghiepxuan.com\/it\/product\/esplora-i-piaceri-del-frutto-di-jack-fresco-dolce-tesoro-tropicale-della-natura\/","og_site_name":"Nghiep Xuan - Importazione ed Esportazione Agricola","article_publisher":"https:\/\/www.facebook.com\/nongsannghiepxuan\/","article_modified_time":"2025-03-29T10:00:57+00:00","og_image":[{"width":696,"height":435,"url":"https:\/\/nghiepxuan.com\/wp-content\/uploads\/2023\/10\/tim-hieu-ve-qua-mit-san-pham-va-cac-vi-luong-co-trong-qua-mit-01-min.jpg","type":"image\/jpeg"}],"twitter_card":"summary_large_image","twitter_site":"@PhuTonBui","twitter_misc":{"Tempo di lettura stimato":"1 minuto"},"schema":{"@context":"https:\/\/schema.org","@graph":[{"@type":"WebPage","@id":"https:\/\/nghiepxuan.com\/it\/product\/esplora-i-piaceri-del-frutto-di-jack-fresco-dolce-tesoro-tropicale-della-natura\/","url":"https:\/\/nghiepxuan.com\/it\/product\/esplora-i-piaceri-del-frutto-di-jack-fresco-dolce-tesoro-tropicale-della-natura\/","name":"Scoprite le delizie del Jackfruit fresco: Il dolce tesoro tropicale della natura - Nghiep Xuan - Importazione ed Esportazione Agricola","isPartOf":{"@id":"https:\/\/nghiepxuan.com\/it\/#website"},"primaryImageOfPage":{"@id":"https:\/\/nghiepxuan.com\/it\/product\/esplora-i-piaceri-del-frutto-di-jack-fresco-dolce-tesoro-tropicale-della-natura\/#primaryimage"},"image":{"@id":"https:\/\/nghiepxuan.com\/it\/product\/esplora-i-piaceri-del-frutto-di-jack-fresco-dolce-tesoro-tropicale-della-natura\/#primaryimage"},"thumbnailUrl":"https:\/\/nghiepxuan.com\/wp-content\/uploads\/2023\/10\/tim-hieu-ve-qua-mit-san-pham-va-cac-vi-luong-co-trong-qua-mit-01-min.jpg","datePublished":"2023-10-23T02:46:30+00:00","dateModified":"2025-03-29T10:00:57+00:00","breadcrumb":{"@id":"https:\/\/nghiepxuan.com\/it\/product\/esplora-i-piaceri-del-frutto-di-jack-fresco-dolce-tesoro-tropicale-della-natura\/#breadcrumb"},"inLanguage":"it-IT","potentialAction":[{"@type":"ReadAction","target":["https:\/\/nghiepxuan.com\/it\/product\/esplora-i-piaceri-del-frutto-di-jack-fresco-dolce-tesoro-tropicale-della-natura\/"]}]},{"@type":"ImageObject","inLanguage":"it-IT","@id":"https:\/\/nghiepxuan.com\/it\/product\/esplora-i-piaceri-del-frutto-di-jack-fresco-dolce-tesoro-tropicale-della-natura\/#primaryimage","url":"https:\/\/nghiepxuan.com\/wp-content\/uploads\/2023\/10\/tim-hieu-ve-qua-mit-san-pham-va-cac-vi-luong-co-trong-qua-mit-01-min.jpg","contentUrl":"https:\/\/nghiepxuan.com\/wp-content\/uploads\/2023\/10\/tim-hieu-ve-qua-mit-san-pham-va-cac-vi-luong-co-trong-qua-mit-01-min.jpg","width":696,"height":435},{"@type":"BreadcrumbList","@id":"https:\/\/nghiepxuan.com\/it\/product\/esplora-i-piaceri-del-frutto-di-jack-fresco-dolce-tesoro-tropicale-della-natura\/#breadcrumb","itemListElement":[{"@type":"ListItem","position":1,"name":"Home","item":"https:\/\/nghiepxuan.com\/it\/"},{"@type":"ListItem","position":2,"name":"Negozio","item":"https:\/\/nghiepxuan.com\/it\/shop\/"},{"@type":"ListItem","position":3,"name":"Scoprite le delizie del Jackfruit fresco: Il dolce tesoro tropicale della natura"}]},{"@type":"WebSite","@id":"https:\/\/nghiepxuan.com\/it\/#website","url":"https:\/\/nghiepxuan.com\/it\/","name":"Nghiep Xuan - Agricultural Import and Export","description":"Nurturing Nature, Harvesting Health: Your Organic Lifestyle Destination","publisher":{"@id":"https:\/\/nghiepxuan.com\/it\/#organization"},"potentialAction":[{"@type":"SearchAction","target":{"@type":"EntryPoint","urlTemplate":"https:\/\/nghiepxuan.com\/it\/?s={search_term_string}"},"query-input":{"@type":"PropertyValueSpecification","valueRequired":true,"valueName":"search_term_string"}}],"inLanguage":"it-IT"},{"@type":"Organization","@id":"https:\/\/nghiepxuan.com\/it\/#organization","name":"Nghiep Xuan - Agricultural Import and Export","url":"https:\/\/nghiepxuan.com\/it\/","logo":{"@type":"ImageObject","inLanguage":"it-IT","@id":"https:\/\/nghiepxuan.com\/it\/#\/schema\/logo\/image\/","url":"https:\/\/nghiepxuan.com\/wp-content\/uploads\/2025\/04\/Nghiep-Xuan-Logo-4.png","contentUrl":"https:\/\/nghiepxuan.com\/wp-content\/uploads\/2025\/04\/Nghiep-Xuan-Logo-4.png","width":4167,"height":1015,"caption":"Nghiep Xuan - Agricultural Import and Export"},"image":{"@id":"https:\/\/nghiepxuan.com\/it\/#\/schema\/logo\/image\/"},"sameAs":["https:\/\/www.facebook.com\/nongsannghiepxuan\/","https:\/\/x.com\/PhuTonBui","https:\/\/www.instagram.com\/xuatnhapkhaunghiepxuan\/","https:\/\/www.youtube.com\/@nongsannghiepxuan2066","https:\/\/www.tiktok.com\/@nghiepxuan"]}]}},"_links":{"self":[{"href":"https:\/\/nghiepxuan.com\/it\/wp-json\/wp\/v2\/product\/4959","targetHints":{"allow":["GET"]}}],"collection":[{"href":"https:\/\/nghiepxuan.com\/it\/wp-json\/wp\/v2\/product"}],"about":[{"href":"https:\/\/nghiepxuan.com\/it\/wp-json\/wp\/v2\/types\/product"}],"replies":[{"embeddable":true,"href":"https:\/\/nghiepxuan.com\/it\/wp-json\/wp\/v2\/comments?post=4959"}],"version-history":[{"count":1,"href":"https:\/\/nghiepxuan.com\/it\/wp-json\/wp\/v2\/product\/4959\/revisions"}],"predecessor-version":[{"id":7007,"href":"https:\/\/nghiepxuan.com\/it\/wp-json\/wp\/v2\/product\/4959\/revisions\/7007"}],"wp:featuredmedia":[{"embeddable":true,"href":"https:\/\/nghiepxuan.com\/it\/wp-json\/wp\/v2\/media\/4741"}],"wp:attachment":[{"href":"https:\/\/nghiepxuan.com\/it\/wp-json\/wp\/v2\/media?parent=4959"}],"wp:term":[{"taxonomy":"product_brand","embeddable":true,"href":"https:\/\/nghiepxuan.com\/it\/wp-json\/wp\/v2\/product_brand?post=4959"},{"taxonomy":"product_cat","embeddable":true,"href":"https:\/\/nghiepxuan.com\/it\/wp-json\/wp\/v2\/product_cat?post=4959"},{"taxonomy":"product_tag","embeddable":true,"href":"https:\/\/nghiepxuan.com\/it\/wp-json\/wp\/v2\/product_tag?post=4959"}],"curies":[{"name":"wp","href":"https:\/\/api.w.org\/{rel}","templated":true}]}}