{"id":4881,"date":"2023-10-23T01:47:24","date_gmt":"2023-10-23T01:47:24","guid":{"rendered":"https:\/\/farm-lang.cdn-pi.com\/product\/scoprite-i-sapori-deliziosi-degli-anacardi\/"},"modified":"2025-03-29T10:01:10","modified_gmt":"2025-03-29T10:01:10","slug":"esplorare-i-sapori-deliziosi-degli-anacardi","status":"publish","type":"product","link":"https:\/\/nghiepxuan.com\/it\/product\/esplorare-i-sapori-deliziosi-degli-anacardi\/","title":{"rendered":"Scoprite i sapori deliziosi degli anacardi"},"content":{"rendered":"<p>Concedetevi la perfezione croccante degli anacardi!<\/p>\n<p>Deliziate le vostre papille gustative con i nostri anacardi di prima qualit\u00e0, il tesoro croccante della natura ricco di bont\u00e0 salutari. Provenienti dai migliori anacardi, le nostre noci sono accuratamente selezionate per garantire una qualit\u00e0 eccellente e un gusto irresistibile.<\/p>\n<p>Gli anacardi non sono solo deliziosi, ma offrono anche una pletora di benefici per la salute. Ricchi di sostanze nutritive essenziali, sono una ricca fonte di proteine, grassi sani e antiossidanti, che favoriscono la salute del cuore e aumentano l&#8217;immunit\u00e0 generale. La loro consistenza cremosa e il loro sapore delicato e burroso li rendono un ingrediente versatile, perfetto per gli spuntini, la cottura al forno o per aggiungere una deliziosa croccantezza ai vostri piatti preferiti.<\/p>\n<p>Nel nostro negozio troverete un&#8217;ampia variet\u00e0 di prodotti a base di anacardi per soddisfare le vostre esigenze. Dagli anacardi perfettamente tostati e salati per un trattamento salato agli anacardi glassati al miele per i pi\u00f9 golosi, la nostra gamma soddisfa ogni palato. Offriamo anche anacardi naturali, non salati, per chi cerca uno snack sano e senza sensi di colpa.<\/p>\n<p>Che si tratti di ospitare una riunione, preparare un pasto gourmet o semplicemente cercare uno spuntino sano, i nostri anacardi di prima qualit\u00e0 sono la scelta ideale. Provate la croccantezza e il sapore ricco dei nostri anacardi e portate la vostra esperienza di spuntino a un livello completamente nuovo.<\/p>\n<p>Concedetevi oggi i migliori anacardi. Visitate il nostro negozio e intraprendete un viaggio culinario all&#8217;insegna della croccante perfezione degli anacardi. Le vostre papille gustative meritano solo il meglio!<\/p>\n","protected":false},"excerpt":{"rendered":"<p>Scoprite il gusto irresistibile dei nostri anacardi: uno snack delizioso e salutare che soddisfa la vostra voglia di mangiare. Questi tesori cremosi e croccanti sono perfetti da portare con s\u00e9. Ricchi di grassi sani e di sostanze nutritive essenziali, sono uno sfizio senza sensi di colpa per una carica di energia e di sapore. Elevate il vostro spuntino con i nostri anacardi di prima qualit\u00e0 e sperimentate il perfetto equilibrio tra cremosit\u00e0 e croccantezza in ogni boccone.<\/p>\n","protected":false},"featured_media":4615,"comment_status":"open","ping_status":"closed","template":"","meta":{"content-type":""},"product_brand":[],"product_cat":[147],"product_tag":[],"class_list":{"0":"post-4881","1":"product","2":"type-product","3":"status-publish","4":"has-post-thumbnail","6":"product_cat-cafe-cashew-apples-pepper-it","8":"first","9":"instock","10":"shipping-taxable","11":"purchasable","12":"product-type-variable","13":"has-default-attributes"},"yoast_head":"<!-- This site is optimized with the Yoast SEO plugin v26.9 - https:\/\/yoast.com\/product\/yoast-seo-wordpress\/ -->\n<title>Scoprite i sapori deliziosi degli anacardi - Nghiep Xuan - Importazione ed Esportazione Agricola<\/title>\n<meta name=\"robots\" content=\"index, follow, max-snippet:-1, max-image-preview:large, max-video-preview:-1\" \/>\n<link rel=\"canonical\" href=\"https:\/\/nghiepxuan.com\/it\/product\/esplorare-i-sapori-deliziosi-degli-anacardi\/\" \/>\n<meta property=\"og:locale\" content=\"it_IT\" \/>\n<meta property=\"og:type\" content=\"article\" \/>\n<meta property=\"og:title\" content=\"Scoprite i sapori deliziosi degli anacardi - Nghiep Xuan - Importazione ed Esportazione Agricola\" \/>\n<meta property=\"og:description\" content=\"Scoprite il gusto irresistibile dei nostri anacardi: uno snack delizioso e salutare che soddisfa la vostra voglia di mangiare. Questi tesori cremosi e croccanti sono perfetti da portare con s\u00e9. Ricchi di grassi sani e di sostanze nutritive essenziali, sono uno sfizio senza sensi di colpa per una carica di energia e di sapore. Elevate il vostro spuntino con i nostri anacardi di prima qualit\u00e0 e sperimentate il perfetto equilibrio tra cremosit\u00e0 e croccantezza in ogni boccone.\" \/>\n<meta property=\"og:url\" content=\"https:\/\/nghiepxuan.com\/it\/product\/esplorare-i-sapori-deliziosi-degli-anacardi\/\" \/>\n<meta property=\"og:site_name\" content=\"Nghiep Xuan - Importazione ed Esportazione Agricola\" \/>\n<meta property=\"article:publisher\" content=\"https:\/\/www.facebook.com\/nongsannghiepxuan\/\" \/>\n<meta property=\"article:modified_time\" content=\"2025-03-29T10:01:10+00:00\" \/>\n<meta property=\"og:image\" content=\"https:\/\/nghiepxuan.com\/wp-content\/uploads\/2023\/10\/hat-dieu-tho-duoc-tach-vo-nhu-the-nao-nezqz.jpg\" \/>\n\t<meta property=\"og:image:width\" content=\"700\" \/>\n\t<meta property=\"og:image:height\" content=\"500\" \/>\n\t<meta property=\"og:image:type\" content=\"image\/jpeg\" \/>\n<meta name=\"twitter:card\" content=\"summary_large_image\" \/>\n<meta name=\"twitter:site\" content=\"@PhuTonBui\" \/>\n<meta name=\"twitter:label1\" content=\"Tempo di lettura stimato\" \/>\n\t<meta name=\"twitter:data1\" content=\"1 minuto\" \/>\n<script type=\"application\/ld+json\" class=\"yoast-schema-graph\">{\"@context\":\"https:\/\/schema.org\",\"@graph\":[{\"@type\":\"WebPage\",\"@id\":\"https:\/\/nghiepxuan.com\/it\/product\/esplorare-i-sapori-deliziosi-degli-anacardi\/\",\"url\":\"https:\/\/nghiepxuan.com\/it\/product\/esplorare-i-sapori-deliziosi-degli-anacardi\/\",\"name\":\"Scoprite i sapori deliziosi degli anacardi - Nghiep Xuan - Importazione ed Esportazione Agricola\",\"isPartOf\":{\"@id\":\"https:\/\/nghiepxuan.com\/it\/#website\"},\"primaryImageOfPage\":{\"@id\":\"https:\/\/nghiepxuan.com\/it\/product\/esplorare-i-sapori-deliziosi-degli-anacardi\/#primaryimage\"},\"image\":{\"@id\":\"https:\/\/nghiepxuan.com\/it\/product\/esplorare-i-sapori-deliziosi-degli-anacardi\/#primaryimage\"},\"thumbnailUrl\":\"https:\/\/nghiepxuan.com\/wp-content\/uploads\/2023\/10\/hat-dieu-tho-duoc-tach-vo-nhu-the-nao-nezqz.jpg\",\"datePublished\":\"2023-10-23T01:47:24+00:00\",\"dateModified\":\"2025-03-29T10:01:10+00:00\",\"breadcrumb\":{\"@id\":\"https:\/\/nghiepxuan.com\/it\/product\/esplorare-i-sapori-deliziosi-degli-anacardi\/#breadcrumb\"},\"inLanguage\":\"it-IT\",\"potentialAction\":[{\"@type\":\"ReadAction\",\"target\":[\"https:\/\/nghiepxuan.com\/it\/product\/esplorare-i-sapori-deliziosi-degli-anacardi\/\"]}]},{\"@type\":\"ImageObject\",\"inLanguage\":\"it-IT\",\"@id\":\"https:\/\/nghiepxuan.com\/it\/product\/esplorare-i-sapori-deliziosi-degli-anacardi\/#primaryimage\",\"url\":\"https:\/\/nghiepxuan.com\/wp-content\/uploads\/2023\/10\/hat-dieu-tho-duoc-tach-vo-nhu-the-nao-nezqz.jpg\",\"contentUrl\":\"https:\/\/nghiepxuan.com\/wp-content\/uploads\/2023\/10\/hat-dieu-tho-duoc-tach-vo-nhu-the-nao-nezqz.jpg\",\"width\":700,\"height\":500},{\"@type\":\"BreadcrumbList\",\"@id\":\"https:\/\/nghiepxuan.com\/it\/product\/esplorare-i-sapori-deliziosi-degli-anacardi\/#breadcrumb\",\"itemListElement\":[{\"@type\":\"ListItem\",\"position\":1,\"name\":\"Home\",\"item\":\"https:\/\/nghiepxuan.com\/it\/\"},{\"@type\":\"ListItem\",\"position\":2,\"name\":\"Negozio\",\"item\":\"https:\/\/nghiepxuan.com\/it\/shop\/\"},{\"@type\":\"ListItem\",\"position\":3,\"name\":\"Scoprite i sapori deliziosi degli anacardi\"}]},{\"@type\":\"WebSite\",\"@id\":\"https:\/\/nghiepxuan.com\/it\/#website\",\"url\":\"https:\/\/nghiepxuan.com\/it\/\",\"name\":\"Nghiep Xuan - Agricultural Import and Export\",\"description\":\"Nurturing Nature, Harvesting Health: Your Organic Lifestyle Destination\",\"publisher\":{\"@id\":\"https:\/\/nghiepxuan.com\/it\/#organization\"},\"potentialAction\":[{\"@type\":\"SearchAction\",\"target\":{\"@type\":\"EntryPoint\",\"urlTemplate\":\"https:\/\/nghiepxuan.com\/it\/?s={search_term_string}\"},\"query-input\":{\"@type\":\"PropertyValueSpecification\",\"valueRequired\":true,\"valueName\":\"search_term_string\"}}],\"inLanguage\":\"it-IT\"},{\"@type\":\"Organization\",\"@id\":\"https:\/\/nghiepxuan.com\/it\/#organization\",\"name\":\"Nghiep Xuan - Agricultural Import and Export\",\"url\":\"https:\/\/nghiepxuan.com\/it\/\",\"logo\":{\"@type\":\"ImageObject\",\"inLanguage\":\"it-IT\",\"@id\":\"https:\/\/nghiepxuan.com\/it\/#\/schema\/logo\/image\/\",\"url\":\"https:\/\/nghiepxuan.com\/wp-content\/uploads\/2025\/04\/Nghiep-Xuan-Logo-4.png\",\"contentUrl\":\"https:\/\/nghiepxuan.com\/wp-content\/uploads\/2025\/04\/Nghiep-Xuan-Logo-4.png\",\"width\":4167,\"height\":1015,\"caption\":\"Nghiep Xuan - Agricultural Import and Export\"},\"image\":{\"@id\":\"https:\/\/nghiepxuan.com\/it\/#\/schema\/logo\/image\/\"},\"sameAs\":[\"https:\/\/www.facebook.com\/nongsannghiepxuan\/\",\"https:\/\/x.com\/PhuTonBui\",\"https:\/\/www.instagram.com\/xuatnhapkhaunghiepxuan\/\",\"https:\/\/www.youtube.com\/@nongsannghiepxuan2066\",\"https:\/\/www.tiktok.com\/@nghiepxuan\"]}]}<\/script>\n<!-- \/ Yoast SEO plugin. -->","yoast_head_json":{"title":"Scoprite i sapori deliziosi degli anacardi - Nghiep Xuan - Importazione ed Esportazione Agricola","robots":{"index":"index","follow":"follow","max-snippet":"max-snippet:-1","max-image-preview":"max-image-preview:large","max-video-preview":"max-video-preview:-1"},"canonical":"https:\/\/nghiepxuan.com\/it\/product\/esplorare-i-sapori-deliziosi-degli-anacardi\/","og_locale":"it_IT","og_type":"article","og_title":"Scoprite i sapori deliziosi degli anacardi - Nghiep Xuan - Importazione ed Esportazione Agricola","og_description":"Scoprite il gusto irresistibile dei nostri anacardi: uno snack delizioso e salutare che soddisfa la vostra voglia di mangiare. Questi tesori cremosi e croccanti sono perfetti da portare con s\u00e9. Ricchi di grassi sani e di sostanze nutritive essenziali, sono uno sfizio senza sensi di colpa per una carica di energia e di sapore. Elevate il vostro spuntino con i nostri anacardi di prima qualit\u00e0 e sperimentate il perfetto equilibrio tra cremosit\u00e0 e croccantezza in ogni boccone.","og_url":"https:\/\/nghiepxuan.com\/it\/product\/esplorare-i-sapori-deliziosi-degli-anacardi\/","og_site_name":"Nghiep Xuan - Importazione ed Esportazione Agricola","article_publisher":"https:\/\/www.facebook.com\/nongsannghiepxuan\/","article_modified_time":"2025-03-29T10:01:10+00:00","og_image":[{"width":700,"height":500,"url":"https:\/\/nghiepxuan.com\/wp-content\/uploads\/2023\/10\/hat-dieu-tho-duoc-tach-vo-nhu-the-nao-nezqz.jpg","type":"image\/jpeg"}],"twitter_card":"summary_large_image","twitter_site":"@PhuTonBui","twitter_misc":{"Tempo di lettura stimato":"1 minuto"},"schema":{"@context":"https:\/\/schema.org","@graph":[{"@type":"WebPage","@id":"https:\/\/nghiepxuan.com\/it\/product\/esplorare-i-sapori-deliziosi-degli-anacardi\/","url":"https:\/\/nghiepxuan.com\/it\/product\/esplorare-i-sapori-deliziosi-degli-anacardi\/","name":"Scoprite i sapori deliziosi degli anacardi - Nghiep Xuan - Importazione ed Esportazione Agricola","isPartOf":{"@id":"https:\/\/nghiepxuan.com\/it\/#website"},"primaryImageOfPage":{"@id":"https:\/\/nghiepxuan.com\/it\/product\/esplorare-i-sapori-deliziosi-degli-anacardi\/#primaryimage"},"image":{"@id":"https:\/\/nghiepxuan.com\/it\/product\/esplorare-i-sapori-deliziosi-degli-anacardi\/#primaryimage"},"thumbnailUrl":"https:\/\/nghiepxuan.com\/wp-content\/uploads\/2023\/10\/hat-dieu-tho-duoc-tach-vo-nhu-the-nao-nezqz.jpg","datePublished":"2023-10-23T01:47:24+00:00","dateModified":"2025-03-29T10:01:10+00:00","breadcrumb":{"@id":"https:\/\/nghiepxuan.com\/it\/product\/esplorare-i-sapori-deliziosi-degli-anacardi\/#breadcrumb"},"inLanguage":"it-IT","potentialAction":[{"@type":"ReadAction","target":["https:\/\/nghiepxuan.com\/it\/product\/esplorare-i-sapori-deliziosi-degli-anacardi\/"]}]},{"@type":"ImageObject","inLanguage":"it-IT","@id":"https:\/\/nghiepxuan.com\/it\/product\/esplorare-i-sapori-deliziosi-degli-anacardi\/#primaryimage","url":"https:\/\/nghiepxuan.com\/wp-content\/uploads\/2023\/10\/hat-dieu-tho-duoc-tach-vo-nhu-the-nao-nezqz.jpg","contentUrl":"https:\/\/nghiepxuan.com\/wp-content\/uploads\/2023\/10\/hat-dieu-tho-duoc-tach-vo-nhu-the-nao-nezqz.jpg","width":700,"height":500},{"@type":"BreadcrumbList","@id":"https:\/\/nghiepxuan.com\/it\/product\/esplorare-i-sapori-deliziosi-degli-anacardi\/#breadcrumb","itemListElement":[{"@type":"ListItem","position":1,"name":"Home","item":"https:\/\/nghiepxuan.com\/it\/"},{"@type":"ListItem","position":2,"name":"Negozio","item":"https:\/\/nghiepxuan.com\/it\/shop\/"},{"@type":"ListItem","position":3,"name":"Scoprite i sapori deliziosi degli anacardi"}]},{"@type":"WebSite","@id":"https:\/\/nghiepxuan.com\/it\/#website","url":"https:\/\/nghiepxuan.com\/it\/","name":"Nghiep Xuan - Agricultural Import and Export","description":"Nurturing Nature, Harvesting Health: Your Organic Lifestyle Destination","publisher":{"@id":"https:\/\/nghiepxuan.com\/it\/#organization"},"potentialAction":[{"@type":"SearchAction","target":{"@type":"EntryPoint","urlTemplate":"https:\/\/nghiepxuan.com\/it\/?s={search_term_string}"},"query-input":{"@type":"PropertyValueSpecification","valueRequired":true,"valueName":"search_term_string"}}],"inLanguage":"it-IT"},{"@type":"Organization","@id":"https:\/\/nghiepxuan.com\/it\/#organization","name":"Nghiep Xuan - Agricultural Import and Export","url":"https:\/\/nghiepxuan.com\/it\/","logo":{"@type":"ImageObject","inLanguage":"it-IT","@id":"https:\/\/nghiepxuan.com\/it\/#\/schema\/logo\/image\/","url":"https:\/\/nghiepxuan.com\/wp-content\/uploads\/2025\/04\/Nghiep-Xuan-Logo-4.png","contentUrl":"https:\/\/nghiepxuan.com\/wp-content\/uploads\/2025\/04\/Nghiep-Xuan-Logo-4.png","width":4167,"height":1015,"caption":"Nghiep Xuan - Agricultural Import and Export"},"image":{"@id":"https:\/\/nghiepxuan.com\/it\/#\/schema\/logo\/image\/"},"sameAs":["https:\/\/www.facebook.com\/nongsannghiepxuan\/","https:\/\/x.com\/PhuTonBui","https:\/\/www.instagram.com\/xuatnhapkhaunghiepxuan\/","https:\/\/www.youtube.com\/@nongsannghiepxuan2066","https:\/\/www.tiktok.com\/@nghiepxuan"]}]}},"_links":{"self":[{"href":"https:\/\/nghiepxuan.com\/it\/wp-json\/wp\/v2\/product\/4881","targetHints":{"allow":["GET"]}}],"collection":[{"href":"https:\/\/nghiepxuan.com\/it\/wp-json\/wp\/v2\/product"}],"about":[{"href":"https:\/\/nghiepxuan.com\/it\/wp-json\/wp\/v2\/types\/product"}],"replies":[{"embeddable":true,"href":"https:\/\/nghiepxuan.com\/it\/wp-json\/wp\/v2\/comments?post=4881"}],"version-history":[{"count":1,"href":"https:\/\/nghiepxuan.com\/it\/wp-json\/wp\/v2\/product\/4881\/revisions"}],"predecessor-version":[{"id":7031,"href":"https:\/\/nghiepxuan.com\/it\/wp-json\/wp\/v2\/product\/4881\/revisions\/7031"}],"wp:featuredmedia":[{"embeddable":true,"href":"https:\/\/nghiepxuan.com\/it\/wp-json\/wp\/v2\/media\/4615"}],"wp:attachment":[{"href":"https:\/\/nghiepxuan.com\/it\/wp-json\/wp\/v2\/media?parent=4881"}],"wp:term":[{"taxonomy":"product_brand","embeddable":true,"href":"https:\/\/nghiepxuan.com\/it\/wp-json\/wp\/v2\/product_brand?post=4881"},{"taxonomy":"product_cat","embeddable":true,"href":"https:\/\/nghiepxuan.com\/it\/wp-json\/wp\/v2\/product_cat?post=4881"},{"taxonomy":"product_tag","embeddable":true,"href":"https:\/\/nghiepxuan.com\/it\/wp-json\/wp\/v2\/product_tag?post=4881"}],"curies":[{"name":"wp","href":"https:\/\/api.w.org\/{rel}","templated":true}]}}