{"id":4857,"date":"2023-10-23T01:36:33","date_gmt":"2023-10-23T01:36:33","guid":{"rendered":"https:\/\/farm-lang.cdn-pi.com\/product\/assaporate-la-sottile-eleganza-del-caffe-arabica\/"},"modified":"2025-03-29T10:01:16","modified_gmt":"2025-03-29T10:01:16","slug":"assaporare-la-sottile-eleganza-del-caffe-arabico","status":"publish","type":"product","link":"https:\/\/nghiepxuan.com\/it\/product\/assaporare-la-sottile-eleganza-del-caffe-arabico\/","title":{"rendered":"Assaporate la sottile eleganza del caff\u00e8 Arabica"},"content":{"rendered":"<p>Nella nostra caffetteria vi offriamo l&#8217;impareggiabile ricchezza del caff\u00e8 arabica, celebrato in tutto il mondo per il suo sapore morbido e pastoso e per il suo aroma invitante. Provenienti dalle regioni di alta quota di rinomati paesi produttori di caff\u00e8, i nostri chicchi di Arabica sono selezionati con cura per garantire un&#8217;esperienza di caff\u00e8 premium e autentica.<\/p>\n<p>Il caff\u00e8 Arabica \u00e8 caratterizzato da una sottile acidit\u00e0, da deliziose note di dolcezza e da un profilo gustativo delicato ed equilibrato. Con un contenuto di caffeina inferiore rispetto ad altre variet\u00e0 di caff\u00e8, l&#8217;Arabica offre un sapore raffinato e sofisticato che piace agli amanti del caff\u00e8 pi\u00f9 esigenti.<\/p>\n<p>I nostri esperti baristi preparano sapientemente ogni tazza, offrendo una consistenza vellutata e una miscela armoniosa di sapori. Che preferiate un classico caff\u00e8 nero, un latte schiumoso o una bevanda decadente ispirata al dessert, il nostro menu offre una selezione diversificata di bevande a base di arabica per soddisfare tutti i gusti.<\/p>\n<p>Lasciatevi conquistare dalle deliziose note del caff\u00e8 arabica, sia che cerchiate un momento di relax o una carica di energia. L&#8217;eleganza del caff\u00e8 arabica vi aspetta nel nostro bar, dove ogni sorso \u00e8 un viaggio nel mondo dell&#8217;artigianato del caff\u00e8.<\/p>\n","protected":false},"excerpt":{"rendered":"<p>Scoprite il mondo del caff\u00e8 Arabica, dove la sottile eleganza incontra un sapore eccezionale. I nostri chicchi di arabica, accuratamente selezionati, offrono un gusto morbido e pastoso con una nota di dolcezza. Dal classico caff\u00e8 nero al cremoso caffelatte, offriamo una gamma di opzioni per soddisfare le vostre preferenze. Elevate la vostra esperienza di caff\u00e8 con i migliori chicchi di Arabica.<\/p>\n","protected":false},"featured_media":4540,"comment_status":"open","ping_status":"closed","template":"","meta":{"content-type":""},"product_brand":[],"product_cat":[147],"product_tag":[559],"class_list":{"0":"post-4857","1":"product","2":"type-product","3":"status-publish","4":"has-post-thumbnail","6":"product_cat-cafe-cashew-apples-pepper-it","7":"product_tag-caffe","9":"first","10":"instock","11":"shipping-taxable","12":"purchasable","13":"product-type-variable","14":"has-default-attributes"},"yoast_head":"<!-- This site is optimized with the Yoast SEO plugin v26.9 - https:\/\/yoast.com\/product\/yoast-seo-wordpress\/ -->\n<title>Assaporate la sottile eleganza del caff\u00e8 Arabica - Nghiep Xuan - Importazione ed Esportazione Agricola<\/title>\n<meta name=\"robots\" content=\"index, follow, max-snippet:-1, max-image-preview:large, max-video-preview:-1\" \/>\n<link rel=\"canonical\" href=\"https:\/\/nghiepxuan.com\/it\/product\/assaporare-la-sottile-eleganza-del-caffe-arabico\/\" \/>\n<meta property=\"og:locale\" content=\"it_IT\" \/>\n<meta property=\"og:type\" content=\"article\" \/>\n<meta property=\"og:title\" content=\"Assaporate la sottile eleganza del caff\u00e8 Arabica - Nghiep Xuan - Importazione ed Esportazione Agricola\" \/>\n<meta property=\"og:description\" content=\"Scoprite il mondo del caff\u00e8 Arabica, dove la sottile eleganza incontra un sapore eccezionale. I nostri chicchi di arabica, accuratamente selezionati, offrono un gusto morbido e pastoso con una nota di dolcezza. Dal classico caff\u00e8 nero al cremoso caffelatte, offriamo una gamma di opzioni per soddisfare le vostre preferenze. Elevate la vostra esperienza di caff\u00e8 con i migliori chicchi di Arabica.\" \/>\n<meta property=\"og:url\" content=\"https:\/\/nghiepxuan.com\/it\/product\/assaporare-la-sottile-eleganza-del-caffe-arabico\/\" \/>\n<meta property=\"og:site_name\" content=\"Nghiep Xuan - Importazione ed Esportazione Agricola\" \/>\n<meta property=\"article:publisher\" content=\"https:\/\/www.facebook.com\/nongsannghiepxuan\/\" \/>\n<meta property=\"article:modified_time\" content=\"2025-03-29T10:01:16+00:00\" \/>\n<meta property=\"og:image\" content=\"https:\/\/nghiepxuan.com\/wp-content\/uploads\/2023\/10\/pngtree-cofee-arabica-texture-corns-photo-image_1134224.jpg\" \/>\n\t<meta property=\"og:image:width\" content=\"960\" \/>\n\t<meta property=\"og:image:height\" content=\"640\" \/>\n\t<meta property=\"og:image:type\" content=\"image\/jpeg\" \/>\n<meta name=\"twitter:card\" content=\"summary_large_image\" \/>\n<meta name=\"twitter:site\" content=\"@PhuTonBui\" \/>\n<meta name=\"twitter:label1\" content=\"Tempo di lettura stimato\" \/>\n\t<meta name=\"twitter:data1\" content=\"1 minuto\" \/>\n<script type=\"application\/ld+json\" class=\"yoast-schema-graph\">{\"@context\":\"https:\/\/schema.org\",\"@graph\":[{\"@type\":\"WebPage\",\"@id\":\"https:\/\/nghiepxuan.com\/it\/product\/assaporare-la-sottile-eleganza-del-caffe-arabico\/\",\"url\":\"https:\/\/nghiepxuan.com\/it\/product\/assaporare-la-sottile-eleganza-del-caffe-arabico\/\",\"name\":\"Assaporate la sottile eleganza del caff\u00e8 Arabica - Nghiep Xuan - Importazione ed Esportazione Agricola\",\"isPartOf\":{\"@id\":\"https:\/\/nghiepxuan.com\/it\/#website\"},\"primaryImageOfPage\":{\"@id\":\"https:\/\/nghiepxuan.com\/it\/product\/assaporare-la-sottile-eleganza-del-caffe-arabico\/#primaryimage\"},\"image\":{\"@id\":\"https:\/\/nghiepxuan.com\/it\/product\/assaporare-la-sottile-eleganza-del-caffe-arabico\/#primaryimage\"},\"thumbnailUrl\":\"https:\/\/nghiepxuan.com\/wp-content\/uploads\/2023\/10\/pngtree-cofee-arabica-texture-corns-photo-image_1134224.jpg\",\"datePublished\":\"2023-10-23T01:36:33+00:00\",\"dateModified\":\"2025-03-29T10:01:16+00:00\",\"breadcrumb\":{\"@id\":\"https:\/\/nghiepxuan.com\/it\/product\/assaporare-la-sottile-eleganza-del-caffe-arabico\/#breadcrumb\"},\"inLanguage\":\"it-IT\",\"potentialAction\":[{\"@type\":\"ReadAction\",\"target\":[\"https:\/\/nghiepxuan.com\/it\/product\/assaporare-la-sottile-eleganza-del-caffe-arabico\/\"]}]},{\"@type\":\"ImageObject\",\"inLanguage\":\"it-IT\",\"@id\":\"https:\/\/nghiepxuan.com\/it\/product\/assaporare-la-sottile-eleganza-del-caffe-arabico\/#primaryimage\",\"url\":\"https:\/\/nghiepxuan.com\/wp-content\/uploads\/2023\/10\/pngtree-cofee-arabica-texture-corns-photo-image_1134224.jpg\",\"contentUrl\":\"https:\/\/nghiepxuan.com\/wp-content\/uploads\/2023\/10\/pngtree-cofee-arabica-texture-corns-photo-image_1134224.jpg\",\"width\":960,\"height\":640,\"caption\":\"Embark on a Flavorful Journey. Arabica Coffee \u2013 Where Sophistication Meets Every Sip. \u2615\ufe0f\u2728 #ArabicaElegance #CoffeePerfection\"},{\"@type\":\"BreadcrumbList\",\"@id\":\"https:\/\/nghiepxuan.com\/it\/product\/assaporare-la-sottile-eleganza-del-caffe-arabico\/#breadcrumb\",\"itemListElement\":[{\"@type\":\"ListItem\",\"position\":1,\"name\":\"Home\",\"item\":\"https:\/\/nghiepxuan.com\/it\/\"},{\"@type\":\"ListItem\",\"position\":2,\"name\":\"Negozio\",\"item\":\"https:\/\/nghiepxuan.com\/it\/shop\/\"},{\"@type\":\"ListItem\",\"position\":3,\"name\":\"Assaporate la sottile eleganza del caff\u00e8 Arabica\"}]},{\"@type\":\"WebSite\",\"@id\":\"https:\/\/nghiepxuan.com\/it\/#website\",\"url\":\"https:\/\/nghiepxuan.com\/it\/\",\"name\":\"Nghiep Xuan - Agricultural Import and Export\",\"description\":\"Nurturing Nature, Harvesting Health: Your Organic Lifestyle Destination\",\"publisher\":{\"@id\":\"https:\/\/nghiepxuan.com\/it\/#organization\"},\"potentialAction\":[{\"@type\":\"SearchAction\",\"target\":{\"@type\":\"EntryPoint\",\"urlTemplate\":\"https:\/\/nghiepxuan.com\/it\/?s={search_term_string}\"},\"query-input\":{\"@type\":\"PropertyValueSpecification\",\"valueRequired\":true,\"valueName\":\"search_term_string\"}}],\"inLanguage\":\"it-IT\"},{\"@type\":\"Organization\",\"@id\":\"https:\/\/nghiepxuan.com\/it\/#organization\",\"name\":\"Nghiep Xuan - Agricultural Import and Export\",\"url\":\"https:\/\/nghiepxuan.com\/it\/\",\"logo\":{\"@type\":\"ImageObject\",\"inLanguage\":\"it-IT\",\"@id\":\"https:\/\/nghiepxuan.com\/it\/#\/schema\/logo\/image\/\",\"url\":\"https:\/\/nghiepxuan.com\/wp-content\/uploads\/2025\/04\/Nghiep-Xuan-Logo-4.png\",\"contentUrl\":\"https:\/\/nghiepxuan.com\/wp-content\/uploads\/2025\/04\/Nghiep-Xuan-Logo-4.png\",\"width\":4167,\"height\":1015,\"caption\":\"Nghiep Xuan - Agricultural Import and Export\"},\"image\":{\"@id\":\"https:\/\/nghiepxuan.com\/it\/#\/schema\/logo\/image\/\"},\"sameAs\":[\"https:\/\/www.facebook.com\/nongsannghiepxuan\/\",\"https:\/\/x.com\/PhuTonBui\",\"https:\/\/www.instagram.com\/xuatnhapkhaunghiepxuan\/\",\"https:\/\/www.youtube.com\/@nongsannghiepxuan2066\",\"https:\/\/www.tiktok.com\/@nghiepxuan\"]}]}<\/script>\n<!-- \/ Yoast SEO plugin. -->","yoast_head_json":{"title":"Assaporate la sottile eleganza del caff\u00e8 Arabica - Nghiep Xuan - Importazione ed Esportazione Agricola","robots":{"index":"index","follow":"follow","max-snippet":"max-snippet:-1","max-image-preview":"max-image-preview:large","max-video-preview":"max-video-preview:-1"},"canonical":"https:\/\/nghiepxuan.com\/it\/product\/assaporare-la-sottile-eleganza-del-caffe-arabico\/","og_locale":"it_IT","og_type":"article","og_title":"Assaporate la sottile eleganza del caff\u00e8 Arabica - Nghiep Xuan - Importazione ed Esportazione Agricola","og_description":"Scoprite il mondo del caff\u00e8 Arabica, dove la sottile eleganza incontra un sapore eccezionale. I nostri chicchi di arabica, accuratamente selezionati, offrono un gusto morbido e pastoso con una nota di dolcezza. Dal classico caff\u00e8 nero al cremoso caffelatte, offriamo una gamma di opzioni per soddisfare le vostre preferenze. Elevate la vostra esperienza di caff\u00e8 con i migliori chicchi di Arabica.","og_url":"https:\/\/nghiepxuan.com\/it\/product\/assaporare-la-sottile-eleganza-del-caffe-arabico\/","og_site_name":"Nghiep Xuan - Importazione ed Esportazione Agricola","article_publisher":"https:\/\/www.facebook.com\/nongsannghiepxuan\/","article_modified_time":"2025-03-29T10:01:16+00:00","og_image":[{"width":960,"height":640,"url":"https:\/\/nghiepxuan.com\/wp-content\/uploads\/2023\/10\/pngtree-cofee-arabica-texture-corns-photo-image_1134224.jpg","type":"image\/jpeg"}],"twitter_card":"summary_large_image","twitter_site":"@PhuTonBui","twitter_misc":{"Tempo di lettura stimato":"1 minuto"},"schema":{"@context":"https:\/\/schema.org","@graph":[{"@type":"WebPage","@id":"https:\/\/nghiepxuan.com\/it\/product\/assaporare-la-sottile-eleganza-del-caffe-arabico\/","url":"https:\/\/nghiepxuan.com\/it\/product\/assaporare-la-sottile-eleganza-del-caffe-arabico\/","name":"Assaporate la sottile eleganza del caff\u00e8 Arabica - Nghiep Xuan - Importazione ed Esportazione Agricola","isPartOf":{"@id":"https:\/\/nghiepxuan.com\/it\/#website"},"primaryImageOfPage":{"@id":"https:\/\/nghiepxuan.com\/it\/product\/assaporare-la-sottile-eleganza-del-caffe-arabico\/#primaryimage"},"image":{"@id":"https:\/\/nghiepxuan.com\/it\/product\/assaporare-la-sottile-eleganza-del-caffe-arabico\/#primaryimage"},"thumbnailUrl":"https:\/\/nghiepxuan.com\/wp-content\/uploads\/2023\/10\/pngtree-cofee-arabica-texture-corns-photo-image_1134224.jpg","datePublished":"2023-10-23T01:36:33+00:00","dateModified":"2025-03-29T10:01:16+00:00","breadcrumb":{"@id":"https:\/\/nghiepxuan.com\/it\/product\/assaporare-la-sottile-eleganza-del-caffe-arabico\/#breadcrumb"},"inLanguage":"it-IT","potentialAction":[{"@type":"ReadAction","target":["https:\/\/nghiepxuan.com\/it\/product\/assaporare-la-sottile-eleganza-del-caffe-arabico\/"]}]},{"@type":"ImageObject","inLanguage":"it-IT","@id":"https:\/\/nghiepxuan.com\/it\/product\/assaporare-la-sottile-eleganza-del-caffe-arabico\/#primaryimage","url":"https:\/\/nghiepxuan.com\/wp-content\/uploads\/2023\/10\/pngtree-cofee-arabica-texture-corns-photo-image_1134224.jpg","contentUrl":"https:\/\/nghiepxuan.com\/wp-content\/uploads\/2023\/10\/pngtree-cofee-arabica-texture-corns-photo-image_1134224.jpg","width":960,"height":640,"caption":"Embark on a Flavorful Journey. Arabica Coffee \u2013 Where Sophistication Meets Every Sip. \u2615\ufe0f\u2728 #ArabicaElegance #CoffeePerfection"},{"@type":"BreadcrumbList","@id":"https:\/\/nghiepxuan.com\/it\/product\/assaporare-la-sottile-eleganza-del-caffe-arabico\/#breadcrumb","itemListElement":[{"@type":"ListItem","position":1,"name":"Home","item":"https:\/\/nghiepxuan.com\/it\/"},{"@type":"ListItem","position":2,"name":"Negozio","item":"https:\/\/nghiepxuan.com\/it\/shop\/"},{"@type":"ListItem","position":3,"name":"Assaporate la sottile eleganza del caff\u00e8 Arabica"}]},{"@type":"WebSite","@id":"https:\/\/nghiepxuan.com\/it\/#website","url":"https:\/\/nghiepxuan.com\/it\/","name":"Nghiep Xuan - Agricultural Import and Export","description":"Nurturing Nature, Harvesting Health: Your Organic Lifestyle Destination","publisher":{"@id":"https:\/\/nghiepxuan.com\/it\/#organization"},"potentialAction":[{"@type":"SearchAction","target":{"@type":"EntryPoint","urlTemplate":"https:\/\/nghiepxuan.com\/it\/?s={search_term_string}"},"query-input":{"@type":"PropertyValueSpecification","valueRequired":true,"valueName":"search_term_string"}}],"inLanguage":"it-IT"},{"@type":"Organization","@id":"https:\/\/nghiepxuan.com\/it\/#organization","name":"Nghiep Xuan - Agricultural Import and Export","url":"https:\/\/nghiepxuan.com\/it\/","logo":{"@type":"ImageObject","inLanguage":"it-IT","@id":"https:\/\/nghiepxuan.com\/it\/#\/schema\/logo\/image\/","url":"https:\/\/nghiepxuan.com\/wp-content\/uploads\/2025\/04\/Nghiep-Xuan-Logo-4.png","contentUrl":"https:\/\/nghiepxuan.com\/wp-content\/uploads\/2025\/04\/Nghiep-Xuan-Logo-4.png","width":4167,"height":1015,"caption":"Nghiep Xuan - Agricultural Import and Export"},"image":{"@id":"https:\/\/nghiepxuan.com\/it\/#\/schema\/logo\/image\/"},"sameAs":["https:\/\/www.facebook.com\/nongsannghiepxuan\/","https:\/\/x.com\/PhuTonBui","https:\/\/www.instagram.com\/xuatnhapkhaunghiepxuan\/","https:\/\/www.youtube.com\/@nongsannghiepxuan2066","https:\/\/www.tiktok.com\/@nghiepxuan"]}]}},"_links":{"self":[{"href":"https:\/\/nghiepxuan.com\/it\/wp-json\/wp\/v2\/product\/4857","targetHints":{"allow":["GET"]}}],"collection":[{"href":"https:\/\/nghiepxuan.com\/it\/wp-json\/wp\/v2\/product"}],"about":[{"href":"https:\/\/nghiepxuan.com\/it\/wp-json\/wp\/v2\/types\/product"}],"replies":[{"embeddable":true,"href":"https:\/\/nghiepxuan.com\/it\/wp-json\/wp\/v2\/comments?post=4857"}],"version-history":[{"count":1,"href":"https:\/\/nghiepxuan.com\/it\/wp-json\/wp\/v2\/product\/4857\/revisions"}],"predecessor-version":[{"id":7037,"href":"https:\/\/nghiepxuan.com\/it\/wp-json\/wp\/v2\/product\/4857\/revisions\/7037"}],"wp:featuredmedia":[{"embeddable":true,"href":"https:\/\/nghiepxuan.com\/it\/wp-json\/wp\/v2\/media\/4540"}],"wp:attachment":[{"href":"https:\/\/nghiepxuan.com\/it\/wp-json\/wp\/v2\/media?parent=4857"}],"wp:term":[{"taxonomy":"product_brand","embeddable":true,"href":"https:\/\/nghiepxuan.com\/it\/wp-json\/wp\/v2\/product_brand?post=4857"},{"taxonomy":"product_cat","embeddable":true,"href":"https:\/\/nghiepxuan.com\/it\/wp-json\/wp\/v2\/product_cat?post=4857"},{"taxonomy":"product_tag","embeddable":true,"href":"https:\/\/nghiepxuan.com\/it\/wp-json\/wp\/v2\/product_tag?post=4857"}],"curies":[{"name":"wp","href":"https:\/\/api.w.org\/{rel}","templated":true}]}}