{"id":6389,"date":"2020-10-24T04:34:14","date_gmt":"2020-10-24T04:34:14","guid":{"rendered":"https:\/\/nxg.asia\/termini-e-condizioni\/"},"modified":"2025-04-09T11:45:22","modified_gmt":"2025-04-09T11:45:22","slug":"termini-e-condizioni","status":"publish","type":"page","link":"https:\/\/nghiepxuan.com\/it\/termini-e-condizioni\/","title":{"rendered":"Termini e condizioni"},"content":{"rendered":"\t\t<div data-elementor-type=\"wp-page\" data-elementor-id=\"6389\" class=\"elementor elementor-6389 elementor-3711\">\n\t\t\t\t\t\t<section class=\"elementor-section elementor-top-section elementor-element elementor-element-0e0a1b6 elementor-section-boxed elementor-section-height-default elementor-section-height-default\" data-id=\"0e0a1b6\" data-element_type=\"section\" data-e-type=\"section\">\n\t\t\t\t\t\t<div class=\"elementor-container elementor-column-gap-no\">\n\t\t\t\t\t<div class=\"elementor-column elementor-col-100 elementor-top-column elementor-element elementor-element-df5a952\" data-id=\"df5a952\" data-element_type=\"column\" data-e-type=\"column\">\n\t\t\t<div class=\"elementor-widget-wrap elementor-element-populated\">\n\t\t\t\t\t\t<div class=\"elementor-element elementor-element-7e23e95 elementor-widget elementor-widget-text-editor\" data-id=\"7e23e95\" data-element_type=\"widget\" data-e-type=\"widget\" data-widget_type=\"text-editor.default\">\n\t\t\t\t<div class=\"elementor-widget-container\">\n\t\t\t\t\t\t\t\t\t<p>Benvenuto a Nghiep Xuan! I presenti termini e condizioni definiscono le norme e i regolamenti per l&#8217;utilizzo del nostro sito web, situato all&#8217;indirizzo <a href=\"https:\/\/nghiepxuan.com\/it\/\" target=\"_new\">www.nghiepxuan.com.<\/a>  Accedendo a questo sito web, si presume che l&#8217;utente accetti questi termini e condizioni. Non continuare a utilizzare Nghiep Xuan se non accetti tutti i termini e le condizioni riportati in questa pagina.<\/p>\t\t\t\t\t\t\t\t<\/div>\n\t\t\t\t<\/div>\n\t\t\t\t\t<\/div>\n\t\t<\/div>\n\t\t\t\t\t<\/div>\n\t\t<\/section>\n\t\t\t\t<section class=\"elementor-section elementor-top-section elementor-element elementor-element-a5635eb elementor-section-boxed elementor-section-height-default elementor-section-height-default\" data-id=\"a5635eb\" data-element_type=\"section\" data-e-type=\"section\">\n\t\t\t\t\t\t<div class=\"elementor-container elementor-column-gap-no\">\n\t\t\t\t\t<div class=\"elementor-column elementor-col-100 elementor-top-column elementor-element elementor-element-d39d5fe\" data-id=\"d39d5fe\" data-element_type=\"column\" data-e-type=\"column\">\n\t\t\t<div class=\"elementor-widget-wrap elementor-element-populated\">\n\t\t\t\t\t\t<div class=\"elementor-element elementor-element-1d530ed elementor-widget elementor-widget-text-editor\" data-id=\"1d530ed\" data-element_type=\"widget\" data-e-type=\"widget\" data-widget_type=\"text-editor.default\">\n\t\t\t\t<div class=\"elementor-widget-container\">\n\t\t\t\t\t\t\t\t\t<h3>1. <strong>Licenza d&#8217;uso<\/strong><\/h3><p>1.1 Per utilizzare questo sito web \u00e8 necessario avere almeno 18 anni di et\u00e0. Utilizzando questo sito web e accettando i presenti termini e condizioni, l&#8217;utente garantisce e dichiara di avere almeno 18 anni di et\u00e0.<\/p><p>1.2 Se non diversamente specificato, Nghiep Xuan e\/o i suoi licenziatari detengono i diritti di propriet\u00e0 intellettuale di tutto il materiale presente su Nghiep Xuan. Tutti i diritti di propriet\u00e0 intellettuale sono riservati. L&#8217;utente pu\u00f2 visualizzare e\/o stampare le pagine di <a href=\"https:\/\/nghiepxuan.com\/it\/\" target=\"_new\">www.nghiepxuan.com<\/a> per uso personale, nel rispetto delle restrizioni stabilite nei presenti termini e condizioni.<\/p><h3>2. <strong>Limitazioni<\/strong><\/h3><p>2.1 All&#8217;utente \u00e8 vietato in particolare quanto segue:<\/p><p>a) pubblicare qualsiasi materiale di Nghiep Xuan su altri media.<\/p><p>b) vendere, concedere in sublicenza e\/o commercializzare in altro modo qualsiasi materiale di Nghiep Xuan.<\/p><p>c) Eseguire e\/o mostrare pubblicamente qualsiasi materiale di Nghiep Xuan.<\/p><p>d) utilizzare questo sito web in qualsiasi modo che sia o possa essere dannoso per il sito stesso.<\/p><p>e) Utilizzare questo sito web in modo contrario alle leggi e ai regolamenti vigenti o in modo da causare, o da poter causare, danni al sito web o a qualsiasi persona o entit\u00e0 commerciale.<\/p><p>2.2 L&#8217;accesso ad alcune aree di questo sito web \u00e8 limitato e Nghiep Xuan pu\u00f2 limitare ulteriormente l&#8217;accesso dell&#8217;utente a qualsiasi area di questo sito web, in qualsiasi momento, a sua assoluta discrezione. L&#8217;ID utente e la password di cui si \u00e8 in possesso per questo sito web sono riservati e anche l&#8217;utente \u00e8 tenuto a mantenerli tali.<\/p><h3>3. <strong>Il vostro contenuto<\/strong><\/h3><p>3.1 Nei presenti termini e condizioni, per &#8220;Contenuti dell&#8217;utente&#8221; si intende qualsiasi testo audio, video, immagine o altro materiale che l&#8217;utente sceglie di visualizzare su questo sito web. Mostrando i tuoi Contenuti, concedi a Nghiep Xuan una licenza non esclusiva, irrevocabile e sub-licenziabile in tutto il mondo per utilizzarli, riprodurli, adattarli, pubblicarli, tradurli e distribuirli su qualsiasi supporto.<\/p><h3>4. <strong>Nessuna garanzia<\/strong><\/h3><p>Questo sito web \u00e8 fornito &#8220;cos\u00ec com&#8217;\u00e8&#8221;, con tutti i difetti, e Nghiep Xuan non rilascia alcuna dichiarazione o garanzia, esplicita o implicita, di alcun tipo relativa a questo sito web o ai materiali contenuti in questo sito web. Inoltre, nulla di quanto contenuto in questo sito web pu\u00f2 essere interpretato come una consulenza o un consiglio per l&#8217;utente.<\/p><h3>5. <strong>Limitazione di responsabilit\u00e0<\/strong><\/h3><p>In nessun caso Nghiep Xuan, n\u00e9 i suoi funzionari, direttori e dipendenti, potranno essere ritenuti responsabili per qualsiasi cosa derivante da o in qualsiasi modo connessa all&#8217;utilizzo di questo sito web da parte dell&#8217;utente. Nghiep Xuan non sar\u00e0 responsabile di alcuna responsabilit\u00e0 indiretta, consequenziale o speciale derivante da o in qualsiasi modo connessa all&#8217;utilizzo di questo sito web da parte dell&#8217;utente. <\/p><h3>6. <strong>Indennizzo<\/strong><\/h3><p>Con la presente, l&#8217;utente indennizza Nghiep Xuan da e contro qualsiasi e\/o tutte le responsabilit\u00e0, costi, richieste, cause di azione, danni e spese derivanti in qualsiasi modo dalla violazione da parte dell&#8217;utente di una qualsiasi delle disposizioni dei presenti termini.<\/p><h3>7. <strong>Severit\u00e0<\/strong><\/h3><p>Nel caso in cui una qualsiasi disposizione dei presenti termini sia ritenuta non valida ai sensi di una qualsiasi legge applicabile, tale disposizione sar\u00e0 eliminata senza che ci\u00f2 influisca sulle restanti disposizioni del presente documento.<\/p><p>Utilizzando questo sito web, l&#8217;utente accetta di attenersi a questi termini e condizioni. Se non si accettano questi termini e condizioni, si prega di astenersi dall&#8217;utilizzare il nostro sito web.<\/p>\t\t\t\t\t\t\t\t<\/div>\n\t\t\t\t<\/div>\n\t\t\t\t\t<\/div>\n\t\t<\/div>\n\t\t\t\t\t<\/div>\n\t\t<\/section>\n\t\t\t\t<\/div>\n\t\t","protected":false},"excerpt":{"rendered":"<p>Benvenuto a Nghiep Xuan! I presenti termini e condizioni definiscono le norme e i regolamenti per l&#8217;utilizzo del nostro sito web, situato all&#8217;indirizzo www.nghiepxuan.com. Accedendo a questo sito web, si presume che l&#8217;utente accetti questi termini e condizioni. Non continuare a utilizzare Nghiep Xuan se non accetti tutti i termini e le condizioni riportati in &hellip; <a href=\"https:\/\/nghiepxuan.com\/it\/termini-e-condizioni\/\" class=\"more-link\">Continua a leggere <span class=\"screen-reader-text\">Termini e condizioni<\/span><\/a><\/p>\n","protected":false},"author":1,"featured_media":0,"parent":0,"menu_order":0,"comment_status":"closed","ping_status":"closed","template":"","meta":{"content-type":"","footnotes":""},"class_list":["post-6389","page","type-page","status-publish","hentry"],"yoast_head":"<!-- This site is optimized with the Yoast SEO plugin v26.9 - https:\/\/yoast.com\/product\/yoast-seo-wordpress\/ -->\n<title>Termini e condizioni - Nghiep Xuan - Importazione ed Esportazione Agricola<\/title>\n<meta name=\"robots\" content=\"index, follow, max-snippet:-1, max-image-preview:large, max-video-preview:-1\" \/>\n<link rel=\"canonical\" href=\"https:\/\/nghiepxuan.com\/it\/termini-e-condizioni\/\" \/>\n<meta property=\"og:locale\" content=\"it_IT\" \/>\n<meta property=\"og:type\" content=\"article\" \/>\n<meta property=\"og:title\" content=\"Termini e condizioni - Nghiep Xuan - Importazione ed Esportazione Agricola\" \/>\n<meta property=\"og:description\" content=\"Benvenuto a Nghiep Xuan! I presenti termini e condizioni definiscono le norme e i regolamenti per l&#8217;utilizzo del nostro sito web, situato all&#8217;indirizzo www.nghiepxuan.com. Accedendo a questo sito web, si presume che l&#8217;utente accetti questi termini e condizioni. Non continuare a utilizzare Nghiep Xuan se non accetti tutti i termini e le condizioni riportati in &hellip; Continua a leggere Termini e condizioni\" \/>\n<meta property=\"og:url\" content=\"https:\/\/nghiepxuan.com\/it\/termini-e-condizioni\/\" \/>\n<meta property=\"og:site_name\" content=\"Nghiep Xuan - Importazione ed Esportazione Agricola\" \/>\n<meta property=\"article:publisher\" content=\"https:\/\/www.facebook.com\/nongsannghiepxuan\/\" \/>\n<meta property=\"article:modified_time\" content=\"2025-04-09T11:45:22+00:00\" \/>\n<meta name=\"twitter:card\" content=\"summary_large_image\" \/>\n<meta name=\"twitter:site\" content=\"@PhuTonBui\" \/>\n<meta name=\"twitter:label1\" content=\"Tempo di lettura stimato\" \/>\n\t<meta name=\"twitter:data1\" content=\"3 minuti\" \/>\n<script type=\"application\/ld+json\" class=\"yoast-schema-graph\">{\"@context\":\"https:\/\/schema.org\",\"@graph\":[{\"@type\":\"WebPage\",\"@id\":\"https:\/\/nghiepxuan.com\/it\/termini-e-condizioni\/\",\"url\":\"https:\/\/nghiepxuan.com\/it\/termini-e-condizioni\/\",\"name\":\"Termini e condizioni - Nghiep Xuan - Importazione ed Esportazione Agricola\",\"isPartOf\":{\"@id\":\"https:\/\/nghiepxuan.com\/it\/#website\"},\"datePublished\":\"2020-10-24T04:34:14+00:00\",\"dateModified\":\"2025-04-09T11:45:22+00:00\",\"breadcrumb\":{\"@id\":\"https:\/\/nghiepxuan.com\/it\/termini-e-condizioni\/#breadcrumb\"},\"inLanguage\":\"it-IT\",\"potentialAction\":[{\"@type\":\"ReadAction\",\"target\":[\"https:\/\/nghiepxuan.com\/it\/termini-e-condizioni\/\"]}]},{\"@type\":\"BreadcrumbList\",\"@id\":\"https:\/\/nghiepxuan.com\/it\/termini-e-condizioni\/#breadcrumb\",\"itemListElement\":[{\"@type\":\"ListItem\",\"position\":1,\"name\":\"Home\",\"item\":\"https:\/\/nghiepxuan.com\/it\/\"},{\"@type\":\"ListItem\",\"position\":2,\"name\":\"Termini e condizioni\"}]},{\"@type\":\"WebSite\",\"@id\":\"https:\/\/nghiepxuan.com\/it\/#website\",\"url\":\"https:\/\/nghiepxuan.com\/it\/\",\"name\":\"Nghiep Xuan - Agricultural Import and Export\",\"description\":\"Nurturing Nature, Harvesting Health: Your Organic Lifestyle Destination\",\"publisher\":{\"@id\":\"https:\/\/nghiepxuan.com\/it\/#organization\"},\"potentialAction\":[{\"@type\":\"SearchAction\",\"target\":{\"@type\":\"EntryPoint\",\"urlTemplate\":\"https:\/\/nghiepxuan.com\/it\/?s={search_term_string}\"},\"query-input\":{\"@type\":\"PropertyValueSpecification\",\"valueRequired\":true,\"valueName\":\"search_term_string\"}}],\"inLanguage\":\"it-IT\"},{\"@type\":\"Organization\",\"@id\":\"https:\/\/nghiepxuan.com\/it\/#organization\",\"name\":\"Nghiep Xuan - Agricultural Import and Export\",\"url\":\"https:\/\/nghiepxuan.com\/it\/\",\"logo\":{\"@type\":\"ImageObject\",\"inLanguage\":\"it-IT\",\"@id\":\"https:\/\/nghiepxuan.com\/it\/#\/schema\/logo\/image\/\",\"url\":\"https:\/\/nghiepxuan.com\/wp-content\/uploads\/2025\/04\/Nghiep-Xuan-Logo-4.png\",\"contentUrl\":\"https:\/\/nghiepxuan.com\/wp-content\/uploads\/2025\/04\/Nghiep-Xuan-Logo-4.png\",\"width\":4167,\"height\":1015,\"caption\":\"Nghiep Xuan - Agricultural Import and Export\"},\"image\":{\"@id\":\"https:\/\/nghiepxuan.com\/it\/#\/schema\/logo\/image\/\"},\"sameAs\":[\"https:\/\/www.facebook.com\/nongsannghiepxuan\/\",\"https:\/\/x.com\/PhuTonBui\",\"https:\/\/www.instagram.com\/xuatnhapkhaunghiepxuan\/\",\"https:\/\/www.youtube.com\/@nongsannghiepxuan2066\",\"https:\/\/www.tiktok.com\/@nghiepxuan\"]}]}<\/script>\n<!-- \/ Yoast SEO plugin. -->","yoast_head_json":{"title":"Termini e condizioni - Nghiep Xuan - Importazione ed Esportazione Agricola","robots":{"index":"index","follow":"follow","max-snippet":"max-snippet:-1","max-image-preview":"max-image-preview:large","max-video-preview":"max-video-preview:-1"},"canonical":"https:\/\/nghiepxuan.com\/it\/termini-e-condizioni\/","og_locale":"it_IT","og_type":"article","og_title":"Termini e condizioni - Nghiep Xuan - Importazione ed Esportazione Agricola","og_description":"Benvenuto a Nghiep Xuan! I presenti termini e condizioni definiscono le norme e i regolamenti per l&#8217;utilizzo del nostro sito web, situato all&#8217;indirizzo www.nghiepxuan.com. Accedendo a questo sito web, si presume che l&#8217;utente accetti questi termini e condizioni. Non continuare a utilizzare Nghiep Xuan se non accetti tutti i termini e le condizioni riportati in &hellip; Continua a leggere Termini e condizioni","og_url":"https:\/\/nghiepxuan.com\/it\/termini-e-condizioni\/","og_site_name":"Nghiep Xuan - Importazione ed Esportazione Agricola","article_publisher":"https:\/\/www.facebook.com\/nongsannghiepxuan\/","article_modified_time":"2025-04-09T11:45:22+00:00","twitter_card":"summary_large_image","twitter_site":"@PhuTonBui","twitter_misc":{"Tempo di lettura stimato":"3 minuti"},"schema":{"@context":"https:\/\/schema.org","@graph":[{"@type":"WebPage","@id":"https:\/\/nghiepxuan.com\/it\/termini-e-condizioni\/","url":"https:\/\/nghiepxuan.com\/it\/termini-e-condizioni\/","name":"Termini e condizioni - Nghiep Xuan - Importazione ed Esportazione Agricola","isPartOf":{"@id":"https:\/\/nghiepxuan.com\/it\/#website"},"datePublished":"2020-10-24T04:34:14+00:00","dateModified":"2025-04-09T11:45:22+00:00","breadcrumb":{"@id":"https:\/\/nghiepxuan.com\/it\/termini-e-condizioni\/#breadcrumb"},"inLanguage":"it-IT","potentialAction":[{"@type":"ReadAction","target":["https:\/\/nghiepxuan.com\/it\/termini-e-condizioni\/"]}]},{"@type":"BreadcrumbList","@id":"https:\/\/nghiepxuan.com\/it\/termini-e-condizioni\/#breadcrumb","itemListElement":[{"@type":"ListItem","position":1,"name":"Home","item":"https:\/\/nghiepxuan.com\/it\/"},{"@type":"ListItem","position":2,"name":"Termini e condizioni"}]},{"@type":"WebSite","@id":"https:\/\/nghiepxuan.com\/it\/#website","url":"https:\/\/nghiepxuan.com\/it\/","name":"Nghiep Xuan - Agricultural Import and Export","description":"Nurturing Nature, Harvesting Health: Your Organic Lifestyle Destination","publisher":{"@id":"https:\/\/nghiepxuan.com\/it\/#organization"},"potentialAction":[{"@type":"SearchAction","target":{"@type":"EntryPoint","urlTemplate":"https:\/\/nghiepxuan.com\/it\/?s={search_term_string}"},"query-input":{"@type":"PropertyValueSpecification","valueRequired":true,"valueName":"search_term_string"}}],"inLanguage":"it-IT"},{"@type":"Organization","@id":"https:\/\/nghiepxuan.com\/it\/#organization","name":"Nghiep Xuan - Agricultural Import and Export","url":"https:\/\/nghiepxuan.com\/it\/","logo":{"@type":"ImageObject","inLanguage":"it-IT","@id":"https:\/\/nghiepxuan.com\/it\/#\/schema\/logo\/image\/","url":"https:\/\/nghiepxuan.com\/wp-content\/uploads\/2025\/04\/Nghiep-Xuan-Logo-4.png","contentUrl":"https:\/\/nghiepxuan.com\/wp-content\/uploads\/2025\/04\/Nghiep-Xuan-Logo-4.png","width":4167,"height":1015,"caption":"Nghiep Xuan - Agricultural Import and Export"},"image":{"@id":"https:\/\/nghiepxuan.com\/it\/#\/schema\/logo\/image\/"},"sameAs":["https:\/\/www.facebook.com\/nongsannghiepxuan\/","https:\/\/x.com\/PhuTonBui","https:\/\/www.instagram.com\/xuatnhapkhaunghiepxuan\/","https:\/\/www.youtube.com\/@nongsannghiepxuan2066","https:\/\/www.tiktok.com\/@nghiepxuan"]}]}},"_links":{"self":[{"href":"https:\/\/nghiepxuan.com\/it\/wp-json\/wp\/v2\/pages\/6389","targetHints":{"allow":["GET"]}}],"collection":[{"href":"https:\/\/nghiepxuan.com\/it\/wp-json\/wp\/v2\/pages"}],"about":[{"href":"https:\/\/nghiepxuan.com\/it\/wp-json\/wp\/v2\/types\/page"}],"author":[{"embeddable":true,"href":"https:\/\/nghiepxuan.com\/it\/wp-json\/wp\/v2\/users\/1"}],"replies":[{"embeddable":true,"href":"https:\/\/nghiepxuan.com\/it\/wp-json\/wp\/v2\/comments?post=6389"}],"version-history":[{"count":3,"href":"https:\/\/nghiepxuan.com\/it\/wp-json\/wp\/v2\/pages\/6389\/revisions"}],"predecessor-version":[{"id":7371,"href":"https:\/\/nghiepxuan.com\/it\/wp-json\/wp\/v2\/pages\/6389\/revisions\/7371"}],"wp:attachment":[{"href":"https:\/\/nghiepxuan.com\/it\/wp-json\/wp\/v2\/media?parent=6389"}],"curies":[{"name":"wp","href":"https:\/\/api.w.org\/{rel}","templated":true}]}}