{"id":9967,"date":"2026-04-30T03:52:40","date_gmt":"2026-04-30T03:52:40","guid":{"rendered":"https:\/\/nghiepxuan.com\/product\/feuilles-de-banane-surgelees-qualite-export-nghiep-xuan-vietnam\/"},"modified":"2026-04-30T03:52:40","modified_gmt":"2026-04-30T03:52:40","slug":"feuilles-de-banane-surgelees-qualite-export-nghiep-xuan-vietnam","status":"publish","type":"product","link":"https:\/\/nghiepxuan.com\/fr\/product\/feuilles-de-banane-surgelees-qualite-export-nghiep-xuan-vietnam\/","title":{"rendered":"Feuilles de banane surgel\u00e9es &#8211; Qualit\u00e9 export | Nghiep Xuan Vietnam"},"content":{"rendered":"<h3 data-section-id=\"10rmw79\" data-start=\"312\" data-end=\"328\"><span role=\"text\"><strong data-start=\"316\" data-end=\"328\">Vue d&#8217;ensemble<\/strong><\/span><\/h3>\n<p data-start=\"329\" data-end=\"535\">Nghiep Xuan fournit des <strong data-start=\"350\" data-end=\"382\">feuilles de bananier surgel\u00e9es de premi\u00e8re qualit\u00e9<\/strong>, soigneusement r\u00e9colt\u00e9es dans des plantations de haute qualit\u00e9 au Vi\u00eat Nam et trait\u00e9es pour conserver leur <strong data-start=\"475\" data-end=\"534\">souplesse naturelle, leur couleur verte \u00e9clatante et leur fra\u00eecheur<\/strong>.<\/p>\n<p data-start=\"537\" data-end=\"716\">Nos feuilles de bananier sont largement utilis\u00e9es comme emballages alimentaires naturels, ingr\u00e9dients de cuisson et solutions d&#8217;emballage \u00e9cologiques, id\u00e9ales pour les services alimentaires et les applications industrielles \u00e0 l&#8217;\u00e9chelle mondiale.<\/p>\n<hr data-start=\"718\" data-end=\"721\">\n<h3 data-section-id=\"1go9akp\" data-start=\"723\" data-end=\"746\"><span role=\"text\"><strong data-start=\"727\" data-end=\"746\">\ud83c\udf43 Caract\u00e9ristiques principales<\/strong><\/span><\/h3>\n<ul data-start=\"747\" data-end=\"1148\">\n<li data-section-id=\"1pdvxep\" data-start=\"747\" data-end=\"834\"><strong data-start=\"749\" data-end=\"775\">Naturel et \u00e9cologique<\/strong> &#8211; 100% biod\u00e9gradable, alternative durable au plastique<\/li>\n<li data-section-id=\"1xy2vw3\" data-start=\"835\" data-end=\"912\"><strong data-start=\"837\" data-end=\"859\">Flexible et durable<\/strong> &#8211; Conserve sa solidit\u00e9 apr\u00e8s d\u00e9cong\u00e9lation, facile \u00e0 manipuler<\/li>\n<li data-section-id=\"17mf04y\" data-start=\"913\" data-end=\"976\"><strong data-start=\"915\" data-end=\"936\">Couleur verte fra\u00eeche<\/strong> &#8211; Visuellement attrayante pour la pr\u00e9sentation<\/li>\n<li data-section-id=\"1j695l\" data-start=\"977\" data-end=\"1051\"><strong data-start=\"979\" data-end=\"1005\">Traitement hygi\u00e9nique<\/strong> &#8211; Nettoy\u00e9 et congel\u00e9 selon des normes strictes<\/li>\n<li data-section-id=\"1vur9x0\" data-start=\"1052\" data-end=\"1099\"><strong data-start=\"1054\" data-end=\"1070\">Pr\u00eat \u00e0 l&#8217;emploi<\/strong> &#8211; Pr\u00e9d\u00e9coup\u00e9 et facile \u00e0 d\u00e9congeler<\/li>\n<li data-section-id=\"17qjupd\" data-start=\"1100\" data-end=\"1148\"><strong data-start=\"1102\" data-end=\"1123\">Approvisionnement constant<\/strong> &#8211; Disponible toute l&#8217;ann\u00e9e<\/li>\n<\/ul>\n<hr data-start=\"1150\" data-end=\"1153\">\n<h3 data-section-id=\"f701lt\" data-start=\"1155\" data-end=\"1179\"><span role=\"text\"><strong data-start=\"1159\" data-end=\"1179\">\ud83c\udf7d\ufe0f Applications<\/strong><\/span><\/h3>\n<p data-start=\"1180\" data-end=\"1224\">Parfait pour diverses industries et cuisines :<\/p>\n<ul data-start=\"1225\" data-end=\"1440\">\n<li data-section-id=\"uqarh4\" data-start=\"1225\" data-end=\"1294\">Emballage de nourriture traditionnelle (galettes de riz, boulettes de p\u00e2te, plats grill\u00e9s)<\/li>\n<li data-section-id=\"ihn1pv\" data-start=\"1295\" data-end=\"1345\">Pr\u00e9sentation des aliments pour les restaurants et les traiteurs<\/li>\n<li data-section-id=\"pzjlv4\" data-start=\"1346\" data-end=\"1393\">Applications de cuisson \u00e0 la vapeur, au gril et au four<\/li>\n<li data-section-id=\"61vwql\" data-start=\"1394\" data-end=\"1440\">Emballages \u00e9cologiques pour les entreprises du secteur alimentaire<\/li>\n<\/ul>\n<hr data-start=\"1442\" data-end=\"1445\">\n<h3 data-section-id=\"grum48\" data-start=\"1447\" data-end=\"1480\"><span role=\"text\"><strong data-start=\"1451\" data-end=\"1480\">\ud83d\udce6 Sp\u00e9cifications du produit<\/strong><\/span><\/h3>\n<ul data-start=\"1481\" data-end=\"1757\">\n<li data-section-id=\"1h4za6h\" data-start=\"1481\" data-end=\"1544\"><strong data-start=\"1483\" data-end=\"1500\">Type de produit :<\/strong> Feuilles de bananier surgel\u00e9es (enti\u00e8res \/ feuilles coup\u00e9es)<\/li>\n<li data-section-id=\"yjfiup\" data-start=\"1545\" data-end=\"1581\"><strong data-start=\"1547\" data-end=\"1562\">Transformation :<\/strong> Nettoy\u00e9 et congel\u00e9<\/li>\n<li data-section-id=\"895jai\" data-start=\"1582\" data-end=\"1605\"><strong data-start=\"1584\" data-end=\"1595\">Origine :<\/strong> Vietnam<\/li>\n<li data-section-id=\"5d1acd\" data-start=\"1606\" data-end=\"1647\"><strong data-start=\"1608\" data-end=\"1623\">Dur\u00e9e de conservation :<\/strong> 18-24 mois \u00e0 -18\u00b0C<\/li>\n<li data-section-id=\"hpqp2v\" data-start=\"1648\" data-end=\"1699\"><strong data-start=\"1650\" data-end=\"1664\">Emballage :<\/strong> Bulk \/ Retail \/ OEM personnalisable<\/li>\n<li data-section-id=\"14du7v2\" data-start=\"1700\" data-end=\"1757\"><strong data-start=\"1702\" data-end=\"1719\">Options de taille :<\/strong> Dimensions personnalis\u00e9es disponibles sur demande<\/li>\n<\/ul>\n<hr data-start=\"1759\" data-end=\"1762\">\n<h3 data-section-id=\"1a272qi\" data-start=\"1764\" data-end=\"1798\"><span role=\"text\"><strong data-start=\"1768\" data-end=\"1798\">\ud83d\ude9a Pourquoi choisir Nghiep Xuan ?<\/strong><\/span><\/h3>\n<ul data-start=\"1799\" data-end=\"2071\">\n<li data-section-id=\"u8w0bd\" data-start=\"1799\" data-end=\"1859\">Exportateur de confiance de <strong data-start=\"1821\" data-end=\"1857\">produits agricoles vietnamiens<\/strong><\/li>\n<li data-section-id=\"yzeyas\" data-start=\"1860\" data-end=\"1902\"><strong data-start=\"1869\" data-end=\"1900\">Syst\u00e8me de logistique de la cha\u00eene du froid<\/strong> performant<\/li>\n<li data-section-id=\"3r6uft\" data-start=\"1903\" data-end=\"1959\">Accent mis sur la <strong data-start=\"1914\" data-end=\"1957\">qualit\u00e9, la coh\u00e9rence et les normes d&#8217;hygi\u00e8ne<\/strong><\/li>\n<li data-section-id=\"13ucr6z\" data-start=\"1960\" data-end=\"2014\"><strong data-start=\"1971\" data-end=\"2012\">Solutions d&#8217;emballage<\/strong> flexibles pour <strong data-start=\"1971\" data-end=\"2012\">les OEM et les marques priv\u00e9es<\/strong><\/li>\n<li data-section-id=\"sqpunu\" data-start=\"2015\" data-end=\"2071\">Soutenir les <strong data-start=\"2028\" data-end=\"2069\">produits durables et respectueux de l&#8217;environnement<\/strong><\/li>\n<\/ul>\n<hr data-start=\"2073\" data-end=\"2076\">\n<h3 data-section-id=\"sirax1\" data-start=\"2078\" data-end=\"2100\"><span role=\"text\"><strong data-start=\"2082\" data-end=\"2100\">\ud83d\udce9 Enqu\u00eate CTA<\/strong><\/span><\/h3>\n<p data-start=\"2101\" data-end=\"2251\">Vous recherchez des feuilles de banane congel\u00e9es de haute qualit\u00e9 pour votre entreprise ?<br data-start=\"2165\" data-end=\"2168\">\ud83d\udc49 Contactez Nghiep Xuan d\u00e8s aujourd&#8217;hui pour un <strong data-start=\"2201\" data-end=\"2250\">devis, des \u00e9chantillons et une coop\u00e9ration \u00e0 long terme<\/strong>.<\/p>\n<p data-start=\"2101\" data-end=\"2251\">Courriel : info@nghiepxuan.com || WhatsApp\/Viber\/Zalo\/Wechat\/Hotline : +84939 345 598<\/p>\n","protected":false},"excerpt":{"rendered":"<p>Feuilles de bananes congel\u00e9es durables pour l&#8217;emballage alimentaire. Naturelles, flexibles, de qualit\u00e9 export. Fournisseur fiable au Vietnam. Demandez un devis.   <\/p>\n","protected":false},"featured_media":9957,"comment_status":"open","ping_status":"closed","template":"","meta":{"content-type":""},"product_brand":[],"product_cat":[419],"product_tag":[1146,1167,1168,1169],"class_list":{"0":"post-9967","1":"product","2":"type-product","3":"status-publish","4":"has-post-thumbnail","6":"product_cat-frozen-fr","7":"product_tag-exportations-du-vietnam","8":"product_tag-feuilles-de-bananier-congelees","9":"product_tag-fruits-surgeles","10":"product_tag-produits-surgeles-vietnam","12":"first","13":"instock","14":"shipping-taxable","15":"product-type-simple"},"yoast_head":"<!-- This site is optimized with the Yoast SEO plugin v26.9 - https:\/\/yoast.com\/product\/yoast-seo-wordpress\/ -->\n<title>Feuilles de banane surgel\u00e9es - Qualit\u00e9 export | Nghiep Xuan Vietnam - Nghiep Xuan - Importation et Exportation Agricole<\/title>\n<meta name=\"description\" content=\"Feuilles de banane surgel\u00e9es de premi\u00e8re qualit\u00e9 en provenance du Vietnam. Souplesse, respect de l&#039;environnement, qualit\u00e9 alimentaire. Approvisionnement en vrac et emballage OEM. Contactez Nghiep Xuan d\u00e8s aujourd&#039;hui.\" \/>\n<meta name=\"robots\" content=\"index, follow, max-snippet:-1, max-image-preview:large, max-video-preview:-1\" \/>\n<link rel=\"canonical\" href=\"https:\/\/nghiepxuan.com\/fr\/product\/feuilles-de-banane-surgelees-qualite-export-nghiep-xuan-vietnam\/\" \/>\n<meta property=\"og:locale\" content=\"fr_FR\" \/>\n<meta property=\"og:type\" content=\"article\" \/>\n<meta property=\"og:title\" content=\"Feuilles de banane surgel\u00e9es - Qualit\u00e9 export | Nghiep Xuan Vietnam - Nghiep Xuan - Importation et Exportation Agricole\" \/>\n<meta property=\"og:description\" content=\"Feuilles de banane surgel\u00e9es de premi\u00e8re qualit\u00e9 en provenance du Vietnam. Souplesse, respect de l&#039;environnement, qualit\u00e9 alimentaire. Approvisionnement en vrac et emballage OEM. Contactez Nghiep Xuan d\u00e8s aujourd&#039;hui.\" \/>\n<meta property=\"og:url\" content=\"https:\/\/nghiepxuan.com\/fr\/product\/feuilles-de-banane-surgelees-qualite-export-nghiep-xuan-vietnam\/\" \/>\n<meta property=\"og:site_name\" content=\"Nghiep Xuan - Importation et Exportation Agricole\" \/>\n<meta property=\"article:publisher\" content=\"https:\/\/www.facebook.com\/nongsannghiepxuan\/\" \/>\n<meta property=\"og:image\" content=\"https:\/\/nghiepxuan.com\/wp-content\/uploads\/2026\/04\/JPEG-image-4118-9BE6-D9-0-228x272.jpeg\" \/>\n\t<meta property=\"og:image:width\" content=\"228\" \/>\n\t<meta property=\"og:image:height\" content=\"272\" \/>\n\t<meta property=\"og:image:type\" content=\"image\/jpeg\" \/>\n<meta name=\"twitter:card\" content=\"summary_large_image\" \/>\n<meta name=\"twitter:site\" content=\"@PhuTonBui\" \/>\n<meta name=\"twitter:label1\" content=\"Dur\u00e9e de lecture estim\u00e9e\" \/>\n\t<meta name=\"twitter:data1\" content=\"2 minutes\" \/>\n<script type=\"application\/ld+json\" class=\"yoast-schema-graph\">{\"@context\":\"https:\/\/schema.org\",\"@graph\":[{\"@type\":\"WebPage\",\"@id\":\"https:\/\/nghiepxuan.com\/fr\/product\/feuilles-de-banane-surgelees-qualite-export-nghiep-xuan-vietnam\/\",\"url\":\"https:\/\/nghiepxuan.com\/fr\/product\/feuilles-de-banane-surgelees-qualite-export-nghiep-xuan-vietnam\/\",\"name\":\"Feuilles de banane surgel\u00e9es - Qualit\u00e9 export | Nghiep Xuan Vietnam - Nghiep Xuan - Importation et Exportation Agricole\",\"isPartOf\":{\"@id\":\"https:\/\/nghiepxuan.com\/fr\/#website\"},\"primaryImageOfPage\":{\"@id\":\"https:\/\/nghiepxuan.com\/fr\/product\/feuilles-de-banane-surgelees-qualite-export-nghiep-xuan-vietnam\/#primaryimage\"},\"image\":{\"@id\":\"https:\/\/nghiepxuan.com\/fr\/product\/feuilles-de-banane-surgelees-qualite-export-nghiep-xuan-vietnam\/#primaryimage\"},\"thumbnailUrl\":\"https:\/\/nghiepxuan.com\/wp-content\/uploads\/2026\/04\/JPEG-image-4118-9BE6-D9-0.jpeg\",\"datePublished\":\"2026-04-30T03:52:40+00:00\",\"description\":\"Feuilles de banane surgel\u00e9es de premi\u00e8re qualit\u00e9 en provenance du Vietnam. Souplesse, respect de l'environnement, qualit\u00e9 alimentaire. Approvisionnement en vrac et emballage OEM. Contactez Nghiep Xuan d\u00e8s aujourd'hui.\",\"breadcrumb\":{\"@id\":\"https:\/\/nghiepxuan.com\/fr\/product\/feuilles-de-banane-surgelees-qualite-export-nghiep-xuan-vietnam\/#breadcrumb\"},\"inLanguage\":\"fr-FR\",\"potentialAction\":[{\"@type\":\"ReadAction\",\"target\":[\"https:\/\/nghiepxuan.com\/fr\/product\/feuilles-de-banane-surgelees-qualite-export-nghiep-xuan-vietnam\/\"]}]},{\"@type\":\"ImageObject\",\"inLanguage\":\"fr-FR\",\"@id\":\"https:\/\/nghiepxuan.com\/fr\/product\/feuilles-de-banane-surgelees-qualite-export-nghiep-xuan-vietnam\/#primaryimage\",\"url\":\"https:\/\/nghiepxuan.com\/wp-content\/uploads\/2026\/04\/JPEG-image-4118-9BE6-D9-0.jpeg\",\"contentUrl\":\"https:\/\/nghiepxuan.com\/wp-content\/uploads\/2026\/04\/JPEG-image-4118-9BE6-D9-0.jpeg\",\"width\":2145,\"height\":2560,\"caption\":\"Frozen banana leaves\"},{\"@type\":\"BreadcrumbList\",\"@id\":\"https:\/\/nghiepxuan.com\/fr\/product\/feuilles-de-banane-surgelees-qualite-export-nghiep-xuan-vietnam\/#breadcrumb\",\"itemListElement\":[{\"@type\":\"ListItem\",\"position\":1,\"name\":\"Home\",\"item\":\"https:\/\/nghiepxuan.com\/fr\/\"},{\"@type\":\"ListItem\",\"position\":2,\"name\":\"Boutique\",\"item\":\"https:\/\/nghiepxuan.com\/fr\/shop\/\"},{\"@type\":\"ListItem\",\"position\":3,\"name\":\"Feuilles de banane surgel\u00e9es &#8211; Qualit\u00e9 export | Nghiep Xuan Vietnam\"}]},{\"@type\":\"WebSite\",\"@id\":\"https:\/\/nghiepxuan.com\/fr\/#website\",\"url\":\"https:\/\/nghiepxuan.com\/fr\/\",\"name\":\"Nghiep Xuan - Agricultural Import and Export\",\"description\":\"Nourrir la nature, r\u00e9colter la sant\u00e9\u00a0: votre destination de mode de vie biologique\",\"publisher\":{\"@id\":\"https:\/\/nghiepxuan.com\/fr\/#organization\"},\"potentialAction\":[{\"@type\":\"SearchAction\",\"target\":{\"@type\":\"EntryPoint\",\"urlTemplate\":\"https:\/\/nghiepxuan.com\/fr\/?s={search_term_string}\"},\"query-input\":{\"@type\":\"PropertyValueSpecification\",\"valueRequired\":true,\"valueName\":\"search_term_string\"}}],\"inLanguage\":\"fr-FR\"},{\"@type\":\"Organization\",\"@id\":\"https:\/\/nghiepxuan.com\/fr\/#organization\",\"name\":\"Nghiep Xuan - Agricultural Import and Export\",\"url\":\"https:\/\/nghiepxuan.com\/fr\/\",\"logo\":{\"@type\":\"ImageObject\",\"inLanguage\":\"fr-FR\",\"@id\":\"https:\/\/nghiepxuan.com\/fr\/#\/schema\/logo\/image\/\",\"url\":\"https:\/\/nghiepxuan.com\/wp-content\/uploads\/2025\/04\/Nghiep-Xuan-Logo-4.png\",\"contentUrl\":\"https:\/\/nghiepxuan.com\/wp-content\/uploads\/2025\/04\/Nghiep-Xuan-Logo-4.png\",\"width\":4167,\"height\":1015,\"caption\":\"Nghiep Xuan - Agricultural Import and Export\"},\"image\":{\"@id\":\"https:\/\/nghiepxuan.com\/fr\/#\/schema\/logo\/image\/\"},\"sameAs\":[\"https:\/\/www.facebook.com\/nongsannghiepxuan\/\",\"https:\/\/x.com\/PhuTonBui\",\"https:\/\/www.instagram.com\/xuatnhapkhaunghiepxuan\/\",\"https:\/\/www.youtube.com\/@nongsannghiepxuan2066\",\"https:\/\/www.tiktok.com\/@nghiepxuan\"]}]}<\/script>\n<!-- \/ Yoast SEO plugin. -->","yoast_head_json":{"title":"Feuilles de banane surgel\u00e9es - Qualit\u00e9 export | Nghiep Xuan Vietnam - Nghiep Xuan - Importation et Exportation Agricole","description":"Feuilles de banane surgel\u00e9es de premi\u00e8re qualit\u00e9 en provenance du Vietnam. Souplesse, respect de l'environnement, qualit\u00e9 alimentaire. Approvisionnement en vrac et emballage OEM. Contactez Nghiep Xuan d\u00e8s aujourd'hui.","robots":{"index":"index","follow":"follow","max-snippet":"max-snippet:-1","max-image-preview":"max-image-preview:large","max-video-preview":"max-video-preview:-1"},"canonical":"https:\/\/nghiepxuan.com\/fr\/product\/feuilles-de-banane-surgelees-qualite-export-nghiep-xuan-vietnam\/","og_locale":"fr_FR","og_type":"article","og_title":"Feuilles de banane surgel\u00e9es - Qualit\u00e9 export | Nghiep Xuan Vietnam - Nghiep Xuan - Importation et Exportation Agricole","og_description":"Feuilles de banane surgel\u00e9es de premi\u00e8re qualit\u00e9 en provenance du Vietnam. Souplesse, respect de l'environnement, qualit\u00e9 alimentaire. Approvisionnement en vrac et emballage OEM. Contactez Nghiep Xuan d\u00e8s aujourd'hui.","og_url":"https:\/\/nghiepxuan.com\/fr\/product\/feuilles-de-banane-surgelees-qualite-export-nghiep-xuan-vietnam\/","og_site_name":"Nghiep Xuan - Importation et Exportation Agricole","article_publisher":"https:\/\/www.facebook.com\/nongsannghiepxuan\/","og_image":[{"width":228,"height":272,"url":"https:\/\/nghiepxuan.com\/wp-content\/uploads\/2026\/04\/JPEG-image-4118-9BE6-D9-0-228x272.jpeg","type":"image\/jpeg"}],"twitter_card":"summary_large_image","twitter_site":"@PhuTonBui","twitter_misc":{"Dur\u00e9e de lecture estim\u00e9e":"2 minutes"},"schema":{"@context":"https:\/\/schema.org","@graph":[{"@type":"WebPage","@id":"https:\/\/nghiepxuan.com\/fr\/product\/feuilles-de-banane-surgelees-qualite-export-nghiep-xuan-vietnam\/","url":"https:\/\/nghiepxuan.com\/fr\/product\/feuilles-de-banane-surgelees-qualite-export-nghiep-xuan-vietnam\/","name":"Feuilles de banane surgel\u00e9es - Qualit\u00e9 export | Nghiep Xuan Vietnam - Nghiep Xuan - Importation et Exportation Agricole","isPartOf":{"@id":"https:\/\/nghiepxuan.com\/fr\/#website"},"primaryImageOfPage":{"@id":"https:\/\/nghiepxuan.com\/fr\/product\/feuilles-de-banane-surgelees-qualite-export-nghiep-xuan-vietnam\/#primaryimage"},"image":{"@id":"https:\/\/nghiepxuan.com\/fr\/product\/feuilles-de-banane-surgelees-qualite-export-nghiep-xuan-vietnam\/#primaryimage"},"thumbnailUrl":"https:\/\/nghiepxuan.com\/wp-content\/uploads\/2026\/04\/JPEG-image-4118-9BE6-D9-0.jpeg","datePublished":"2026-04-30T03:52:40+00:00","description":"Feuilles de banane surgel\u00e9es de premi\u00e8re qualit\u00e9 en provenance du Vietnam. Souplesse, respect de l'environnement, qualit\u00e9 alimentaire. Approvisionnement en vrac et emballage OEM. Contactez Nghiep Xuan d\u00e8s aujourd'hui.","breadcrumb":{"@id":"https:\/\/nghiepxuan.com\/fr\/product\/feuilles-de-banane-surgelees-qualite-export-nghiep-xuan-vietnam\/#breadcrumb"},"inLanguage":"fr-FR","potentialAction":[{"@type":"ReadAction","target":["https:\/\/nghiepxuan.com\/fr\/product\/feuilles-de-banane-surgelees-qualite-export-nghiep-xuan-vietnam\/"]}]},{"@type":"ImageObject","inLanguage":"fr-FR","@id":"https:\/\/nghiepxuan.com\/fr\/product\/feuilles-de-banane-surgelees-qualite-export-nghiep-xuan-vietnam\/#primaryimage","url":"https:\/\/nghiepxuan.com\/wp-content\/uploads\/2026\/04\/JPEG-image-4118-9BE6-D9-0.jpeg","contentUrl":"https:\/\/nghiepxuan.com\/wp-content\/uploads\/2026\/04\/JPEG-image-4118-9BE6-D9-0.jpeg","width":2145,"height":2560,"caption":"Frozen banana leaves"},{"@type":"BreadcrumbList","@id":"https:\/\/nghiepxuan.com\/fr\/product\/feuilles-de-banane-surgelees-qualite-export-nghiep-xuan-vietnam\/#breadcrumb","itemListElement":[{"@type":"ListItem","position":1,"name":"Home","item":"https:\/\/nghiepxuan.com\/fr\/"},{"@type":"ListItem","position":2,"name":"Boutique","item":"https:\/\/nghiepxuan.com\/fr\/shop\/"},{"@type":"ListItem","position":3,"name":"Feuilles de banane surgel\u00e9es &#8211; Qualit\u00e9 export | Nghiep Xuan Vietnam"}]},{"@type":"WebSite","@id":"https:\/\/nghiepxuan.com\/fr\/#website","url":"https:\/\/nghiepxuan.com\/fr\/","name":"Nghiep Xuan - Agricultural Import and Export","description":"Nourrir la nature, r\u00e9colter la sant\u00e9\u00a0: votre destination de mode de vie biologique","publisher":{"@id":"https:\/\/nghiepxuan.com\/fr\/#organization"},"potentialAction":[{"@type":"SearchAction","target":{"@type":"EntryPoint","urlTemplate":"https:\/\/nghiepxuan.com\/fr\/?s={search_term_string}"},"query-input":{"@type":"PropertyValueSpecification","valueRequired":true,"valueName":"search_term_string"}}],"inLanguage":"fr-FR"},{"@type":"Organization","@id":"https:\/\/nghiepxuan.com\/fr\/#organization","name":"Nghiep Xuan - Agricultural Import and Export","url":"https:\/\/nghiepxuan.com\/fr\/","logo":{"@type":"ImageObject","inLanguage":"fr-FR","@id":"https:\/\/nghiepxuan.com\/fr\/#\/schema\/logo\/image\/","url":"https:\/\/nghiepxuan.com\/wp-content\/uploads\/2025\/04\/Nghiep-Xuan-Logo-4.png","contentUrl":"https:\/\/nghiepxuan.com\/wp-content\/uploads\/2025\/04\/Nghiep-Xuan-Logo-4.png","width":4167,"height":1015,"caption":"Nghiep Xuan - Agricultural Import and Export"},"image":{"@id":"https:\/\/nghiepxuan.com\/fr\/#\/schema\/logo\/image\/"},"sameAs":["https:\/\/www.facebook.com\/nongsannghiepxuan\/","https:\/\/x.com\/PhuTonBui","https:\/\/www.instagram.com\/xuatnhapkhaunghiepxuan\/","https:\/\/www.youtube.com\/@nongsannghiepxuan2066","https:\/\/www.tiktok.com\/@nghiepxuan"]}]}},"_links":{"self":[{"href":"https:\/\/nghiepxuan.com\/fr\/wp-json\/wp\/v2\/product\/9967","targetHints":{"allow":["GET"]}}],"collection":[{"href":"https:\/\/nghiepxuan.com\/fr\/wp-json\/wp\/v2\/product"}],"about":[{"href":"https:\/\/nghiepxuan.com\/fr\/wp-json\/wp\/v2\/types\/product"}],"replies":[{"embeddable":true,"href":"https:\/\/nghiepxuan.com\/fr\/wp-json\/wp\/v2\/comments?post=9967"}],"version-history":[{"count":0,"href":"https:\/\/nghiepxuan.com\/fr\/wp-json\/wp\/v2\/product\/9967\/revisions"}],"wp:featuredmedia":[{"embeddable":true,"href":"https:\/\/nghiepxuan.com\/fr\/wp-json\/wp\/v2\/media\/9957"}],"wp:attachment":[{"href":"https:\/\/nghiepxuan.com\/fr\/wp-json\/wp\/v2\/media?parent=9967"}],"wp:term":[{"taxonomy":"product_brand","embeddable":true,"href":"https:\/\/nghiepxuan.com\/fr\/wp-json\/wp\/v2\/product_brand?post=9967"},{"taxonomy":"product_cat","embeddable":true,"href":"https:\/\/nghiepxuan.com\/fr\/wp-json\/wp\/v2\/product_cat?post=9967"},{"taxonomy":"product_tag","embeddable":true,"href":"https:\/\/nghiepxuan.com\/fr\/wp-json\/wp\/v2\/product_tag?post=9967"}],"curies":[{"name":"wp","href":"https:\/\/api.w.org\/{rel}","templated":true}]}}