{"id":9914,"date":"2026-04-30T03:40:40","date_gmt":"2026-04-30T03:40:40","guid":{"rendered":"https:\/\/nghiepxuan.com\/product\/piment-rouge-surgele-premium-qualite-export-nghiep-xuan-vietnam\/"},"modified":"2026-04-30T03:40:40","modified_gmt":"2026-04-30T03:40:40","slug":"piment-rouge-surgele-premium-qualite-export-nghiep-xuan-vietnam","status":"publish","type":"product","link":"https:\/\/nghiepxuan.com\/fr\/product\/piment-rouge-surgele-premium-qualite-export-nghiep-xuan-vietnam\/","title":{"rendered":"Piment rouge surgel\u00e9 Premium &#8211; Qualit\u00e9 export | Nghiep Xuan Vietnam"},"content":{"rendered":"<h3 data-section-id=\"10rmw79\" data-start=\"362\" data-end=\"378\"><span role=\"text\"><strong data-start=\"366\" data-end=\"378\">Vue d&#8217;ensemble<\/strong><\/span><\/h3>\n<p data-start=\"379\" data-end=\"603\">Nghiep Xuan propose des <strong data-start=\"398\" data-end=\"433\">piments rouges surgel\u00e9s de premi\u00e8re qualit\u00e9 (IQF<\/strong>), provenant de fermes soigneusement s\u00e9lectionn\u00e9es au Vi\u00eat Nam et trait\u00e9s \u00e0 l&#8217;aide d&#8217;une technologie de cong\u00e9lation avanc\u00e9e afin de pr\u00e9server leur <strong data-start=\"549\" data-end=\"602\">chaleur naturelle, leur couleur rouge vibrante et leur saveur fra\u00eeche<\/strong>.<\/p>\n<p data-start=\"605\" data-end=\"751\">Notre piment rouge surgel\u00e9 est id\u00e9al pour les <strong data-start=\"640\" data-end=\"705\">fabricants de produits alimentaires, les transformateurs d&#8217;\u00e9pices et les distributeurs mondiaux<\/strong> \u00e0 la recherche d&#8217;une qualit\u00e9 constante et d&#8217;un approvisionnement stable.<\/p>\n<hr data-start=\"753\" data-end=\"756\">\n<h3 data-section-id=\"vkanar\" data-start=\"758\" data-end=\"782\"><span role=\"text\"><strong data-start=\"762\" data-end=\"782\">\ud83c\udf36\ufe0f Caract\u00e9ristiques principales<\/strong><\/span><\/h3>\n<ul data-start=\"783\" data-end=\"1151\">\n<li data-section-id=\"1v05lko\" data-start=\"783\" data-end=\"844\"><strong data-start=\"785\" data-end=\"816\">Piquant \u00e9lev\u00e9 et saveur riche<\/strong> &#8211; Profil \u00e9pic\u00e9 authentique<\/li>\n<li data-section-id=\"ffx0dx\" data-start=\"845\" data-end=\"901\"><strong data-start=\"847\" data-end=\"865\">Technologie IQF<\/strong> &#8211; Pr\u00e9servation de la fra\u00eecheur et de la texture<\/li>\n<li data-section-id=\"476tpv\" data-start=\"902\" data-end=\"963\"><strong data-start=\"904\" data-end=\"928\">Couleur naturelle brillante<\/strong> &#8211; aspect rouge fonc\u00e9 attrayant<\/li>\n<li data-section-id=\"16zuj4u\" data-start=\"964\" data-end=\"1016\"><strong data-start=\"966\" data-end=\"982\">100% naturel<\/strong> &#8211; Sans additifs ni conservateurs<\/li>\n<li data-section-id=\"1puak36\" data-start=\"1017\" data-end=\"1082\"><strong data-start=\"1019\" data-end=\"1039\">Formats souples<\/strong> &#8211; Entiers, tranch\u00e9s, hach\u00e9s ou pr\u00eats \u00e0 \u00eatre coll\u00e9s<\/li>\n<li data-section-id=\"cweks5\" data-start=\"1083\" data-end=\"1151\"><strong data-start=\"1085\" data-end=\"1117\">Contr\u00f4le de qualit\u00e9 pour l&#8217;exportation<\/strong> &#8211; Conforme aux normes internationales<\/li>\n<\/ul>\n<hr data-start=\"1153\" data-end=\"1156\">\n<h3 data-section-id=\"f701lt\" data-start=\"1158\" data-end=\"1182\"><span role=\"text\"><strong data-start=\"1162\" data-end=\"1182\">\ud83c\udf7d\ufe0f Applications<\/strong><\/span><\/h3>\n<p data-start=\"1183\" data-end=\"1232\">Parfait pour diverses utilisations industrielles et culinaires :<\/p>\n<ul data-start=\"1233\" data-end=\"1402\">\n<li data-section-id=\"33jgbz\" data-start=\"1233\" data-end=\"1283\">Production de sauces, de p\u00e2te de piment et d&#8217;assaisonnements<\/li>\n<li data-section-id=\"12lxq67\" data-start=\"1284\" data-end=\"1317\">Repas surgel\u00e9s et pr\u00eats \u00e0 consommer<\/li>\n<li data-section-id=\"18zx0t0\" data-start=\"1318\" data-end=\"1357\">Cuisines asiatique, mexicaine et mondiale<\/li>\n<li data-section-id=\"1rn0b24\" data-start=\"1358\" data-end=\"1402\">Cha\u00eenes d&#8217;approvisionnement des services alimentaires et des restaurants<\/li>\n<\/ul>\n<hr data-start=\"1404\" data-end=\"1407\">\n<h3 data-section-id=\"grum48\" data-start=\"1409\" data-end=\"1442\"><span role=\"text\"><strong data-start=\"1413\" data-end=\"1442\">\ud83d\udce6 Sp\u00e9cifications du produit<\/strong><\/span><\/h3>\n<ul data-start=\"1443\" data-end=\"1743\">\n<li data-section-id=\"1yexywc\" data-start=\"1443\" data-end=\"1506\"><strong data-start=\"1445\" data-end=\"1462\">Type de produit :<\/strong> Piment rouge surgel\u00e9 (entier \/ coup\u00e9 \/ hach\u00e9)<\/li>\n<li data-section-id=\"1mfsgr9\" data-start=\"1507\" data-end=\"1558\"><strong data-start=\"1509\" data-end=\"1524\">Traitement :<\/strong> IQF (Individuellement surgel\u00e9)<\/li>\n<li data-section-id=\"895jai\" data-start=\"1559\" data-end=\"1582\"><strong data-start=\"1561\" data-end=\"1572\">Origine :<\/strong> Vietnam<\/li>\n<li data-section-id=\"5d1acd\" data-start=\"1583\" data-end=\"1624\"><strong data-start=\"1585\" data-end=\"1600\">Dur\u00e9e de conservation :<\/strong> 18-24 mois \u00e0 -18\u00b0C<\/li>\n<li data-section-id=\"8l7ax0\" data-start=\"1625\" data-end=\"1673\"><strong data-start=\"1627\" data-end=\"1641\">Emballage :<\/strong> Bulk \/ Retail \/ OEM disponible<\/li>\n<li data-section-id=\"1ynrigw\" data-start=\"1674\" data-end=\"1743\"><strong data-start=\"1676\" data-end=\"1695\">Certifications :<\/strong> Disponibles sur demande (GlobalGAP, ISO, etc.)<\/li>\n<\/ul>\n<hr data-start=\"1745\" data-end=\"1748\">\n<h3 data-section-id=\"1a272qi\" data-start=\"1750\" data-end=\"1784\"><span role=\"text\"><strong data-start=\"1754\" data-end=\"1784\">\ud83d\ude9a Pourquoi choisir Nghiep Xuan ?<\/strong><\/span><\/h3>\n<ul data-start=\"1785\" data-end=\"2059\">\n<li data-section-id=\"1v18uxo\" data-start=\"1785\" data-end=\"1856\"><strong data-start=\"1799\" data-end=\"1854\">Exportateur vietnamien<\/strong> exp\u00e9riment\u00e9 <strong data-start=\"1799\" data-end=\"1854\">de produits agricoles congel\u00e9s<\/strong><\/li>\n<li data-section-id=\"x54rxg\" data-start=\"1857\" data-end=\"1916\"><strong data-start=\"1866\" data-end=\"1914\">Syst\u00e8me de cha\u00eene du froid<\/strong> solide <strong data-start=\"1866\" data-end=\"1914\">garantissant l&#8217;int\u00e9grit\u00e9 du produit<\/strong><\/li>\n<li data-section-id=\"itwb2v\" data-start=\"1917\" data-end=\"1960\"><strong data-start=\"1928\" data-end=\"1958\">Capacit\u00e9 d&#8217;approvisionnement<\/strong> fiable <strong data-start=\"1928\" data-end=\"1958\">tout au long de l&#8217;ann\u00e9e<\/strong><\/li>\n<li data-section-id=\"yfb7h\" data-start=\"1961\" data-end=\"2007\"><strong data-start=\"1972\" data-end=\"2005\">Solutions<\/strong> flexibles <strong data-start=\"1972\" data-end=\"2005\">pour les OEM et les marques de distributeur<\/strong><\/li>\n<li data-section-id=\"1qxssst\" data-start=\"2008\" data-end=\"2059\">Engagement dans des <strong data-start=\"2024\" data-end=\"2057\">partenariats mondiaux \u00e0 long terme<\/strong><\/li>\n<\/ul>\n<hr data-start=\"2061\" data-end=\"2064\">\n<h3 data-section-id=\"sirax1\" data-start=\"2066\" data-end=\"2088\"><span role=\"text\"><strong data-start=\"2070\" data-end=\"2088\">\ud83d\udce9 Enqu\u00eate CTA<\/strong><\/span><\/h3>\n<p data-start=\"2089\" data-end=\"2229\">Vous recherchez un fournisseur de confiance de piment rouge surgel\u00e9 ?<br data-start=\"2141\" data-end=\"2144\">\ud83d\udc49 Contactez Nghiep Xuan d\u00e8s aujourd&#8217;hui pour obtenir des <strong data-start=\"2177\" data-end=\"2228\">prix, des \u00e9chantillons et des possibilit\u00e9s de partenariat<\/strong>.<\/p>\n<p data-start=\"2089\" data-end=\"2229\">Courriel : info@nghiepxuan.com || WhatsApp\/Viber\/Zalo\/Wechat\/Hotline : +84939 345 598<\/p>\n","protected":false},"excerpt":{"rendered":"<p>Piment rouge surgel\u00e9 de premi\u00e8re qualit\u00e9 en provenance du Vietnam. Forte chaleur, couleur vibrante, livraison en vrac et emballage OEM. Contactez Nghiep Xuan pour un meilleur devis.  <\/p>\n","protected":false},"featured_media":9904,"comment_status":"open","ping_status":"closed","template":"","meta":{"content-type":""},"product_brand":[],"product_cat":[419],"product_tag":[1146,1108,1145,1107],"class_list":{"0":"post-9914","1":"product","2":"type-product","3":"status-publish","4":"has-post-thumbnail","6":"product_cat-frozen-fr","7":"product_tag-exportations-du-vietnam","8":"product_tag-fruits-surgeles-vietnam","9":"product_tag-piment-rouge-surgele","10":"product_tag-produit-congele","12":"first","13":"instock","14":"shipping-taxable","15":"product-type-simple"},"yoast_head":"<!-- This site is optimized with the Yoast SEO plugin v26.9 - https:\/\/yoast.com\/product\/yoast-seo-wordpress\/ -->\n<title>Piment rouge surgel\u00e9 Premium - Qualit\u00e9 export | Nghiep Xuan Vietnam - Nghiep Xuan - Importation et Exportation Agricole<\/title>\n<meta name=\"description\" content=\"Piment rouge surgel\u00e9 IQF de premi\u00e8re qualit\u00e9 en provenance du Vietnam. Chaleur intense, couleur \u00e9clatante, livraison en vrac et emballage OEM. Contactez Nghiep Xuan pour un meilleur devis.\" \/>\n<meta name=\"robots\" content=\"index, follow, max-snippet:-1, max-image-preview:large, max-video-preview:-1\" \/>\n<link rel=\"canonical\" href=\"https:\/\/nghiepxuan.com\/fr\/product\/piment-rouge-surgele-premium-qualite-export-nghiep-xuan-vietnam\/\" \/>\n<meta property=\"og:locale\" content=\"fr_FR\" \/>\n<meta property=\"og:type\" content=\"article\" \/>\n<meta property=\"og:title\" content=\"Piment rouge surgel\u00e9 Premium - Qualit\u00e9 export | Nghiep Xuan Vietnam - Nghiep Xuan - Importation et Exportation Agricole\" \/>\n<meta property=\"og:description\" content=\"Piment rouge surgel\u00e9 IQF de premi\u00e8re qualit\u00e9 en provenance du Vietnam. Chaleur intense, couleur \u00e9clatante, livraison en vrac et emballage OEM. Contactez Nghiep Xuan pour un meilleur devis.\" \/>\n<meta property=\"og:url\" content=\"https:\/\/nghiepxuan.com\/fr\/product\/piment-rouge-surgele-premium-qualite-export-nghiep-xuan-vietnam\/\" \/>\n<meta property=\"og:site_name\" content=\"Nghiep Xuan - Importation et Exportation Agricole\" \/>\n<meta property=\"article:publisher\" content=\"https:\/\/www.facebook.com\/nongsannghiepxuan\/\" \/>\n<meta property=\"og:image\" content=\"https:\/\/nghiepxuan.com\/wp-content\/uploads\/2026\/04\/JPEG-image-417C-8265-97-0-204x272.jpeg\" \/>\n\t<meta property=\"og:image:width\" content=\"204\" \/>\n\t<meta property=\"og:image:height\" content=\"272\" \/>\n\t<meta property=\"og:image:type\" content=\"image\/jpeg\" \/>\n<meta name=\"twitter:card\" content=\"summary_large_image\" \/>\n<meta name=\"twitter:site\" content=\"@PhuTonBui\" \/>\n<meta name=\"twitter:label1\" content=\"Dur\u00e9e de lecture estim\u00e9e\" \/>\n\t<meta name=\"twitter:data1\" content=\"2 minutes\" \/>\n<script type=\"application\/ld+json\" class=\"yoast-schema-graph\">{\"@context\":\"https:\/\/schema.org\",\"@graph\":[{\"@type\":\"WebPage\",\"@id\":\"https:\/\/nghiepxuan.com\/fr\/product\/piment-rouge-surgele-premium-qualite-export-nghiep-xuan-vietnam\/\",\"url\":\"https:\/\/nghiepxuan.com\/fr\/product\/piment-rouge-surgele-premium-qualite-export-nghiep-xuan-vietnam\/\",\"name\":\"Piment rouge surgel\u00e9 Premium - Qualit\u00e9 export | Nghiep Xuan Vietnam - Nghiep Xuan - Importation et Exportation Agricole\",\"isPartOf\":{\"@id\":\"https:\/\/nghiepxuan.com\/fr\/#website\"},\"primaryImageOfPage\":{\"@id\":\"https:\/\/nghiepxuan.com\/fr\/product\/piment-rouge-surgele-premium-qualite-export-nghiep-xuan-vietnam\/#primaryimage\"},\"image\":{\"@id\":\"https:\/\/nghiepxuan.com\/fr\/product\/piment-rouge-surgele-premium-qualite-export-nghiep-xuan-vietnam\/#primaryimage\"},\"thumbnailUrl\":\"https:\/\/nghiepxuan.com\/wp-content\/uploads\/2026\/04\/JPEG-image-417C-8265-97-0.jpeg\",\"datePublished\":\"2026-04-30T03:40:40+00:00\",\"description\":\"Piment rouge surgel\u00e9 IQF de premi\u00e8re qualit\u00e9 en provenance du Vietnam. Chaleur intense, couleur \u00e9clatante, livraison en vrac et emballage OEM. Contactez Nghiep Xuan pour un meilleur devis.\",\"breadcrumb\":{\"@id\":\"https:\/\/nghiepxuan.com\/fr\/product\/piment-rouge-surgele-premium-qualite-export-nghiep-xuan-vietnam\/#breadcrumb\"},\"inLanguage\":\"fr-FR\",\"potentialAction\":[{\"@type\":\"ReadAction\",\"target\":[\"https:\/\/nghiepxuan.com\/fr\/product\/piment-rouge-surgele-premium-qualite-export-nghiep-xuan-vietnam\/\"]}]},{\"@type\":\"ImageObject\",\"inLanguage\":\"fr-FR\",\"@id\":\"https:\/\/nghiepxuan.com\/fr\/product\/piment-rouge-surgele-premium-qualite-export-nghiep-xuan-vietnam\/#primaryimage\",\"url\":\"https:\/\/nghiepxuan.com\/wp-content\/uploads\/2026\/04\/JPEG-image-417C-8265-97-0.jpeg\",\"contentUrl\":\"https:\/\/nghiepxuan.com\/wp-content\/uploads\/2026\/04\/JPEG-image-417C-8265-97-0.jpeg\",\"width\":1920,\"height\":2560,\"caption\":\"Frozen Red Chilli\"},{\"@type\":\"BreadcrumbList\",\"@id\":\"https:\/\/nghiepxuan.com\/fr\/product\/piment-rouge-surgele-premium-qualite-export-nghiep-xuan-vietnam\/#breadcrumb\",\"itemListElement\":[{\"@type\":\"ListItem\",\"position\":1,\"name\":\"Home\",\"item\":\"https:\/\/nghiepxuan.com\/fr\/\"},{\"@type\":\"ListItem\",\"position\":2,\"name\":\"Boutique\",\"item\":\"https:\/\/nghiepxuan.com\/fr\/shop\/\"},{\"@type\":\"ListItem\",\"position\":3,\"name\":\"Piment rouge surgel\u00e9 Premium &#8211; Qualit\u00e9 export | Nghiep Xuan Vietnam\"}]},{\"@type\":\"WebSite\",\"@id\":\"https:\/\/nghiepxuan.com\/fr\/#website\",\"url\":\"https:\/\/nghiepxuan.com\/fr\/\",\"name\":\"Nghiep Xuan - Agricultural Import and Export\",\"description\":\"Nourrir la nature, r\u00e9colter la sant\u00e9\u00a0: votre destination de mode de vie biologique\",\"publisher\":{\"@id\":\"https:\/\/nghiepxuan.com\/fr\/#organization\"},\"potentialAction\":[{\"@type\":\"SearchAction\",\"target\":{\"@type\":\"EntryPoint\",\"urlTemplate\":\"https:\/\/nghiepxuan.com\/fr\/?s={search_term_string}\"},\"query-input\":{\"@type\":\"PropertyValueSpecification\",\"valueRequired\":true,\"valueName\":\"search_term_string\"}}],\"inLanguage\":\"fr-FR\"},{\"@type\":\"Organization\",\"@id\":\"https:\/\/nghiepxuan.com\/fr\/#organization\",\"name\":\"Nghiep Xuan - Agricultural Import and Export\",\"url\":\"https:\/\/nghiepxuan.com\/fr\/\",\"logo\":{\"@type\":\"ImageObject\",\"inLanguage\":\"fr-FR\",\"@id\":\"https:\/\/nghiepxuan.com\/fr\/#\/schema\/logo\/image\/\",\"url\":\"https:\/\/nghiepxuan.com\/wp-content\/uploads\/2025\/04\/Nghiep-Xuan-Logo-4.png\",\"contentUrl\":\"https:\/\/nghiepxuan.com\/wp-content\/uploads\/2025\/04\/Nghiep-Xuan-Logo-4.png\",\"width\":4167,\"height\":1015,\"caption\":\"Nghiep Xuan - Agricultural Import and Export\"},\"image\":{\"@id\":\"https:\/\/nghiepxuan.com\/fr\/#\/schema\/logo\/image\/\"},\"sameAs\":[\"https:\/\/www.facebook.com\/nongsannghiepxuan\/\",\"https:\/\/x.com\/PhuTonBui\",\"https:\/\/www.instagram.com\/xuatnhapkhaunghiepxuan\/\",\"https:\/\/www.youtube.com\/@nongsannghiepxuan2066\",\"https:\/\/www.tiktok.com\/@nghiepxuan\"]}]}<\/script>\n<!-- \/ Yoast SEO plugin. -->","yoast_head_json":{"title":"Piment rouge surgel\u00e9 Premium - Qualit\u00e9 export | Nghiep Xuan Vietnam - Nghiep Xuan - Importation et Exportation Agricole","description":"Piment rouge surgel\u00e9 IQF de premi\u00e8re qualit\u00e9 en provenance du Vietnam. Chaleur intense, couleur \u00e9clatante, livraison en vrac et emballage OEM. Contactez Nghiep Xuan pour un meilleur devis.","robots":{"index":"index","follow":"follow","max-snippet":"max-snippet:-1","max-image-preview":"max-image-preview:large","max-video-preview":"max-video-preview:-1"},"canonical":"https:\/\/nghiepxuan.com\/fr\/product\/piment-rouge-surgele-premium-qualite-export-nghiep-xuan-vietnam\/","og_locale":"fr_FR","og_type":"article","og_title":"Piment rouge surgel\u00e9 Premium - Qualit\u00e9 export | Nghiep Xuan Vietnam - Nghiep Xuan - Importation et Exportation Agricole","og_description":"Piment rouge surgel\u00e9 IQF de premi\u00e8re qualit\u00e9 en provenance du Vietnam. Chaleur intense, couleur \u00e9clatante, livraison en vrac et emballage OEM. Contactez Nghiep Xuan pour un meilleur devis.","og_url":"https:\/\/nghiepxuan.com\/fr\/product\/piment-rouge-surgele-premium-qualite-export-nghiep-xuan-vietnam\/","og_site_name":"Nghiep Xuan - Importation et Exportation Agricole","article_publisher":"https:\/\/www.facebook.com\/nongsannghiepxuan\/","og_image":[{"width":204,"height":272,"url":"https:\/\/nghiepxuan.com\/wp-content\/uploads\/2026\/04\/JPEG-image-417C-8265-97-0-204x272.jpeg","type":"image\/jpeg"}],"twitter_card":"summary_large_image","twitter_site":"@PhuTonBui","twitter_misc":{"Dur\u00e9e de lecture estim\u00e9e":"2 minutes"},"schema":{"@context":"https:\/\/schema.org","@graph":[{"@type":"WebPage","@id":"https:\/\/nghiepxuan.com\/fr\/product\/piment-rouge-surgele-premium-qualite-export-nghiep-xuan-vietnam\/","url":"https:\/\/nghiepxuan.com\/fr\/product\/piment-rouge-surgele-premium-qualite-export-nghiep-xuan-vietnam\/","name":"Piment rouge surgel\u00e9 Premium - Qualit\u00e9 export | Nghiep Xuan Vietnam - Nghiep Xuan - Importation et Exportation Agricole","isPartOf":{"@id":"https:\/\/nghiepxuan.com\/fr\/#website"},"primaryImageOfPage":{"@id":"https:\/\/nghiepxuan.com\/fr\/product\/piment-rouge-surgele-premium-qualite-export-nghiep-xuan-vietnam\/#primaryimage"},"image":{"@id":"https:\/\/nghiepxuan.com\/fr\/product\/piment-rouge-surgele-premium-qualite-export-nghiep-xuan-vietnam\/#primaryimage"},"thumbnailUrl":"https:\/\/nghiepxuan.com\/wp-content\/uploads\/2026\/04\/JPEG-image-417C-8265-97-0.jpeg","datePublished":"2026-04-30T03:40:40+00:00","description":"Piment rouge surgel\u00e9 IQF de premi\u00e8re qualit\u00e9 en provenance du Vietnam. Chaleur intense, couleur \u00e9clatante, livraison en vrac et emballage OEM. Contactez Nghiep Xuan pour un meilleur devis.","breadcrumb":{"@id":"https:\/\/nghiepxuan.com\/fr\/product\/piment-rouge-surgele-premium-qualite-export-nghiep-xuan-vietnam\/#breadcrumb"},"inLanguage":"fr-FR","potentialAction":[{"@type":"ReadAction","target":["https:\/\/nghiepxuan.com\/fr\/product\/piment-rouge-surgele-premium-qualite-export-nghiep-xuan-vietnam\/"]}]},{"@type":"ImageObject","inLanguage":"fr-FR","@id":"https:\/\/nghiepxuan.com\/fr\/product\/piment-rouge-surgele-premium-qualite-export-nghiep-xuan-vietnam\/#primaryimage","url":"https:\/\/nghiepxuan.com\/wp-content\/uploads\/2026\/04\/JPEG-image-417C-8265-97-0.jpeg","contentUrl":"https:\/\/nghiepxuan.com\/wp-content\/uploads\/2026\/04\/JPEG-image-417C-8265-97-0.jpeg","width":1920,"height":2560,"caption":"Frozen Red Chilli"},{"@type":"BreadcrumbList","@id":"https:\/\/nghiepxuan.com\/fr\/product\/piment-rouge-surgele-premium-qualite-export-nghiep-xuan-vietnam\/#breadcrumb","itemListElement":[{"@type":"ListItem","position":1,"name":"Home","item":"https:\/\/nghiepxuan.com\/fr\/"},{"@type":"ListItem","position":2,"name":"Boutique","item":"https:\/\/nghiepxuan.com\/fr\/shop\/"},{"@type":"ListItem","position":3,"name":"Piment rouge surgel\u00e9 Premium &#8211; Qualit\u00e9 export | Nghiep Xuan Vietnam"}]},{"@type":"WebSite","@id":"https:\/\/nghiepxuan.com\/fr\/#website","url":"https:\/\/nghiepxuan.com\/fr\/","name":"Nghiep Xuan - Agricultural Import and Export","description":"Nourrir la nature, r\u00e9colter la sant\u00e9\u00a0: votre destination de mode de vie biologique","publisher":{"@id":"https:\/\/nghiepxuan.com\/fr\/#organization"},"potentialAction":[{"@type":"SearchAction","target":{"@type":"EntryPoint","urlTemplate":"https:\/\/nghiepxuan.com\/fr\/?s={search_term_string}"},"query-input":{"@type":"PropertyValueSpecification","valueRequired":true,"valueName":"search_term_string"}}],"inLanguage":"fr-FR"},{"@type":"Organization","@id":"https:\/\/nghiepxuan.com\/fr\/#organization","name":"Nghiep Xuan - Agricultural Import and Export","url":"https:\/\/nghiepxuan.com\/fr\/","logo":{"@type":"ImageObject","inLanguage":"fr-FR","@id":"https:\/\/nghiepxuan.com\/fr\/#\/schema\/logo\/image\/","url":"https:\/\/nghiepxuan.com\/wp-content\/uploads\/2025\/04\/Nghiep-Xuan-Logo-4.png","contentUrl":"https:\/\/nghiepxuan.com\/wp-content\/uploads\/2025\/04\/Nghiep-Xuan-Logo-4.png","width":4167,"height":1015,"caption":"Nghiep Xuan - Agricultural Import and Export"},"image":{"@id":"https:\/\/nghiepxuan.com\/fr\/#\/schema\/logo\/image\/"},"sameAs":["https:\/\/www.facebook.com\/nongsannghiepxuan\/","https:\/\/x.com\/PhuTonBui","https:\/\/www.instagram.com\/xuatnhapkhaunghiepxuan\/","https:\/\/www.youtube.com\/@nongsannghiepxuan2066","https:\/\/www.tiktok.com\/@nghiepxuan"]}]}},"_links":{"self":[{"href":"https:\/\/nghiepxuan.com\/fr\/wp-json\/wp\/v2\/product\/9914","targetHints":{"allow":["GET"]}}],"collection":[{"href":"https:\/\/nghiepxuan.com\/fr\/wp-json\/wp\/v2\/product"}],"about":[{"href":"https:\/\/nghiepxuan.com\/fr\/wp-json\/wp\/v2\/types\/product"}],"replies":[{"embeddable":true,"href":"https:\/\/nghiepxuan.com\/fr\/wp-json\/wp\/v2\/comments?post=9914"}],"version-history":[{"count":0,"href":"https:\/\/nghiepxuan.com\/fr\/wp-json\/wp\/v2\/product\/9914\/revisions"}],"wp:featuredmedia":[{"embeddable":true,"href":"https:\/\/nghiepxuan.com\/fr\/wp-json\/wp\/v2\/media\/9904"}],"wp:attachment":[{"href":"https:\/\/nghiepxuan.com\/fr\/wp-json\/wp\/v2\/media?parent=9914"}],"wp:term":[{"taxonomy":"product_brand","embeddable":true,"href":"https:\/\/nghiepxuan.com\/fr\/wp-json\/wp\/v2\/product_brand?post=9914"},{"taxonomy":"product_cat","embeddable":true,"href":"https:\/\/nghiepxuan.com\/fr\/wp-json\/wp\/v2\/product_cat?post=9914"},{"taxonomy":"product_tag","embeddable":true,"href":"https:\/\/nghiepxuan.com\/fr\/wp-json\/wp\/v2\/product_tag?post=9914"}],"curies":[{"name":"wp","href":"https:\/\/api.w.org\/{rel}","templated":true}]}}