{"id":9859,"date":"2026-04-30T03:27:11","date_gmt":"2026-04-30T03:27:11","guid":{"rendered":"https:\/\/nghiepxuan.com\/product\/citronnelle-surgelee-de-qualite-superieure-qualite-export-nghiep-xuan-vietnam\/"},"modified":"2026-04-30T03:27:11","modified_gmt":"2026-04-30T03:27:11","slug":"citronnelle-surgelee-de-qualite-superieure-qualite-export-nghiep-xuan-vietnam","status":"publish","type":"product","link":"https:\/\/nghiepxuan.com\/fr\/product\/citronnelle-surgelee-de-qualite-superieure-qualite-export-nghiep-xuan-vietnam\/","title":{"rendered":"Citronnelle surgel\u00e9e de qualit\u00e9 sup\u00e9rieure &#8211; Qualit\u00e9 export | Nghiep Xuan Vietnam"},"content":{"rendered":"<h3 data-section-id=\"10rmw79\" data-start=\"311\" data-end=\"327\"><span role=\"text\"><strong data-start=\"315\" data-end=\"327\">Vue d&#8217;ensemble<\/strong><\/span><\/h3>\n<p data-start=\"328\" data-end=\"562\">Nghiep Xuan est fier de vous proposer de la <strong data-start=\"355\" data-end=\"390\">citronnelle surgel\u00e9e de premi\u00e8re qualit\u00e9<\/strong>, soigneusement s\u00e9lectionn\u00e9e dans des fermes de haute qualit\u00e9 au Vi\u00eat Nam et trait\u00e9e \u00e0 l&#8217;aide d&#8217;une technologie de cong\u00e9lation avanc\u00e9e afin de pr\u00e9server son <strong data-start=\"511\" data-end=\"561\">ar\u00f4me frais, sa saveur naturelle et sa couleur \u00e9clatante<\/strong>.<\/p>\n<p data-start=\"564\" data-end=\"733\">Notre citronnelle surgel\u00e9e est un excellent choix pour les fabricants de produits alimentaires, les restaurants et les distributeurs internationaux qui ont besoin d&#8217;une qualit\u00e9 constante et d&#8217;un approvisionnement fiable pour les march\u00e9s mondiaux.<\/p>\n<h3 data-section-id=\"pqwi63\" data-start=\"740\" data-end=\"763\"><span role=\"text\"><strong data-start=\"744\" data-end=\"763\">\ud83c\udf31 Caract\u00e9ristiques principales<\/strong><\/span><\/h3>\n<ul data-start=\"764\" data-end=\"1153\">\n<li data-section-id=\"16zuj4u\" data-start=\"764\" data-end=\"816\"><strong data-start=\"766\" data-end=\"782\">100% naturel<\/strong> &#8211; Sans additifs ni conservateurs<\/li>\n<li data-section-id=\"b1xbsj\" data-start=\"817\" data-end=\"889\"><strong data-start=\"819\" data-end=\"837\">Technologie IQF<\/strong> &#8211; Surg\u00e9lation rapide individuelle pour pr\u00e9server la fra\u00eecheur<\/li>\n<li data-section-id=\"jl4ko6\" data-start=\"890\" data-end=\"961\"><strong data-start=\"892\" data-end=\"917\">Ar\u00f4me et saveur puissants<\/strong> &#8211; Profil authentique de la citronnelle vietnamienne<\/li>\n<li data-section-id=\"1nww1p\" data-start=\"962\" data-end=\"1026\"><strong data-start=\"964\" data-end=\"990\">Coupes uniformes disponibles<\/strong> &#8211; Tiges enti\u00e8res, en tranches ou \u00e9minc\u00e9es<\/li>\n<li data-section-id=\"76kt9m\" data-start=\"1027\" data-end=\"1099\"><strong data-start=\"1029\" data-end=\"1055\">Contr\u00f4le strict de la qualit\u00e9<\/strong> &#8211; Traitement selon les normes internationales<\/li>\n<li data-section-id=\"197pont\" data-start=\"1100\" data-end=\"1153\"><strong data-start=\"1102\" data-end=\"1125\">Cha\u00eene d&#8217;approvisionnement stable<\/strong> &#8211; Disponibilit\u00e9 tout au long de l&#8217;ann\u00e9e<\/li>\n<\/ul>\n<hr data-start=\"1155\" data-end=\"1158\">\n<h3 data-section-id=\"f701lt\" data-start=\"1160\" data-end=\"1184\"><span role=\"text\"><strong data-start=\"1164\" data-end=\"1184\">\ud83c\udf7d\ufe0f Applications<\/strong><\/span><\/h3>\n<p data-start=\"1185\" data-end=\"1242\">Parfait pour une large gamme d&#8217;utilisations culinaires et industrielles :<\/p>\n<ul data-start=\"1243\" data-end=\"1411\">\n<li data-section-id=\"uqk4pp\" data-start=\"1243\" data-end=\"1294\">Cuisine asiatique (tha\u00eflandaise, vietnamienne, indienne)<\/li>\n<li data-section-id=\"bpxnsa\" data-start=\"1295\" data-end=\"1328\">Soupes, currys et marinades<\/li>\n<li data-section-id=\"gik96f\" data-start=\"1329\" data-end=\"1364\">Production de sauces et d&#8217;assaisonnements<\/li>\n<li data-section-id=\"4j6s4s\" data-start=\"1365\" data-end=\"1411\">Fabrication de plats cuisin\u00e9s et de repas surgel\u00e9s<\/li>\n<\/ul>\n<hr data-start=\"1413\" data-end=\"1416\">\n<h3 data-section-id=\"grum48\" data-start=\"1418\" data-end=\"1451\"><span role=\"text\"><strong data-start=\"1422\" data-end=\"1451\">\ud83d\udce6 Sp\u00e9cifications du produit<\/strong><\/span><\/h3>\n<ul data-start=\"1452\" data-end=\"1756\">\n<li data-section-id=\"126vdfs\" data-start=\"1452\" data-end=\"1514\"><strong data-start=\"1454\" data-end=\"1471\">Type de produit :<\/strong> Citronnelle surgel\u00e9e (enti\u00e8re \/ coup\u00e9e \/ \u00e9minc\u00e9e)<\/li>\n<li data-section-id=\"1mfsgr9\" data-start=\"1515\" data-end=\"1566\"><strong data-start=\"1517\" data-end=\"1532\">Traitement :<\/strong> IQF (Individuellement surgel\u00e9)<\/li>\n<li data-section-id=\"895jai\" data-start=\"1567\" data-end=\"1590\"><strong data-start=\"1569\" data-end=\"1580\">Origine :<\/strong> Vietnam<\/li>\n<li data-section-id=\"5d1acd\" data-start=\"1591\" data-end=\"1632\"><strong data-start=\"1593\" data-end=\"1608\">Dur\u00e9e de conservation :<\/strong> 18-24 mois \u00e0 -18\u00b0C<\/li>\n<li data-section-id=\"1oonqk6\" data-start=\"1633\" data-end=\"1686\"><strong data-start=\"1635\" data-end=\"1649\">Emballage :<\/strong> Personnalisable (d\u00e9tail \/ vrac \/ OEM)<\/li>\n<li data-section-id=\"1ynrigw\" data-start=\"1687\" data-end=\"1756\"><strong data-start=\"1689\" data-end=\"1708\">Certifications :<\/strong> Disponibles sur demande (GlobalGAP, ISO, etc.)<\/li>\n<\/ul>\n<hr data-start=\"1758\" data-end=\"1761\">\n<h3 data-section-id=\"1a272qi\" data-start=\"1763\" data-end=\"1797\"><span role=\"text\"><strong data-start=\"1767\" data-end=\"1797\">\ud83d\ude9a Pourquoi choisir Nghiep Xuan ?<\/strong><\/span><\/h3>\n<ul data-start=\"1798\" data-end=\"2072\">\n<li data-section-id=\"pis8qb\" data-start=\"1798\" data-end=\"1865\"><strong data-start=\"1808\" data-end=\"1863\">Exportateur vietnamien de<\/strong> confiance de <strong data-start=\"1808\" data-end=\"1863\">produits agricoles surgel\u00e9s<\/strong><\/li>\n<li data-section-id=\"1dluc3p\" data-start=\"1866\" data-end=\"1934\">Forte expertise en mati\u00e8re de <strong data-start=\"1888\" data-end=\"1932\">logistique de la cha\u00eene du froid et de transport maritime mondial<\/strong><\/li>\n<li data-section-id=\"6kqz28\" data-start=\"1935\" data-end=\"2002\">Engagement en faveur d&#8217;une <strong data-start=\"1951\" data-end=\"2000\">qualit\u00e9 constante et de partenariats \u00e0 long terme<\/strong><\/li>\n<li data-section-id=\"9r4hrz\" data-start=\"2003\" data-end=\"2072\"><strong data-start=\"2014\" data-end=\"2045\">Solutions<\/strong> flexibles <strong data-start=\"2014\" data-end=\"2045\">OEM\/marques priv\u00e9es<\/strong> pour les acheteurs internationaux<\/li>\n<\/ul>\n<hr data-start=\"2074\" data-end=\"2077\">\n<h3 data-section-id=\"6a2jx1\" data-start=\"2079\" data-end=\"2107\"><span role=\"text\"><strong data-start=\"2083\" data-end=\"2107\">\ud83d\udce9 Demande de renseignements et contact<\/strong><\/span><\/h3>\n<p data-start=\"2108\" data-end=\"2251\">Vous recherchez un fournisseur fiable de citronnelle congel\u00e9e ?<br data-start=\"2161\" data-end=\"2164\">\ud83d\udc49 Contactez Nghiep Xuan d\u00e8s aujourd&#8217;hui pour obtenir un <strong data-start=\"2197\" data-end=\"2250\">devis, des \u00e9chantillons et des possibilit\u00e9s de partenariat.<\/strong><\/p>\n<p data-start=\"2108\" data-end=\"2251\">Courriel : info@nghiepxuan.com || WhatsApp\/Viber\/Zalo\/Wechat\/Hotline : +84939 345 598<\/p>\n","protected":false},"excerpt":{"rendered":"<p>Citronnelle surgel\u00e9e de premi\u00e8re qualit\u00e9 en provenance du Vietnam. Ar\u00f4me puissant, qualit\u00e9 export, livraison en vrac et emballage OEM. Contactez Nghiep Xuan pour un devis.  <\/p>\n","protected":false},"featured_media":9840,"comment_status":"open","ping_status":"closed","template":"","meta":{"content-type":""},"product_brand":[],"product_cat":[419],"product_tag":[1105,1108,1106,1107],"class_list":{"0":"post-9859","1":"product","2":"type-product","3":"status-publish","4":"has-post-thumbnail","6":"product_cat-frozen-fr","7":"product_tag-citronnelle-congelee","8":"product_tag-fruits-surgeles-vietnam","9":"product_tag-legumes-surgeles","10":"product_tag-produit-congele","12":"first","13":"instock","14":"shipping-taxable","15":"product-type-simple"},"yoast_head":"<!-- This site is optimized with the Yoast SEO plugin v26.9 - https:\/\/yoast.com\/product\/yoast-seo-wordpress\/ -->\n<title>Citronnelle surgel\u00e9e de qualit\u00e9 sup\u00e9rieure - Qualit\u00e9 export | Nghiep Xuan Vietnam - Nghiep Xuan - Importation et Exportation Agricole<\/title>\n<meta name=\"description\" content=\"Citronnelle surgel\u00e9e de haute qualit\u00e9 en provenance du Vietnam. Id\u00e9ale pour l&#039;industrie alimentaire et la vente en gros. Approvisionnement fiable, prix comp\u00e9titif. Demandez un devis maintenant.\" \/>\n<meta name=\"robots\" content=\"index, follow, max-snippet:-1, max-image-preview:large, max-video-preview:-1\" \/>\n<link rel=\"canonical\" href=\"https:\/\/nghiepxuan.com\/fr\/product\/citronnelle-surgelee-de-qualite-superieure-qualite-export-nghiep-xuan-vietnam\/\" \/>\n<meta property=\"og:locale\" content=\"fr_FR\" \/>\n<meta property=\"og:type\" content=\"article\" \/>\n<meta property=\"og:title\" content=\"Citronnelle surgel\u00e9e de qualit\u00e9 sup\u00e9rieure - Qualit\u00e9 export | Nghiep Xuan Vietnam - Nghiep Xuan - Importation et Exportation Agricole\" \/>\n<meta property=\"og:description\" content=\"Citronnelle surgel\u00e9e de haute qualit\u00e9 en provenance du Vietnam. Id\u00e9ale pour l&#039;industrie alimentaire et la vente en gros. Approvisionnement fiable, prix comp\u00e9titif. Demandez un devis maintenant.\" \/>\n<meta property=\"og:url\" content=\"https:\/\/nghiepxuan.com\/fr\/product\/citronnelle-surgelee-de-qualite-superieure-qualite-export-nghiep-xuan-vietnam\/\" \/>\n<meta property=\"og:site_name\" content=\"Nghiep Xuan - Importation et Exportation Agricole\" \/>\n<meta property=\"article:publisher\" content=\"https:\/\/www.facebook.com\/nongsannghiepxuan\/\" \/>\n<meta property=\"og:image\" content=\"https:\/\/nghiepxuan.com\/wp-content\/uploads\/2026\/04\/JPEG-image-43E7-9EAF-44-0-scaled.jpeg\" \/>\n\t<meta property=\"og:image:width\" content=\"1920\" \/>\n\t<meta property=\"og:image:height\" content=\"2560\" \/>\n\t<meta property=\"og:image:type\" content=\"image\/jpeg\" \/>\n<meta name=\"twitter:card\" content=\"summary_large_image\" \/>\n<meta name=\"twitter:site\" content=\"@PhuTonBui\" \/>\n<meta name=\"twitter:label1\" content=\"Dur\u00e9e de lecture estim\u00e9e\" \/>\n\t<meta name=\"twitter:data1\" content=\"2 minutes\" \/>\n<script type=\"application\/ld+json\" class=\"yoast-schema-graph\">{\"@context\":\"https:\/\/schema.org\",\"@graph\":[{\"@type\":\"WebPage\",\"@id\":\"https:\/\/nghiepxuan.com\/fr\/product\/citronnelle-surgelee-de-qualite-superieure-qualite-export-nghiep-xuan-vietnam\/\",\"url\":\"https:\/\/nghiepxuan.com\/fr\/product\/citronnelle-surgelee-de-qualite-superieure-qualite-export-nghiep-xuan-vietnam\/\",\"name\":\"Citronnelle surgel\u00e9e de qualit\u00e9 sup\u00e9rieure - Qualit\u00e9 export | Nghiep Xuan Vietnam - Nghiep Xuan - Importation et Exportation Agricole\",\"isPartOf\":{\"@id\":\"https:\/\/nghiepxuan.com\/fr\/#website\"},\"primaryImageOfPage\":{\"@id\":\"https:\/\/nghiepxuan.com\/fr\/product\/citronnelle-surgelee-de-qualite-superieure-qualite-export-nghiep-xuan-vietnam\/#primaryimage\"},\"image\":{\"@id\":\"https:\/\/nghiepxuan.com\/fr\/product\/citronnelle-surgelee-de-qualite-superieure-qualite-export-nghiep-xuan-vietnam\/#primaryimage\"},\"thumbnailUrl\":\"https:\/\/nghiepxuan.com\/wp-content\/uploads\/2026\/04\/JPEG-image-43E7-9EAF-44-0-scaled.jpeg\",\"datePublished\":\"2026-04-30T03:27:11+00:00\",\"description\":\"Citronnelle surgel\u00e9e de haute qualit\u00e9 en provenance du Vietnam. Id\u00e9ale pour l'industrie alimentaire et la vente en gros. Approvisionnement fiable, prix comp\u00e9titif. Demandez un devis maintenant.\",\"breadcrumb\":{\"@id\":\"https:\/\/nghiepxuan.com\/fr\/product\/citronnelle-surgelee-de-qualite-superieure-qualite-export-nghiep-xuan-vietnam\/#breadcrumb\"},\"inLanguage\":\"fr-FR\",\"potentialAction\":[{\"@type\":\"ReadAction\",\"target\":[\"https:\/\/nghiepxuan.com\/fr\/product\/citronnelle-surgelee-de-qualite-superieure-qualite-export-nghiep-xuan-vietnam\/\"]}]},{\"@type\":\"ImageObject\",\"inLanguage\":\"fr-FR\",\"@id\":\"https:\/\/nghiepxuan.com\/fr\/product\/citronnelle-surgelee-de-qualite-superieure-qualite-export-nghiep-xuan-vietnam\/#primaryimage\",\"url\":\"https:\/\/nghiepxuan.com\/wp-content\/uploads\/2026\/04\/JPEG-image-43E7-9EAF-44-0-scaled.jpeg\",\"contentUrl\":\"https:\/\/nghiepxuan.com\/wp-content\/uploads\/2026\/04\/JPEG-image-43E7-9EAF-44-0-scaled.jpeg\",\"width\":1920,\"height\":2560,\"caption\":\"Frozen lemongrass\"},{\"@type\":\"BreadcrumbList\",\"@id\":\"https:\/\/nghiepxuan.com\/fr\/product\/citronnelle-surgelee-de-qualite-superieure-qualite-export-nghiep-xuan-vietnam\/#breadcrumb\",\"itemListElement\":[{\"@type\":\"ListItem\",\"position\":1,\"name\":\"Home\",\"item\":\"https:\/\/nghiepxuan.com\/fr\/\"},{\"@type\":\"ListItem\",\"position\":2,\"name\":\"Boutique\",\"item\":\"https:\/\/nghiepxuan.com\/fr\/shop\/\"},{\"@type\":\"ListItem\",\"position\":3,\"name\":\"Citronnelle surgel\u00e9e de qualit\u00e9 sup\u00e9rieure &#8211; Qualit\u00e9 export | Nghiep Xuan Vietnam\"}]},{\"@type\":\"WebSite\",\"@id\":\"https:\/\/nghiepxuan.com\/fr\/#website\",\"url\":\"https:\/\/nghiepxuan.com\/fr\/\",\"name\":\"Nghiep Xuan - Agricultural Import and Export\",\"description\":\"Nourrir la nature, r\u00e9colter la sant\u00e9\u00a0: votre destination de mode de vie biologique\",\"publisher\":{\"@id\":\"https:\/\/nghiepxuan.com\/fr\/#organization\"},\"potentialAction\":[{\"@type\":\"SearchAction\",\"target\":{\"@type\":\"EntryPoint\",\"urlTemplate\":\"https:\/\/nghiepxuan.com\/fr\/?s={search_term_string}\"},\"query-input\":{\"@type\":\"PropertyValueSpecification\",\"valueRequired\":true,\"valueName\":\"search_term_string\"}}],\"inLanguage\":\"fr-FR\"},{\"@type\":\"Organization\",\"@id\":\"https:\/\/nghiepxuan.com\/fr\/#organization\",\"name\":\"Nghiep Xuan - Agricultural Import and Export\",\"url\":\"https:\/\/nghiepxuan.com\/fr\/\",\"logo\":{\"@type\":\"ImageObject\",\"inLanguage\":\"fr-FR\",\"@id\":\"https:\/\/nghiepxuan.com\/fr\/#\/schema\/logo\/image\/\",\"url\":\"https:\/\/nghiepxuan.com\/wp-content\/uploads\/2025\/04\/Nghiep-Xuan-Logo-4.png\",\"contentUrl\":\"https:\/\/nghiepxuan.com\/wp-content\/uploads\/2025\/04\/Nghiep-Xuan-Logo-4.png\",\"width\":4167,\"height\":1015,\"caption\":\"Nghiep Xuan - Agricultural Import and Export\"},\"image\":{\"@id\":\"https:\/\/nghiepxuan.com\/fr\/#\/schema\/logo\/image\/\"},\"sameAs\":[\"https:\/\/www.facebook.com\/nongsannghiepxuan\/\",\"https:\/\/x.com\/PhuTonBui\",\"https:\/\/www.instagram.com\/xuatnhapkhaunghiepxuan\/\",\"https:\/\/www.youtube.com\/@nongsannghiepxuan2066\",\"https:\/\/www.tiktok.com\/@nghiepxuan\"]}]}<\/script>\n<!-- \/ Yoast SEO plugin. -->","yoast_head_json":{"title":"Citronnelle surgel\u00e9e de qualit\u00e9 sup\u00e9rieure - Qualit\u00e9 export | Nghiep Xuan Vietnam - Nghiep Xuan - Importation et Exportation Agricole","description":"Citronnelle surgel\u00e9e de haute qualit\u00e9 en provenance du Vietnam. Id\u00e9ale pour l'industrie alimentaire et la vente en gros. Approvisionnement fiable, prix comp\u00e9titif. Demandez un devis maintenant.","robots":{"index":"index","follow":"follow","max-snippet":"max-snippet:-1","max-image-preview":"max-image-preview:large","max-video-preview":"max-video-preview:-1"},"canonical":"https:\/\/nghiepxuan.com\/fr\/product\/citronnelle-surgelee-de-qualite-superieure-qualite-export-nghiep-xuan-vietnam\/","og_locale":"fr_FR","og_type":"article","og_title":"Citronnelle surgel\u00e9e de qualit\u00e9 sup\u00e9rieure - Qualit\u00e9 export | Nghiep Xuan Vietnam - Nghiep Xuan - Importation et Exportation Agricole","og_description":"Citronnelle surgel\u00e9e de haute qualit\u00e9 en provenance du Vietnam. Id\u00e9ale pour l'industrie alimentaire et la vente en gros. Approvisionnement fiable, prix comp\u00e9titif. Demandez un devis maintenant.","og_url":"https:\/\/nghiepxuan.com\/fr\/product\/citronnelle-surgelee-de-qualite-superieure-qualite-export-nghiep-xuan-vietnam\/","og_site_name":"Nghiep Xuan - Importation et Exportation Agricole","article_publisher":"https:\/\/www.facebook.com\/nongsannghiepxuan\/","og_image":[{"width":1920,"height":2560,"url":"https:\/\/nghiepxuan.com\/wp-content\/uploads\/2026\/04\/JPEG-image-43E7-9EAF-44-0-scaled.jpeg","type":"image\/jpeg"}],"twitter_card":"summary_large_image","twitter_site":"@PhuTonBui","twitter_misc":{"Dur\u00e9e de lecture estim\u00e9e":"2 minutes"},"schema":{"@context":"https:\/\/schema.org","@graph":[{"@type":"WebPage","@id":"https:\/\/nghiepxuan.com\/fr\/product\/citronnelle-surgelee-de-qualite-superieure-qualite-export-nghiep-xuan-vietnam\/","url":"https:\/\/nghiepxuan.com\/fr\/product\/citronnelle-surgelee-de-qualite-superieure-qualite-export-nghiep-xuan-vietnam\/","name":"Citronnelle surgel\u00e9e de qualit\u00e9 sup\u00e9rieure - Qualit\u00e9 export | Nghiep Xuan Vietnam - Nghiep Xuan - Importation et Exportation Agricole","isPartOf":{"@id":"https:\/\/nghiepxuan.com\/fr\/#website"},"primaryImageOfPage":{"@id":"https:\/\/nghiepxuan.com\/fr\/product\/citronnelle-surgelee-de-qualite-superieure-qualite-export-nghiep-xuan-vietnam\/#primaryimage"},"image":{"@id":"https:\/\/nghiepxuan.com\/fr\/product\/citronnelle-surgelee-de-qualite-superieure-qualite-export-nghiep-xuan-vietnam\/#primaryimage"},"thumbnailUrl":"https:\/\/nghiepxuan.com\/wp-content\/uploads\/2026\/04\/JPEG-image-43E7-9EAF-44-0-scaled.jpeg","datePublished":"2026-04-30T03:27:11+00:00","description":"Citronnelle surgel\u00e9e de haute qualit\u00e9 en provenance du Vietnam. Id\u00e9ale pour l'industrie alimentaire et la vente en gros. Approvisionnement fiable, prix comp\u00e9titif. Demandez un devis maintenant.","breadcrumb":{"@id":"https:\/\/nghiepxuan.com\/fr\/product\/citronnelle-surgelee-de-qualite-superieure-qualite-export-nghiep-xuan-vietnam\/#breadcrumb"},"inLanguage":"fr-FR","potentialAction":[{"@type":"ReadAction","target":["https:\/\/nghiepxuan.com\/fr\/product\/citronnelle-surgelee-de-qualite-superieure-qualite-export-nghiep-xuan-vietnam\/"]}]},{"@type":"ImageObject","inLanguage":"fr-FR","@id":"https:\/\/nghiepxuan.com\/fr\/product\/citronnelle-surgelee-de-qualite-superieure-qualite-export-nghiep-xuan-vietnam\/#primaryimage","url":"https:\/\/nghiepxuan.com\/wp-content\/uploads\/2026\/04\/JPEG-image-43E7-9EAF-44-0-scaled.jpeg","contentUrl":"https:\/\/nghiepxuan.com\/wp-content\/uploads\/2026\/04\/JPEG-image-43E7-9EAF-44-0-scaled.jpeg","width":1920,"height":2560,"caption":"Frozen lemongrass"},{"@type":"BreadcrumbList","@id":"https:\/\/nghiepxuan.com\/fr\/product\/citronnelle-surgelee-de-qualite-superieure-qualite-export-nghiep-xuan-vietnam\/#breadcrumb","itemListElement":[{"@type":"ListItem","position":1,"name":"Home","item":"https:\/\/nghiepxuan.com\/fr\/"},{"@type":"ListItem","position":2,"name":"Boutique","item":"https:\/\/nghiepxuan.com\/fr\/shop\/"},{"@type":"ListItem","position":3,"name":"Citronnelle surgel\u00e9e de qualit\u00e9 sup\u00e9rieure &#8211; Qualit\u00e9 export | Nghiep Xuan Vietnam"}]},{"@type":"WebSite","@id":"https:\/\/nghiepxuan.com\/fr\/#website","url":"https:\/\/nghiepxuan.com\/fr\/","name":"Nghiep Xuan - Agricultural Import and Export","description":"Nourrir la nature, r\u00e9colter la sant\u00e9\u00a0: votre destination de mode de vie biologique","publisher":{"@id":"https:\/\/nghiepxuan.com\/fr\/#organization"},"potentialAction":[{"@type":"SearchAction","target":{"@type":"EntryPoint","urlTemplate":"https:\/\/nghiepxuan.com\/fr\/?s={search_term_string}"},"query-input":{"@type":"PropertyValueSpecification","valueRequired":true,"valueName":"search_term_string"}}],"inLanguage":"fr-FR"},{"@type":"Organization","@id":"https:\/\/nghiepxuan.com\/fr\/#organization","name":"Nghiep Xuan - Agricultural Import and Export","url":"https:\/\/nghiepxuan.com\/fr\/","logo":{"@type":"ImageObject","inLanguage":"fr-FR","@id":"https:\/\/nghiepxuan.com\/fr\/#\/schema\/logo\/image\/","url":"https:\/\/nghiepxuan.com\/wp-content\/uploads\/2025\/04\/Nghiep-Xuan-Logo-4.png","contentUrl":"https:\/\/nghiepxuan.com\/wp-content\/uploads\/2025\/04\/Nghiep-Xuan-Logo-4.png","width":4167,"height":1015,"caption":"Nghiep Xuan - Agricultural Import and Export"},"image":{"@id":"https:\/\/nghiepxuan.com\/fr\/#\/schema\/logo\/image\/"},"sameAs":["https:\/\/www.facebook.com\/nongsannghiepxuan\/","https:\/\/x.com\/PhuTonBui","https:\/\/www.instagram.com\/xuatnhapkhaunghiepxuan\/","https:\/\/www.youtube.com\/@nongsannghiepxuan2066","https:\/\/www.tiktok.com\/@nghiepxuan"]}]}},"_links":{"self":[{"href":"https:\/\/nghiepxuan.com\/fr\/wp-json\/wp\/v2\/product\/9859","targetHints":{"allow":["GET"]}}],"collection":[{"href":"https:\/\/nghiepxuan.com\/fr\/wp-json\/wp\/v2\/product"}],"about":[{"href":"https:\/\/nghiepxuan.com\/fr\/wp-json\/wp\/v2\/types\/product"}],"replies":[{"embeddable":true,"href":"https:\/\/nghiepxuan.com\/fr\/wp-json\/wp\/v2\/comments?post=9859"}],"version-history":[{"count":0,"href":"https:\/\/nghiepxuan.com\/fr\/wp-json\/wp\/v2\/product\/9859\/revisions"}],"wp:featuredmedia":[{"embeddable":true,"href":"https:\/\/nghiepxuan.com\/fr\/wp-json\/wp\/v2\/media\/9840"}],"wp:attachment":[{"href":"https:\/\/nghiepxuan.com\/fr\/wp-json\/wp\/v2\/media?parent=9859"}],"wp:term":[{"taxonomy":"product_brand","embeddable":true,"href":"https:\/\/nghiepxuan.com\/fr\/wp-json\/wp\/v2\/product_brand?post=9859"},{"taxonomy":"product_cat","embeddable":true,"href":"https:\/\/nghiepxuan.com\/fr\/wp-json\/wp\/v2\/product_cat?post=9859"},{"taxonomy":"product_tag","embeddable":true,"href":"https:\/\/nghiepxuan.com\/fr\/wp-json\/wp\/v2\/product_tag?post=9859"}],"curies":[{"name":"wp","href":"https:\/\/api.w.org\/{rel}","templated":true}]}}