{"id":8938,"date":"2025-04-12T02:58:47","date_gmt":"2025-04-12T02:58:47","guid":{"rendered":"https:\/\/nghiepxuan.com\/product\/durian-surgele-de-premiere-qualite-riche-cremeux-et-pret-a-etre-deguste\/"},"modified":"2025-04-12T02:58:47","modified_gmt":"2025-04-12T02:58:47","slug":"durian-surgele-de-premiere-qualite-riche-cremeux-et-pret-a-etre-deguste","status":"publish","type":"product","link":"https:\/\/nghiepxuan.com\/fr\/product\/durian-surgele-de-premiere-qualite-riche-cremeux-et-pret-a-etre-deguste\/","title":{"rendered":"Durian surgel\u00e9 de premi\u00e8re qualit\u00e9 &#8211; riche, cr\u00e9meux et pr\u00eat \u00e0 \u00eatre d\u00e9gust\u00e9"},"content":{"rendered":"<p class=\"\" data-start=\"240\" data-end=\"492\">D\u00e9couvrez le roi des fruits sous son meilleur jour avec notre <strong data-start=\"293\" data-end=\"318\">durian surgel\u00e9 de qualit\u00e9 sup\u00e9rieure<\/strong>. Soigneusement s\u00e9lectionn\u00e9 dans les meilleures fermes de durians, chaque fruit est r\u00e9colt\u00e9 \u00e0 pleine maturit\u00e9, puis rapidement congel\u00e9 pour pr\u00e9server sa saveur prononc\u00e9e, sa texture cr\u00e9meuse et son ar\u00f4me naturel. <\/p>\n<p class=\"\" data-start=\"494\" data-end=\"686\">Que vous soyez amateur de durian ou curieux de le go\u00fbter pour la premi\u00e8re fois, notre durian surgel\u00e9 vous offre le go\u00fbt authentique de l&#8217;Asie du Sud-Est sous une forme pratique et pr\u00eate \u00e0 \u00eatre consomm\u00e9e. Il vous suffit de le d\u00e9congeler et de le d\u00e9guster ! <\/p>\n<hr class=\"\" data-start=\"688\" data-end=\"691\">\n<h3 class=\"\" data-start=\"693\" data-end=\"714\"><strong data-start=\"697\" data-end=\"714\">Caract\u00e9ristiques principales :<\/strong><\/h3>\n<ul data-start=\"715\" data-end=\"996\">\n<li class=\"\" data-start=\"715\" data-end=\"769\">\n<p class=\"\" data-start=\"717\" data-end=\"769\">Durian 100% naturel, sans additifs ni conservateurs<\/p>\n<\/li>\n<li class=\"\" data-start=\"770\" data-end=\"827\">\n<p class=\"\" data-start=\"772\" data-end=\"827\">IQF (Individually Quick Frozen) pour pr\u00e9server la fra\u00eecheur.<\/p>\n<\/li>\n<li class=\"\" data-start=\"828\" data-end=\"872\">\n<p class=\"\" data-start=\"830\" data-end=\"872\">Texture riche et beurr\u00e9e et saveur intense<\/p>\n<\/li>\n<li class=\"\" data-start=\"873\" data-end=\"942\">\n<p class=\"\" data-start=\"875\" data-end=\"942\">Parfait pour les desserts, les smoothies ou pour manger directement dans l&#8217;emballage.<\/p>\n<\/li>\n<li class=\"\" data-start=\"943\" data-end=\"996\">\n<p class=\"\" data-start=\"945\" data-end=\"996\">Disponible en segments entiers ou en dosettes scell\u00e9es sous vide<\/p>\n<\/li>\n<\/ul>\n","protected":false},"excerpt":{"rendered":"<p>Durian surgel\u00e9 de premi\u00e8re qualit\u00e9 &#8211; 100% naturel, riche et cr\u00e9meux avec une authentique saveur tropicale. Congel\u00e9 rapidement pour conserver sa fra\u00eecheur. Parfait pour les en-cas, les desserts ou les smoothies. Go\u00fbtez au vrai durian \u00e0 tout moment, n&#8217;importe o\u00f9 !   <\/p>\n","protected":false},"featured_media":8907,"comment_status":"open","ping_status":"closed","template":"","meta":{"content-type":""},"product_brand":[],"product_cat":[419],"product_tag":[],"class_list":{"0":"post-8938","1":"product","2":"type-product","3":"status-publish","4":"has-post-thumbnail","6":"product_cat-frozen-fr","8":"first","9":"instock","10":"sale","11":"shipping-taxable","12":"purchasable","13":"product-type-variable","14":"has-default-attributes"},"yoast_head":"<!-- This site is optimized with the Yoast SEO plugin v26.9 - https:\/\/yoast.com\/product\/yoast-seo-wordpress\/ -->\n<title>Durian surgel\u00e9 de premi\u00e8re qualit\u00e9 - riche, cr\u00e9meux et pr\u00eat \u00e0 \u00eatre d\u00e9gust\u00e9 - Nghiep Xuan - Importation et Exportation Agricole<\/title>\n<meta name=\"robots\" content=\"index, follow, max-snippet:-1, max-image-preview:large, max-video-preview:-1\" \/>\n<link rel=\"canonical\" href=\"https:\/\/nghiepxuan.com\/fr\/product\/durian-surgele-de-premiere-qualite-riche-cremeux-et-pret-a-etre-deguste\/\" \/>\n<meta property=\"og:locale\" content=\"fr_FR\" \/>\n<meta property=\"og:type\" content=\"article\" \/>\n<meta property=\"og:title\" content=\"Durian surgel\u00e9 de premi\u00e8re qualit\u00e9 - riche, cr\u00e9meux et pr\u00eat \u00e0 \u00eatre d\u00e9gust\u00e9 - Nghiep Xuan - Importation et Exportation Agricole\" \/>\n<meta property=\"og:description\" content=\"Durian surgel\u00e9 de premi\u00e8re qualit\u00e9 - 100% naturel, riche et cr\u00e9meux avec une authentique saveur tropicale. Congel\u00e9 rapidement pour conserver sa fra\u00eecheur. Parfait pour les en-cas, les desserts ou les smoothies. Go\u00fbtez au vrai durian \u00e0 tout moment, n&#039;importe o\u00f9 !\" \/>\n<meta property=\"og:url\" content=\"https:\/\/nghiepxuan.com\/fr\/product\/durian-surgele-de-premiere-qualite-riche-cremeux-et-pret-a-etre-deguste\/\" \/>\n<meta property=\"og:site_name\" content=\"Nghiep Xuan - Importation et Exportation Agricole\" \/>\n<meta property=\"article:publisher\" content=\"https:\/\/www.facebook.com\/nongsannghiepxuan\/\" \/>\n<meta property=\"og:image\" content=\"https:\/\/nghiepxuan.com\/wp-content\/uploads\/2025\/04\/Frozen-durian-2-Nghiep-Xuan.png\" \/>\n\t<meta property=\"og:image:width\" content=\"600\" \/>\n\t<meta property=\"og:image:height\" content=\"600\" \/>\n\t<meta property=\"og:image:type\" content=\"image\/png\" \/>\n<meta name=\"twitter:card\" content=\"summary_large_image\" \/>\n<meta name=\"twitter:site\" content=\"@PhuTonBui\" \/>\n<meta name=\"twitter:label1\" content=\"Dur\u00e9e de lecture estim\u00e9e\" \/>\n\t<meta name=\"twitter:data1\" content=\"1 minute\" \/>\n<script type=\"application\/ld+json\" class=\"yoast-schema-graph\">{\"@context\":\"https:\/\/schema.org\",\"@graph\":[{\"@type\":\"WebPage\",\"@id\":\"https:\/\/nghiepxuan.com\/fr\/product\/durian-surgele-de-premiere-qualite-riche-cremeux-et-pret-a-etre-deguste\/\",\"url\":\"https:\/\/nghiepxuan.com\/fr\/product\/durian-surgele-de-premiere-qualite-riche-cremeux-et-pret-a-etre-deguste\/\",\"name\":\"Durian surgel\u00e9 de premi\u00e8re qualit\u00e9 - riche, cr\u00e9meux et pr\u00eat \u00e0 \u00eatre d\u00e9gust\u00e9 - Nghiep Xuan - Importation et Exportation Agricole\",\"isPartOf\":{\"@id\":\"https:\/\/nghiepxuan.com\/fr\/#website\"},\"primaryImageOfPage\":{\"@id\":\"https:\/\/nghiepxuan.com\/fr\/product\/durian-surgele-de-premiere-qualite-riche-cremeux-et-pret-a-etre-deguste\/#primaryimage\"},\"image\":{\"@id\":\"https:\/\/nghiepxuan.com\/fr\/product\/durian-surgele-de-premiere-qualite-riche-cremeux-et-pret-a-etre-deguste\/#primaryimage\"},\"thumbnailUrl\":\"https:\/\/nghiepxuan.com\/wp-content\/uploads\/2025\/04\/Frozen-durian-2-Nghiep-Xuan.png\",\"datePublished\":\"2025-04-12T02:58:47+00:00\",\"breadcrumb\":{\"@id\":\"https:\/\/nghiepxuan.com\/fr\/product\/durian-surgele-de-premiere-qualite-riche-cremeux-et-pret-a-etre-deguste\/#breadcrumb\"},\"inLanguage\":\"fr-FR\",\"potentialAction\":[{\"@type\":\"ReadAction\",\"target\":[\"https:\/\/nghiepxuan.com\/fr\/product\/durian-surgele-de-premiere-qualite-riche-cremeux-et-pret-a-etre-deguste\/\"]}]},{\"@type\":\"ImageObject\",\"inLanguage\":\"fr-FR\",\"@id\":\"https:\/\/nghiepxuan.com\/fr\/product\/durian-surgele-de-premiere-qualite-riche-cremeux-et-pret-a-etre-deguste\/#primaryimage\",\"url\":\"https:\/\/nghiepxuan.com\/wp-content\/uploads\/2025\/04\/Frozen-durian-2-Nghiep-Xuan.png\",\"contentUrl\":\"https:\/\/nghiepxuan.com\/wp-content\/uploads\/2025\/04\/Frozen-durian-2-Nghiep-Xuan.png\",\"width\":600,\"height\":600},{\"@type\":\"BreadcrumbList\",\"@id\":\"https:\/\/nghiepxuan.com\/fr\/product\/durian-surgele-de-premiere-qualite-riche-cremeux-et-pret-a-etre-deguste\/#breadcrumb\",\"itemListElement\":[{\"@type\":\"ListItem\",\"position\":1,\"name\":\"Home\",\"item\":\"https:\/\/nghiepxuan.com\/fr\/\"},{\"@type\":\"ListItem\",\"position\":2,\"name\":\"Boutique\",\"item\":\"https:\/\/nghiepxuan.com\/fr\/shop\/\"},{\"@type\":\"ListItem\",\"position\":3,\"name\":\"Durian surgel\u00e9 de premi\u00e8re qualit\u00e9 &#8211; riche, cr\u00e9meux et pr\u00eat \u00e0 \u00eatre d\u00e9gust\u00e9\"}]},{\"@type\":\"WebSite\",\"@id\":\"https:\/\/nghiepxuan.com\/fr\/#website\",\"url\":\"https:\/\/nghiepxuan.com\/fr\/\",\"name\":\"Nghiep Xuan - Agricultural Import and Export\",\"description\":\"Nourrir la nature, r\u00e9colter la sant\u00e9\u00a0: votre destination de mode de vie biologique\",\"publisher\":{\"@id\":\"https:\/\/nghiepxuan.com\/fr\/#organization\"},\"potentialAction\":[{\"@type\":\"SearchAction\",\"target\":{\"@type\":\"EntryPoint\",\"urlTemplate\":\"https:\/\/nghiepxuan.com\/fr\/?s={search_term_string}\"},\"query-input\":{\"@type\":\"PropertyValueSpecification\",\"valueRequired\":true,\"valueName\":\"search_term_string\"}}],\"inLanguage\":\"fr-FR\"},{\"@type\":\"Organization\",\"@id\":\"https:\/\/nghiepxuan.com\/fr\/#organization\",\"name\":\"Nghiep Xuan - Agricultural Import and Export\",\"url\":\"https:\/\/nghiepxuan.com\/fr\/\",\"logo\":{\"@type\":\"ImageObject\",\"inLanguage\":\"fr-FR\",\"@id\":\"https:\/\/nghiepxuan.com\/fr\/#\/schema\/logo\/image\/\",\"url\":\"https:\/\/nghiepxuan.com\/wp-content\/uploads\/2025\/04\/Nghiep-Xuan-Logo-4.png\",\"contentUrl\":\"https:\/\/nghiepxuan.com\/wp-content\/uploads\/2025\/04\/Nghiep-Xuan-Logo-4.png\",\"width\":4167,\"height\":1015,\"caption\":\"Nghiep Xuan - Agricultural Import and Export\"},\"image\":{\"@id\":\"https:\/\/nghiepxuan.com\/fr\/#\/schema\/logo\/image\/\"},\"sameAs\":[\"https:\/\/www.facebook.com\/nongsannghiepxuan\/\",\"https:\/\/x.com\/PhuTonBui\",\"https:\/\/www.instagram.com\/xuatnhapkhaunghiepxuan\/\",\"https:\/\/www.youtube.com\/@nongsannghiepxuan2066\",\"https:\/\/www.tiktok.com\/@nghiepxuan\"]}]}<\/script>\n<!-- \/ Yoast SEO plugin. -->","yoast_head_json":{"title":"Durian surgel\u00e9 de premi\u00e8re qualit\u00e9 - riche, cr\u00e9meux et pr\u00eat \u00e0 \u00eatre d\u00e9gust\u00e9 - Nghiep Xuan - Importation et Exportation Agricole","robots":{"index":"index","follow":"follow","max-snippet":"max-snippet:-1","max-image-preview":"max-image-preview:large","max-video-preview":"max-video-preview:-1"},"canonical":"https:\/\/nghiepxuan.com\/fr\/product\/durian-surgele-de-premiere-qualite-riche-cremeux-et-pret-a-etre-deguste\/","og_locale":"fr_FR","og_type":"article","og_title":"Durian surgel\u00e9 de premi\u00e8re qualit\u00e9 - riche, cr\u00e9meux et pr\u00eat \u00e0 \u00eatre d\u00e9gust\u00e9 - Nghiep Xuan - Importation et Exportation Agricole","og_description":"Durian surgel\u00e9 de premi\u00e8re qualit\u00e9 - 100% naturel, riche et cr\u00e9meux avec une authentique saveur tropicale. Congel\u00e9 rapidement pour conserver sa fra\u00eecheur. Parfait pour les en-cas, les desserts ou les smoothies. Go\u00fbtez au vrai durian \u00e0 tout moment, n'importe o\u00f9 !","og_url":"https:\/\/nghiepxuan.com\/fr\/product\/durian-surgele-de-premiere-qualite-riche-cremeux-et-pret-a-etre-deguste\/","og_site_name":"Nghiep Xuan - Importation et Exportation Agricole","article_publisher":"https:\/\/www.facebook.com\/nongsannghiepxuan\/","og_image":[{"width":600,"height":600,"url":"https:\/\/nghiepxuan.com\/wp-content\/uploads\/2025\/04\/Frozen-durian-2-Nghiep-Xuan.png","type":"image\/png"}],"twitter_card":"summary_large_image","twitter_site":"@PhuTonBui","twitter_misc":{"Dur\u00e9e de lecture estim\u00e9e":"1 minute"},"schema":{"@context":"https:\/\/schema.org","@graph":[{"@type":"WebPage","@id":"https:\/\/nghiepxuan.com\/fr\/product\/durian-surgele-de-premiere-qualite-riche-cremeux-et-pret-a-etre-deguste\/","url":"https:\/\/nghiepxuan.com\/fr\/product\/durian-surgele-de-premiere-qualite-riche-cremeux-et-pret-a-etre-deguste\/","name":"Durian surgel\u00e9 de premi\u00e8re qualit\u00e9 - riche, cr\u00e9meux et pr\u00eat \u00e0 \u00eatre d\u00e9gust\u00e9 - Nghiep Xuan - Importation et Exportation Agricole","isPartOf":{"@id":"https:\/\/nghiepxuan.com\/fr\/#website"},"primaryImageOfPage":{"@id":"https:\/\/nghiepxuan.com\/fr\/product\/durian-surgele-de-premiere-qualite-riche-cremeux-et-pret-a-etre-deguste\/#primaryimage"},"image":{"@id":"https:\/\/nghiepxuan.com\/fr\/product\/durian-surgele-de-premiere-qualite-riche-cremeux-et-pret-a-etre-deguste\/#primaryimage"},"thumbnailUrl":"https:\/\/nghiepxuan.com\/wp-content\/uploads\/2025\/04\/Frozen-durian-2-Nghiep-Xuan.png","datePublished":"2025-04-12T02:58:47+00:00","breadcrumb":{"@id":"https:\/\/nghiepxuan.com\/fr\/product\/durian-surgele-de-premiere-qualite-riche-cremeux-et-pret-a-etre-deguste\/#breadcrumb"},"inLanguage":"fr-FR","potentialAction":[{"@type":"ReadAction","target":["https:\/\/nghiepxuan.com\/fr\/product\/durian-surgele-de-premiere-qualite-riche-cremeux-et-pret-a-etre-deguste\/"]}]},{"@type":"ImageObject","inLanguage":"fr-FR","@id":"https:\/\/nghiepxuan.com\/fr\/product\/durian-surgele-de-premiere-qualite-riche-cremeux-et-pret-a-etre-deguste\/#primaryimage","url":"https:\/\/nghiepxuan.com\/wp-content\/uploads\/2025\/04\/Frozen-durian-2-Nghiep-Xuan.png","contentUrl":"https:\/\/nghiepxuan.com\/wp-content\/uploads\/2025\/04\/Frozen-durian-2-Nghiep-Xuan.png","width":600,"height":600},{"@type":"BreadcrumbList","@id":"https:\/\/nghiepxuan.com\/fr\/product\/durian-surgele-de-premiere-qualite-riche-cremeux-et-pret-a-etre-deguste\/#breadcrumb","itemListElement":[{"@type":"ListItem","position":1,"name":"Home","item":"https:\/\/nghiepxuan.com\/fr\/"},{"@type":"ListItem","position":2,"name":"Boutique","item":"https:\/\/nghiepxuan.com\/fr\/shop\/"},{"@type":"ListItem","position":3,"name":"Durian surgel\u00e9 de premi\u00e8re qualit\u00e9 &#8211; riche, cr\u00e9meux et pr\u00eat \u00e0 \u00eatre d\u00e9gust\u00e9"}]},{"@type":"WebSite","@id":"https:\/\/nghiepxuan.com\/fr\/#website","url":"https:\/\/nghiepxuan.com\/fr\/","name":"Nghiep Xuan - Agricultural Import and Export","description":"Nourrir la nature, r\u00e9colter la sant\u00e9\u00a0: votre destination de mode de vie biologique","publisher":{"@id":"https:\/\/nghiepxuan.com\/fr\/#organization"},"potentialAction":[{"@type":"SearchAction","target":{"@type":"EntryPoint","urlTemplate":"https:\/\/nghiepxuan.com\/fr\/?s={search_term_string}"},"query-input":{"@type":"PropertyValueSpecification","valueRequired":true,"valueName":"search_term_string"}}],"inLanguage":"fr-FR"},{"@type":"Organization","@id":"https:\/\/nghiepxuan.com\/fr\/#organization","name":"Nghiep Xuan - Agricultural Import and Export","url":"https:\/\/nghiepxuan.com\/fr\/","logo":{"@type":"ImageObject","inLanguage":"fr-FR","@id":"https:\/\/nghiepxuan.com\/fr\/#\/schema\/logo\/image\/","url":"https:\/\/nghiepxuan.com\/wp-content\/uploads\/2025\/04\/Nghiep-Xuan-Logo-4.png","contentUrl":"https:\/\/nghiepxuan.com\/wp-content\/uploads\/2025\/04\/Nghiep-Xuan-Logo-4.png","width":4167,"height":1015,"caption":"Nghiep Xuan - Agricultural Import and Export"},"image":{"@id":"https:\/\/nghiepxuan.com\/fr\/#\/schema\/logo\/image\/"},"sameAs":["https:\/\/www.facebook.com\/nongsannghiepxuan\/","https:\/\/x.com\/PhuTonBui","https:\/\/www.instagram.com\/xuatnhapkhaunghiepxuan\/","https:\/\/www.youtube.com\/@nongsannghiepxuan2066","https:\/\/www.tiktok.com\/@nghiepxuan"]}]}},"_links":{"self":[{"href":"https:\/\/nghiepxuan.com\/fr\/wp-json\/wp\/v2\/product\/8938","targetHints":{"allow":["GET"]}}],"collection":[{"href":"https:\/\/nghiepxuan.com\/fr\/wp-json\/wp\/v2\/product"}],"about":[{"href":"https:\/\/nghiepxuan.com\/fr\/wp-json\/wp\/v2\/types\/product"}],"replies":[{"embeddable":true,"href":"https:\/\/nghiepxuan.com\/fr\/wp-json\/wp\/v2\/comments?post=8938"}],"version-history":[{"count":0,"href":"https:\/\/nghiepxuan.com\/fr\/wp-json\/wp\/v2\/product\/8938\/revisions"}],"wp:featuredmedia":[{"embeddable":true,"href":"https:\/\/nghiepxuan.com\/fr\/wp-json\/wp\/v2\/media\/8907"}],"wp:attachment":[{"href":"https:\/\/nghiepxuan.com\/fr\/wp-json\/wp\/v2\/media?parent=8938"}],"wp:term":[{"taxonomy":"product_brand","embeddable":true,"href":"https:\/\/nghiepxuan.com\/fr\/wp-json\/wp\/v2\/product_brand?post=8938"},{"taxonomy":"product_cat","embeddable":true,"href":"https:\/\/nghiepxuan.com\/fr\/wp-json\/wp\/v2\/product_cat?post=8938"},{"taxonomy":"product_tag","embeddable":true,"href":"https:\/\/nghiepxuan.com\/fr\/wp-json\/wp\/v2\/product_tag?post=8938"}],"curies":[{"name":"wp","href":"https:\/\/api.w.org\/{rel}","templated":true}]}}