{"id":8870,"date":"2025-04-12T02:45:19","date_gmt":"2025-04-12T02:45:19","guid":{"rendered":"https:\/\/nghiepxuan.com\/product\/puree-de-durian-surgelee-de-premiere-qualite-100-naturelle-et-riche-en-saveurs\/"},"modified":"2025-04-12T02:45:19","modified_gmt":"2025-04-12T02:45:19","slug":"puree-de-durian-surgelee-de-premiere-qualite-100-naturelle-et-riche-en-saveurs","status":"publish","type":"product","link":"https:\/\/nghiepxuan.com\/fr\/product\/puree-de-durian-surgelee-de-premiere-qualite-100-naturelle-et-riche-en-saveurs\/","title":{"rendered":"Pur\u00e9e de durian surgel\u00e9e de premi\u00e8re qualit\u00e9 &#8211; 100 % naturelle et riche en saveurs"},"content":{"rendered":"<p class=\"\" data-start=\"211\" data-end=\"263\"><strong data-start=\"211\" data-end=\"263\">D\u00e9couvrez le roi des fruits comme jamais auparavant !<\/strong><\/p>\n<p class=\"\" data-start=\"265\" data-end=\"572\">Notre <strong data-start=\"269\" data-end=\"292\">pur\u00e9e de durian surgel\u00e9e<\/strong> est compos\u00e9e \u00e0 <strong data-start=\"306\" data-end=\"334\">100 % de durians frais et m\u00fbrs<\/strong>, soigneusement s\u00e9lectionn\u00e9s et trait\u00e9s pour pr\u00e9server leur <strong data-start=\"387\" data-end=\"426\">saveur authentique et leur texture cr\u00e9meuse<\/strong>. Surgel\u00e9e \u00e0 maturit\u00e9 maximale, cette pur\u00e9e capture l&#8217;ar\u00f4me et la richesse uniques du durian, ce qui la rend parfaite pour un large \u00e9ventail d&#8217;utilisations culinaires. <\/p>\n<p class=\"\" data-start=\"574\" data-end=\"759\">\u2705 <strong data-start=\"576\" data-end=\"609\">Sans additifs ni conservateurs<\/strong><br data-start=\"609\" data-end=\"612\">\u2705 <strong data-start=\"614\" data-end=\"630\">Pr\u00eat \u00e0 l&#8217;emploi<\/strong><br data-start=\"630\" data-end=\"633\">\u2705 <strong data-start=\"635\" data-end=\"707\">Parfait pour les desserts, les smoothies, les glaces, les p\u00e2tisseries et les boissons<\/strong><br data-start=\"707\" data-end=\"710\">\u2705 <strong data-start=\"712\" data-end=\"759\">Gorg\u00e9s de nutriments et d&#8217;un go\u00fbt sucr\u00e9 naturel<\/strong><\/p>\n<p class=\"\" data-start=\"761\" data-end=\"889\">Que vous soyez un amateur de durian ou un cuisinier professionnel, notre pur\u00e9e de durian surgel\u00e9e est votre ingr\u00e9dient de choix pour une inspiration tropicale.<\/p>\n","protected":false},"excerpt":{"rendered":"<p>D\u00e9licieuse et cr\u00e9meuse <strong data-start=\"158\" data-end=\"181\">pur\u00e9e de durian surgel\u00e9e<\/strong> fabriqu\u00e9e \u00e0 partir de durian m\u00fbr \u00e0 100 %. Parfaite pour les desserts, les smoothies et les recettes de p\u00e2tisserie. Sans additifs, enti\u00e8rement naturelle et pr\u00eate \u00e0 l&#8217;emploi. Savourez le vrai go\u00fbt des fruits tropicaux \u00e0 tout moment !   <\/p>\n","protected":false},"featured_media":8846,"comment_status":"open","ping_status":"closed","template":"","meta":{"content-type":""},"product_brand":[],"product_cat":[419],"product_tag":[],"class_list":{"0":"post-8870","1":"product","2":"type-product","3":"status-publish","4":"has-post-thumbnail","6":"product_cat-frozen-fr","8":"first","9":"instock","10":"sale","11":"shipping-taxable","12":"purchasable","13":"product-type-variable","14":"has-default-attributes"},"yoast_head":"<!-- This site is optimized with the Yoast SEO plugin v26.9 - https:\/\/yoast.com\/product\/yoast-seo-wordpress\/ -->\n<title>Pur\u00e9e de durian surgel\u00e9e de premi\u00e8re qualit\u00e9 - 100 % naturelle et riche en saveurs - Nghiep Xuan - Importation et Exportation Agricole<\/title>\n<meta name=\"robots\" content=\"index, follow, max-snippet:-1, max-image-preview:large, max-video-preview:-1\" \/>\n<link rel=\"canonical\" href=\"https:\/\/nghiepxuan.com\/fr\/product\/puree-de-durian-surgelee-de-premiere-qualite-100-naturelle-et-riche-en-saveurs\/\" \/>\n<meta property=\"og:locale\" content=\"fr_FR\" \/>\n<meta property=\"og:type\" content=\"article\" \/>\n<meta property=\"og:title\" content=\"Pur\u00e9e de durian surgel\u00e9e de premi\u00e8re qualit\u00e9 - 100 % naturelle et riche en saveurs - Nghiep Xuan - Importation et Exportation Agricole\" \/>\n<meta property=\"og:description\" content=\"D\u00e9licieuse et cr\u00e9meuse pur\u00e9e de durian surgel\u00e9e fabriqu\u00e9e \u00e0 partir de durian m\u00fbr \u00e0 100 %. Parfaite pour les desserts, les smoothies et les recettes de p\u00e2tisserie. Sans additifs, enti\u00e8rement naturelle et pr\u00eate \u00e0 l&#039;emploi. Savourez le vrai go\u00fbt des fruits tropicaux \u00e0 tout moment !\" \/>\n<meta property=\"og:url\" content=\"https:\/\/nghiepxuan.com\/fr\/product\/puree-de-durian-surgelee-de-premiere-qualite-100-naturelle-et-riche-en-saveurs\/\" \/>\n<meta property=\"og:site_name\" content=\"Nghiep Xuan - Importation et Exportation Agricole\" \/>\n<meta property=\"article:publisher\" content=\"https:\/\/www.facebook.com\/nongsannghiepxuan\/\" \/>\n<meta property=\"og:image\" content=\"https:\/\/nghiepxuan.com\/wp-content\/uploads\/2025\/04\/Frozen-durian-puree-2-Nghiep-Xuan.jpg\" \/>\n\t<meta property=\"og:image:width\" content=\"1000\" \/>\n\t<meta property=\"og:image:height\" content=\"800\" \/>\n\t<meta property=\"og:image:type\" content=\"image\/jpeg\" \/>\n<meta name=\"twitter:card\" content=\"summary_large_image\" \/>\n<meta name=\"twitter:site\" content=\"@PhuTonBui\" \/>\n<meta name=\"twitter:label1\" content=\"Dur\u00e9e de lecture estim\u00e9e\" \/>\n\t<meta name=\"twitter:data1\" content=\"1 minute\" \/>\n<script type=\"application\/ld+json\" class=\"yoast-schema-graph\">{\"@context\":\"https:\/\/schema.org\",\"@graph\":[{\"@type\":\"WebPage\",\"@id\":\"https:\/\/nghiepxuan.com\/fr\/product\/puree-de-durian-surgelee-de-premiere-qualite-100-naturelle-et-riche-en-saveurs\/\",\"url\":\"https:\/\/nghiepxuan.com\/fr\/product\/puree-de-durian-surgelee-de-premiere-qualite-100-naturelle-et-riche-en-saveurs\/\",\"name\":\"Pur\u00e9e de durian surgel\u00e9e de premi\u00e8re qualit\u00e9 - 100 % naturelle et riche en saveurs - Nghiep Xuan - Importation et Exportation Agricole\",\"isPartOf\":{\"@id\":\"https:\/\/nghiepxuan.com\/fr\/#website\"},\"primaryImageOfPage\":{\"@id\":\"https:\/\/nghiepxuan.com\/fr\/product\/puree-de-durian-surgelee-de-premiere-qualite-100-naturelle-et-riche-en-saveurs\/#primaryimage\"},\"image\":{\"@id\":\"https:\/\/nghiepxuan.com\/fr\/product\/puree-de-durian-surgelee-de-premiere-qualite-100-naturelle-et-riche-en-saveurs\/#primaryimage\"},\"thumbnailUrl\":\"https:\/\/nghiepxuan.com\/wp-content\/uploads\/2025\/04\/Frozen-durian-puree-2-Nghiep-Xuan.jpg\",\"datePublished\":\"2025-04-12T02:45:19+00:00\",\"breadcrumb\":{\"@id\":\"https:\/\/nghiepxuan.com\/fr\/product\/puree-de-durian-surgelee-de-premiere-qualite-100-naturelle-et-riche-en-saveurs\/#breadcrumb\"},\"inLanguage\":\"fr-FR\",\"potentialAction\":[{\"@type\":\"ReadAction\",\"target\":[\"https:\/\/nghiepxuan.com\/fr\/product\/puree-de-durian-surgelee-de-premiere-qualite-100-naturelle-et-riche-en-saveurs\/\"]}]},{\"@type\":\"ImageObject\",\"inLanguage\":\"fr-FR\",\"@id\":\"https:\/\/nghiepxuan.com\/fr\/product\/puree-de-durian-surgelee-de-premiere-qualite-100-naturelle-et-riche-en-saveurs\/#primaryimage\",\"url\":\"https:\/\/nghiepxuan.com\/wp-content\/uploads\/2025\/04\/Frozen-durian-puree-2-Nghiep-Xuan.jpg\",\"contentUrl\":\"https:\/\/nghiepxuan.com\/wp-content\/uploads\/2025\/04\/Frozen-durian-puree-2-Nghiep-Xuan.jpg\",\"width\":1000,\"height\":800},{\"@type\":\"BreadcrumbList\",\"@id\":\"https:\/\/nghiepxuan.com\/fr\/product\/puree-de-durian-surgelee-de-premiere-qualite-100-naturelle-et-riche-en-saveurs\/#breadcrumb\",\"itemListElement\":[{\"@type\":\"ListItem\",\"position\":1,\"name\":\"Home\",\"item\":\"https:\/\/nghiepxuan.com\/fr\/\"},{\"@type\":\"ListItem\",\"position\":2,\"name\":\"Boutique\",\"item\":\"https:\/\/nghiepxuan.com\/fr\/shop\/\"},{\"@type\":\"ListItem\",\"position\":3,\"name\":\"Pur\u00e9e de durian surgel\u00e9e de premi\u00e8re qualit\u00e9 &#8211; 100 % naturelle et riche en saveurs\"}]},{\"@type\":\"WebSite\",\"@id\":\"https:\/\/nghiepxuan.com\/fr\/#website\",\"url\":\"https:\/\/nghiepxuan.com\/fr\/\",\"name\":\"Nghiep Xuan - Agricultural Import and Export\",\"description\":\"Nourrir la nature, r\u00e9colter la sant\u00e9\u00a0: votre destination de mode de vie biologique\",\"publisher\":{\"@id\":\"https:\/\/nghiepxuan.com\/fr\/#organization\"},\"potentialAction\":[{\"@type\":\"SearchAction\",\"target\":{\"@type\":\"EntryPoint\",\"urlTemplate\":\"https:\/\/nghiepxuan.com\/fr\/?s={search_term_string}\"},\"query-input\":{\"@type\":\"PropertyValueSpecification\",\"valueRequired\":true,\"valueName\":\"search_term_string\"}}],\"inLanguage\":\"fr-FR\"},{\"@type\":\"Organization\",\"@id\":\"https:\/\/nghiepxuan.com\/fr\/#organization\",\"name\":\"Nghiep Xuan - Agricultural Import and Export\",\"url\":\"https:\/\/nghiepxuan.com\/fr\/\",\"logo\":{\"@type\":\"ImageObject\",\"inLanguage\":\"fr-FR\",\"@id\":\"https:\/\/nghiepxuan.com\/fr\/#\/schema\/logo\/image\/\",\"url\":\"https:\/\/nghiepxuan.com\/wp-content\/uploads\/2025\/04\/Nghiep-Xuan-Logo-4.png\",\"contentUrl\":\"https:\/\/nghiepxuan.com\/wp-content\/uploads\/2025\/04\/Nghiep-Xuan-Logo-4.png\",\"width\":4167,\"height\":1015,\"caption\":\"Nghiep Xuan - Agricultural Import and Export\"},\"image\":{\"@id\":\"https:\/\/nghiepxuan.com\/fr\/#\/schema\/logo\/image\/\"},\"sameAs\":[\"https:\/\/www.facebook.com\/nongsannghiepxuan\/\",\"https:\/\/x.com\/PhuTonBui\",\"https:\/\/www.instagram.com\/xuatnhapkhaunghiepxuan\/\",\"https:\/\/www.youtube.com\/@nongsannghiepxuan2066\",\"https:\/\/www.tiktok.com\/@nghiepxuan\"]}]}<\/script>\n<!-- \/ Yoast SEO plugin. -->","yoast_head_json":{"title":"Pur\u00e9e de durian surgel\u00e9e de premi\u00e8re qualit\u00e9 - 100 % naturelle et riche en saveurs - Nghiep Xuan - Importation et Exportation Agricole","robots":{"index":"index","follow":"follow","max-snippet":"max-snippet:-1","max-image-preview":"max-image-preview:large","max-video-preview":"max-video-preview:-1"},"canonical":"https:\/\/nghiepxuan.com\/fr\/product\/puree-de-durian-surgelee-de-premiere-qualite-100-naturelle-et-riche-en-saveurs\/","og_locale":"fr_FR","og_type":"article","og_title":"Pur\u00e9e de durian surgel\u00e9e de premi\u00e8re qualit\u00e9 - 100 % naturelle et riche en saveurs - Nghiep Xuan - Importation et Exportation Agricole","og_description":"D\u00e9licieuse et cr\u00e9meuse pur\u00e9e de durian surgel\u00e9e fabriqu\u00e9e \u00e0 partir de durian m\u00fbr \u00e0 100 %. Parfaite pour les desserts, les smoothies et les recettes de p\u00e2tisserie. Sans additifs, enti\u00e8rement naturelle et pr\u00eate \u00e0 l'emploi. Savourez le vrai go\u00fbt des fruits tropicaux \u00e0 tout moment !","og_url":"https:\/\/nghiepxuan.com\/fr\/product\/puree-de-durian-surgelee-de-premiere-qualite-100-naturelle-et-riche-en-saveurs\/","og_site_name":"Nghiep Xuan - Importation et Exportation Agricole","article_publisher":"https:\/\/www.facebook.com\/nongsannghiepxuan\/","og_image":[{"width":1000,"height":800,"url":"https:\/\/nghiepxuan.com\/wp-content\/uploads\/2025\/04\/Frozen-durian-puree-2-Nghiep-Xuan.jpg","type":"image\/jpeg"}],"twitter_card":"summary_large_image","twitter_site":"@PhuTonBui","twitter_misc":{"Dur\u00e9e de lecture estim\u00e9e":"1 minute"},"schema":{"@context":"https:\/\/schema.org","@graph":[{"@type":"WebPage","@id":"https:\/\/nghiepxuan.com\/fr\/product\/puree-de-durian-surgelee-de-premiere-qualite-100-naturelle-et-riche-en-saveurs\/","url":"https:\/\/nghiepxuan.com\/fr\/product\/puree-de-durian-surgelee-de-premiere-qualite-100-naturelle-et-riche-en-saveurs\/","name":"Pur\u00e9e de durian surgel\u00e9e de premi\u00e8re qualit\u00e9 - 100 % naturelle et riche en saveurs - Nghiep Xuan - Importation et Exportation Agricole","isPartOf":{"@id":"https:\/\/nghiepxuan.com\/fr\/#website"},"primaryImageOfPage":{"@id":"https:\/\/nghiepxuan.com\/fr\/product\/puree-de-durian-surgelee-de-premiere-qualite-100-naturelle-et-riche-en-saveurs\/#primaryimage"},"image":{"@id":"https:\/\/nghiepxuan.com\/fr\/product\/puree-de-durian-surgelee-de-premiere-qualite-100-naturelle-et-riche-en-saveurs\/#primaryimage"},"thumbnailUrl":"https:\/\/nghiepxuan.com\/wp-content\/uploads\/2025\/04\/Frozen-durian-puree-2-Nghiep-Xuan.jpg","datePublished":"2025-04-12T02:45:19+00:00","breadcrumb":{"@id":"https:\/\/nghiepxuan.com\/fr\/product\/puree-de-durian-surgelee-de-premiere-qualite-100-naturelle-et-riche-en-saveurs\/#breadcrumb"},"inLanguage":"fr-FR","potentialAction":[{"@type":"ReadAction","target":["https:\/\/nghiepxuan.com\/fr\/product\/puree-de-durian-surgelee-de-premiere-qualite-100-naturelle-et-riche-en-saveurs\/"]}]},{"@type":"ImageObject","inLanguage":"fr-FR","@id":"https:\/\/nghiepxuan.com\/fr\/product\/puree-de-durian-surgelee-de-premiere-qualite-100-naturelle-et-riche-en-saveurs\/#primaryimage","url":"https:\/\/nghiepxuan.com\/wp-content\/uploads\/2025\/04\/Frozen-durian-puree-2-Nghiep-Xuan.jpg","contentUrl":"https:\/\/nghiepxuan.com\/wp-content\/uploads\/2025\/04\/Frozen-durian-puree-2-Nghiep-Xuan.jpg","width":1000,"height":800},{"@type":"BreadcrumbList","@id":"https:\/\/nghiepxuan.com\/fr\/product\/puree-de-durian-surgelee-de-premiere-qualite-100-naturelle-et-riche-en-saveurs\/#breadcrumb","itemListElement":[{"@type":"ListItem","position":1,"name":"Home","item":"https:\/\/nghiepxuan.com\/fr\/"},{"@type":"ListItem","position":2,"name":"Boutique","item":"https:\/\/nghiepxuan.com\/fr\/shop\/"},{"@type":"ListItem","position":3,"name":"Pur\u00e9e de durian surgel\u00e9e de premi\u00e8re qualit\u00e9 &#8211; 100 % naturelle et riche en saveurs"}]},{"@type":"WebSite","@id":"https:\/\/nghiepxuan.com\/fr\/#website","url":"https:\/\/nghiepxuan.com\/fr\/","name":"Nghiep Xuan - Agricultural Import and Export","description":"Nourrir la nature, r\u00e9colter la sant\u00e9\u00a0: votre destination de mode de vie biologique","publisher":{"@id":"https:\/\/nghiepxuan.com\/fr\/#organization"},"potentialAction":[{"@type":"SearchAction","target":{"@type":"EntryPoint","urlTemplate":"https:\/\/nghiepxuan.com\/fr\/?s={search_term_string}"},"query-input":{"@type":"PropertyValueSpecification","valueRequired":true,"valueName":"search_term_string"}}],"inLanguage":"fr-FR"},{"@type":"Organization","@id":"https:\/\/nghiepxuan.com\/fr\/#organization","name":"Nghiep Xuan - Agricultural Import and Export","url":"https:\/\/nghiepxuan.com\/fr\/","logo":{"@type":"ImageObject","inLanguage":"fr-FR","@id":"https:\/\/nghiepxuan.com\/fr\/#\/schema\/logo\/image\/","url":"https:\/\/nghiepxuan.com\/wp-content\/uploads\/2025\/04\/Nghiep-Xuan-Logo-4.png","contentUrl":"https:\/\/nghiepxuan.com\/wp-content\/uploads\/2025\/04\/Nghiep-Xuan-Logo-4.png","width":4167,"height":1015,"caption":"Nghiep Xuan - Agricultural Import and Export"},"image":{"@id":"https:\/\/nghiepxuan.com\/fr\/#\/schema\/logo\/image\/"},"sameAs":["https:\/\/www.facebook.com\/nongsannghiepxuan\/","https:\/\/x.com\/PhuTonBui","https:\/\/www.instagram.com\/xuatnhapkhaunghiepxuan\/","https:\/\/www.youtube.com\/@nongsannghiepxuan2066","https:\/\/www.tiktok.com\/@nghiepxuan"]}]}},"_links":{"self":[{"href":"https:\/\/nghiepxuan.com\/fr\/wp-json\/wp\/v2\/product\/8870","targetHints":{"allow":["GET"]}}],"collection":[{"href":"https:\/\/nghiepxuan.com\/fr\/wp-json\/wp\/v2\/product"}],"about":[{"href":"https:\/\/nghiepxuan.com\/fr\/wp-json\/wp\/v2\/types\/product"}],"replies":[{"embeddable":true,"href":"https:\/\/nghiepxuan.com\/fr\/wp-json\/wp\/v2\/comments?post=8870"}],"version-history":[{"count":0,"href":"https:\/\/nghiepxuan.com\/fr\/wp-json\/wp\/v2\/product\/8870\/revisions"}],"wp:featuredmedia":[{"embeddable":true,"href":"https:\/\/nghiepxuan.com\/fr\/wp-json\/wp\/v2\/media\/8846"}],"wp:attachment":[{"href":"https:\/\/nghiepxuan.com\/fr\/wp-json\/wp\/v2\/media?parent=8870"}],"wp:term":[{"taxonomy":"product_brand","embeddable":true,"href":"https:\/\/nghiepxuan.com\/fr\/wp-json\/wp\/v2\/product_brand?post=8870"},{"taxonomy":"product_cat","embeddable":true,"href":"https:\/\/nghiepxuan.com\/fr\/wp-json\/wp\/v2\/product_cat?post=8870"},{"taxonomy":"product_tag","embeddable":true,"href":"https:\/\/nghiepxuan.com\/fr\/wp-json\/wp\/v2\/product_tag?post=8870"}],"curies":[{"name":"wp","href":"https:\/\/api.w.org\/{rel}","templated":true}]}}