{"id":8685,"date":"2025-04-12T02:58:14","date_gmt":"2025-04-12T02:58:14","guid":{"rendered":"https:\/\/nghiepxuan.com\/product\/fruit-du-jacquier-surgele-de-premiere-qualite-100-naturel-et-pret-a-consommer\/"},"modified":"2025-04-12T02:02:14","modified_gmt":"2025-04-12T02:02:14","slug":"fruit-du-jacquier-surgele-de-premiere-qualite-100-naturel-et-pret-a-consommer","status":"publish","type":"product","link":"https:\/\/nghiepxuan.com\/fr\/product\/fruit-du-jacquier-surgele-de-premiere-qualite-100-naturel-et-pret-a-consommer\/","title":{"rendered":"Fruit du jacquier surgel\u00e9 de premi\u00e8re qualit\u00e9 &#8211; 100 % naturel et pr\u00eat \u00e0 consommer"},"content":{"rendered":"<p class=\"\" data-start=\"169\" data-end=\"472\">Savourez la douceur tropicale du jacquier m\u00fbr tout au long de l&#8217;ann\u00e9e gr\u00e2ce \u00e0 notre <strong data-start=\"270\" data-end=\"298\">jacquier surgel\u00e9 de qualit\u00e9 sup\u00e9rieure<\/strong>. R\u00e9colt\u00e9 \u00e0 maturit\u00e9 maximale et surgel\u00e9 pour pr\u00e9server sa fra\u00eecheur, sa saveur et ses nutriments, notre jacquier est l&#8217;en-cas naturel id\u00e9al ou un ingr\u00e9dient pour vos recettes pr\u00e9f\u00e9r\u00e9es. <\/p>\n<p class=\"\" data-start=\"474\" data-end=\"809\">\u2705 <strong data-start=\"476\" data-end=\"492\">100% naturel<\/strong> &#8211; Sans sucre ajout\u00e9, sans conservateurs ni colorants artificiels.<br data-start=\"547\" data-end=\"550\">\u2705 <strong data-start=\"552\" data-end=\"581\">Pratique et pr\u00eat \u00e0 l&#8217;emploi<\/strong> &#8211; Pr\u00e9d\u00e9coup\u00e9 et congel\u00e9 pour une utilisation rapide dans les smoothies, les desserts et les plats sal\u00e9s.<br data-start=\"659\" data-end=\"662\">\u2705 <strong data-start=\"664\" data-end=\"692\">Riche en fibres et en vitamines<\/strong> &#8211; Une option saine \u00e0 base de plantes, riche en vitamine C, en potassium et en antioxydants.<br data-start=\"772\" data-end=\"775\">\u2705 <strong data-start=\"777\" data-end=\"809\" data-is-only-node=\"\">Convient aux v\u00e9g\u00e9taliens et ne contient pas de gluten<\/strong><\/p>\n<p class=\"\" data-start=\"811\" data-end=\"1034\">Que vous le mixiez dans un smoothie tropical, que vous le m\u00e9langiez \u00e0 une glace ou que vous le cuisiniez dans un plat v\u00e9g\u00e9talien savoureux, notre <strong data-start=\"934\" data-end=\"954\">jacquier surgel\u00e9<\/strong> apporte \u00e0 votre cuisine un go\u00fbt et une nutrition authentiques en provenance directe des tropiques.<\/p>\n","protected":false},"excerpt":{"rendered":"<p>D\u00e9licieux et nutritif, le <strong data-start=\"191\" data-end=\"211\">jacquier surgel\u00e9<\/strong> est fabriqu\u00e9 \u00e0 partir de fruits naturels et m\u00fbrs \u00e0 100 %. Parfait pour les smoothies, les desserts ou la cuisine. Sans sucre ajout\u00e9 ni conservateur. V\u00e9g\u00e9talien et sans gluten.   <\/p>\n","protected":false},"featured_media":8653,"comment_status":"open","ping_status":"closed","template":"","meta":{"content-type":""},"product_brand":[],"product_cat":[419],"product_tag":[],"class_list":{"0":"post-8685","1":"product","2":"type-product","3":"status-publish","4":"has-post-thumbnail","6":"product_cat-frozen-fr","8":"first","9":"instock","10":"sale","11":"shipping-taxable","12":"purchasable","13":"product-type-variable","14":"has-default-attributes"},"yoast_head":"<!-- This site is optimized with the Yoast SEO plugin v26.9 - https:\/\/yoast.com\/product\/yoast-seo-wordpress\/ -->\n<title>Fruit du jacquier surgel\u00e9 de premi\u00e8re qualit\u00e9 - 100 % naturel et pr\u00eat \u00e0 consommer - Nghiep Xuan - Importation et Exportation Agricole<\/title>\n<meta name=\"robots\" content=\"index, follow, max-snippet:-1, max-image-preview:large, max-video-preview:-1\" \/>\n<link rel=\"canonical\" href=\"https:\/\/nghiepxuan.com\/fr\/product\/fruit-du-jacquier-surgele-de-premiere-qualite-100-naturel-et-pret-a-consommer\/\" \/>\n<meta property=\"og:locale\" content=\"fr_FR\" \/>\n<meta property=\"og:type\" content=\"article\" \/>\n<meta property=\"og:title\" content=\"Fruit du jacquier surgel\u00e9 de premi\u00e8re qualit\u00e9 - 100 % naturel et pr\u00eat \u00e0 consommer - Nghiep Xuan - Importation et Exportation Agricole\" \/>\n<meta property=\"og:description\" content=\"D\u00e9licieux et nutritif, le jacquier surgel\u00e9 est fabriqu\u00e9 \u00e0 partir de fruits naturels et m\u00fbrs \u00e0 100 %. Parfait pour les smoothies, les desserts ou la cuisine. Sans sucre ajout\u00e9 ni conservateur. V\u00e9g\u00e9talien et sans gluten.\" \/>\n<meta property=\"og:url\" content=\"https:\/\/nghiepxuan.com\/fr\/product\/fruit-du-jacquier-surgele-de-premiere-qualite-100-naturel-et-pret-a-consommer\/\" \/>\n<meta property=\"og:site_name\" content=\"Nghiep Xuan - Importation et Exportation Agricole\" \/>\n<meta property=\"article:publisher\" content=\"https:\/\/www.facebook.com\/nongsannghiepxuan\/\" \/>\n<meta property=\"og:image\" content=\"https:\/\/nghiepxuan.com\/wp-content\/uploads\/2025\/04\/Frozen-Jackfruit-3-Nghiep-Xuan.jpg\" \/>\n\t<meta property=\"og:image:width\" content=\"1208\" \/>\n\t<meta property=\"og:image:height\" content=\"808\" \/>\n\t<meta property=\"og:image:type\" content=\"image\/jpeg\" \/>\n<meta name=\"twitter:card\" content=\"summary_large_image\" \/>\n<meta name=\"twitter:site\" content=\"@PhuTonBui\" \/>\n<meta name=\"twitter:label1\" content=\"Dur\u00e9e de lecture estim\u00e9e\" \/>\n\t<meta name=\"twitter:data1\" content=\"1 minute\" \/>\n<script type=\"application\/ld+json\" class=\"yoast-schema-graph\">{\"@context\":\"https:\/\/schema.org\",\"@graph\":[{\"@type\":\"WebPage\",\"@id\":\"https:\/\/nghiepxuan.com\/fr\/product\/fruit-du-jacquier-surgele-de-premiere-qualite-100-naturel-et-pret-a-consommer\/\",\"url\":\"https:\/\/nghiepxuan.com\/fr\/product\/fruit-du-jacquier-surgele-de-premiere-qualite-100-naturel-et-pret-a-consommer\/\",\"name\":\"Fruit du jacquier surgel\u00e9 de premi\u00e8re qualit\u00e9 - 100 % naturel et pr\u00eat \u00e0 consommer - Nghiep Xuan - Importation et Exportation Agricole\",\"isPartOf\":{\"@id\":\"https:\/\/nghiepxuan.com\/fr\/#website\"},\"primaryImageOfPage\":{\"@id\":\"https:\/\/nghiepxuan.com\/fr\/product\/fruit-du-jacquier-surgele-de-premiere-qualite-100-naturel-et-pret-a-consommer\/#primaryimage\"},\"image\":{\"@id\":\"https:\/\/nghiepxuan.com\/fr\/product\/fruit-du-jacquier-surgele-de-premiere-qualite-100-naturel-et-pret-a-consommer\/#primaryimage\"},\"thumbnailUrl\":\"https:\/\/nghiepxuan.com\/wp-content\/uploads\/2025\/04\/Frozen-Jackfruit-3-Nghiep-Xuan.jpg\",\"datePublished\":\"2025-04-12T02:58:14+00:00\",\"breadcrumb\":{\"@id\":\"https:\/\/nghiepxuan.com\/fr\/product\/fruit-du-jacquier-surgele-de-premiere-qualite-100-naturel-et-pret-a-consommer\/#breadcrumb\"},\"inLanguage\":\"fr-FR\",\"potentialAction\":[{\"@type\":\"ReadAction\",\"target\":[\"https:\/\/nghiepxuan.com\/fr\/product\/fruit-du-jacquier-surgele-de-premiere-qualite-100-naturel-et-pret-a-consommer\/\"]}]},{\"@type\":\"ImageObject\",\"inLanguage\":\"fr-FR\",\"@id\":\"https:\/\/nghiepxuan.com\/fr\/product\/fruit-du-jacquier-surgele-de-premiere-qualite-100-naturel-et-pret-a-consommer\/#primaryimage\",\"url\":\"https:\/\/nghiepxuan.com\/wp-content\/uploads\/2025\/04\/Frozen-Jackfruit-3-Nghiep-Xuan.jpg\",\"contentUrl\":\"https:\/\/nghiepxuan.com\/wp-content\/uploads\/2025\/04\/Frozen-Jackfruit-3-Nghiep-Xuan.jpg\",\"width\":1208,\"height\":808},{\"@type\":\"BreadcrumbList\",\"@id\":\"https:\/\/nghiepxuan.com\/fr\/product\/fruit-du-jacquier-surgele-de-premiere-qualite-100-naturel-et-pret-a-consommer\/#breadcrumb\",\"itemListElement\":[{\"@type\":\"ListItem\",\"position\":1,\"name\":\"Home\",\"item\":\"https:\/\/nghiepxuan.com\/fr\/\"},{\"@type\":\"ListItem\",\"position\":2,\"name\":\"Boutique\",\"item\":\"https:\/\/nghiepxuan.com\/fr\/shop\/\"},{\"@type\":\"ListItem\",\"position\":3,\"name\":\"Fruit du jacquier surgel\u00e9 de premi\u00e8re qualit\u00e9 &#8211; 100 % naturel et pr\u00eat \u00e0 consommer\"}]},{\"@type\":\"WebSite\",\"@id\":\"https:\/\/nghiepxuan.com\/fr\/#website\",\"url\":\"https:\/\/nghiepxuan.com\/fr\/\",\"name\":\"Nghiep Xuan - Agricultural Import and Export\",\"description\":\"Nourrir la nature, r\u00e9colter la sant\u00e9\u00a0: votre destination de mode de vie biologique\",\"publisher\":{\"@id\":\"https:\/\/nghiepxuan.com\/fr\/#organization\"},\"potentialAction\":[{\"@type\":\"SearchAction\",\"target\":{\"@type\":\"EntryPoint\",\"urlTemplate\":\"https:\/\/nghiepxuan.com\/fr\/?s={search_term_string}\"},\"query-input\":{\"@type\":\"PropertyValueSpecification\",\"valueRequired\":true,\"valueName\":\"search_term_string\"}}],\"inLanguage\":\"fr-FR\"},{\"@type\":\"Organization\",\"@id\":\"https:\/\/nghiepxuan.com\/fr\/#organization\",\"name\":\"Nghiep Xuan - Agricultural Import and Export\",\"url\":\"https:\/\/nghiepxuan.com\/fr\/\",\"logo\":{\"@type\":\"ImageObject\",\"inLanguage\":\"fr-FR\",\"@id\":\"https:\/\/nghiepxuan.com\/fr\/#\/schema\/logo\/image\/\",\"url\":\"https:\/\/nghiepxuan.com\/wp-content\/uploads\/2025\/04\/Nghiep-Xuan-Logo-4.png\",\"contentUrl\":\"https:\/\/nghiepxuan.com\/wp-content\/uploads\/2025\/04\/Nghiep-Xuan-Logo-4.png\",\"width\":4167,\"height\":1015,\"caption\":\"Nghiep Xuan - Agricultural Import and Export\"},\"image\":{\"@id\":\"https:\/\/nghiepxuan.com\/fr\/#\/schema\/logo\/image\/\"},\"sameAs\":[\"https:\/\/www.facebook.com\/nongsannghiepxuan\/\",\"https:\/\/x.com\/PhuTonBui\",\"https:\/\/www.instagram.com\/xuatnhapkhaunghiepxuan\/\",\"https:\/\/www.youtube.com\/@nongsannghiepxuan2066\",\"https:\/\/www.tiktok.com\/@nghiepxuan\"]}]}<\/script>\n<!-- \/ Yoast SEO plugin. -->","yoast_head_json":{"title":"Fruit du jacquier surgel\u00e9 de premi\u00e8re qualit\u00e9 - 100 % naturel et pr\u00eat \u00e0 consommer - Nghiep Xuan - Importation et Exportation Agricole","robots":{"index":"index","follow":"follow","max-snippet":"max-snippet:-1","max-image-preview":"max-image-preview:large","max-video-preview":"max-video-preview:-1"},"canonical":"https:\/\/nghiepxuan.com\/fr\/product\/fruit-du-jacquier-surgele-de-premiere-qualite-100-naturel-et-pret-a-consommer\/","og_locale":"fr_FR","og_type":"article","og_title":"Fruit du jacquier surgel\u00e9 de premi\u00e8re qualit\u00e9 - 100 % naturel et pr\u00eat \u00e0 consommer - Nghiep Xuan - Importation et Exportation Agricole","og_description":"D\u00e9licieux et nutritif, le jacquier surgel\u00e9 est fabriqu\u00e9 \u00e0 partir de fruits naturels et m\u00fbrs \u00e0 100 %. Parfait pour les smoothies, les desserts ou la cuisine. Sans sucre ajout\u00e9 ni conservateur. V\u00e9g\u00e9talien et sans gluten.","og_url":"https:\/\/nghiepxuan.com\/fr\/product\/fruit-du-jacquier-surgele-de-premiere-qualite-100-naturel-et-pret-a-consommer\/","og_site_name":"Nghiep Xuan - Importation et Exportation Agricole","article_publisher":"https:\/\/www.facebook.com\/nongsannghiepxuan\/","og_image":[{"width":1208,"height":808,"url":"https:\/\/nghiepxuan.com\/wp-content\/uploads\/2025\/04\/Frozen-Jackfruit-3-Nghiep-Xuan.jpg","type":"image\/jpeg"}],"twitter_card":"summary_large_image","twitter_site":"@PhuTonBui","twitter_misc":{"Dur\u00e9e de lecture estim\u00e9e":"1 minute"},"schema":{"@context":"https:\/\/schema.org","@graph":[{"@type":"WebPage","@id":"https:\/\/nghiepxuan.com\/fr\/product\/fruit-du-jacquier-surgele-de-premiere-qualite-100-naturel-et-pret-a-consommer\/","url":"https:\/\/nghiepxuan.com\/fr\/product\/fruit-du-jacquier-surgele-de-premiere-qualite-100-naturel-et-pret-a-consommer\/","name":"Fruit du jacquier surgel\u00e9 de premi\u00e8re qualit\u00e9 - 100 % naturel et pr\u00eat \u00e0 consommer - Nghiep Xuan - Importation et Exportation Agricole","isPartOf":{"@id":"https:\/\/nghiepxuan.com\/fr\/#website"},"primaryImageOfPage":{"@id":"https:\/\/nghiepxuan.com\/fr\/product\/fruit-du-jacquier-surgele-de-premiere-qualite-100-naturel-et-pret-a-consommer\/#primaryimage"},"image":{"@id":"https:\/\/nghiepxuan.com\/fr\/product\/fruit-du-jacquier-surgele-de-premiere-qualite-100-naturel-et-pret-a-consommer\/#primaryimage"},"thumbnailUrl":"https:\/\/nghiepxuan.com\/wp-content\/uploads\/2025\/04\/Frozen-Jackfruit-3-Nghiep-Xuan.jpg","datePublished":"2025-04-12T02:58:14+00:00","breadcrumb":{"@id":"https:\/\/nghiepxuan.com\/fr\/product\/fruit-du-jacquier-surgele-de-premiere-qualite-100-naturel-et-pret-a-consommer\/#breadcrumb"},"inLanguage":"fr-FR","potentialAction":[{"@type":"ReadAction","target":["https:\/\/nghiepxuan.com\/fr\/product\/fruit-du-jacquier-surgele-de-premiere-qualite-100-naturel-et-pret-a-consommer\/"]}]},{"@type":"ImageObject","inLanguage":"fr-FR","@id":"https:\/\/nghiepxuan.com\/fr\/product\/fruit-du-jacquier-surgele-de-premiere-qualite-100-naturel-et-pret-a-consommer\/#primaryimage","url":"https:\/\/nghiepxuan.com\/wp-content\/uploads\/2025\/04\/Frozen-Jackfruit-3-Nghiep-Xuan.jpg","contentUrl":"https:\/\/nghiepxuan.com\/wp-content\/uploads\/2025\/04\/Frozen-Jackfruit-3-Nghiep-Xuan.jpg","width":1208,"height":808},{"@type":"BreadcrumbList","@id":"https:\/\/nghiepxuan.com\/fr\/product\/fruit-du-jacquier-surgele-de-premiere-qualite-100-naturel-et-pret-a-consommer\/#breadcrumb","itemListElement":[{"@type":"ListItem","position":1,"name":"Home","item":"https:\/\/nghiepxuan.com\/fr\/"},{"@type":"ListItem","position":2,"name":"Boutique","item":"https:\/\/nghiepxuan.com\/fr\/shop\/"},{"@type":"ListItem","position":3,"name":"Fruit du jacquier surgel\u00e9 de premi\u00e8re qualit\u00e9 &#8211; 100 % naturel et pr\u00eat \u00e0 consommer"}]},{"@type":"WebSite","@id":"https:\/\/nghiepxuan.com\/fr\/#website","url":"https:\/\/nghiepxuan.com\/fr\/","name":"Nghiep Xuan - Agricultural Import and Export","description":"Nourrir la nature, r\u00e9colter la sant\u00e9\u00a0: votre destination de mode de vie biologique","publisher":{"@id":"https:\/\/nghiepxuan.com\/fr\/#organization"},"potentialAction":[{"@type":"SearchAction","target":{"@type":"EntryPoint","urlTemplate":"https:\/\/nghiepxuan.com\/fr\/?s={search_term_string}"},"query-input":{"@type":"PropertyValueSpecification","valueRequired":true,"valueName":"search_term_string"}}],"inLanguage":"fr-FR"},{"@type":"Organization","@id":"https:\/\/nghiepxuan.com\/fr\/#organization","name":"Nghiep Xuan - Agricultural Import and Export","url":"https:\/\/nghiepxuan.com\/fr\/","logo":{"@type":"ImageObject","inLanguage":"fr-FR","@id":"https:\/\/nghiepxuan.com\/fr\/#\/schema\/logo\/image\/","url":"https:\/\/nghiepxuan.com\/wp-content\/uploads\/2025\/04\/Nghiep-Xuan-Logo-4.png","contentUrl":"https:\/\/nghiepxuan.com\/wp-content\/uploads\/2025\/04\/Nghiep-Xuan-Logo-4.png","width":4167,"height":1015,"caption":"Nghiep Xuan - Agricultural Import and Export"},"image":{"@id":"https:\/\/nghiepxuan.com\/fr\/#\/schema\/logo\/image\/"},"sameAs":["https:\/\/www.facebook.com\/nongsannghiepxuan\/","https:\/\/x.com\/PhuTonBui","https:\/\/www.instagram.com\/xuatnhapkhaunghiepxuan\/","https:\/\/www.youtube.com\/@nongsannghiepxuan2066","https:\/\/www.tiktok.com\/@nghiepxuan"]}]}},"_links":{"self":[{"href":"https:\/\/nghiepxuan.com\/fr\/wp-json\/wp\/v2\/product\/8685","targetHints":{"allow":["GET"]}}],"collection":[{"href":"https:\/\/nghiepxuan.com\/fr\/wp-json\/wp\/v2\/product"}],"about":[{"href":"https:\/\/nghiepxuan.com\/fr\/wp-json\/wp\/v2\/types\/product"}],"replies":[{"embeddable":true,"href":"https:\/\/nghiepxuan.com\/fr\/wp-json\/wp\/v2\/comments?post=8685"}],"version-history":[{"count":0,"href":"https:\/\/nghiepxuan.com\/fr\/wp-json\/wp\/v2\/product\/8685\/revisions"}],"wp:featuredmedia":[{"embeddable":true,"href":"https:\/\/nghiepxuan.com\/fr\/wp-json\/wp\/v2\/media\/8653"}],"wp:attachment":[{"href":"https:\/\/nghiepxuan.com\/fr\/wp-json\/wp\/v2\/media?parent=8685"}],"wp:term":[{"taxonomy":"product_brand","embeddable":true,"href":"https:\/\/nghiepxuan.com\/fr\/wp-json\/wp\/v2\/product_brand?post=8685"},{"taxonomy":"product_cat","embeddable":true,"href":"https:\/\/nghiepxuan.com\/fr\/wp-json\/wp\/v2\/product_cat?post=8685"},{"taxonomy":"product_tag","embeddable":true,"href":"https:\/\/nghiepxuan.com\/fr\/wp-json\/wp\/v2\/product_tag?post=8685"}],"curies":[{"name":"wp","href":"https:\/\/api.w.org\/{rel}","templated":true}]}}