{"id":8565,"date":"2025-04-12T01:27:50","date_gmt":"2025-04-12T01:27:50","guid":{"rendered":"https:\/\/nghiepxuan.com\/product\/avocat-surgele-de-qualite-superieure-fraichement-surgele-et-pret-a-lemploi\/"},"modified":"2025-04-12T01:27:50","modified_gmt":"2025-04-12T01:27:50","slug":"avocat-surgele-de-qualite-superieure-fraichement-surgele-et-pret-a-lemploi","status":"publish","type":"product","link":"https:\/\/nghiepxuan.com\/fr\/product\/avocat-surgele-de-qualite-superieure-fraichement-surgele-et-pret-a-lemploi\/","title":{"rendered":"Avocat surgel\u00e9 de qualit\u00e9 sup\u00e9rieure &#8211; fra\u00eechement surgel\u00e9 et pr\u00eat \u00e0 l&#8217;emploi"},"content":{"rendered":"<p class=\"\" data-start=\"173\" data-end=\"557\">Savourez le go\u00fbt riche et cr\u00e9meux des avocats \u00e0 tout moment gr\u00e2ce \u00e0 nos <strong data-start=\"261\" data-end=\"287\">avocats surgel\u00e9s de qualit\u00e9 sup\u00e9rieure<\/strong>. Cueillis \u00e0 la main \u00e0 pleine maturit\u00e9, nos avocats sont soigneusement pel\u00e9s, tranch\u00e9s et congel\u00e9s pour pr\u00e9server leur saveur, leur texture et leurs nutriments naturels. Parfait pour les smoothies, les salades, le guacamole et la cuisson, ce produit pr\u00eat \u00e0 l&#8217;emploi vous fait gagner du temps sans compromettre la qualit\u00e9.  <\/p>\n<p>\u2705 Avocats Hass 100% naturels<\/p>\n<p>\u2705 Sans sucre ajout\u00e9 ni conservateur<\/p>\n<p>\u2705 Des graisses saines et des fibres en abondance<\/p>\n<p>\u2705 Pratique et pr\u00eat en quelques secondes<\/p>\n<p>\u2705 Id\u00e9al pour la restauration et l&#8217;usage domestique<\/p>\n","protected":false},"excerpt":{"rendered":"<p>Avocat surgel\u00e9 de premi\u00e8re qualit\u00e9 fabriqu\u00e9 \u00e0 partir d&#8217;avocats Hass m\u00fbrs. Parfait pour les smoothies, le guacamole, les salades, etc. 100% naturel, sans additifs &#8211; pratique et pr\u00eat \u00e0 l&#8217;emploi.  <\/p>\n","protected":false},"featured_media":8530,"comment_status":"open","ping_status":"closed","template":"","meta":{"content-type":""},"product_brand":[],"product_cat":[419],"product_tag":[],"class_list":{"0":"post-8565","1":"product","2":"type-product","3":"status-publish","4":"has-post-thumbnail","6":"product_cat-frozen-fr","8":"first","9":"instock","10":"sale","11":"shipping-taxable","12":"purchasable","13":"product-type-variable","14":"has-default-attributes"},"yoast_head":"<!-- This site is optimized with the Yoast SEO plugin v26.9 - https:\/\/yoast.com\/product\/yoast-seo-wordpress\/ -->\n<title>Avocat surgel\u00e9 de qualit\u00e9 sup\u00e9rieure - fra\u00eechement surgel\u00e9 et pr\u00eat \u00e0 l&#039;emploi - Nghiep Xuan - Importation et Exportation Agricole<\/title>\n<meta name=\"robots\" content=\"index, follow, max-snippet:-1, max-image-preview:large, max-video-preview:-1\" \/>\n<link rel=\"canonical\" href=\"https:\/\/nghiepxuan.com\/fr\/product\/avocat-surgele-de-qualite-superieure-fraichement-surgele-et-pret-a-lemploi\/\" \/>\n<meta property=\"og:locale\" content=\"fr_FR\" \/>\n<meta property=\"og:type\" content=\"article\" \/>\n<meta property=\"og:title\" content=\"Avocat surgel\u00e9 de qualit\u00e9 sup\u00e9rieure - fra\u00eechement surgel\u00e9 et pr\u00eat \u00e0 l&#039;emploi - Nghiep Xuan - Importation et Exportation Agricole\" \/>\n<meta property=\"og:description\" content=\"Avocat surgel\u00e9 de premi\u00e8re qualit\u00e9 fabriqu\u00e9 \u00e0 partir d&#039;avocats Hass m\u00fbrs. Parfait pour les smoothies, le guacamole, les salades, etc. 100% naturel, sans additifs - pratique et pr\u00eat \u00e0 l&#039;emploi.\" \/>\n<meta property=\"og:url\" content=\"https:\/\/nghiepxuan.com\/fr\/product\/avocat-surgele-de-qualite-superieure-fraichement-surgele-et-pret-a-lemploi\/\" \/>\n<meta property=\"og:site_name\" content=\"Nghiep Xuan - Importation et Exportation Agricole\" \/>\n<meta property=\"article:publisher\" content=\"https:\/\/www.facebook.com\/nongsannghiepxuan\/\" \/>\n<meta property=\"og:image\" content=\"https:\/\/nghiepxuan.com\/wp-content\/uploads\/2025\/04\/Frozen-avocado-1-Nghiep-Xuan.png\" \/>\n\t<meta property=\"og:image:width\" content=\"741\" \/>\n\t<meta property=\"og:image:height\" content=\"399\" \/>\n\t<meta property=\"og:image:type\" content=\"image\/png\" \/>\n<meta name=\"twitter:card\" content=\"summary_large_image\" \/>\n<meta name=\"twitter:site\" content=\"@PhuTonBui\" \/>\n<meta name=\"twitter:label1\" content=\"Dur\u00e9e de lecture estim\u00e9e\" \/>\n\t<meta name=\"twitter:data1\" content=\"1 minute\" \/>\n<script type=\"application\/ld+json\" class=\"yoast-schema-graph\">{\"@context\":\"https:\/\/schema.org\",\"@graph\":[{\"@type\":\"WebPage\",\"@id\":\"https:\/\/nghiepxuan.com\/fr\/product\/avocat-surgele-de-qualite-superieure-fraichement-surgele-et-pret-a-lemploi\/\",\"url\":\"https:\/\/nghiepxuan.com\/fr\/product\/avocat-surgele-de-qualite-superieure-fraichement-surgele-et-pret-a-lemploi\/\",\"name\":\"Avocat surgel\u00e9 de qualit\u00e9 sup\u00e9rieure - fra\u00eechement surgel\u00e9 et pr\u00eat \u00e0 l'emploi - Nghiep Xuan - Importation et Exportation Agricole\",\"isPartOf\":{\"@id\":\"https:\/\/nghiepxuan.com\/fr\/#website\"},\"primaryImageOfPage\":{\"@id\":\"https:\/\/nghiepxuan.com\/fr\/product\/avocat-surgele-de-qualite-superieure-fraichement-surgele-et-pret-a-lemploi\/#primaryimage\"},\"image\":{\"@id\":\"https:\/\/nghiepxuan.com\/fr\/product\/avocat-surgele-de-qualite-superieure-fraichement-surgele-et-pret-a-lemploi\/#primaryimage\"},\"thumbnailUrl\":\"https:\/\/nghiepxuan.com\/wp-content\/uploads\/2025\/04\/Frozen-avocado-1-Nghiep-Xuan.png\",\"datePublished\":\"2025-04-12T01:27:50+00:00\",\"breadcrumb\":{\"@id\":\"https:\/\/nghiepxuan.com\/fr\/product\/avocat-surgele-de-qualite-superieure-fraichement-surgele-et-pret-a-lemploi\/#breadcrumb\"},\"inLanguage\":\"fr-FR\",\"potentialAction\":[{\"@type\":\"ReadAction\",\"target\":[\"https:\/\/nghiepxuan.com\/fr\/product\/avocat-surgele-de-qualite-superieure-fraichement-surgele-et-pret-a-lemploi\/\"]}]},{\"@type\":\"ImageObject\",\"inLanguage\":\"fr-FR\",\"@id\":\"https:\/\/nghiepxuan.com\/fr\/product\/avocat-surgele-de-qualite-superieure-fraichement-surgele-et-pret-a-lemploi\/#primaryimage\",\"url\":\"https:\/\/nghiepxuan.com\/wp-content\/uploads\/2025\/04\/Frozen-avocado-1-Nghiep-Xuan.png\",\"contentUrl\":\"https:\/\/nghiepxuan.com\/wp-content\/uploads\/2025\/04\/Frozen-avocado-1-Nghiep-Xuan.png\",\"width\":741,\"height\":399},{\"@type\":\"BreadcrumbList\",\"@id\":\"https:\/\/nghiepxuan.com\/fr\/product\/avocat-surgele-de-qualite-superieure-fraichement-surgele-et-pret-a-lemploi\/#breadcrumb\",\"itemListElement\":[{\"@type\":\"ListItem\",\"position\":1,\"name\":\"Home\",\"item\":\"https:\/\/nghiepxuan.com\/fr\/\"},{\"@type\":\"ListItem\",\"position\":2,\"name\":\"Boutique\",\"item\":\"https:\/\/nghiepxuan.com\/fr\/shop\/\"},{\"@type\":\"ListItem\",\"position\":3,\"name\":\"Avocat surgel\u00e9 de qualit\u00e9 sup\u00e9rieure &#8211; fra\u00eechement surgel\u00e9 et pr\u00eat \u00e0 l&#8217;emploi\"}]},{\"@type\":\"WebSite\",\"@id\":\"https:\/\/nghiepxuan.com\/fr\/#website\",\"url\":\"https:\/\/nghiepxuan.com\/fr\/\",\"name\":\"Nghiep Xuan - Agricultural Import and Export\",\"description\":\"Nourrir la nature, r\u00e9colter la sant\u00e9\u00a0: votre destination de mode de vie biologique\",\"publisher\":{\"@id\":\"https:\/\/nghiepxuan.com\/fr\/#organization\"},\"potentialAction\":[{\"@type\":\"SearchAction\",\"target\":{\"@type\":\"EntryPoint\",\"urlTemplate\":\"https:\/\/nghiepxuan.com\/fr\/?s={search_term_string}\"},\"query-input\":{\"@type\":\"PropertyValueSpecification\",\"valueRequired\":true,\"valueName\":\"search_term_string\"}}],\"inLanguage\":\"fr-FR\"},{\"@type\":\"Organization\",\"@id\":\"https:\/\/nghiepxuan.com\/fr\/#organization\",\"name\":\"Nghiep Xuan - Agricultural Import and Export\",\"url\":\"https:\/\/nghiepxuan.com\/fr\/\",\"logo\":{\"@type\":\"ImageObject\",\"inLanguage\":\"fr-FR\",\"@id\":\"https:\/\/nghiepxuan.com\/fr\/#\/schema\/logo\/image\/\",\"url\":\"https:\/\/nghiepxuan.com\/wp-content\/uploads\/2025\/04\/Nghiep-Xuan-Logo-4.png\",\"contentUrl\":\"https:\/\/nghiepxuan.com\/wp-content\/uploads\/2025\/04\/Nghiep-Xuan-Logo-4.png\",\"width\":4167,\"height\":1015,\"caption\":\"Nghiep Xuan - Agricultural Import and Export\"},\"image\":{\"@id\":\"https:\/\/nghiepxuan.com\/fr\/#\/schema\/logo\/image\/\"},\"sameAs\":[\"https:\/\/www.facebook.com\/nongsannghiepxuan\/\",\"https:\/\/x.com\/PhuTonBui\",\"https:\/\/www.instagram.com\/xuatnhapkhaunghiepxuan\/\",\"https:\/\/www.youtube.com\/@nongsannghiepxuan2066\",\"https:\/\/www.tiktok.com\/@nghiepxuan\"]}]}<\/script>\n<!-- \/ Yoast SEO plugin. -->","yoast_head_json":{"title":"Avocat surgel\u00e9 de qualit\u00e9 sup\u00e9rieure - fra\u00eechement surgel\u00e9 et pr\u00eat \u00e0 l'emploi - Nghiep Xuan - Importation et Exportation Agricole","robots":{"index":"index","follow":"follow","max-snippet":"max-snippet:-1","max-image-preview":"max-image-preview:large","max-video-preview":"max-video-preview:-1"},"canonical":"https:\/\/nghiepxuan.com\/fr\/product\/avocat-surgele-de-qualite-superieure-fraichement-surgele-et-pret-a-lemploi\/","og_locale":"fr_FR","og_type":"article","og_title":"Avocat surgel\u00e9 de qualit\u00e9 sup\u00e9rieure - fra\u00eechement surgel\u00e9 et pr\u00eat \u00e0 l'emploi - Nghiep Xuan - Importation et Exportation Agricole","og_description":"Avocat surgel\u00e9 de premi\u00e8re qualit\u00e9 fabriqu\u00e9 \u00e0 partir d'avocats Hass m\u00fbrs. Parfait pour les smoothies, le guacamole, les salades, etc. 100% naturel, sans additifs - pratique et pr\u00eat \u00e0 l'emploi.","og_url":"https:\/\/nghiepxuan.com\/fr\/product\/avocat-surgele-de-qualite-superieure-fraichement-surgele-et-pret-a-lemploi\/","og_site_name":"Nghiep Xuan - Importation et Exportation Agricole","article_publisher":"https:\/\/www.facebook.com\/nongsannghiepxuan\/","og_image":[{"width":741,"height":399,"url":"https:\/\/nghiepxuan.com\/wp-content\/uploads\/2025\/04\/Frozen-avocado-1-Nghiep-Xuan.png","type":"image\/png"}],"twitter_card":"summary_large_image","twitter_site":"@PhuTonBui","twitter_misc":{"Dur\u00e9e de lecture estim\u00e9e":"1 minute"},"schema":{"@context":"https:\/\/schema.org","@graph":[{"@type":"WebPage","@id":"https:\/\/nghiepxuan.com\/fr\/product\/avocat-surgele-de-qualite-superieure-fraichement-surgele-et-pret-a-lemploi\/","url":"https:\/\/nghiepxuan.com\/fr\/product\/avocat-surgele-de-qualite-superieure-fraichement-surgele-et-pret-a-lemploi\/","name":"Avocat surgel\u00e9 de qualit\u00e9 sup\u00e9rieure - fra\u00eechement surgel\u00e9 et pr\u00eat \u00e0 l'emploi - Nghiep Xuan - Importation et Exportation Agricole","isPartOf":{"@id":"https:\/\/nghiepxuan.com\/fr\/#website"},"primaryImageOfPage":{"@id":"https:\/\/nghiepxuan.com\/fr\/product\/avocat-surgele-de-qualite-superieure-fraichement-surgele-et-pret-a-lemploi\/#primaryimage"},"image":{"@id":"https:\/\/nghiepxuan.com\/fr\/product\/avocat-surgele-de-qualite-superieure-fraichement-surgele-et-pret-a-lemploi\/#primaryimage"},"thumbnailUrl":"https:\/\/nghiepxuan.com\/wp-content\/uploads\/2025\/04\/Frozen-avocado-1-Nghiep-Xuan.png","datePublished":"2025-04-12T01:27:50+00:00","breadcrumb":{"@id":"https:\/\/nghiepxuan.com\/fr\/product\/avocat-surgele-de-qualite-superieure-fraichement-surgele-et-pret-a-lemploi\/#breadcrumb"},"inLanguage":"fr-FR","potentialAction":[{"@type":"ReadAction","target":["https:\/\/nghiepxuan.com\/fr\/product\/avocat-surgele-de-qualite-superieure-fraichement-surgele-et-pret-a-lemploi\/"]}]},{"@type":"ImageObject","inLanguage":"fr-FR","@id":"https:\/\/nghiepxuan.com\/fr\/product\/avocat-surgele-de-qualite-superieure-fraichement-surgele-et-pret-a-lemploi\/#primaryimage","url":"https:\/\/nghiepxuan.com\/wp-content\/uploads\/2025\/04\/Frozen-avocado-1-Nghiep-Xuan.png","contentUrl":"https:\/\/nghiepxuan.com\/wp-content\/uploads\/2025\/04\/Frozen-avocado-1-Nghiep-Xuan.png","width":741,"height":399},{"@type":"BreadcrumbList","@id":"https:\/\/nghiepxuan.com\/fr\/product\/avocat-surgele-de-qualite-superieure-fraichement-surgele-et-pret-a-lemploi\/#breadcrumb","itemListElement":[{"@type":"ListItem","position":1,"name":"Home","item":"https:\/\/nghiepxuan.com\/fr\/"},{"@type":"ListItem","position":2,"name":"Boutique","item":"https:\/\/nghiepxuan.com\/fr\/shop\/"},{"@type":"ListItem","position":3,"name":"Avocat surgel\u00e9 de qualit\u00e9 sup\u00e9rieure &#8211; fra\u00eechement surgel\u00e9 et pr\u00eat \u00e0 l&#8217;emploi"}]},{"@type":"WebSite","@id":"https:\/\/nghiepxuan.com\/fr\/#website","url":"https:\/\/nghiepxuan.com\/fr\/","name":"Nghiep Xuan - Agricultural Import and Export","description":"Nourrir la nature, r\u00e9colter la sant\u00e9\u00a0: votre destination de mode de vie biologique","publisher":{"@id":"https:\/\/nghiepxuan.com\/fr\/#organization"},"potentialAction":[{"@type":"SearchAction","target":{"@type":"EntryPoint","urlTemplate":"https:\/\/nghiepxuan.com\/fr\/?s={search_term_string}"},"query-input":{"@type":"PropertyValueSpecification","valueRequired":true,"valueName":"search_term_string"}}],"inLanguage":"fr-FR"},{"@type":"Organization","@id":"https:\/\/nghiepxuan.com\/fr\/#organization","name":"Nghiep Xuan - Agricultural Import and Export","url":"https:\/\/nghiepxuan.com\/fr\/","logo":{"@type":"ImageObject","inLanguage":"fr-FR","@id":"https:\/\/nghiepxuan.com\/fr\/#\/schema\/logo\/image\/","url":"https:\/\/nghiepxuan.com\/wp-content\/uploads\/2025\/04\/Nghiep-Xuan-Logo-4.png","contentUrl":"https:\/\/nghiepxuan.com\/wp-content\/uploads\/2025\/04\/Nghiep-Xuan-Logo-4.png","width":4167,"height":1015,"caption":"Nghiep Xuan - Agricultural Import and Export"},"image":{"@id":"https:\/\/nghiepxuan.com\/fr\/#\/schema\/logo\/image\/"},"sameAs":["https:\/\/www.facebook.com\/nongsannghiepxuan\/","https:\/\/x.com\/PhuTonBui","https:\/\/www.instagram.com\/xuatnhapkhaunghiepxuan\/","https:\/\/www.youtube.com\/@nongsannghiepxuan2066","https:\/\/www.tiktok.com\/@nghiepxuan"]}]}},"_links":{"self":[{"href":"https:\/\/nghiepxuan.com\/fr\/wp-json\/wp\/v2\/product\/8565","targetHints":{"allow":["GET"]}}],"collection":[{"href":"https:\/\/nghiepxuan.com\/fr\/wp-json\/wp\/v2\/product"}],"about":[{"href":"https:\/\/nghiepxuan.com\/fr\/wp-json\/wp\/v2\/types\/product"}],"replies":[{"embeddable":true,"href":"https:\/\/nghiepxuan.com\/fr\/wp-json\/wp\/v2\/comments?post=8565"}],"version-history":[{"count":0,"href":"https:\/\/nghiepxuan.com\/fr\/wp-json\/wp\/v2\/product\/8565\/revisions"}],"wp:featuredmedia":[{"embeddable":true,"href":"https:\/\/nghiepxuan.com\/fr\/wp-json\/wp\/v2\/media\/8530"}],"wp:attachment":[{"href":"https:\/\/nghiepxuan.com\/fr\/wp-json\/wp\/v2\/media?parent=8565"}],"wp:term":[{"taxonomy":"product_brand","embeddable":true,"href":"https:\/\/nghiepxuan.com\/fr\/wp-json\/wp\/v2\/product_brand?post=8565"},{"taxonomy":"product_cat","embeddable":true,"href":"https:\/\/nghiepxuan.com\/fr\/wp-json\/wp\/v2\/product_cat?post=8565"},{"taxonomy":"product_tag","embeddable":true,"href":"https:\/\/nghiepxuan.com\/fr\/wp-json\/wp\/v2\/product_tag?post=8565"}],"curies":[{"name":"wp","href":"https:\/\/api.w.org\/{rel}","templated":true}]}}