{"id":8386,"date":"2025-04-07T07:58:35","date_gmt":"2025-04-07T07:58:35","guid":{"rendered":"https:\/\/nghiepxuan.com\/product\/fruits-de-la-passion-surgeles-frais-naturels-et-pratiques\/"},"modified":"2025-04-07T08:02:29","modified_gmt":"2025-04-07T08:02:29","slug":"fruits-de-la-passion-surgeles-frais-naturels-et-pratiques","status":"publish","type":"product","link":"https:\/\/nghiepxuan.com\/fr\/product\/fruits-de-la-passion-surgeles-frais-naturels-et-pratiques\/","title":{"rendered":"Fruits de la passion surgel\u00e9s &#8211; frais, naturels et pratiques"},"content":{"rendered":"<p class=\"\" data-start=\"179\" data-end=\"445\">D\u00e9couvrez la saveur vibrante et acidul\u00e9e du fruit de la passion surgel\u00e9 &#8211; un compl\u00e9ment rafra\u00eechissant et sain \u00e0 vos repas et boissons. Nos fruits de la passion surgel\u00e9s de qualit\u00e9 sup\u00e9rieure proviennent des meilleures exploitations agricoles, ce qui garantit que chaque fruit est m\u00fbr, juteux et riche en nutriments essentiels. <\/p>\n<p class=\"\" data-start=\"447\" data-end=\"464\"><strong data-start=\"447\" data-end=\"464\">Caract\u00e9ristiques principales :<\/strong><\/p>\n<ul data-start=\"465\" data-end=\"1042\">\n<li class=\"\" data-start=\"465\" data-end=\"588\">\n<p class=\"\" data-start=\"467\" data-end=\"588\"><strong data-start=\"467\" data-end=\"483\">100% naturel<\/strong>: Fabriqu\u00e9 \u00e0 partir de fruits de la passion cueillis \u00e0 la main et congel\u00e9s \u00e0 pleine maturit\u00e9 pour pr\u00e9server leur fra\u00eecheur et leurs nutriments.<\/p>\n<\/li>\n<li class=\"\" data-start=\"589\" data-end=\"714\">\n<p class=\"\" data-start=\"591\" data-end=\"714\"><strong data-start=\"591\" data-end=\"620\">Pratique et pr\u00eat \u00e0 l&#8217;emploi<\/strong>: Parfaites pour les smoothies, les desserts, les salades de fruits ou les cocktails. Pas besoin de les \u00e9plucher ou de les couper ! <\/p>\n<\/li>\n<li class=\"\" data-start=\"715\" data-end=\"835\">\n<p class=\"\" data-start=\"717\" data-end=\"835\"><strong data-start=\"717\" data-end=\"738\">Riche en nutriments<\/strong>: Le fruit de la passion est riche en vitamine C, en fibres et en antioxydants, ce qui lui conf\u00e8re de nombreux avantages pour la sant\u00e9.<\/p>\n<\/li>\n<li class=\"\" data-start=\"836\" data-end=\"932\">\n<p class=\"\" data-start=\"838\" data-end=\"932\"><strong data-start=\"838\" data-end=\"857\">Longue dur\u00e9e de conservation<\/strong>: Conservez-les dans votre cong\u00e9lateur et profitez des bienfaits tropicaux tout au long de l&#8217;ann\u00e9e.<\/p>\n<\/li>\n<li class=\"\" data-start=\"933\" data-end=\"1042\">\n<p class=\"\" data-start=\"935\" data-end=\"1042\"><strong data-start=\"935\" data-end=\"952\">Utilisation polyvalente<\/strong>: id\u00e9al pour la cuisson, la pr\u00e9paration de confitures ou l&#8217;ajout \u00e0 vos recettes pr\u00e9f\u00e9r\u00e9es pour une explosion de saveur.<\/p>\n<\/li>\n<\/ul>\n<p class=\"\" data-start=\"1044\" data-end=\"1415\"><strong data-start=\"1044\" data-end=\"1084\">Pourquoi choisir nos fruits de la passion surgel\u00e9s ?<\/strong>  Nos fruits de la passion surgel\u00e9s sont trait\u00e9s avec soin pour conserver leur go\u00fbt et leur texture naturels. C&#8217;est un excellent moyen de profiter de la saveur tropicale du fruit de la passion, m\u00eame en dehors de la saison. Que vous cherchiez \u00e0 am\u00e9liorer votre cuisine ou \u00e0 ajouter rapidement une boisson rafra\u00eechissante, notre fruit de la passion surgel\u00e9 est l&#8217;option qu&#8217;il vous faut.  <\/p>\n<p class=\"\" data-start=\"1417\" data-end=\"1740\">Parfait <strong data-start=\"1417\" data-end=\"1471\">pour les adeptes de la sant\u00e9 et les personnes tr\u00e8s occup\u00e9es<\/strong> Bourr\u00e9 d&#8217;antioxydants, de vitamines et de fibres, le fruit de la passion est id\u00e9al pour renforcer votre syst\u00e8me immunitaire, am\u00e9liorer votre digestion et garder votre peau en bonne sant\u00e9. C&#8217;est l&#8217;ingr\u00e9dient id\u00e9al pour ceux qui souhaitent ajouter des fruits \u00e0 leur alimentation sans avoir \u00e0 les pr\u00e9parer. <\/p>\n<p class=\"\" data-start=\"1742\" data-end=\"1839\">Commandez d\u00e8s aujourd&#8217;hui et d\u00e9couvrez la commodit\u00e9 des fruits de la passion surgel\u00e9s livr\u00e9s directement \u00e0 votre porte.<\/p>\n","protected":false},"excerpt":{"rendered":"<p>Savourez le go\u00fbt tropical du fruit de la passion congel\u00e9 100% naturel. Parfait pour les smoothies, les desserts et bien plus encore, il regorge de vitamines, d&#8217;antioxydants et de fibres. Pratique, pr\u00eat \u00e0 l&#8217;emploi, il est parfait pour toutes les recettes tout au long de l&#8217;ann\u00e9e.  <\/p>\n","protected":false},"featured_media":8332,"comment_status":"open","ping_status":"closed","template":"","meta":{"content-type":""},"product_brand":[],"product_cat":[419],"product_tag":[658,659,660],"class_list":{"0":"post-8386","1":"product","2":"type-product","3":"status-publish","4":"has-post-thumbnail","6":"product_cat-frozen-fr","7":"product_tag-fruits-de-la-passion-congeles","8":"product_tag-naturel","9":"product_tag-nutriments","11":"first","12":"instock","13":"sale","14":"shipping-taxable","15":"purchasable","16":"product-type-variable","17":"has-default-attributes"},"yoast_head":"<!-- This site is optimized with the Yoast SEO plugin v26.9 - https:\/\/yoast.com\/product\/yoast-seo-wordpress\/ -->\n<title>Fruits de la passion surgel\u00e9s - frais, naturels et pratiques - Nghiep Xuan - Importation et Exportation Agricole<\/title>\n<meta name=\"robots\" content=\"index, follow, max-snippet:-1, max-image-preview:large, max-video-preview:-1\" \/>\n<link rel=\"canonical\" href=\"https:\/\/nghiepxuan.com\/fr\/product\/fruits-de-la-passion-surgeles-frais-naturels-et-pratiques\/\" \/>\n<meta property=\"og:locale\" content=\"fr_FR\" \/>\n<meta property=\"og:type\" content=\"article\" \/>\n<meta property=\"og:title\" content=\"Fruits de la passion surgel\u00e9s - frais, naturels et pratiques - Nghiep Xuan - Importation et Exportation Agricole\" \/>\n<meta property=\"og:description\" content=\"Savourez le go\u00fbt tropical du fruit de la passion congel\u00e9 100% naturel. Parfait pour les smoothies, les desserts et bien plus encore, il regorge de vitamines, d&#039;antioxydants et de fibres. Pratique, pr\u00eat \u00e0 l&#039;emploi, il est parfait pour toutes les recettes tout au long de l&#039;ann\u00e9e.\" \/>\n<meta property=\"og:url\" content=\"https:\/\/nghiepxuan.com\/fr\/product\/fruits-de-la-passion-surgeles-frais-naturels-et-pratiques\/\" \/>\n<meta property=\"og:site_name\" content=\"Nghiep Xuan - Importation et Exportation Agricole\" \/>\n<meta property=\"article:publisher\" content=\"https:\/\/www.facebook.com\/nongsannghiepxuan\/\" \/>\n<meta property=\"article:modified_time\" content=\"2025-04-07T08:02:29+00:00\" \/>\n<meta property=\"og:image\" content=\"https:\/\/nghiepxuan.com\/wp-content\/uploads\/2025\/04\/Passion-Fruit-Frozen-Nghiep-Xuan.png\" \/>\n\t<meta property=\"og:image:width\" content=\"586\" \/>\n\t<meta property=\"og:image:height\" content=\"592\" \/>\n\t<meta property=\"og:image:type\" content=\"image\/png\" \/>\n<meta name=\"twitter:card\" content=\"summary_large_image\" \/>\n<meta name=\"twitter:site\" content=\"@PhuTonBui\" \/>\n<meta name=\"twitter:label1\" content=\"Dur\u00e9e de lecture estim\u00e9e\" \/>\n\t<meta name=\"twitter:data1\" content=\"2 minutes\" \/>\n<script type=\"application\/ld+json\" class=\"yoast-schema-graph\">{\"@context\":\"https:\/\/schema.org\",\"@graph\":[{\"@type\":\"WebPage\",\"@id\":\"https:\/\/nghiepxuan.com\/fr\/product\/fruits-de-la-passion-surgeles-frais-naturels-et-pratiques\/\",\"url\":\"https:\/\/nghiepxuan.com\/fr\/product\/fruits-de-la-passion-surgeles-frais-naturels-et-pratiques\/\",\"name\":\"Fruits de la passion surgel\u00e9s - frais, naturels et pratiques - Nghiep Xuan - Importation et Exportation Agricole\",\"isPartOf\":{\"@id\":\"https:\/\/nghiepxuan.com\/fr\/#website\"},\"primaryImageOfPage\":{\"@id\":\"https:\/\/nghiepxuan.com\/fr\/product\/fruits-de-la-passion-surgeles-frais-naturels-et-pratiques\/#primaryimage\"},\"image\":{\"@id\":\"https:\/\/nghiepxuan.com\/fr\/product\/fruits-de-la-passion-surgeles-frais-naturels-et-pratiques\/#primaryimage\"},\"thumbnailUrl\":\"https:\/\/nghiepxuan.com\/wp-content\/uploads\/2025\/04\/Passion-Fruit-Frozen-Nghiep-Xuan.png\",\"datePublished\":\"2025-04-07T07:58:35+00:00\",\"dateModified\":\"2025-04-07T08:02:29+00:00\",\"breadcrumb\":{\"@id\":\"https:\/\/nghiepxuan.com\/fr\/product\/fruits-de-la-passion-surgeles-frais-naturels-et-pratiques\/#breadcrumb\"},\"inLanguage\":\"fr-FR\",\"potentialAction\":[{\"@type\":\"ReadAction\",\"target\":[\"https:\/\/nghiepxuan.com\/fr\/product\/fruits-de-la-passion-surgeles-frais-naturels-et-pratiques\/\"]}]},{\"@type\":\"ImageObject\",\"inLanguage\":\"fr-FR\",\"@id\":\"https:\/\/nghiepxuan.com\/fr\/product\/fruits-de-la-passion-surgeles-frais-naturels-et-pratiques\/#primaryimage\",\"url\":\"https:\/\/nghiepxuan.com\/wp-content\/uploads\/2025\/04\/Passion-Fruit-Frozen-Nghiep-Xuan.png\",\"contentUrl\":\"https:\/\/nghiepxuan.com\/wp-content\/uploads\/2025\/04\/Passion-Fruit-Frozen-Nghiep-Xuan.png\",\"width\":586,\"height\":592},{\"@type\":\"BreadcrumbList\",\"@id\":\"https:\/\/nghiepxuan.com\/fr\/product\/fruits-de-la-passion-surgeles-frais-naturels-et-pratiques\/#breadcrumb\",\"itemListElement\":[{\"@type\":\"ListItem\",\"position\":1,\"name\":\"Home\",\"item\":\"https:\/\/nghiepxuan.com\/fr\/\"},{\"@type\":\"ListItem\",\"position\":2,\"name\":\"Boutique\",\"item\":\"https:\/\/nghiepxuan.com\/fr\/shop\/\"},{\"@type\":\"ListItem\",\"position\":3,\"name\":\"Fruits de la passion surgel\u00e9s &#8211; frais, naturels et pratiques\"}]},{\"@type\":\"WebSite\",\"@id\":\"https:\/\/nghiepxuan.com\/fr\/#website\",\"url\":\"https:\/\/nghiepxuan.com\/fr\/\",\"name\":\"Nghiep Xuan - Agricultural Import and Export\",\"description\":\"Nourrir la nature, r\u00e9colter la sant\u00e9\u00a0: votre destination de mode de vie biologique\",\"publisher\":{\"@id\":\"https:\/\/nghiepxuan.com\/fr\/#organization\"},\"potentialAction\":[{\"@type\":\"SearchAction\",\"target\":{\"@type\":\"EntryPoint\",\"urlTemplate\":\"https:\/\/nghiepxuan.com\/fr\/?s={search_term_string}\"},\"query-input\":{\"@type\":\"PropertyValueSpecification\",\"valueRequired\":true,\"valueName\":\"search_term_string\"}}],\"inLanguage\":\"fr-FR\"},{\"@type\":\"Organization\",\"@id\":\"https:\/\/nghiepxuan.com\/fr\/#organization\",\"name\":\"Nghiep Xuan - Agricultural Import and Export\",\"url\":\"https:\/\/nghiepxuan.com\/fr\/\",\"logo\":{\"@type\":\"ImageObject\",\"inLanguage\":\"fr-FR\",\"@id\":\"https:\/\/nghiepxuan.com\/fr\/#\/schema\/logo\/image\/\",\"url\":\"https:\/\/nghiepxuan.com\/wp-content\/uploads\/2025\/04\/Nghiep-Xuan-Logo-4.png\",\"contentUrl\":\"https:\/\/nghiepxuan.com\/wp-content\/uploads\/2025\/04\/Nghiep-Xuan-Logo-4.png\",\"width\":4167,\"height\":1015,\"caption\":\"Nghiep Xuan - Agricultural Import and Export\"},\"image\":{\"@id\":\"https:\/\/nghiepxuan.com\/fr\/#\/schema\/logo\/image\/\"},\"sameAs\":[\"https:\/\/www.facebook.com\/nongsannghiepxuan\/\",\"https:\/\/x.com\/PhuTonBui\",\"https:\/\/www.instagram.com\/xuatnhapkhaunghiepxuan\/\",\"https:\/\/www.youtube.com\/@nongsannghiepxuan2066\",\"https:\/\/www.tiktok.com\/@nghiepxuan\"]}]}<\/script>\n<!-- \/ Yoast SEO plugin. -->","yoast_head_json":{"title":"Fruits de la passion surgel\u00e9s - frais, naturels et pratiques - Nghiep Xuan - Importation et Exportation Agricole","robots":{"index":"index","follow":"follow","max-snippet":"max-snippet:-1","max-image-preview":"max-image-preview:large","max-video-preview":"max-video-preview:-1"},"canonical":"https:\/\/nghiepxuan.com\/fr\/product\/fruits-de-la-passion-surgeles-frais-naturels-et-pratiques\/","og_locale":"fr_FR","og_type":"article","og_title":"Fruits de la passion surgel\u00e9s - frais, naturels et pratiques - Nghiep Xuan - Importation et Exportation Agricole","og_description":"Savourez le go\u00fbt tropical du fruit de la passion congel\u00e9 100% naturel. Parfait pour les smoothies, les desserts et bien plus encore, il regorge de vitamines, d'antioxydants et de fibres. Pratique, pr\u00eat \u00e0 l'emploi, il est parfait pour toutes les recettes tout au long de l'ann\u00e9e.","og_url":"https:\/\/nghiepxuan.com\/fr\/product\/fruits-de-la-passion-surgeles-frais-naturels-et-pratiques\/","og_site_name":"Nghiep Xuan - Importation et Exportation Agricole","article_publisher":"https:\/\/www.facebook.com\/nongsannghiepxuan\/","article_modified_time":"2025-04-07T08:02:29+00:00","og_image":[{"width":586,"height":592,"url":"https:\/\/nghiepxuan.com\/wp-content\/uploads\/2025\/04\/Passion-Fruit-Frozen-Nghiep-Xuan.png","type":"image\/png"}],"twitter_card":"summary_large_image","twitter_site":"@PhuTonBui","twitter_misc":{"Dur\u00e9e de lecture estim\u00e9e":"2 minutes"},"schema":{"@context":"https:\/\/schema.org","@graph":[{"@type":"WebPage","@id":"https:\/\/nghiepxuan.com\/fr\/product\/fruits-de-la-passion-surgeles-frais-naturels-et-pratiques\/","url":"https:\/\/nghiepxuan.com\/fr\/product\/fruits-de-la-passion-surgeles-frais-naturels-et-pratiques\/","name":"Fruits de la passion surgel\u00e9s - frais, naturels et pratiques - Nghiep Xuan - Importation et Exportation Agricole","isPartOf":{"@id":"https:\/\/nghiepxuan.com\/fr\/#website"},"primaryImageOfPage":{"@id":"https:\/\/nghiepxuan.com\/fr\/product\/fruits-de-la-passion-surgeles-frais-naturels-et-pratiques\/#primaryimage"},"image":{"@id":"https:\/\/nghiepxuan.com\/fr\/product\/fruits-de-la-passion-surgeles-frais-naturels-et-pratiques\/#primaryimage"},"thumbnailUrl":"https:\/\/nghiepxuan.com\/wp-content\/uploads\/2025\/04\/Passion-Fruit-Frozen-Nghiep-Xuan.png","datePublished":"2025-04-07T07:58:35+00:00","dateModified":"2025-04-07T08:02:29+00:00","breadcrumb":{"@id":"https:\/\/nghiepxuan.com\/fr\/product\/fruits-de-la-passion-surgeles-frais-naturels-et-pratiques\/#breadcrumb"},"inLanguage":"fr-FR","potentialAction":[{"@type":"ReadAction","target":["https:\/\/nghiepxuan.com\/fr\/product\/fruits-de-la-passion-surgeles-frais-naturels-et-pratiques\/"]}]},{"@type":"ImageObject","inLanguage":"fr-FR","@id":"https:\/\/nghiepxuan.com\/fr\/product\/fruits-de-la-passion-surgeles-frais-naturels-et-pratiques\/#primaryimage","url":"https:\/\/nghiepxuan.com\/wp-content\/uploads\/2025\/04\/Passion-Fruit-Frozen-Nghiep-Xuan.png","contentUrl":"https:\/\/nghiepxuan.com\/wp-content\/uploads\/2025\/04\/Passion-Fruit-Frozen-Nghiep-Xuan.png","width":586,"height":592},{"@type":"BreadcrumbList","@id":"https:\/\/nghiepxuan.com\/fr\/product\/fruits-de-la-passion-surgeles-frais-naturels-et-pratiques\/#breadcrumb","itemListElement":[{"@type":"ListItem","position":1,"name":"Home","item":"https:\/\/nghiepxuan.com\/fr\/"},{"@type":"ListItem","position":2,"name":"Boutique","item":"https:\/\/nghiepxuan.com\/fr\/shop\/"},{"@type":"ListItem","position":3,"name":"Fruits de la passion surgel\u00e9s &#8211; frais, naturels et pratiques"}]},{"@type":"WebSite","@id":"https:\/\/nghiepxuan.com\/fr\/#website","url":"https:\/\/nghiepxuan.com\/fr\/","name":"Nghiep Xuan - Agricultural Import and Export","description":"Nourrir la nature, r\u00e9colter la sant\u00e9\u00a0: votre destination de mode de vie biologique","publisher":{"@id":"https:\/\/nghiepxuan.com\/fr\/#organization"},"potentialAction":[{"@type":"SearchAction","target":{"@type":"EntryPoint","urlTemplate":"https:\/\/nghiepxuan.com\/fr\/?s={search_term_string}"},"query-input":{"@type":"PropertyValueSpecification","valueRequired":true,"valueName":"search_term_string"}}],"inLanguage":"fr-FR"},{"@type":"Organization","@id":"https:\/\/nghiepxuan.com\/fr\/#organization","name":"Nghiep Xuan - Agricultural Import and Export","url":"https:\/\/nghiepxuan.com\/fr\/","logo":{"@type":"ImageObject","inLanguage":"fr-FR","@id":"https:\/\/nghiepxuan.com\/fr\/#\/schema\/logo\/image\/","url":"https:\/\/nghiepxuan.com\/wp-content\/uploads\/2025\/04\/Nghiep-Xuan-Logo-4.png","contentUrl":"https:\/\/nghiepxuan.com\/wp-content\/uploads\/2025\/04\/Nghiep-Xuan-Logo-4.png","width":4167,"height":1015,"caption":"Nghiep Xuan - Agricultural Import and Export"},"image":{"@id":"https:\/\/nghiepxuan.com\/fr\/#\/schema\/logo\/image\/"},"sameAs":["https:\/\/www.facebook.com\/nongsannghiepxuan\/","https:\/\/x.com\/PhuTonBui","https:\/\/www.instagram.com\/xuatnhapkhaunghiepxuan\/","https:\/\/www.youtube.com\/@nongsannghiepxuan2066","https:\/\/www.tiktok.com\/@nghiepxuan"]}]}},"_links":{"self":[{"href":"https:\/\/nghiepxuan.com\/fr\/wp-json\/wp\/v2\/product\/8386","targetHints":{"allow":["GET"]}}],"collection":[{"href":"https:\/\/nghiepxuan.com\/fr\/wp-json\/wp\/v2\/product"}],"about":[{"href":"https:\/\/nghiepxuan.com\/fr\/wp-json\/wp\/v2\/types\/product"}],"replies":[{"embeddable":true,"href":"https:\/\/nghiepxuan.com\/fr\/wp-json\/wp\/v2\/comments?post=8386"}],"version-history":[{"count":1,"href":"https:\/\/nghiepxuan.com\/fr\/wp-json\/wp\/v2\/product\/8386\/revisions"}],"predecessor-version":[{"id":8403,"href":"https:\/\/nghiepxuan.com\/fr\/wp-json\/wp\/v2\/product\/8386\/revisions\/8403"}],"wp:featuredmedia":[{"embeddable":true,"href":"https:\/\/nghiepxuan.com\/fr\/wp-json\/wp\/v2\/media\/8332"}],"wp:attachment":[{"href":"https:\/\/nghiepxuan.com\/fr\/wp-json\/wp\/v2\/media?parent=8386"}],"wp:term":[{"taxonomy":"product_brand","embeddable":true,"href":"https:\/\/nghiepxuan.com\/fr\/wp-json\/wp\/v2\/product_brand?post=8386"},{"taxonomy":"product_cat","embeddable":true,"href":"https:\/\/nghiepxuan.com\/fr\/wp-json\/wp\/v2\/product_cat?post=8386"},{"taxonomy":"product_tag","embeddable":true,"href":"https:\/\/nghiepxuan.com\/fr\/wp-json\/wp\/v2\/product_tag?post=8386"}],"curies":[{"name":"wp","href":"https:\/\/api.w.org\/{rel}","templated":true}]}}