{"id":7604,"date":"2025-04-06T01:29:25","date_gmt":"2025-04-06T01:29:25","guid":{"rendered":"https:\/\/nghiepxuan.com\/?post_type=product&#038;p=7604"},"modified":"2025-04-06T01:39:16","modified_gmt":"2025-04-06T01:39:16","slug":"savourez-lelegance-subtile-du-cafe-arabica-copy","status":"publish","type":"product","link":"https:\/\/nghiepxuan.com\/fr\/product\/savourez-lelegance-subtile-du-cafe-arabica-copy\/","title":{"rendered":"Caf\u00e9 Robusta fort pour les amateurs d&#8217;espresso"},"content":{"rendered":"<p>Dans notre caf\u00e9, nous sommes fiers de vous servir les meilleurs grains de caf\u00e9 Robusta, soigneusement s\u00e9lectionn\u00e9s dans les plantations de caf\u00e9 luxuriantes. Le caf\u00e9 Robusta est r\u00e9put\u00e9 pour son go\u00fbt prononc\u00e9, caract\u00e9ris\u00e9 par une saveur profonde et terreuse et un soup\u00e7on de douceur de noix. Avec une teneur en caf\u00e9ine plus \u00e9lev\u00e9e que son homologue, l&#8217;Arabica, le caf\u00e9 Robusta offre une exp\u00e9rience robuste et revigorante que les amateurs de caf\u00e9 recherchent.  <\/p>\n<p>Nos baristas qualifi\u00e9s pr\u00e9parent m\u00e9ticuleusement chaque tasse, pour que vous puissiez profiter de la richesse du corps et de la saveur particuli\u00e8re du caf\u00e9 Robusta. Que vous pr\u00e9f\u00e9riez un espresso classique, un cappuccino cr\u00e9meux ou une infusion froide onctueuse, notre carte propose une vari\u00e9t\u00e9 de boissons \u00e0 base de Robusta pour r\u00e9pondre \u00e0 vos pr\u00e9f\u00e9rences. <\/p>\n<p>Non seulement le caf\u00e9 Robusta ravit vos papilles gustatives, mais il offre \u00e9galement un regain d&#8217;\u00e9nergie satisfaisant, ce qui en fait le choix id\u00e9al pour votre petit remontant du matin ou pour une g\u00e2terie de l&#8217;apr\u00e8s-midi. En outre, le caf\u00e9 Robusta est connu pour sa crema, l&#8217;\u00e9paisse couche de mousse dor\u00e9e qui couronne votre espresso, ajoutant un plaisir visuel \u00e0 votre exp\u00e9rience du caf\u00e9. <\/p>\n<p>Entrez dans notre caf\u00e9 et embarquez pour un voyage de saveurs et d&#8217;ar\u00f4mes avec nos offres exceptionnelles de caf\u00e9 Robusta. Notre ambiance chaleureuse et notre personnel amical cr\u00e9ent l&#8217;atmosph\u00e8re id\u00e9ale pour vous d\u00e9tendre, vous relaxer et savourer chaque gorg\u00e9e. Que vous soyez un connaisseur ou un amateur occasionnel de caf\u00e9, notre caf\u00e9 Robusta vous donnera envie d&#8217;en reprendre.<\/p>\n","protected":false},"excerpt":{"rendered":"<p>Laissez-vous s\u00e9duire par l&#8217;allure audacieuse du caf\u00e9 Robusta dans notre Coffee. Provenant des meilleures plantations, notre caf\u00e9 Robusta offre une saveur puissante et terreuse avec un soup\u00e7on de noisette, cr\u00e9ant ainsi une exp\u00e9rience de caf\u00e9 vraiment unique. Que vous les pr\u00e9f\u00e9riez sous forme d&#8217;espresso cors\u00e9, de caf\u00e9 au lait velout\u00e9 ou d&#8217;infusion froide rafra\u00eechissante, nos cr\u00e9ations \u00e0 base de robusta vous promettent un go\u00fbt intense et satisfaisant qui reste en bouche. Nos offres exceptionnelles de Robusta, o\u00f9 chaque tasse raconte une histoire de passion et de perfection, rehaussent les moments que vous passez autour d&#8217;un caf\u00e9.<\/p>\n","protected":false},"featured_media":4524,"comment_status":"open","ping_status":"closed","template":"","meta":{"content-type":""},"product_brand":[],"product_cat":[145],"product_tag":[561],"class_list":{"0":"post-7604","1":"product","2":"type-product","3":"status-publish","4":"has-post-thumbnail","6":"product_cat-cafe-cashew-apples-pepper-fr","7":"product_tag-cafe-fr","9":"first","10":"instock","11":"sale","12":"shipping-taxable","13":"purchasable","14":"product-type-variable","15":"has-default-attributes"},"yoast_head":"<!-- This site is optimized with the Yoast SEO plugin v26.9 - https:\/\/yoast.com\/product\/yoast-seo-wordpress\/ -->\n<title>Caf\u00e9 Robusta fort pour les amateurs d&#039;espresso - Nghiep Xuan - Importation et Exportation Agricole<\/title>\n<meta name=\"robots\" content=\"index, follow, max-snippet:-1, max-image-preview:large, max-video-preview:-1\" \/>\n<link rel=\"canonical\" href=\"https:\/\/nghiepxuan.com\/fr\/product\/savourez-lelegance-subtile-du-cafe-arabica-copy\/\" \/>\n<meta property=\"og:locale\" content=\"fr_FR\" \/>\n<meta property=\"og:type\" content=\"article\" \/>\n<meta property=\"og:title\" content=\"Caf\u00e9 Robusta fort pour les amateurs d&#039;espresso - Nghiep Xuan - Importation et Exportation Agricole\" \/>\n<meta property=\"og:description\" content=\"Laissez-vous s\u00e9duire par l&#039;allure audacieuse du caf\u00e9 Robusta dans notre Coffee. Provenant des meilleures plantations, notre caf\u00e9 Robusta offre une saveur puissante et terreuse avec un soup\u00e7on de noisette, cr\u00e9ant ainsi une exp\u00e9rience de caf\u00e9 vraiment unique. Que vous les pr\u00e9f\u00e9riez sous forme d&#039;espresso cors\u00e9, de caf\u00e9 au lait velout\u00e9 ou d&#039;infusion froide rafra\u00eechissante, nos cr\u00e9ations \u00e0 base de robusta vous promettent un go\u00fbt intense et satisfaisant qui reste en bouche. Nos offres exceptionnelles de Robusta, o\u00f9 chaque tasse raconte une histoire de passion et de perfection, rehaussent les moments que vous passez autour d&#039;un caf\u00e9.\" \/>\n<meta property=\"og:url\" content=\"https:\/\/nghiepxuan.com\/fr\/product\/savourez-lelegance-subtile-du-cafe-arabica-copy\/\" \/>\n<meta property=\"og:site_name\" content=\"Nghiep Xuan - Importation et Exportation Agricole\" \/>\n<meta property=\"article:publisher\" content=\"https:\/\/www.facebook.com\/nongsannghiepxuan\/\" \/>\n<meta property=\"article:modified_time\" content=\"2025-04-06T01:39:16+00:00\" \/>\n<meta property=\"og:image\" content=\"https:\/\/nghiepxuan.com\/wp-content\/uploads\/2023\/10\/Asset-4-100.jpg\" \/>\n\t<meta property=\"og:image:width\" content=\"900\" \/>\n\t<meta property=\"og:image:height\" content=\"500\" \/>\n\t<meta property=\"og:image:type\" content=\"image\/jpeg\" \/>\n<meta name=\"twitter:card\" content=\"summary_large_image\" \/>\n<meta name=\"twitter:site\" content=\"@PhuTonBui\" \/>\n<meta name=\"twitter:label1\" content=\"Dur\u00e9e de lecture estim\u00e9e\" \/>\n\t<meta name=\"twitter:data1\" content=\"1 minute\" \/>\n<script type=\"application\/ld+json\" class=\"yoast-schema-graph\">{\"@context\":\"https:\/\/schema.org\",\"@graph\":[{\"@type\":\"WebPage\",\"@id\":\"https:\/\/nghiepxuan.com\/fr\/product\/savourez-lelegance-subtile-du-cafe-arabica-copy\/\",\"url\":\"https:\/\/nghiepxuan.com\/fr\/product\/savourez-lelegance-subtile-du-cafe-arabica-copy\/\",\"name\":\"Caf\u00e9 Robusta fort pour les amateurs d'espresso - Nghiep Xuan - Importation et Exportation Agricole\",\"isPartOf\":{\"@id\":\"https:\/\/nghiepxuan.com\/fr\/#website\"},\"primaryImageOfPage\":{\"@id\":\"https:\/\/nghiepxuan.com\/fr\/product\/savourez-lelegance-subtile-du-cafe-arabica-copy\/#primaryimage\"},\"image\":{\"@id\":\"https:\/\/nghiepxuan.com\/fr\/product\/savourez-lelegance-subtile-du-cafe-arabica-copy\/#primaryimage\"},\"thumbnailUrl\":\"https:\/\/nghiepxuan.com\/wp-content\/uploads\/2023\/10\/Asset-4-100.jpg\",\"datePublished\":\"2025-04-06T01:29:25+00:00\",\"dateModified\":\"2025-04-06T01:39:16+00:00\",\"breadcrumb\":{\"@id\":\"https:\/\/nghiepxuan.com\/fr\/product\/savourez-lelegance-subtile-du-cafe-arabica-copy\/#breadcrumb\"},\"inLanguage\":\"fr-FR\",\"potentialAction\":[{\"@type\":\"ReadAction\",\"target\":[\"https:\/\/nghiepxuan.com\/fr\/product\/savourez-lelegance-subtile-du-cafe-arabica-copy\/\"]}]},{\"@type\":\"ImageObject\",\"inLanguage\":\"fr-FR\",\"@id\":\"https:\/\/nghiepxuan.com\/fr\/product\/savourez-lelegance-subtile-du-cafe-arabica-copy\/#primaryimage\",\"url\":\"https:\/\/nghiepxuan.com\/wp-content\/uploads\/2023\/10\/Asset-4-100.jpg\",\"contentUrl\":\"https:\/\/nghiepxuan.com\/wp-content\/uploads\/2023\/10\/Asset-4-100.jpg\",\"width\":900,\"height\":500,\"caption\":\"Bold, Rich, and Absolutely Irresistible. Elevate your coffee experience with our Cafe Robusta \u2013 where every sip is a journey into intense flavors and unparalleled freshness. \u2615\ufe0f\u2728 #RobustaPerfection #CoffeeLoversDream\"},{\"@type\":\"BreadcrumbList\",\"@id\":\"https:\/\/nghiepxuan.com\/fr\/product\/savourez-lelegance-subtile-du-cafe-arabica-copy\/#breadcrumb\",\"itemListElement\":[{\"@type\":\"ListItem\",\"position\":1,\"name\":\"Home\",\"item\":\"https:\/\/nghiepxuan.com\/fr\/\"},{\"@type\":\"ListItem\",\"position\":2,\"name\":\"Boutique\",\"item\":\"https:\/\/nghiepxuan.com\/fr\/shop\/\"},{\"@type\":\"ListItem\",\"position\":3,\"name\":\"Caf\u00e9 Robusta fort pour les amateurs d&#8217;espresso\"}]},{\"@type\":\"WebSite\",\"@id\":\"https:\/\/nghiepxuan.com\/fr\/#website\",\"url\":\"https:\/\/nghiepxuan.com\/fr\/\",\"name\":\"Nghiep Xuan - Agricultural Import and Export\",\"description\":\"Nourrir la nature, r\u00e9colter la sant\u00e9\u00a0: votre destination de mode de vie biologique\",\"publisher\":{\"@id\":\"https:\/\/nghiepxuan.com\/fr\/#organization\"},\"potentialAction\":[{\"@type\":\"SearchAction\",\"target\":{\"@type\":\"EntryPoint\",\"urlTemplate\":\"https:\/\/nghiepxuan.com\/fr\/?s={search_term_string}\"},\"query-input\":{\"@type\":\"PropertyValueSpecification\",\"valueRequired\":true,\"valueName\":\"search_term_string\"}}],\"inLanguage\":\"fr-FR\"},{\"@type\":\"Organization\",\"@id\":\"https:\/\/nghiepxuan.com\/fr\/#organization\",\"name\":\"Nghiep Xuan - Agricultural Import and Export\",\"url\":\"https:\/\/nghiepxuan.com\/fr\/\",\"logo\":{\"@type\":\"ImageObject\",\"inLanguage\":\"fr-FR\",\"@id\":\"https:\/\/nghiepxuan.com\/fr\/#\/schema\/logo\/image\/\",\"url\":\"https:\/\/nghiepxuan.com\/wp-content\/uploads\/2025\/04\/Nghiep-Xuan-Logo-4.png\",\"contentUrl\":\"https:\/\/nghiepxuan.com\/wp-content\/uploads\/2025\/04\/Nghiep-Xuan-Logo-4.png\",\"width\":4167,\"height\":1015,\"caption\":\"Nghiep Xuan - Agricultural Import and Export\"},\"image\":{\"@id\":\"https:\/\/nghiepxuan.com\/fr\/#\/schema\/logo\/image\/\"},\"sameAs\":[\"https:\/\/www.facebook.com\/nongsannghiepxuan\/\",\"https:\/\/x.com\/PhuTonBui\",\"https:\/\/www.instagram.com\/xuatnhapkhaunghiepxuan\/\",\"https:\/\/www.youtube.com\/@nongsannghiepxuan2066\",\"https:\/\/www.tiktok.com\/@nghiepxuan\"]}]}<\/script>\n<!-- \/ Yoast SEO plugin. -->","yoast_head_json":{"title":"Caf\u00e9 Robusta fort pour les amateurs d'espresso - Nghiep Xuan - Importation et Exportation Agricole","robots":{"index":"index","follow":"follow","max-snippet":"max-snippet:-1","max-image-preview":"max-image-preview:large","max-video-preview":"max-video-preview:-1"},"canonical":"https:\/\/nghiepxuan.com\/fr\/product\/savourez-lelegance-subtile-du-cafe-arabica-copy\/","og_locale":"fr_FR","og_type":"article","og_title":"Caf\u00e9 Robusta fort pour les amateurs d'espresso - Nghiep Xuan - Importation et Exportation Agricole","og_description":"Laissez-vous s\u00e9duire par l'allure audacieuse du caf\u00e9 Robusta dans notre Coffee. Provenant des meilleures plantations, notre caf\u00e9 Robusta offre une saveur puissante et terreuse avec un soup\u00e7on de noisette, cr\u00e9ant ainsi une exp\u00e9rience de caf\u00e9 vraiment unique. Que vous les pr\u00e9f\u00e9riez sous forme d'espresso cors\u00e9, de caf\u00e9 au lait velout\u00e9 ou d'infusion froide rafra\u00eechissante, nos cr\u00e9ations \u00e0 base de robusta vous promettent un go\u00fbt intense et satisfaisant qui reste en bouche. Nos offres exceptionnelles de Robusta, o\u00f9 chaque tasse raconte une histoire de passion et de perfection, rehaussent les moments que vous passez autour d'un caf\u00e9.","og_url":"https:\/\/nghiepxuan.com\/fr\/product\/savourez-lelegance-subtile-du-cafe-arabica-copy\/","og_site_name":"Nghiep Xuan - Importation et Exportation Agricole","article_publisher":"https:\/\/www.facebook.com\/nongsannghiepxuan\/","article_modified_time":"2025-04-06T01:39:16+00:00","og_image":[{"width":900,"height":500,"url":"https:\/\/nghiepxuan.com\/wp-content\/uploads\/2023\/10\/Asset-4-100.jpg","type":"image\/jpeg"}],"twitter_card":"summary_large_image","twitter_site":"@PhuTonBui","twitter_misc":{"Dur\u00e9e de lecture estim\u00e9e":"1 minute"},"schema":{"@context":"https:\/\/schema.org","@graph":[{"@type":"WebPage","@id":"https:\/\/nghiepxuan.com\/fr\/product\/savourez-lelegance-subtile-du-cafe-arabica-copy\/","url":"https:\/\/nghiepxuan.com\/fr\/product\/savourez-lelegance-subtile-du-cafe-arabica-copy\/","name":"Caf\u00e9 Robusta fort pour les amateurs d'espresso - Nghiep Xuan - Importation et Exportation Agricole","isPartOf":{"@id":"https:\/\/nghiepxuan.com\/fr\/#website"},"primaryImageOfPage":{"@id":"https:\/\/nghiepxuan.com\/fr\/product\/savourez-lelegance-subtile-du-cafe-arabica-copy\/#primaryimage"},"image":{"@id":"https:\/\/nghiepxuan.com\/fr\/product\/savourez-lelegance-subtile-du-cafe-arabica-copy\/#primaryimage"},"thumbnailUrl":"https:\/\/nghiepxuan.com\/wp-content\/uploads\/2023\/10\/Asset-4-100.jpg","datePublished":"2025-04-06T01:29:25+00:00","dateModified":"2025-04-06T01:39:16+00:00","breadcrumb":{"@id":"https:\/\/nghiepxuan.com\/fr\/product\/savourez-lelegance-subtile-du-cafe-arabica-copy\/#breadcrumb"},"inLanguage":"fr-FR","potentialAction":[{"@type":"ReadAction","target":["https:\/\/nghiepxuan.com\/fr\/product\/savourez-lelegance-subtile-du-cafe-arabica-copy\/"]}]},{"@type":"ImageObject","inLanguage":"fr-FR","@id":"https:\/\/nghiepxuan.com\/fr\/product\/savourez-lelegance-subtile-du-cafe-arabica-copy\/#primaryimage","url":"https:\/\/nghiepxuan.com\/wp-content\/uploads\/2023\/10\/Asset-4-100.jpg","contentUrl":"https:\/\/nghiepxuan.com\/wp-content\/uploads\/2023\/10\/Asset-4-100.jpg","width":900,"height":500,"caption":"Bold, Rich, and Absolutely Irresistible. Elevate your coffee experience with our Cafe Robusta \u2013 where every sip is a journey into intense flavors and unparalleled freshness. \u2615\ufe0f\u2728 #RobustaPerfection #CoffeeLoversDream"},{"@type":"BreadcrumbList","@id":"https:\/\/nghiepxuan.com\/fr\/product\/savourez-lelegance-subtile-du-cafe-arabica-copy\/#breadcrumb","itemListElement":[{"@type":"ListItem","position":1,"name":"Home","item":"https:\/\/nghiepxuan.com\/fr\/"},{"@type":"ListItem","position":2,"name":"Boutique","item":"https:\/\/nghiepxuan.com\/fr\/shop\/"},{"@type":"ListItem","position":3,"name":"Caf\u00e9 Robusta fort pour les amateurs d&#8217;espresso"}]},{"@type":"WebSite","@id":"https:\/\/nghiepxuan.com\/fr\/#website","url":"https:\/\/nghiepxuan.com\/fr\/","name":"Nghiep Xuan - Agricultural Import and Export","description":"Nourrir la nature, r\u00e9colter la sant\u00e9\u00a0: votre destination de mode de vie biologique","publisher":{"@id":"https:\/\/nghiepxuan.com\/fr\/#organization"},"potentialAction":[{"@type":"SearchAction","target":{"@type":"EntryPoint","urlTemplate":"https:\/\/nghiepxuan.com\/fr\/?s={search_term_string}"},"query-input":{"@type":"PropertyValueSpecification","valueRequired":true,"valueName":"search_term_string"}}],"inLanguage":"fr-FR"},{"@type":"Organization","@id":"https:\/\/nghiepxuan.com\/fr\/#organization","name":"Nghiep Xuan - Agricultural Import and Export","url":"https:\/\/nghiepxuan.com\/fr\/","logo":{"@type":"ImageObject","inLanguage":"fr-FR","@id":"https:\/\/nghiepxuan.com\/fr\/#\/schema\/logo\/image\/","url":"https:\/\/nghiepxuan.com\/wp-content\/uploads\/2025\/04\/Nghiep-Xuan-Logo-4.png","contentUrl":"https:\/\/nghiepxuan.com\/wp-content\/uploads\/2025\/04\/Nghiep-Xuan-Logo-4.png","width":4167,"height":1015,"caption":"Nghiep Xuan - Agricultural Import and Export"},"image":{"@id":"https:\/\/nghiepxuan.com\/fr\/#\/schema\/logo\/image\/"},"sameAs":["https:\/\/www.facebook.com\/nongsannghiepxuan\/","https:\/\/x.com\/PhuTonBui","https:\/\/www.instagram.com\/xuatnhapkhaunghiepxuan\/","https:\/\/www.youtube.com\/@nongsannghiepxuan2066","https:\/\/www.tiktok.com\/@nghiepxuan"]}]}},"_links":{"self":[{"href":"https:\/\/nghiepxuan.com\/fr\/wp-json\/wp\/v2\/product\/7604","targetHints":{"allow":["GET"]}}],"collection":[{"href":"https:\/\/nghiepxuan.com\/fr\/wp-json\/wp\/v2\/product"}],"about":[{"href":"https:\/\/nghiepxuan.com\/fr\/wp-json\/wp\/v2\/types\/product"}],"replies":[{"embeddable":true,"href":"https:\/\/nghiepxuan.com\/fr\/wp-json\/wp\/v2\/comments?post=7604"}],"version-history":[{"count":2,"href":"https:\/\/nghiepxuan.com\/fr\/wp-json\/wp\/v2\/product\/7604\/revisions"}],"predecessor-version":[{"id":7656,"href":"https:\/\/nghiepxuan.com\/fr\/wp-json\/wp\/v2\/product\/7604\/revisions\/7656"}],"wp:featuredmedia":[{"embeddable":true,"href":"https:\/\/nghiepxuan.com\/fr\/wp-json\/wp\/v2\/media\/4524"}],"wp:attachment":[{"href":"https:\/\/nghiepxuan.com\/fr\/wp-json\/wp\/v2\/media?parent=7604"}],"wp:term":[{"taxonomy":"product_brand","embeddable":true,"href":"https:\/\/nghiepxuan.com\/fr\/wp-json\/wp\/v2\/product_brand?post=7604"},{"taxonomy":"product_cat","embeddable":true,"href":"https:\/\/nghiepxuan.com\/fr\/wp-json\/wp\/v2\/product_cat?post=7604"},{"taxonomy":"product_tag","embeddable":true,"href":"https:\/\/nghiepxuan.com\/fr\/wp-json\/wp\/v2\/product_tag?post=7604"}],"curies":[{"name":"wp","href":"https:\/\/api.w.org\/{rel}","templated":true}]}}