{"id":5033,"date":"2025-04-12T02:59:21","date_gmt":"2025-04-12T02:59:21","guid":{"rendered":"https:\/\/nxg.asia\/?post_type=product&#038;p=5033"},"modified":"2025-03-29T10:00:46","modified_gmt":"2025-03-29T10:00:46","slug":"delicieux-durian-entier-surgele-un-gout-de-perfection-exotique","status":"publish","type":"product","link":"https:\/\/nghiepxuan.com\/fr\/product\/delicieux-durian-entier-surgele-un-gout-de-perfection-exotique\/","title":{"rendered":"D\u00e9licieux durian entier surgel\u00e9 : Un go\u00fbt de perfection exotique"},"content":{"rendered":"<p>Le durian est un fruit tropical originaire d&#8217;Asie du Sud-Est, connu sous le nom de &#8220;roi des fruits&#8221;. Bien que le go\u00fbt du durian soit assez lourd et fort, il contient plus de nutriments que la plupart des autres fruits.<\/p>\n<p>Le fruit peut mesurer jusqu&#8217;\u00e0 30 cm de long et environ 15 cm de large, pour un poids de 1 \u00e0 3 kg. La chair du durian est de couleur jaune clair. Le durian est largement utilis\u00e9 dans de nombreuses r\u00e9gions tropicales du monde, en particulier en Asie du Sud-Est, notamment au Vi\u00eat Nam, en Tha\u00eflande, en Malaisie et en Indon\u00e9sie. Le durian est un fruit tr\u00e8s nutritif, riche en vitamines et en fibres, ainsi qu&#8217;en compos\u00e9s v\u00e9g\u00e9taux sains. En 243 grammes de durian, vous obtiendrez.. :<\/p>\n<p>Calories : 357 Lipides : 13 grammes Vitamine C : 80% Mangan\u00e8se : 39% Niacine : 13%<br \/>\nFibres : 9 grammes Prot\u00e9ines : 4 grammes Thiamine : 61% Riboflavine : 29% Cuivre : 25%<br \/>\nCarb : 66 grammes Vitamine B6 : 38% Potassium : 30% Folate : 22% Magn\u00e9sium : 18%<\/p>\n<h3><strong>Durian de Ant Farm &#8211; Meilleur fruit surgel\u00e9<\/strong><\/h3>\n<p>Ant Farm ne s\u00e9lectionne que des durians de la plus haute qualit\u00e9 et les soumet \u00e0 des contr\u00f4les d&#8217;hygi\u00e8ne et de qualit\u00e9 stricts. Aucun conservateur, sucre ou ar\u00f4me artificiel n&#8217;est ajout\u00e9.<\/p>\n<ul>\n<li>Le durian <strong>Ri6<\/strong> est la meilleure vari\u00e9t\u00e9 de durian dans le sud du Vietnam. \u00c0 l&#8217;int\u00e9rieur du durian Ri6 se trouvent des pulpes s\u00e8ches, \u00e9paisses, sucr\u00e9es et mod\u00e9r\u00e9ment grasses. La chair ne colle pas aux mains et d\u00e9gage un agr\u00e9able parfum de lait sucr\u00e9 ; la proportion de petites graines peut atteindre 40 %.<\/li>\n<li>Le durian <strong>Monthong<\/strong> est la vari\u00e9t\u00e9 la plus r\u00e9pandue et l&#8217;un des produits d&#8217;exportation les plus c\u00e9l\u00e8bres. Les durians Monthong sont riches et cr\u00e9meux, avec une saveur tr\u00e8s douce et peu piquante.<\/li>\n<li><strong>\u00c9quipement de cong\u00e9lation de durian \u00e0 l&#8217;azote liquide :<\/strong> Le temps de cong\u00e9lation du durian entier est extr\u00eamement rapide par rapport aux cong\u00e9lateurs conventionnels, ce qui permet d&#8217;\u00e9viter la d\u00e9t\u00e9rioration apr\u00e8s la r\u00e9colte et d&#8217;am\u00e9liorer la qualit\u00e9 des aliments.<\/li>\n<li>\n<h3><strong>Les bienfaits du durian<\/strong><\/h3>\n<p><strong>Pr\u00e9venir les maladies cardiaques : les<\/strong> compos\u00e9s v\u00e9g\u00e9taux pr\u00e9sents dans le durian r\u00e9duisent le taux de cholest\u00e9rol et pr\u00e9viennent le durcissement des art\u00e8res.<\/p>\n<p><strong>R\u00e9duction du risque de cancer :<\/strong> Le durian contient de nombreux antioxydants. Ces substances ont la capacit\u00e9 de neutraliser les radicaux libres, principaux responsables de la formation et du d\u00e9veloppement des cellules canc\u00e9reuses dans l&#8217;organisme. Plus pr\u00e9cis\u00e9ment, l&#8217;extrait de fruit de durian peut emp\u00eacher le cancer du sein de se propager.<\/li>\n<li><strong>Contr\u00f4ler la glyc\u00e9mie :<\/strong> L&#8217;indice glyc\u00e9mique (IG) du durian est inf\u00e9rieur \u00e0 celui d&#8217;autres fruits tropicaux. Par cons\u00e9quent, la consommation de durian peut contribuer \u00e0 r\u00e9duire le taux de sucre dans le sang, ce qui pr\u00e9vient le risque de diab\u00e8te ou de maladie cardiaque.<\/li>\n<li>Les coquilles de durian sont assez dures et comportent de nombreuses pointes. Utilisez donc des gants lorsque vous les \u00e9pluchez afin de prot\u00e9ger votre peau. \u00c0 l&#8217;aide d&#8217;un couteau, d\u00e9tachez d\u00e9licatement l&#8217;enveloppe ext\u00e9rieure, puis retirez la chair int\u00e9rieure du durian. Le durian peut \u00eatre consomm\u00e9 directement ou transform\u00e9 avec d&#8217;autres ingr\u00e9dients tels que le riz gluant.<\/li>\n<\/ul>\n","protected":false},"excerpt":{"rendered":"<p>D\u00e9couvrez la v\u00e9ritable essence du plaisir avec notre durian entier surgel\u00e9. Provenant des meilleurs vergers, chaque durian est soigneusement s\u00e9lectionn\u00e9 et congel\u00e9 de mani\u00e8re experte afin de pr\u00e9server sa texture riche et cr\u00e9meuse et sa saveur distinctive. Parfait pour les amateurs de durian et les passionn\u00e9s de cuisine, notre durian entier surgel\u00e9 permet de d\u00e9guster ce d\u00e9lice exotique en toute tranquillit\u00e9. Qu&#8217;il soit d\u00e9gust\u00e9 seul ou utilis\u00e9 dans des recettes cr\u00e9atives, notre durian promet une exp\u00e9rience gustative in\u00e9gal\u00e9e. Plongez dans un monde de d\u00e9lices tropicaux &#8211; commandez d\u00e8s aujourd&#8217;hui votre durian entier surgel\u00e9 et savourez le go\u00fbt exceptionnel de ce fruit hors du commun.<\/p>\n","protected":false},"featured_media":5086,"comment_status":"open","ping_status":"closed","template":"","meta":{"content-type":""},"product_brand":[],"product_cat":[419],"product_tag":[432,430,431],"class_list":{"0":"post-5033","1":"product","2":"type-product","3":"status-publish","4":"has-post-thumbnail","6":"product_cat-frozen-fr","7":"product_tag-amateurs-de-durians","8":"product_tag-durian-congele","9":"product_tag-fruits-exotiques","11":"first","12":"instock","13":"shipping-taxable","14":"purchasable","15":"product-type-variable","16":"has-default-attributes"},"yoast_head":"<!-- This site is optimized with the Yoast SEO plugin v26.9 - https:\/\/yoast.com\/product\/yoast-seo-wordpress\/ -->\n<title>D\u00e9licieux durian entier surgel\u00e9 : Un go\u00fbt de perfection exotique - Nghiep Xuan - Importation et Exportation Agricole<\/title>\n<meta name=\"robots\" content=\"index, follow, max-snippet:-1, max-image-preview:large, max-video-preview:-1\" \/>\n<link rel=\"canonical\" href=\"https:\/\/nghiepxuan.com\/fr\/product\/delicieux-durian-entier-surgele-un-gout-de-perfection-exotique\/\" \/>\n<meta property=\"og:locale\" content=\"fr_FR\" \/>\n<meta property=\"og:type\" content=\"article\" \/>\n<meta property=\"og:title\" content=\"D\u00e9licieux durian entier surgel\u00e9 : Un go\u00fbt de perfection exotique - Nghiep Xuan - Importation et Exportation Agricole\" \/>\n<meta property=\"og:description\" content=\"D\u00e9couvrez la v\u00e9ritable essence du plaisir avec notre durian entier surgel\u00e9. Provenant des meilleurs vergers, chaque durian est soigneusement s\u00e9lectionn\u00e9 et congel\u00e9 de mani\u00e8re experte afin de pr\u00e9server sa texture riche et cr\u00e9meuse et sa saveur distinctive. Parfait pour les amateurs de durian et les passionn\u00e9s de cuisine, notre durian entier surgel\u00e9 permet de d\u00e9guster ce d\u00e9lice exotique en toute tranquillit\u00e9. Qu&#039;il soit d\u00e9gust\u00e9 seul ou utilis\u00e9 dans des recettes cr\u00e9atives, notre durian promet une exp\u00e9rience gustative in\u00e9gal\u00e9e. Plongez dans un monde de d\u00e9lices tropicaux - commandez d\u00e8s aujourd&#039;hui votre durian entier surgel\u00e9 et savourez le go\u00fbt exceptionnel de ce fruit hors du commun.\" \/>\n<meta property=\"og:url\" content=\"https:\/\/nghiepxuan.com\/fr\/product\/delicieux-durian-entier-surgele-un-gout-de-perfection-exotique\/\" \/>\n<meta property=\"og:site_name\" content=\"Nghiep Xuan - Importation et Exportation Agricole\" \/>\n<meta property=\"article:publisher\" content=\"https:\/\/www.facebook.com\/nongsannghiepxuan\/\" \/>\n<meta property=\"og:image\" content=\"https:\/\/nghiepxuan.com\/wp-content\/uploads\/2023\/10\/sau-rieng-trai-cap-dong.gif\" \/>\n\t<meta property=\"og:image:width\" content=\"800\" \/>\n\t<meta property=\"og:image:height\" content=\"800\" \/>\n\t<meta property=\"og:image:type\" content=\"image\/gif\" \/>\n<meta name=\"twitter:card\" content=\"summary_large_image\" \/>\n<meta name=\"twitter:site\" content=\"@PhuTonBui\" \/>\n<meta name=\"twitter:label1\" content=\"Dur\u00e9e de lecture estim\u00e9e\" \/>\n\t<meta name=\"twitter:data1\" content=\"3 minutes\" \/>\n<script type=\"application\/ld+json\" class=\"yoast-schema-graph\">{\"@context\":\"https:\/\/schema.org\",\"@graph\":[{\"@type\":\"WebPage\",\"@id\":\"https:\/\/nghiepxuan.com\/fr\/product\/delicieux-durian-entier-surgele-un-gout-de-perfection-exotique\/\",\"url\":\"https:\/\/nghiepxuan.com\/fr\/product\/delicieux-durian-entier-surgele-un-gout-de-perfection-exotique\/\",\"name\":\"D\u00e9licieux durian entier surgel\u00e9 : Un go\u00fbt de perfection exotique - Nghiep Xuan - Importation et Exportation Agricole\",\"isPartOf\":{\"@id\":\"https:\/\/nghiepxuan.com\/fr\/#website\"},\"primaryImageOfPage\":{\"@id\":\"https:\/\/nghiepxuan.com\/fr\/product\/delicieux-durian-entier-surgele-un-gout-de-perfection-exotique\/#primaryimage\"},\"image\":{\"@id\":\"https:\/\/nghiepxuan.com\/fr\/product\/delicieux-durian-entier-surgele-un-gout-de-perfection-exotique\/#primaryimage\"},\"thumbnailUrl\":\"https:\/\/nghiepxuan.com\/wp-content\/uploads\/2023\/10\/sau-rieng-trai-cap-dong.gif\",\"datePublished\":\"2025-04-12T02:59:21+00:00\",\"breadcrumb\":{\"@id\":\"https:\/\/nghiepxuan.com\/fr\/product\/delicieux-durian-entier-surgele-un-gout-de-perfection-exotique\/#breadcrumb\"},\"inLanguage\":\"fr-FR\",\"potentialAction\":[{\"@type\":\"ReadAction\",\"target\":[\"https:\/\/nghiepxuan.com\/fr\/product\/delicieux-durian-entier-surgele-un-gout-de-perfection-exotique\/\"]}]},{\"@type\":\"ImageObject\",\"inLanguage\":\"fr-FR\",\"@id\":\"https:\/\/nghiepxuan.com\/fr\/product\/delicieux-durian-entier-surgele-un-gout-de-perfection-exotique\/#primaryimage\",\"url\":\"https:\/\/nghiepxuan.com\/wp-content\/uploads\/2023\/10\/sau-rieng-trai-cap-dong.gif\",\"contentUrl\":\"https:\/\/nghiepxuan.com\/wp-content\/uploads\/2023\/10\/sau-rieng-trai-cap-dong.gif\",\"width\":800,\"height\":800},{\"@type\":\"BreadcrumbList\",\"@id\":\"https:\/\/nghiepxuan.com\/fr\/product\/delicieux-durian-entier-surgele-un-gout-de-perfection-exotique\/#breadcrumb\",\"itemListElement\":[{\"@type\":\"ListItem\",\"position\":1,\"name\":\"Home\",\"item\":\"https:\/\/nghiepxuan.com\/fr\/\"},{\"@type\":\"ListItem\",\"position\":2,\"name\":\"Boutique\",\"item\":\"https:\/\/nghiepxuan.com\/fr\/shop\/\"},{\"@type\":\"ListItem\",\"position\":3,\"name\":\"D\u00e9licieux durian entier surgel\u00e9 : Un go\u00fbt de perfection exotique\"}]},{\"@type\":\"WebSite\",\"@id\":\"https:\/\/nghiepxuan.com\/fr\/#website\",\"url\":\"https:\/\/nghiepxuan.com\/fr\/\",\"name\":\"Nghiep Xuan - Agricultural Import and Export\",\"description\":\"Nourrir la nature, r\u00e9colter la sant\u00e9\u00a0: votre destination de mode de vie biologique\",\"publisher\":{\"@id\":\"https:\/\/nghiepxuan.com\/fr\/#organization\"},\"potentialAction\":[{\"@type\":\"SearchAction\",\"target\":{\"@type\":\"EntryPoint\",\"urlTemplate\":\"https:\/\/nghiepxuan.com\/fr\/?s={search_term_string}\"},\"query-input\":{\"@type\":\"PropertyValueSpecification\",\"valueRequired\":true,\"valueName\":\"search_term_string\"}}],\"inLanguage\":\"fr-FR\"},{\"@type\":\"Organization\",\"@id\":\"https:\/\/nghiepxuan.com\/fr\/#organization\",\"name\":\"Nghiep Xuan - Agricultural Import and Export\",\"url\":\"https:\/\/nghiepxuan.com\/fr\/\",\"logo\":{\"@type\":\"ImageObject\",\"inLanguage\":\"fr-FR\",\"@id\":\"https:\/\/nghiepxuan.com\/fr\/#\/schema\/logo\/image\/\",\"url\":\"https:\/\/nghiepxuan.com\/wp-content\/uploads\/2025\/04\/Nghiep-Xuan-Logo-4.png\",\"contentUrl\":\"https:\/\/nghiepxuan.com\/wp-content\/uploads\/2025\/04\/Nghiep-Xuan-Logo-4.png\",\"width\":4167,\"height\":1015,\"caption\":\"Nghiep Xuan - Agricultural Import and Export\"},\"image\":{\"@id\":\"https:\/\/nghiepxuan.com\/fr\/#\/schema\/logo\/image\/\"},\"sameAs\":[\"https:\/\/www.facebook.com\/nongsannghiepxuan\/\",\"https:\/\/x.com\/PhuTonBui\",\"https:\/\/www.instagram.com\/xuatnhapkhaunghiepxuan\/\",\"https:\/\/www.youtube.com\/@nongsannghiepxuan2066\",\"https:\/\/www.tiktok.com\/@nghiepxuan\"]}]}<\/script>\n<!-- \/ Yoast SEO plugin. -->","yoast_head_json":{"title":"D\u00e9licieux durian entier surgel\u00e9 : Un go\u00fbt de perfection exotique - Nghiep Xuan - Importation et Exportation Agricole","robots":{"index":"index","follow":"follow","max-snippet":"max-snippet:-1","max-image-preview":"max-image-preview:large","max-video-preview":"max-video-preview:-1"},"canonical":"https:\/\/nghiepxuan.com\/fr\/product\/delicieux-durian-entier-surgele-un-gout-de-perfection-exotique\/","og_locale":"fr_FR","og_type":"article","og_title":"D\u00e9licieux durian entier surgel\u00e9 : Un go\u00fbt de perfection exotique - Nghiep Xuan - Importation et Exportation Agricole","og_description":"D\u00e9couvrez la v\u00e9ritable essence du plaisir avec notre durian entier surgel\u00e9. Provenant des meilleurs vergers, chaque durian est soigneusement s\u00e9lectionn\u00e9 et congel\u00e9 de mani\u00e8re experte afin de pr\u00e9server sa texture riche et cr\u00e9meuse et sa saveur distinctive. Parfait pour les amateurs de durian et les passionn\u00e9s de cuisine, notre durian entier surgel\u00e9 permet de d\u00e9guster ce d\u00e9lice exotique en toute tranquillit\u00e9. Qu'il soit d\u00e9gust\u00e9 seul ou utilis\u00e9 dans des recettes cr\u00e9atives, notre durian promet une exp\u00e9rience gustative in\u00e9gal\u00e9e. Plongez dans un monde de d\u00e9lices tropicaux - commandez d\u00e8s aujourd'hui votre durian entier surgel\u00e9 et savourez le go\u00fbt exceptionnel de ce fruit hors du commun.","og_url":"https:\/\/nghiepxuan.com\/fr\/product\/delicieux-durian-entier-surgele-un-gout-de-perfection-exotique\/","og_site_name":"Nghiep Xuan - Importation et Exportation Agricole","article_publisher":"https:\/\/www.facebook.com\/nongsannghiepxuan\/","og_image":[{"width":800,"height":800,"url":"https:\/\/nghiepxuan.com\/wp-content\/uploads\/2023\/10\/sau-rieng-trai-cap-dong.gif","type":"image\/gif"}],"twitter_card":"summary_large_image","twitter_site":"@PhuTonBui","twitter_misc":{"Dur\u00e9e de lecture estim\u00e9e":"3 minutes"},"schema":{"@context":"https:\/\/schema.org","@graph":[{"@type":"WebPage","@id":"https:\/\/nghiepxuan.com\/fr\/product\/delicieux-durian-entier-surgele-un-gout-de-perfection-exotique\/","url":"https:\/\/nghiepxuan.com\/fr\/product\/delicieux-durian-entier-surgele-un-gout-de-perfection-exotique\/","name":"D\u00e9licieux durian entier surgel\u00e9 : Un go\u00fbt de perfection exotique - Nghiep Xuan - Importation et Exportation Agricole","isPartOf":{"@id":"https:\/\/nghiepxuan.com\/fr\/#website"},"primaryImageOfPage":{"@id":"https:\/\/nghiepxuan.com\/fr\/product\/delicieux-durian-entier-surgele-un-gout-de-perfection-exotique\/#primaryimage"},"image":{"@id":"https:\/\/nghiepxuan.com\/fr\/product\/delicieux-durian-entier-surgele-un-gout-de-perfection-exotique\/#primaryimage"},"thumbnailUrl":"https:\/\/nghiepxuan.com\/wp-content\/uploads\/2023\/10\/sau-rieng-trai-cap-dong.gif","datePublished":"2025-04-12T02:59:21+00:00","breadcrumb":{"@id":"https:\/\/nghiepxuan.com\/fr\/product\/delicieux-durian-entier-surgele-un-gout-de-perfection-exotique\/#breadcrumb"},"inLanguage":"fr-FR","potentialAction":[{"@type":"ReadAction","target":["https:\/\/nghiepxuan.com\/fr\/product\/delicieux-durian-entier-surgele-un-gout-de-perfection-exotique\/"]}]},{"@type":"ImageObject","inLanguage":"fr-FR","@id":"https:\/\/nghiepxuan.com\/fr\/product\/delicieux-durian-entier-surgele-un-gout-de-perfection-exotique\/#primaryimage","url":"https:\/\/nghiepxuan.com\/wp-content\/uploads\/2023\/10\/sau-rieng-trai-cap-dong.gif","contentUrl":"https:\/\/nghiepxuan.com\/wp-content\/uploads\/2023\/10\/sau-rieng-trai-cap-dong.gif","width":800,"height":800},{"@type":"BreadcrumbList","@id":"https:\/\/nghiepxuan.com\/fr\/product\/delicieux-durian-entier-surgele-un-gout-de-perfection-exotique\/#breadcrumb","itemListElement":[{"@type":"ListItem","position":1,"name":"Home","item":"https:\/\/nghiepxuan.com\/fr\/"},{"@type":"ListItem","position":2,"name":"Boutique","item":"https:\/\/nghiepxuan.com\/fr\/shop\/"},{"@type":"ListItem","position":3,"name":"D\u00e9licieux durian entier surgel\u00e9 : Un go\u00fbt de perfection exotique"}]},{"@type":"WebSite","@id":"https:\/\/nghiepxuan.com\/fr\/#website","url":"https:\/\/nghiepxuan.com\/fr\/","name":"Nghiep Xuan - Agricultural Import and Export","description":"Nourrir la nature, r\u00e9colter la sant\u00e9\u00a0: votre destination de mode de vie biologique","publisher":{"@id":"https:\/\/nghiepxuan.com\/fr\/#organization"},"potentialAction":[{"@type":"SearchAction","target":{"@type":"EntryPoint","urlTemplate":"https:\/\/nghiepxuan.com\/fr\/?s={search_term_string}"},"query-input":{"@type":"PropertyValueSpecification","valueRequired":true,"valueName":"search_term_string"}}],"inLanguage":"fr-FR"},{"@type":"Organization","@id":"https:\/\/nghiepxuan.com\/fr\/#organization","name":"Nghiep Xuan - Agricultural Import and Export","url":"https:\/\/nghiepxuan.com\/fr\/","logo":{"@type":"ImageObject","inLanguage":"fr-FR","@id":"https:\/\/nghiepxuan.com\/fr\/#\/schema\/logo\/image\/","url":"https:\/\/nghiepxuan.com\/wp-content\/uploads\/2025\/04\/Nghiep-Xuan-Logo-4.png","contentUrl":"https:\/\/nghiepxuan.com\/wp-content\/uploads\/2025\/04\/Nghiep-Xuan-Logo-4.png","width":4167,"height":1015,"caption":"Nghiep Xuan - Agricultural Import and Export"},"image":{"@id":"https:\/\/nghiepxuan.com\/fr\/#\/schema\/logo\/image\/"},"sameAs":["https:\/\/www.facebook.com\/nongsannghiepxuan\/","https:\/\/x.com\/PhuTonBui","https:\/\/www.instagram.com\/xuatnhapkhaunghiepxuan\/","https:\/\/www.youtube.com\/@nongsannghiepxuan2066","https:\/\/www.tiktok.com\/@nghiepxuan"]}]}},"_links":{"self":[{"href":"https:\/\/nghiepxuan.com\/fr\/wp-json\/wp\/v2\/product\/5033","targetHints":{"allow":["GET"]}}],"collection":[{"href":"https:\/\/nghiepxuan.com\/fr\/wp-json\/wp\/v2\/product"}],"about":[{"href":"https:\/\/nghiepxuan.com\/fr\/wp-json\/wp\/v2\/types\/product"}],"replies":[{"embeddable":true,"href":"https:\/\/nghiepxuan.com\/fr\/wp-json\/wp\/v2\/comments?post=5033"}],"version-history":[{"count":1,"href":"https:\/\/nghiepxuan.com\/fr\/wp-json\/wp\/v2\/product\/5033\/revisions"}],"predecessor-version":[{"id":6991,"href":"https:\/\/nghiepxuan.com\/fr\/wp-json\/wp\/v2\/product\/5033\/revisions\/6991"}],"wp:featuredmedia":[{"embeddable":true,"href":"https:\/\/nghiepxuan.com\/fr\/wp-json\/wp\/v2\/media\/5086"}],"wp:attachment":[{"href":"https:\/\/nghiepxuan.com\/fr\/wp-json\/wp\/v2\/media?parent=5033"}],"wp:term":[{"taxonomy":"product_brand","embeddable":true,"href":"https:\/\/nghiepxuan.com\/fr\/wp-json\/wp\/v2\/product_brand?post=5033"},{"taxonomy":"product_cat","embeddable":true,"href":"https:\/\/nghiepxuan.com\/fr\/wp-json\/wp\/v2\/product_cat?post=5033"},{"taxonomy":"product_tag","embeddable":true,"href":"https:\/\/nghiepxuan.com\/fr\/wp-json\/wp\/v2\/product_tag?post=5033"}],"curies":[{"name":"wp","href":"https:\/\/api.w.org\/{rel}","templated":true}]}}